{"id":72999,"date":"2018-07-07T02:43:46","date_gmt":"2018-07-07T00:43:46","guid":{"rendered":"https:\/\/zenkit.com\/press-kit\/zenkit-launches-major-list-and-collaboration-updates-to-take-on-industry-leaders\/"},"modified":"2025-12-14T23:49:54","modified_gmt":"2025-12-14T22:49:54","slug":"zenkit-launches-major-list-and-collaboration-updates-to-take-on-industry-leaders","status":"publish","type":"page","link":"https:\/\/zenkit.com\/ko\/press-kit\/zenkit-launches-major-list-and-collaboration-updates-to-take-on-industry-leaders\/","title":{"rendered":"Zenkit launches major list and collaboration updates to take on industry leaders"},"content":{"rendered":"\n<div class=\"wp-block-group page__header has-global-padding is-layout-constrained wp-block-group-is-layout-constrained\">\n<div class=\"wp-block-group width--950 has-global-padding is-layout-constrained wp-block-group-is-layout-constrained\">\n<div style=\"height:45px;--tablet-height:45px;--mobile-height:16px\" class=\"wp-block-lookeen-blocks-responsive-spacer\"><\/div>\n\n\n\n<div class=\"wp-block-group has-global-padding is-layout-constrained wp-block-group-is-layout-constrained\">\n<h1 class=\"wp-block-heading has-text-align-center\" style=\"margin-bottom:8px\">\uae30\uc5c5\uc758 \ub9ac\ub354\ub4e4\uacfc \uc911\ub300\ud55c \ub9ac\uc2a4\ud2b8\uc640 \ud611\uc5c5 \uc5c5\ub370\uc774\ud2b8\ub97c \uc81c\uacf5\ud569\ub2c8\ub2e4.<\/h1>\n<\/div>\n\n\n\n<div class=\"wp-block-group has-global-padding is-layout-constrained wp-block-group-is-layout-constrained\">\n<p class=\"has-text-align-center subheading\">Wunderlist\uc640 \uac19\uc740 \uae30\ub2a5\uc744 \uc81c\uacf5\ud569\ub2c8\ub2e4.<\/p>\n<\/div>\n\n\n\n<div style=\"height:48px;--tablet-height:36px;--mobile-height:24px\" class=\"wp-block-lookeen-blocks-responsive-spacer\"><\/div>\n<\/div>\n<\/div>\n\n\n\n<div class=\"wp-block-group has-global-padding is-layout-constrained wp-block-group-is-layout-constrained\">\n<div class=\"wp-block-columns is-layout-flex wp-container-core-columns-is-layout-28f84493 wp-block-columns-is-layout-flex\">\n<div class=\"wp-block-column is-layout-flow wp-block-column-is-layout-flow\">\n<p><strong>2017\ub144 10\uc6d4 12\uc77c \ubaa9\uc694\uc77c \u2013 \uce74\ub97c\uc2a4\ub8e8\uc5d0, \ub3c5\uc77c:<\/strong><br>\ub3c5\uc77c \uc18c\ud504\ud2b8\uc6e8\uc5b4 \uc0dd\uc0b0\uc5c5\uccb4 Axonic\uc774 \ud601\uc2e0\uc801\uc778 \uc628\ub77c\uc778 \ud504\ub85c\uc81d\ud2b8 \uad00\ub9ac \uc194\ub8e8\uc158 \uad6c\ucd95 \ubc29\uc2dd\uc744 \ub3c4\uc785\ud588\uc2b5\ub2c8\ub2e4. \ucd5c\uc2e0 \ub3c4\uad6c Zenkit\uc744 \ud1b5\ud574 \uc720\uc5f0\ud55c \ud504\ub85c\uc81d\ud2b8 \uad00\ub9ac \ud50c\ub7ab\ud3fc\uc744 \ucd5c\ucd08\ub85c \ub9cc\ub4dc\ub294 \uc804\ubc18\uc801\uc778 \ubaa9\ud45c\ub97c \ud5a5\ud574 \uc131\uacf5\uc801\uc73c\ub85c \uc120\ubcf4\uc600\uc2b5\ub2c8\ub2e4.<\/p>\n\n\n\n<p>Zenkit \uc81c\ud488\uad70\uc758 \uc0c8\ub85c\uc6b4 \uae30\ub2a5\uc740 \uac00\uc7a5 \uc720\uba85\ud55c \ud504\ub85c\uc81d\ud2b8 \uad00\ub9ac \uc194\ub8e8\uc158\uc785\ub2c8\ub2e4. Trello\uc640 Wunderlist\ub294 \uc628\ub77c\uc778 \ud504\ub85c\uc81d\ud2b8 \uad00\ub9ac\ub97c \uc704\ud574 \uce78\ubc18 \uc2a4\ud0c0\uc77c\uc758 \uc6cc\ud06c\ud50c\ub85c\uc6b0\ub97c \ub300\uc911\ud654\ud588\uc2b5\ub2c8\ub2e4. Zenkit\uc740 \uc774\ubbf8 Kanban\uc744 \uc751\uc6a9 \ud504\ub85c\uadf8\ub7a8\uc5d0 \ud1b5\ud569\ud588\uc2b5\ub2c8\ub2e4. \uc990\uaca8\ucc3e\uae30 \ubc0f Strikethrough \ud0c0\uc2a4\ud06c\uc640 \uac19\uc740 \uae30\ub2a5\uc740 \ub3c5\uc77c\uc5d0\uc11c \ub9cc\ub4e4\uc5b4\uc9c4 \ubaa9\ub85d \ub9cc\ub4e4\uae30 \uc571\uc778 Wunderlist\uc5d0 \uc758\ud574 \ub300\uc911\ud654\ub418\uc5c8\uc2b5\ub2c8\ub2e4. Wunderlist\ub294 2012\ub144\uc5d0 \ub9c8\uc774\ud06c\ub85c\uc18c\ud504\ud2b8\uc5d0 \uc778\uc218\ub418\uc5c8\uc2b5\ub2c8\ub2e4. techcrunch.com\uc5d0 \ub530\ub974\uba74, \ub9c8\uc774\ud06c\ub85c\uc18c\ud504\ud2b8\ub294 Wunderlist\uac00 \u201cToDo\u201d\ub77c\uace0 \ubd88\ub9ac\ub294 \ub300\uc548\uc801\uc778 \uac83\uc73c\ub85c \ub300\uccb4\ud558\uae30 \uc704\ud574 \uace7 \uc740\ud1f4\ud560 \uac83\uc774\ub77c\uace0 \ub9d0\ud588\ub2e4. \uc774 \ubc1c\ud45c\ub97c \ud1b5\ud574 Zenkit\uc740 \ub2e8\uc77c \ub3c4\uad6c\uc5d0\uc11c \uce78\ubc18\uacfc \ubaa9\ub85d\uc758 \uae30\ub2a5 \uc138\ud2b8\ub97c \ubaa8\ub450 \uc120\ubcf4\uc77c \uac83\uc785\ub2c8\ub2e4. Zenkit\uc740 \ucee4\uc2a4\ud130\ub9c8\uc774\uc9d5\uc744 \ub354\uc6b1 \ud655\uc7a5\ud560 \uc218 \uc788\uc73c\uba70, \ub3d9\uc2dc\uc5d0 Kanban Board\uc640 Task List \ub9e4\ub2c8\uc544\ub4e4\uc5d0\uac8c \ucd94\uac00 \uae30\ub2a5\uc744 \uc0ac\uc6a9\ud560 \uc218 \uc788\ub294 \uc644\uc804\ud55c \uc0ac\uc6a9\uc790 \uc9c0\uc815 \uac00\ub2a5\ud55c \uc194\ub8e8\uc158\uc744 \uc81c\uacf5\ud569\ub2c8\ub2e4.<\/p>\n\n\n\n<p>\uc774 \uc5c5\ub370\uc774\ud2b8\uc5d0\ub294 \u201cMy Favorites\u201d(\ub0b4 \uc990\uaca8\ucc3e\uae30)\uac00 \ud3ec\ud568\ub418\uc5b4 \uc788\ub294\ub370, \uc774\ub294 \uc0ac\uc6a9\uc790\uac00 \ud55c \uacf3\uc5d0\uc11c \ubcfc \uc218 \uc788\ub3c4\ub85d \ud504\ub85c\ud544 \uc804\uccb4\uc5d0 \ud56d\ubaa9\uc744 \ud45c\uc2dc\ud560 \uc218 \uc788\ub294 \uad8c\ud55c\uc744 \ubd80\uc5ec\ub429\ub2c8\ub2e4. \u201c\ub0b4 \ud300\u201d\uc740 \uc0ac\uc6a9\uc790\uc758 \ud504\ub85c\ud30c\uc77c\uc5d0 \ud560\ub2f9\ub41c \ubaa8\ub4e0 \ud56d\ubaa9\uc744 \ubcfc \uc218 \uc788\ub294 \uc0c8\ub85c\uc6b4 \uc7a5\uc18c \ubc0f \ud300 \uad6c\uc131\uc6d0\uc5d0\uac8c \ud56d\ubaa9\uc744 \ubcf4\uace0 \ud560\ub2f9\ud560 \uc218 \uc788\ub294 \ubc29\ubc95\uc744 \uc0ac\uc6a9\uc790\uc5d0\uac8c \uc81c\uacf5\ud569\ub2c8\ub2e4. \uc0ac\uc6a9\uc790\uac00 \uc9c1\uc811 \uc124\uba85\ud558\ub294 \u201c\ud0dc\uc2a4\ud06c \uad00\ub9ac\u201d \ucd94\uac00 \uae30\ub2a5\uc744 \ud1b5\ud574 \uc791\uc5c5\uad00\ub9ac \ubaa9\ub85d\uc744 \uc27d\uac8c \uc791\uc131, \ud3b8\uc9d1 \ubc0f \uacf5\uc720\ud560 \uc218 \uc788\uc2b5\ub2c8\ub2e4. \ub610\ud55c, \uc0ac\uc6a9\uc790\ub294 \uc774\uc81c \uc790\uc2e0\uc758 Wunderlist \uacc4\uc815\uc5d0\uc11c \uc9c1\uc811 \ubaa9\ub85d\uc744 \uac00\uc838\uc62c \uc218 \uc788\uc2b5\ub2c8\ub2e4.<\/p>\n<\/div>\n\n\n\n<div class=\"wp-block-column is-layout-flow wp-block-column-is-layout-flow\">\n<p>Axonic Founder\uc774\uc790 CEO\uc778 Martin Welker\ub294 \ubaa9\ub85d \uc2a4\ud0c0\uc77c \uc571\uacfc \uc804\ud1b5\uc801\uc778 \uce78\ubc18 \uc571 \uc0ac\uc6a9\uc790\uc5d0\uac8c \ud6a8\uacfc\uc801\uc774\ub77c\uba70 \uae0d\uc815\uc801\uc778 \ud0dc\ub3c4\ub97c \ubcf4\uc600\uc2b5\ub2c8\ub2e4. \u201c\uae30\uc5c5\uc5d0\ub294 \uc120\ud0dd\ud560 \uc218 \uc788\ub294 \ub9e4\uc6b0 \ub2e4\uc591\ud55c \ub3c4\uad6c\uac00 \uc788\uc73c\uba70 \uc2dc\uc911\uc5d0\uc11c \uad6c\uc785\ud560 \uc218 \uc788\ub294 \ubaa8\ub4e0 \ud234\uc740 \ub9e4\uc6b0 \ub2e4\ub974\uace0 \uad6c\uccb4\uc801\uc778 \uae30\ub2a5\uc744 \uac00\uc9c0\uace0 \uc788\uc2b5\ub2c8\ub2e4. \ud2b9\ud788 \ud504\ub85c\uc81d\ud2b8 \uad00\ub9ac \ubd80\ubb38\uc5d0\uc11c\ub294 \uc0ac\ub78c\ub4e4\uc774 \ud604\uc7ac \uc0c1\ud669\uacfc \uc6cc\ud06c\ud50c\ub85c\uc6b0\uc5d0 \uac00\uc7a5 \uc801\ud569\ud55c \uae30\ub2a5\uc744 \uacb0\uc815 \uad8c\ud55c\uc744 \uac00\uc838\uc57c \ud55c\ub2e4\uace0 \uc0dd\uac01\ud569\ub2c8\ub2e4. \uc0ac\uc6a9\uc790\ub294 \uc18c\ud504\ud2b8\uc6e8\uc5b4 \ub3c4\uad6c \uc0ac\uc774\ub97c \ub04a\uc784\uc5c6\uc774 \uc804\ud658\ud560 \ud544\uc694 \uc5c6\uc774 \ud544\uc694\ud560 \ub54c \uc774\ub7ec\ud55c \uae30\ub2a5 \uc0ac\uc774\ub97c \uc804\ud658\ud560 \uc218 \uc788\uc5b4\uc57c \ud558\uace0\uc694. Zenkit\uc744 \ud1b5\ud574 \uc0ac\uc6a9\uc790\uc5d0\uac8c \uc774\ub7ec\ud55c \uc720\uc5f0\uc131\uc744 \uc81c\uacf5\ud558\uc5ec \ucc3d\uc758\uc131\uacfc \uc0ac\uc6a9\uc790 \uc9c0\uc815\uc744 \uc7a5\ub824\ud558\ub294 \uac83\uc744 \ubaa9\ud45c\ub85c \ud558\uace0 \uc788\uc2b5\ub2c8\ub2e4.\u201d<\/p>\n\n\n\n<p>\u201cMicrosoft\uac00 Wunderlist\uc640 \ud568\uaed8 \ud558\uc9c0 \uc54a\ub294\ub2e4\uace0 \ud588\uc744 \ub54c, Zenkit\uc5d0 \uc774\ub7ec\ud55c \uae30\ub2a5\uc744 \ucd94\uac00\ud558\uae30\ub85c \uacb0\uc815\ud588\uc2b5\ub2c8\ub2e4. \uacb0\uacfc\uac00 \ub9e4\uc6b0 \uae30\ub300 \ub429\ub2c8\ub2e4. \ucc98\uc74c\uc73c\ub85c \uc0ac\uc6a9\uc790\uac00 \uc815\ubcf4\ub97c \uc783\uc9c0 \uc54a\uace0 \ubaa9\ub85d\uacfc \uce78\ubc18 \uac8c\uc2dc\ud310\uc744 \uc804\ud658\ud560 \uc218 \uc788\uae30 \ub54c\ubb38\uc774\uc8e0.\u201d<\/p>\n\n\n\n<p>Zenkit\uc740 \ucd5c\uadfc iOS \uc571\uc744 \ucd9c\uc2dc\ud588\uc73c\uba70 \uc62c\ud574 \ub9d0 \uc548\ub4dc\ub85c\uc774\ub4dc \uc571\uc744 \ucd9c\uc2dc\ud560 \uacc4\ud68d\uc774\uc785\ub2c8\ub2e4. \uc7a5\uae30\uc801\uc73c\ub85c, Axonic\uc740 \uae30\uc5c5\uc774 \ud68c\uc0ac\ub97c \uc6b4\uc601\ud560 \uc218 \uc788\ub294 \ub9de\ucda4\ud615 \ub3c4\uad6c\ub97c \ub9cc\ub4e4 \uc218 \uc788\ub3c4\ub85d Zenkit\uc5d0\uc11c \uc0ac\uc6a9\ud560 \uc218 \uc788\ub294 \ub2e4\uc591\ud55c \uc5d4\ud130\ud504\ub77c\uc774\uc988 \uae30\ub2a5\uc744 \ud655\uc7a5\ud560 \uac83 \uc785\ub2c8\ub2e4.<\/p>\n<\/div>\n<\/div>\n<\/div>\n\n\n\n<div class=\"wp-block-group has-global-padding is-layout-constrained wp-block-group-is-layout-constrained\">\n<div style=\"height:88px;--tablet-height:72px;--mobile-height:40px\" class=\"wp-block-lookeen-blocks-responsive-spacer\"><\/div>\n\n\n\n<div class=\"wp-block-group has-global-padding is-layout-constrained wp-container-core-group-is-layout-41c06ba8 wp-block-group-is-layout-constrained\">\n<figure class=\"wp-block-image aligncenter size-full box__shadow border-radius--20 overflow__hidden\"><img loading=\"lazy\" decoding=\"async\" width=\"1024\" height=\"538\" src=\"https:\/\/zenkit.com\/wp-content\/uploads\/2025\/05\/base-1024x538-1.webp\" alt=\"Zenkit f\u00fchrt wichtige Updates f\u00fcr Listen und Zusammenarbeit ein, um es mit den Branchenf\u00fchrern aufzunehmen\" class=\"wp-image-115465\" srcset=\"https:\/\/zenkit.com\/wp-content\/uploads\/2025\/05\/base-1024x538-1.webp 1024w, https:\/\/zenkit.com\/wp-content\/uploads\/2025\/05\/base-1024x538-1-300x158.webp 300w, https:\/\/zenkit.com\/wp-content\/uploads\/2025\/05\/base-1024x538-1-768x404.webp 768w\" sizes=\"auto, (max-width: 1024px) 100vw, 1024px\" \/><\/figure>\n<\/div>\n<\/div>\n\n\n\n<div style=\"height:88px;--tablet-height:72px;--mobile-height:40px\" class=\"wp-block-lookeen-blocks-responsive-spacer\"><\/div>\n\n\n\n<div class=\"wp-block-group has-global-padding is-layout-constrained wp-block-group-is-layout-constrained\">\n<div class=\"wp-block-group has-global-padding is-layout-constrained wp-container-core-group-is-layout-7cc94c3e wp-block-group-is-layout-constrained\">\n<h3 class=\"wp-block-heading has-text-align-center\" style=\"margin-bottom:8px;font-style:normal;font-weight:700\">\ucd94\uac00 \uc815\ubcf4:<\/h3>\n\n\n\n<p class=\"has-text-align-center\"><a href=\"https:\/\/techcrunch.com\/2017\/04\/19\/microsoft-to-shut-down-wunderlist-in-favor-of-its-new-app-to-do\/\" target=\"_blank\" rel=\"noreferrer noopener\">https:\/\/techcrunch.com\/2017\/04\/19\/microsoft-to-shut-down-wunderlist-in-favor-of-its-new-app-to-do\/<\/a><\/p>\n\n\n\n<div style=\"height:88px;--tablet-height:72px;--mobile-height:40px\" class=\"wp-block-lookeen-blocks-responsive-spacer\"><\/div>\n\n\n\n<h3 class=\"wp-block-heading has-text-align-center\" style=\"margin-bottom:8px;font-style:normal;font-weight:700\">Zenkit\uc5d0 \ub300\ud558\uc5ec:<\/h3>\n\n\n\n<p class=\"has-text-align-center has-da-grey-2-color has-text-color has-link-color wp-elements-c6eebf78bb7d3ca90897b8f8fcb735a6\">Zenkit\ub294 Axonic GmbH\uc758 \uc2a4\ud0c0\ud2b8\uc5c5 \ud68c\uc0ac\ub85c \ucc3d\ub9bd\ud588\uc2b5\ub2c8\ub2e4. 2016\ub144 10\uc6d4\uc5d0 SaaS \ub7f0\uce6d\ud588\uc2b5\ub2c8\ub2e4.<\/p>\n\n\n\n<div style=\"height:88px;--tablet-height:72px;--mobile-height:40px\" class=\"wp-block-lookeen-blocks-responsive-spacer\"><\/div>\n\n\n\n<h3 class=\"wp-block-heading has-text-align-center\" style=\"margin-bottom:8px;font-style:normal;font-weight:700\">Axonic\uc5d0 \ub300\ud558\uc5ec:<\/h3>\n\n\n\n<p class=\"has-text-align-center has-da-grey-2-color has-text-color has-link-color wp-elements-224331a8501d3e0cab12638a247c62ac\">Axonic Informations systeme GmbH\ub294 \uc815\ubcf4, \ud1b5\uc2e0 \ubc0f \uc778\uc2dd\uc5d0 \uad00\ud55c \uae30\uc220\uc5d0 \ucd08\uc810\uc744 \ub9de\ucd98 \uac1c\uc778 \uc18c\uc720\uc758 \uc18c\ud504\ud2b8\uc6e8\uc5b4 \ud68c\uc0ac\uc785\ub2c8\ub2e4. 2003\ub144\uc5d0 Martin Welker\uc5d0 \uc758\ud574 \ub3c5\uc77c \uce74\ub97c\uc2a4\ub8e8\uc5d0\uc5d0 \uc124\ub9bd\ub418\uc5c8\uc2b5\ub2c8\ub2e4 . Axonic\uc740 10\ub144 \ub118\uac8c \uc778\uacf5\uc9c0\ub2a5, \uc9c0\uc2dd, \uc815\ubcf4 \ucd94\ucd9c \ubd84\uc57c\uc5d0\uc11c \uc18c\ud504\ud2b8\uc6e8\uc5b4 \uac1c\ubc1c\uc5d0 \uc131\uacf5\uc801\uc778 \uacb0\uacfc\ub97c \uc120\ubcf4\uc600\uc2b5\ub2c8\ub2e4. 2002\ub144 \uc774\ud6c4, \uadf8\ub4e4\uc758 \uc5f0\uad6c\ub294 \uc8fc\ub85c \ud1b5\uc2e0\uc758 \ubd84\uc11d \ubc0f \ud45c\ud604\uc778 \u201c\ud1b5\uc2e0 \uc9c0\ub2a5\u201d \uc601\uc5ed\uc5d0 \uc911\uc810\uc744 \ub450\uace0 \uc788\uc2b5\ub2c8\ub2e4. Axonic\uc740 \uc804 \uc138\uacc4 500\ub9cc \uba85 \uc774\uc0c1\uc758 \uc0ac\ub78c\ub4e4\uc5d0\uac8c 6\uac1c\uc758 \uc8fc\uc694 \uc81c\ud488\uc744 \ucd9c\uc2dc\ud588\uc2b5\ub2c8\ub2e4.<\/p>\n<\/div>\n<\/div>\n\n\n\n<div style=\"height:110px;--tablet-height:60px;--mobile-height:48px\" class=\"wp-block-lookeen-blocks-responsive-spacer\"><\/div>\n","protected":false},"excerpt":{"rendered":"<p>\uae30\uc5c5\uc758 \ub9ac\ub354\ub4e4\uacfc \uc911\ub300\ud55c \ub9ac\uc2a4\ud2b8\uc640 \ud611\uc5c5 \uc5c5\ub370\uc774\ud2b8\ub97c \uc81c\uacf5\ud569\ub2c8\ub2e4. Wunderlist\uc640 \uac19\uc740 \uae30\ub2a5\uc744 \uc81c\uacf5\ud569\ub2c8\ub2e4. 2017\ub144 10\uc6d4 12\uc77c \ubaa9\uc694\uc77c \u2013 \uce74\ub97c\uc2a4\ub8e8\uc5d0, \ub3c5\uc77c:\ub3c5\uc77c \uc18c\ud504\ud2b8\uc6e8\uc5b4 \uc0dd\uc0b0\uc5c5\uccb4 Axonic\uc774 \ud601\uc2e0\uc801\uc778 \uc628\ub77c\uc778 \ud504\ub85c\uc81d\ud2b8 \uad00\ub9ac \uc194\ub8e8\uc158 \uad6c\ucd95 \ubc29\uc2dd\uc744 \ub3c4\uc785\ud588\uc2b5\ub2c8\ub2e4. \ucd5c\uc2e0 \ub3c4\uad6c Zenkit\uc744 \ud1b5\ud574 \uc720\uc5f0\ud55c \ud504\ub85c\uc81d\ud2b8 \uad00\ub9ac \ud50c\ub7ab\ud3fc\uc744 \ucd5c\ucd08\ub85c \ub9cc\ub4dc\ub294 \uc804\ubc18\uc801\uc778 \ubaa9\ud45c\ub97c \ud5a5\ud574 \uc131\uacf5\uc801\uc73c\ub85c \uc120\ubcf4\uc600\uc2b5\ub2c8\ub2e4. Zenkit \uc81c\ud488\uad70\uc758 \uc0c8\ub85c\uc6b4 \uae30\ub2a5\uc740 \uac00\uc7a5 \uc720\uba85\ud55c \ud504\ub85c\uc81d\ud2b8 \uad00\ub9ac \uc194\ub8e8\uc158\uc785\ub2c8\ub2e4. Trello\uc640 Wunderlist\ub294 [&hellip;]<\/p>\n","protected":false},"author":30,"featured_media":0,"parent":61688,"menu_order":0,"comment_status":"closed","ping_status":"closed","template":"","meta":{"yasr_overall_rating":0,"yasr_post_is_review":"","yasr_auto_insert_disabled":"","yasr_review_type":"","footnotes":""},"class_list":["post-72999","page","type-page","status-publish","hentry"],"yoast_head":"<!-- This site is optimized with the Yoast SEO plugin v27.3 - https:\/\/yoast.com\/product\/yoast-seo-wordpress\/ -->\n<title>Zenkit Takes on Industry Leaders with List &amp; Collaboration Updates | Zenkit<\/title>\n<meta name=\"description\" content=\"With Zenkit, Axonic has successfully made a big step towards its overall aim of creating the first truly flexible project management platform.\" \/>\n<meta name=\"robots\" content=\"index, follow, max-snippet:-1, max-image-preview:large, max-video-preview:-1\" \/>\n<link rel=\"canonical\" href=\"https:\/\/zenkit.com\/ko\/press-kit\/zenkit-launches-major-list-and-collaboration-updates-to-take-on-industry-leaders\/\" \/>\n<meta property=\"og:locale\" content=\"ko_KR\" \/>\n<meta property=\"og:type\" content=\"article\" \/>\n<meta property=\"og:title\" content=\"Zenkit Takes on Industry Leaders with List &amp; Collaboration Updates | Zenkit\" \/>\n<meta property=\"og:description\" content=\"With Zenkit, Axonic has successfully made a big step towards its overall aim of creating the first truly flexible project management platform.\" \/>\n<meta property=\"og:url\" content=\"https:\/\/zenkit.com\/ko\/press-kit\/zenkit-launches-major-list-and-collaboration-updates-to-take-on-industry-leaders\/\" \/>\n<meta property=\"og:site_name\" content=\"Zenkit\" \/>\n<meta property=\"article:publisher\" content=\"https:\/\/www.facebook.com\/ZenkitHQ\" \/>\n<meta property=\"article:modified_time\" content=\"2025-12-14T22:49:54+00:00\" \/>\n<meta property=\"og:image\" content=\"https:\/\/zenkit.com\/wp-content\/uploads\/2025\/05\/base-1024x538-1.webp\" \/>\n\t<meta property=\"og:image:width\" content=\"1024\" \/>\n\t<meta property=\"og:image:height\" content=\"538\" \/>\n\t<meta property=\"og:image:type\" content=\"image\/webp\" \/>\n<meta name=\"twitter:card\" content=\"summary_large_image\" \/>\n<meta name=\"twitter:site\" content=\"@ZenkitHQ\" \/>\n<meta name=\"twitter:label1\" content=\"\uc608\uc0c1 \ub418\ub294 \ud310\ub3c5 \uc2dc\uac04\" \/>\n\t<meta name=\"twitter:data1\" content=\"8\ubd84\" \/>\n<script type=\"application\/ld+json\" class=\"yoast-schema-graph\">{\"@context\":\"https:\\\/\\\/schema.org\",\"@graph\":[{\"@type\":\"WebPage\",\"@id\":\"https:\\\/\\\/zenkit.com\\\/ko\\\/press-kit\\\/zenkit-launches-major-list-and-collaboration-updates-to-take-on-industry-leaders\\\/\",\"url\":\"https:\\\/\\\/zenkit.com\\\/ko\\\/press-kit\\\/zenkit-launches-major-list-and-collaboration-updates-to-take-on-industry-leaders\\\/\",\"name\":\"Zenkit Takes on Industry Leaders with List & Collaboration Updates | Zenkit\",\"isPartOf\":{\"@id\":\"https:\\\/\\\/zenkit.com\\\/ko\\\/#website\"},\"primaryImageOfPage\":{\"@id\":\"https:\\\/\\\/zenkit.com\\\/ko\\\/press-kit\\\/zenkit-launches-major-list-and-collaboration-updates-to-take-on-industry-leaders\\\/#primaryimage\"},\"image\":{\"@id\":\"https:\\\/\\\/zenkit.com\\\/ko\\\/press-kit\\\/zenkit-launches-major-list-and-collaboration-updates-to-take-on-industry-leaders\\\/#primaryimage\"},\"thumbnailUrl\":\"https:\\\/\\\/zenkit.com\\\/wp-content\\\/uploads\\\/2025\\\/05\\\/base-1024x538-1.webp\",\"datePublished\":\"2018-07-07T00:43:46+00:00\",\"dateModified\":\"2025-12-14T22:49:54+00:00\",\"description\":\"With Zenkit, Axonic has successfully made a big step towards its overall aim of creating the first truly flexible project management platform.\",\"breadcrumb\":{\"@id\":\"https:\\\/\\\/zenkit.com\\\/ko\\\/press-kit\\\/zenkit-launches-major-list-and-collaboration-updates-to-take-on-industry-leaders\\\/#breadcrumb\"},\"inLanguage\":\"ko-KR\",\"potentialAction\":[{\"@type\":\"ReadAction\",\"target\":[\"https:\\\/\\\/zenkit.com\\\/ko\\\/press-kit\\\/zenkit-launches-major-list-and-collaboration-updates-to-take-on-industry-leaders\\\/\"]}]},{\"@type\":\"ImageObject\",\"inLanguage\":\"ko-KR\",\"@id\":\"https:\\\/\\\/zenkit.com\\\/ko\\\/press-kit\\\/zenkit-launches-major-list-and-collaboration-updates-to-take-on-industry-leaders\\\/#primaryimage\",\"url\":\"https:\\\/\\\/zenkit.com\\\/wp-content\\\/uploads\\\/2025\\\/05\\\/base-1024x538-1.webp\",\"contentUrl\":\"https:\\\/\\\/zenkit.com\\\/wp-content\\\/uploads\\\/2025\\\/05\\\/base-1024x538-1.webp\"},{\"@type\":\"BreadcrumbList\",\"@id\":\"https:\\\/\\\/zenkit.com\\\/ko\\\/press-kit\\\/zenkit-launches-major-list-and-collaboration-updates-to-take-on-industry-leaders\\\/#breadcrumb\",\"itemListElement\":[{\"@type\":\"ListItem\",\"position\":1,\"name\":\"Home\",\"item\":\"https:\\\/\\\/zenkit.com\\\/ko\\\/\"},{\"@type\":\"ListItem\",\"position\":2,\"name\":\"\uc820\ud0a4\ud2b8 \ud504\ub808\uc2a4\ud0b7\",\"item\":\"https:\\\/\\\/zenkit.com\\\/ko\\\/press-kit\\\/\"},{\"@type\":\"ListItem\",\"position\":3,\"name\":\"Zenkit launches major list and collaboration updates to take on industry leaders\"}]},{\"@type\":\"WebSite\",\"@id\":\"https:\\\/\\\/zenkit.com\\\/ko\\\/#website\",\"url\":\"https:\\\/\\\/zenkit.com\\\/ko\\\/\",\"name\":\"Zenkit\",\"description\":\"Zenkit Tagline\",\"potentialAction\":[{\"@type\":\"SearchAction\",\"target\":{\"@type\":\"EntryPoint\",\"urlTemplate\":\"https:\\\/\\\/zenkit.com\\\/ko\\\/?s={search_term_string}\"},\"query-input\":{\"@type\":\"PropertyValueSpecification\",\"valueRequired\":true,\"valueName\":\"search_term_string\"}}],\"inLanguage\":\"ko-KR\"},false]}<\/script>\n<!-- \/ Yoast SEO plugin. -->","yoast_head_json":{"title":"Zenkit Takes on Industry Leaders with List & Collaboration Updates | Zenkit","description":"With Zenkit, Axonic has successfully made a big step towards its overall aim of creating the first truly flexible project management platform.","robots":{"index":"index","follow":"follow","max-snippet":"max-snippet:-1","max-image-preview":"max-image-preview:large","max-video-preview":"max-video-preview:-1"},"canonical":"https:\/\/zenkit.com\/ko\/press-kit\/zenkit-launches-major-list-and-collaboration-updates-to-take-on-industry-leaders\/","og_locale":"ko_KR","og_type":"article","og_title":"Zenkit Takes on Industry Leaders with List & Collaboration Updates | Zenkit","og_description":"With Zenkit, Axonic has successfully made a big step towards its overall aim of creating the first truly flexible project management platform.","og_url":"https:\/\/zenkit.com\/ko\/press-kit\/zenkit-launches-major-list-and-collaboration-updates-to-take-on-industry-leaders\/","og_site_name":"Zenkit","article_publisher":"https:\/\/www.facebook.com\/ZenkitHQ","article_modified_time":"2025-12-14T22:49:54+00:00","og_image":[{"width":1024,"height":538,"url":"https:\/\/zenkit.com\/wp-content\/uploads\/2025\/05\/base-1024x538-1.webp","type":"image\/webp"}],"twitter_card":"summary_large_image","twitter_site":"@ZenkitHQ","twitter_misc":{"\uc608\uc0c1 \ub418\ub294 \ud310\ub3c5 \uc2dc\uac04":"8\ubd84"},"schema":{"@context":"https:\/\/schema.org","@graph":[{"@type":"WebPage","@id":"https:\/\/zenkit.com\/ko\/press-kit\/zenkit-launches-major-list-and-collaboration-updates-to-take-on-industry-leaders\/","url":"https:\/\/zenkit.com\/ko\/press-kit\/zenkit-launches-major-list-and-collaboration-updates-to-take-on-industry-leaders\/","name":"Zenkit Takes on Industry Leaders with List & Collaboration Updates | Zenkit","isPartOf":{"@id":"https:\/\/zenkit.com\/ko\/#website"},"primaryImageOfPage":{"@id":"https:\/\/zenkit.com\/ko\/press-kit\/zenkit-launches-major-list-and-collaboration-updates-to-take-on-industry-leaders\/#primaryimage"},"image":{"@id":"https:\/\/zenkit.com\/ko\/press-kit\/zenkit-launches-major-list-and-collaboration-updates-to-take-on-industry-leaders\/#primaryimage"},"thumbnailUrl":"https:\/\/zenkit.com\/wp-content\/uploads\/2025\/05\/base-1024x538-1.webp","datePublished":"2018-07-07T00:43:46+00:00","dateModified":"2025-12-14T22:49:54+00:00","description":"With Zenkit, Axonic has successfully made a big step towards its overall aim of creating the first truly flexible project management platform.","breadcrumb":{"@id":"https:\/\/zenkit.com\/ko\/press-kit\/zenkit-launches-major-list-and-collaboration-updates-to-take-on-industry-leaders\/#breadcrumb"},"inLanguage":"ko-KR","potentialAction":[{"@type":"ReadAction","target":["https:\/\/zenkit.com\/ko\/press-kit\/zenkit-launches-major-list-and-collaboration-updates-to-take-on-industry-leaders\/"]}]},{"@type":"ImageObject","inLanguage":"ko-KR","@id":"https:\/\/zenkit.com\/ko\/press-kit\/zenkit-launches-major-list-and-collaboration-updates-to-take-on-industry-leaders\/#primaryimage","url":"https:\/\/zenkit.com\/wp-content\/uploads\/2025\/05\/base-1024x538-1.webp","contentUrl":"https:\/\/zenkit.com\/wp-content\/uploads\/2025\/05\/base-1024x538-1.webp"},{"@type":"BreadcrumbList","@id":"https:\/\/zenkit.com\/ko\/press-kit\/zenkit-launches-major-list-and-collaboration-updates-to-take-on-industry-leaders\/#breadcrumb","itemListElement":[{"@type":"ListItem","position":1,"name":"Home","item":"https:\/\/zenkit.com\/ko\/"},{"@type":"ListItem","position":2,"name":"\uc820\ud0a4\ud2b8 \ud504\ub808\uc2a4\ud0b7","item":"https:\/\/zenkit.com\/ko\/press-kit\/"},{"@type":"ListItem","position":3,"name":"Zenkit launches major list and collaboration updates to take on industry leaders"}]},{"@type":"WebSite","@id":"https:\/\/zenkit.com\/ko\/#website","url":"https:\/\/zenkit.com\/ko\/","name":"Zenkit","description":"Zenkit Tagline","potentialAction":[{"@type":"SearchAction","target":{"@type":"EntryPoint","urlTemplate":"https:\/\/zenkit.com\/ko\/?s={search_term_string}"},"query-input":{"@type":"PropertyValueSpecification","valueRequired":true,"valueName":"search_term_string"}}],"inLanguage":"ko-KR"},false]}},"yasr_visitor_votes":{"stars_attributes":{"read_only":false,"span_bottom":false},"number_of_votes":0,"sum_votes":0},"_links":{"self":[{"href":"https:\/\/zenkit.com\/ko\/wp-json\/wp\/v2\/pages\/72999","targetHints":{"allow":["GET"]}}],"collection":[{"href":"https:\/\/zenkit.com\/ko\/wp-json\/wp\/v2\/pages"}],"about":[{"href":"https:\/\/zenkit.com\/ko\/wp-json\/wp\/v2\/types\/page"}],"author":[{"embeddable":true,"href":"https:\/\/zenkit.com\/ko\/wp-json\/wp\/v2\/users\/30"}],"replies":[{"embeddable":true,"href":"https:\/\/zenkit.com\/ko\/wp-json\/wp\/v2\/comments?post=72999"}],"version-history":[{"count":2,"href":"https:\/\/zenkit.com\/ko\/wp-json\/wp\/v2\/pages\/72999\/revisions"}],"predecessor-version":[{"id":175134,"href":"https:\/\/zenkit.com\/ko\/wp-json\/wp\/v2\/pages\/72999\/revisions\/175134"}],"up":[{"embeddable":true,"href":"https:\/\/zenkit.com\/ko\/wp-json\/wp\/v2\/pages\/61688"}],"wp:attachment":[{"href":"https:\/\/zenkit.com\/ko\/wp-json\/wp\/v2\/media?parent=72999"}],"curies":[{"name":"wp","href":"https:\/\/api.w.org\/{rel}","templated":true}]}}