{"id":11519,"date":"2018-06-19T20:18:12","date_gmt":"2018-06-19T18:18:12","guid":{"rendered":"https:\/\/zenkit.com?page_id=11519"},"modified":"2025-09-13T17:41:51","modified_gmt":"2025-09-13T15:41:51","slug":"jornal-de-noticias","status":"publish","type":"page","link":"https:\/\/zenkit.com\/pt-br\/jornal-de-noticias\/","title":{"rendered":"Newsletter"},"content":{"rendered":"\n<div class=\"wp-block-group has-global-padding is-layout-constrained wp-block-group-is-layout-constrained\">\n<div class=\"wp-block-group width--950 has-global-padding is-layout-constrained wp-block-group-is-layout-constrained\">\n<div style=\"height:45px;--tablet-height:45px;--mobile-height:16px\" class=\"wp-block-lookeen-blocks-responsive-spacer\"><\/div>\n\n\n\n<div class=\"wp-block-group has-global-padding is-layout-constrained wp-block-group-is-layout-constrained\">\n<h1 class=\"wp-block-heading has-text-align-center\" style=\"margin-bottom:8px\">Zenkit Newsletter<\/h1>\n<\/div>\n\n\n\n<div class=\"wp-block-group has-global-padding is-layout-constrained wp-block-group-is-layout-constrained\">\n<p class=\"has-text-align-center subheading\">Participe do nosso boletim informativo para manter-se atualizado com os recursos mais recentes, dicas e truques internos e saiba mais sobre os recursos futuros.<\/p>\n<\/div>\n<\/div>\n\n\n\n<div style=\"height:88px;--tablet-height:72px;--mobile-height:40px\" class=\"wp-block-lookeen-blocks-responsive-spacer\"><\/div>\n<\/div>\n\n\n\n<div class=\"wp-block-group has-global-padding is-layout-constrained wp-block-group-is-layout-constrained\">\n<div class=\"wp-block-group width--450 has-global-padding is-layout-constrained wp-block-group-is-layout-constrained\">\n<iframe id=\"contact-form\" style=\"width: 100%; min-height: 550px; background: transparent; border: 0; box-shadow: 0 0 20px rgb(0 0 0 \/ 10%);\" src=\"https:\/\/public.zenkit.com\/f\/tBoFXkfp0Q\/zenkit-newsletter-form?v=qNFipIuI-\" allowfullscreen=\"allowfullscreen\">\n<a href=\"https:\/\/public.zenkit.com\/f\/tBoFXkfp0Q\/zenkit-newsletter-form?v=N_wd6kZvO\" target=\"_blank\">\nYour browser doesn&#8217;t support iframes. Click here to open the content in a new tab.\n<\/a>\n<\/iframe>\n<\/div>\n\n\n\n<div style=\"height:88px;--tablet-height:72px;--mobile-height:40px\" class=\"wp-block-lookeen-blocks-responsive-spacer\"><\/div>\n<\/div>\n\n\n\n<div class=\"wp-block-group has-global-padding is-layout-constrained wp-block-group-is-layout-constrained\">\n<div class=\"wp-block-group has-global-padding is-layout-constrained wp-container-core-group-is-layout-bdbfdc43 wp-block-group-is-layout-constrained\">\n<figure class=\"wp-block-image aligncenter size-full\" style=\"margin-bottom:8px\"><img decoding=\"async\" src=\"https:\/\/zenkit.com\/wp-content\/uploads\/2025\/01\/info.svg\" alt=\"\" class=\"wp-image-109380\"\/><\/figure>\n\n\n\n<p class=\"has-text-align-center has-da-grey-1-color has-text-color has-link-color wp-elements-f93fce255e8405f922eadb91cd2dc7c9\">P.S. N\u00f3s nunca enviaremos spam ou compartilharemos seu endere\u00e7o com terceiros! Se voc\u00ea quiser cancelar a inscri\u00e7\u00e3o, clique no link de cancelamento na parte inferior de todos os e-mails.<\/p>\n<\/div>\n<\/div>\n\n\n\n<div style=\"height:110px;--tablet-height:60px;--mobile-height:48px\" class=\"wp-block-lookeen-blocks-responsive-spacer\"><\/div>\n","protected":false},"excerpt":{"rendered":"<p>Zenkit Newsletter Participe do nosso boletim informativo para manter-se atualizado com os recursos mais recentes, dicas e truques internos e saiba mais sobre os recursos futuros. Your browser doesn&#8217;t support iframes. Click here to open the content in a new tab. P.S. N\u00f3s nunca enviaremos spam ou compartilharemos seu endere\u00e7o com terceiros! Se voc\u00ea quiser [&hellip;]<\/p>\n","protected":false},"author":1,"featured_media":0,"parent":0,"menu_order":4,"comment_status":"closed","ping_status":"closed","template":"","meta":{"yasr_overall_rating":0,"yasr_post_is_review":"","yasr_auto_insert_disabled":"","yasr_review_type":"","footnotes":""},"class_list":["post-11519","page","type-page","status-publish","hentry"],"yoast_head":"<!-- This site is optimized with the Yoast SEO plugin v27.3 - https:\/\/yoast.com\/product\/yoast-seo-wordpress\/ -->\n<title>Jornal de Not\u00edcias | Zenkit<\/title>\n<meta name=\"description\" content=\"Receba as \u00faltimas not\u00edcias e atualiza\u00e7\u00f5es da nossa equipe. Inscreva-se no boletim informativo da Zenkit para receber notifica\u00e7\u00f5es sobre novos artigos do blog ou sobre os novos recursos do Zenkit.\" \/>\n<meta name=\"robots\" content=\"index, follow, max-snippet:-1, max-image-preview:large, max-video-preview:-1\" \/>\n<link rel=\"canonical\" href=\"https:\/\/zenkit.com\/pt-br\/jornal-de-noticias\/\" \/>\n<meta property=\"og:locale\" content=\"pt_BR\" \/>\n<meta property=\"og:type\" content=\"article\" \/>\n<meta property=\"og:title\" content=\"Jornal de Not\u00edcias | Zenkit\" \/>\n<meta property=\"og:description\" content=\"Receba as \u00faltimas not\u00edcias e atualiza\u00e7\u00f5es da nossa equipe. Inscreva-se no boletim informativo da Zenkit para receber notifica\u00e7\u00f5es sobre novos artigos do blog ou sobre os novos recursos do Zenkit.\" \/>\n<meta property=\"og:url\" content=\"https:\/\/zenkit.com\/pt-br\/jornal-de-noticias\/\" \/>\n<meta property=\"og:site_name\" content=\"Zenkit\" \/>\n<meta property=\"article:publisher\" content=\"https:\/\/www.facebook.com\/ZenkitHQ\" \/>\n<meta property=\"article:modified_time\" content=\"2025-09-13T15:41:51+00:00\" \/>\n<meta property=\"og:image\" content=\"https:\/\/zenkit.com\/wp-content\/uploads\/2025\/01\/info.svg\" \/>\n<meta name=\"twitter:card\" content=\"summary_large_image\" \/>\n<meta name=\"twitter:site\" content=\"@ZenkitHQ\" \/>\n<script type=\"application\/ld+json\" class=\"yoast-schema-graph\">{\"@context\":\"https:\\\/\\\/schema.org\",\"@graph\":[{\"@type\":\"WebPage\",\"@id\":\"https:\\\/\\\/zenkit.com\\\/pt-br\\\/jornal-de-noticias\\\/\",\"url\":\"https:\\\/\\\/zenkit.com\\\/pt-br\\\/jornal-de-noticias\\\/\",\"name\":\"Jornal de Not\u00edcias | Zenkit\",\"isPartOf\":{\"@id\":\"https:\\\/\\\/zenkit.com\\\/pt-br\\\/#website\"},\"primaryImageOfPage\":{\"@id\":\"https:\\\/\\\/zenkit.com\\\/pt-br\\\/jornal-de-noticias\\\/#primaryimage\"},\"image\":{\"@id\":\"https:\\\/\\\/zenkit.com\\\/pt-br\\\/jornal-de-noticias\\\/#primaryimage\"},\"thumbnailUrl\":\"https:\\\/\\\/zenkit.com\\\/wp-content\\\/uploads\\\/2025\\\/01\\\/info.svg\",\"datePublished\":\"2018-06-19T18:18:12+00:00\",\"dateModified\":\"2025-09-13T15:41:51+00:00\",\"description\":\"Receba as \u00faltimas not\u00edcias e atualiza\u00e7\u00f5es da nossa equipe. Inscreva-se no boletim informativo da Zenkit para receber notifica\u00e7\u00f5es sobre novos artigos do blog ou sobre os novos recursos do Zenkit.\",\"breadcrumb\":{\"@id\":\"https:\\\/\\\/zenkit.com\\\/pt-br\\\/jornal-de-noticias\\\/#breadcrumb\"},\"inLanguage\":\"pt-BR\",\"potentialAction\":[{\"@type\":\"ReadAction\",\"target\":[\"https:\\\/\\\/zenkit.com\\\/pt-br\\\/jornal-de-noticias\\\/\"]}]},{\"@type\":\"ImageObject\",\"inLanguage\":\"pt-BR\",\"@id\":\"https:\\\/\\\/zenkit.com\\\/pt-br\\\/jornal-de-noticias\\\/#primaryimage\",\"url\":\"https:\\\/\\\/zenkit.com\\\/wp-content\\\/uploads\\\/2025\\\/01\\\/info.svg\",\"contentUrl\":\"https:\\\/\\\/zenkit.com\\\/wp-content\\\/uploads\\\/2025\\\/01\\\/info.svg\"},{\"@type\":\"BreadcrumbList\",\"@id\":\"https:\\\/\\\/zenkit.com\\\/pt-br\\\/jornal-de-noticias\\\/#breadcrumb\",\"itemListElement\":[{\"@type\":\"ListItem\",\"position\":1,\"name\":\"Home\",\"item\":\"https:\\\/\\\/zenkit.com\\\/pt-br\\\/\"},{\"@type\":\"ListItem\",\"position\":2,\"name\":\"Newsletter\"}]},{\"@type\":\"WebSite\",\"@id\":\"https:\\\/\\\/zenkit.com\\\/pt-br\\\/#website\",\"url\":\"https:\\\/\\\/zenkit.com\\\/pt-br\\\/\",\"name\":\"Zenkit\",\"description\":\"Zenkit Tagline\",\"potentialAction\":[{\"@type\":\"SearchAction\",\"target\":{\"@type\":\"EntryPoint\",\"urlTemplate\":\"https:\\\/\\\/zenkit.com\\\/pt-br\\\/?s={search_term_string}\"},\"query-input\":{\"@type\":\"PropertyValueSpecification\",\"valueRequired\":true,\"valueName\":\"search_term_string\"}}],\"inLanguage\":\"pt-BR\"},false]}<\/script>\n<!-- \/ Yoast SEO plugin. -->","yoast_head_json":{"title":"Jornal de Not\u00edcias | Zenkit","description":"Receba as \u00faltimas not\u00edcias e atualiza\u00e7\u00f5es da nossa equipe. Inscreva-se no boletim informativo da Zenkit para receber notifica\u00e7\u00f5es sobre novos artigos do blog ou sobre os novos recursos do Zenkit.","robots":{"index":"index","follow":"follow","max-snippet":"max-snippet:-1","max-image-preview":"max-image-preview:large","max-video-preview":"max-video-preview:-1"},"canonical":"https:\/\/zenkit.com\/pt-br\/jornal-de-noticias\/","og_locale":"pt_BR","og_type":"article","og_title":"Jornal de Not\u00edcias | Zenkit","og_description":"Receba as \u00faltimas not\u00edcias e atualiza\u00e7\u00f5es da nossa equipe. Inscreva-se no boletim informativo da Zenkit para receber notifica\u00e7\u00f5es sobre novos artigos do blog ou sobre os novos recursos do Zenkit.","og_url":"https:\/\/zenkit.com\/pt-br\/jornal-de-noticias\/","og_site_name":"Zenkit","article_publisher":"https:\/\/www.facebook.com\/ZenkitHQ","article_modified_time":"2025-09-13T15:41:51+00:00","og_image":[{"url":"https:\/\/zenkit.com\/wp-content\/uploads\/2025\/01\/info.svg","type":"","width":"","height":""}],"twitter_card":"summary_large_image","twitter_site":"@ZenkitHQ","schema":{"@context":"https:\/\/schema.org","@graph":[{"@type":"WebPage","@id":"https:\/\/zenkit.com\/pt-br\/jornal-de-noticias\/","url":"https:\/\/zenkit.com\/pt-br\/jornal-de-noticias\/","name":"Jornal de Not\u00edcias | Zenkit","isPartOf":{"@id":"https:\/\/zenkit.com\/pt-br\/#website"},"primaryImageOfPage":{"@id":"https:\/\/zenkit.com\/pt-br\/jornal-de-noticias\/#primaryimage"},"image":{"@id":"https:\/\/zenkit.com\/pt-br\/jornal-de-noticias\/#primaryimage"},"thumbnailUrl":"https:\/\/zenkit.com\/wp-content\/uploads\/2025\/01\/info.svg","datePublished":"2018-06-19T18:18:12+00:00","dateModified":"2025-09-13T15:41:51+00:00","description":"Receba as \u00faltimas not\u00edcias e atualiza\u00e7\u00f5es da nossa equipe. Inscreva-se no boletim informativo da Zenkit para receber notifica\u00e7\u00f5es sobre novos artigos do blog ou sobre os novos recursos do Zenkit.","breadcrumb":{"@id":"https:\/\/zenkit.com\/pt-br\/jornal-de-noticias\/#breadcrumb"},"inLanguage":"pt-BR","potentialAction":[{"@type":"ReadAction","target":["https:\/\/zenkit.com\/pt-br\/jornal-de-noticias\/"]}]},{"@type":"ImageObject","inLanguage":"pt-BR","@id":"https:\/\/zenkit.com\/pt-br\/jornal-de-noticias\/#primaryimage","url":"https:\/\/zenkit.com\/wp-content\/uploads\/2025\/01\/info.svg","contentUrl":"https:\/\/zenkit.com\/wp-content\/uploads\/2025\/01\/info.svg"},{"@type":"BreadcrumbList","@id":"https:\/\/zenkit.com\/pt-br\/jornal-de-noticias\/#breadcrumb","itemListElement":[{"@type":"ListItem","position":1,"name":"Home","item":"https:\/\/zenkit.com\/pt-br\/"},{"@type":"ListItem","position":2,"name":"Newsletter"}]},{"@type":"WebSite","@id":"https:\/\/zenkit.com\/pt-br\/#website","url":"https:\/\/zenkit.com\/pt-br\/","name":"Zenkit","description":"Zenkit Tagline","potentialAction":[{"@type":"SearchAction","target":{"@type":"EntryPoint","urlTemplate":"https:\/\/zenkit.com\/pt-br\/?s={search_term_string}"},"query-input":{"@type":"PropertyValueSpecification","valueRequired":true,"valueName":"search_term_string"}}],"inLanguage":"pt-BR"},false]}},"yasr_visitor_votes":{"stars_attributes":{"read_only":false,"span_bottom":false},"number_of_votes":0,"sum_votes":0},"_links":{"self":[{"href":"https:\/\/zenkit.com\/pt-br\/wp-json\/wp\/v2\/pages\/11519","targetHints":{"allow":["GET"]}}],"collection":[{"href":"https:\/\/zenkit.com\/pt-br\/wp-json\/wp\/v2\/pages"}],"about":[{"href":"https:\/\/zenkit.com\/pt-br\/wp-json\/wp\/v2\/types\/page"}],"author":[{"embeddable":true,"href":"https:\/\/zenkit.com\/pt-br\/wp-json\/wp\/v2\/users\/1"}],"replies":[{"embeddable":true,"href":"https:\/\/zenkit.com\/pt-br\/wp-json\/wp\/v2\/comments?post=11519"}],"version-history":[{"count":1,"href":"https:\/\/zenkit.com\/pt-br\/wp-json\/wp\/v2\/pages\/11519\/revisions"}],"predecessor-version":[{"id":149854,"href":"https:\/\/zenkit.com\/pt-br\/wp-json\/wp\/v2\/pages\/11519\/revisions\/149854"}],"wp:attachment":[{"href":"https:\/\/zenkit.com\/pt-br\/wp-json\/wp\/v2\/media?parent=11519"}],"curies":[{"name":"wp","href":"https:\/\/api.w.org\/{rel}","templated":true}]}}