{"id":11548,"date":"2018-06-19T21:52:33","date_gmt":"2018-06-19T19:52:33","guid":{"rendered":"https:\/\/zenkit.com?page_id=11548"},"modified":"2025-11-04T06:53:10","modified_gmt":"2025-11-04T05:53:10","slug":"google-calendar","status":"publish","type":"page","link":"https:\/\/zenkit.com\/pt-br\/integracoes\/google-calendar\/","title":{"rendered":"Google Calendar"},"content":{"rendered":"\n<div style=\"height:45px;--tablet-height:45px;--mobile-height:16px\" class=\"wp-block-lookeen-blocks-responsive-spacer\"><\/div>\n\n\n\n<div class=\"wp-block-group has-global-padding is-layout-constrained wp-block-group-is-layout-constrained\">\n<div class=\"wp-block-columns is-layout-flex wp-container-core-columns-is-layout-467d341d wp-block-columns-is-layout-flex\" id=\"main__integrations\" style=\"margin-top:0px;margin-bottom:0px\">\n<div class=\"wp-block-column side__bar__integrations is-layout-flow wp-block-column-is-layout-flow\" style=\"flex-basis:23%\">\n<h2 class=\"wp-block-heading has-da-blue-color-new has-text-color has-link-color wp-elements-c5ca66af5da609aa962f0a4cb59faf56\" style=\"margin-top:0px;margin-bottom:0px;font-size:16px;line-height:1.5\">Office Integrations<\/h2>\n\n\n<nav class=\"is-vertical integrations__menu wp-block-navigation is-layout-flex wp-container-core-navigation-is-layout-5f9f5280 wp-block-navigation-is-layout-flex\" aria-label=\"pt-br-integrations-office\"><ul class=\"wp-block-navigation__container  is-vertical integrations__menu wp-block-navigation\"><li class=\" wp-block-navigation-item wp-block-navigation-link\"><a class=\"wp-block-navigation-item__content\"  href=\"https:\/\/zenkit.com\/pt-br\/integracoes\/deskmoz\/\"><span class=\"wp-block-navigation-item__label\">DeskMoz<\/span><\/a><\/li><li class=\" wp-block-navigation-item wp-block-navigation-link\"><a class=\"wp-block-navigation-item__content\"  href=\"https:\/\/zenkit.com\/pt-br\/integracoes\/evernote\/\"><span class=\"wp-block-navigation-item__label\">Evernote<\/span><\/a><\/li><li class=\" wp-block-navigation-item wp-block-navigation-link\"><a class=\"wp-block-navigation-item__content\"  href=\"https:\/\/zenkit.com\/pt-br\/integracoes\/google-calendar\/\"><span class=\"wp-block-navigation-item__label\">Google Calendar<\/span><\/a><\/li><li class=\" wp-block-navigation-item wp-block-navigation-link\"><a class=\"wp-block-navigation-item__content\"  href=\"https:\/\/zenkit.com\/pt-br\/integracoes\/google-sheets\/\"><span class=\"wp-block-navigation-item__label\">Google Sheets<\/span><\/a><\/li><li class=\" wp-block-navigation-item wp-block-navigation-link\"><a class=\"wp-block-navigation-item__content\"  href=\"https:\/\/zenkit.com\/pt-br\/integracoes\/magic-minutes\/\"><span class=\"wp-block-navigation-item__label\">Magic Minutes<\/span><\/a><\/li><li class=\" wp-block-navigation-item wp-block-navigation-link\"><a class=\"wp-block-navigation-item__content\"  href=\"https:\/\/zenkit.com\/pt-br\/integracoes\/pdffiller\/\"><span class=\"wp-block-navigation-item__label\">PDFfiller<\/span><\/a><\/li><\/ul><\/nav><\/div>\n\n\n\n<div class=\"wp-block-column content__integrations is-layout-flow wp-block-column-is-layout-flow\" style=\"flex-basis:77%\">\n<div class=\"wp-block-group title is-layout-flex wp-container-core-group-is-layout-ed4b00df wp-block-group-is-layout-flex\">\n<figure class=\"wp-block-image size-full is-resized\"><img loading=\"lazy\" decoding=\"async\" width=\"128\" height=\"128\" src=\"https:\/\/zenkit.com\/wp-content\/uploads\/2025\/07\/google-calendar-logo.webp\" alt=\"\" class=\"wp-image-118383\" style=\"width:auto;height:46px\"\/><\/figure>\n\n\n\n<h1 class=\"wp-block-heading\">Google Calendar &amp; Zenkit<\/h1>\n<\/div>\n\n\n\n<div class=\"wp-block-group has-global-padding is-layout-constrained wp-block-group-is-layout-constrained\">\n<p>Sincronizar o Zenkit com Google Calendar ent\u00e3o voc\u00ea sempre sabe o que \u00e9 devido e quando.<\/p>\n<\/div>\n\n\n\n<div style=\"height:48px;--tablet-height:36px;--mobile-height:24px\" class=\"wp-block-lookeen-blocks-responsive-spacer\"><\/div>\n\n\n\n<div class=\"wp-block-group has-global-padding is-layout-constrained wp-container-core-group-is-layout-1026f38c wp-block-group-is-layout-constrained\">\n<figure class=\"wp-block-image size-full\" style=\"margin-top:0px;margin-bottom:0px\"><img loading=\"lazy\" decoding=\"async\" width=\"900\" height=\"292\" src=\"https:\/\/zenkit.com\/wp-content\/uploads\/2025\/07\/Zenkit-automatic-google-calendar-update.gif\" alt=\"\" class=\"wp-image-118394\"\/><\/figure>\n<\/div>\n\n\n\n<div style=\"height:48px;--tablet-height:36px;--mobile-height:24px\" class=\"wp-block-lookeen-blocks-responsive-spacer\"><\/div>\n\n\n\n<div class=\"wp-block-group has-global-padding is-layout-constrained wp-block-group-is-layout-constrained\">\n<h3 class=\"wp-block-heading display-h2\">Sobre essa integra\u00e7\u00e3o com o Google Calendar<\/h3>\n\n\n\n<p>Essa integra\u00e7\u00e3o conecta Google Calendar com o Zenkit, para que voc\u00ea possa manter seus calend\u00e1rios em sincronia e adicionar novas tarefas ou eventos ao calend\u00e1rio que voc\u00ea mais usa.<\/p>\n<\/div>\n\n\n\n<div style=\"height:48px;--tablet-height:36px;--mobile-height:24px\" class=\"wp-block-lookeen-blocks-responsive-spacer\"><\/div>\n\n\n\n<div class=\"wp-block-group has-global-padding is-layout-constrained wp-block-group-is-layout-constrained\">\n<h3 class=\"wp-block-heading display-h2\">Conecte o Google Calendar com o Zenkit<\/h3>\n\n\n\n<ol class=\"wp-block-list  list__style__position-inside\">\n<li><a href=\"https:\/\/accounts.google.com\/SignUp?hl=en\">Cadastre<\/a>\u00a0uma Conta do Google para ter acesso ao Google Agenda.<\/li>\n\n\n\n<li>Abra a cole\u00e7\u00e3o do Zenkit que voc\u00ea gostaria de conectar ao Google Agenda.<\/li>\n\n\n\n<li>Clique no nome da cole\u00e7\u00e3o e depois em \u2018Complementos\u2019.<\/li>\n\n\n\n<li>Clique em \u201cAtivar\u201d ao lado de \u201cSincroniza\u00e7\u00e3o de calend\u00e1rio\u201d.<\/li>\n\n\n\n<li>Siga as etapas no assistente de conex\u00e3o para conectar seus calend\u00e1rios.<\/li>\n<\/ol>\n<\/div>\n\n\n\n<div style=\"height:48px;--tablet-height:36px;--mobile-height:24px\" class=\"wp-block-lookeen-blocks-responsive-spacer\"><\/div>\n\n\n\n<div class=\"wp-block-group has-global-padding is-layout-constrained wp-block-group-is-layout-constrained\">\n<h3 class=\"wp-block-heading display-h2\">Suporte<\/h3>\n\n\n\n<p>Essa integra\u00e7\u00e3o \u00e9 suportada pelo Zenkit. Se voc\u00ea tiver algum problema, entre em contato com o suporte do Zenkit. Para mais informa\u00e7\u00f5es sobre como conectar o Zenkit ao Google Calendar, leia nossa&nbsp;<a href=\"https:\/\/zenkit.com\/documentation#\/lists\/HJQBQ1Hw\/sections\/BkPFGISFZ\/entries\/BJZU9LHtZ?_k=wodh4e\">documenta\u00e7\u00e3o<\/a>.<\/p>\n<\/div>\n<\/div>\n<\/div>\n<\/div>\n\n\n\n<div style=\"height:110px;--tablet-height:60px;--mobile-height:48px\" class=\"wp-block-lookeen-blocks-responsive-spacer\"><\/div>\n","protected":false},"excerpt":{"rendered":"<p>Office Integrations Google Calendar &amp; Zenkit Sincronizar o Zenkit com Google Calendar ent\u00e3o voc\u00ea sempre sabe o que \u00e9 devido e quando. Sobre essa integra\u00e7\u00e3o com o Google Calendar Essa integra\u00e7\u00e3o conecta Google Calendar com o Zenkit, para que voc\u00ea possa manter seus calend\u00e1rios em sincronia e adicionar novas tarefas ou eventos ao calend\u00e1rio que [&hellip;]<\/p>\n","protected":false},"author":1,"featured_media":0,"parent":144948,"menu_order":0,"comment_status":"closed","ping_status":"closed","template":"","meta":{"yasr_overall_rating":0,"yasr_post_is_review":"","yasr_auto_insert_disabled":"","yasr_review_type":"","footnotes":""},"class_list":["post-11548","page","type-page","status-publish","hentry"],"yoast_head":"<!-- This site is optimized with the Yoast SEO plugin v27.3 - https:\/\/yoast.com\/product\/yoast-seo-wordpress\/ -->\n<title>Google Calendar | Zenkit Integra\u00e7\u00f5es<\/title>\n<meta name=\"description\" content=\"Zenkit integra-se com Google Calendar. Saiba mais aqui.\" \/>\n<meta name=\"robots\" content=\"index, follow, max-snippet:-1, max-image-preview:large, max-video-preview:-1\" \/>\n<link rel=\"canonical\" href=\"https:\/\/zenkit.com\/pt-br\/integracoes\/google-calendar\/\" \/>\n<meta property=\"og:locale\" content=\"pt_BR\" \/>\n<meta property=\"og:type\" content=\"article\" \/>\n<meta property=\"og:title\" content=\"Google Calendar | Zenkit Integra\u00e7\u00f5es\" \/>\n<meta property=\"og:description\" content=\"Zenkit integra-se com Google Calendar. Saiba mais aqui.\" \/>\n<meta property=\"og:url\" content=\"https:\/\/zenkit.com\/pt-br\/integracoes\/google-calendar\/\" \/>\n<meta property=\"og:site_name\" content=\"Zenkit\" \/>\n<meta property=\"article:publisher\" content=\"https:\/\/www.facebook.com\/ZenkitHQ\" \/>\n<meta property=\"article:modified_time\" content=\"2025-11-04T05:53:10+00:00\" \/>\n<meta property=\"og:image\" content=\"https:\/\/zenkit.com\/wp-content\/uploads\/2025\/07\/google-calendar-logo.webp\" \/>\n<meta name=\"twitter:card\" content=\"summary_large_image\" \/>\n<meta name=\"twitter:site\" content=\"@ZenkitHQ\" \/>\n<meta name=\"twitter:label1\" content=\"Est. tempo de leitura\" \/>\n\t<meta name=\"twitter:data1\" content=\"1 minuto\" \/>\n<script type=\"application\/ld+json\" class=\"yoast-schema-graph\">{\"@context\":\"https:\\\/\\\/schema.org\",\"@graph\":[{\"@type\":\"WebPage\",\"@id\":\"https:\\\/\\\/zenkit.com\\\/pt-br\\\/integracoes\\\/google-calendar\\\/\",\"url\":\"https:\\\/\\\/zenkit.com\\\/pt-br\\\/integracoes\\\/google-calendar\\\/\",\"name\":\"Google Calendar | Zenkit Integra\u00e7\u00f5es\",\"isPartOf\":{\"@id\":\"https:\\\/\\\/zenkit.com\\\/pt-br\\\/#website\"},\"primaryImageOfPage\":{\"@id\":\"https:\\\/\\\/zenkit.com\\\/pt-br\\\/integracoes\\\/google-calendar\\\/#primaryimage\"},\"image\":{\"@id\":\"https:\\\/\\\/zenkit.com\\\/pt-br\\\/integracoes\\\/google-calendar\\\/#primaryimage\"},\"thumbnailUrl\":\"https:\\\/\\\/zenkit.com\\\/wp-content\\\/uploads\\\/2025\\\/07\\\/google-calendar-logo.webp\",\"datePublished\":\"2018-06-19T19:52:33+00:00\",\"dateModified\":\"2025-11-04T05:53:10+00:00\",\"description\":\"Zenkit integra-se com Google Calendar. Saiba mais aqui.\",\"breadcrumb\":{\"@id\":\"https:\\\/\\\/zenkit.com\\\/pt-br\\\/integracoes\\\/google-calendar\\\/#breadcrumb\"},\"inLanguage\":\"pt-BR\",\"potentialAction\":[{\"@type\":\"ReadAction\",\"target\":[\"https:\\\/\\\/zenkit.com\\\/pt-br\\\/integracoes\\\/google-calendar\\\/\"]}]},{\"@type\":\"ImageObject\",\"inLanguage\":\"pt-BR\",\"@id\":\"https:\\\/\\\/zenkit.com\\\/pt-br\\\/integracoes\\\/google-calendar\\\/#primaryimage\",\"url\":\"https:\\\/\\\/zenkit.com\\\/wp-content\\\/uploads\\\/2025\\\/07\\\/google-calendar-logo.webp\",\"contentUrl\":\"https:\\\/\\\/zenkit.com\\\/wp-content\\\/uploads\\\/2025\\\/07\\\/google-calendar-logo.webp\"},{\"@type\":\"BreadcrumbList\",\"@id\":\"https:\\\/\\\/zenkit.com\\\/pt-br\\\/integracoes\\\/google-calendar\\\/#breadcrumb\",\"itemListElement\":[{\"@type\":\"ListItem\",\"position\":1,\"name\":\"Home\",\"item\":\"https:\\\/\\\/zenkit.com\\\/pt-br\\\/\"},{\"@type\":\"ListItem\",\"position\":2,\"name\":\"Integra\u00e7\u00f5es\",\"item\":\"https:\\\/\\\/zenkit.com\\\/pt-br\\\/integracoes\\\/\"},{\"@type\":\"ListItem\",\"position\":3,\"name\":\"Google Calendar\"}]},{\"@type\":\"WebSite\",\"@id\":\"https:\\\/\\\/zenkit.com\\\/pt-br\\\/#website\",\"url\":\"https:\\\/\\\/zenkit.com\\\/pt-br\\\/\",\"name\":\"Zenkit\",\"description\":\"Zenkit Tagline\",\"potentialAction\":[{\"@type\":\"SearchAction\",\"target\":{\"@type\":\"EntryPoint\",\"urlTemplate\":\"https:\\\/\\\/zenkit.com\\\/pt-br\\\/?s={search_term_string}\"},\"query-input\":{\"@type\":\"PropertyValueSpecification\",\"valueRequired\":true,\"valueName\":\"search_term_string\"}}],\"inLanguage\":\"pt-BR\"},false]}<\/script>\n<!-- \/ Yoast SEO plugin. -->","yoast_head_json":{"title":"Google Calendar | Zenkit Integra\u00e7\u00f5es","description":"Zenkit integra-se com Google Calendar. Saiba mais aqui.","robots":{"index":"index","follow":"follow","max-snippet":"max-snippet:-1","max-image-preview":"max-image-preview:large","max-video-preview":"max-video-preview:-1"},"canonical":"https:\/\/zenkit.com\/pt-br\/integracoes\/google-calendar\/","og_locale":"pt_BR","og_type":"article","og_title":"Google Calendar | Zenkit Integra\u00e7\u00f5es","og_description":"Zenkit integra-se com Google Calendar. Saiba mais aqui.","og_url":"https:\/\/zenkit.com\/pt-br\/integracoes\/google-calendar\/","og_site_name":"Zenkit","article_publisher":"https:\/\/www.facebook.com\/ZenkitHQ","article_modified_time":"2025-11-04T05:53:10+00:00","og_image":[{"url":"https:\/\/zenkit.com\/wp-content\/uploads\/2025\/07\/google-calendar-logo.webp","type":"","width":"","height":""}],"twitter_card":"summary_large_image","twitter_site":"@ZenkitHQ","twitter_misc":{"Est. tempo de leitura":"1 minuto"},"schema":{"@context":"https:\/\/schema.org","@graph":[{"@type":"WebPage","@id":"https:\/\/zenkit.com\/pt-br\/integracoes\/google-calendar\/","url":"https:\/\/zenkit.com\/pt-br\/integracoes\/google-calendar\/","name":"Google Calendar | Zenkit Integra\u00e7\u00f5es","isPartOf":{"@id":"https:\/\/zenkit.com\/pt-br\/#website"},"primaryImageOfPage":{"@id":"https:\/\/zenkit.com\/pt-br\/integracoes\/google-calendar\/#primaryimage"},"image":{"@id":"https:\/\/zenkit.com\/pt-br\/integracoes\/google-calendar\/#primaryimage"},"thumbnailUrl":"https:\/\/zenkit.com\/wp-content\/uploads\/2025\/07\/google-calendar-logo.webp","datePublished":"2018-06-19T19:52:33+00:00","dateModified":"2025-11-04T05:53:10+00:00","description":"Zenkit integra-se com Google Calendar. Saiba mais aqui.","breadcrumb":{"@id":"https:\/\/zenkit.com\/pt-br\/integracoes\/google-calendar\/#breadcrumb"},"inLanguage":"pt-BR","potentialAction":[{"@type":"ReadAction","target":["https:\/\/zenkit.com\/pt-br\/integracoes\/google-calendar\/"]}]},{"@type":"ImageObject","inLanguage":"pt-BR","@id":"https:\/\/zenkit.com\/pt-br\/integracoes\/google-calendar\/#primaryimage","url":"https:\/\/zenkit.com\/wp-content\/uploads\/2025\/07\/google-calendar-logo.webp","contentUrl":"https:\/\/zenkit.com\/wp-content\/uploads\/2025\/07\/google-calendar-logo.webp"},{"@type":"BreadcrumbList","@id":"https:\/\/zenkit.com\/pt-br\/integracoes\/google-calendar\/#breadcrumb","itemListElement":[{"@type":"ListItem","position":1,"name":"Home","item":"https:\/\/zenkit.com\/pt-br\/"},{"@type":"ListItem","position":2,"name":"Integra\u00e7\u00f5es","item":"https:\/\/zenkit.com\/pt-br\/integracoes\/"},{"@type":"ListItem","position":3,"name":"Google Calendar"}]},{"@type":"WebSite","@id":"https:\/\/zenkit.com\/pt-br\/#website","url":"https:\/\/zenkit.com\/pt-br\/","name":"Zenkit","description":"Zenkit Tagline","potentialAction":[{"@type":"SearchAction","target":{"@type":"EntryPoint","urlTemplate":"https:\/\/zenkit.com\/pt-br\/?s={search_term_string}"},"query-input":{"@type":"PropertyValueSpecification","valueRequired":true,"valueName":"search_term_string"}}],"inLanguage":"pt-BR"},false]}},"yasr_visitor_votes":{"stars_attributes":{"read_only":false,"span_bottom":false},"number_of_votes":0,"sum_votes":0},"_links":{"self":[{"href":"https:\/\/zenkit.com\/pt-br\/wp-json\/wp\/v2\/pages\/11548","targetHints":{"allow":["GET"]}}],"collection":[{"href":"https:\/\/zenkit.com\/pt-br\/wp-json\/wp\/v2\/pages"}],"about":[{"href":"https:\/\/zenkit.com\/pt-br\/wp-json\/wp\/v2\/types\/page"}],"author":[{"embeddable":true,"href":"https:\/\/zenkit.com\/pt-br\/wp-json\/wp\/v2\/users\/1"}],"replies":[{"embeddable":true,"href":"https:\/\/zenkit.com\/pt-br\/wp-json\/wp\/v2\/comments?post=11548"}],"version-history":[{"count":2,"href":"https:\/\/zenkit.com\/pt-br\/wp-json\/wp\/v2\/pages\/11548\/revisions"}],"predecessor-version":[{"id":145294,"href":"https:\/\/zenkit.com\/pt-br\/wp-json\/wp\/v2\/pages\/11548\/revisions\/145294"}],"up":[{"embeddable":true,"href":"https:\/\/zenkit.com\/pt-br\/wp-json\/wp\/v2\/pages\/144948"}],"wp:attachment":[{"href":"https:\/\/zenkit.com\/pt-br\/wp-json\/wp\/v2\/media?parent=11548"}],"curies":[{"name":"wp","href":"https:\/\/api.w.org\/{rel}","templated":true}]}}