{"id":11602,"date":"2018-06-20T23:23:55","date_gmt":"2018-06-20T21:23:55","guid":{"rendered":"https:\/\/zenkit.com?page_id=11602"},"modified":"2025-11-23T19:58:20","modified_gmt":"2025-11-23T18:58:20","slug":"kanban","status":"publish","type":"page","link":"https:\/\/zenkit.com\/pt-br\/kanban\/","title":{"rendered":"Kanban"},"content":{"rendered":"\n<div class=\"wp-block-group has-global-padding is-layout-constrained wp-block-group-is-layout-constrained\">\n<div class=\"wp-block-group width--950 has-global-padding is-layout-constrained wp-block-group-is-layout-constrained\">\n<div style=\"height:45px;--tablet-height:45px;--mobile-height:16px\" class=\"wp-block-lookeen-blocks-responsive-spacer\"><\/div>\n\n\n\n<div class=\"wp-block-group has-global-padding is-layout-constrained wp-block-group-is-layout-constrained\">\n<h1 class=\"wp-block-heading has-text-align-center\" style=\"margin-bottom:8px\">Crie um quadro kanban para gerenciar seus projetos<\/h1>\n<\/div>\n\n\n\n<div class=\"wp-block-group has-global-padding is-layout-constrained wp-block-group-is-layout-constrained\">\n<p class=\"has-text-align-center subheading\">Uma maneira visual de acompanhar seus projetos, categorizar tarefas de forma intuitiva e mov\u00ea-las em trabalho para conclu\u00eddas.<\/p>\n<\/div>\n\n\n\n<div style=\"height:48px;--tablet-height:48px;--mobile-height:36px\" class=\"wp-block-lookeen-blocks-responsive-spacer\"><\/div>\n<\/div>\n<\/div>\n\n\n\n<div class=\"wp-block-group has-global-padding is-layout-constrained wp-block-group-is-layout-constrained\">\n<div class=\"wp-block-group application__grid has-global-padding is-layout-constrained wp-block-group-is-layout-constrained\">\n<div class=\"wp-block-group application__box has-global-padding is-layout-constrained wp-block-group-is-layout-constrained\" style=\"border-radius:20px\">\n<i class=\"zi zi-mode-list\"><\/i>\n\n\n\n<h3 class=\"wp-block-heading has-text-align-center card__title\" style=\"font-size:20px\">Organize por qualquer categoria<\/h3>\n\n\n\n<p class=\"has-text-align-center has-da-grey-1-color has-text-color has-link-color wp-elements-9f55db1d329a2d1d12546936ec505101\" style=\"margin-bottom:16px\">Escolha como voc\u00ea visualiza suas listas de kanban para atender \u00e0s suas necessidades. Veja as tarefas por progresso, prioridade, localiza\u00e7\u00e3o, tipo de tarefa e mais. Mude a qualquer momento.<\/p>\n<\/div>\n\n\n\n<div class=\"wp-block-group application__box has-global-padding is-layout-constrained wp-block-group-is-layout-constrained\" style=\"border-radius:20px\">\n<i class=\"zi zi-mode-list\"><\/i>\n\n\n\n<h3 class=\"wp-block-heading has-text-align-center card__title\" style=\"font-size:20px\">Raias and linhas<\/h3>\n\n\n\n<p class=\"has-text-align-center has-da-grey-1-color has-text-color has-link-color wp-elements-16fa1489494de9e87052075335f6cd8c\" style=\"margin-bottom:16px\">Use qualquer r\u00f3tulo ou campo de membro para classificar seu quadro de Kanban horizontalmente e verticalmente. Veja o progresso por membro da equipe ou crie uma matriz de prioridades.<\/p>\n<\/div>\n\n\n\n<div class=\"wp-block-group application__box has-global-padding is-layout-constrained wp-block-group-is-layout-constrained\" style=\"border-radius:20px\">\n<i class=\"zi zi-mode-list\"><\/i>\n\n\n\n<h3 class=\"wp-block-heading has-text-align-center card__title\" style=\"font-size:20px\">Acompanhar colabora\u00e7\u00f5es<\/h3>\n\n\n\n<p class=\"has-text-align-center has-da-grey-1-color has-text-color has-link-color wp-elements-c6ae251f93951ef83d44d41c0d46371a\" style=\"margin-bottom:16px\">Veja as tarefas pelas quais eles s\u00e3o atribu\u00eddos. Alterne facilmente as atribui\u00e7\u00f5es arrastando e soltando tarefas de um membro da equipe para o pr\u00f3ximo.<\/p>\n<\/div>\n<\/div>\n<\/div>\n\n\n\n<div class=\"wp-block-group has-global-padding is-layout-constrained wp-block-group-is-layout-constrained\">\n<div style=\"height:88px;--tablet-height:72px;--mobile-height:36px\" class=\"wp-block-lookeen-blocks-responsive-spacer\"><\/div>\n\n\n\n<h2 class=\"wp-block-heading has-text-align-center\">O que torna os quadros kanban Zenkit diferentes?<\/h2>\n\n\n\n<p class=\"has-text-align-center\">A maioria dos quadros Kanban \u00e9 uma excelente maneira de acompanhar visualmente o progresso de um projeto, identificar gargalos e planejar o avan\u00e7o. Mas e se voc\u00ea preferir ver suas tarefas categorizadas por prioridade? Ou se quiser uma vis\u00e3o intuitiva de quem est\u00e1 fazendo o qu\u00ea?<\/p>\n\n\n\n<p class=\"has-text-align-center\">No Zenkit, voc\u00ea pode sempre mudar como o seu quadro Kanban \u00e9 exibido. Escolha por qual categoria ordenar as listas. Adicione swimlanes para criar uma matriz. Veja tantas ou poucas informa\u00e7\u00f5es quanto desejar.<\/p>\n\n\n\n<p class=\"has-text-align-center\">Zenkit tamb\u00e9m \u00e9 um software de fluxo de trabalho f\u00e1cil de usar. Voc\u00ea pode criar seus pr\u00f3prios fluxos de trabalho personalizados e at\u00e9 templates de fluxo de trabalho. Se voc\u00ea usa um fluxo de trabalho sequencial ou algo mais complexo, o Zenkit pode lidar com isso com sua visualiza\u00e7\u00e3o Kanban flex\u00edvel.<\/p>\n\n\n\n<div style=\"height:88px;--tablet-height:72px;--mobile-height:36px\" class=\"wp-block-lookeen-blocks-responsive-spacer\"><\/div>\n<\/div>\n\n\n\n<div class=\"wp-block-group has-da-blue-light-background-color has-background has-global-padding is-layout-constrained wp-container-core-group-is-layout-bea02a06 wp-block-group-is-layout-constrained\">\n<div style=\"height:88px;--tablet-height:72px;--mobile-height:36px\" class=\"wp-block-lookeen-blocks-responsive-spacer\"><\/div>\n\n\n\n<h2 class=\"wp-block-heading has-text-align-center\">Confi\u00e1vel por milhares de equipes em todo o mundo<\/h2>\n\n\n\n<p class=\"has-text-align-center\">Nunca perca tempo procurando entre e-mails, trocando entre aplicativos ou duplicando o trabalho. Acompanhe todos os seus projetos em um \u00fanico lugar com o Zenkit.<\/p>\n\n\n\n<p class=\"has-text-align-center\">N\u00e3o mude a forma como voc\u00ea trabalha para se adaptar \u00e0s ferramentas. Trabalhe com uma ferramenta que se adapta ao seu fluxo de trabalho, sua equipe e seus projetos.<\/p>\n\n\n\n<p class=\"has-text-align-center\">Use uma ferramenta que n\u00e3o s\u00f3 ajuda voc\u00ea a gerenciar seus projetos, mas tamb\u00e9m facilita a gest\u00e3o de todos os aspectos do seu neg\u00f3cio.<\/p>\n\n\n\n<div style=\"height:88px;--tablet-height:72px;--mobile-height:36px\" class=\"wp-block-lookeen-blocks-responsive-spacer\"><\/div>\n<\/div>\n\n\n\n<div style=\"height:88px;--tablet-height:72px;--mobile-height:36px\" class=\"wp-block-lookeen-blocks-responsive-spacer\"><\/div>\n\n\n\n<div class=\"wp-block-group has-global-padding is-layout-constrained wp-container-core-group-is-layout-bea02a06 wp-block-group-is-layout-constrained\">\n<h2 class=\"wp-block-heading has-text-align-center\">Trabalhe com ferramentas que voc\u00ea j\u00e1 utiliza<\/h2>\n\n\n\n<p class=\"has-text-align-center\" style=\"margin-bottom:0px\">Zenkit pode enviar e receber informa\u00e7\u00f5es de outros aplicativos que voc\u00ea usa, para que seu trabalho esteja todo em um s\u00f3 lugar. Gra\u00e7as ao Zapier, Zenkit pode se conectar com mais de 1000 outros servi\u00e7os.<\/p>\n\n\n\n<div style=\"height:48px;--tablet-height:36px;--mobile-height:24px\" class=\"wp-block-lookeen-blocks-responsive-spacer\"><\/div>\n\n\n\n<div class=\"wp-block-group has-global-padding is-layout-constrained wp-container-core-group-is-layout-a099c240 wp-block-group-is-layout-constrained\">\n<div class=\"wp-block-group is-content-justification-center is-layout-flex wp-container-core-group-is-layout-635e4504 wp-block-group-is-layout-flex\">\n<figure class=\"wp-block-image size-full is-resized\"><a href=\"https:\/\/zenkit.com\/pt-br\/integracoes\/google-sheets\/\"><img loading=\"lazy\" decoding=\"async\" width=\"128\" height=\"128\" src=\"https:\/\/zenkit.com\/wp-content\/uploads\/2025\/05\/google-sheets-logo.webp\" alt=\"google-sheets\" class=\"wp-image-112045\" style=\"width:80px\"\/><\/a><\/figure>\n\n\n\n<figure class=\"wp-block-image size-full is-resized\"><a href=\"https:\/\/zenkit.com\/pt-br\/integracoes\/evernote\/\"><img loading=\"lazy\" decoding=\"async\" width=\"360\" height=\"360\" src=\"https:\/\/zenkit.com\/wp-content\/uploads\/2025\/05\/evernote-logo.webp\" alt=\"evernote\" class=\"wp-image-112035\" style=\"width:80px\" srcset=\"https:\/\/zenkit.com\/wp-content\/uploads\/2025\/05\/evernote-logo.webp 360w, https:\/\/zenkit.com\/wp-content\/uploads\/2025\/05\/evernote-logo-300x300.webp 300w, https:\/\/zenkit.com\/wp-content\/uploads\/2025\/05\/evernote-logo-150x150.webp 150w\" sizes=\"auto, (max-width: 360px) 100vw, 360px\" \/><\/a><\/figure>\n\n\n\n<figure class=\"wp-block-image size-full is-resized\"><a href=\"https:\/\/zenkit.com\/pt-br\/integracoes\/google-calendar\/\"><img loading=\"lazy\" decoding=\"async\" width=\"128\" height=\"128\" src=\"https:\/\/zenkit.com\/wp-content\/uploads\/2025\/05\/google-calendar-logo.webp\" alt=\"google-calender\" class=\"wp-image-112055\" style=\"width:80px\"\/><\/a><\/figure>\n\n\n\n<figure class=\"wp-block-image size-full is-resized\"><a href=\"https:\/\/zenkit.com\/pt-br\/trello\/\"><img loading=\"lazy\" decoding=\"async\" width=\"280\" height=\"280\" src=\"https:\/\/zenkit.com\/wp-content\/uploads\/2025\/05\/trello-logo-1.webp\" alt=\"trello logo\" class=\"wp-image-112107\" style=\"width:80px\" srcset=\"https:\/\/zenkit.com\/wp-content\/uploads\/2025\/05\/trello-logo-1.webp 280w, https:\/\/zenkit.com\/wp-content\/uploads\/2025\/05\/trello-logo-1-150x150.webp 150w\" sizes=\"auto, (max-width: 280px) 100vw, 280px\" \/><\/a><\/figure>\n\n\n\n<figure class=\"wp-block-image size-full is-resized\"><a href=\"https:\/\/zenkit.com\/pt-br\/integracoes\/asana\/\"><img loading=\"lazy\" decoding=\"async\" width=\"280\" height=\"280\" src=\"https:\/\/zenkit.com\/wp-content\/uploads\/2025\/05\/asana-logo.webp\" alt=\"asana logo\" class=\"wp-image-112117\" style=\"width:80px\" srcset=\"https:\/\/zenkit.com\/wp-content\/uploads\/2025\/05\/asana-logo.webp 280w, https:\/\/zenkit.com\/wp-content\/uploads\/2025\/05\/asana-logo-150x150.webp 150w\" sizes=\"auto, (max-width: 280px) 100vw, 280px\" \/><\/a><\/figure>\n\n\n\n<figure class=\"wp-block-image size-full is-resized\"><a href=\"https:\/\/zenkit.com\/pt-br\/integracoes\/slack\/\"><img loading=\"lazy\" decoding=\"async\" width=\"297\" height=\"297\" src=\"https:\/\/zenkit.com\/wp-content\/uploads\/2025\/05\/slack-logo.webp\" alt=\"slack logo\" class=\"wp-image-112127\" style=\"width:80px\" srcset=\"https:\/\/zenkit.com\/wp-content\/uploads\/2025\/05\/slack-logo.webp 297w, https:\/\/zenkit.com\/wp-content\/uploads\/2025\/05\/slack-logo-150x150.webp 150w\" sizes=\"auto, (max-width: 297px) 100vw, 297px\" \/><\/a><\/figure>\n\n\n\n<figure class=\"wp-block-image size-full is-resized\"><a href=\"https:\/\/zenkit.com\/pt-br\/integracoes\/gmail\/\"><img loading=\"lazy\" decoding=\"async\" width=\"512\" height=\"512\" src=\"https:\/\/zenkit.com\/wp-content\/uploads\/2025\/05\/Gmail-logo.webp\" alt=\"gmail logo\" class=\"wp-image-112137\" style=\"width:80px\" srcset=\"https:\/\/zenkit.com\/wp-content\/uploads\/2025\/05\/Gmail-logo.webp 512w, https:\/\/zenkit.com\/wp-content\/uploads\/2025\/05\/Gmail-logo-300x300.webp 300w, https:\/\/zenkit.com\/wp-content\/uploads\/2025\/05\/Gmail-logo-150x150.webp 150w\" sizes=\"auto, (max-width: 512px) 100vw, 512px\" \/><\/a><\/figure>\n\n\n\n<figure class=\"wp-block-image size-full is-resized\"><a href=\"https:\/\/zenkit.com\/pt-br\/integracoes\/sharpspring\/\"><img loading=\"lazy\" decoding=\"async\" width=\"650\" height=\"650\" src=\"https:\/\/zenkit.com\/wp-content\/uploads\/2025\/05\/sharpspring-logo.webp\" alt=\"sharpspring logo\" class=\"wp-image-112147\" style=\"width:80px\" srcset=\"https:\/\/zenkit.com\/wp-content\/uploads\/2025\/05\/sharpspring-logo.webp 650w, https:\/\/zenkit.com\/wp-content\/uploads\/2025\/05\/sharpspring-logo-300x300.webp 300w, https:\/\/zenkit.com\/wp-content\/uploads\/2025\/05\/sharpspring-logo-150x150.webp 150w\" sizes=\"auto, (max-width: 650px) 100vw, 650px\" \/><\/a><\/figure>\n\n\n\n<figure class=\"wp-block-image size-full is-resized\"><a href=\"https:\/\/zenkit.com\/pt-br\/integracoes\/dropbox\/\"><img loading=\"lazy\" decoding=\"async\" width=\"1026\" height=\"1026\" src=\"https:\/\/zenkit.com\/wp-content\/uploads\/2025\/05\/dropbox-logo.webp\" alt=\"dropbox-logo\" class=\"wp-image-112087\" style=\"width:80px\" srcset=\"https:\/\/zenkit.com\/wp-content\/uploads\/2025\/05\/dropbox-logo.webp 1026w, https:\/\/zenkit.com\/wp-content\/uploads\/2025\/05\/dropbox-logo-300x300.webp 300w, https:\/\/zenkit.com\/wp-content\/uploads\/2025\/05\/dropbox-logo-1024x1024.webp 1024w, https:\/\/zenkit.com\/wp-content\/uploads\/2025\/05\/dropbox-logo-150x150.webp 150w, https:\/\/zenkit.com\/wp-content\/uploads\/2025\/05\/dropbox-logo-768x768.webp 768w\" sizes=\"auto, (max-width: 1026px) 100vw, 1026px\" \/><\/a><\/figure>\n\n\n\n<figure class=\"wp-block-image size-full is-resized\"><a href=\"https:\/\/zenkit.com\/pt-br\/integracoes\/google-drive\/\"><img loading=\"lazy\" decoding=\"async\" width=\"128\" height=\"128\" src=\"https:\/\/zenkit.com\/wp-content\/uploads\/2025\/05\/google-drive-logo.webp\" alt=\"google-drive logo\" class=\"wp-image-112076\" style=\"width:80px\"\/><\/a><\/figure>\n\n\n\n<figure class=\"wp-block-image size-full is-resized\"><a href=\"https:\/\/zenkit.com\/pt-br\/integracoes\/box\/\"><img loading=\"lazy\" decoding=\"async\" width=\"625\" height=\"625\" src=\"https:\/\/zenkit.com\/wp-content\/uploads\/2025\/05\/box-logo.webp\" alt=\"box logo\" class=\"wp-image-112097\" style=\"width:80px\" srcset=\"https:\/\/zenkit.com\/wp-content\/uploads\/2025\/05\/box-logo.webp 625w, https:\/\/zenkit.com\/wp-content\/uploads\/2025\/05\/box-logo-300x300.webp 300w, https:\/\/zenkit.com\/wp-content\/uploads\/2025\/05\/box-logo-150x150.webp 150w\" sizes=\"auto, (max-width: 625px) 100vw, 625px\" \/><\/a><\/figure>\n<\/div>\n<\/div>\n<\/div>\n\n\n\n<div style=\"height:110px;--tablet-height:60px;--mobile-height:48px\" class=\"wp-block-lookeen-blocks-responsive-spacer\"><\/div>\n","protected":false},"excerpt":{"rendered":"<p>Crie um quadro kanban para gerenciar seus projetos Uma maneira visual de acompanhar seus projetos, categorizar tarefas de forma intuitiva e mov\u00ea-las em trabalho para conclu\u00eddas. Organize por qualquer categoria Escolha como voc\u00ea visualiza suas listas de kanban para atender \u00e0s suas necessidades. Veja as tarefas por progresso, prioridade, localiza\u00e7\u00e3o, tipo de tarefa e mais. [&hellip;]<\/p>\n","protected":false},"author":1,"featured_media":0,"parent":0,"menu_order":1,"comment_status":"closed","ping_status":"closed","template":"","meta":{"yasr_overall_rating":0,"yasr_post_is_review":"","yasr_auto_insert_disabled":"","yasr_review_type":"","footnotes":""},"class_list":["post-11602","page","type-page","status-publish","hentry"],"yoast_head":"<!-- This site is optimized with the Yoast SEO plugin v27.4 - https:\/\/yoast.com\/product\/yoast-seo-wordpress\/ -->\n<title>Quadros Kanban | Zenkit<\/title>\n<meta name=\"description\" content=\"Intuitivamente, gerencie projetos usando os quadros kanban do Zenkit. Planeje facilmente seu fluxo de trabalho, visualize o progresso e identifique gargalos na exibi\u00e7\u00e3o do Kanban.\" \/>\n<meta name=\"robots\" content=\"index, follow, max-snippet:-1, max-image-preview:large, max-video-preview:-1\" \/>\n<link rel=\"canonical\" href=\"https:\/\/zenkit.com\/pt-br\/kanban\/\" \/>\n<meta property=\"og:locale\" content=\"pt_BR\" \/>\n<meta property=\"og:type\" content=\"article\" \/>\n<meta property=\"og:title\" content=\"Quadros Kanban | Zenkit\" \/>\n<meta property=\"og:description\" content=\"Intuitivamente, gerencie projetos usando os quadros kanban do Zenkit. Planeje facilmente seu fluxo de trabalho, visualize o progresso e identifique gargalos na exibi\u00e7\u00e3o do Kanban.\" \/>\n<meta property=\"og:url\" content=\"https:\/\/zenkit.com\/pt-br\/kanban\/\" \/>\n<meta property=\"og:site_name\" content=\"Zenkit\" \/>\n<meta property=\"article:publisher\" content=\"https:\/\/www.facebook.com\/ZenkitHQ\" \/>\n<meta property=\"article:modified_time\" content=\"2025-11-23T18:58:20+00:00\" \/>\n<meta property=\"og:image\" content=\"https:\/\/zenkit.com\/wp-content\/uploads\/2025\/05\/google-sheets-logo.webp\" \/>\n\t<meta property=\"og:image:width\" content=\"128\" \/>\n\t<meta property=\"og:image:height\" content=\"128\" \/>\n\t<meta property=\"og:image:type\" content=\"image\/webp\" \/>\n<meta name=\"twitter:card\" content=\"summary_large_image\" \/>\n<meta name=\"twitter:site\" content=\"@ZenkitHQ\" \/>\n<meta name=\"twitter:label1\" content=\"Est. tempo de leitura\" \/>\n\t<meta name=\"twitter:data1\" content=\"16 minutos\" \/>\n<script type=\"application\/ld+json\" class=\"yoast-schema-graph\">{\"@context\":\"https:\\\/\\\/schema.org\",\"@graph\":[{\"@type\":\"WebPage\",\"@id\":\"https:\\\/\\\/zenkit.com\\\/pt-br\\\/kanban\\\/\",\"url\":\"https:\\\/\\\/zenkit.com\\\/pt-br\\\/kanban\\\/\",\"name\":\"Quadros Kanban | Zenkit\",\"isPartOf\":{\"@id\":\"https:\\\/\\\/zenkit.com\\\/pt-br\\\/#website\"},\"primaryImageOfPage\":{\"@id\":\"https:\\\/\\\/zenkit.com\\\/pt-br\\\/kanban\\\/#primaryimage\"},\"image\":{\"@id\":\"https:\\\/\\\/zenkit.com\\\/pt-br\\\/kanban\\\/#primaryimage\"},\"thumbnailUrl\":\"https:\\\/\\\/zenkit.com\\\/wp-content\\\/uploads\\\/2025\\\/05\\\/google-sheets-logo.webp\",\"datePublished\":\"2018-06-20T21:23:55+00:00\",\"dateModified\":\"2025-11-23T18:58:20+00:00\",\"description\":\"Intuitivamente, gerencie projetos usando os quadros kanban do Zenkit. Planeje facilmente seu fluxo de trabalho, visualize o progresso e identifique gargalos na exibi\u00e7\u00e3o do Kanban.\",\"breadcrumb\":{\"@id\":\"https:\\\/\\\/zenkit.com\\\/pt-br\\\/kanban\\\/#breadcrumb\"},\"inLanguage\":\"pt-BR\",\"potentialAction\":[{\"@type\":\"ReadAction\",\"target\":[\"https:\\\/\\\/zenkit.com\\\/pt-br\\\/kanban\\\/\"]}]},{\"@type\":\"ImageObject\",\"inLanguage\":\"pt-BR\",\"@id\":\"https:\\\/\\\/zenkit.com\\\/pt-br\\\/kanban\\\/#primaryimage\",\"url\":\"https:\\\/\\\/zenkit.com\\\/wp-content\\\/uploads\\\/2025\\\/05\\\/google-sheets-logo.webp\",\"contentUrl\":\"https:\\\/\\\/zenkit.com\\\/wp-content\\\/uploads\\\/2025\\\/05\\\/google-sheets-logo.webp\"},{\"@type\":\"BreadcrumbList\",\"@id\":\"https:\\\/\\\/zenkit.com\\\/pt-br\\\/kanban\\\/#breadcrumb\",\"itemListElement\":[{\"@type\":\"ListItem\",\"position\":1,\"name\":\"Home\",\"item\":\"https:\\\/\\\/zenkit.com\\\/pt-br\\\/\"},{\"@type\":\"ListItem\",\"position\":2,\"name\":\"Kanban\"}]},{\"@type\":\"WebSite\",\"@id\":\"https:\\\/\\\/zenkit.com\\\/pt-br\\\/#website\",\"url\":\"https:\\\/\\\/zenkit.com\\\/pt-br\\\/\",\"name\":\"Zenkit\",\"description\":\"Zenkit Tagline\",\"potentialAction\":[{\"@type\":\"SearchAction\",\"target\":{\"@type\":\"EntryPoint\",\"urlTemplate\":\"https:\\\/\\\/zenkit.com\\\/pt-br\\\/?s={search_term_string}\"},\"query-input\":{\"@type\":\"PropertyValueSpecification\",\"valueRequired\":true,\"valueName\":\"search_term_string\"}}],\"inLanguage\":\"pt-BR\"},false]}<\/script>\n<!-- \/ Yoast SEO plugin. -->","yoast_head_json":{"title":"Quadros Kanban | Zenkit","description":"Intuitivamente, gerencie projetos usando os quadros kanban do Zenkit. Planeje facilmente seu fluxo de trabalho, visualize o progresso e identifique gargalos na exibi\u00e7\u00e3o do Kanban.","robots":{"index":"index","follow":"follow","max-snippet":"max-snippet:-1","max-image-preview":"max-image-preview:large","max-video-preview":"max-video-preview:-1"},"canonical":"https:\/\/zenkit.com\/pt-br\/kanban\/","og_locale":"pt_BR","og_type":"article","og_title":"Quadros Kanban | Zenkit","og_description":"Intuitivamente, gerencie projetos usando os quadros kanban do Zenkit. Planeje facilmente seu fluxo de trabalho, visualize o progresso e identifique gargalos na exibi\u00e7\u00e3o do Kanban.","og_url":"https:\/\/zenkit.com\/pt-br\/kanban\/","og_site_name":"Zenkit","article_publisher":"https:\/\/www.facebook.com\/ZenkitHQ","article_modified_time":"2025-11-23T18:58:20+00:00","og_image":[{"width":128,"height":128,"url":"https:\/\/zenkit.com\/wp-content\/uploads\/2025\/05\/google-sheets-logo.webp","type":"image\/webp"}],"twitter_card":"summary_large_image","twitter_site":"@ZenkitHQ","twitter_misc":{"Est. tempo de leitura":"16 minutos"},"schema":{"@context":"https:\/\/schema.org","@graph":[{"@type":"WebPage","@id":"https:\/\/zenkit.com\/pt-br\/kanban\/","url":"https:\/\/zenkit.com\/pt-br\/kanban\/","name":"Quadros Kanban | Zenkit","isPartOf":{"@id":"https:\/\/zenkit.com\/pt-br\/#website"},"primaryImageOfPage":{"@id":"https:\/\/zenkit.com\/pt-br\/kanban\/#primaryimage"},"image":{"@id":"https:\/\/zenkit.com\/pt-br\/kanban\/#primaryimage"},"thumbnailUrl":"https:\/\/zenkit.com\/wp-content\/uploads\/2025\/05\/google-sheets-logo.webp","datePublished":"2018-06-20T21:23:55+00:00","dateModified":"2025-11-23T18:58:20+00:00","description":"Intuitivamente, gerencie projetos usando os quadros kanban do Zenkit. Planeje facilmente seu fluxo de trabalho, visualize o progresso e identifique gargalos na exibi\u00e7\u00e3o do Kanban.","breadcrumb":{"@id":"https:\/\/zenkit.com\/pt-br\/kanban\/#breadcrumb"},"inLanguage":"pt-BR","potentialAction":[{"@type":"ReadAction","target":["https:\/\/zenkit.com\/pt-br\/kanban\/"]}]},{"@type":"ImageObject","inLanguage":"pt-BR","@id":"https:\/\/zenkit.com\/pt-br\/kanban\/#primaryimage","url":"https:\/\/zenkit.com\/wp-content\/uploads\/2025\/05\/google-sheets-logo.webp","contentUrl":"https:\/\/zenkit.com\/wp-content\/uploads\/2025\/05\/google-sheets-logo.webp"},{"@type":"BreadcrumbList","@id":"https:\/\/zenkit.com\/pt-br\/kanban\/#breadcrumb","itemListElement":[{"@type":"ListItem","position":1,"name":"Home","item":"https:\/\/zenkit.com\/pt-br\/"},{"@type":"ListItem","position":2,"name":"Kanban"}]},{"@type":"WebSite","@id":"https:\/\/zenkit.com\/pt-br\/#website","url":"https:\/\/zenkit.com\/pt-br\/","name":"Zenkit","description":"Zenkit Tagline","potentialAction":[{"@type":"SearchAction","target":{"@type":"EntryPoint","urlTemplate":"https:\/\/zenkit.com\/pt-br\/?s={search_term_string}"},"query-input":{"@type":"PropertyValueSpecification","valueRequired":true,"valueName":"search_term_string"}}],"inLanguage":"pt-BR"},false]}},"yasr_visitor_votes":{"stars_attributes":{"read_only":false,"span_bottom":false},"number_of_votes":0,"sum_votes":0},"_links":{"self":[{"href":"https:\/\/zenkit.com\/pt-br\/wp-json\/wp\/v2\/pages\/11602","targetHints":{"allow":["GET"]}}],"collection":[{"href":"https:\/\/zenkit.com\/pt-br\/wp-json\/wp\/v2\/pages"}],"about":[{"href":"https:\/\/zenkit.com\/pt-br\/wp-json\/wp\/v2\/types\/page"}],"author":[{"embeddable":true,"href":"https:\/\/zenkit.com\/pt-br\/wp-json\/wp\/v2\/users\/1"}],"replies":[{"embeddable":true,"href":"https:\/\/zenkit.com\/pt-br\/wp-json\/wp\/v2\/comments?post=11602"}],"version-history":[{"count":4,"href":"https:\/\/zenkit.com\/pt-br\/wp-json\/wp\/v2\/pages\/11602\/revisions"}],"predecessor-version":[{"id":174717,"href":"https:\/\/zenkit.com\/pt-br\/wp-json\/wp\/v2\/pages\/11602\/revisions\/174717"}],"wp:attachment":[{"href":"https:\/\/zenkit.com\/pt-br\/wp-json\/wp\/v2\/media?parent=11602"}],"curies":[{"name":"wp","href":"https:\/\/api.w.org\/{rel}","templated":true}]}}