{"id":11625,"date":"2018-06-21T00:46:09","date_gmt":"2018-06-20T22:46:09","guid":{"rendered":"https:\/\/zenkit.com?page_id=11625"},"modified":"2025-09-13T17:22:13","modified_gmt":"2025-09-13T15:22:13","slug":"to-do","status":"publish","type":"page","link":"https:\/\/zenkit.com\/pt-br\/to-do\/","title":{"rendered":"To do"},"content":{"rendered":"\n<div class=\"wp-block-group page__header has-global-padding is-layout-constrained wp-block-group-is-layout-constrained\">\n<div class=\"wp-block-group width--950 has-global-padding is-layout-constrained wp-block-group-is-layout-constrained\">\n<div style=\"height:45px;--tablet-height:45px;--mobile-height:16px\" class=\"wp-block-lookeen-blocks-responsive-spacer\"><\/div>\n\n\n\n<div class=\"wp-block-group has-global-padding is-layout-constrained wp-block-group-is-layout-constrained\">\n<h1 class=\"wp-block-heading has-text-align-center\" style=\"margin-bottom:8px\">Listas de afazeres, Zenkit Style<\/h1>\n<\/div>\n\n\n\n<div class=\"wp-block-group has-global-padding is-layout-constrained wp-block-group-is-layout-constrained\">\n<p class=\"has-text-align-center subheading\">Qualquer cole\u00e7\u00e3o no Zenkit pode ser configurada como uma cole\u00e7\u00e3o &#8220;Lista de tarefas&#8221;. Isso significa que, em qualquer visualiza\u00e7\u00e3o, voc\u00ea poder\u00e1 marcar uma caixa para marcar as tarefas como &#8220;conclu\u00eddas&#8221; e observar seu item se mover pela lista!<\/p>\n<\/div>\n\n\n\n<div style=\"height:48px;--tablet-height:36px;--mobile-height:24px\" class=\"wp-block-lookeen-blocks-responsive-spacer\"><\/div>\n\n\n\n<div class=\"wp-block-group has-global-padding is-layout-constrained wp-block-group-is-layout-constrained\" style=\"margin-bottom:8px\">\n<figure class=\"wp-block-image aligncenter size-full\"><img loading=\"lazy\" decoding=\"async\" width=\"500\" height=\"233\" src=\"https:\/\/zenkit.com\/wp-content\/uploads\/2025\/05\/Zenkit_to-do_list.gif\" alt=\"Listas de cosas por hacer, estilo Zenkit\" class=\"wp-image-115515\"\/><\/figure>\n<\/div>\n\n\n\n<div style=\"height:48px;--tablet-height:36px;--mobile-height:24px\" class=\"wp-block-lookeen-blocks-responsive-spacer\"><\/div>\n\n\n\n<p class=\"has-text-align-center\">E voc\u00ea n\u00e3o tem que ficar com &#8220;To Do&#8221; e &#8220;Done&#8221; &#8211; isso funciona para qualquer tipo de r\u00f3tulo que voc\u00ea gosta. Mova o invent\u00e1rio de &#8220;Dispon\u00edvel&#8221; para &#8220;Esgotado&#8221;, marque os aplicativos como &#8220;Aceito&#8221; ou acompanhe a chegada dos participantes do evento.<\/p>\n<\/div>\n\n\n\n<div style=\"height:88px;--tablet-height:72px;--mobile-height:40px\" class=\"wp-block-lookeen-blocks-responsive-spacer\"><\/div>\n<\/div>\n\n\n\n<div class=\"wp-block-group page__header has-global-padding is-layout-constrained wp-block-group-is-layout-constrained\">\n<div class=\"wp-block-group width--950 has-global-padding is-layout-constrained wp-block-group-is-layout-constrained\">\n<div class=\"wp-block-group has-global-padding is-layout-constrained wp-block-group-is-layout-constrained\">\n<h2 class=\"wp-block-heading has-text-align-center\" style=\"margin-bottom:8px\">Triste por ver o Wunderlist ir?<\/h2>\n<\/div>\n\n\n\n<div class=\"wp-block-group has-global-padding is-layout-constrained wp-block-group-is-layout-constrained\">\n<p class=\"has-text-align-center subheading\">N\u00f3s tamb\u00e9m. Mas com as listas de tarefas, criamos um espa\u00e7o no Zenkit para os Wunderlisters que procuram uma nova casa. Conecte sua conta do Wunderlist ao Zenkit para importar facilmente suas listas em segundos.<\/p>\n<\/div>\n\n\n\n<div style=\"height:48px;--tablet-height:36px;--mobile-height:24px\" class=\"wp-block-lookeen-blocks-responsive-spacer\"><\/div>\n\n\n\n<div class=\"wp-block-group has-global-padding is-layout-constrained wp-block-group-is-layout-constrained\" style=\"margin-bottom:8px\">\n<figure class=\"wp-block-image aligncenter size-full\"><img loading=\"lazy\" decoding=\"async\" width=\"471\" height=\"572\" src=\"https:\/\/zenkit.com\/wp-content\/uploads\/2025\/05\/wunderlist_zenkit_comparison_left-1.webp\" alt=\"\u00bfTriste por dejar a Wunderlist?\n\" class=\"wp-image-115525\" srcset=\"https:\/\/zenkit.com\/wp-content\/uploads\/2025\/05\/wunderlist_zenkit_comparison_left-1.webp 471w, https:\/\/zenkit.com\/wp-content\/uploads\/2025\/05\/wunderlist_zenkit_comparison_left-1-247x300.webp 247w\" sizes=\"auto, (max-width: 471px) 100vw, 471px\" \/><\/figure>\n<\/div>\n\n\n\n<div style=\"height:48px;--tablet-height:36px;--mobile-height:24px\" class=\"wp-block-lookeen-blocks-responsive-spacer\"><\/div>\n\n\n\n<p class=\"has-text-align-center\">Temos at\u00e9 nosso pr\u00f3prio som de &#8216;ping&#8217;, para que a satisfa\u00e7\u00e3o de verificar as coisas da sua lista permane\u00e7a.<\/p>\n\n\n\n<div class=\"wp-block-buttons is-content-justification-center is-layout-flex wp-container-core-buttons-is-layout-a89b3969 wp-block-buttons-is-layout-flex\">\n<div class=\"wp-block-button\"><a class=\"wp-block-button__link wp-element-button\" href=\"https:\/\/app.zenkit.com\/register?lang=pt-br\">Junte-se ao Zenkit<\/a><\/div>\n<\/div>\n\n\n\n<div style=\"height:110px;--tablet-height:80px;--mobile-height:48px\" class=\"wp-block-lookeen-blocks-responsive-spacer\"><\/div>\n<\/div>\n<\/div>\n","protected":false},"excerpt":{"rendered":"<p>Listas de afazeres, Zenkit Style Qualquer cole\u00e7\u00e3o no Zenkit pode ser configurada como uma cole\u00e7\u00e3o &#8220;Lista de tarefas&#8221;. Isso significa que, em qualquer visualiza\u00e7\u00e3o, voc\u00ea poder\u00e1 marcar uma caixa para marcar as tarefas como &#8220;conclu\u00eddas&#8221; e observar seu item se mover pela lista! E voc\u00ea n\u00e3o tem que ficar com &#8220;To Do&#8221; e &#8220;Done&#8221; &#8211; [&hellip;]<\/p>\n","protected":false},"author":1,"featured_media":0,"parent":0,"menu_order":5,"comment_status":"closed","ping_status":"closed","template":"","meta":{"yasr_overall_rating":0,"yasr_post_is_review":"","yasr_auto_insert_disabled":"","yasr_review_type":"","footnotes":""},"class_list":["post-11625","page","type-page","status-publish","hentry"],"yoast_head":"<!-- This site is optimized with the Yoast SEO plugin v27.5 - https:\/\/yoast.com\/product\/yoast-seo-wordpress\/ -->\n<title>Alternativa Wunderlist | Compara\u00e7\u00e3o Wunderlist &amp; Zenkit | Zenkit<\/title>\n<meta name=\"description\" content=\"Se voc\u00ea est\u00e1 superando o Wunderlist, precisa de algo com espa\u00e7o para crescer. O Zenkit \u00e9 uma placa da lista de tarefas, e infinitamente mais. Veja como o Zenkit faz isso de maneira diferente.\" \/>\n<meta name=\"robots\" content=\"index, follow, max-snippet:-1, max-image-preview:large, max-video-preview:-1\" \/>\n<link rel=\"canonical\" href=\"https:\/\/zenkit.com\/pt-br\/to-do\/\" \/>\n<meta property=\"og:locale\" content=\"pt_BR\" \/>\n<meta property=\"og:type\" content=\"article\" \/>\n<meta property=\"og:title\" content=\"Alternativa Wunderlist | Compara\u00e7\u00e3o Wunderlist &amp; Zenkit | Zenkit\" \/>\n<meta property=\"og:description\" content=\"Se voc\u00ea est\u00e1 superando o Wunderlist, precisa de algo com espa\u00e7o para crescer. O Zenkit \u00e9 uma placa da lista de tarefas, e infinitamente mais. Veja como o Zenkit faz isso de maneira diferente.\" \/>\n<meta property=\"og:url\" content=\"https:\/\/zenkit.com\/pt-br\/to-do\/\" \/>\n<meta property=\"og:site_name\" content=\"Zenkit\" \/>\n<meta property=\"article:publisher\" content=\"https:\/\/www.facebook.com\/ZenkitHQ\" \/>\n<meta property=\"article:modified_time\" content=\"2025-09-13T15:22:13+00:00\" \/>\n<meta property=\"og:image\" content=\"https:\/\/zenkit.com\/wp-content\/uploads\/2025\/05\/Zenkit_to-do_list.gif\" \/>\n<meta name=\"twitter:card\" content=\"summary_large_image\" \/>\n<meta name=\"twitter:site\" content=\"@ZenkitHQ\" \/>\n<meta name=\"twitter:label1\" content=\"Est. tempo de leitura\" \/>\n\t<meta name=\"twitter:data1\" content=\"1 minuto\" \/>\n<script type=\"application\/ld+json\" class=\"yoast-schema-graph\">{\"@context\":\"https:\\\/\\\/schema.org\",\"@graph\":[{\"@type\":\"WebPage\",\"@id\":\"https:\\\/\\\/zenkit.com\\\/pt-br\\\/to-do\\\/\",\"url\":\"https:\\\/\\\/zenkit.com\\\/pt-br\\\/to-do\\\/\",\"name\":\"Alternativa Wunderlist | Compara\u00e7\u00e3o Wunderlist & Zenkit | Zenkit\",\"isPartOf\":{\"@id\":\"https:\\\/\\\/zenkit.com\\\/pt-br\\\/#website\"},\"primaryImageOfPage\":{\"@id\":\"https:\\\/\\\/zenkit.com\\\/pt-br\\\/to-do\\\/#primaryimage\"},\"image\":{\"@id\":\"https:\\\/\\\/zenkit.com\\\/pt-br\\\/to-do\\\/#primaryimage\"},\"thumbnailUrl\":\"https:\\\/\\\/zenkit.com\\\/wp-content\\\/uploads\\\/2025\\\/05\\\/Zenkit_to-do_list.gif\",\"datePublished\":\"2018-06-20T22:46:09+00:00\",\"dateModified\":\"2025-09-13T15:22:13+00:00\",\"description\":\"Se voc\u00ea est\u00e1 superando o Wunderlist, precisa de algo com espa\u00e7o para crescer. O Zenkit \u00e9 uma placa da lista de tarefas, e infinitamente mais. Veja como o Zenkit faz isso de maneira diferente.\",\"breadcrumb\":{\"@id\":\"https:\\\/\\\/zenkit.com\\\/pt-br\\\/to-do\\\/#breadcrumb\"},\"inLanguage\":\"pt-BR\",\"potentialAction\":[{\"@type\":\"ReadAction\",\"target\":[\"https:\\\/\\\/zenkit.com\\\/pt-br\\\/to-do\\\/\"]}]},{\"@type\":\"ImageObject\",\"inLanguage\":\"pt-BR\",\"@id\":\"https:\\\/\\\/zenkit.com\\\/pt-br\\\/to-do\\\/#primaryimage\",\"url\":\"https:\\\/\\\/zenkit.com\\\/wp-content\\\/uploads\\\/2025\\\/05\\\/Zenkit_to-do_list.gif\",\"contentUrl\":\"https:\\\/\\\/zenkit.com\\\/wp-content\\\/uploads\\\/2025\\\/05\\\/Zenkit_to-do_list.gif\"},{\"@type\":\"BreadcrumbList\",\"@id\":\"https:\\\/\\\/zenkit.com\\\/pt-br\\\/to-do\\\/#breadcrumb\",\"itemListElement\":[{\"@type\":\"ListItem\",\"position\":1,\"name\":\"Home\",\"item\":\"https:\\\/\\\/zenkit.com\\\/pt-br\\\/\"},{\"@type\":\"ListItem\",\"position\":2,\"name\":\"To do\"}]},{\"@type\":\"WebSite\",\"@id\":\"https:\\\/\\\/zenkit.com\\\/pt-br\\\/#website\",\"url\":\"https:\\\/\\\/zenkit.com\\\/pt-br\\\/\",\"name\":\"Zenkit\",\"description\":\"Zenkit Tagline\",\"potentialAction\":[{\"@type\":\"SearchAction\",\"target\":{\"@type\":\"EntryPoint\",\"urlTemplate\":\"https:\\\/\\\/zenkit.com\\\/pt-br\\\/?s={search_term_string}\"},\"query-input\":{\"@type\":\"PropertyValueSpecification\",\"valueRequired\":true,\"valueName\":\"search_term_string\"}}],\"inLanguage\":\"pt-BR\"},false]}<\/script>\n<!-- \/ Yoast SEO plugin. -->","yoast_head_json":{"title":"Alternativa Wunderlist | Compara\u00e7\u00e3o Wunderlist & Zenkit | Zenkit","description":"Se voc\u00ea est\u00e1 superando o Wunderlist, precisa de algo com espa\u00e7o para crescer. O Zenkit \u00e9 uma placa da lista de tarefas, e infinitamente mais. Veja como o Zenkit faz isso de maneira diferente.","robots":{"index":"index","follow":"follow","max-snippet":"max-snippet:-1","max-image-preview":"max-image-preview:large","max-video-preview":"max-video-preview:-1"},"canonical":"https:\/\/zenkit.com\/pt-br\/to-do\/","og_locale":"pt_BR","og_type":"article","og_title":"Alternativa Wunderlist | Compara\u00e7\u00e3o Wunderlist & Zenkit | Zenkit","og_description":"Se voc\u00ea est\u00e1 superando o Wunderlist, precisa de algo com espa\u00e7o para crescer. O Zenkit \u00e9 uma placa da lista de tarefas, e infinitamente mais. Veja como o Zenkit faz isso de maneira diferente.","og_url":"https:\/\/zenkit.com\/pt-br\/to-do\/","og_site_name":"Zenkit","article_publisher":"https:\/\/www.facebook.com\/ZenkitHQ","article_modified_time":"2025-09-13T15:22:13+00:00","og_image":[{"url":"https:\/\/zenkit.com\/wp-content\/uploads\/2025\/05\/Zenkit_to-do_list.gif","type":"","width":"","height":""}],"twitter_card":"summary_large_image","twitter_site":"@ZenkitHQ","twitter_misc":{"Est. tempo de leitura":"1 minuto"},"schema":{"@context":"https:\/\/schema.org","@graph":[{"@type":"WebPage","@id":"https:\/\/zenkit.com\/pt-br\/to-do\/","url":"https:\/\/zenkit.com\/pt-br\/to-do\/","name":"Alternativa Wunderlist | Compara\u00e7\u00e3o Wunderlist & Zenkit | Zenkit","isPartOf":{"@id":"https:\/\/zenkit.com\/pt-br\/#website"},"primaryImageOfPage":{"@id":"https:\/\/zenkit.com\/pt-br\/to-do\/#primaryimage"},"image":{"@id":"https:\/\/zenkit.com\/pt-br\/to-do\/#primaryimage"},"thumbnailUrl":"https:\/\/zenkit.com\/wp-content\/uploads\/2025\/05\/Zenkit_to-do_list.gif","datePublished":"2018-06-20T22:46:09+00:00","dateModified":"2025-09-13T15:22:13+00:00","description":"Se voc\u00ea est\u00e1 superando o Wunderlist, precisa de algo com espa\u00e7o para crescer. O Zenkit \u00e9 uma placa da lista de tarefas, e infinitamente mais. Veja como o Zenkit faz isso de maneira diferente.","breadcrumb":{"@id":"https:\/\/zenkit.com\/pt-br\/to-do\/#breadcrumb"},"inLanguage":"pt-BR","potentialAction":[{"@type":"ReadAction","target":["https:\/\/zenkit.com\/pt-br\/to-do\/"]}]},{"@type":"ImageObject","inLanguage":"pt-BR","@id":"https:\/\/zenkit.com\/pt-br\/to-do\/#primaryimage","url":"https:\/\/zenkit.com\/wp-content\/uploads\/2025\/05\/Zenkit_to-do_list.gif","contentUrl":"https:\/\/zenkit.com\/wp-content\/uploads\/2025\/05\/Zenkit_to-do_list.gif"},{"@type":"BreadcrumbList","@id":"https:\/\/zenkit.com\/pt-br\/to-do\/#breadcrumb","itemListElement":[{"@type":"ListItem","position":1,"name":"Home","item":"https:\/\/zenkit.com\/pt-br\/"},{"@type":"ListItem","position":2,"name":"To do"}]},{"@type":"WebSite","@id":"https:\/\/zenkit.com\/pt-br\/#website","url":"https:\/\/zenkit.com\/pt-br\/","name":"Zenkit","description":"Zenkit Tagline","potentialAction":[{"@type":"SearchAction","target":{"@type":"EntryPoint","urlTemplate":"https:\/\/zenkit.com\/pt-br\/?s={search_term_string}"},"query-input":{"@type":"PropertyValueSpecification","valueRequired":true,"valueName":"search_term_string"}}],"inLanguage":"pt-BR"},false]}},"yasr_visitor_votes":{"stars_attributes":{"read_only":false,"span_bottom":false},"number_of_votes":0,"sum_votes":0},"_links":{"self":[{"href":"https:\/\/zenkit.com\/pt-br\/wp-json\/wp\/v2\/pages\/11625","targetHints":{"allow":["GET"]}}],"collection":[{"href":"https:\/\/zenkit.com\/pt-br\/wp-json\/wp\/v2\/pages"}],"about":[{"href":"https:\/\/zenkit.com\/pt-br\/wp-json\/wp\/v2\/types\/page"}],"author":[{"embeddable":true,"href":"https:\/\/zenkit.com\/pt-br\/wp-json\/wp\/v2\/users\/1"}],"replies":[{"embeddable":true,"href":"https:\/\/zenkit.com\/pt-br\/wp-json\/wp\/v2\/comments?post=11625"}],"version-history":[{"count":1,"href":"https:\/\/zenkit.com\/pt-br\/wp-json\/wp\/v2\/pages\/11625\/revisions"}],"predecessor-version":[{"id":149840,"href":"https:\/\/zenkit.com\/pt-br\/wp-json\/wp\/v2\/pages\/11625\/revisions\/149840"}],"wp:attachment":[{"href":"https:\/\/zenkit.com\/pt-br\/wp-json\/wp\/v2\/media?parent=11625"}],"curies":[{"name":"wp","href":"https:\/\/api.w.org\/{rel}","templated":true}]}}