{"id":11766,"date":"2018-06-21T23:00:50","date_gmt":"2018-06-21T21:00:50","guid":{"rendered":"https:\/\/zenkit.com\/?page_id=11766"},"modified":"2025-09-13T17:18:50","modified_gmt":"2025-09-13T15:18:50","slug":"gemeo-digital","status":"publish","type":"page","link":"https:\/\/zenkit.com\/pt-br\/gemeo-digital\/","title":{"rendered":"Digital Twin"},"content":{"rendered":"\n<div class=\"wp-block-group has-global-padding is-layout-constrained wp-block-group-is-layout-constrained\">\n<div class=\"wp-block-group width--950 has-global-padding is-layout-constrained wp-block-group-is-layout-constrained\">\n<div style=\"height:45px;--tablet-height:45px;--mobile-height:16px\" class=\"wp-block-lookeen-blocks-responsive-spacer\"><\/div>\n\n\n\n<div class=\"wp-block-group has-global-padding is-layout-constrained wp-block-group-is-layout-constrained\">\n<h1 class=\"wp-block-heading has-text-align-center\" style=\"margin-bottom:8px\">Zenkit: Seu g\u00eameo digital<\/h1>\n<\/div>\n\n\n\n<div class=\"wp-block-group has-global-padding is-layout-constrained wp-block-group-is-layout-constrained\">\n<p class=\"has-text-align-center subheading\">O que \u00e9 um g\u00eameo digital?<\/p>\n\n\n\n<p class=\"has-text-align-center\">O termo \u201cg\u00eameo digital\u201d \u00e9 bem compreendido no setor industrial. \u00c9 uma r\u00e9plica digital exata de um ativo f\u00edsico ou processo, at\u00e9 o \u00faltimo parafuso.As organiza\u00e7\u00f5es de manufatura, produ\u00e7\u00e3o e ind\u00fastria j\u00e1 percebem v\u00e1rios benef\u00edcios de ter um g\u00eameo digital para seus ativos f\u00edsicos: economia de custos, melhores oportunidades de testes, cronogramas otimizados de manuten\u00e7\u00e3o e cronogramas de produ\u00e7\u00e3o mais suaves.<\/p>\n<\/div>\n\n\n\n<div style=\"height:48px;--tablet-height:48px;--mobile-height:36px\" class=\"wp-block-lookeen-blocks-responsive-spacer\"><\/div>\n<\/div>\n<\/div>\n\n\n\n<div class=\"wp-block-group has-global-padding is-layout-constrained wp-container-core-group-is-layout-bea02a06 wp-block-group-is-layout-constrained\">\n<h2 class=\"wp-block-heading has-text-align-center\">Como um g\u00eameo digital pode me beneficiar?<\/h2>\n\n\n\n<p class=\"has-text-align-center\" style=\"margin-bottom:0px\">Um conceito similar de g\u00eameo digital pode ser usado para obter efici\u00eancias compar\u00e1veis nos processos de neg\u00f3cios?<\/p>\n\n\n\n<p class=\"has-text-align-center\">Atualmente, as informa\u00e7\u00f5es comerciais em organiza\u00e7\u00f5es em todo o mundo s\u00e3o armazenadas em v\u00e1rios bancos de dados e silos: SAP, Trello, Google Drive, Salesforce etc. Isso cria n\u00e3o um g\u00eameo, mas um am\u00e1lgama bruto que forma apenas uma representa\u00e7\u00e3o aproximada de sua organiza\u00e7\u00e3o. Voc\u00ea \u00e9 for\u00e7ado a usar as ferramentas da maneira como elas s\u00e3o constru\u00eddas, em vez de refletir digitalmente como seus processos e fluxos de trabalho realmente s\u00e3o.<\/p>\n\n\n\n<p class=\"has-text-align-center\">Se os seus processos n\u00e3o estiverem em harmonia com o software dispon\u00edvel, voc\u00ea precisar\u00e1 alterar o modo como administra sua empresa ou criar seu pr\u00f3prio software personalizado, o que pode sair caro.<\/p>\n\n\n\n<p class=\"has-text-align-center\" style=\"margin-bottom:0px\">O Zenkit \u00e9 um novo tipo de software que permite criar um g\u00eameo digital para os processos e fluxos de trabalho de sua organiza\u00e7\u00e3o. \u00c9 uma solu\u00e7\u00e3o dupla digital que cria um modelo preciso de todos os aspectos da sua empresa e permite acompanhar os desenvolvimentos em tempo real.<\/p>\n<\/div>\n\n\n\n<div class=\"wp-block-group has-global-padding is-layout-constrained wp-container-core-group-is-layout-bea02a06 wp-block-group-is-layout-constrained\">\n<div style=\"height:88px;--tablet-height:72px;--mobile-height:36px\" class=\"wp-block-lookeen-blocks-responsive-spacer\"><\/div>\n\n\n\n<h2 class=\"wp-block-heading has-text-align-center\">Seu g\u00eameo digital<\/h2>\n\n\n\n<p class=\"has-text-align-center\" style=\"margin-bottom:0px\">Com o Zenkit, softwares personalizados caros ou sincroniza\u00e7\u00f5es desajeitadas entre ferramentas s\u00e3o coisas do passado. Voc\u00ea pode personalizar o Zenkit para reconstruir com precis\u00e3o os processos e fluxos de trabalho de sua empresa, sem precisar escrever uma \u00fanica linha de c\u00f3digo.<\/p>\n\n\n\n<p class=\"has-text-align-center\" style=\"margin-bottom:0px\">Usando recursos inovadores e poderosa tecnologia de banco de dados, voc\u00ea pode facilmente criar um g\u00eameo digital para organizar e conectar todos os aspectos da sua empresa.<\/p>\n\n\n\n<div style=\"height:88px;--tablet-height:72px;--mobile-height:36px\" class=\"wp-block-lookeen-blocks-responsive-spacer\"><\/div>\n<\/div>\n\n\n\n<div class=\"wp-block-group has-global-padding is-layout-constrained wp-block-group-is-layout-constrained\">\n<h2 class=\"wp-block-heading has-text-align-center\">Construa seus pr\u00f3prios sistemas<\/h2>\n\n\n\n<div class=\"wp-block-columns is-layout-flex wp-container-core-columns-is-layout-28f84493 wp-block-columns-is-layout-flex\">\n<div class=\"wp-block-column is-layout-flow wp-container-core-column-is-layout-8eebadab wp-block-column-is-layout-flow\">\n<div class=\"wp-block-group has-global-padding is-layout-constrained wp-block-group-is-layout-constrained\">\n<p class=\"has-text-align-center\">Construa as ferramentas de que voc\u00ea precisa, exatamente como deseja us\u00e1-las. Cada cole\u00e7\u00e3o no Zenkit \u00e9 totalmente personalizada \u2013 voc\u00ea define quais informa\u00e7\u00f5es deseja acompanhar, como s\u00e3o exibidas, quem tem acesso a elas e muito mais.<\/p>\n\n\n\n<p class=\"has-text-align-center\">Campos totalmente personalizados significam que voc\u00ea pode reunir cada \u00e1rea diferente de sua empresa em um s\u00f3 lugar: clientes, documentos, faturas, projetos, recursos, eventos \u2026 As tecnologias de banco de dados da Zenkit ajudam a unir esses v\u00e1rios aspectos para come\u00e7ar a usar o enorme potencial de sinergia entre eles .<\/p>\n\n\n\n<p class=\"has-text-align-center\">Voc\u00ea pode criar \u201cvisualiza\u00e7\u00f5es\u201d de seus dados para ter sempre a ferramenta certa para o trabalho. Use um calend\u00e1rio para agendar tarefas, ver um quadro Kanban de apenas tarefas atribu\u00eddas a voc\u00ea ou rastrear m\u00e9tricas importantes usando f\u00f3rmulas em uma tabela.<\/p>\n\n\n\n<p class=\"has-text-align-center\">Zenkit pode ser um g\u00eameo digital para qualquer um, qualquer equipe e qualquer prop\u00f3sito.<\/p>\n<\/div>\n<\/div>\n\n\n\n<div class=\"wp-block-column is-layout-flow wp-container-core-column-is-layout-8eebadab wp-block-column-is-layout-flow\">\n<div class=\"wp-block-group has-global-padding is-layout-constrained wp-block-group-is-layout-constrained\">\n<h3 class=\"wp-block-heading has-text-align-center\">Gerenciamento de Projetos<\/h3>\n\n\n\n<p class=\"has-text-align-center\">Colabore e acompanhe projetos em tempo real, atribua tarefas a membros da equipe, use coment\u00e1rios e @ men\u00e7\u00f5es para discutir tarefas e fornecer feedback. Trabalhe em conjunto em projetos de qualquer dispositivo, a qualquer momento.<\/p>\n<\/div>\n\n\n\n<div class=\"wp-block-group has-global-padding is-layout-constrained wp-block-group-is-layout-constrained\">\n<h3 class=\"wp-block-heading has-text-align-center\">Gerente do Atendimento ao Cliente<\/h3>\n\n\n\n<p class=\"has-text-align-center\">Use o Zenkit para armazenar seus dados de clientes, rastrear leads de vendas, gerenciar seu funil de vendas e ajudar a encantar os clientes existentes. Vincule seus clientes diretamente a suas faturas, projetos e comunica\u00e7\u00f5es.<\/p>\n<\/div>\n\n\n\n<div class=\"wp-block-group has-global-padding is-layout-constrained wp-block-group-is-layout-constrained\">\n<h3 class=\"wp-block-heading has-text-align-center\">Sistema de gerenciamento de conte\u00fado<\/h3>\n\n\n\n<p class=\"has-text-align-center\">Anexe documentos facilmente a partir do seu ambiente de trabalho ou das suas ferramentas de armazenamento de documentos favoritas, como o Dropbox, o Google Drive e o Box. Compartilhe documentos com colegas em departamentos, notas de acesso, imagens, arquivos em qualquer lugar, a qualquer hora.<\/p>\n<\/div>\n\n\n\n<div class=\"wp-block-group has-global-padding is-layout-constrained wp-block-group-is-layout-constrained\">\n<h3 class=\"wp-block-heading has-text-align-center\">Gerente de Recursos Humanos<\/h3>\n\n\n\n<p class=\"has-text-align-center\">Crie e mantenha um banco de dados de funcion\u00e1rios completo, abra canais para relat\u00f3rios internos e comunica\u00e7\u00e3o, crie recursos de integra\u00e7\u00e3o, gerencie aplicativos de trabalho, registre o desempenho, gerencie sal\u00e1rios e muito mais.<\/p>\n<\/div>\n<\/div>\n<\/div>\n\n\n\n<div style=\"height:88px;--tablet-height:72px;--mobile-height:36px\" class=\"wp-block-lookeen-blocks-responsive-spacer\"><\/div>\n<\/div>\n\n\n\n<div class=\"wp-block-group has-da-blue-light-background-color has-background has-global-padding is-layout-constrained wp-container-core-group-is-layout-bea02a06 wp-block-group-is-layout-constrained\">\n<div style=\"height:88px;--tablet-height:72px;--mobile-height:36px\" class=\"wp-block-lookeen-blocks-responsive-spacer\"><\/div>\n\n\n\n<h2 class=\"wp-block-heading has-text-align-center\">Construa seu g\u00eameo digital hoje!<\/h2>\n\n\n\n<p class=\"has-text-align-center\">Pergunte \u00e0 nossa equipe de especialistas como podemos criar o g\u00eameo digital da sua organiza\u00e7\u00e3o juntos!<\/p>\n\n\n\n<p class=\"has-text-align-center\" style=\"margin-bottom:0px\"><a href=\"mailto:service@zenkit.com\">Contato<\/a><\/p>\n\n\n\n<div style=\"height:88px;--tablet-height:72px;--mobile-height:36px\" class=\"wp-block-lookeen-blocks-responsive-spacer\"><\/div>\n<\/div>\n\n\n\n<div class=\"wp-block-group has-global-padding is-layout-constrained wp-container-core-group-is-layout-bea02a06 wp-block-group-is-layout-constrained\">\n<div style=\"height:88px;--tablet-height:72px;--mobile-height:36px\" class=\"wp-block-lookeen-blocks-responsive-spacer\"><\/div>\n\n\n\n<h2 class=\"wp-block-heading has-text-align-center\">O futuro do g\u00eameo digital do Zenkit<\/h2>\n\n\n\n<p class=\"has-text-align-center\" style=\"margin-bottom:0px\">N\u00f3s pensamos a longo prazo. Nosso objetivo n\u00e3o \u00e9 ser seu irm\u00e3o g\u00eameo pelos pr\u00f3ximos 10 anos, mas os pr\u00f3ximos 100 ou at\u00e9 mesmo 500! Nosso objetivo \u00e9 que o Zenkit seja um sistema simples e amig\u00e1vel que as pessoas possam usar para gerenciar n\u00e3o apenas seus neg\u00f3cios, mas quase todos os aspectos de suas vidas. N\u00e3o um produto, mas mais uma for\u00e7a subjacente, como ar, \u00e1gua, eletricidade. Trabalharemos para atingir esse objetivo, tornando a intera\u00e7\u00e3o com a tecnologia Zenkit cada vez mais integrada e transparente em sua vida.<\/p>\n<\/div>\n\n\n\n<div style=\"height:110px;--tablet-height:60px;--mobile-height:48px\" class=\"wp-block-lookeen-blocks-responsive-spacer\"><\/div>\n","protected":false},"excerpt":{"rendered":"<p>Zenkit: Seu g\u00eameo digital O que \u00e9 um g\u00eameo digital? O termo \u201cg\u00eameo digital\u201d \u00e9 bem compreendido no setor industrial. \u00c9 uma r\u00e9plica digital exata de um ativo f\u00edsico ou processo, at\u00e9 o \u00faltimo parafuso.As organiza\u00e7\u00f5es de manufatura, produ\u00e7\u00e3o e ind\u00fastria j\u00e1 percebem v\u00e1rios benef\u00edcios de ter um g\u00eameo digital para seus ativos f\u00edsicos: economia [&hellip;]<\/p>\n","protected":false},"author":1,"featured_media":0,"parent":0,"menu_order":1,"comment_status":"closed","ping_status":"closed","template":"","meta":{"yasr_overall_rating":0,"yasr_post_is_review":"","yasr_auto_insert_disabled":"","yasr_review_type":"","footnotes":""},"class_list":["post-11766","page","type-page","status-publish","hentry"],"yoast_head":"<!-- This site is optimized with the Yoast SEO plugin v27.4 - https:\/\/yoast.com\/product\/yoast-seo-wordpress\/ -->\n<title>Gem\u00eao Digital | Zenkit<\/title>\n<meta name=\"description\" content=\"Zenkit \u00e9 um novo tipo de software que permite a constru\u00e7\u00e3o de um g\u00eameo digital para os processos e fluxos de trabalho da sua empresa. Construa o seu g\u00eameo digital hoje.\" \/>\n<meta name=\"robots\" content=\"index, follow, max-snippet:-1, max-image-preview:large, max-video-preview:-1\" \/>\n<link rel=\"canonical\" href=\"https:\/\/zenkit.com\/pt-br\/gemeo-digital\/\" \/>\n<meta property=\"og:locale\" content=\"pt_BR\" \/>\n<meta property=\"og:type\" content=\"article\" \/>\n<meta property=\"og:title\" content=\"Gem\u00eao Digital | Zenkit\" \/>\n<meta property=\"og:description\" content=\"Zenkit \u00e9 um novo tipo de software que permite a constru\u00e7\u00e3o de um g\u00eameo digital para os processos e fluxos de trabalho da sua empresa. Construa o seu g\u00eameo digital hoje.\" \/>\n<meta property=\"og:url\" content=\"https:\/\/zenkit.com\/pt-br\/gemeo-digital\/\" \/>\n<meta property=\"og:site_name\" content=\"Zenkit\" \/>\n<meta property=\"article:publisher\" content=\"https:\/\/www.facebook.com\/ZenkitHQ\" \/>\n<meta property=\"article:modified_time\" content=\"2025-09-13T15:18:50+00:00\" \/>\n<meta name=\"twitter:card\" content=\"summary_large_image\" \/>\n<meta name=\"twitter:site\" content=\"@ZenkitHQ\" \/>\n<script type=\"application\/ld+json\" class=\"yoast-schema-graph\">{\"@context\":\"https:\\\/\\\/schema.org\",\"@graph\":[{\"@type\":\"WebPage\",\"@id\":\"https:\\\/\\\/zenkit.com\\\/pt-br\\\/gemeo-digital\\\/\",\"url\":\"https:\\\/\\\/zenkit.com\\\/pt-br\\\/gemeo-digital\\\/\",\"name\":\"Gem\u00eao Digital | Zenkit\",\"isPartOf\":{\"@id\":\"https:\\\/\\\/zenkit.com\\\/pt-br\\\/#website\"},\"datePublished\":\"2018-06-21T21:00:50+00:00\",\"dateModified\":\"2025-09-13T15:18:50+00:00\",\"description\":\"Zenkit \u00e9 um novo tipo de software que permite a constru\u00e7\u00e3o de um g\u00eameo digital para os processos e fluxos de trabalho da sua empresa. Construa o seu g\u00eameo digital hoje.\",\"breadcrumb\":{\"@id\":\"https:\\\/\\\/zenkit.com\\\/pt-br\\\/gemeo-digital\\\/#breadcrumb\"},\"inLanguage\":\"pt-BR\",\"potentialAction\":[{\"@type\":\"ReadAction\",\"target\":[\"https:\\\/\\\/zenkit.com\\\/pt-br\\\/gemeo-digital\\\/\"]}]},{\"@type\":\"BreadcrumbList\",\"@id\":\"https:\\\/\\\/zenkit.com\\\/pt-br\\\/gemeo-digital\\\/#breadcrumb\",\"itemListElement\":[{\"@type\":\"ListItem\",\"position\":1,\"name\":\"Home\",\"item\":\"https:\\\/\\\/zenkit.com\\\/pt-br\\\/\"},{\"@type\":\"ListItem\",\"position\":2,\"name\":\"Digital Twin\"}]},{\"@type\":\"WebSite\",\"@id\":\"https:\\\/\\\/zenkit.com\\\/pt-br\\\/#website\",\"url\":\"https:\\\/\\\/zenkit.com\\\/pt-br\\\/\",\"name\":\"Zenkit\",\"description\":\"Zenkit Tagline\",\"potentialAction\":[{\"@type\":\"SearchAction\",\"target\":{\"@type\":\"EntryPoint\",\"urlTemplate\":\"https:\\\/\\\/zenkit.com\\\/pt-br\\\/?s={search_term_string}\"},\"query-input\":{\"@type\":\"PropertyValueSpecification\",\"valueRequired\":true,\"valueName\":\"search_term_string\"}}],\"inLanguage\":\"pt-BR\"},false]}<\/script>\n<!-- \/ Yoast SEO plugin. -->","yoast_head_json":{"title":"Gem\u00eao Digital | Zenkit","description":"Zenkit \u00e9 um novo tipo de software que permite a constru\u00e7\u00e3o de um g\u00eameo digital para os processos e fluxos de trabalho da sua empresa. Construa o seu g\u00eameo digital hoje.","robots":{"index":"index","follow":"follow","max-snippet":"max-snippet:-1","max-image-preview":"max-image-preview:large","max-video-preview":"max-video-preview:-1"},"canonical":"https:\/\/zenkit.com\/pt-br\/gemeo-digital\/","og_locale":"pt_BR","og_type":"article","og_title":"Gem\u00eao Digital | Zenkit","og_description":"Zenkit \u00e9 um novo tipo de software que permite a constru\u00e7\u00e3o de um g\u00eameo digital para os processos e fluxos de trabalho da sua empresa. Construa o seu g\u00eameo digital hoje.","og_url":"https:\/\/zenkit.com\/pt-br\/gemeo-digital\/","og_site_name":"Zenkit","article_publisher":"https:\/\/www.facebook.com\/ZenkitHQ","article_modified_time":"2025-09-13T15:18:50+00:00","twitter_card":"summary_large_image","twitter_site":"@ZenkitHQ","schema":{"@context":"https:\/\/schema.org","@graph":[{"@type":"WebPage","@id":"https:\/\/zenkit.com\/pt-br\/gemeo-digital\/","url":"https:\/\/zenkit.com\/pt-br\/gemeo-digital\/","name":"Gem\u00eao Digital | Zenkit","isPartOf":{"@id":"https:\/\/zenkit.com\/pt-br\/#website"},"datePublished":"2018-06-21T21:00:50+00:00","dateModified":"2025-09-13T15:18:50+00:00","description":"Zenkit \u00e9 um novo tipo de software que permite a constru\u00e7\u00e3o de um g\u00eameo digital para os processos e fluxos de trabalho da sua empresa. Construa o seu g\u00eameo digital hoje.","breadcrumb":{"@id":"https:\/\/zenkit.com\/pt-br\/gemeo-digital\/#breadcrumb"},"inLanguage":"pt-BR","potentialAction":[{"@type":"ReadAction","target":["https:\/\/zenkit.com\/pt-br\/gemeo-digital\/"]}]},{"@type":"BreadcrumbList","@id":"https:\/\/zenkit.com\/pt-br\/gemeo-digital\/#breadcrumb","itemListElement":[{"@type":"ListItem","position":1,"name":"Home","item":"https:\/\/zenkit.com\/pt-br\/"},{"@type":"ListItem","position":2,"name":"Digital Twin"}]},{"@type":"WebSite","@id":"https:\/\/zenkit.com\/pt-br\/#website","url":"https:\/\/zenkit.com\/pt-br\/","name":"Zenkit","description":"Zenkit Tagline","potentialAction":[{"@type":"SearchAction","target":{"@type":"EntryPoint","urlTemplate":"https:\/\/zenkit.com\/pt-br\/?s={search_term_string}"},"query-input":{"@type":"PropertyValueSpecification","valueRequired":true,"valueName":"search_term_string"}}],"inLanguage":"pt-BR"},false]}},"yasr_visitor_votes":{"stars_attributes":{"read_only":false,"span_bottom":false},"number_of_votes":0,"sum_votes":0},"_links":{"self":[{"href":"https:\/\/zenkit.com\/pt-br\/wp-json\/wp\/v2\/pages\/11766","targetHints":{"allow":["GET"]}}],"collection":[{"href":"https:\/\/zenkit.com\/pt-br\/wp-json\/wp\/v2\/pages"}],"about":[{"href":"https:\/\/zenkit.com\/pt-br\/wp-json\/wp\/v2\/types\/page"}],"author":[{"embeddable":true,"href":"https:\/\/zenkit.com\/pt-br\/wp-json\/wp\/v2\/users\/1"}],"replies":[{"embeddable":true,"href":"https:\/\/zenkit.com\/pt-br\/wp-json\/wp\/v2\/comments?post=11766"}],"version-history":[{"count":2,"href":"https:\/\/zenkit.com\/pt-br\/wp-json\/wp\/v2\/pages\/11766\/revisions"}],"predecessor-version":[{"id":149838,"href":"https:\/\/zenkit.com\/pt-br\/wp-json\/wp\/v2\/pages\/11766\/revisions\/149838"}],"wp:attachment":[{"href":"https:\/\/zenkit.com\/pt-br\/wp-json\/wp\/v2\/media?parent=11766"}],"curies":[{"name":"wp","href":"https:\/\/api.w.org\/{rel}","templated":true}]}}