{"id":135732,"date":"2025-09-06T09:20:56","date_gmt":"2025-09-06T07:20:56","guid":{"rendered":"https:\/\/zenkit.com\/?page_id=135732"},"modified":"2025-11-04T06:53:17","modified_gmt":"2025-11-04T05:53:17","slug":"openai","status":"publish","type":"page","link":"https:\/\/zenkit.com\/pt-br\/integracoes\/openai\/","title":{"rendered":"OpenAI"},"content":{"rendered":"\n<div style=\"height:45px;--tablet-height:45px;--mobile-height:16px\" class=\"wp-block-lookeen-blocks-responsive-spacer\"><\/div>\n\n\n\n<div class=\"wp-block-group has-global-padding is-layout-constrained wp-block-group-is-layout-constrained\">\n<div class=\"wp-block-columns is-layout-flex wp-container-core-columns-is-layout-467d341d wp-block-columns-is-layout-flex\" id=\"main__integrations\" style=\"margin-top:0px;margin-bottom:0px\">\n<div class=\"wp-block-column side__bar__integrations is-layout-flow wp-block-column-is-layout-flow\" style=\"flex-basis:23%\">\n<h2 class=\"wp-block-heading has-da-blue-color-new has-text-color has-link-color wp-elements-d9de156f5e99328f12e9e812497be372\" style=\"margin-top:0px;margin-bottom:0px;font-size:16px;line-height:1.5\">Integra\u00e7\u00f5es de Automa\u00e7\u00e3o de Marketing<\/h2>\n\n\n<nav class=\"is-vertical integrations__menu wp-block-navigation is-layout-flex wp-container-core-navigation-is-layout-5f9f5280 wp-block-navigation-is-layout-flex\" aria-label=\"pt-br-integrations-marketing-automation\"><ul class=\"wp-block-navigation__container  is-vertical integrations__menu wp-block-navigation\"><li class=\" wp-block-navigation-item wp-block-navigation-link\"><a class=\"wp-block-navigation-item__content\"  href=\"https:\/\/zenkit.com\/pt-br\/integracoes\/activecampaign\/\"><span class=\"wp-block-navigation-item__label\">ActiveCampaign<\/span><\/a><\/li><li class=\" wp-block-navigation-item wp-block-navigation-link\"><a class=\"wp-block-navigation-item__content\"  href=\"https:\/\/zenkit.com\/pt-br\/integracoes\/better-proposals\/\"><span class=\"wp-block-navigation-item__label\">Better Proposals<\/span><\/a><\/li><li class=\" wp-block-navigation-item wp-block-navigation-link\"><a class=\"wp-block-navigation-item__content\"  href=\"https:\/\/zenkit.com\/pt-br\/integracoes\/leadboxer\/\"><span class=\"wp-block-navigation-item__label\">LeadBoxer<\/span><\/a><\/li><li class=\" wp-block-navigation-item wp-block-navigation-link\"><a class=\"wp-block-navigation-item__content\"  href=\"https:\/\/zenkit.com\/pt-br\/integracoes\/mailjet\/\"><span class=\"wp-block-navigation-item__label\">Mailjet<\/span><\/a><\/li><li class=\" wp-block-navigation-item wp-block-navigation-link\"><a class=\"wp-block-navigation-item__content\"  href=\"https:\/\/zenkit.com\/pt-br\/integracoes\/moosend\/\"><span class=\"wp-block-navigation-item__label\">Moosend<\/span><\/a><\/li><li class=\" wp-block-navigation-item wp-block-navigation-link\"><a class=\"wp-block-navigation-item__content\"  href=\"https:\/\/zenkit.com\/pt-br\/integracoes\/openai\/\"><span class=\"wp-block-navigation-item__label\">OpenAI<\/span><\/a><\/li><li class=\" wp-block-navigation-item wp-block-navigation-link\"><a class=\"wp-block-navigation-item__content\"  href=\"https:\/\/zenkit.com\/pt-br\/integracoes\/parseur\/\"><span class=\"wp-block-navigation-item__label\">Parseur<\/span><\/a><\/li><li class=\" wp-block-navigation-item wp-block-navigation-link\"><a class=\"wp-block-navigation-item__content\"  href=\"https:\/\/zenkit.com\/pt-br\/integracoes\/reflexion-ai\/\"><span class=\"wp-block-navigation-item__label\">Reflexion.AI<\/span><\/a><\/li><li class=\" wp-block-navigation-item wp-block-navigation-link\"><a class=\"wp-block-navigation-item__content\"  href=\"https:\/\/zenkit.com\/pt-br\/integracoes\/sakari-sms\/\"><span class=\"wp-block-navigation-item__label\">Sakari SMS<\/span><\/a><\/li><li class=\" wp-block-navigation-item wp-block-navigation-link\"><a class=\"wp-block-navigation-item__content\"  href=\"https:\/\/zenkit.com\/pt-br\/integracoes\/seamless-ai\/\"><span class=\"wp-block-navigation-item__label\">Seamless.AI<\/span><\/a><\/li><li class=\" wp-block-navigation-item wp-block-navigation-link\"><a class=\"wp-block-navigation-item__content\"  href=\"https:\/\/zenkit.com\/pt-br\/integracoes\/sendinblue\/\"><span class=\"wp-block-navigation-item__label\">SendinBlue<\/span><\/a><\/li><li class=\" wp-block-navigation-item wp-block-navigation-link\"><a class=\"wp-block-navigation-item__content\"  href=\"https:\/\/zenkit.com\/pt-br\/integracoes\/sharpspring\/\"><span class=\"wp-block-navigation-item__label\">SharpSpring<\/span><\/a><\/li><li class=\" wp-block-navigation-item wp-block-navigation-link\"><a class=\"wp-block-navigation-item__content\"  href=\"https:\/\/zenkit.com\/pt-br\/integracoes\/simpletexting\/\"><span class=\"wp-block-navigation-item__label\">SimpleTexting<\/span><\/a><\/li><li class=\" wp-block-navigation-item wp-block-navigation-link\"><a class=\"wp-block-navigation-item__content\"  href=\"https:\/\/zenkit.com\/pt-br\/integracoes\/smsapi\/\"><span class=\"wp-block-navigation-item__label\">SMSAPI<\/span><\/a><\/li><li class=\" wp-block-navigation-item wp-block-navigation-link\"><a class=\"wp-block-navigation-item__content\"  href=\"https:\/\/zenkit.com\/pt-br\/integracoes\/smsfactor\/\"><span class=\"wp-block-navigation-item__label\">SMSFactor<\/span><\/a><\/li><li class=\" wp-block-navigation-item wp-block-navigation-link\"><a class=\"wp-block-navigation-item__content\"  href=\"https:\/\/zenkit.com\/pt-br\/integracoes\/storychief\/\"><span class=\"wp-block-navigation-item__label\">StoryChief<\/span><\/a><\/li><li class=\" wp-block-navigation-item wp-block-navigation-link\"><a class=\"wp-block-navigation-item__content\"  href=\"https:\/\/zenkit.com\/pt-br\/integracoes\/thankster\/\"><span class=\"wp-block-navigation-item__label\">Thankster<\/span><\/a><\/li><li class=\" wp-block-navigation-item wp-block-navigation-link\"><a class=\"wp-block-navigation-item__content\"  href=\"https:\/\/zenkit.com\/pt-br\/integracoes\/whatconverts\/\"><span class=\"wp-block-navigation-item__label\">WhatConverts<\/span><\/a><\/li><\/ul><\/nav><\/div>\n\n\n\n<div class=\"wp-block-column content__integrations is-layout-flow wp-block-column-is-layout-flow\" style=\"flex-basis:77%\">\n<div class=\"wp-block-group has-global-padding is-layout-constrained wp-block-group-is-layout-constrained\">\n<div class=\"wp-block-group title is-layout-flex wp-container-core-group-is-layout-ed4b00df wp-block-group-is-layout-flex\">\n<figure class=\"wp-block-image size-full is-resized\"><img loading=\"lazy\" decoding=\"async\" width=\"150\" height=\"150\" src=\"https:\/\/zenkit.com\/wp-content\/uploads\/2025\/07\/OPENAI.webp\" alt=\"OpenAI logo\" class=\"wp-image-118448\" style=\"width:auto;height:46px\"\/><\/figure>\n\n\n\n<h1 class=\"wp-block-heading\">OpenAI e Zenkit<\/h1>\n<\/div>\n\n\n\n<div class=\"wp-block-group has-global-padding is-layout-constrained wp-block-group-is-layout-constrained\">\n<p>Os modelos de linguagem de \u00faltima gera\u00e7\u00e3o da OpenAI, como o GPT-4, foram projetados para entender e gerar texto semelhante ao humano, oferecendo uma ampla gama de aplicativos, desde a gera\u00e7\u00e3o de conte\u00fado perspicaz at\u00e9 a automa\u00e7\u00e3o de tarefas de rotina. Ao incorporar o OpenAI ao Zenkit, os usu\u00e1rios podem desbloquear um novo reino de possibilidades, transformando a maneira como planejam, executam e colaboram em projetos.<\/p>\n\n\n\n<p>Seja por meio da automa\u00e7\u00e3o de tarefas rotineiras, da gera\u00e7\u00e3o de ideias de conte\u00fado criativo ou do fornecimento de insights inteligentes, a integra\u00e7\u00e3o do OpenAI com Zenkit promete aumentar a efici\u00eancia, a criatividade e os processos de tomada de decis\u00e3o.<\/p>\n<\/div>\n\n\n\n<div style=\"height:48px;--tablet-height:36px;--mobile-height:24px\" class=\"wp-block-lookeen-blocks-responsive-spacer\"><\/div>\n<\/div>\n\n\n\n<div class=\"wp-block-group has-global-padding is-layout-constrained wp-block-group-is-layout-constrained\">\n<figure class=\"wp-block-video\"><video controls src=\"https:\/\/zenkit.com\/wp-content\/uploads\/2023\/01\/OpenAIZenkit_Example_Large.mp4\"><\/video><\/figure>\n<\/div>\n\n\n\n<div style=\"height:48px;--tablet-height:36px;--mobile-height:24px\" class=\"wp-block-lookeen-blocks-responsive-spacer\"><\/div>\n\n\n\n<div class=\"wp-block-group has-global-padding is-layout-constrained wp-block-group-is-layout-constrained\">\n<h3 class=\"wp-block-heading display-h2\">Sobre OpenAI<\/h3>\n\n\n\n<p>OpenAI \u00e9 uma organiza\u00e7\u00e3o de pesquisa voltada para o desenvolvimento da intelig\u00eancia artificial. Fundada em 2015, ganhou reconhecimento por seu trabalho no campo da IA e por seu compromisso de disponibilizar os resultados de suas pesquisas para o mundo. Algumas das realiza\u00e7\u00f5es not\u00e1veis da OpenAI incluem o desenvolvimento de sistemas avan\u00e7ados de processamento de linguagem natural e algoritmos de aprendizado de m\u00e1quina. Seus servi\u00e7os incluem ChatGPT, DALL-E 2, Whisper e muitos outros. OpenAI est\u00e1 ampliando os limites do que \u00e9 poss\u00edvel com a IA e reformulando a dire\u00e7\u00e3o do setor.<\/p>\n<\/div>\n\n\n\n<div style=\"height:48px;--tablet-height:36px;--mobile-height:24px\" class=\"wp-block-lookeen-blocks-responsive-spacer\"><\/div>\n\n\n\n<div class=\"wp-block-group has-global-padding is-layout-constrained wp-block-group-is-layout-constrained\">\n<h3 class=\"wp-block-heading display-h2\">Sobre Zenkit<\/h3>\n\n\n\n<p><a href=\"https:\/\/zenkit.com\/\">Zenkit<\/a>&nbsp;\u00e9 uma plataforma abrangente baseada na Web, projetada para gerenciamento de projetos e colabora\u00e7\u00e3o. Ele permite que as organiza\u00e7\u00f5es otimizem seus fluxos de trabalho, gerenciem tarefas e aumentem a produtividade da equipe. Zenkit oferece um ambiente flex\u00edvel que suporta uma variedade de metodologias de gerenciamento de projetos, incluindo Kanban, Gantt e visualiza\u00e7\u00f5es de calend\u00e1rio, permitindo que as equipes personalizem seus fluxos de trabalho para atender \u00e0s suas necessidades exclusivas.<\/p>\n\n\n\n<p>Com recursos robustos, como atribui\u00e7\u00f5es de tarefas, colabora\u00e7\u00e3o em tempo real e compartilhamento de arquivos, Zenkit oferece tudo o que \u00e9 necess\u00e1rio para garantir que os projetos sejam conclu\u00eddos com efici\u00eancia e dentro do prazo. A interface f\u00e1cil de usar e os amplos recursos da plataforma fazem dela a escolha ideal para empresas que buscam otimizar seus processos de gerenciamento de projetos.&nbsp;<a href=\"https:\/\/app.zenkit.com\/register\">Crie sua conta gratuita<\/a>!<\/p>\n<\/div>\n\n\n\n<div style=\"height:48px;--tablet-height:36px;--mobile-height:24px\" class=\"wp-block-lookeen-blocks-responsive-spacer\"><\/div>\n\n\n\n<div class=\"wp-block-group has-global-padding is-layout-constrained wp-block-group-is-layout-constrained\">\n<h3 class=\"wp-block-heading display-h2\">Conectar OpenAI e Zenkit<\/h3>\n\n\n\n<ol class=\"wp-block-list list__style__position-inside\">\n<li><a href=\"https:\/\/zapier.com\/sign-up\/\" target=\"_blank\" rel=\"noreferrer noopener\">Registre-se em<\/a>&nbsp;uma conta Zapier para obter acesso ao Zapier.<\/li>\n\n\n\n<li><a href=\"https:\/\/openai.com\/\" target=\"_blank\" rel=\"noreferrer noopener\">Crie uma conta<\/a>&nbsp;com OpenAI.<\/li>\n\n\n\n<li>Fa\u00e7a login no Zapier e acesse&nbsp;<a href=\"https:\/\/zapier.com\/apps\/openai\/integrations\/zenkit\" target=\"_blank\" rel=\"noreferrer noopener\">Zenkit + OpenAI Zapbook&nbsp;<\/a>para encontrar modelos de Zap.<\/li>\n\n\n\n<li>Ou opte por criar sua pr\u00f3pria integra\u00e7\u00e3o do Zenkit e do OpenAI, selecionando-os ao criar um zap.<\/li>\n\n\n\n<li>Durante a configura\u00e7\u00e3o do Zap, certifique-se de personalizar o prompt para que o OpenAI saiba o que fazer para voc\u00ea. Por exemplo, usando nosso exemplo de receita anterior, voc\u00ea poderia escrever \u201cPresent an easy and yummy recipe of the dish [Item Name].\u201d<\/li>\n<\/ol>\n<\/div>\n\n\n\n<div style=\"height:48px;--tablet-height:36px;--mobile-height:24px\" class=\"wp-block-lookeen-blocks-responsive-spacer\"><\/div>\n\n\n\n<div class=\"wp-block-group has-global-padding is-layout-constrained wp-block-group-is-layout-constrained\">\n<script type=\"text\/javascript\" src=\"https:\/\/zapier.com\/apps\/embed\/widget.js?guided_zaps=1161915\"><\/script>\n<\/div>\n\n\n\n<div style=\"height:48px;--tablet-height:36px;--mobile-height:24px\" class=\"wp-block-lookeen-blocks-responsive-spacer\"><\/div>\n\n\n\n<div class=\"wp-block-group has-global-padding is-layout-constrained wp-block-group-is-layout-constrained\">\n<h3 class=\"wp-block-heading display-h2\">Quem se beneficiar\u00e1 com essa integra\u00e7\u00e3o entre OpenAI e Zenkit?<\/h3>\n\n\n\n<ul class=\"wp-block-list is-style-da-left-indent\">\n<li><strong>Criadores de conte\u00fado e equipes editoriais que desejam aprimorar seus processos de pesquisa e reda\u00e7\u00e3o:<\/strong>&nbsp;Ao integrar o OpenAI com Zenkit, os criadores de conte\u00fado podem aproveitar a IA para gerar ideias e rascunhos de conte\u00fado de alta qualidade, ao mesmo tempo em que gerenciam com efici\u00eancia seu calend\u00e1rio editorial e fluxo de trabalho, garantindo um processo de cria\u00e7\u00e3o de conte\u00fado tranquilo e produtivo.<\/li>\n\n\n\n<li><strong>Equipes de desenvolvimento de produtos que buscam inova\u00e7\u00e3o e organiza\u00e7\u00e3o:<\/strong>&nbsp;As equipes de desenvolvimento de produtos podem se beneficiar da integra\u00e7\u00e3o usando a IA para fazer brainstorming e refinar ideias de produtos, gerar hist\u00f3rias de usu\u00e1rios e automatizar tarefas rotineiras de documenta\u00e7\u00e3o, ao mesmo tempo em que organizam e rastreiam perfeitamente seus projetos e tarefas Zenkit, levando a ciclos de desenvolvimento de produtos mais inovadores e bem gerenciados.<\/li>\n<\/ul>\n<\/div>\n\n\n\n<div style=\"height:48px;--tablet-height:36px;--mobile-height:24px\" class=\"wp-block-lookeen-blocks-responsive-spacer\"><\/div>\n\n\n\n<div class=\"wp-block-group has-global-padding is-layout-constrained wp-block-group-is-layout-constrained\">\n<h3 class=\"wp-block-heading display-h2\">Detalhes adicionais da integra\u00e7\u00e3o<\/h3>\n\n\n\n<ul class=\"wp-block-list is-style-da-left-indent\">\n<li>Suportado pelo Zapier: Entre em contato com o&nbsp;<a href=\"https:\/\/zapier.com\/app\/get-help\">suporte do Zapier<\/a>&nbsp;se tiver algum problema.<\/li>\n\n\n\n<li>Para obter mais informa\u00e7\u00f5es sobre como usar Zenkit com Zapier, leia nossa&nbsp;<a href=\"https:\/\/help.zenkit.com\/en\/support\/solutions\/articles\/43000590360-integrating-other-apps-into-zenkit-using-zapier\">documenta\u00e7\u00e3o<\/a>.<\/li>\n<\/ul>\n<\/div>\n<\/div>\n<\/div>\n<\/div>\n\n\n\n<div style=\"height:110px;--tablet-height:60px;--mobile-height:48px\" class=\"wp-block-lookeen-blocks-responsive-spacer\"><\/div>\n","protected":false},"excerpt":{"rendered":"<p>Integra\u00e7\u00f5es de Automa\u00e7\u00e3o de Marketing OpenAI e Zenkit Os modelos de linguagem de \u00faltima gera\u00e7\u00e3o da OpenAI, como o GPT-4, foram projetados para entender e gerar texto semelhante ao humano, oferecendo uma ampla gama de aplicativos, desde a gera\u00e7\u00e3o de conte\u00fado perspicaz at\u00e9 a automa\u00e7\u00e3o de tarefas de rotina. Ao incorporar o OpenAI ao Zenkit, [&hellip;]<\/p>\n","protected":false},"author":9,"featured_media":0,"parent":144948,"menu_order":3,"comment_status":"closed","ping_status":"closed","template":"","meta":{"yasr_overall_rating":0,"yasr_post_is_review":"","yasr_auto_insert_disabled":"","yasr_review_type":"","footnotes":""},"class_list":["post-135732","page","type-page","status-publish","hentry"],"yoast_head":"<!-- This site is optimized with the Yoast SEO plugin v27.3 - https:\/\/yoast.com\/product\/yoast-seo-wordpress\/ -->\n<title>OpenAI | Zenkit<\/title>\n<meta name=\"robots\" content=\"index, follow, max-snippet:-1, max-image-preview:large, max-video-preview:-1\" \/>\n<link rel=\"canonical\" href=\"https:\/\/zenkit.com\/pt-br\/integracoes\/openai\/\" \/>\n<meta property=\"og:locale\" content=\"pt_BR\" \/>\n<meta property=\"og:type\" content=\"article\" \/>\n<meta property=\"og:title\" content=\"OpenAI | Zenkit\" \/>\n<meta property=\"og:description\" content=\"Integra\u00e7\u00f5es de Automa\u00e7\u00e3o de Marketing OpenAI e Zenkit Os modelos de linguagem de \u00faltima gera\u00e7\u00e3o da OpenAI, como o GPT-4, foram projetados para entender e gerar texto semelhante ao humano, oferecendo uma ampla gama de aplicativos, desde a gera\u00e7\u00e3o de conte\u00fado perspicaz at\u00e9 a automa\u00e7\u00e3o de tarefas de rotina. Ao incorporar o OpenAI ao Zenkit, [&hellip;]\" \/>\n<meta property=\"og:url\" content=\"https:\/\/zenkit.com\/pt-br\/integracoes\/openai\/\" \/>\n<meta property=\"og:site_name\" content=\"Zenkit\" \/>\n<meta property=\"article:publisher\" content=\"https:\/\/www.facebook.com\/ZenkitHQ\" \/>\n<meta property=\"article:modified_time\" content=\"2025-11-04T05:53:17+00:00\" \/>\n<meta property=\"og:image\" content=\"https:\/\/zenkit.com\/wp-content\/uploads\/2023\/01\/openai-1024x569.jpeg\" \/>\n<meta name=\"twitter:card\" content=\"summary_large_image\" \/>\n<meta name=\"twitter:site\" content=\"@ZenkitHQ\" \/>\n<meta name=\"twitter:label1\" content=\"Est. tempo de leitura\" \/>\n\t<meta name=\"twitter:data1\" content=\"3 minutos\" \/>\n<script type=\"application\/ld+json\" class=\"yoast-schema-graph\">{\"@context\":\"https:\\\/\\\/schema.org\",\"@graph\":[{\"@type\":\"WebPage\",\"@id\":\"https:\\\/\\\/zenkit.com\\\/pt-br\\\/integracoes\\\/openai\\\/\",\"url\":\"https:\\\/\\\/zenkit.com\\\/pt-br\\\/integracoes\\\/openai\\\/\",\"name\":\"OpenAI | Zenkit\",\"isPartOf\":{\"@id\":\"https:\\\/\\\/zenkit.com\\\/pt-br\\\/#website\"},\"primaryImageOfPage\":{\"@id\":\"https:\\\/\\\/zenkit.com\\\/pt-br\\\/integracoes\\\/openai\\\/#primaryimage\"},\"image\":{\"@id\":\"https:\\\/\\\/zenkit.com\\\/pt-br\\\/integracoes\\\/openai\\\/#primaryimage\"},\"thumbnailUrl\":\"https:\\\/\\\/zenkit.com\\\/wp-content\\\/uploads\\\/2025\\\/07\\\/OPENAI.webp\",\"datePublished\":\"2025-09-06T07:20:56+00:00\",\"dateModified\":\"2025-11-04T05:53:17+00:00\",\"breadcrumb\":{\"@id\":\"https:\\\/\\\/zenkit.com\\\/pt-br\\\/integracoes\\\/openai\\\/#breadcrumb\"},\"inLanguage\":\"pt-BR\",\"potentialAction\":[{\"@type\":\"ReadAction\",\"target\":[\"https:\\\/\\\/zenkit.com\\\/pt-br\\\/integracoes\\\/openai\\\/\"]}]},{\"@type\":\"ImageObject\",\"inLanguage\":\"pt-BR\",\"@id\":\"https:\\\/\\\/zenkit.com\\\/pt-br\\\/integracoes\\\/openai\\\/#primaryimage\",\"url\":\"https:\\\/\\\/zenkit.com\\\/wp-content\\\/uploads\\\/2025\\\/07\\\/OPENAI.webp\",\"contentUrl\":\"https:\\\/\\\/zenkit.com\\\/wp-content\\\/uploads\\\/2025\\\/07\\\/OPENAI.webp\"},{\"@type\":\"BreadcrumbList\",\"@id\":\"https:\\\/\\\/zenkit.com\\\/pt-br\\\/integracoes\\\/openai\\\/#breadcrumb\",\"itemListElement\":[{\"@type\":\"ListItem\",\"position\":1,\"name\":\"Home\",\"item\":\"https:\\\/\\\/zenkit.com\\\/pt-br\\\/\"},{\"@type\":\"ListItem\",\"position\":2,\"name\":\"Integra\u00e7\u00f5es\",\"item\":\"https:\\\/\\\/zenkit.com\\\/pt-br\\\/integracoes\\\/\"},{\"@type\":\"ListItem\",\"position\":3,\"name\":\"OpenAI\"}]},{\"@type\":\"WebSite\",\"@id\":\"https:\\\/\\\/zenkit.com\\\/pt-br\\\/#website\",\"url\":\"https:\\\/\\\/zenkit.com\\\/pt-br\\\/\",\"name\":\"Zenkit\",\"description\":\"Zenkit Tagline\",\"potentialAction\":[{\"@type\":\"SearchAction\",\"target\":{\"@type\":\"EntryPoint\",\"urlTemplate\":\"https:\\\/\\\/zenkit.com\\\/pt-br\\\/?s={search_term_string}\"},\"query-input\":{\"@type\":\"PropertyValueSpecification\",\"valueRequired\":true,\"valueName\":\"search_term_string\"}}],\"inLanguage\":\"pt-BR\"},false]}<\/script>\n<!-- \/ Yoast SEO plugin. -->","yoast_head_json":{"title":"OpenAI | Zenkit","robots":{"index":"index","follow":"follow","max-snippet":"max-snippet:-1","max-image-preview":"max-image-preview:large","max-video-preview":"max-video-preview:-1"},"canonical":"https:\/\/zenkit.com\/pt-br\/integracoes\/openai\/","og_locale":"pt_BR","og_type":"article","og_title":"OpenAI | Zenkit","og_description":"Integra\u00e7\u00f5es de Automa\u00e7\u00e3o de Marketing OpenAI e Zenkit Os modelos de linguagem de \u00faltima gera\u00e7\u00e3o da OpenAI, como o GPT-4, foram projetados para entender e gerar texto semelhante ao humano, oferecendo uma ampla gama de aplicativos, desde a gera\u00e7\u00e3o de conte\u00fado perspicaz at\u00e9 a automa\u00e7\u00e3o de tarefas de rotina. Ao incorporar o OpenAI ao Zenkit, [&hellip;]","og_url":"https:\/\/zenkit.com\/pt-br\/integracoes\/openai\/","og_site_name":"Zenkit","article_publisher":"https:\/\/www.facebook.com\/ZenkitHQ","article_modified_time":"2025-11-04T05:53:17+00:00","og_image":[{"url":"https:\/\/zenkit.com\/wp-content\/uploads\/2023\/01\/openai-1024x569.jpeg","type":"","width":"","height":""}],"twitter_card":"summary_large_image","twitter_site":"@ZenkitHQ","twitter_misc":{"Est. tempo de leitura":"3 minutos"},"schema":{"@context":"https:\/\/schema.org","@graph":[{"@type":"WebPage","@id":"https:\/\/zenkit.com\/pt-br\/integracoes\/openai\/","url":"https:\/\/zenkit.com\/pt-br\/integracoes\/openai\/","name":"OpenAI | Zenkit","isPartOf":{"@id":"https:\/\/zenkit.com\/pt-br\/#website"},"primaryImageOfPage":{"@id":"https:\/\/zenkit.com\/pt-br\/integracoes\/openai\/#primaryimage"},"image":{"@id":"https:\/\/zenkit.com\/pt-br\/integracoes\/openai\/#primaryimage"},"thumbnailUrl":"https:\/\/zenkit.com\/wp-content\/uploads\/2025\/07\/OPENAI.webp","datePublished":"2025-09-06T07:20:56+00:00","dateModified":"2025-11-04T05:53:17+00:00","breadcrumb":{"@id":"https:\/\/zenkit.com\/pt-br\/integracoes\/openai\/#breadcrumb"},"inLanguage":"pt-BR","potentialAction":[{"@type":"ReadAction","target":["https:\/\/zenkit.com\/pt-br\/integracoes\/openai\/"]}]},{"@type":"ImageObject","inLanguage":"pt-BR","@id":"https:\/\/zenkit.com\/pt-br\/integracoes\/openai\/#primaryimage","url":"https:\/\/zenkit.com\/wp-content\/uploads\/2025\/07\/OPENAI.webp","contentUrl":"https:\/\/zenkit.com\/wp-content\/uploads\/2025\/07\/OPENAI.webp"},{"@type":"BreadcrumbList","@id":"https:\/\/zenkit.com\/pt-br\/integracoes\/openai\/#breadcrumb","itemListElement":[{"@type":"ListItem","position":1,"name":"Home","item":"https:\/\/zenkit.com\/pt-br\/"},{"@type":"ListItem","position":2,"name":"Integra\u00e7\u00f5es","item":"https:\/\/zenkit.com\/pt-br\/integracoes\/"},{"@type":"ListItem","position":3,"name":"OpenAI"}]},{"@type":"WebSite","@id":"https:\/\/zenkit.com\/pt-br\/#website","url":"https:\/\/zenkit.com\/pt-br\/","name":"Zenkit","description":"Zenkit Tagline","potentialAction":[{"@type":"SearchAction","target":{"@type":"EntryPoint","urlTemplate":"https:\/\/zenkit.com\/pt-br\/?s={search_term_string}"},"query-input":{"@type":"PropertyValueSpecification","valueRequired":true,"valueName":"search_term_string"}}],"inLanguage":"pt-BR"},false]}},"yasr_visitor_votes":{"stars_attributes":{"read_only":false,"span_bottom":false},"number_of_votes":0,"sum_votes":0},"_links":{"self":[{"href":"https:\/\/zenkit.com\/pt-br\/wp-json\/wp\/v2\/pages\/135732","targetHints":{"allow":["GET"]}}],"collection":[{"href":"https:\/\/zenkit.com\/pt-br\/wp-json\/wp\/v2\/pages"}],"about":[{"href":"https:\/\/zenkit.com\/pt-br\/wp-json\/wp\/v2\/types\/page"}],"author":[{"embeddable":true,"href":"https:\/\/zenkit.com\/pt-br\/wp-json\/wp\/v2\/users\/9"}],"replies":[{"embeddable":true,"href":"https:\/\/zenkit.com\/pt-br\/wp-json\/wp\/v2\/comments?post=135732"}],"version-history":[{"count":4,"href":"https:\/\/zenkit.com\/pt-br\/wp-json\/wp\/v2\/pages\/135732\/revisions"}],"predecessor-version":[{"id":145333,"href":"https:\/\/zenkit.com\/pt-br\/wp-json\/wp\/v2\/pages\/135732\/revisions\/145333"}],"up":[{"embeddable":true,"href":"https:\/\/zenkit.com\/pt-br\/wp-json\/wp\/v2\/pages\/144948"}],"wp:attachment":[{"href":"https:\/\/zenkit.com\/pt-br\/wp-json\/wp\/v2\/media?parent=135732"}],"curies":[{"name":"wp","href":"https:\/\/api.w.org\/{rel}","templated":true}]}}