{"id":135791,"date":"2025-09-06T10:40:29","date_gmt":"2025-09-06T08:40:29","guid":{"rendered":"https:\/\/zenkit.com\/?page_id=135791"},"modified":"2025-11-04T06:53:18","modified_gmt":"2025-11-04T05:53:18","slug":"everhour","status":"publish","type":"page","link":"https:\/\/zenkit.com\/pt-br\/integracoes\/everhour\/","title":{"rendered":"Everhour"},"content":{"rendered":"\n<div style=\"height:45px;--tablet-height:45px;--mobile-height:16px\" class=\"wp-block-lookeen-blocks-responsive-spacer\"><\/div>\n\n\n\n<div class=\"wp-block-group has-global-padding is-layout-constrained wp-block-group-is-layout-constrained\">\n<div class=\"wp-block-columns is-layout-flex wp-container-core-columns-is-layout-467d341d wp-block-columns-is-layout-flex\" id=\"main__integrations\" style=\"margin-top:0px;margin-bottom:0px\">\n<div class=\"wp-block-column side__bar__integrations is-layout-flow wp-block-column-is-layout-flow\" style=\"flex-basis:23%\">\n<h2 class=\"wp-block-heading has-da-blue-color-new has-text-color has-link-color wp-elements-ff0f40adac71a1667047901e0ae0f136\" style=\"margin-top:0px;margin-bottom:0px;font-size:16px;line-height:1.5\">Integra\u00e7\u00f5es de Controle de Tempo<\/h2>\n\n\n<nav class=\"is-vertical integrations__menu wp-block-navigation is-layout-flex wp-container-core-navigation-is-layout-5f9f5280 wp-block-navigation-is-layout-flex\" aria-label=\"pt-br-integrations-time-tracking\"><ul class=\"wp-block-navigation__container  is-vertical integrations__menu wp-block-navigation\"><li class=\" wp-block-navigation-item wp-block-navigation-link\"><a class=\"wp-block-navigation-item__content\"  href=\"https:\/\/zenkit.com\/pt-br\/integracoes\/clicktime\/\"><span class=\"wp-block-navigation-item__label\">ClickTime<\/span><\/a><\/li><li class=\" wp-block-navigation-item wp-block-navigation-link\"><a class=\"wp-block-navigation-item__content\"  href=\"https:\/\/zenkit.com\/pt-br\/integracoes\/clockify\/\"><span class=\"wp-block-navigation-item__label\">Clockify<\/span><\/a><\/li><li class=\" wp-block-navigation-item wp-block-navigation-link\"><a class=\"wp-block-navigation-item__content\"  href=\"https:\/\/zenkit.com\/pt-br\/integracoes\/desktime\/\"><span class=\"wp-block-navigation-item__label\">DeskTime<\/span><\/a><\/li><li class=\" wp-block-navigation-item wp-block-navigation-link\"><a class=\"wp-block-navigation-item__content\"  href=\"https:\/\/zenkit.com\/pt-br\/integracoes\/everhour\/\"><span class=\"wp-block-navigation-item__label\">Everhour<\/span><\/a><\/li><li class=\" wp-block-navigation-item wp-block-navigation-link\"><a class=\"wp-block-navigation-item__content\"  href=\"https:\/\/zenkit.com\/pt-br\/integracoes\/pomodoneapp\/\"><span class=\"wp-block-navigation-item__label\">PomoDoneApp<\/span><\/a><\/li><li class=\" wp-block-navigation-item wp-block-navigation-link\"><a class=\"wp-block-navigation-item__content\"  href=\"https:\/\/zenkit.com\/pt-br\/integracoes\/timecamp\/\"><span class=\"wp-block-navigation-item__label\">TimeCamp<\/span><\/a><\/li><li class=\" wp-block-navigation-item wp-block-navigation-link\"><a class=\"wp-block-navigation-item__content\"  href=\"https:\/\/zenkit.com\/pt-br\/integracoes\/time-doctor\/\"><span class=\"wp-block-navigation-item__label\">Time Doctor<\/span><\/a><\/li><li class=\" wp-block-navigation-item wp-block-navigation-link\"><a class=\"wp-block-navigation-item__content\"  href=\"https:\/\/zenkit.com\/pt-br\/integracoes\/tmetric\/\"><span class=\"wp-block-navigation-item__label\">TMetric<\/span><\/a><\/li><li class=\" wp-block-navigation-item wp-block-navigation-link\"><a class=\"wp-block-navigation-item__content\"  href=\"https:\/\/zenkit.com\/pt-br\/integracoes\/toggl-track\/\"><span class=\"wp-block-navigation-item__label\">Toggl Track<\/span><\/a><\/li><\/ul><\/nav><\/div>\n\n\n\n<div class=\"wp-block-column content__integrations is-layout-flow wp-block-column-is-layout-flow\" style=\"flex-basis:77%\">\n<div class=\"wp-block-group has-global-padding is-layout-constrained wp-block-group-is-layout-constrained\">\n<div class=\"wp-block-group title is-layout-flex wp-container-core-group-is-layout-ed4b00df wp-block-group-is-layout-flex\">\n<figure class=\"wp-block-image size-full is-resized\"><img loading=\"lazy\" decoding=\"async\" width=\"256\" height=\"256\" src=\"https:\/\/zenkit.com\/wp-content\/uploads\/2025\/07\/everhour-logo-256.webp\" alt=\"\" class=\"wp-image-118464\" style=\"width:auto;height:46px\" srcset=\"https:\/\/zenkit.com\/wp-content\/uploads\/2025\/07\/everhour-logo-256.webp 256w, https:\/\/zenkit.com\/wp-content\/uploads\/2025\/07\/everhour-logo-256-150x150.webp 150w\" sizes=\"auto, (max-width: 256px) 100vw, 256px\" \/><\/figure>\n\n\n\n<h1 class=\"wp-block-heading\">Everhour e Zenkit<\/h1>\n<\/div>\n\n\n\n<div class=\"wp-block-group has-global-padding is-layout-constrained wp-block-group-is-layout-constrained\">\n<h3 class=\"wp-block-heading display-h2\">Conecte suas contas Zenkit e Everhour<\/h3>\n\n\n\n<p>Ao se conectar com Everhour, voc\u00ea pode acompanhar o tempo de suas tarefas diretamente de Zenkit e, em seguida, gerar relat\u00f3rios detalhados para ver quanto tempo voc\u00ea gasta em todo o projeto.<\/p>\n<\/div>\n\n\n\n<div style=\"height:48px;--tablet-height:36px;--mobile-height:24px\" class=\"wp-block-lookeen-blocks-responsive-spacer\"><\/div>\n<\/div>\n\n\n\n<div class=\"wp-block-group has-global-padding is-layout-constrained wp-block-group-is-layout-constrained\">\n<figure class=\"wp-block-image size-full\"><img loading=\"lazy\" decoding=\"async\" width=\"972\" height=\"628\" src=\"https:\/\/zenkit.com\/wp-content\/uploads\/2025\/07\/Everhour-integration.webp\" alt=\"\" class=\"wp-image-118475\" srcset=\"https:\/\/zenkit.com\/wp-content\/uploads\/2025\/07\/Everhour-integration.webp 972w, https:\/\/zenkit.com\/wp-content\/uploads\/2025\/07\/Everhour-integration-300x194.webp 300w, https:\/\/zenkit.com\/wp-content\/uploads\/2025\/07\/Everhour-integration-768x496.webp 768w\" sizes=\"auto, (max-width: 972px) 100vw, 972px\" \/><\/figure>\n<\/div>\n\n\n\n<div style=\"height:48px;--tablet-height:36px;--mobile-height:24px\" class=\"wp-block-lookeen-blocks-responsive-spacer\"><\/div>\n\n\n\n<div class=\"wp-block-group has-global-padding is-layout-constrained wp-block-group-is-layout-constrained\">\n<h3 class=\"wp-block-heading display-h2\">Sobre o Everhour: Software de controle de tempo<\/h3>\n\n\n\n<p>Everhour \u00e9 um software de controle de horas intuitivo e f\u00e1cil de usar. Controle o tempo, defina estimativas, transforme as horas controladas em faturas, gerencie a folha de pagamento e analise o desempenho da equipe com relat\u00f3rios personaliz\u00e1veis. Everhour se integra nativamente com as ferramentas de gerenciamento de projetos mais populares, como Zenkit, Asana, Trello e muitas outras. Chega de alternar entre abas!<\/p>\n<\/div>\n\n\n\n<div style=\"height:48px;--tablet-height:36px;--mobile-height:24px\" class=\"wp-block-lookeen-blocks-responsive-spacer\"><\/div>\n\n\n\n<div class=\"wp-block-group has-global-padding is-layout-constrained wp-block-group-is-layout-constrained\">\n<h3 class=\"wp-block-heading display-h2\">Sobre Zenkit: Gerenciamento de projetos on-line<\/h3>\n\n\n\n<p><a href=\"https:\/\/zenkit.com\/\">Zenkit<\/a>&nbsp;\u00e9 uma solu\u00e7\u00e3o de gerenciamento de v\u00e1rios projetos para projetos \u00e1geis e cl\u00e1ssicos. Ele oferece recursos de colabora\u00e7\u00e3o em tempo real, visualiza\u00e7\u00f5es inteligentes, relat\u00f3rios e planejamento de recursos que permitem o progresso real da sua equipe. Com um clique, voc\u00ea pode alternar seus projetos para diferentes visualiza\u00e7\u00f5es, incluindo Kanban, gr\u00e1fico de Gantt, tabela, mapa mental, hierarquia, lista e calend\u00e1rio. Voc\u00ea pode acessar Zenkit em praticamente qualquer plataforma \u2013 incluindo aplicativos da Web, Windows, Linux, MacOS, bem como vers\u00f5es m\u00f3veis em dispositivos Android e iOS.<\/p>\n\n\n\n<p>Para obter mais informa\u00e7\u00f5es,&nbsp;<a href=\"https:\/\/zenkit.com\/pt-br\/projects\/\">https:\/\/zenkit.com\/<\/a>.<\/p>\n\n\n\n<div style=\"height:48px;--tablet-height:36px;--mobile-height:24px\" class=\"wp-block-lookeen-blocks-responsive-spacer\"><\/div>\n<\/div>\n\n\n\n<div class=\"wp-block-group has-global-padding is-layout-constrained wp-block-group-is-layout-constrained\">\n<h3 class=\"wp-block-heading display-h2\">Como conectar o Everhour e o Zenkit?<\/h3>\n\n\n\n<ol class=\"wp-block-list\">\n<li><a href=\"https:\/\/everhour.com\/signup\">Registre-se<\/a>&nbsp;com uma conta Everhour.<\/li>\n\n\n\n<li>Instale a extens\u00e3o do navegador Everhour para&nbsp;<a href=\"https:\/\/support.everhour.com\/article\/441-how-to-install-everhour-extension-in-chrome\">Chrome<\/a>,&nbsp;<a href=\"https:\/\/support.everhour.com\/article\/442-how-to-install-everhour-extension-in-firefox\">Firefox<\/a>,&nbsp;<a href=\"https:\/\/support.everhour.com\/article\/177-browser-extension-safari\">Safari<\/a>,&nbsp;<a href=\"https:\/\/support.everhour.com\/article\/303-how-to-install-everhour-browser-extensions-on-opera\">Opera<\/a>&nbsp;e&nbsp;<a href=\"https:\/\/support.everhour.com\/article\/302-how-to-install-everhour-browser-extensions-on-microsoft-edge\">Edge<\/a>.<\/li>\n\n\n\n<li>Abra a extens\u00e3o Everhour e clique no \u00edcone do avatar para acessar a p\u00e1gina Integra\u00e7\u00f5es. Procure o Zenkit e ative-o.<\/li>\n\n\n\n<li>Inicie e pare o cron\u00f4metro ou adicione manualmente o tempo para hoje ou para a data passada em todas as tarefas do Zenkit.<\/li>\n\n\n\n<li>Execute seu relat\u00f3rio de tempo no&nbsp;<a href=\"http:\/\/app.everhour.com\/\">Everhour<\/a>&nbsp;em seguida.<\/li>\n<\/ol>\n\n\n\n<p>Saiba mais aqui:&nbsp;<a href=\"https:\/\/everhour.com\/integrations\/zenkit-time-tracking\">https:\/\/everhour.com\/integrations\/zenkit-time-tracking<\/a>.<\/p>\n<\/div>\n\n\n\n<div style=\"height:48px;--tablet-height:36px;--mobile-height:24px\" class=\"wp-block-lookeen-blocks-responsive-spacer\"><\/div>\n\n\n\n<div class=\"wp-block-group has-global-padding is-layout-constrained wp-block-group-is-layout-constrained\">\n<h3 class=\"wp-block-heading display-h2\">Quem se beneficiar\u00e1 com essa integra\u00e7\u00e3o entre Everhour e Zenkit?<\/h3>\n\n\n\n<ul class=\"wp-block-list is-style-da-left-indent\">\n<li>Gerentes de projeto que gostariam de controlar facilmente o tempo gasto em cada tarefa.<\/li>\n\n\n\n<li>Pessoas que desejam evitar a altern\u00e2ncia constante entre dois aplicativos diariamente.<\/li>\n<\/ul>\n<\/div>\n\n\n\n<div style=\"height:48px;--tablet-height:36px;--mobile-height:24px\" class=\"wp-block-lookeen-blocks-responsive-spacer\"><\/div>\n\n\n\n<div class=\"wp-block-group has-global-padding is-layout-constrained wp-block-group-is-layout-constrained\">\n<h3 class=\"wp-block-heading display-h2\">Detalhes adicionais da integra\u00e7\u00e3o<\/h3>\n\n\n\n<ul class=\"wp-block-list is-style-da-left-indent\">\n<li>Suporte provido por Everhour: Entre em contato com&nbsp;<a href=\"mailto:ask@everhour.com\">Everhour<\/a>&nbsp;se tiver algum problema.<\/li>\n<\/ul>\n<\/div>\n<\/div>\n<\/div>\n<\/div>\n\n\n\n<div style=\"height:110px;--tablet-height:60px;--mobile-height:48px\" class=\"wp-block-lookeen-blocks-responsive-spacer\"><\/div>\n","protected":false},"excerpt":{"rendered":"<p>Integra\u00e7\u00f5es de Controle de Tempo Everhour e Zenkit Conecte suas contas Zenkit e Everhour Ao se conectar com Everhour, voc\u00ea pode acompanhar o tempo de suas tarefas diretamente de Zenkit e, em seguida, gerar relat\u00f3rios detalhados para ver quanto tempo voc\u00ea gasta em todo o projeto. Sobre o Everhour: Software de controle de tempo Everhour [&hellip;]<\/p>\n","protected":false},"author":9,"featured_media":0,"parent":144948,"menu_order":22,"comment_status":"closed","ping_status":"closed","template":"","meta":{"yasr_overall_rating":0,"yasr_post_is_review":"","yasr_auto_insert_disabled":"","yasr_review_type":"","footnotes":""},"class_list":["post-135791","page","type-page","status-publish","hentry"],"yoast_head":"<!-- This site is optimized with the Yoast SEO plugin v27.4 - https:\/\/yoast.com\/product\/yoast-seo-wordpress\/ -->\n<title>Everhour | Zenkit<\/title>\n<meta name=\"robots\" content=\"index, follow, max-snippet:-1, max-image-preview:large, max-video-preview:-1\" \/>\n<link rel=\"canonical\" href=\"https:\/\/zenkit.com\/pt-br\/integracoes\/everhour\/\" \/>\n<meta property=\"og:locale\" content=\"pt_BR\" \/>\n<meta property=\"og:type\" content=\"article\" \/>\n<meta property=\"og:title\" content=\"Everhour | Zenkit\" \/>\n<meta property=\"og:description\" content=\"Integra\u00e7\u00f5es de Controle de Tempo Everhour e Zenkit Conecte suas contas Zenkit e Everhour Ao se conectar com Everhour, voc\u00ea pode acompanhar o tempo de suas tarefas diretamente de Zenkit e, em seguida, gerar relat\u00f3rios detalhados para ver quanto tempo voc\u00ea gasta em todo o projeto. Sobre o Everhour: Software de controle de tempo Everhour [&hellip;]\" \/>\n<meta property=\"og:url\" content=\"https:\/\/zenkit.com\/pt-br\/integracoes\/everhour\/\" \/>\n<meta property=\"og:site_name\" content=\"Zenkit\" \/>\n<meta property=\"article:publisher\" content=\"https:\/\/www.facebook.com\/ZenkitHQ\" \/>\n<meta property=\"article:modified_time\" content=\"2025-11-04T05:53:18+00:00\" \/>\n<meta property=\"og:image\" content=\"https:\/\/zenkit.com\/wp-content\/uploads\/2025\/07\/everhour-logo-256.webp\" \/>\n\t<meta property=\"og:image:width\" content=\"256\" \/>\n\t<meta property=\"og:image:height\" content=\"256\" \/>\n\t<meta property=\"og:image:type\" content=\"image\/webp\" \/>\n<meta name=\"twitter:card\" content=\"summary_large_image\" \/>\n<meta name=\"twitter:site\" content=\"@ZenkitHQ\" \/>\n<meta name=\"twitter:label1\" content=\"Est. tempo de leitura\" \/>\n\t<meta name=\"twitter:data1\" content=\"2 minutos\" \/>\n<script type=\"application\/ld+json\" class=\"yoast-schema-graph\">{\"@context\":\"https:\\\/\\\/schema.org\",\"@graph\":[{\"@type\":\"WebPage\",\"@id\":\"https:\\\/\\\/zenkit.com\\\/pt-br\\\/integracoes\\\/everhour\\\/\",\"url\":\"https:\\\/\\\/zenkit.com\\\/pt-br\\\/integracoes\\\/everhour\\\/\",\"name\":\"Everhour | Zenkit\",\"isPartOf\":{\"@id\":\"https:\\\/\\\/zenkit.com\\\/pt-br\\\/#website\"},\"primaryImageOfPage\":{\"@id\":\"https:\\\/\\\/zenkit.com\\\/pt-br\\\/integracoes\\\/everhour\\\/#primaryimage\"},\"image\":{\"@id\":\"https:\\\/\\\/zenkit.com\\\/pt-br\\\/integracoes\\\/everhour\\\/#primaryimage\"},\"thumbnailUrl\":\"https:\\\/\\\/zenkit.com\\\/wp-content\\\/uploads\\\/2025\\\/07\\\/everhour-logo-256.webp\",\"datePublished\":\"2025-09-06T08:40:29+00:00\",\"dateModified\":\"2025-11-04T05:53:18+00:00\",\"breadcrumb\":{\"@id\":\"https:\\\/\\\/zenkit.com\\\/pt-br\\\/integracoes\\\/everhour\\\/#breadcrumb\"},\"inLanguage\":\"pt-BR\",\"potentialAction\":[{\"@type\":\"ReadAction\",\"target\":[\"https:\\\/\\\/zenkit.com\\\/pt-br\\\/integracoes\\\/everhour\\\/\"]}]},{\"@type\":\"ImageObject\",\"inLanguage\":\"pt-BR\",\"@id\":\"https:\\\/\\\/zenkit.com\\\/pt-br\\\/integracoes\\\/everhour\\\/#primaryimage\",\"url\":\"https:\\\/\\\/zenkit.com\\\/wp-content\\\/uploads\\\/2025\\\/07\\\/everhour-logo-256.webp\",\"contentUrl\":\"https:\\\/\\\/zenkit.com\\\/wp-content\\\/uploads\\\/2025\\\/07\\\/everhour-logo-256.webp\"},{\"@type\":\"BreadcrumbList\",\"@id\":\"https:\\\/\\\/zenkit.com\\\/pt-br\\\/integracoes\\\/everhour\\\/#breadcrumb\",\"itemListElement\":[{\"@type\":\"ListItem\",\"position\":1,\"name\":\"Home\",\"item\":\"https:\\\/\\\/zenkit.com\\\/pt-br\\\/\"},{\"@type\":\"ListItem\",\"position\":2,\"name\":\"Integra\u00e7\u00f5es\",\"item\":\"https:\\\/\\\/zenkit.com\\\/pt-br\\\/integracoes\\\/\"},{\"@type\":\"ListItem\",\"position\":3,\"name\":\"Everhour\"}]},{\"@type\":\"WebSite\",\"@id\":\"https:\\\/\\\/zenkit.com\\\/pt-br\\\/#website\",\"url\":\"https:\\\/\\\/zenkit.com\\\/pt-br\\\/\",\"name\":\"Zenkit\",\"description\":\"Zenkit Tagline\",\"potentialAction\":[{\"@type\":\"SearchAction\",\"target\":{\"@type\":\"EntryPoint\",\"urlTemplate\":\"https:\\\/\\\/zenkit.com\\\/pt-br\\\/?s={search_term_string}\"},\"query-input\":{\"@type\":\"PropertyValueSpecification\",\"valueRequired\":true,\"valueName\":\"search_term_string\"}}],\"inLanguage\":\"pt-BR\"},false]}<\/script>\n<!-- \/ Yoast SEO plugin. -->","yoast_head_json":{"title":"Everhour | Zenkit","robots":{"index":"index","follow":"follow","max-snippet":"max-snippet:-1","max-image-preview":"max-image-preview:large","max-video-preview":"max-video-preview:-1"},"canonical":"https:\/\/zenkit.com\/pt-br\/integracoes\/everhour\/","og_locale":"pt_BR","og_type":"article","og_title":"Everhour | Zenkit","og_description":"Integra\u00e7\u00f5es de Controle de Tempo Everhour e Zenkit Conecte suas contas Zenkit e Everhour Ao se conectar com Everhour, voc\u00ea pode acompanhar o tempo de suas tarefas diretamente de Zenkit e, em seguida, gerar relat\u00f3rios detalhados para ver quanto tempo voc\u00ea gasta em todo o projeto. Sobre o Everhour: Software de controle de tempo Everhour [&hellip;]","og_url":"https:\/\/zenkit.com\/pt-br\/integracoes\/everhour\/","og_site_name":"Zenkit","article_publisher":"https:\/\/www.facebook.com\/ZenkitHQ","article_modified_time":"2025-11-04T05:53:18+00:00","og_image":[{"width":256,"height":256,"url":"https:\/\/zenkit.com\/wp-content\/uploads\/2025\/07\/everhour-logo-256.webp","type":"image\/webp"}],"twitter_card":"summary_large_image","twitter_site":"@ZenkitHQ","twitter_misc":{"Est. tempo de leitura":"2 minutos"},"schema":{"@context":"https:\/\/schema.org","@graph":[{"@type":"WebPage","@id":"https:\/\/zenkit.com\/pt-br\/integracoes\/everhour\/","url":"https:\/\/zenkit.com\/pt-br\/integracoes\/everhour\/","name":"Everhour | Zenkit","isPartOf":{"@id":"https:\/\/zenkit.com\/pt-br\/#website"},"primaryImageOfPage":{"@id":"https:\/\/zenkit.com\/pt-br\/integracoes\/everhour\/#primaryimage"},"image":{"@id":"https:\/\/zenkit.com\/pt-br\/integracoes\/everhour\/#primaryimage"},"thumbnailUrl":"https:\/\/zenkit.com\/wp-content\/uploads\/2025\/07\/everhour-logo-256.webp","datePublished":"2025-09-06T08:40:29+00:00","dateModified":"2025-11-04T05:53:18+00:00","breadcrumb":{"@id":"https:\/\/zenkit.com\/pt-br\/integracoes\/everhour\/#breadcrumb"},"inLanguage":"pt-BR","potentialAction":[{"@type":"ReadAction","target":["https:\/\/zenkit.com\/pt-br\/integracoes\/everhour\/"]}]},{"@type":"ImageObject","inLanguage":"pt-BR","@id":"https:\/\/zenkit.com\/pt-br\/integracoes\/everhour\/#primaryimage","url":"https:\/\/zenkit.com\/wp-content\/uploads\/2025\/07\/everhour-logo-256.webp","contentUrl":"https:\/\/zenkit.com\/wp-content\/uploads\/2025\/07\/everhour-logo-256.webp"},{"@type":"BreadcrumbList","@id":"https:\/\/zenkit.com\/pt-br\/integracoes\/everhour\/#breadcrumb","itemListElement":[{"@type":"ListItem","position":1,"name":"Home","item":"https:\/\/zenkit.com\/pt-br\/"},{"@type":"ListItem","position":2,"name":"Integra\u00e7\u00f5es","item":"https:\/\/zenkit.com\/pt-br\/integracoes\/"},{"@type":"ListItem","position":3,"name":"Everhour"}]},{"@type":"WebSite","@id":"https:\/\/zenkit.com\/pt-br\/#website","url":"https:\/\/zenkit.com\/pt-br\/","name":"Zenkit","description":"Zenkit Tagline","potentialAction":[{"@type":"SearchAction","target":{"@type":"EntryPoint","urlTemplate":"https:\/\/zenkit.com\/pt-br\/?s={search_term_string}"},"query-input":{"@type":"PropertyValueSpecification","valueRequired":true,"valueName":"search_term_string"}}],"inLanguage":"pt-BR"},false]}},"yasr_visitor_votes":{"stars_attributes":{"read_only":false,"span_bottom":false},"number_of_votes":0,"sum_votes":0},"_links":{"self":[{"href":"https:\/\/zenkit.com\/pt-br\/wp-json\/wp\/v2\/pages\/135791","targetHints":{"allow":["GET"]}}],"collection":[{"href":"https:\/\/zenkit.com\/pt-br\/wp-json\/wp\/v2\/pages"}],"about":[{"href":"https:\/\/zenkit.com\/pt-br\/wp-json\/wp\/v2\/types\/page"}],"author":[{"embeddable":true,"href":"https:\/\/zenkit.com\/pt-br\/wp-json\/wp\/v2\/users\/9"}],"replies":[{"embeddable":true,"href":"https:\/\/zenkit.com\/pt-br\/wp-json\/wp\/v2\/comments?post=135791"}],"version-history":[{"count":4,"href":"https:\/\/zenkit.com\/pt-br\/wp-json\/wp\/v2\/pages\/135791\/revisions"}],"predecessor-version":[{"id":145276,"href":"https:\/\/zenkit.com\/pt-br\/wp-json\/wp\/v2\/pages\/135791\/revisions\/145276"}],"up":[{"embeddable":true,"href":"https:\/\/zenkit.com\/pt-br\/wp-json\/wp\/v2\/pages\/144948"}],"wp:attachment":[{"href":"https:\/\/zenkit.com\/pt-br\/wp-json\/wp\/v2\/media?parent=135791"}],"curies":[{"name":"wp","href":"https:\/\/api.w.org\/{rel}","templated":true}]}}