{"id":138660,"date":"2025-09-08T12:20:57","date_gmt":"2025-09-08T10:20:57","guid":{"rendered":"https:\/\/zenkit.com\/?page_id=138660"},"modified":"2025-11-04T06:53:18","modified_gmt":"2025-11-04T05:53:18","slug":"integrately","status":"publish","type":"page","link":"https:\/\/zenkit.com\/pt-br\/integracoes\/integrately\/","title":{"rendered":"+500 via Integrately"},"content":{"rendered":"\n<div style=\"height:45px;--tablet-height:45px;--mobile-height:16px\" class=\"wp-block-lookeen-blocks-responsive-spacer\"><\/div>\n\n\n\n<div class=\"wp-block-group has-global-padding is-layout-constrained wp-block-group-is-layout-constrained\">\n<div class=\"wp-block-columns is-layout-flex wp-container-core-columns-is-layout-467d341d wp-block-columns-is-layout-flex\" id=\"main__integrations\" style=\"margin-top:0px;margin-bottom:0px\">\n<div class=\"wp-block-column side__bar__integrations is-layout-flow wp-block-column-is-layout-flow\" style=\"flex-basis:23%\">\n<h2 class=\"wp-block-heading has-da-blue-color-new has-text-color has-link-color wp-elements-ac46a304571dea7547d79bc5fe7c258a\" style=\"margin-top:0px;margin-bottom:0px;font-size:16px;line-height:1.5\">Other Integrations<\/h2>\n\n\n<nav class=\"is-vertical integrations__menu wp-block-navigation is-layout-flex wp-container-core-navigation-is-layout-5f9f5280 wp-block-navigation-is-layout-flex\" aria-label=\"pt-integrations-other\"><ul class=\"wp-block-navigation__container  is-vertical integrations__menu wp-block-navigation\"><li class=\" wp-block-navigation-item wp-block-navigation-link\"><a class=\"wp-block-navigation-item__content\"  href=\"https:\/\/zenkit.com\/pt-br\/integracoes\/integrately\/\"><span class=\"wp-block-navigation-item__label\">+500 via Integrately<\/span><\/a><\/li><\/ul><\/nav><\/div>\n\n\n\n<div class=\"wp-block-column content__integrations is-layout-flow wp-block-column-is-layout-flow\" style=\"flex-basis:77%\">\n<div class=\"wp-block-group has-global-padding is-layout-constrained wp-block-group-is-layout-constrained\">\n<div class=\"wp-block-group title is-nowrap is-layout-flex wp-container-core-group-is-layout-2e1435bd wp-block-group-is-layout-flex\">\n<figure class=\"wp-block-image size-full is-resized\"><img loading=\"lazy\" decoding=\"async\" width=\"500\" height=\"500\" src=\"https:\/\/zenkit.com\/wp-content\/uploads\/2025\/07\/integrately-icon.webp\" alt=\"\" class=\"wp-image-117659\" style=\"width:auto;height:46px\" srcset=\"https:\/\/zenkit.com\/wp-content\/uploads\/2025\/07\/integrately-icon.webp 500w, https:\/\/zenkit.com\/wp-content\/uploads\/2025\/07\/integrately-icon-300x300.webp 300w, https:\/\/zenkit.com\/wp-content\/uploads\/2025\/07\/integrately-icon-150x150.webp 150w\" sizes=\"auto, (max-width: 500px) 100vw, 500px\" \/><\/figure>\n\n\n\n<h1 class=\"wp-block-heading\">+500 via Integrately e Zenkit<\/h1>\n<\/div>\n\n\n\n<div class=\"wp-block-group has-global-padding is-layout-constrained wp-block-group-is-layout-constrained\">\n<p>Integrately ajuda voc\u00ea a conectar Zenkit com cerca de 500 outros aplicativos<\/p>\n<\/div>\n<\/div>\n\n\n\n<div style=\"height:48px;--tablet-height:36px;--mobile-height:24px\" class=\"wp-block-lookeen-blocks-responsive-spacer\"><\/div>\n\n\n\n<div class=\"wp-block-group has-global-padding is-layout-constrained wp-block-group-is-layout-constrained\">\n<figure class=\"wp-block-image size-full\"><img loading=\"lazy\" decoding=\"async\" width=\"1024\" height=\"658\" src=\"https:\/\/zenkit.com\/wp-content\/uploads\/2025\/07\/zenkit-explore-1024x658-1.webp\" alt=\"+500 via Integrately &amp; Zenkit\" class=\"wp-image-117671\" srcset=\"https:\/\/zenkit.com\/wp-content\/uploads\/2025\/07\/zenkit-explore-1024x658-1.webp 1024w, https:\/\/zenkit.com\/wp-content\/uploads\/2025\/07\/zenkit-explore-1024x658-1-300x193.webp 300w, https:\/\/zenkit.com\/wp-content\/uploads\/2025\/07\/zenkit-explore-1024x658-1-768x494.webp 768w\" sizes=\"auto, (max-width: 1024px) 100vw, 1024px\" \/><\/figure>\n\n\n\n<div style=\"height:48px;--tablet-height:36px;--mobile-height:24px\" class=\"wp-block-lookeen-blocks-responsive-spacer\"><\/div>\n\n\n\n<p>Encontre os aplicativos que voc\u00ea usa e adora e conecte-os ao Zenkit para automatizar seus fluxos de trabalho! Torne o trabalho mais divertido!<\/p>\n\n\n\n<p>Confira como voc\u00ea pode integrar Zenkit com outros aplicativos&nbsp;<a href=\"https:\/\/integrately.com\/integrations\/zenkit\">aqui<\/a>!<\/p>\n<\/div>\n\n\n\n<div style=\"height:48px;--tablet-height:36px;--mobile-height:24px\" class=\"wp-block-lookeen-blocks-responsive-spacer\"><\/div>\n\n\n\n<div class=\"wp-block-group has-global-padding is-layout-constrained wp-block-group-is-layout-constrained\">\n<h3 class=\"wp-block-heading display-h2\">Sobre Integrately: Software de automa\u00e7\u00e3o com um clique<\/h3>\n\n\n\n<p><a href=\"https:\/\/integrately.com\/\">Integrately<\/a>\u00a0\u00e9 um software de automa\u00e7\u00e3o que oferece aos seus usu\u00e1rios automa\u00e7\u00f5es prontas para uso com um clique, de modo que o esfor\u00e7o para criar as integra\u00e7\u00f5es \u00e9 m\u00ednimo. Com o objetivo de ajudar at\u00e9 mesmo as pessoas menos t\u00e9cnicas a automatizar seus fluxos de trabalho, Integrately tem uma curva de aprendizado \u201czero\u201d e a experi\u00eancia do usu\u00e1rio \u00e9 extremamente amig\u00e1vel. O mais importante \u00e9 que \u00e9 f\u00e1cil entender o hist\u00f3rico de registros porque ele \u00e9 exibido como um formul\u00e1rio e n\u00e3o em JSON. Isso facilita a compreens\u00e3o do que deu errado quando ocorre um erro.<\/p>\n<\/div>\n\n\n\n<div style=\"height:48px;--tablet-height:36px;--mobile-height:24px\" class=\"wp-block-lookeen-blocks-responsive-spacer\"><\/div>\n\n\n\n<div class=\"wp-block-group has-global-padding is-layout-constrained wp-block-group-is-layout-constrained\">\n<h3 class=\"wp-block-heading display-h2\">Sobre Zenkit: Gerenciamento de projetos on-line<\/h3>\n\n\n\n<p><a href=\"https:\/\/zenkit.com\/pt-br\/projects\/\">Zenkit<\/a>\u00a0\u00e9 uma solu\u00e7\u00e3o de gerenciamento de v\u00e1rios projetos para projetos \u00e1geis e cl\u00e1ssicos. Ele oferece recursos de colabora\u00e7\u00e3o em tempo real, visualiza\u00e7\u00f5es inteligentes, relat\u00f3rios e planejamento de recursos que permitem o progresso real da sua equipe. Com um clique, voc\u00ea pode alternar seus projetos para diferentes visualiza\u00e7\u00f5es, incluindo Kanban, gr\u00e1fico de Gantt, tabela, mapa mental, hierarquia, lista e calend\u00e1rio. Voc\u00ea pode acessar Zenkit em praticamente qualquer plataforma \u2013 incluindo aplicativos da Web, Windows, Linux, MacOS, bem como vers\u00f5es m\u00f3veis em dispositivos Android e iOS.<\/p>\n\n\n\n<p>Como parte da Su\u00edte Zenkit, Zenkit se integra perfeitamente a todos os outros produtos da Su\u00edte Zenkit. Para obter mais informa\u00e7\u00f5es, acesse<a href=\"https:\/\/zenkit.com\/pt-br\/projects\/\">\u00a0https:\/\/zenkit.com\/projects<\/a>.<\/p>\n<\/div>\n\n\n\n<div style=\"height:48px;--tablet-height:36px;--mobile-height:24px\" class=\"wp-block-lookeen-blocks-responsive-spacer\"><\/div>\n\n\n\n<div class=\"wp-block-group has-global-padding is-layout-constrained wp-block-group-is-layout-constrained\">\n<h3 class=\"wp-block-heading display-h2\">Como conectar Integrately e Zenkit?<\/h3>\n\n\n\n<ol class=\"wp-block-list\">\n<li><a href=\"https:\/\/zapier.com\/sign-up\/\">Registre-se<\/a>\u00a0em uma conta Integrately para obter acesso ao Integrately.<\/li>\n\n\n\n<li>Fa\u00e7a login em Integrately e escolha o aplicativo que voc\u00ea gostaria de conectar ao Zenkit.<\/li>\n\n\n\n<li>Siga as instru\u00e7\u00f5es para configurar a conex\u00e3o em 5 minutos.<\/li>\n<\/ol>\n\n\n\n<p>Abaixo est\u00e1 um v\u00eddeo r\u00e1pido para mostrar como conectar a Zenkit a outros aplicativos via Integrately.<\/p>\n<\/div>\n\n\n\n<div style=\"height:48px;--tablet-height:36px;--mobile-height:24px\" class=\"wp-block-lookeen-blocks-responsive-spacer\"><\/div>\n\n\n\n<div class=\"wp-block-group has-global-padding is-layout-constrained wp-block-group-is-layout-constrained\">\n<figure class=\"wp-block-video\"><video controls src=\"https:\/\/zenkit.com\/wp-content\/uploads\/2021\/11\/Zenkit-Integrately-video.mp4\"><\/video><\/figure>\n<\/div>\n\n\n\n<div style=\"height:48px;--tablet-height:36px;--mobile-height:24px\" class=\"wp-block-lookeen-blocks-responsive-spacer\"><\/div>\n\n\n\n<div class=\"wp-block-group has-global-padding is-layout-constrained wp-block-group-is-layout-constrained\">\n<h3 class=\"wp-block-heading display-h2\">Suporte<\/h3>\n\n\n\n<p>Essa integra\u00e7\u00e3o \u00e9 suportada pelo Integrately. Se tiver algum problema, entre em contato com o suporte da Integrately.<\/p>\n<\/div>\n<\/div>\n<\/div>\n<\/div>\n\n\n\n<div style=\"height:110px;--tablet-height:60px;--mobile-height:48px\" class=\"wp-block-lookeen-blocks-responsive-spacer\"><\/div>\n","protected":false},"excerpt":{"rendered":"<p>Other Integrations +500 via Integrately e Zenkit Integrately ajuda voc\u00ea a conectar Zenkit com cerca de 500 outros aplicativos Encontre os aplicativos que voc\u00ea usa e adora e conecte-os ao Zenkit para automatizar seus fluxos de trabalho! Torne o trabalho mais divertido! Confira como voc\u00ea pode integrar Zenkit com outros aplicativos&nbsp;aqui! Sobre Integrately: Software de [&hellip;]<\/p>\n","protected":false},"author":9,"featured_media":0,"parent":144948,"menu_order":32,"comment_status":"closed","ping_status":"closed","template":"","meta":{"yasr_overall_rating":0,"yasr_post_is_review":"","yasr_auto_insert_disabled":"","yasr_review_type":"","footnotes":""},"class_list":["post-138660","page","type-page","status-publish","hentry"],"yoast_head":"<!-- This site is optimized with the Yoast SEO plugin v27.3 - https:\/\/yoast.com\/product\/yoast-seo-wordpress\/ -->\n<title>+500 via Integrately | Zenkit<\/title>\n<meta name=\"robots\" content=\"index, follow, max-snippet:-1, max-image-preview:large, max-video-preview:-1\" \/>\n<link rel=\"canonical\" href=\"https:\/\/zenkit.com\/pt-br\/integracoes\/integrately\/\" \/>\n<meta property=\"og:locale\" content=\"pt_BR\" \/>\n<meta property=\"og:type\" content=\"article\" \/>\n<meta property=\"og:title\" content=\"+500 via Integrately | Zenkit\" \/>\n<meta property=\"og:description\" content=\"Other Integrations +500 via Integrately e Zenkit Integrately ajuda voc\u00ea a conectar Zenkit com cerca de 500 outros aplicativos Encontre os aplicativos que voc\u00ea usa e adora e conecte-os ao Zenkit para automatizar seus fluxos de trabalho! Torne o trabalho mais divertido! Confira como voc\u00ea pode integrar Zenkit com outros aplicativos&nbsp;aqui! Sobre Integrately: Software de [&hellip;]\" \/>\n<meta property=\"og:url\" content=\"https:\/\/zenkit.com\/pt-br\/integracoes\/integrately\/\" \/>\n<meta property=\"og:site_name\" content=\"Zenkit\" \/>\n<meta property=\"article:publisher\" content=\"https:\/\/www.facebook.com\/ZenkitHQ\" \/>\n<meta property=\"article:modified_time\" content=\"2025-11-04T05:53:18+00:00\" \/>\n<meta property=\"og:image\" content=\"https:\/\/zenkit.com\/wp-content\/uploads\/2025\/07\/integrately-icon.webp\" \/>\n\t<meta property=\"og:image:width\" content=\"500\" \/>\n\t<meta property=\"og:image:height\" content=\"500\" \/>\n\t<meta property=\"og:image:type\" content=\"image\/webp\" \/>\n<meta name=\"twitter:card\" content=\"summary_large_image\" \/>\n<meta name=\"twitter:site\" content=\"@ZenkitHQ\" \/>\n<meta name=\"twitter:label1\" content=\"Est. tempo de leitura\" \/>\n\t<meta name=\"twitter:data1\" content=\"2 minutos\" \/>\n<script type=\"application\/ld+json\" class=\"yoast-schema-graph\">{\"@context\":\"https:\\\/\\\/schema.org\",\"@graph\":[{\"@type\":\"WebPage\",\"@id\":\"https:\\\/\\\/zenkit.com\\\/pt-br\\\/integracoes\\\/integrately\\\/\",\"url\":\"https:\\\/\\\/zenkit.com\\\/pt-br\\\/integracoes\\\/integrately\\\/\",\"name\":\"+500 via Integrately | Zenkit\",\"isPartOf\":{\"@id\":\"https:\\\/\\\/zenkit.com\\\/pt-br\\\/#website\"},\"primaryImageOfPage\":{\"@id\":\"https:\\\/\\\/zenkit.com\\\/pt-br\\\/integracoes\\\/integrately\\\/#primaryimage\"},\"image\":{\"@id\":\"https:\\\/\\\/zenkit.com\\\/pt-br\\\/integracoes\\\/integrately\\\/#primaryimage\"},\"thumbnailUrl\":\"https:\\\/\\\/zenkit.com\\\/wp-content\\\/uploads\\\/2025\\\/07\\\/integrately-icon.webp\",\"datePublished\":\"2025-09-08T10:20:57+00:00\",\"dateModified\":\"2025-11-04T05:53:18+00:00\",\"breadcrumb\":{\"@id\":\"https:\\\/\\\/zenkit.com\\\/pt-br\\\/integracoes\\\/integrately\\\/#breadcrumb\"},\"inLanguage\":\"pt-BR\",\"potentialAction\":[{\"@type\":\"ReadAction\",\"target\":[\"https:\\\/\\\/zenkit.com\\\/pt-br\\\/integracoes\\\/integrately\\\/\"]}]},{\"@type\":\"ImageObject\",\"inLanguage\":\"pt-BR\",\"@id\":\"https:\\\/\\\/zenkit.com\\\/pt-br\\\/integracoes\\\/integrately\\\/#primaryimage\",\"url\":\"https:\\\/\\\/zenkit.com\\\/wp-content\\\/uploads\\\/2025\\\/07\\\/integrately-icon.webp\",\"contentUrl\":\"https:\\\/\\\/zenkit.com\\\/wp-content\\\/uploads\\\/2025\\\/07\\\/integrately-icon.webp\"},{\"@type\":\"BreadcrumbList\",\"@id\":\"https:\\\/\\\/zenkit.com\\\/pt-br\\\/integracoes\\\/integrately\\\/#breadcrumb\",\"itemListElement\":[{\"@type\":\"ListItem\",\"position\":1,\"name\":\"Home\",\"item\":\"https:\\\/\\\/zenkit.com\\\/pt-br\\\/\"},{\"@type\":\"ListItem\",\"position\":2,\"name\":\"Integra\u00e7\u00f5es\",\"item\":\"https:\\\/\\\/zenkit.com\\\/pt-br\\\/integracoes\\\/\"},{\"@type\":\"ListItem\",\"position\":3,\"name\":\"+500 via Integrately\"}]},{\"@type\":\"WebSite\",\"@id\":\"https:\\\/\\\/zenkit.com\\\/pt-br\\\/#website\",\"url\":\"https:\\\/\\\/zenkit.com\\\/pt-br\\\/\",\"name\":\"Zenkit\",\"description\":\"Zenkit Tagline\",\"potentialAction\":[{\"@type\":\"SearchAction\",\"target\":{\"@type\":\"EntryPoint\",\"urlTemplate\":\"https:\\\/\\\/zenkit.com\\\/pt-br\\\/?s={search_term_string}\"},\"query-input\":{\"@type\":\"PropertyValueSpecification\",\"valueRequired\":true,\"valueName\":\"search_term_string\"}}],\"inLanguage\":\"pt-BR\"},false]}<\/script>\n<!-- \/ Yoast SEO plugin. -->","yoast_head_json":{"title":"+500 via Integrately | Zenkit","robots":{"index":"index","follow":"follow","max-snippet":"max-snippet:-1","max-image-preview":"max-image-preview:large","max-video-preview":"max-video-preview:-1"},"canonical":"https:\/\/zenkit.com\/pt-br\/integracoes\/integrately\/","og_locale":"pt_BR","og_type":"article","og_title":"+500 via Integrately | Zenkit","og_description":"Other Integrations +500 via Integrately e Zenkit Integrately ajuda voc\u00ea a conectar Zenkit com cerca de 500 outros aplicativos Encontre os aplicativos que voc\u00ea usa e adora e conecte-os ao Zenkit para automatizar seus fluxos de trabalho! Torne o trabalho mais divertido! Confira como voc\u00ea pode integrar Zenkit com outros aplicativos&nbsp;aqui! Sobre Integrately: Software de [&hellip;]","og_url":"https:\/\/zenkit.com\/pt-br\/integracoes\/integrately\/","og_site_name":"Zenkit","article_publisher":"https:\/\/www.facebook.com\/ZenkitHQ","article_modified_time":"2025-11-04T05:53:18+00:00","og_image":[{"width":500,"height":500,"url":"https:\/\/zenkit.com\/wp-content\/uploads\/2025\/07\/integrately-icon.webp","type":"image\/webp"}],"twitter_card":"summary_large_image","twitter_site":"@ZenkitHQ","twitter_misc":{"Est. tempo de leitura":"2 minutos"},"schema":{"@context":"https:\/\/schema.org","@graph":[{"@type":"WebPage","@id":"https:\/\/zenkit.com\/pt-br\/integracoes\/integrately\/","url":"https:\/\/zenkit.com\/pt-br\/integracoes\/integrately\/","name":"+500 via Integrately | Zenkit","isPartOf":{"@id":"https:\/\/zenkit.com\/pt-br\/#website"},"primaryImageOfPage":{"@id":"https:\/\/zenkit.com\/pt-br\/integracoes\/integrately\/#primaryimage"},"image":{"@id":"https:\/\/zenkit.com\/pt-br\/integracoes\/integrately\/#primaryimage"},"thumbnailUrl":"https:\/\/zenkit.com\/wp-content\/uploads\/2025\/07\/integrately-icon.webp","datePublished":"2025-09-08T10:20:57+00:00","dateModified":"2025-11-04T05:53:18+00:00","breadcrumb":{"@id":"https:\/\/zenkit.com\/pt-br\/integracoes\/integrately\/#breadcrumb"},"inLanguage":"pt-BR","potentialAction":[{"@type":"ReadAction","target":["https:\/\/zenkit.com\/pt-br\/integracoes\/integrately\/"]}]},{"@type":"ImageObject","inLanguage":"pt-BR","@id":"https:\/\/zenkit.com\/pt-br\/integracoes\/integrately\/#primaryimage","url":"https:\/\/zenkit.com\/wp-content\/uploads\/2025\/07\/integrately-icon.webp","contentUrl":"https:\/\/zenkit.com\/wp-content\/uploads\/2025\/07\/integrately-icon.webp"},{"@type":"BreadcrumbList","@id":"https:\/\/zenkit.com\/pt-br\/integracoes\/integrately\/#breadcrumb","itemListElement":[{"@type":"ListItem","position":1,"name":"Home","item":"https:\/\/zenkit.com\/pt-br\/"},{"@type":"ListItem","position":2,"name":"Integra\u00e7\u00f5es","item":"https:\/\/zenkit.com\/pt-br\/integracoes\/"},{"@type":"ListItem","position":3,"name":"+500 via Integrately"}]},{"@type":"WebSite","@id":"https:\/\/zenkit.com\/pt-br\/#website","url":"https:\/\/zenkit.com\/pt-br\/","name":"Zenkit","description":"Zenkit Tagline","potentialAction":[{"@type":"SearchAction","target":{"@type":"EntryPoint","urlTemplate":"https:\/\/zenkit.com\/pt-br\/?s={search_term_string}"},"query-input":{"@type":"PropertyValueSpecification","valueRequired":true,"valueName":"search_term_string"}}],"inLanguage":"pt-BR"},false]}},"yasr_visitor_votes":{"stars_attributes":{"read_only":false,"span_bottom":false},"number_of_votes":0,"sum_votes":0},"_links":{"self":[{"href":"https:\/\/zenkit.com\/pt-br\/wp-json\/wp\/v2\/pages\/138660","targetHints":{"allow":["GET"]}}],"collection":[{"href":"https:\/\/zenkit.com\/pt-br\/wp-json\/wp\/v2\/pages"}],"about":[{"href":"https:\/\/zenkit.com\/pt-br\/wp-json\/wp\/v2\/types\/page"}],"author":[{"embeddable":true,"href":"https:\/\/zenkit.com\/pt-br\/wp-json\/wp\/v2\/users\/9"}],"replies":[{"embeddable":true,"href":"https:\/\/zenkit.com\/pt-br\/wp-json\/wp\/v2\/comments?post=138660"}],"version-history":[{"count":3,"href":"https:\/\/zenkit.com\/pt-br\/wp-json\/wp\/v2\/pages\/138660\/revisions"}],"predecessor-version":[{"id":138666,"href":"https:\/\/zenkit.com\/pt-br\/wp-json\/wp\/v2\/pages\/138660\/revisions\/138666"}],"up":[{"embeddable":true,"href":"https:\/\/zenkit.com\/pt-br\/wp-json\/wp\/v2\/pages\/144948"}],"wp:attachment":[{"href":"https:\/\/zenkit.com\/pt-br\/wp-json\/wp\/v2\/media?parent=138660"}],"curies":[{"name":"wp","href":"https:\/\/api.w.org\/{rel}","templated":true}]}}