{"id":138881,"date":"2025-09-08T23:53:27","date_gmt":"2025-09-08T21:53:27","guid":{"rendered":"https:\/\/zenkit.com\/?page_id=138881"},"modified":"2025-11-04T06:53:18","modified_gmt":"2025-11-04T05:53:18","slug":"simplybook-me-2","status":"publish","type":"page","link":"https:\/\/zenkit.com\/pt-br\/integracoes\/simplybook-me-2\/","title":{"rendered":"SimplyBook.me"},"content":{"rendered":"\n<div style=\"height:45px;--tablet-height:45px;--mobile-height:16px\" class=\"wp-block-lookeen-blocks-responsive-spacer\"><\/div>\n\n\n\n<div class=\"wp-block-group has-global-padding is-layout-constrained wp-block-group-is-layout-constrained\">\n<div class=\"wp-block-columns is-layout-flex wp-container-core-columns-is-layout-467d341d wp-block-columns-is-layout-flex\" id=\"main__integrations\" style=\"margin-top:0px;margin-bottom:0px\">\n<div class=\"wp-block-column side__bar__integrations is-layout-flow wp-block-column-is-layout-flow\" style=\"flex-basis:23%\">\n<h2 class=\"wp-block-heading has-da-blue-color-new has-text-color has-link-color wp-elements-176833fae009903567fa64abc40543e2\" style=\"margin-top:0px;margin-bottom:0px;font-size:16px;line-height:1.5\">Scheduling Integrations<\/h2>\n\n\n<nav class=\"is-vertical integrations__menu wp-block-navigation is-layout-flex wp-container-core-navigation-is-layout-5f9f5280 wp-block-navigation-is-layout-flex\" aria-label=\"pt-br-integrations-scheduling\"><ul class=\"wp-block-navigation__container  is-vertical integrations__menu wp-block-navigation\"><li class=\" wp-block-navigation-item wp-block-navigation-link\"><a class=\"wp-block-navigation-item__content\"  href=\"https:\/\/zenkit.com\/pt-br\/integracoes\/appointlet\/\"><span class=\"wp-block-navigation-item__label\">Appointlet<\/span><\/a><\/li><li class=\" wp-block-navigation-item wp-block-navigation-link\"><a class=\"wp-block-navigation-item__content\"  href=\"https:\/\/zenkit.com\/pt-br\/integracoes\/bookafy\/\"><span class=\"wp-block-navigation-item__label\">Bookafy<\/span><\/a><\/li><li class=\" wp-block-navigation-item wp-block-navigation-link\"><a class=\"wp-block-navigation-item__content\"  href=\"https:\/\/zenkit.com\/pt-br\/integracoes\/etermin-2\/\"><span class=\"wp-block-navigation-item__label\">eTermin<\/span><\/a><\/li><li class=\" wp-block-navigation-item wp-block-navigation-link\"><a class=\"wp-block-navigation-item__content\"  href=\"https:\/\/zenkit.com\/pt-br\/integracoes\/eventable\/\"><span class=\"wp-block-navigation-item__label\">Eventable<\/span><\/a><\/li><li class=\" wp-block-navigation-item wp-block-navigation-link\"><a class=\"wp-block-navigation-item__content\"  href=\"https:\/\/zenkit.com\/pt-br\/integracoes\/sign-in-scheduling\/\"><span class=\"wp-block-navigation-item__label\">Sign In Scheduling<\/span><\/a><\/li><li class=\" wp-block-navigation-item wp-block-navigation-link\"><a class=\"wp-block-navigation-item__content\"  href=\"https:\/\/zenkit.com\/pt-br\/integracoes\/simplybook-me-2\/\"><span class=\"wp-block-navigation-item__label\">SimplyBook.me<\/span><\/a><\/li><li class=\" wp-block-navigation-item wp-block-navigation-link\"><a class=\"wp-block-navigation-item__content\"  href=\"https:\/\/zenkit.com\/pt-br\/integracoes\/supersaas\/\"><span class=\"wp-block-navigation-item__label\">SuperSaaS<\/span><\/a><\/li><\/ul><\/nav><\/div>\n\n\n\n<div class=\"wp-block-column content__integrations is-layout-flow wp-block-column-is-layout-flow\" style=\"flex-basis:77%\">\n<div class=\"wp-block-group has-global-padding is-layout-constrained wp-block-group-is-layout-constrained\">\n<div class=\"wp-block-group title is-layout-flex wp-container-core-group-is-layout-ed4b00df wp-block-group-is-layout-flex\">\n<figure class=\"wp-block-image size-full is-resized\"><img loading=\"lazy\" decoding=\"async\" width=\"400\" height=\"400\" src=\"https:\/\/zenkit.com\/wp-content\/uploads\/2025\/07\/Simplybook.me-logo.webp\" alt=\"SimplyBook.me logo\" class=\"wp-image-117417\" style=\"width:auto;height:46px\" srcset=\"https:\/\/zenkit.com\/wp-content\/uploads\/2025\/07\/Simplybook.me-logo.webp 400w, https:\/\/zenkit.com\/wp-content\/uploads\/2025\/07\/Simplybook.me-logo-300x300.webp 300w, https:\/\/zenkit.com\/wp-content\/uploads\/2025\/07\/Simplybook.me-logo-150x150.webp 150w\" sizes=\"auto, (max-width: 400px) 100vw, 400px\" \/><\/figure>\n\n\n\n<h1 class=\"wp-block-heading\">SimplyBook.me e Zenkit<\/h1>\n<\/div>\n\n\n\n<div class=\"wp-block-group has-global-padding is-layout-constrained wp-block-group-is-layout-constrained\">\n<h3 class=\"wp-block-heading display-h2\">Conecte suas contas Zenkit e SimplyBook.me<\/h3>\n\n\n\n<p>N\u00e3o ter seus compromissos agendados sincronizados com sua lista de tarefas pode ser frustrante. Enquanto Zenkit \u00e9 \u00f3timo como uma plataforma para organizar suas tarefas, SimplyBook.me \u00e9 ideal para agendar compromissos com facilidade. Ent\u00e3o, n\u00e3o seria \u00f3timo se eles pudessem trabalhar juntos?<\/p>\n\n\n\n<p>Com a integra\u00e7\u00e3o Zapier, novas tarefas Zenkit ser\u00e3o criadas automaticamente em um projeto a partir de novas reservas em SimplyBook.me. Isso permitir\u00e1 que voc\u00ea aproveite a efici\u00eancia da automa\u00e7\u00e3o e melhore seu fluxo de trabalho!<\/p>\n<\/div>\n\n\n\n<div style=\"height:48px;--tablet-height:36px;--mobile-height:24px\" class=\"wp-block-lookeen-blocks-responsive-spacer\"><\/div>\n<\/div>\n\n\n\n<div class=\"wp-block-group has-global-padding is-layout-constrained wp-block-group-is-layout-constrained\">\n<figure class=\"wp-block-video\"><video controls src=\"https:\/\/zenkit.com\/wp-content\/uploads\/2019\/09\/SimplyBook.me-video.mp4\"><\/video><\/figure>\n<\/div>\n\n\n\n<div style=\"height:48px;--tablet-height:36px;--mobile-height:24px\" class=\"wp-block-lookeen-blocks-responsive-spacer\"><\/div>\n\n\n\n<div class=\"wp-block-group has-global-padding is-layout-constrained wp-block-group-is-layout-constrained\">\n<h3 class=\"wp-block-heading display-h2\">Sobre SimplyBook.me: Software gratuito de agendamento de compromissos on-line<\/h3>\n\n\n\n<p>SimplyBook.me \u00e9 um sistema de agendamento on-line escal\u00e1vel para qualquer empresa de servi\u00e7os que precise de um site de agendamento profissional, atraente e funcional. Se voc\u00ea j\u00e1 tem um site, esse sistema de reservas tamb\u00e9m pode ser incorporado ao seu site atual por meio de um widget. Ele n\u00e3o apenas oferece agendamento interno com colegas, mas tamb\u00e9m permite o agendamento on-line para clientes. \u00c9 uma solu\u00e7\u00e3o ideal para qualquer empresa, desde pequenas empresas at\u00e9 empresas multinacionais.<\/p>\n\n\n\n<p>SimplyBook.me tem mais de 50 recursos que permitem a personaliza\u00e7\u00e3o total para se adequar ao seu neg\u00f3cio. Esses recursos incluem cupons e cart\u00f5es-presente, venda de produtos, associa\u00e7\u00e3o, aulas, sistema de promo\u00e7\u00e3o, HIPAA, SOAP, formul\u00e1rios de admiss\u00e3o, pacotes, PDV e muito mais. Voc\u00ea pode integrar o software ao Facebook, ao WordPress e a outros sistemas CMS por meio de widgets de reserva ou usar nossa API para criar suas pr\u00f3prias integra\u00e7\u00f5es personalizadas.<\/p>\n<\/div>\n\n\n\n<div style=\"height:48px;--tablet-height:36px;--mobile-height:24px\" class=\"wp-block-lookeen-blocks-responsive-spacer\"><\/div>\n\n\n\n<div class=\"wp-block-group has-global-padding is-layout-constrained wp-block-group-is-layout-constrained\">\n<h3 class=\"wp-block-heading display-h2\">Sobre Zenkit: Gerenciamento de projetos on-line<\/h3>\n\n\n\n<p><a href=\"https:\/\/zenkit.com\/\">Zenkit<\/a>&nbsp;\u00e9 uma solu\u00e7\u00e3o de gerenciamento de v\u00e1rios projetos para projetos \u00e1geis e cl\u00e1ssicos. Ele oferece recursos de colabora\u00e7\u00e3o em tempo real, visualiza\u00e7\u00f5es inteligentes, relat\u00f3rios e planejamento de recursos que permitem o progresso real da sua equipe. Com um clique, voc\u00ea pode alternar seus projetos para diferentes visualiza\u00e7\u00f5es, incluindo Kanban, gr\u00e1fico de Gantt, tabela, mapa mental, hierarquia, lista e calend\u00e1rio. Voc\u00ea pode acessar Zenkit em praticamente qualquer plataforma \u2013 incluindo aplicativos da Web, Windows, Linux, MacOS, bem como vers\u00f5es m\u00f3veis em dispositivos Android e iOS.<\/p>\n\n\n\n<p>Para obter mais informa\u00e7\u00f5es, acesse&nbsp;<a href=\"https:\/\/zenkit.com\/pt-br\/projects\/\">https:\/\/zenkit.com\/<\/a>.<\/p>\n<\/div>\n\n\n\n<div style=\"height:48px;--tablet-height:36px;--mobile-height:24px\" class=\"wp-block-lookeen-blocks-responsive-spacer\"><\/div>\n\n\n\n<div class=\"wp-block-group has-global-padding is-layout-constrained wp-block-group-is-layout-constrained\">\n<h3 class=\"wp-block-heading display-h2\">Como conectar SimplyBook.me e Zenkit?<\/h3>\n\n\n\n<ol class=\"wp-block-list\">\n<li><a href=\"https:\/\/zapier.com\/sign-up\/\" target=\"_blank\" rel=\"noreferrer noopener\">Registre-se em uma conta&nbsp;<\/a>Zapier para obter acesso ao Zapier.<\/li>\n\n\n\n<li><a href=\"https:\/\/simplybook.it\/en\/default\/registration\" target=\"_blank\" rel=\"noreferrer noopener\">Crie uma conta<\/a>&nbsp;em SimplyBook.me.<\/li>\n\n\n\n<li>Fa\u00e7a login em Zapier e v\u00e1 para&nbsp;<a href=\"https:\/\/zapier.com\/apps\/zenkit\/integrations\/simplybook.me\">Zenkit + SimplyBook.me Zapbook&nbsp;<\/a>para encontrar modelos Zap.<\/li>\n\n\n\n<li>Ou opte por criar sua pr\u00f3pria integra\u00e7\u00e3o entre Zenkit e SimplyBook.me, selecionando-os ao criar um zap.<\/li>\n<\/ol>\n<\/div>\n\n\n\n<div style=\"height:48px;--tablet-height:36px;--mobile-height:24px\" class=\"wp-block-lookeen-blocks-responsive-spacer\"><\/div>\n\n\n\n<div class=\"wp-block-group has-global-padding is-layout-constrained wp-block-group-is-layout-constrained\">\n<script type=\"text\/javascript\" src=\"https:\/\/zapier.com\/apps\/embed\/widget.js?guided_zaps=69527\"><\/script>\n<\/div>\n\n\n\n<div style=\"height:48px;--tablet-height:36px;--mobile-height:24px\" class=\"wp-block-lookeen-blocks-responsive-spacer\"><\/div>\n\n\n\n<div class=\"wp-block-group has-global-padding is-layout-constrained wp-block-group-is-layout-constrained\">\n<h3 class=\"wp-block-heading display-h2\">Quem se beneficiar\u00e1 com essa integra\u00e7\u00e3o entre SimplyBook.me e Zenkit?<\/h3>\n\n\n\n<ul class=\"wp-block-list is-style-da-left-indent\">\n<li>Trabalhadores de neg\u00f3cios que participam de reuni\u00f5es com frequ\u00eancia e n\u00e3o querem perder nenhum compromisso!<\/li>\n\n\n\n<li>Profissionais como consultores, professores ou assessores que precisam de efici\u00eancia na sincroniza\u00e7\u00e3o de seus compromissos com suas listas de tarefas.<\/li>\n<\/ul>\n<\/div>\n\n\n\n<div style=\"height:48px;--tablet-height:36px;--mobile-height:24px\" class=\"wp-block-lookeen-blocks-responsive-spacer\"><\/div>\n\n\n\n<div class=\"wp-block-group has-global-padding is-layout-constrained wp-block-group-is-layout-constrained\">\n<h3 class=\"wp-block-heading display-h2\">Detalhes adicionais da integra\u00e7\u00e3o<\/h3>\n\n\n\n<ul class=\"wp-block-list is-style-da-left-indent\">\n<li>Suportado pelo Zapier: Entre em contato com&nbsp;<a href=\"https:\/\/zapier.com\/help\/contact-us\/\">suporte do Zapier<\/a>&nbsp;se tiver algum problema.<\/li>\n\n\n\n<li>Para obter mais informa\u00e7\u00f5es sobre como usar Zenkit com Zapier, leia nossa&nbsp;<a href=\"https:\/\/help.zenkit.com\/en\/support\/solutions\/articles\/43000590360-integrating-other-apps-into-zenkit-using-zapier\">documenta\u00e7\u00e3o<\/a>.<\/li>\n<\/ul>\n<\/div>\n<\/div>\n<\/div>\n<\/div>\n\n\n\n<div style=\"height:110px;--tablet-height:60px;--mobile-height:48px\" class=\"wp-block-lookeen-blocks-responsive-spacer\"><\/div>\n","protected":false},"excerpt":{"rendered":"<p>Scheduling Integrations SimplyBook.me e Zenkit Conecte suas contas Zenkit e SimplyBook.me N\u00e3o ter seus compromissos agendados sincronizados com sua lista de tarefas pode ser frustrante. Enquanto Zenkit \u00e9 \u00f3timo como uma plataforma para organizar suas tarefas, SimplyBook.me \u00e9 ideal para agendar compromissos com facilidade. Ent\u00e3o, n\u00e3o seria \u00f3timo se eles pudessem trabalhar juntos? Com a [&hellip;]<\/p>\n","protected":false},"author":9,"featured_media":0,"parent":144948,"menu_order":4,"comment_status":"closed","ping_status":"closed","template":"","meta":{"yasr_overall_rating":0,"yasr_post_is_review":"","yasr_auto_insert_disabled":"","yasr_review_type":"","footnotes":""},"class_list":["post-138881","page","type-page","status-publish","hentry"],"yoast_head":"<!-- This site is optimized with the Yoast SEO plugin v27.3 - https:\/\/yoast.com\/product\/yoast-seo-wordpress\/ -->\n<title>SimplyBook.me | Zenkit<\/title>\n<meta name=\"robots\" content=\"index, follow, max-snippet:-1, max-image-preview:large, max-video-preview:-1\" \/>\n<link rel=\"canonical\" href=\"https:\/\/zenkit.com\/pt-br\/integracoes\/simplybook-me-2\/\" \/>\n<meta property=\"og:locale\" content=\"pt_BR\" \/>\n<meta property=\"og:type\" content=\"article\" \/>\n<meta property=\"og:title\" content=\"SimplyBook.me | Zenkit\" \/>\n<meta property=\"og:description\" content=\"Scheduling Integrations SimplyBook.me e Zenkit Conecte suas contas Zenkit e SimplyBook.me N\u00e3o ter seus compromissos agendados sincronizados com sua lista de tarefas pode ser frustrante. Enquanto Zenkit \u00e9 \u00f3timo como uma plataforma para organizar suas tarefas, SimplyBook.me \u00e9 ideal para agendar compromissos com facilidade. Ent\u00e3o, n\u00e3o seria \u00f3timo se eles pudessem trabalhar juntos? Com a [&hellip;]\" \/>\n<meta property=\"og:url\" content=\"https:\/\/zenkit.com\/pt-br\/integracoes\/simplybook-me-2\/\" \/>\n<meta property=\"og:site_name\" content=\"Zenkit\" \/>\n<meta property=\"article:publisher\" content=\"https:\/\/www.facebook.com\/ZenkitHQ\" \/>\n<meta property=\"article:modified_time\" content=\"2025-11-04T05:53:18+00:00\" \/>\n<meta property=\"og:image\" content=\"https:\/\/zenkit.com\/wp-content\/uploads\/2025\/07\/Simplybook.me-logo.webp\" \/>\n\t<meta property=\"og:image:width\" content=\"400\" \/>\n\t<meta property=\"og:image:height\" content=\"400\" \/>\n\t<meta property=\"og:image:type\" content=\"image\/webp\" \/>\n<meta name=\"twitter:card\" content=\"summary_large_image\" \/>\n<meta name=\"twitter:site\" content=\"@ZenkitHQ\" \/>\n<meta name=\"twitter:label1\" content=\"Est. tempo de leitura\" \/>\n\t<meta name=\"twitter:data1\" content=\"3 minutos\" \/>\n<script type=\"application\/ld+json\" class=\"yoast-schema-graph\">{\"@context\":\"https:\\\/\\\/schema.org\",\"@graph\":[{\"@type\":\"WebPage\",\"@id\":\"https:\\\/\\\/zenkit.com\\\/pt-br\\\/integracoes\\\/simplybook-me-2\\\/\",\"url\":\"https:\\\/\\\/zenkit.com\\\/pt-br\\\/integracoes\\\/simplybook-me-2\\\/\",\"name\":\"SimplyBook.me | Zenkit\",\"isPartOf\":{\"@id\":\"https:\\\/\\\/zenkit.com\\\/pt-br\\\/#website\"},\"primaryImageOfPage\":{\"@id\":\"https:\\\/\\\/zenkit.com\\\/pt-br\\\/integracoes\\\/simplybook-me-2\\\/#primaryimage\"},\"image\":{\"@id\":\"https:\\\/\\\/zenkit.com\\\/pt-br\\\/integracoes\\\/simplybook-me-2\\\/#primaryimage\"},\"thumbnailUrl\":\"https:\\\/\\\/zenkit.com\\\/wp-content\\\/uploads\\\/2025\\\/07\\\/Simplybook.me-logo.webp\",\"datePublished\":\"2025-09-08T21:53:27+00:00\",\"dateModified\":\"2025-11-04T05:53:18+00:00\",\"breadcrumb\":{\"@id\":\"https:\\\/\\\/zenkit.com\\\/pt-br\\\/integracoes\\\/simplybook-me-2\\\/#breadcrumb\"},\"inLanguage\":\"pt-BR\",\"potentialAction\":[{\"@type\":\"ReadAction\",\"target\":[\"https:\\\/\\\/zenkit.com\\\/pt-br\\\/integracoes\\\/simplybook-me-2\\\/\"]}]},{\"@type\":\"ImageObject\",\"inLanguage\":\"pt-BR\",\"@id\":\"https:\\\/\\\/zenkit.com\\\/pt-br\\\/integracoes\\\/simplybook-me-2\\\/#primaryimage\",\"url\":\"https:\\\/\\\/zenkit.com\\\/wp-content\\\/uploads\\\/2025\\\/07\\\/Simplybook.me-logo.webp\",\"contentUrl\":\"https:\\\/\\\/zenkit.com\\\/wp-content\\\/uploads\\\/2025\\\/07\\\/Simplybook.me-logo.webp\"},{\"@type\":\"BreadcrumbList\",\"@id\":\"https:\\\/\\\/zenkit.com\\\/pt-br\\\/integracoes\\\/simplybook-me-2\\\/#breadcrumb\",\"itemListElement\":[{\"@type\":\"ListItem\",\"position\":1,\"name\":\"Home\",\"item\":\"https:\\\/\\\/zenkit.com\\\/pt-br\\\/\"},{\"@type\":\"ListItem\",\"position\":2,\"name\":\"Integra\u00e7\u00f5es\",\"item\":\"https:\\\/\\\/zenkit.com\\\/pt-br\\\/integracoes\\\/\"},{\"@type\":\"ListItem\",\"position\":3,\"name\":\"SimplyBook.me\"}]},{\"@type\":\"WebSite\",\"@id\":\"https:\\\/\\\/zenkit.com\\\/pt-br\\\/#website\",\"url\":\"https:\\\/\\\/zenkit.com\\\/pt-br\\\/\",\"name\":\"Zenkit\",\"description\":\"Zenkit Tagline\",\"potentialAction\":[{\"@type\":\"SearchAction\",\"target\":{\"@type\":\"EntryPoint\",\"urlTemplate\":\"https:\\\/\\\/zenkit.com\\\/pt-br\\\/?s={search_term_string}\"},\"query-input\":{\"@type\":\"PropertyValueSpecification\",\"valueRequired\":true,\"valueName\":\"search_term_string\"}}],\"inLanguage\":\"pt-BR\"},false]}<\/script>\n<!-- \/ Yoast SEO plugin. -->","yoast_head_json":{"title":"SimplyBook.me | Zenkit","robots":{"index":"index","follow":"follow","max-snippet":"max-snippet:-1","max-image-preview":"max-image-preview:large","max-video-preview":"max-video-preview:-1"},"canonical":"https:\/\/zenkit.com\/pt-br\/integracoes\/simplybook-me-2\/","og_locale":"pt_BR","og_type":"article","og_title":"SimplyBook.me | Zenkit","og_description":"Scheduling Integrations SimplyBook.me e Zenkit Conecte suas contas Zenkit e SimplyBook.me N\u00e3o ter seus compromissos agendados sincronizados com sua lista de tarefas pode ser frustrante. Enquanto Zenkit \u00e9 \u00f3timo como uma plataforma para organizar suas tarefas, SimplyBook.me \u00e9 ideal para agendar compromissos com facilidade. Ent\u00e3o, n\u00e3o seria \u00f3timo se eles pudessem trabalhar juntos? Com a [&hellip;]","og_url":"https:\/\/zenkit.com\/pt-br\/integracoes\/simplybook-me-2\/","og_site_name":"Zenkit","article_publisher":"https:\/\/www.facebook.com\/ZenkitHQ","article_modified_time":"2025-11-04T05:53:18+00:00","og_image":[{"width":400,"height":400,"url":"https:\/\/zenkit.com\/wp-content\/uploads\/2025\/07\/Simplybook.me-logo.webp","type":"image\/webp"}],"twitter_card":"summary_large_image","twitter_site":"@ZenkitHQ","twitter_misc":{"Est. tempo de leitura":"3 minutos"},"schema":{"@context":"https:\/\/schema.org","@graph":[{"@type":"WebPage","@id":"https:\/\/zenkit.com\/pt-br\/integracoes\/simplybook-me-2\/","url":"https:\/\/zenkit.com\/pt-br\/integracoes\/simplybook-me-2\/","name":"SimplyBook.me | Zenkit","isPartOf":{"@id":"https:\/\/zenkit.com\/pt-br\/#website"},"primaryImageOfPage":{"@id":"https:\/\/zenkit.com\/pt-br\/integracoes\/simplybook-me-2\/#primaryimage"},"image":{"@id":"https:\/\/zenkit.com\/pt-br\/integracoes\/simplybook-me-2\/#primaryimage"},"thumbnailUrl":"https:\/\/zenkit.com\/wp-content\/uploads\/2025\/07\/Simplybook.me-logo.webp","datePublished":"2025-09-08T21:53:27+00:00","dateModified":"2025-11-04T05:53:18+00:00","breadcrumb":{"@id":"https:\/\/zenkit.com\/pt-br\/integracoes\/simplybook-me-2\/#breadcrumb"},"inLanguage":"pt-BR","potentialAction":[{"@type":"ReadAction","target":["https:\/\/zenkit.com\/pt-br\/integracoes\/simplybook-me-2\/"]}]},{"@type":"ImageObject","inLanguage":"pt-BR","@id":"https:\/\/zenkit.com\/pt-br\/integracoes\/simplybook-me-2\/#primaryimage","url":"https:\/\/zenkit.com\/wp-content\/uploads\/2025\/07\/Simplybook.me-logo.webp","contentUrl":"https:\/\/zenkit.com\/wp-content\/uploads\/2025\/07\/Simplybook.me-logo.webp"},{"@type":"BreadcrumbList","@id":"https:\/\/zenkit.com\/pt-br\/integracoes\/simplybook-me-2\/#breadcrumb","itemListElement":[{"@type":"ListItem","position":1,"name":"Home","item":"https:\/\/zenkit.com\/pt-br\/"},{"@type":"ListItem","position":2,"name":"Integra\u00e7\u00f5es","item":"https:\/\/zenkit.com\/pt-br\/integracoes\/"},{"@type":"ListItem","position":3,"name":"SimplyBook.me"}]},{"@type":"WebSite","@id":"https:\/\/zenkit.com\/pt-br\/#website","url":"https:\/\/zenkit.com\/pt-br\/","name":"Zenkit","description":"Zenkit Tagline","potentialAction":[{"@type":"SearchAction","target":{"@type":"EntryPoint","urlTemplate":"https:\/\/zenkit.com\/pt-br\/?s={search_term_string}"},"query-input":{"@type":"PropertyValueSpecification","valueRequired":true,"valueName":"search_term_string"}}],"inLanguage":"pt-BR"},false]}},"yasr_visitor_votes":{"stars_attributes":{"read_only":false,"span_bottom":false},"number_of_votes":0,"sum_votes":0},"_links":{"self":[{"href":"https:\/\/zenkit.com\/pt-br\/wp-json\/wp\/v2\/pages\/138881","targetHints":{"allow":["GET"]}}],"collection":[{"href":"https:\/\/zenkit.com\/pt-br\/wp-json\/wp\/v2\/pages"}],"about":[{"href":"https:\/\/zenkit.com\/pt-br\/wp-json\/wp\/v2\/types\/page"}],"author":[{"embeddable":true,"href":"https:\/\/zenkit.com\/pt-br\/wp-json\/wp\/v2\/users\/9"}],"replies":[{"embeddable":true,"href":"https:\/\/zenkit.com\/pt-br\/wp-json\/wp\/v2\/comments?post=138881"}],"version-history":[{"count":4,"href":"https:\/\/zenkit.com\/pt-br\/wp-json\/wp\/v2\/pages\/138881\/revisions"}],"predecessor-version":[{"id":150490,"href":"https:\/\/zenkit.com\/pt-br\/wp-json\/wp\/v2\/pages\/138881\/revisions\/150490"}],"up":[{"embeddable":true,"href":"https:\/\/zenkit.com\/pt-br\/wp-json\/wp\/v2\/pages\/144948"}],"wp:attachment":[{"href":"https:\/\/zenkit.com\/pt-br\/wp-json\/wp\/v2\/media?parent=138881"}],"curies":[{"name":"wp","href":"https:\/\/api.w.org\/{rel}","templated":true}]}}