{"id":138893,"date":"2025-09-09T00:02:55","date_gmt":"2025-09-08T22:02:55","guid":{"rendered":"https:\/\/zenkit.com\/?page_id=138893"},"modified":"2025-11-04T06:53:18","modified_gmt":"2025-11-04T05:53:18","slug":"sign-in-scheduling","status":"publish","type":"page","link":"https:\/\/zenkit.com\/pt-br\/integracoes\/sign-in-scheduling\/","title":{"rendered":"Sign In Scheduling"},"content":{"rendered":"\n<div style=\"height:45px;--tablet-height:45px;--mobile-height:16px\" class=\"wp-block-lookeen-blocks-responsive-spacer\"><\/div>\n\n\n\n<div class=\"wp-block-group has-global-padding is-layout-constrained wp-block-group-is-layout-constrained\">\n<div class=\"wp-block-columns is-layout-flex wp-container-core-columns-is-layout-467d341d wp-block-columns-is-layout-flex\" id=\"main__integrations\" style=\"margin-top:0px;margin-bottom:0px\">\n<div class=\"wp-block-column side__bar__integrations is-layout-flow wp-block-column-is-layout-flow\" style=\"flex-basis:23%\">\n<h2 class=\"wp-block-heading has-da-blue-color-new has-text-color has-link-color wp-elements-ba36a5f069d3cf21204f22b84e9c4fec\" style=\"margin-top:0px;margin-bottom:0px;font-size:16px;line-height:1.5\">Integra\u00e7\u00f5es de Agendamento<\/h2>\n\n\n<nav class=\"is-vertical integrations__menu wp-block-navigation is-layout-flex wp-container-core-navigation-is-layout-5f9f5280 wp-block-navigation-is-layout-flex\" aria-label=\"pt-br-integrations-scheduling\"><ul class=\"wp-block-navigation__container  is-vertical integrations__menu wp-block-navigation\"><li class=\" wp-block-navigation-item wp-block-navigation-link\"><a class=\"wp-block-navigation-item__content\"  href=\"https:\/\/zenkit.com\/pt-br\/integracoes\/appointlet\/\"><span class=\"wp-block-navigation-item__label\">Appointlet<\/span><\/a><\/li><li class=\" wp-block-navigation-item wp-block-navigation-link\"><a class=\"wp-block-navigation-item__content\"  href=\"https:\/\/zenkit.com\/pt-br\/integracoes\/bookafy\/\"><span class=\"wp-block-navigation-item__label\">Bookafy<\/span><\/a><\/li><li class=\" wp-block-navigation-item wp-block-navigation-link\"><a class=\"wp-block-navigation-item__content\"  href=\"https:\/\/zenkit.com\/pt-br\/integracoes\/etermin-2\/\"><span class=\"wp-block-navigation-item__label\">eTermin<\/span><\/a><\/li><li class=\" wp-block-navigation-item wp-block-navigation-link\"><a class=\"wp-block-navigation-item__content\"  href=\"https:\/\/zenkit.com\/pt-br\/integracoes\/eventable\/\"><span class=\"wp-block-navigation-item__label\">Eventable<\/span><\/a><\/li><li class=\" wp-block-navigation-item wp-block-navigation-link\"><a class=\"wp-block-navigation-item__content\"  href=\"https:\/\/zenkit.com\/pt-br\/integracoes\/sign-in-scheduling\/\"><span class=\"wp-block-navigation-item__label\">Sign In Scheduling<\/span><\/a><\/li><li class=\" wp-block-navigation-item wp-block-navigation-link\"><a class=\"wp-block-navigation-item__content\"  href=\"https:\/\/zenkit.com\/pt-br\/integracoes\/simplybook-me-2\/\"><span class=\"wp-block-navigation-item__label\">SimplyBook.me<\/span><\/a><\/li><li class=\" wp-block-navigation-item wp-block-navigation-link\"><a class=\"wp-block-navigation-item__content\"  href=\"https:\/\/zenkit.com\/pt-br\/integracoes\/supersaas\/\"><span class=\"wp-block-navigation-item__label\">SuperSaaS<\/span><\/a><\/li><\/ul><\/nav><\/div>\n\n\n\n<div class=\"wp-block-column content__integrations is-layout-flow wp-block-column-is-layout-flow\" style=\"flex-basis:77%\">\n<div class=\"wp-block-group has-global-padding is-layout-constrained wp-block-group-is-layout-constrained\">\n<div class=\"wp-block-group title is-nowrap is-layout-flex wp-container-core-group-is-layout-2e1435bd wp-block-group-is-layout-flex\">\n<figure class=\"wp-block-image size-full is-resized\"><img loading=\"lazy\" decoding=\"async\" width=\"204\" height=\"205\" src=\"https:\/\/zenkit.com\/wp-content\/uploads\/2025\/07\/sign-in-scheduling-formerly-10to8-logo.webp\" alt=\"\" class=\"wp-image-122908\" style=\"width:auto;height:46px\" srcset=\"https:\/\/zenkit.com\/wp-content\/uploads\/2025\/07\/sign-in-scheduling-formerly-10to8-logo.webp 204w, https:\/\/zenkit.com\/wp-content\/uploads\/2025\/07\/sign-in-scheduling-formerly-10to8-logo-150x150.webp 150w\" sizes=\"auto, (max-width: 204px) 100vw, 204px\" \/><\/figure>\n\n\n\n<h1 class=\"wp-block-heading\">Sign In Scheduling (antigo 10to8) e Zenkit<\/h1>\n<\/div>\n\n\n\n<div class=\"wp-block-group has-global-padding is-layout-constrained wp-block-group-is-layout-constrained\">\n<h3 class=\"wp-block-heading display-h2\">Conecte suas contas Zenkit e Sign In Scheduling (antigo 10to8)<\/h3>\n\n\n\n<p>Se voc\u00ea estiver usando o Sign In Scheduling para agendamento de compromissos on-line, depois que um compromisso for agendado com sucesso, o que vem a seguir?<br>Talvez voc\u00ea precise enviar e-mails, preparar uma apresenta\u00e7\u00e3o ou ter outras tarefas para o pr\u00f3ximo compromisso. Com nossa integra\u00e7\u00e3o com o Zapier, uma nova tarefa pode ser adicionada automaticamente aos seus projetos Zenkit quando um novo compromisso \u00e9 agendado por meio do Sign In Scheduling. Voc\u00ea nunca mais perder\u00e1 compromissos importantes e sua prepara\u00e7\u00e3o!<\/p>\n<\/div>\n\n\n\n<div style=\"height:48px;--tablet-height:36px;--mobile-height:24px\" class=\"wp-block-lookeen-blocks-responsive-spacer\"><\/div>\n<\/div>\n\n\n\n<div class=\"wp-block-group has-global-padding is-layout-constrained wp-block-group-is-layout-constrained\">\n<figure class=\"wp-block-video\"><video controls src=\"https:\/\/zenkit.com\/wp-content\/uploads\/2019\/08\/10to8_-Appointment-Scheduling-Software.mp4\"><\/video><\/figure>\n<\/div>\n\n\n\n<div style=\"height:48px;--tablet-height:36px;--mobile-height:24px\" class=\"wp-block-lookeen-blocks-responsive-spacer\"><\/div>\n\n\n\n<div class=\"wp-block-group has-global-padding is-layout-constrained wp-block-group-is-layout-constrained\">\n<h3 class=\"wp-block-heading display-h2\">Sobre o Sign In Scheduling: Software de agendamento de compromissos<\/h3>\n\n\n\n<p>Sign In Scheduling \u00e9 um software gratuito e completo de agendamento de compromissos que tem a confian\u00e7a de mais de 50.000 empresas em todo o mundo. Com o Sign In Scheduling, os clientes podem reservar vagas gratuitas e outros servi\u00e7os espec\u00edficos que sua empresa oferece. Al\u00e9m disso, gra\u00e7as aos lembretes automatizados por SMS e e-mail, juntamente com o bate-papo bidirecional, \u00e9 poss\u00edvel reduzir o n\u00e3o comparecimento \u00e0s consultas, melhorar a comunica\u00e7\u00e3o com o cliente e conquistar mais neg\u00f3cios.<\/p>\n\n\n\n<p>O principal recurso do Sign In Scheduling \u00e9 o bate-papo bidirecional que pode ser conectado ao seu pr\u00f3prio sistema de calend\u00e1rio. Ele garante trocas de mensagens claras e em tempo real entre voc\u00ea e seus clientes e oferece visibilidade total de suas agendas e compromissos. Ele tamb\u00e9m se integra a mais de 500 outros aplicativos!<\/p>\n<\/div>\n\n\n\n<div style=\"height:48px;--tablet-height:36px;--mobile-height:24px\" class=\"wp-block-lookeen-blocks-responsive-spacer\"><\/div>\n\n\n\n<div class=\"wp-block-group has-global-padding is-layout-constrained wp-block-group-is-layout-constrained\">\n<h3 class=\"wp-block-heading display-h2\">Sobre o Zenkit: Gerenciamento de projetos on-line<\/h3>\n\n\n\n<p><a href=\"https:\/\/zenkit.com\/\">Zenkit<\/a>&nbsp;\u00e9 uma solu\u00e7\u00e3o de gerenciamento de v\u00e1rios projetos para projetos \u00e1geis e cl\u00e1ssicos. Ele oferece recursos de colabora\u00e7\u00e3o em tempo real, visualiza\u00e7\u00f5es inteligentes, relat\u00f3rios e planejamento de recursos que permitem o progresso real da sua equipe. Com um clique, voc\u00ea pode alternar seus projetos para diferentes visualiza\u00e7\u00f5es, incluindo Kanban, gr\u00e1fico de Gantt, tabela, mapa mental, hierarquia, lista e calend\u00e1rio. Voc\u00ea pode acessar Zenkit em praticamente qualquer plataforma \u2013 incluindo aplicativos da Web, Windows, Linux, MacOS, bem como vers\u00f5es m\u00f3veis em dispositivos Android e iOS.<\/p>\n\n\n\n<p>Para mais informa\u00e7\u00f5es acesse&nbsp;<a href=\"https:\/\/zenkit.com\/pt-br\/projects\/\">https:\/\/zenkit.com\/<\/a>.<\/p>\n<\/div>\n\n\n\n<div style=\"height:48px;--tablet-height:36px;--mobile-height:24px\" class=\"wp-block-lookeen-blocks-responsive-spacer\"><\/div>\n\n\n\n<div class=\"wp-block-group has-global-padding is-layout-constrained wp-block-group-is-layout-constrained\">\n<h3 class=\"wp-block-heading display-h2\">Como conectar Sign In Scheduling e Zenkit?<\/h3>\n\n\n\n<ol class=\"wp-block-list\">\n<li><a href=\"https:\/\/zapier.com\/sign-up\/\">Cadastre-se<\/a>&nbsp;para uma conta Zapier para ter acesso ao Zapier.<\/li>\n\n\n\n<li><a href=\"https:\/\/10to8.com\/\">Crie uma conta<\/a>&nbsp;com Sign In Scheduling.<\/li>\n\n\n\n<li>Entre em sua conta Zapier e v\u00e1 para&nbsp;<a href=\"https:\/\/zapier.com\/apps\/zenkit\/integrations\/sign-in-scheduling\">Zenkit + Sign In Scheduling Zapbook<\/a>&nbsp;para encontrar modelos Zap.<\/li>\n\n\n\n<li>Ou escolha criar sua pr\u00f3pria integra\u00e7\u00e3o Zenkti e Sign In Scheduling integration ao selecion\u00e1-los quando criar seu zap.<\/li>\n<\/ol>\n<\/div>\n\n\n\n<div style=\"height:48px;--tablet-height:36px;--mobile-height:24px\" class=\"wp-block-lookeen-blocks-responsive-spacer\"><\/div>\n\n\n\n<div class=\"wp-block-group has-global-padding is-layout-constrained wp-block-group-is-layout-constrained\">\n<script type=\"text\/javascript\" src=\"https:\/\/zapier.com\/apps\/embed\/widget.js?guided_zaps=1640695\"><\/script>\n<\/div>\n\n\n\n<div style=\"height:48px;--tablet-height:36px;--mobile-height:24px\" class=\"wp-block-lookeen-blocks-responsive-spacer\"><\/div>\n\n\n\n<div class=\"wp-block-group has-global-padding is-layout-constrained wp-block-group-is-layout-constrained\">\n<h3 class=\"wp-block-heading display-h2\">Quem se beneficiar\u00e1 com essa integra\u00e7\u00e3o entre Sign In Scheduling e Zenkit?<\/h3>\n\n\n\n<ul class=\"wp-block-list is-style-da-left-indent\">\n<li>Pessoas que desejam ser notificadas em sua ferramenta de gerenciamento de projetos quando um compromisso for agendado por meio do Sign In Scheduling.<\/li>\n\n\n\n<li>Propriet\u00e1rios de empresas que buscam melhorar a produtividade da equipe com automa\u00e7\u00e3o.<\/li>\n<\/ul>\n<\/div>\n\n\n\n<div style=\"height:48px;--tablet-height:36px;--mobile-height:24px\" class=\"wp-block-lookeen-blocks-responsive-spacer\"><\/div>\n\n\n\n<div class=\"wp-block-group has-global-padding is-layout-constrained wp-block-group-is-layout-constrained\">\n<h3 class=\"wp-block-heading display-h2\">Detalhes adicionais da integra\u00e7\u00e3o<\/h3>\n\n\n\n<ul class=\"wp-block-list is-style-da-left-indent\">\n<li>Suportado pelo Zapier: Entre em contato com&nbsp;<a href=\"https:\/\/zapier.com\/help\/contact-us\/\">suporte do Zapier<\/a>&nbsp;se tiver algum problema.<\/li>\n\n\n\n<li>Para obter mais informa\u00e7\u00f5es sobre como usar o Zenkit com o Zapier, leia nossa&nbsp;<a href=\"https:\/\/help.zenkit.com\/en\/support\/solutions\/articles\/43000590360-integrating-other-apps-into-zenkit-using-zapier\">documenta\u00e7\u00e3o<\/a>.<\/li>\n<\/ul>\n<\/div>\n<\/div>\n<\/div>\n<\/div>\n\n\n\n<div style=\"height:110px;--tablet-height:60px;--mobile-height:48px\" class=\"wp-block-lookeen-blocks-responsive-spacer\"><\/div>\n","protected":false},"excerpt":{"rendered":"<p>Integra\u00e7\u00f5es de Agendamento Sign In Scheduling (antigo 10to8) e Zenkit Conecte suas contas Zenkit e Sign In Scheduling (antigo 10to8) Se voc\u00ea estiver usando o Sign In Scheduling para agendamento de compromissos on-line, depois que um compromisso for agendado com sucesso, o que vem a seguir?Talvez voc\u00ea precise enviar e-mails, preparar uma apresenta\u00e7\u00e3o ou ter [&hellip;]<\/p>\n","protected":false},"author":9,"featured_media":0,"parent":144948,"menu_order":33,"comment_status":"closed","ping_status":"closed","template":"","meta":{"yasr_overall_rating":0,"yasr_post_is_review":"","yasr_auto_insert_disabled":"","yasr_review_type":"","footnotes":""},"class_list":["post-138893","page","type-page","status-publish","hentry"],"yoast_head":"<!-- This site is optimized with the Yoast SEO plugin v27.3 - https:\/\/yoast.com\/product\/yoast-seo-wordpress\/ -->\n<title>Sign In Scheduling | Zenkit<\/title>\n<meta name=\"robots\" content=\"index, follow, max-snippet:-1, max-image-preview:large, max-video-preview:-1\" \/>\n<link rel=\"canonical\" href=\"https:\/\/zenkit.com\/pt-br\/integracoes\/sign-in-scheduling\/\" \/>\n<meta property=\"og:locale\" content=\"pt_BR\" \/>\n<meta property=\"og:type\" content=\"article\" \/>\n<meta property=\"og:title\" content=\"Sign In Scheduling | Zenkit\" \/>\n<meta property=\"og:description\" content=\"Integra\u00e7\u00f5es de Agendamento Sign In Scheduling (antigo 10to8) e Zenkit Conecte suas contas Zenkit e Sign In Scheduling (antigo 10to8) Se voc\u00ea estiver usando o Sign In Scheduling para agendamento de compromissos on-line, depois que um compromisso for agendado com sucesso, o que vem a seguir?Talvez voc\u00ea precise enviar e-mails, preparar uma apresenta\u00e7\u00e3o ou ter [&hellip;]\" \/>\n<meta property=\"og:url\" content=\"https:\/\/zenkit.com\/pt-br\/integracoes\/sign-in-scheduling\/\" \/>\n<meta property=\"og:site_name\" content=\"Zenkit\" \/>\n<meta property=\"article:publisher\" content=\"https:\/\/www.facebook.com\/ZenkitHQ\" \/>\n<meta property=\"article:modified_time\" content=\"2025-11-04T05:53:18+00:00\" \/>\n<meta property=\"og:image\" content=\"https:\/\/zenkit.com\/wp-content\/uploads\/2025\/07\/sign-in-scheduling-formerly-10to8-logo.webp\" \/>\n\t<meta property=\"og:image:width\" content=\"204\" \/>\n\t<meta property=\"og:image:height\" content=\"205\" \/>\n\t<meta property=\"og:image:type\" content=\"image\/webp\" \/>\n<meta name=\"twitter:card\" content=\"summary_large_image\" \/>\n<meta name=\"twitter:site\" content=\"@ZenkitHQ\" \/>\n<meta name=\"twitter:label1\" content=\"Est. tempo de leitura\" \/>\n\t<meta name=\"twitter:data1\" content=\"3 minutos\" \/>\n<script type=\"application\/ld+json\" class=\"yoast-schema-graph\">{\"@context\":\"https:\\\/\\\/schema.org\",\"@graph\":[{\"@type\":\"WebPage\",\"@id\":\"https:\\\/\\\/zenkit.com\\\/pt-br\\\/integracoes\\\/sign-in-scheduling\\\/\",\"url\":\"https:\\\/\\\/zenkit.com\\\/pt-br\\\/integracoes\\\/sign-in-scheduling\\\/\",\"name\":\"Sign In Scheduling | Zenkit\",\"isPartOf\":{\"@id\":\"https:\\\/\\\/zenkit.com\\\/pt-br\\\/#website\"},\"primaryImageOfPage\":{\"@id\":\"https:\\\/\\\/zenkit.com\\\/pt-br\\\/integracoes\\\/sign-in-scheduling\\\/#primaryimage\"},\"image\":{\"@id\":\"https:\\\/\\\/zenkit.com\\\/pt-br\\\/integracoes\\\/sign-in-scheduling\\\/#primaryimage\"},\"thumbnailUrl\":\"https:\\\/\\\/zenkit.com\\\/wp-content\\\/uploads\\\/2025\\\/07\\\/sign-in-scheduling-formerly-10to8-logo.webp\",\"datePublished\":\"2025-09-08T22:02:55+00:00\",\"dateModified\":\"2025-11-04T05:53:18+00:00\",\"breadcrumb\":{\"@id\":\"https:\\\/\\\/zenkit.com\\\/pt-br\\\/integracoes\\\/sign-in-scheduling\\\/#breadcrumb\"},\"inLanguage\":\"pt-BR\",\"potentialAction\":[{\"@type\":\"ReadAction\",\"target\":[\"https:\\\/\\\/zenkit.com\\\/pt-br\\\/integracoes\\\/sign-in-scheduling\\\/\"]}]},{\"@type\":\"ImageObject\",\"inLanguage\":\"pt-BR\",\"@id\":\"https:\\\/\\\/zenkit.com\\\/pt-br\\\/integracoes\\\/sign-in-scheduling\\\/#primaryimage\",\"url\":\"https:\\\/\\\/zenkit.com\\\/wp-content\\\/uploads\\\/2025\\\/07\\\/sign-in-scheduling-formerly-10to8-logo.webp\",\"contentUrl\":\"https:\\\/\\\/zenkit.com\\\/wp-content\\\/uploads\\\/2025\\\/07\\\/sign-in-scheduling-formerly-10to8-logo.webp\"},{\"@type\":\"BreadcrumbList\",\"@id\":\"https:\\\/\\\/zenkit.com\\\/pt-br\\\/integracoes\\\/sign-in-scheduling\\\/#breadcrumb\",\"itemListElement\":[{\"@type\":\"ListItem\",\"position\":1,\"name\":\"Home\",\"item\":\"https:\\\/\\\/zenkit.com\\\/pt-br\\\/\"},{\"@type\":\"ListItem\",\"position\":2,\"name\":\"Integra\u00e7\u00f5es\",\"item\":\"https:\\\/\\\/zenkit.com\\\/pt-br\\\/integracoes\\\/\"},{\"@type\":\"ListItem\",\"position\":3,\"name\":\"Sign In Scheduling\"}]},{\"@type\":\"WebSite\",\"@id\":\"https:\\\/\\\/zenkit.com\\\/pt-br\\\/#website\",\"url\":\"https:\\\/\\\/zenkit.com\\\/pt-br\\\/\",\"name\":\"Zenkit\",\"description\":\"Zenkit Tagline\",\"potentialAction\":[{\"@type\":\"SearchAction\",\"target\":{\"@type\":\"EntryPoint\",\"urlTemplate\":\"https:\\\/\\\/zenkit.com\\\/pt-br\\\/?s={search_term_string}\"},\"query-input\":{\"@type\":\"PropertyValueSpecification\",\"valueRequired\":true,\"valueName\":\"search_term_string\"}}],\"inLanguage\":\"pt-BR\"},false]}<\/script>\n<!-- \/ Yoast SEO plugin. -->","yoast_head_json":{"title":"Sign In Scheduling | Zenkit","robots":{"index":"index","follow":"follow","max-snippet":"max-snippet:-1","max-image-preview":"max-image-preview:large","max-video-preview":"max-video-preview:-1"},"canonical":"https:\/\/zenkit.com\/pt-br\/integracoes\/sign-in-scheduling\/","og_locale":"pt_BR","og_type":"article","og_title":"Sign In Scheduling | Zenkit","og_description":"Integra\u00e7\u00f5es de Agendamento Sign In Scheduling (antigo 10to8) e Zenkit Conecte suas contas Zenkit e Sign In Scheduling (antigo 10to8) Se voc\u00ea estiver usando o Sign In Scheduling para agendamento de compromissos on-line, depois que um compromisso for agendado com sucesso, o que vem a seguir?Talvez voc\u00ea precise enviar e-mails, preparar uma apresenta\u00e7\u00e3o ou ter [&hellip;]","og_url":"https:\/\/zenkit.com\/pt-br\/integracoes\/sign-in-scheduling\/","og_site_name":"Zenkit","article_publisher":"https:\/\/www.facebook.com\/ZenkitHQ","article_modified_time":"2025-11-04T05:53:18+00:00","og_image":[{"width":204,"height":205,"url":"https:\/\/zenkit.com\/wp-content\/uploads\/2025\/07\/sign-in-scheduling-formerly-10to8-logo.webp","type":"image\/webp"}],"twitter_card":"summary_large_image","twitter_site":"@ZenkitHQ","twitter_misc":{"Est. tempo de leitura":"3 minutos"},"schema":{"@context":"https:\/\/schema.org","@graph":[{"@type":"WebPage","@id":"https:\/\/zenkit.com\/pt-br\/integracoes\/sign-in-scheduling\/","url":"https:\/\/zenkit.com\/pt-br\/integracoes\/sign-in-scheduling\/","name":"Sign In Scheduling | Zenkit","isPartOf":{"@id":"https:\/\/zenkit.com\/pt-br\/#website"},"primaryImageOfPage":{"@id":"https:\/\/zenkit.com\/pt-br\/integracoes\/sign-in-scheduling\/#primaryimage"},"image":{"@id":"https:\/\/zenkit.com\/pt-br\/integracoes\/sign-in-scheduling\/#primaryimage"},"thumbnailUrl":"https:\/\/zenkit.com\/wp-content\/uploads\/2025\/07\/sign-in-scheduling-formerly-10to8-logo.webp","datePublished":"2025-09-08T22:02:55+00:00","dateModified":"2025-11-04T05:53:18+00:00","breadcrumb":{"@id":"https:\/\/zenkit.com\/pt-br\/integracoes\/sign-in-scheduling\/#breadcrumb"},"inLanguage":"pt-BR","potentialAction":[{"@type":"ReadAction","target":["https:\/\/zenkit.com\/pt-br\/integracoes\/sign-in-scheduling\/"]}]},{"@type":"ImageObject","inLanguage":"pt-BR","@id":"https:\/\/zenkit.com\/pt-br\/integracoes\/sign-in-scheduling\/#primaryimage","url":"https:\/\/zenkit.com\/wp-content\/uploads\/2025\/07\/sign-in-scheduling-formerly-10to8-logo.webp","contentUrl":"https:\/\/zenkit.com\/wp-content\/uploads\/2025\/07\/sign-in-scheduling-formerly-10to8-logo.webp"},{"@type":"BreadcrumbList","@id":"https:\/\/zenkit.com\/pt-br\/integracoes\/sign-in-scheduling\/#breadcrumb","itemListElement":[{"@type":"ListItem","position":1,"name":"Home","item":"https:\/\/zenkit.com\/pt-br\/"},{"@type":"ListItem","position":2,"name":"Integra\u00e7\u00f5es","item":"https:\/\/zenkit.com\/pt-br\/integracoes\/"},{"@type":"ListItem","position":3,"name":"Sign In Scheduling"}]},{"@type":"WebSite","@id":"https:\/\/zenkit.com\/pt-br\/#website","url":"https:\/\/zenkit.com\/pt-br\/","name":"Zenkit","description":"Zenkit Tagline","potentialAction":[{"@type":"SearchAction","target":{"@type":"EntryPoint","urlTemplate":"https:\/\/zenkit.com\/pt-br\/?s={search_term_string}"},"query-input":{"@type":"PropertyValueSpecification","valueRequired":true,"valueName":"search_term_string"}}],"inLanguage":"pt-BR"},false]}},"yasr_visitor_votes":{"stars_attributes":{"read_only":false,"span_bottom":false},"number_of_votes":0,"sum_votes":0},"_links":{"self":[{"href":"https:\/\/zenkit.com\/pt-br\/wp-json\/wp\/v2\/pages\/138893","targetHints":{"allow":["GET"]}}],"collection":[{"href":"https:\/\/zenkit.com\/pt-br\/wp-json\/wp\/v2\/pages"}],"about":[{"href":"https:\/\/zenkit.com\/pt-br\/wp-json\/wp\/v2\/types\/page"}],"author":[{"embeddable":true,"href":"https:\/\/zenkit.com\/pt-br\/wp-json\/wp\/v2\/users\/9"}],"replies":[{"embeddable":true,"href":"https:\/\/zenkit.com\/pt-br\/wp-json\/wp\/v2\/comments?post=138893"}],"version-history":[{"count":5,"href":"https:\/\/zenkit.com\/pt-br\/wp-json\/wp\/v2\/pages\/138893\/revisions"}],"predecessor-version":[{"id":145420,"href":"https:\/\/zenkit.com\/pt-br\/wp-json\/wp\/v2\/pages\/138893\/revisions\/145420"}],"up":[{"embeddable":true,"href":"https:\/\/zenkit.com\/pt-br\/wp-json\/wp\/v2\/pages\/144948"}],"wp:attachment":[{"href":"https:\/\/zenkit.com\/pt-br\/wp-json\/wp\/v2\/media?parent=138893"}],"curies":[{"name":"wp","href":"https:\/\/api.w.org\/{rel}","templated":true}]}}