{"id":138899,"date":"2025-09-09T00:07:25","date_gmt":"2025-09-08T22:07:25","guid":{"rendered":"https:\/\/zenkit.com\/?page_id=138899"},"modified":"2025-11-04T06:53:18","modified_gmt":"2025-11-04T05:53:18","slug":"clicktime","status":"publish","type":"page","link":"https:\/\/zenkit.com\/pt-br\/integracoes\/clicktime\/","title":{"rendered":"ClickTime"},"content":{"rendered":"\n<div style=\"height:45px;--tablet-height:45px;--mobile-height:16px\" class=\"wp-block-lookeen-blocks-responsive-spacer\"><\/div>\n\n\n\n<div class=\"wp-block-group has-global-padding is-layout-constrained wp-block-group-is-layout-constrained\">\n<div class=\"wp-block-columns is-layout-flex wp-container-core-columns-is-layout-467d341d wp-block-columns-is-layout-flex\" id=\"main__integrations\" style=\"margin-top:0px;margin-bottom:0px\">\n<div class=\"wp-block-column side__bar__integrations is-layout-flow wp-block-column-is-layout-flow\" style=\"flex-basis:23%\">\n<h2 class=\"wp-block-heading has-da-blue-color-new has-text-color has-link-color wp-elements-b9ff16b4f47aa8ec9167f96087390375\" style=\"margin-top:0px;margin-bottom:0px;font-size:16px;line-height:1.5\">Time Tracking Integrations<\/h2>\n\n\n<nav class=\"is-vertical integrations__menu wp-block-navigation is-layout-flex wp-container-core-navigation-is-layout-5f9f5280 wp-block-navigation-is-layout-flex\" aria-label=\"pt-br-integrations-time-tracking\"><ul class=\"wp-block-navigation__container  is-vertical integrations__menu wp-block-navigation\"><li class=\" wp-block-navigation-item wp-block-navigation-link\"><a class=\"wp-block-navigation-item__content\"  href=\"https:\/\/zenkit.com\/pt-br\/integracoes\/clicktime\/\"><span class=\"wp-block-navigation-item__label\">ClickTime<\/span><\/a><\/li><li class=\" wp-block-navigation-item wp-block-navigation-link\"><a class=\"wp-block-navigation-item__content\"  href=\"https:\/\/zenkit.com\/pt-br\/integracoes\/clockify\/\"><span class=\"wp-block-navigation-item__label\">Clockify<\/span><\/a><\/li><li class=\" wp-block-navigation-item wp-block-navigation-link\"><a class=\"wp-block-navigation-item__content\"  href=\"https:\/\/zenkit.com\/pt-br\/integracoes\/desktime\/\"><span class=\"wp-block-navigation-item__label\">DeskTime<\/span><\/a><\/li><li class=\" wp-block-navigation-item wp-block-navigation-link\"><a class=\"wp-block-navigation-item__content\"  href=\"https:\/\/zenkit.com\/pt-br\/integracoes\/everhour\/\"><span class=\"wp-block-navigation-item__label\">Everhour<\/span><\/a><\/li><li class=\" wp-block-navigation-item wp-block-navigation-link\"><a class=\"wp-block-navigation-item__content\"  href=\"https:\/\/zenkit.com\/pt-br\/integracoes\/pomodoneapp\/\"><span class=\"wp-block-navigation-item__label\">PomoDoneApp<\/span><\/a><\/li><li class=\" wp-block-navigation-item wp-block-navigation-link\"><a class=\"wp-block-navigation-item__content\"  href=\"https:\/\/zenkit.com\/pt-br\/integracoes\/timecamp\/\"><span class=\"wp-block-navigation-item__label\">TimeCamp<\/span><\/a><\/li><li class=\" wp-block-navigation-item wp-block-navigation-link\"><a class=\"wp-block-navigation-item__content\"  href=\"https:\/\/zenkit.com\/pt-br\/integracoes\/time-doctor\/\"><span class=\"wp-block-navigation-item__label\">Time Doctor<\/span><\/a><\/li><li class=\" wp-block-navigation-item wp-block-navigation-link\"><a class=\"wp-block-navigation-item__content\"  href=\"https:\/\/zenkit.com\/pt-br\/integracoes\/tmetric\/\"><span class=\"wp-block-navigation-item__label\">TMetric<\/span><\/a><\/li><li class=\" wp-block-navigation-item wp-block-navigation-link\"><a class=\"wp-block-navigation-item__content\"  href=\"https:\/\/zenkit.com\/pt-br\/integracoes\/toggl-track\/\"><span class=\"wp-block-navigation-item__label\">Toggl Track<\/span><\/a><\/li><\/ul><\/nav><\/div>\n\n\n\n<div class=\"wp-block-column content__integrations is-layout-flow wp-block-column-is-layout-flow\" style=\"flex-basis:77%\">\n<div class=\"wp-block-group has-global-padding is-layout-constrained wp-block-group-is-layout-constrained\">\n<div class=\"wp-block-group title is-layout-flex wp-container-core-group-is-layout-ed4b00df wp-block-group-is-layout-flex\">\n<figure class=\"wp-block-image size-full is-resized\"><img loading=\"lazy\" decoding=\"async\" width=\"200\" height=\"200\" src=\"https:\/\/zenkit.com\/wp-content\/uploads\/2025\/07\/clicktime.webp\" alt=\"\" class=\"wp-image-117603\" style=\"width:auto;height:46px\" srcset=\"https:\/\/zenkit.com\/wp-content\/uploads\/2025\/07\/clicktime.webp 200w, https:\/\/zenkit.com\/wp-content\/uploads\/2025\/07\/clicktime-150x150.webp 150w\" sizes=\"auto, (max-width: 200px) 100vw, 200px\" \/><\/figure>\n\n\n\n<h1 class=\"wp-block-heading\">ClickTime e Zenkit<\/h1>\n<\/div>\n\n\n\n<div class=\"wp-block-group has-global-padding is-layout-constrained wp-block-group-is-layout-constrained\">\n<h3 class=\"wp-block-heading display-h2\">Conecte suas contas Zenkit e ClickTime<\/h3>\n\n\n\n<p>Como voc\u00ea melhora a produtividade da sua equipe? Sua equipe trabalha como Zenkit como uma ferramenta de gerenciamento de projetos e cria planilhas de horas on-line com o ClickTime para rastrear o tempo gasto nas tarefas atribu\u00eddas? Com a ajuda de nossa integra\u00e7\u00e3o Zapier, voc\u00ea pode enviar automaticamente tarefas do Zenkit para ClickTime sempre que precisar!<\/p>\n<\/div>\n<\/div>\n\n\n\n<div style=\"height:48px;--tablet-height:36px;--mobile-height:24px\" class=\"wp-block-lookeen-blocks-responsive-spacer\"><\/div>\n\n\n\n<div class=\"wp-block-group has-global-padding is-layout-constrained wp-block-group-is-layout-constrained\">\n<figure class=\"wp-block-image size-full\"><img loading=\"lazy\" decoding=\"async\" width=\"858\" height=\"535\" src=\"https:\/\/zenkit.com\/wp-content\/uploads\/2025\/07\/time-tracking-software.webp\" alt=\"\" class=\"wp-image-117614\" srcset=\"https:\/\/zenkit.com\/wp-content\/uploads\/2025\/07\/time-tracking-software.webp 858w, https:\/\/zenkit.com\/wp-content\/uploads\/2025\/07\/time-tracking-software-300x187.webp 300w, https:\/\/zenkit.com\/wp-content\/uploads\/2025\/07\/time-tracking-software-768x479.webp 768w\" sizes=\"auto, (max-width: 858px) 100vw, 858px\" \/><\/figure>\n<\/div>\n\n\n\n<div style=\"height:48px;--tablet-height:36px;--mobile-height:24px\" class=\"wp-block-lookeen-blocks-responsive-spacer\"><\/div>\n\n\n\n<div class=\"wp-block-group has-global-padding is-layout-constrained wp-block-group-is-layout-constrained\">\n<h3 class=\"wp-block-heading display-h2\">Sobre o ClickTime: Planilha de horas on-line f\u00e1cil<\/h3>\n\n\n\n<p>ClickTime \u00e9 um excelente software de controle de tempo para planejamento e gerenciamento. Voc\u00ea pode melhorar as opera\u00e7\u00f5es e aumentar a produtividade dos funcion\u00e1rios com planilhas de horas f\u00e1ceis de usar em qualquer lugar e a qualquer momento. ClickTime ajuda a eliminar as suposi\u00e7\u00f5es do gerenciamento de tarefas e de projetos com recursos como atualiza\u00e7\u00f5es em tempo real sobre as horas, a disponibilidade e os custos dos funcion\u00e1rios.<\/p>\n<\/div>\n\n\n\n<div style=\"height:48px;--tablet-height:36px;--mobile-height:24px\" class=\"wp-block-lookeen-blocks-responsive-spacer\"><\/div>\n\n\n\n<div class=\"wp-block-group has-global-padding is-layout-constrained wp-block-group-is-layout-constrained\">\n<h3 class=\"wp-block-heading display-h2\">Sobre o Zenkit: Gerenciamento de projetos on-line<\/h3>\n\n\n\n<p><a href=\"https:\/\/zenkit.com\/\">Zenkit<\/a>&nbsp;\u00e9 uma solu\u00e7\u00e3o de gerenciamento de v\u00e1rios projetos para projetos \u00e1geis e cl\u00e1ssicos. Zenkit oferece recursos de colabora\u00e7\u00e3o em tempo real, visualiza\u00e7\u00f5es inteligentes, relat\u00f3rios e planejamento de recursos que permitem o progresso real da sua equipe. Com um clique, voc\u00ea pode alternar seus projetos para diferentes visualiza\u00e7\u00f5es, incluindo Kanban, gr\u00e1fico de Gantt, tabela, mapa mental, hierarquia, lista e calend\u00e1rio. Voc\u00ea pode acessar o Zenkit em praticamente qualquer plataforma \u2013 incluindo aplicativos da Web, Windows, Linux, MacOS, bem como vers\u00f5es m\u00f3veis em dispositivos Android e iOS.<\/p>\n\n\n\n<p>Para obter mais informa\u00e7\u00f5es, acesse&nbsp;<a href=\"https:\/\/zenkit.com\/pt-br\/projects\/\">https:\/\/zenkit.com\/<\/a>.<\/p>\n<\/div>\n\n\n\n<div style=\"height:48px;--tablet-height:36px;--mobile-height:24px\" class=\"wp-block-lookeen-blocks-responsive-spacer\"><\/div>\n\n\n\n<div class=\"wp-block-group has-global-padding is-layout-constrained wp-block-group-is-layout-constrained\">\n<h3 class=\"wp-block-heading display-h2\">Como conectar ClickTime e Zenkit?<\/h3>\n\n\n\n<ol class=\"wp-block-list\">\n<li><a href=\"https:\/\/zapier.com\/sign-up\/\">Registre-se com&nbsp;<\/a>uma conta Zapier para obter acesso ao Zapier.<\/li>\n\n\n\n<li><a href=\"https:\/\/www.clicktime.com\/forms\/free-trial\">Crie uma conta<\/a>&nbsp;no ClickTime .<\/li>\n\n\n\n<li>Fa\u00e7a login no Zapier e v\u00e1 para&nbsp;<a href=\"https:\/\/zapier.com\/apps\/clicktime\/integrations\/zenkit\">Zenkit + ClickTime Zapbook&nbsp;<\/a>para encontrar modelos de Zap.<\/li>\n\n\n\n<li>Ou crie sua pr\u00f3pria integra\u00e7\u00e3o Zenkit e ClickTime, selecionando-os ao criar um zap.<\/li>\n<\/ol>\n\n\n\n<script type=\"text\/javascript\" src=\"https:\/\/zapier.com\/apps\/embed\/widget.js?guided_zaps=60241\"><\/script>\n<\/div>\n\n\n\n<div style=\"height:48px;--tablet-height:36px;--mobile-height:24px\" class=\"wp-block-lookeen-blocks-responsive-spacer\"><\/div>\n\n\n\n<div class=\"wp-block-group has-global-padding is-layout-constrained wp-block-group-is-layout-constrained\">\n<h3 class=\"wp-block-heading display-h2\">Quem se beneficiar\u00e1 com essa integra\u00e7\u00e3o entre ClickTime e Zenkit?<\/h3>\n\n\n\n<ul class=\"wp-block-list is-style-da-left-indent\">\n<li>Pessoas que buscam avaliar o tempo gasto em suas tarefas Zenkit atribu\u00eddas com uma planilha de horas on-line de forma eficiente.<\/li>\n\n\n\n<li>Pessoas que desejam dedicar tempo e energia ao que realmente importa.<\/li>\n<\/ul>\n<\/div>\n\n\n\n<div style=\"height:48px;--tablet-height:36px;--mobile-height:24px\" class=\"wp-block-lookeen-blocks-responsive-spacer\"><\/div>\n\n\n\n<div class=\"wp-block-group has-global-padding is-layout-constrained wp-block-group-is-layout-constrained\">\n<h3 class=\"wp-block-heading display-h2\">Detalhes adicionais da integra\u00e7\u00e3o<\/h3>\n\n\n\n<ul class=\"wp-block-list is-style-da-left-indent\">\n<li>Suporte via Zapier: Entre em contato com o suporte do&nbsp;<a href=\"https:\/\/zapier.com\/help\/contact-us\/\">Zapier<\/a>&nbsp;se tiver algum problema.<\/li>\n\n\n\n<li>Para obter mais informa\u00e7\u00f5es sobre como usar Zenkit com o Zapier, leia nossa&nbsp;<a href=\"https:\/\/help.zenkit.com\/en\/support\/solutions\/articles\/43000590360-integrating-other-apps-into-zenkit-using-zapier\">documenta\u00e7\u00e3o<\/a>.<\/li>\n<\/ul>\n<\/div>\n<\/div>\n<\/div>\n<\/div>\n\n\n\n<div style=\"height:110px;--tablet-height:60px;--mobile-height:48px\" class=\"wp-block-lookeen-blocks-responsive-spacer\"><\/div>\n","protected":false},"excerpt":{"rendered":"<p>Time Tracking Integrations ClickTime e Zenkit Conecte suas contas Zenkit e ClickTime Como voc\u00ea melhora a produtividade da sua equipe? Sua equipe trabalha como Zenkit como uma ferramenta de gerenciamento de projetos e cria planilhas de horas on-line com o ClickTime para rastrear o tempo gasto nas tarefas atribu\u00eddas? Com a ajuda de nossa integra\u00e7\u00e3o [&hellip;]<\/p>\n","protected":false},"author":9,"featured_media":0,"parent":144948,"menu_order":12,"comment_status":"closed","ping_status":"closed","template":"","meta":{"yasr_overall_rating":0,"yasr_post_is_review":"","yasr_auto_insert_disabled":"","yasr_review_type":"","footnotes":""},"class_list":["post-138899","page","type-page","status-publish","hentry"],"yoast_head":"<!-- This site is optimized with the Yoast SEO plugin v27.4 - https:\/\/yoast.com\/product\/yoast-seo-wordpress\/ -->\n<title>ClickTime | Zenkit<\/title>\n<meta name=\"robots\" content=\"index, follow, max-snippet:-1, max-image-preview:large, max-video-preview:-1\" \/>\n<link rel=\"canonical\" href=\"https:\/\/zenkit.com\/pt-br\/integracoes\/clicktime\/\" \/>\n<meta property=\"og:locale\" content=\"pt_BR\" \/>\n<meta property=\"og:type\" content=\"article\" \/>\n<meta property=\"og:title\" content=\"ClickTime | Zenkit\" \/>\n<meta property=\"og:description\" content=\"Time Tracking Integrations ClickTime e Zenkit Conecte suas contas Zenkit e ClickTime Como voc\u00ea melhora a produtividade da sua equipe? Sua equipe trabalha como Zenkit como uma ferramenta de gerenciamento de projetos e cria planilhas de horas on-line com o ClickTime para rastrear o tempo gasto nas tarefas atribu\u00eddas? Com a ajuda de nossa integra\u00e7\u00e3o [&hellip;]\" \/>\n<meta property=\"og:url\" content=\"https:\/\/zenkit.com\/pt-br\/integracoes\/clicktime\/\" \/>\n<meta property=\"og:site_name\" content=\"Zenkit\" \/>\n<meta property=\"article:publisher\" content=\"https:\/\/www.facebook.com\/ZenkitHQ\" \/>\n<meta property=\"article:modified_time\" content=\"2025-11-04T05:53:18+00:00\" \/>\n<meta property=\"og:image\" content=\"https:\/\/zenkit.com\/wp-content\/uploads\/2025\/07\/clicktime.webp\" \/>\n\t<meta property=\"og:image:width\" content=\"200\" \/>\n\t<meta property=\"og:image:height\" content=\"200\" \/>\n\t<meta property=\"og:image:type\" content=\"image\/webp\" \/>\n<meta name=\"twitter:card\" content=\"summary_large_image\" \/>\n<meta name=\"twitter:site\" content=\"@ZenkitHQ\" \/>\n<meta name=\"twitter:label1\" content=\"Est. tempo de leitura\" \/>\n\t<meta name=\"twitter:data1\" content=\"2 minutos\" \/>\n<script type=\"application\/ld+json\" class=\"yoast-schema-graph\">{\"@context\":\"https:\\\/\\\/schema.org\",\"@graph\":[{\"@type\":\"WebPage\",\"@id\":\"https:\\\/\\\/zenkit.com\\\/pt-br\\\/integracoes\\\/clicktime\\\/\",\"url\":\"https:\\\/\\\/zenkit.com\\\/pt-br\\\/integracoes\\\/clicktime\\\/\",\"name\":\"ClickTime | Zenkit\",\"isPartOf\":{\"@id\":\"https:\\\/\\\/zenkit.com\\\/pt-br\\\/#website\"},\"primaryImageOfPage\":{\"@id\":\"https:\\\/\\\/zenkit.com\\\/pt-br\\\/integracoes\\\/clicktime\\\/#primaryimage\"},\"image\":{\"@id\":\"https:\\\/\\\/zenkit.com\\\/pt-br\\\/integracoes\\\/clicktime\\\/#primaryimage\"},\"thumbnailUrl\":\"https:\\\/\\\/zenkit.com\\\/wp-content\\\/uploads\\\/2025\\\/07\\\/clicktime.webp\",\"datePublished\":\"2025-09-08T22:07:25+00:00\",\"dateModified\":\"2025-11-04T05:53:18+00:00\",\"breadcrumb\":{\"@id\":\"https:\\\/\\\/zenkit.com\\\/pt-br\\\/integracoes\\\/clicktime\\\/#breadcrumb\"},\"inLanguage\":\"pt-BR\",\"potentialAction\":[{\"@type\":\"ReadAction\",\"target\":[\"https:\\\/\\\/zenkit.com\\\/pt-br\\\/integracoes\\\/clicktime\\\/\"]}]},{\"@type\":\"ImageObject\",\"inLanguage\":\"pt-BR\",\"@id\":\"https:\\\/\\\/zenkit.com\\\/pt-br\\\/integracoes\\\/clicktime\\\/#primaryimage\",\"url\":\"https:\\\/\\\/zenkit.com\\\/wp-content\\\/uploads\\\/2025\\\/07\\\/clicktime.webp\",\"contentUrl\":\"https:\\\/\\\/zenkit.com\\\/wp-content\\\/uploads\\\/2025\\\/07\\\/clicktime.webp\"},{\"@type\":\"BreadcrumbList\",\"@id\":\"https:\\\/\\\/zenkit.com\\\/pt-br\\\/integracoes\\\/clicktime\\\/#breadcrumb\",\"itemListElement\":[{\"@type\":\"ListItem\",\"position\":1,\"name\":\"Home\",\"item\":\"https:\\\/\\\/zenkit.com\\\/pt-br\\\/\"},{\"@type\":\"ListItem\",\"position\":2,\"name\":\"Integra\u00e7\u00f5es\",\"item\":\"https:\\\/\\\/zenkit.com\\\/pt-br\\\/integracoes\\\/\"},{\"@type\":\"ListItem\",\"position\":3,\"name\":\"ClickTime\"}]},{\"@type\":\"WebSite\",\"@id\":\"https:\\\/\\\/zenkit.com\\\/pt-br\\\/#website\",\"url\":\"https:\\\/\\\/zenkit.com\\\/pt-br\\\/\",\"name\":\"Zenkit\",\"description\":\"Zenkit Tagline\",\"potentialAction\":[{\"@type\":\"SearchAction\",\"target\":{\"@type\":\"EntryPoint\",\"urlTemplate\":\"https:\\\/\\\/zenkit.com\\\/pt-br\\\/?s={search_term_string}\"},\"query-input\":{\"@type\":\"PropertyValueSpecification\",\"valueRequired\":true,\"valueName\":\"search_term_string\"}}],\"inLanguage\":\"pt-BR\"},false]}<\/script>\n<!-- \/ Yoast SEO plugin. -->","yoast_head_json":{"title":"ClickTime | Zenkit","robots":{"index":"index","follow":"follow","max-snippet":"max-snippet:-1","max-image-preview":"max-image-preview:large","max-video-preview":"max-video-preview:-1"},"canonical":"https:\/\/zenkit.com\/pt-br\/integracoes\/clicktime\/","og_locale":"pt_BR","og_type":"article","og_title":"ClickTime | Zenkit","og_description":"Time Tracking Integrations ClickTime e Zenkit Conecte suas contas Zenkit e ClickTime Como voc\u00ea melhora a produtividade da sua equipe? Sua equipe trabalha como Zenkit como uma ferramenta de gerenciamento de projetos e cria planilhas de horas on-line com o ClickTime para rastrear o tempo gasto nas tarefas atribu\u00eddas? Com a ajuda de nossa integra\u00e7\u00e3o [&hellip;]","og_url":"https:\/\/zenkit.com\/pt-br\/integracoes\/clicktime\/","og_site_name":"Zenkit","article_publisher":"https:\/\/www.facebook.com\/ZenkitHQ","article_modified_time":"2025-11-04T05:53:18+00:00","og_image":[{"width":200,"height":200,"url":"https:\/\/zenkit.com\/wp-content\/uploads\/2025\/07\/clicktime.webp","type":"image\/webp"}],"twitter_card":"summary_large_image","twitter_site":"@ZenkitHQ","twitter_misc":{"Est. tempo de leitura":"2 minutos"},"schema":{"@context":"https:\/\/schema.org","@graph":[{"@type":"WebPage","@id":"https:\/\/zenkit.com\/pt-br\/integracoes\/clicktime\/","url":"https:\/\/zenkit.com\/pt-br\/integracoes\/clicktime\/","name":"ClickTime | Zenkit","isPartOf":{"@id":"https:\/\/zenkit.com\/pt-br\/#website"},"primaryImageOfPage":{"@id":"https:\/\/zenkit.com\/pt-br\/integracoes\/clicktime\/#primaryimage"},"image":{"@id":"https:\/\/zenkit.com\/pt-br\/integracoes\/clicktime\/#primaryimage"},"thumbnailUrl":"https:\/\/zenkit.com\/wp-content\/uploads\/2025\/07\/clicktime.webp","datePublished":"2025-09-08T22:07:25+00:00","dateModified":"2025-11-04T05:53:18+00:00","breadcrumb":{"@id":"https:\/\/zenkit.com\/pt-br\/integracoes\/clicktime\/#breadcrumb"},"inLanguage":"pt-BR","potentialAction":[{"@type":"ReadAction","target":["https:\/\/zenkit.com\/pt-br\/integracoes\/clicktime\/"]}]},{"@type":"ImageObject","inLanguage":"pt-BR","@id":"https:\/\/zenkit.com\/pt-br\/integracoes\/clicktime\/#primaryimage","url":"https:\/\/zenkit.com\/wp-content\/uploads\/2025\/07\/clicktime.webp","contentUrl":"https:\/\/zenkit.com\/wp-content\/uploads\/2025\/07\/clicktime.webp"},{"@type":"BreadcrumbList","@id":"https:\/\/zenkit.com\/pt-br\/integracoes\/clicktime\/#breadcrumb","itemListElement":[{"@type":"ListItem","position":1,"name":"Home","item":"https:\/\/zenkit.com\/pt-br\/"},{"@type":"ListItem","position":2,"name":"Integra\u00e7\u00f5es","item":"https:\/\/zenkit.com\/pt-br\/integracoes\/"},{"@type":"ListItem","position":3,"name":"ClickTime"}]},{"@type":"WebSite","@id":"https:\/\/zenkit.com\/pt-br\/#website","url":"https:\/\/zenkit.com\/pt-br\/","name":"Zenkit","description":"Zenkit Tagline","potentialAction":[{"@type":"SearchAction","target":{"@type":"EntryPoint","urlTemplate":"https:\/\/zenkit.com\/pt-br\/?s={search_term_string}"},"query-input":{"@type":"PropertyValueSpecification","valueRequired":true,"valueName":"search_term_string"}}],"inLanguage":"pt-BR"},false]}},"yasr_visitor_votes":{"stars_attributes":{"read_only":false,"span_bottom":false},"number_of_votes":0,"sum_votes":0},"_links":{"self":[{"href":"https:\/\/zenkit.com\/pt-br\/wp-json\/wp\/v2\/pages\/138899","targetHints":{"allow":["GET"]}}],"collection":[{"href":"https:\/\/zenkit.com\/pt-br\/wp-json\/wp\/v2\/pages"}],"about":[{"href":"https:\/\/zenkit.com\/pt-br\/wp-json\/wp\/v2\/types\/page"}],"author":[{"embeddable":true,"href":"https:\/\/zenkit.com\/pt-br\/wp-json\/wp\/v2\/users\/9"}],"replies":[{"embeddable":true,"href":"https:\/\/zenkit.com\/pt-br\/wp-json\/wp\/v2\/comments?post=138899"}],"version-history":[{"count":4,"href":"https:\/\/zenkit.com\/pt-br\/wp-json\/wp\/v2\/pages\/138899\/revisions"}],"predecessor-version":[{"id":150476,"href":"https:\/\/zenkit.com\/pt-br\/wp-json\/wp\/v2\/pages\/138899\/revisions\/150476"}],"up":[{"embeddable":true,"href":"https:\/\/zenkit.com\/pt-br\/wp-json\/wp\/v2\/pages\/144948"}],"wp:attachment":[{"href":"https:\/\/zenkit.com\/pt-br\/wp-json\/wp\/v2\/media?parent=138899"}],"curies":[{"name":"wp","href":"https:\/\/api.w.org\/{rel}","templated":true}]}}