{"id":139644,"date":"2025-09-09T15:42:50","date_gmt":"2025-09-09T13:42:50","guid":{"rendered":"https:\/\/zenkit.com\/?page_id=139644"},"modified":"2025-11-04T06:53:18","modified_gmt":"2025-11-04T05:53:18","slug":"toggl-track","status":"publish","type":"page","link":"https:\/\/zenkit.com\/pt-br\/integracoes\/toggl-track\/","title":{"rendered":"Toggl Track"},"content":{"rendered":"\n<div style=\"height:45px;--tablet-height:45px;--mobile-height:16px\" class=\"wp-block-lookeen-blocks-responsive-spacer\"><\/div>\n\n\n\n<div class=\"wp-block-group has-global-padding is-layout-constrained wp-block-group-is-layout-constrained\">\n<div class=\"wp-block-columns is-layout-flex wp-container-core-columns-is-layout-467d341d wp-block-columns-is-layout-flex\" id=\"main__integrations\" style=\"margin-top:0px;margin-bottom:0px\">\n<div class=\"wp-block-column side__bar__integrations is-layout-flow wp-block-column-is-layout-flow\" style=\"flex-basis:23%\">\n<h2 class=\"wp-block-heading has-da-blue-color-new has-text-color has-link-color wp-elements-e021d71d4730a591e63ce9ef44d71825\" style=\"margin-top:0px;margin-bottom:0px;font-size:16px;line-height:1.5\">Integra\u00e7\u00f5es<\/h2>\n\n\n<nav class=\"is-vertical integrations__menu wp-block-navigation is-layout-flex wp-container-core-navigation-is-layout-5f9f5280 wp-block-navigation-is-layout-flex\" aria-label=\"pt-br-integrations-time-tracking\"><ul class=\"wp-block-navigation__container  is-vertical integrations__menu wp-block-navigation\"><li class=\" wp-block-navigation-item wp-block-navigation-link\"><a class=\"wp-block-navigation-item__content\"  href=\"https:\/\/zenkit.com\/pt-br\/integracoes\/clicktime\/\"><span class=\"wp-block-navigation-item__label\">ClickTime<\/span><\/a><\/li><li class=\" wp-block-navigation-item wp-block-navigation-link\"><a class=\"wp-block-navigation-item__content\"  href=\"https:\/\/zenkit.com\/pt-br\/integracoes\/clockify\/\"><span class=\"wp-block-navigation-item__label\">Clockify<\/span><\/a><\/li><li class=\" wp-block-navigation-item wp-block-navigation-link\"><a class=\"wp-block-navigation-item__content\"  href=\"https:\/\/zenkit.com\/pt-br\/integracoes\/desktime\/\"><span class=\"wp-block-navigation-item__label\">DeskTime<\/span><\/a><\/li><li class=\" wp-block-navigation-item wp-block-navigation-link\"><a class=\"wp-block-navigation-item__content\"  href=\"https:\/\/zenkit.com\/pt-br\/integracoes\/everhour\/\"><span class=\"wp-block-navigation-item__label\">Everhour<\/span><\/a><\/li><li class=\" wp-block-navigation-item wp-block-navigation-link\"><a class=\"wp-block-navigation-item__content\"  href=\"https:\/\/zenkit.com\/pt-br\/integracoes\/pomodoneapp\/\"><span class=\"wp-block-navigation-item__label\">PomoDoneApp<\/span><\/a><\/li><li class=\" wp-block-navigation-item wp-block-navigation-link\"><a class=\"wp-block-navigation-item__content\"  href=\"https:\/\/zenkit.com\/pt-br\/integracoes\/timecamp\/\"><span class=\"wp-block-navigation-item__label\">TimeCamp<\/span><\/a><\/li><li class=\" wp-block-navigation-item wp-block-navigation-link\"><a class=\"wp-block-navigation-item__content\"  href=\"https:\/\/zenkit.com\/pt-br\/integracoes\/time-doctor\/\"><span class=\"wp-block-navigation-item__label\">Time Doctor<\/span><\/a><\/li><li class=\" wp-block-navigation-item wp-block-navigation-link\"><a class=\"wp-block-navigation-item__content\"  href=\"https:\/\/zenkit.com\/pt-br\/integracoes\/tmetric\/\"><span class=\"wp-block-navigation-item__label\">TMetric<\/span><\/a><\/li><li class=\" wp-block-navigation-item wp-block-navigation-link\"><a class=\"wp-block-navigation-item__content\"  href=\"https:\/\/zenkit.com\/pt-br\/integracoes\/toggl-track\/\"><span class=\"wp-block-navigation-item__label\">Toggl Track<\/span><\/a><\/li><\/ul><\/nav><\/div>\n\n\n\n<div class=\"wp-block-column content__integrations is-layout-flow wp-block-column-is-layout-flow\" style=\"flex-basis:77%\">\n<div class=\"wp-block-group has-global-padding is-layout-constrained wp-block-group-is-layout-constrained\">\n<div class=\"wp-block-group title is-layout-flex wp-container-core-group-is-layout-ed4b00df wp-block-group-is-layout-flex\">\n<figure class=\"wp-block-image size-full is-resized\"><img loading=\"lazy\" decoding=\"async\" width=\"1502\" height=\"1502\" src=\"https:\/\/zenkit.com\/wp-content\/uploads\/2025\/07\/toggl-track_icon_pink_rgb.webp\" alt=\"Toggl Track Logo\" class=\"wp-image-117501\" style=\"width:auto;height:46px\" srcset=\"https:\/\/zenkit.com\/wp-content\/uploads\/2025\/07\/toggl-track_icon_pink_rgb.webp 1502w, https:\/\/zenkit.com\/wp-content\/uploads\/2025\/07\/toggl-track_icon_pink_rgb-300x300.webp 300w, https:\/\/zenkit.com\/wp-content\/uploads\/2025\/07\/toggl-track_icon_pink_rgb-1024x1024.webp 1024w, https:\/\/zenkit.com\/wp-content\/uploads\/2025\/07\/toggl-track_icon_pink_rgb-150x150.webp 150w, https:\/\/zenkit.com\/wp-content\/uploads\/2025\/07\/toggl-track_icon_pink_rgb-768x768.webp 768w\" sizes=\"auto, (max-width: 1502px) 100vw, 1502px\" \/><\/figure>\n\n\n\n<h1 class=\"wp-block-heading\">Toggl Track &amp; Zenkit<\/h1>\n<\/div>\n\n\n\n<div class=\"wp-block-group has-global-padding is-layout-constrained wp-block-group-is-layout-constrained\">\n<h3 class=\"wp-block-heading display-h2\">Conecte suas contas Zenkit Base e Toggl Track<\/h3>\n\n\n\n<p>Voc\u00ea pode ter escolhido Zenkit Base para gerenciar projetos devido aos seus recursos abrangentes de gest\u00e3o de projetos. Enquanto isso, voc\u00ea tamb\u00e9m pode querer usar o Toggl Track para relat\u00f3rios de tempo sobre seus projetos. Entendemos que, para manter os dois softwares em sincronia, seria exaustivo e demorado migrar suas tarefas manualmente. \u00c9 por isso que essa integra\u00e7\u00e3o est\u00e1 aqui para voc\u00ea!<\/p>\n\n\n\n<p>Com esta integra\u00e7\u00e3o Zapier, sempre que voc\u00ea criar um novo item ou tarefa Zenkit Base, uma nova tarefa ser\u00e1 criada automaticamente no Toggl Track para fins de rastreamento de tempo. Isso evita que voc\u00ea tenha que repetir um tedioso trabalho de digita\u00e7\u00e3o e evita que voc\u00ea perca dados enquanto duplica manualmente suas tarefas!<\/p>\n<\/div>\n\n\n\n<div style=\"height:48px;--tablet-height:36px;--mobile-height:24px\" class=\"wp-block-lookeen-blocks-responsive-spacer\"><\/div>\n<\/div>\n\n\n\n<div class=\"wp-block-group has-global-padding is-layout-constrained wp-block-group-is-layout-constrained\">\n<figure class=\"wp-block-image size-large\"><img loading=\"lazy\" decoding=\"async\" width=\"1024\" height=\"664\" src=\"https:\/\/zenkit.com\/wp-content\/uploads\/2025\/07\/Toggl-Timer_screenshot-1024x664.webp\" alt=\"Verbinden Sie ihre Zenkit- und Toggl Track-Konten\" class=\"wp-image-117515\" srcset=\"https:\/\/zenkit.com\/wp-content\/uploads\/2025\/07\/Toggl-Timer_screenshot-1024x664.webp 1024w, https:\/\/zenkit.com\/wp-content\/uploads\/2025\/07\/Toggl-Timer_screenshot-300x194.webp 300w, https:\/\/zenkit.com\/wp-content\/uploads\/2025\/07\/Toggl-Timer_screenshot-768x498.webp 768w, https:\/\/zenkit.com\/wp-content\/uploads\/2025\/07\/Toggl-Timer_screenshot-1536x996.webp 1536w, https:\/\/zenkit.com\/wp-content\/uploads\/2025\/07\/Toggl-Timer_screenshot-2048x1328.webp 2048w\" sizes=\"auto, (max-width: 1024px) 100vw, 1024px\" \/><\/figure>\n<\/div>\n\n\n\n<div style=\"height:48px;--tablet-height:36px;--mobile-height:24px\" class=\"wp-block-lookeen-blocks-responsive-spacer\"><\/div>\n\n\n\n<div class=\"wp-block-group has-global-padding is-layout-constrained wp-block-group-is-layout-constrained\">\n<h3 class=\"wp-block-heading display-h2\">Sobre Toggl Track: Software de Rastreamento de Tempo<\/h3>\n\n\n\n<p>Toggl Track \u00e9 um software de rastreamento de tempo que ajuda voc\u00ea a acompanhar seu tempo gasto em tarefas ou projetos. Est\u00e1 dispon\u00edvel como um aplicativo web, aplicativo desktop, aplicativo m\u00f3vel ou extens\u00e3o de navegador; o que for mais adequado ao seu fluxo de trabalho. Voc\u00ea pode facilmente filtrar dados que desejar e gerar relat\u00f3rios de tempo personalizados. Al\u00e9m disso, voc\u00ea tamb\u00e9m pode programar relat\u00f3rios de tempo regulares sobre quaisquer projetos que desejar. Crie sua conta gratuita aqui:\u00a0<a href=\"https:\/\/toggl.com\/track\/signup\/\">https:\/\/toggl.com\/track\/signup\/<\/a>.<\/p>\n<\/div>\n\n\n\n<div style=\"height:48px;--tablet-height:36px;--mobile-height:24px\" class=\"wp-block-lookeen-blocks-responsive-spacer\"><\/div>\n\n\n\n<div class=\"wp-block-group has-global-padding is-layout-constrained wp-block-group-is-layout-constrained\">\n<h3 class=\"wp-block-heading display-h2\">Sobre Zenkit: Gerenciamento de Projetos Online<\/h3>\n\n\n\n<p><a href=\"https:\/\/zenkit.com\/pt-br\/base\/\">Zenkit Base<\/a>&nbsp;\u00e9 uma ferramenta de f\u00e1cil utiliza\u00e7\u00e3o, colaborativa para a gest\u00e3o de projetos, construtora de bases de dados, e muito mais. Permite alterar visualiza\u00e7\u00f5es (tabela, lista de tarefas, Kanban, calend\u00e1rio e mapa mental) em um clique. Voc\u00ea pode compartilhar seu trabalho online com Collections publicadas e incorporadas, e construir integra\u00e7\u00f5es com a nossa API documentada.<\/p>\n\n\n\n<p>Como membro de nosso Universo Zenkit, a Zenkit Base \u00e9 integrada perfeitamente com outros produtos do Zenkit Suite (p. ex., Zenkit To Do e Zenchat). Crie sua conta gratuita em:&nbsp;<a href=\"https:\/\/base.zenkit.com\/register\">https:\/\/base.zenkit.com\/register<\/a>.<\/p>\n<\/div>\n\n\n\n<div style=\"height:48px;--tablet-height:36px;--mobile-height:24px\" class=\"wp-block-lookeen-blocks-responsive-spacer\"><\/div>\n\n\n\n<div class=\"wp-block-group has-global-padding is-layout-constrained wp-block-group-is-layout-constrained\">\n<h3 class=\"wp-block-heading display-h2\">Como conectar Toggl Track e Zenkit Base?<\/h3>\n\n\n\n<ol class=\"wp-block-list\">\n<li><a href=\"https:\/\/zapier.com\/sign-up\/\">Cadastre-se\u00a0<\/a>\u00a0com uma conta Zapier para ter acesso ao Zapier.<\/li>\n\n\n\n<li><a href=\"https:\/\/toggl.com\/track\/login\">Crie uma conta\u00a0<\/a>com Toggl Track.<\/li>\n\n\n\n<li>Entre no Zapier e v\u00e1 \u00e0\u00a0<a href=\"https:\/\/zapier.com\/apps\/toggl-track\/integrations\/zenkit\">Zenkit + Toggl Track Zapbook<\/a>\u00a0para encontrar os modelos Zap.<\/li>\n\n\n\n<li>Ou escolha criar sua pr\u00f3pria integra\u00e7\u00e3o Zenkit e Toggl Track selecionando-os ao criar um zap.<\/li>\n<\/ol>\n<\/div>\n\n\n\n<div style=\"height:48px;--tablet-height:36px;--mobile-height:24px\" class=\"wp-block-lookeen-blocks-responsive-spacer\"><\/div>\n\n\n\n<div class=\"wp-block-group has-global-padding is-layout-constrained wp-block-group-is-layout-constrained\">\n<h3 class=\"wp-block-heading display-h2\">Quem vai se beneficiar com a integra\u00e7\u00e3o Toggl Track e Zenkit?<\/h3>\n\n\n\n<ul class=\"wp-block-list is-style-da-left-indent\">\n<li>Gerentes de projeto que desejam acompanhar o tempo gasto em cada projeto sem ter que sair da Zenkit Base.<\/li>\n\n\n\n<li>Pequenos empres\u00e1rios que desejam economizar recursos humanos e tempo, automatizando o trabalho de copiar e colar.<\/li>\n<\/ul>\n<\/div>\n\n\n\n<div style=\"height:48px;--tablet-height:36px;--mobile-height:24px\" class=\"wp-block-lookeen-blocks-responsive-spacer\"><\/div>\n\n\n\n<div class=\"wp-block-group has-global-padding is-layout-constrained wp-block-group-is-layout-constrained\">\n<h3 class=\"wp-block-heading display-h2\">Detalhes Adicionais da Integra\u00e7\u00e3o<\/h3>\n\n\n\n<ul class=\"wp-block-list is-style-da-left-indent\">\n<li>Apoiado por Zapier: Por favor entre em contato com\u00a0<a href=\"https:\/\/zapier.com\/help\/contact-us\/\">suporte Zapier<\/a>\u00a0se houver algum problema.<\/li>\n\n\n\n<li>Para mais informa\u00e7\u00f5es sobre como utilizar Zenkit com Zapier, por favor leia a nossa\u00a0<a href=\"https:\/\/zenkit.com\/documentation#\/lists\/HJQBQ1Hw\/sections\/SJYE55zA\/entries\/BJGOKQtA?_k=hyyynn\">documenta\u00e7\u00e3o<\/a>.<\/li>\n<\/ul>\n<\/div>\n<\/div>\n<\/div>\n<\/div>\n\n\n\n<div style=\"height:110px;--tablet-height:60px;--mobile-height:48px\" class=\"wp-block-lookeen-blocks-responsive-spacer\"><\/div>\n","protected":false},"excerpt":{"rendered":"<p>Integra\u00e7\u00f5es Toggl Track &amp; Zenkit Conecte suas contas Zenkit Base e Toggl Track Voc\u00ea pode ter escolhido Zenkit Base para gerenciar projetos devido aos seus recursos abrangentes de gest\u00e3o de projetos. Enquanto isso, voc\u00ea tamb\u00e9m pode querer usar o Toggl Track para relat\u00f3rios de tempo sobre seus projetos. Entendemos que, para manter os dois softwares [&hellip;]<\/p>\n","protected":false},"author":9,"featured_media":0,"parent":144948,"menu_order":6,"comment_status":"closed","ping_status":"closed","template":"","meta":{"yasr_overall_rating":0,"yasr_post_is_review":"","yasr_auto_insert_disabled":"","yasr_review_type":"","footnotes":""},"class_list":["post-139644","page","type-page","status-publish","hentry"],"yoast_head":"<!-- This site is optimized with the Yoast SEO plugin v27.4 - https:\/\/yoast.com\/product\/yoast-seo-wordpress\/ -->\n<title>Toggl Track | Zenkit<\/title>\n<meta name=\"robots\" content=\"index, follow, max-snippet:-1, max-image-preview:large, max-video-preview:-1\" \/>\n<link rel=\"canonical\" href=\"https:\/\/zenkit.com\/pt-br\/integracoes\/toggl-track\/\" \/>\n<meta property=\"og:locale\" content=\"pt_BR\" \/>\n<meta property=\"og:type\" content=\"article\" \/>\n<meta property=\"og:title\" content=\"Toggl Track | Zenkit\" \/>\n<meta property=\"og:description\" content=\"Integra\u00e7\u00f5es Toggl Track &amp; Zenkit Conecte suas contas Zenkit Base e Toggl Track Voc\u00ea pode ter escolhido Zenkit Base para gerenciar projetos devido aos seus recursos abrangentes de gest\u00e3o de projetos. Enquanto isso, voc\u00ea tamb\u00e9m pode querer usar o Toggl Track para relat\u00f3rios de tempo sobre seus projetos. Entendemos que, para manter os dois softwares [&hellip;]\" \/>\n<meta property=\"og:url\" content=\"https:\/\/zenkit.com\/pt-br\/integracoes\/toggl-track\/\" \/>\n<meta property=\"og:site_name\" content=\"Zenkit\" \/>\n<meta property=\"article:publisher\" content=\"https:\/\/www.facebook.com\/ZenkitHQ\" \/>\n<meta property=\"article:modified_time\" content=\"2025-11-04T05:53:18+00:00\" \/>\n<meta property=\"og:image\" content=\"https:\/\/zenkit.com\/wp-content\/uploads\/2025\/07\/toggl-track_icon_pink_rgb.webp\" \/>\n\t<meta property=\"og:image:width\" content=\"1502\" \/>\n\t<meta property=\"og:image:height\" content=\"1502\" \/>\n\t<meta property=\"og:image:type\" content=\"image\/webp\" \/>\n<meta name=\"twitter:card\" content=\"summary_large_image\" \/>\n<meta name=\"twitter:site\" content=\"@ZenkitHQ\" \/>\n<meta name=\"twitter:label1\" content=\"Est. tempo de leitura\" \/>\n\t<meta name=\"twitter:data1\" content=\"2 minutos\" \/>\n<script type=\"application\/ld+json\" class=\"yoast-schema-graph\">{\"@context\":\"https:\\\/\\\/schema.org\",\"@graph\":[{\"@type\":\"WebPage\",\"@id\":\"https:\\\/\\\/zenkit.com\\\/pt-br\\\/integracoes\\\/toggl-track\\\/\",\"url\":\"https:\\\/\\\/zenkit.com\\\/pt-br\\\/integracoes\\\/toggl-track\\\/\",\"name\":\"Toggl Track | Zenkit\",\"isPartOf\":{\"@id\":\"https:\\\/\\\/zenkit.com\\\/pt-br\\\/#website\"},\"primaryImageOfPage\":{\"@id\":\"https:\\\/\\\/zenkit.com\\\/pt-br\\\/integracoes\\\/toggl-track\\\/#primaryimage\"},\"image\":{\"@id\":\"https:\\\/\\\/zenkit.com\\\/pt-br\\\/integracoes\\\/toggl-track\\\/#primaryimage\"},\"thumbnailUrl\":\"https:\\\/\\\/zenkit.com\\\/wp-content\\\/uploads\\\/2025\\\/07\\\/toggl-track_icon_pink_rgb.webp\",\"datePublished\":\"2025-09-09T13:42:50+00:00\",\"dateModified\":\"2025-11-04T05:53:18+00:00\",\"breadcrumb\":{\"@id\":\"https:\\\/\\\/zenkit.com\\\/pt-br\\\/integracoes\\\/toggl-track\\\/#breadcrumb\"},\"inLanguage\":\"pt-BR\",\"potentialAction\":[{\"@type\":\"ReadAction\",\"target\":[\"https:\\\/\\\/zenkit.com\\\/pt-br\\\/integracoes\\\/toggl-track\\\/\"]}]},{\"@type\":\"ImageObject\",\"inLanguage\":\"pt-BR\",\"@id\":\"https:\\\/\\\/zenkit.com\\\/pt-br\\\/integracoes\\\/toggl-track\\\/#primaryimage\",\"url\":\"https:\\\/\\\/zenkit.com\\\/wp-content\\\/uploads\\\/2025\\\/07\\\/toggl-track_icon_pink_rgb.webp\",\"contentUrl\":\"https:\\\/\\\/zenkit.com\\\/wp-content\\\/uploads\\\/2025\\\/07\\\/toggl-track_icon_pink_rgb.webp\"},{\"@type\":\"BreadcrumbList\",\"@id\":\"https:\\\/\\\/zenkit.com\\\/pt-br\\\/integracoes\\\/toggl-track\\\/#breadcrumb\",\"itemListElement\":[{\"@type\":\"ListItem\",\"position\":1,\"name\":\"Home\",\"item\":\"https:\\\/\\\/zenkit.com\\\/pt-br\\\/\"},{\"@type\":\"ListItem\",\"position\":2,\"name\":\"Integra\u00e7\u00f5es\",\"item\":\"https:\\\/\\\/zenkit.com\\\/pt-br\\\/integracoes\\\/\"},{\"@type\":\"ListItem\",\"position\":3,\"name\":\"Toggl Track\"}]},{\"@type\":\"WebSite\",\"@id\":\"https:\\\/\\\/zenkit.com\\\/pt-br\\\/#website\",\"url\":\"https:\\\/\\\/zenkit.com\\\/pt-br\\\/\",\"name\":\"Zenkit\",\"description\":\"Zenkit Tagline\",\"potentialAction\":[{\"@type\":\"SearchAction\",\"target\":{\"@type\":\"EntryPoint\",\"urlTemplate\":\"https:\\\/\\\/zenkit.com\\\/pt-br\\\/?s={search_term_string}\"},\"query-input\":{\"@type\":\"PropertyValueSpecification\",\"valueRequired\":true,\"valueName\":\"search_term_string\"}}],\"inLanguage\":\"pt-BR\"},false]}<\/script>\n<!-- \/ Yoast SEO plugin. -->","yoast_head_json":{"title":"Toggl Track | Zenkit","robots":{"index":"index","follow":"follow","max-snippet":"max-snippet:-1","max-image-preview":"max-image-preview:large","max-video-preview":"max-video-preview:-1"},"canonical":"https:\/\/zenkit.com\/pt-br\/integracoes\/toggl-track\/","og_locale":"pt_BR","og_type":"article","og_title":"Toggl Track | Zenkit","og_description":"Integra\u00e7\u00f5es Toggl Track &amp; Zenkit Conecte suas contas Zenkit Base e Toggl Track Voc\u00ea pode ter escolhido Zenkit Base para gerenciar projetos devido aos seus recursos abrangentes de gest\u00e3o de projetos. Enquanto isso, voc\u00ea tamb\u00e9m pode querer usar o Toggl Track para relat\u00f3rios de tempo sobre seus projetos. Entendemos que, para manter os dois softwares [&hellip;]","og_url":"https:\/\/zenkit.com\/pt-br\/integracoes\/toggl-track\/","og_site_name":"Zenkit","article_publisher":"https:\/\/www.facebook.com\/ZenkitHQ","article_modified_time":"2025-11-04T05:53:18+00:00","og_image":[{"width":1502,"height":1502,"url":"https:\/\/zenkit.com\/wp-content\/uploads\/2025\/07\/toggl-track_icon_pink_rgb.webp","type":"image\/webp"}],"twitter_card":"summary_large_image","twitter_site":"@ZenkitHQ","twitter_misc":{"Est. tempo de leitura":"2 minutos"},"schema":{"@context":"https:\/\/schema.org","@graph":[{"@type":"WebPage","@id":"https:\/\/zenkit.com\/pt-br\/integracoes\/toggl-track\/","url":"https:\/\/zenkit.com\/pt-br\/integracoes\/toggl-track\/","name":"Toggl Track | Zenkit","isPartOf":{"@id":"https:\/\/zenkit.com\/pt-br\/#website"},"primaryImageOfPage":{"@id":"https:\/\/zenkit.com\/pt-br\/integracoes\/toggl-track\/#primaryimage"},"image":{"@id":"https:\/\/zenkit.com\/pt-br\/integracoes\/toggl-track\/#primaryimage"},"thumbnailUrl":"https:\/\/zenkit.com\/wp-content\/uploads\/2025\/07\/toggl-track_icon_pink_rgb.webp","datePublished":"2025-09-09T13:42:50+00:00","dateModified":"2025-11-04T05:53:18+00:00","breadcrumb":{"@id":"https:\/\/zenkit.com\/pt-br\/integracoes\/toggl-track\/#breadcrumb"},"inLanguage":"pt-BR","potentialAction":[{"@type":"ReadAction","target":["https:\/\/zenkit.com\/pt-br\/integracoes\/toggl-track\/"]}]},{"@type":"ImageObject","inLanguage":"pt-BR","@id":"https:\/\/zenkit.com\/pt-br\/integracoes\/toggl-track\/#primaryimage","url":"https:\/\/zenkit.com\/wp-content\/uploads\/2025\/07\/toggl-track_icon_pink_rgb.webp","contentUrl":"https:\/\/zenkit.com\/wp-content\/uploads\/2025\/07\/toggl-track_icon_pink_rgb.webp"},{"@type":"BreadcrumbList","@id":"https:\/\/zenkit.com\/pt-br\/integracoes\/toggl-track\/#breadcrumb","itemListElement":[{"@type":"ListItem","position":1,"name":"Home","item":"https:\/\/zenkit.com\/pt-br\/"},{"@type":"ListItem","position":2,"name":"Integra\u00e7\u00f5es","item":"https:\/\/zenkit.com\/pt-br\/integracoes\/"},{"@type":"ListItem","position":3,"name":"Toggl Track"}]},{"@type":"WebSite","@id":"https:\/\/zenkit.com\/pt-br\/#website","url":"https:\/\/zenkit.com\/pt-br\/","name":"Zenkit","description":"Zenkit Tagline","potentialAction":[{"@type":"SearchAction","target":{"@type":"EntryPoint","urlTemplate":"https:\/\/zenkit.com\/pt-br\/?s={search_term_string}"},"query-input":{"@type":"PropertyValueSpecification","valueRequired":true,"valueName":"search_term_string"}}],"inLanguage":"pt-BR"},false]}},"yasr_visitor_votes":{"stars_attributes":{"read_only":false,"span_bottom":false},"number_of_votes":0,"sum_votes":0},"_links":{"self":[{"href":"https:\/\/zenkit.com\/pt-br\/wp-json\/wp\/v2\/pages\/139644","targetHints":{"allow":["GET"]}}],"collection":[{"href":"https:\/\/zenkit.com\/pt-br\/wp-json\/wp\/v2\/pages"}],"about":[{"href":"https:\/\/zenkit.com\/pt-br\/wp-json\/wp\/v2\/types\/page"}],"author":[{"embeddable":true,"href":"https:\/\/zenkit.com\/pt-br\/wp-json\/wp\/v2\/users\/9"}],"replies":[{"embeddable":true,"href":"https:\/\/zenkit.com\/pt-br\/wp-json\/wp\/v2\/comments?post=139644"}],"version-history":[{"count":5,"href":"https:\/\/zenkit.com\/pt-br\/wp-json\/wp\/v2\/pages\/139644\/revisions"}],"predecessor-version":[{"id":150494,"href":"https:\/\/zenkit.com\/pt-br\/wp-json\/wp\/v2\/pages\/139644\/revisions\/150494"}],"up":[{"embeddable":true,"href":"https:\/\/zenkit.com\/pt-br\/wp-json\/wp\/v2\/pages\/144948"}],"wp:attachment":[{"href":"https:\/\/zenkit.com\/pt-br\/wp-json\/wp\/v2\/media?parent=139644"}],"curies":[{"name":"wp","href":"https:\/\/api.w.org\/{rel}","templated":true}]}}