{"id":139683,"date":"2025-09-09T16:21:51","date_gmt":"2025-09-09T14:21:51","guid":{"rendered":"https:\/\/zenkit.com\/?page_id=139683"},"modified":"2025-11-03T08:13:16","modified_gmt":"2025-11-03T07:13:16","slug":"solutions","status":"publish","type":"page","link":"https:\/\/zenkit.com\/pt-br\/solutions\/","title":{"rendered":"Solu\u00e7\u00f5es"},"content":{"rendered":"\n<div class=\"wp-block-group has-global-padding is-layout-constrained wp-block-group-is-layout-constrained\">\n<div class=\"wp-block-group width--950 has-global-padding is-layout-constrained wp-block-group-is-layout-constrained\">\n<div style=\"height:45px;--tablet-height:45px;--mobile-height:16px\" class=\"wp-block-lookeen-blocks-responsive-spacer\"><\/div>\n\n\n\n<div class=\"wp-block-group has-global-padding is-layout-constrained wp-block-group-is-layout-constrained\">\n<h1 class=\"wp-block-heading has-text-align-center\" style=\"margin-bottom:8px\">Solu\u00e7\u00f5es<\/h1>\n<\/div>\n\n\n\n<div class=\"wp-block-group has-global-padding is-layout-constrained wp-block-group-is-layout-constrained\">\n<p class=\"has-text-align-center subheading\">Zenkit pode suportar e digitalizar quase qualquer fluxo de trabalho e metodologia de colabora\u00e7\u00e3o.<\/p>\n<\/div>\n\n\n\n<div style=\"height:48px;--tablet-height:36px;--mobile-height:24px\" class=\"wp-block-lookeen-blocks-responsive-spacer\"><\/div>\n<\/div>\n<\/div>\n\n\n\n<div class=\"wp-block-group has-global-padding is-layout-constrained wp-block-group-is-layout-constrained\">\n<div class=\"wp-block-group three-column-grid has-global-padding is-layout-constrained wp-block-group-is-layout-constrained\">\n<div class=\"wp-block-group is-style-da-box-shadow pd-m-25-20 has-global-padding is-layout-constrained wp-container-core-group-is-layout-72f895da wp-block-group-is-layout-constrained\" style=\"border-radius:20px;padding-top:35px;padding-right:40px;padding-bottom:35px;padding-left:40px\">\n<h3 class=\"wp-block-heading has-text-align-center\" style=\"margin-bottom:8px\">Gerenciamento de Projetos<\/h3>\n\n\n\n<p class=\"has-text-align-center\" style=\"margin-top:0px\">Construa a solu\u00e7\u00e3o de gerenciamento de projetos perfeita com Zenkit. Monitore progressos, colabore com sua equipe e entregue seus projetos dentro do prazo.<\/p>\n\n\n\n<p class=\"has-text-align-center\"><a href=\"https:\/\/zenkit.com\/pt-br\/solutions\/gerenciamento-de-projetos\/\" data-type=\"link\" data-id=\"https:\/\/zenkit.com\/pt-br\/solutions\/gerenciamento-de-projetos\/\">Leia mais<\/a><\/p>\n<\/div>\n\n\n\n<div class=\"wp-block-group is-style-da-box-shadow pd-m-25-20 has-global-padding is-layout-constrained wp-container-core-group-is-layout-72f895da wp-block-group-is-layout-constrained\" style=\"border-radius:20px;padding-top:35px;padding-right:40px;padding-bottom:35px;padding-left:40px\">\n<h3 class=\"wp-block-heading has-text-align-center\" style=\"margin-bottom:8px\">Projetos \u00c1geis<\/h3>\n\n\n\n<p class=\"has-text-align-center\" style=\"margin-top:0px\">Use Zenkit para gerir seus projetos \u00e1geis. Gerencie tarefas em atraso, sprints, epics, hist\u00f3rias de usu\u00e1rios e muito mais.<\/p>\n\n\n\n<p class=\"has-text-align-center\"><a href=\"https:\/\/zenkit.com\/pt-br\/solutions\/gerenciamento-de-projetos\/\" data-type=\"link\" data-id=\"https:\/\/zenkit.com\/pt-br\/solutions\/gerenciamento-de-projetos\/\">Leia mais<\/a><\/p>\n<\/div>\n\n\n\n<div class=\"wp-block-group is-style-da-box-shadow pd-m-25-20 has-global-padding is-layout-constrained wp-container-core-group-is-layout-72f895da wp-block-group-is-layout-constrained\" style=\"border-radius:20px;padding-top:35px;padding-right:40px;padding-bottom:35px;padding-left:40px\">\n<h3 class=\"wp-block-heading has-text-align-center\" style=\"margin-bottom:8px\">Transforma\u00e7\u00e3o Digital<\/h3>\n\n\n\n<p class=\"has-text-align-center\" style=\"margin-top:0px\">Zenkit \u00e9 um novo tipo de software que te permite construir um g\u00eameo digital para o processo de sua organiza\u00e7\u00e3o e fluxo de trabalho. Construa seu g\u00eameo digital hoje.<\/p>\n\n\n\n<p class=\"has-text-align-center\"><a href=\"https:\/\/zenkit.com\/pt-br\/gemeo-digital\/\" data-type=\"link\" data-id=\"https:\/\/zenkit.com\/pt-br\/gemeo-digital\/\">Leia mais<\/a><\/p>\n<\/div>\n\n\n\n<div class=\"wp-block-group is-style-da-box-shadow pd-m-25-20 has-global-padding is-layout-constrained wp-container-core-group-is-layout-72f895da wp-block-group-is-layout-constrained\" style=\"border-radius:20px;padding-top:35px;padding-right:40px;padding-bottom:35px;padding-left:40px\">\n<h3 class=\"wp-block-heading has-text-align-center\" style=\"margin-bottom:8px\">Kanban<\/h3>\n\n\n\n<p class=\"has-text-align-center\" style=\"margin-top:0px\">Monitore progressos de forma visual com o quadro Kanban em um instante. Use as raias e linhas para obter uma vis\u00e3o geral limpa de seus projetos.<\/p>\n\n\n\n<p class=\"has-text-align-center\"><a href=\"https:\/\/zenkit.com\/pt-br\/solutions\/kanban\/\" data-type=\"link\" data-id=\"https:\/\/zenkit.com\/pt-br\/solutions\/kanban\/\">Leia mais<\/a><\/p>\n<\/div>\n\n\n\n<div class=\"wp-block-group is-style-da-box-shadow pd-m-25-20 has-global-padding is-layout-constrained wp-container-core-group-is-layout-72f895da wp-block-group-is-layout-constrained\" style=\"border-radius:20px;padding-top:35px;padding-right:40px;padding-bottom:35px;padding-left:40px\">\n<h3 class=\"wp-block-heading has-text-align-center\" style=\"margin-bottom:8px\">Gerenciamento de tarefas<\/h3>\n\n\n\n<p class=\"has-text-align-center\" style=\"margin-top:0px\">Monitore tarefas pessoais, defina um fluxo de trabalho GTD, ou crie um planejamento familiar. Nenhuma tarefa \u00e9 grande demais ou pequena demais.<\/p>\n\n\n\n<p class=\"has-text-align-center\"><a href=\"https:\/\/zenkit.com\/pt-br\/solutions\/kanban\/\" data-type=\"link\" data-id=\"https:\/\/zenkit.com\/pt-br\/solutions\/kanban\/\">Leia mais<\/a><\/p>\n<\/div>\n\n\n\n<div class=\"wp-block-group is-style-da-box-shadow pd-m-25-20 has-global-padding is-layout-constrained wp-container-core-group-is-layout-72f895da wp-block-group-is-layout-constrained\" style=\"border-radius:20px;padding-top:35px;padding-right:40px;padding-bottom:35px;padding-left:40px\">\n<h3 class=\"wp-block-heading has-text-align-center\" style=\"margin-bottom:8px\">Gr\u00e1ficos Gantt<\/h3>\n\n\n\n<p class=\"has-text-align-center\" style=\"margin-top:0px\">Agende e monitore projetos complexos em uma linha do tempo limpa, com atrasos e adiamentos, marcos de projetos, caminhos cr\u00edticos e muito mais.<\/p>\n\n\n\n<p class=\"has-text-align-center\"><a href=\"https:\/\/zenkit.com\/pt-br\/solutions\/graficos-de-gantt\/\" data-type=\"link\" data-id=\"https:\/\/zenkit.com\/pt-br\/solutions\/graficos-de-gantt\/\">Leia mais<\/a><\/p>\n<\/div>\n\n\n\n<div class=\"wp-block-group is-style-da-box-shadow pd-m-25-20 has-global-padding is-layout-constrained wp-container-core-group-is-layout-72f895da wp-block-group-is-layout-constrained\" style=\"border-radius:20px;padding-top:35px;padding-right:40px;padding-bottom:35px;padding-left:40px\">\n<h3 class=\"wp-block-heading has-text-align-center\" style=\"margin-bottom:8px\">Mapa Mental<\/h3>\n\n\n\n<p class=\"has-text-align-center\" style=\"margin-top:0px\">Veja ideias de maneira diferente, brainstorm de forma eficaz e fa\u00e7a conex\u00f5es. Use mapas mentais para trazer um pensamento claro e criativo para sua equipe.<\/p>\n\n\n\n<p class=\"has-text-align-center\"><a href=\"https:\/\/zenkit.com\/pt-br\/solutions\/mind-map\/\" data-type=\"link\" data-id=\"https:\/\/zenkit.com\/pt-br\/solutions\/mind-map\/\">Leia mais<\/a><\/p>\n<\/div>\n<\/div>\n<\/div>\n\n\n\n<div style=\"height:88px;--tablet-height:72px;--mobile-height:36px\" class=\"wp-block-lookeen-blocks-responsive-spacer\"><\/div>\n\n\n\n<div class=\"wp-block-group has-global-padding is-layout-constrained wp-block-group-is-layout-constrained\">\n<div class=\"wp-block-group width--950 has-global-padding is-layout-constrained wp-block-group-is-layout-constrained\">\n<div style=\"height:45px;--tablet-height:45px;--mobile-height:16px\" class=\"wp-block-lookeen-blocks-responsive-spacer\"><\/div>\n\n\n\n<div class=\"wp-block-group has-global-padding is-layout-constrained wp-block-group-is-layout-constrained\">\n<h2 class=\"wp-block-heading has-text-align-center display-h1\" style=\"margin-bottom:8px\">Quem se beneficia de Zenkit?<\/h2>\n<\/div>\n\n\n\n<div class=\"wp-block-group has-global-padding is-layout-constrained wp-block-group-is-layout-constrained\">\n<p class=\"has-text-align-center subheading\">Zenkit pode suportar e digitalizar quase qualquer fluxo de trabalho e metodologia de colabora\u00e7\u00e3o.<\/p>\n<\/div>\n\n\n\n<div style=\"height:48px;--tablet-height:36px;--mobile-height:24px\" class=\"wp-block-lookeen-blocks-responsive-spacer\"><\/div>\n<\/div>\n<\/div>\n\n\n\n<div class=\"wp-block-group has-global-padding is-layout-constrained wp-block-group-is-layout-constrained\">\n<div class=\"wp-block-group three-column-grid has-global-padding is-layout-constrained wp-block-group-is-layout-constrained\">\n<div class=\"wp-block-group is-style-da-box-shadow pd-m-25-20 has-global-padding is-layout-constrained wp-container-core-group-is-layout-72f895da wp-block-group-is-layout-constrained\" style=\"border-radius:20px;padding-top:35px;padding-right:40px;padding-bottom:35px;padding-left:40px\">\n<h3 class=\"wp-block-heading has-text-align-center\" style=\"margin-bottom:8px\">Gerentes de Projetos<\/h3>\n\n\n\n<p class=\"has-text-align-center\" style=\"margin-top:0px\">Acompanhe progresso e recursos, agende e atribua tarefas para qualquer projeto, grande ou pequeno. Construa as ferramentas que voc\u00ea precisa.<\/p>\n\n\n\n<p class=\"has-text-align-center\"><a href=\"https:\/\/zenkit.com\/pt-br\/solutions\/gerenciamento-de-projetos\/\" data-type=\"link\" data-id=\"https:\/\/zenkit.com\/pt-br\/solutions\/gerenciamento-de-projetos\/\">Leia mais<\/a><\/p>\n<\/div>\n\n\n\n<div class=\"wp-block-group is-style-da-box-shadow pd-m-25-20 has-global-padding is-layout-constrained wp-container-core-group-is-layout-72f895da wp-block-group-is-layout-constrained\" style=\"border-radius:20px;padding-top:35px;padding-right:40px;padding-bottom:35px;padding-left:40px\">\n<h3 class=\"wp-block-heading has-text-align-center\" style=\"margin-bottom:8px\">Organiza\u00e7\u00f5es<\/h3>\n\n\n\n<p class=\"has-text-align-center\" style=\"margin-top:0px\">A Transforma\u00e7\u00e3o Digital \u00e9 o passo mais importante para organiza\u00e7\u00f5es de todos os tamanhos. Zenkit permite uma digitaliza\u00e7\u00e3o passo a passo de seus processos e estruturas.<\/p>\n\n\n\n<p class=\"has-text-align-center\"><a href=\"https:\/\/zenkit.com\/pt-br\/gemeo-digital\/\" data-type=\"link\" data-id=\"https:\/\/zenkit.com\/pt-br\/gemeo-digital\/\">Leia mais<\/a><\/p>\n<\/div>\n\n\n\n<div class=\"wp-block-group is-style-da-box-shadow pd-m-25-20 has-global-padding is-layout-constrained wp-container-core-group-is-layout-72f895da wp-block-group-is-layout-constrained\" style=\"border-radius:20px;padding-top:35px;padding-right:40px;padding-bottom:35px;padding-left:40px\">\n<h3 class=\"wp-block-heading has-text-align-center\" style=\"margin-bottom:8px\">Gerentes de Produtos<\/h3>\n\n\n\n<p class=\"has-text-align-center\" style=\"margin-top:0px\">Planeje novos recursos, rastreie bugs, coordene equipes e lance produtos. Leve sua equipe para frente com Zenkit.<\/p>\n\n\n\n<p class=\"has-text-align-center\"><a href=\"https:\/\/zenkit.com\/pt-br\/solutions\/gerenciamento-de-projetos\/\" data-type=\"link\" data-id=\"https:\/\/zenkit.com\/pt-br\/solutions\/gerenciamento-de-projetos\/\">Leia mais<\/a><\/p>\n<\/div>\n\n\n\n<div class=\"wp-block-group is-style-da-box-shadow pd-m-25-20 has-global-padding is-layout-constrained wp-container-core-group-is-layout-72f895da wp-block-group-is-layout-constrained\" style=\"border-radius:20px;padding-top:35px;padding-right:40px;padding-bottom:35px;padding-left:40px\">\n<h3 class=\"wp-block-heading has-text-align-center\" style=\"margin-bottom:8px\">Startups e Empreendedores<\/h3>\n\n\n\n<p class=\"has-text-align-center\" style=\"margin-top:0px\">Fomente a inova\u00e7\u00e3o e colabora\u00e7\u00e3o. Fa\u00e7a seus neg\u00f3cios e sua equipe crescerem com Zenkit.<\/p>\n\n\n\n<p class=\"has-text-align-center\"><a href=\"https:\/\/zenkit.com\/pt-br\/entrepreneurs-startups\/\" data-type=\"link\" data-id=\"https:\/\/zenkit.com\/pt-br\/entrepreneurs-startups\/\">Leia mais<\/a><\/p>\n<\/div>\n\n\n\n<div class=\"wp-block-group is-style-da-box-shadow pd-m-25-20 has-global-padding is-layout-constrained wp-container-core-group-is-layout-72f895da wp-block-group-is-layout-constrained\" style=\"border-radius:20px;padding-top:35px;padding-right:40px;padding-bottom:35px;padding-left:40px\">\n<h3 class=\"wp-block-heading has-text-align-center\" style=\"margin-bottom:8px\">Acelerador de Startups<\/h3>\n\n\n\n<p class=\"has-text-align-center\" style=\"margin-top:0px\">Lance e fa\u00e7a sua companhia crescer com estilo e gerencie novos desafios conforme voc\u00ea evolui. Mantenha sua equipe informada.<\/p>\n\n\n\n<p class=\"has-text-align-center\" style=\"margin-top:0px\"><a href=\"https:\/\/zenkit.com\/pt-br\/entrepreneurs-startups\/\" data-type=\"link\" data-id=\"https:\/\/zenkit.com\/pt-br\/entrepreneurs-startups\/\">Leia mais<\/a><\/p>\n<\/div>\n\n\n\n<div class=\"wp-block-group is-style-da-box-shadow pd-m-25-20 has-global-padding is-layout-constrained wp-container-core-group-is-layout-72f895da wp-block-group-is-layout-constrained\" style=\"border-radius:20px;padding-top:35px;padding-right:40px;padding-bottom:35px;padding-left:40px\">\n<h3 class=\"wp-block-heading has-text-align-center\" style=\"margin-bottom:8px\">Professores e Escolas<\/h3>\n\n\n\n<p class=\"has-text-align-center\" style=\"margin-top:0px\">Desde a administra\u00e7\u00e3o universit\u00e1ria at\u00e9 o planejamento de aulas e planos de estudo, alcance qualquer coisa com Zenkit.<\/p>\n\n\n\n<p class=\"has-text-align-center\"><a href=\"https:\/\/zenkit.com\/pt-br\/zenkit-for-education\/\" data-type=\"link\" data-id=\"https:\/\/zenkit.com\/pt-br\/zenkit-for-education\/\">Leia mais<\/a><\/p>\n<\/div>\n\n\n\n<div class=\"wp-block-group is-style-da-box-shadow pd-m-25-20 has-global-padding is-layout-constrained wp-container-core-group-is-layout-72f895da wp-block-group-is-layout-constrained\" style=\"border-radius:20px;padding-top:35px;padding-right:40px;padding-bottom:35px;padding-left:40px\">\n<h3 class=\"wp-block-heading has-text-align-center\" style=\"margin-bottom:8px\">Universidades e Estudantes<\/h3>\n\n\n\n<p class=\"has-text-align-center\" style=\"margin-top:0px\">Organize seu departamento, planeje aulas, gerencie projetos em grupo, estude para exames ou escreva sua tese online.<\/p>\n\n\n\n<p class=\"has-text-align-center\"><a href=\"https:\/\/zenkit.com\/pt-br\/zenkit-for-education\/\" data-type=\"link\" data-id=\"https:\/\/zenkit.com\/pt-br\/zenkit-for-education\/\">Leia mais<\/a><\/p>\n<\/div>\n\n\n\n<div class=\"wp-block-group is-style-da-box-shadow pd-m-25-20 has-global-padding is-layout-constrained wp-container-core-group-is-layout-72f895da wp-block-group-is-layout-constrained\" style=\"border-radius:20px;padding-top:35px;padding-right:40px;padding-bottom:35px;padding-left:40px\">\n<h3 class=\"wp-block-heading has-text-align-center\" style=\"margin-bottom:8px\">Times de Desenvolvimento \u00c1gil<\/h3>\n\n\n\n<p class=\"has-text-align-center\" style=\"margin-top:0px\">N\u00f3s desenvolvemos Zenkit utilizando Zenkit. Perfeito para rastrear recursos e bugs.<\/p>\n\n\n\n<p class=\"has-text-align-center\"><a href=\"https:\/\/zenkit.com\/pt-br\/solutions\/gerenciamento-de-projetos\/\" data-type=\"link\" data-id=\"https:\/\/zenkit.com\/pt-br\/solutions\/gerenciamento-de-projetos\/\">Leia mais<\/a><\/p>\n<\/div>\n\n\n\n<div class=\"wp-block-group is-style-da-box-shadow pd-m-25-20 has-global-padding is-layout-constrained wp-container-core-group-is-layout-72f895da wp-block-group-is-layout-constrained\" style=\"border-radius:20px;padding-top:35px;padding-right:40px;padding-bottom:35px;padding-left:40px\">\n<h3 class=\"wp-block-heading has-text-align-center\" style=\"margin-bottom:8px\">Planejamento de Eventos<\/h3>\n\n\n\n<p class=\"has-text-align-center\" style=\"margin-top:0px\">Conecte os pontos entre seu pessoal, locais, or\u00e7amentos, convidados, promo\u00e7\u00f5es e muito mais. Planeje qualquer evento, grande ou pequeno.<\/p>\n\n\n\n<p class=\"has-text-align-center\"><a href=\"https:\/\/zenkit.com\/pt-br\/solutions\/event-management\/\" data-type=\"link\" data-id=\"https:\/\/zenkit.com\/pt-br\/solutions\/event-management\/\">Leia mais<\/a><\/p>\n<\/div>\n<\/div>\n<\/div>\n\n\n\n<div style=\"height:110px;--tablet-height:60px;--mobile-height:48px\" class=\"wp-block-lookeen-blocks-responsive-spacer\"><\/div>\n","protected":false},"excerpt":{"rendered":"<p>Solu\u00e7\u00f5es Zenkit pode suportar e digitalizar quase qualquer fluxo de trabalho e metodologia de colabora\u00e7\u00e3o. Gerenciamento de Projetos Construa a solu\u00e7\u00e3o de gerenciamento de projetos perfeita com Zenkit. Monitore progressos, colabore com sua equipe e entregue seus projetos dentro do prazo. Leia mais Projetos \u00c1geis Use Zenkit para gerir seus projetos \u00e1geis. Gerencie tarefas em [&hellip;]<\/p>\n","protected":false},"author":9,"featured_media":0,"parent":0,"menu_order":36,"comment_status":"closed","ping_status":"closed","template":"","meta":{"yasr_overall_rating":0,"yasr_post_is_review":"","yasr_auto_insert_disabled":"","yasr_review_type":"","footnotes":""},"class_list":["post-139683","page","type-page","status-publish","hentry"],"yoast_head":"<!-- This site is optimized with the Yoast SEO plugin v27.3 - https:\/\/yoast.com\/product\/yoast-seo-wordpress\/ -->\n<title>Solu\u00e7\u00f5es | Zenkit<\/title>\n<meta name=\"robots\" content=\"index, follow, max-snippet:-1, max-image-preview:large, max-video-preview:-1\" \/>\n<link rel=\"canonical\" href=\"https:\/\/zenkit.com\/pt-br\/solutions\/\" \/>\n<meta property=\"og:locale\" content=\"pt_BR\" \/>\n<meta property=\"og:type\" content=\"article\" \/>\n<meta property=\"og:title\" content=\"Solu\u00e7\u00f5es | Zenkit\" \/>\n<meta property=\"og:description\" content=\"Solu\u00e7\u00f5es Zenkit pode suportar e digitalizar quase qualquer fluxo de trabalho e metodologia de colabora\u00e7\u00e3o. Gerenciamento de Projetos Construa a solu\u00e7\u00e3o de gerenciamento de projetos perfeita com Zenkit. Monitore progressos, colabore com sua equipe e entregue seus projetos dentro do prazo. Leia mais Projetos \u00c1geis Use Zenkit para gerir seus projetos \u00e1geis. Gerencie tarefas em [&hellip;]\" \/>\n<meta property=\"og:url\" content=\"https:\/\/zenkit.com\/pt-br\/solutions\/\" \/>\n<meta property=\"og:site_name\" content=\"Zenkit\" \/>\n<meta property=\"article:publisher\" content=\"https:\/\/www.facebook.com\/ZenkitHQ\" \/>\n<meta property=\"article:modified_time\" content=\"2025-11-03T07:13:16+00:00\" \/>\n<meta name=\"twitter:card\" content=\"summary_large_image\" \/>\n<meta name=\"twitter:site\" content=\"@ZenkitHQ\" \/>\n<meta name=\"twitter:label1\" content=\"Est. tempo de leitura\" \/>\n\t<meta name=\"twitter:data1\" content=\"2 minutos\" \/>\n<script type=\"application\/ld+json\" class=\"yoast-schema-graph\">{\"@context\":\"https:\\\/\\\/schema.org\",\"@graph\":[{\"@type\":\"WebPage\",\"@id\":\"https:\\\/\\\/zenkit.com\\\/pt-br\\\/solutions\\\/\",\"url\":\"https:\\\/\\\/zenkit.com\\\/pt-br\\\/solutions\\\/\",\"name\":\"Solu\u00e7\u00f5es | Zenkit\",\"isPartOf\":{\"@id\":\"https:\\\/\\\/zenkit.com\\\/pt-br\\\/#website\"},\"datePublished\":\"2025-09-09T14:21:51+00:00\",\"dateModified\":\"2025-11-03T07:13:16+00:00\",\"breadcrumb\":{\"@id\":\"https:\\\/\\\/zenkit.com\\\/pt-br\\\/solutions\\\/#breadcrumb\"},\"inLanguage\":\"pt-BR\",\"potentialAction\":[{\"@type\":\"ReadAction\",\"target\":[\"https:\\\/\\\/zenkit.com\\\/pt-br\\\/solutions\\\/\"]}]},{\"@type\":\"BreadcrumbList\",\"@id\":\"https:\\\/\\\/zenkit.com\\\/pt-br\\\/solutions\\\/#breadcrumb\",\"itemListElement\":[{\"@type\":\"ListItem\",\"position\":1,\"name\":\"Home\",\"item\":\"https:\\\/\\\/zenkit.com\\\/pt-br\\\/\"},{\"@type\":\"ListItem\",\"position\":2,\"name\":\"Solu\u00e7\u00f5es\"}]},{\"@type\":\"WebSite\",\"@id\":\"https:\\\/\\\/zenkit.com\\\/pt-br\\\/#website\",\"url\":\"https:\\\/\\\/zenkit.com\\\/pt-br\\\/\",\"name\":\"Zenkit\",\"description\":\"Zenkit Tagline\",\"potentialAction\":[{\"@type\":\"SearchAction\",\"target\":{\"@type\":\"EntryPoint\",\"urlTemplate\":\"https:\\\/\\\/zenkit.com\\\/pt-br\\\/?s={search_term_string}\"},\"query-input\":{\"@type\":\"PropertyValueSpecification\",\"valueRequired\":true,\"valueName\":\"search_term_string\"}}],\"inLanguage\":\"pt-BR\"},false]}<\/script>\n<!-- \/ Yoast SEO plugin. -->","yoast_head_json":{"title":"Solu\u00e7\u00f5es | Zenkit","robots":{"index":"index","follow":"follow","max-snippet":"max-snippet:-1","max-image-preview":"max-image-preview:large","max-video-preview":"max-video-preview:-1"},"canonical":"https:\/\/zenkit.com\/pt-br\/solutions\/","og_locale":"pt_BR","og_type":"article","og_title":"Solu\u00e7\u00f5es | Zenkit","og_description":"Solu\u00e7\u00f5es Zenkit pode suportar e digitalizar quase qualquer fluxo de trabalho e metodologia de colabora\u00e7\u00e3o. Gerenciamento de Projetos Construa a solu\u00e7\u00e3o de gerenciamento de projetos perfeita com Zenkit. Monitore progressos, colabore com sua equipe e entregue seus projetos dentro do prazo. Leia mais Projetos \u00c1geis Use Zenkit para gerir seus projetos \u00e1geis. Gerencie tarefas em [&hellip;]","og_url":"https:\/\/zenkit.com\/pt-br\/solutions\/","og_site_name":"Zenkit","article_publisher":"https:\/\/www.facebook.com\/ZenkitHQ","article_modified_time":"2025-11-03T07:13:16+00:00","twitter_card":"summary_large_image","twitter_site":"@ZenkitHQ","twitter_misc":{"Est. tempo de leitura":"2 minutos"},"schema":{"@context":"https:\/\/schema.org","@graph":[{"@type":"WebPage","@id":"https:\/\/zenkit.com\/pt-br\/solutions\/","url":"https:\/\/zenkit.com\/pt-br\/solutions\/","name":"Solu\u00e7\u00f5es | Zenkit","isPartOf":{"@id":"https:\/\/zenkit.com\/pt-br\/#website"},"datePublished":"2025-09-09T14:21:51+00:00","dateModified":"2025-11-03T07:13:16+00:00","breadcrumb":{"@id":"https:\/\/zenkit.com\/pt-br\/solutions\/#breadcrumb"},"inLanguage":"pt-BR","potentialAction":[{"@type":"ReadAction","target":["https:\/\/zenkit.com\/pt-br\/solutions\/"]}]},{"@type":"BreadcrumbList","@id":"https:\/\/zenkit.com\/pt-br\/solutions\/#breadcrumb","itemListElement":[{"@type":"ListItem","position":1,"name":"Home","item":"https:\/\/zenkit.com\/pt-br\/"},{"@type":"ListItem","position":2,"name":"Solu\u00e7\u00f5es"}]},{"@type":"WebSite","@id":"https:\/\/zenkit.com\/pt-br\/#website","url":"https:\/\/zenkit.com\/pt-br\/","name":"Zenkit","description":"Zenkit Tagline","potentialAction":[{"@type":"SearchAction","target":{"@type":"EntryPoint","urlTemplate":"https:\/\/zenkit.com\/pt-br\/?s={search_term_string}"},"query-input":{"@type":"PropertyValueSpecification","valueRequired":true,"valueName":"search_term_string"}}],"inLanguage":"pt-BR"},false]}},"yasr_visitor_votes":{"stars_attributes":{"read_only":false,"span_bottom":false},"number_of_votes":0,"sum_votes":0},"_links":{"self":[{"href":"https:\/\/zenkit.com\/pt-br\/wp-json\/wp\/v2\/pages\/139683","targetHints":{"allow":["GET"]}}],"collection":[{"href":"https:\/\/zenkit.com\/pt-br\/wp-json\/wp\/v2\/pages"}],"about":[{"href":"https:\/\/zenkit.com\/pt-br\/wp-json\/wp\/v2\/types\/page"}],"author":[{"embeddable":true,"href":"https:\/\/zenkit.com\/pt-br\/wp-json\/wp\/v2\/users\/9"}],"replies":[{"embeddable":true,"href":"https:\/\/zenkit.com\/pt-br\/wp-json\/wp\/v2\/comments?post=139683"}],"version-history":[{"count":6,"href":"https:\/\/zenkit.com\/pt-br\/wp-json\/wp\/v2\/pages\/139683\/revisions"}],"predecessor-version":[{"id":151320,"href":"https:\/\/zenkit.com\/pt-br\/wp-json\/wp\/v2\/pages\/139683\/revisions\/151320"}],"wp:attachment":[{"href":"https:\/\/zenkit.com\/pt-br\/wp-json\/wp\/v2\/media?parent=139683"}],"curies":[{"name":"wp","href":"https:\/\/api.w.org\/{rel}","templated":true}]}}