{"id":144980,"date":"2021-12-02T15:38:35","date_gmt":"2021-12-02T14:38:35","guid":{"rendered":"https:\/\/zenkit.com\/integracoes\/clockify\/"},"modified":"2025-11-04T06:53:18","modified_gmt":"2025-11-04T05:53:18","slug":"clockify","status":"publish","type":"page","link":"https:\/\/zenkit.com\/pt-br\/integracoes\/clockify\/","title":{"rendered":"Clockify"},"content":{"rendered":"\n<div style=\"height:45px;--tablet-height:45px;--mobile-height:16px\" class=\"wp-block-lookeen-blocks-responsive-spacer\"><\/div>\n\n\n\n<div class=\"wp-block-group has-global-padding is-layout-constrained wp-block-group-is-layout-constrained\">\n<div class=\"wp-block-columns is-layout-flex wp-container-core-columns-is-layout-467d341d wp-block-columns-is-layout-flex\" id=\"main__integrations\" style=\"margin-top:0px;margin-bottom:0px\">\n<div class=\"wp-block-column side__bar__integrations is-layout-flow wp-block-column-is-layout-flow\" style=\"flex-basis:23%\">\n<h2 class=\"wp-block-heading has-da-blue-color-new has-text-color has-link-color wp-elements-e4c287d74261c7af1932df3197287ce0\" style=\"margin-top:0px;margin-bottom:0px;font-size:16px;line-height:1.5\">Integra\u00e7\u00f5es de Rastreamento de Tempo<\/h2>\n\n\n<nav class=\"is-vertical integrations__menu wp-block-navigation is-layout-flex wp-container-core-navigation-is-layout-5f9f5280 wp-block-navigation-is-layout-flex\" aria-label=\"pt-br-integrations-time-tracking\"><ul class=\"wp-block-navigation__container  is-vertical integrations__menu wp-block-navigation\"><li class=\" wp-block-navigation-item wp-block-navigation-link\"><a class=\"wp-block-navigation-item__content\"  href=\"https:\/\/zenkit.com\/pt-br\/integracoes\/clicktime\/\"><span class=\"wp-block-navigation-item__label\">ClickTime<\/span><\/a><\/li><li class=\" wp-block-navigation-item wp-block-navigation-link\"><a class=\"wp-block-navigation-item__content\"  href=\"https:\/\/zenkit.com\/pt-br\/integracoes\/clockify\/\"><span class=\"wp-block-navigation-item__label\">Clockify<\/span><\/a><\/li><li class=\" wp-block-navigation-item wp-block-navigation-link\"><a class=\"wp-block-navigation-item__content\"  href=\"https:\/\/zenkit.com\/pt-br\/integracoes\/desktime\/\"><span class=\"wp-block-navigation-item__label\">DeskTime<\/span><\/a><\/li><li class=\" wp-block-navigation-item wp-block-navigation-link\"><a class=\"wp-block-navigation-item__content\"  href=\"https:\/\/zenkit.com\/pt-br\/integracoes\/everhour\/\"><span class=\"wp-block-navigation-item__label\">Everhour<\/span><\/a><\/li><li class=\" wp-block-navigation-item wp-block-navigation-link\"><a class=\"wp-block-navigation-item__content\"  href=\"https:\/\/zenkit.com\/pt-br\/integracoes\/pomodoneapp\/\"><span class=\"wp-block-navigation-item__label\">PomoDoneApp<\/span><\/a><\/li><li class=\" wp-block-navigation-item wp-block-navigation-link\"><a class=\"wp-block-navigation-item__content\"  href=\"https:\/\/zenkit.com\/pt-br\/integracoes\/timecamp\/\"><span class=\"wp-block-navigation-item__label\">TimeCamp<\/span><\/a><\/li><li class=\" wp-block-navigation-item wp-block-navigation-link\"><a class=\"wp-block-navigation-item__content\"  href=\"https:\/\/zenkit.com\/pt-br\/integracoes\/time-doctor\/\"><span class=\"wp-block-navigation-item__label\">Time Doctor<\/span><\/a><\/li><li class=\" wp-block-navigation-item wp-block-navigation-link\"><a class=\"wp-block-navigation-item__content\"  href=\"https:\/\/zenkit.com\/pt-br\/integracoes\/tmetric\/\"><span class=\"wp-block-navigation-item__label\">TMetric<\/span><\/a><\/li><li class=\" wp-block-navigation-item wp-block-navigation-link\"><a class=\"wp-block-navigation-item__content\"  href=\"https:\/\/zenkit.com\/pt-br\/integracoes\/toggl-track\/\"><span class=\"wp-block-navigation-item__label\">Toggl Track<\/span><\/a><\/li><\/ul><\/nav><\/div>\n\n\n\n<div class=\"wp-block-column content__integrations is-layout-flow wp-block-column-is-layout-flow\" style=\"flex-basis:77%\">\n<div class=\"wp-block-group has-global-padding is-layout-constrained wp-block-group-is-layout-constrained\">\n<div class=\"wp-block-group title is-layout-flex wp-container-core-group-is-layout-ed4b00df wp-block-group-is-layout-flex\">\n<figure class=\"wp-block-image size-full is-resized\"><img loading=\"lazy\" decoding=\"async\" width=\"1024\" height=\"1024\" src=\"https:\/\/zenkit.com\/wp-content\/uploads\/2025\/07\/clockify-logo.webp\" alt=\"\" class=\"wp-image-117625\" style=\"width:auto;height:46px\" srcset=\"https:\/\/zenkit.com\/wp-content\/uploads\/2025\/07\/clockify-logo.webp 1024w, https:\/\/zenkit.com\/wp-content\/uploads\/2025\/07\/clockify-logo-300x300.webp 300w, https:\/\/zenkit.com\/wp-content\/uploads\/2025\/07\/clockify-logo-150x150.webp 150w, https:\/\/zenkit.com\/wp-content\/uploads\/2025\/07\/clockify-logo-768x768.webp 768w\" sizes=\"auto, (max-width: 1024px) 100vw, 1024px\" \/><\/figure>\n\n\n\n<h1 class=\"wp-block-heading\">Clockify &amp; Zenkit<\/h1>\n<\/div>\n\n\n\n<div class=\"wp-block-group has-global-padding is-layout-constrained wp-block-group-is-layout-constrained\">\n<h3 class=\"wp-block-heading display-h2\">Conecte suas contas Clockify e Zenkit<\/h3>\n\n\n\n<p>Se voc\u00ea usa Zenkit como sua ferramenta de gerenciamento de projetos, rastrear o tempo gasto nas tarefas pode ser de extrema import\u00e2ncia.<\/p>\n\n\n\n<p>A integra\u00e7\u00e3o com Clockify permite que voc\u00ea inicie e pare o rastreador de tempo Clockify diretamente nas suas tarefas Zenkit. Tamb\u00e9m permite que voc\u00ea execute relat\u00f3rios detalhados no Clockify. Essa integra\u00e7\u00e3o pode lhe ajudar a entender claramente onde e quanto tempo voc\u00ea gasta durante todo o projeto.<\/p>\n<\/div>\n<\/div>\n\n\n\n<div style=\"height:48px;--tablet-height:36px;--mobile-height:24px\" class=\"wp-block-lookeen-blocks-responsive-spacer\"><\/div>\n\n\n\n<div class=\"wp-block-group has-global-padding is-layout-constrained wp-block-group-is-layout-constrained\">\n<figure class=\"wp-block-image size-full\"><img loading=\"lazy\" decoding=\"async\" width=\"901\" height=\"524\" src=\"https:\/\/zenkit.com\/wp-content\/uploads\/2025\/07\/Clockify_screenshot-1.webp\" alt=\"Verbinden Sie Ihre Zenkit \u2013 und Clockify-Konten\n\" class=\"wp-image-117646\" srcset=\"https:\/\/zenkit.com\/wp-content\/uploads\/2025\/07\/Clockify_screenshot-1.webp 901w, https:\/\/zenkit.com\/wp-content\/uploads\/2025\/07\/Clockify_screenshot-1-300x174.webp 300w, https:\/\/zenkit.com\/wp-content\/uploads\/2025\/07\/Clockify_screenshot-1-768x447.webp 768w\" sizes=\"auto, (max-width: 901px) 100vw, 901px\" \/><\/figure>\n<\/div>\n\n\n\n<div style=\"height:48px;--tablet-height:36px;--mobile-height:24px\" class=\"wp-block-lookeen-blocks-responsive-spacer\"><\/div>\n\n\n\n<div class=\"wp-block-group has-global-padding is-layout-constrained wp-block-group-is-layout-constrained\">\n<h3 class=\"wp-block-heading display-h2\">Sobre Clockify: Software de Rastreamento de Tempo Gratuito<\/h3>\n\n\n\n<p><a href=\"https:\/\/clockify.me\/\">Clockify<\/a>&nbsp;\u00e9 um rastreador de tempo gratuito e aplicativo de planilhas para equipes de todos os tamanhos. \u00c9 um aplicativo web que funciona em v\u00e1rios dispositivos, pois todo tempo \u00e9 sincronizado online. Ao instalar o Clockify em sua \u00e1rea de trabalho e dispositivos m\u00f3veis, voc\u00ea pode rastrear o tempo de onde for mais conveniente para voc\u00ea pessoalmente. Isto significa que voc\u00ea pode come\u00e7ar a rastrear em seu telefone e continuar em seu computador. Al\u00e9m disso, voc\u00ea pode executar seu relat\u00f3rio de tempo em um painel detalhado, e supervisionar onde e quanto sua equipe tem trabalhado. Crie sua conta gratuita em:&nbsp;<a href=\"https:\/\/clockify.me\/login\">https:\/\/clockify.me\/login<\/a>.<\/p>\n<\/div>\n\n\n\n<div style=\"height:48px;--tablet-height:36px;--mobile-height:24px\" class=\"wp-block-lookeen-blocks-responsive-spacer\"><\/div>\n\n\n\n<div class=\"wp-block-group has-global-padding is-layout-constrained wp-block-group-is-layout-constrained\">\n<h3 class=\"wp-block-heading display-h2\">Sobre Zenkit: Gerenciamento de Projetos Online<\/h3>\n\n\n\n<p><a href=\"https:\/\/zenkit.com\/\">Zenkit<\/a>&nbsp;\u00e9 uma ferramenta de f\u00e1cil utiliza\u00e7\u00e3o, colaborativa para a gest\u00e3o de projetos, construtora de bases de dados, e muito mais. Permite alterar visualiza\u00e7\u00f5es (tabela, lista de tarefas, Kanban, calend\u00e1rio e mapa mental) em um clique. Voc\u00ea pode compartilhar seu trabalho online com Collections publicadas e incorporadas, e construir integra\u00e7\u00f5es com a nossa API documentada. Zenkit \u00e9 suficientemente flex\u00edvel para se adaptar a qualquer fluxo de trabalho e poderoso o suficiente para gerir o seu neg\u00f3cio. Crie sua conta gratuita:&nbsp;<a href=\"https:\/\/app.zenkit.com\/register\">https:\/\/app.zenkit.com\/register<\/a>.<\/p>\n<\/div>\n\n\n\n<div style=\"height:48px;--tablet-height:36px;--mobile-height:24px\" class=\"wp-block-lookeen-blocks-responsive-spacer\"><\/div>\n\n\n\n<div class=\"wp-block-group has-global-padding is-layout-constrained wp-block-group-is-layout-constrained\">\n<h3 class=\"wp-block-heading display-h2\">Como conectar Bookafy e Zenkit?<\/h3>\n\n\n\n<ol class=\"wp-block-list list__style__position-inside\">\n<li><a href=\"https:\/\/clockify.me\/signup\">Cadastre-se<\/a>&nbsp;com uma conta Clockify.<\/li>\n\n\n\n<li>Instale a extens\u00e3o de navegador do Clockify para&nbsp;<a href=\"https:\/\/chrome.google.com\/webstore\/detail\/clockify-time-tracker\/pmjeegjhjdlccodhacdgbgfagbpmccpe\">Chrome<\/a>&nbsp;ou&nbsp;<a href=\"https:\/\/addons.mozilla.org\/en-US\/firefox\/addon\/clockify-time-tracker\/\">Firefox<\/a>.<\/li>\n\n\n\n<li>Temporize a partida ou parada de todas as tarefas do Zenkit.<\/li>\n\n\n\n<li>Execute seu relat\u00f3rio de tempo no Clockify em seguida.<\/li>\n<\/ol>\n<\/div>\n\n\n\n<div style=\"height:48px;--tablet-height:36px;--mobile-height:24px\" class=\"wp-block-lookeen-blocks-responsive-spacer\"><\/div>\n\n\n\n<div class=\"wp-block-group has-global-padding is-layout-constrained wp-block-group-is-layout-constrained\">\n<h3 class=\"wp-block-heading display-h2\">Quem vai se beneficiar com a integra\u00e7\u00e3o Appointlet e Zenkit?<\/h3>\n\n\n\n<ul class=\"wp-block-list is-style-da-left-indent\">\n<li>Pessoas que querem acompanhar o tempo gasto em suas tarefas diretamente pelo Zenkit sem alternar entre diferentes aplicativos.<\/li>\n\n\n\n<li>Gerentes de projeto que desejam ter uma vis\u00e3o clara sobre quanto e onde a equipe gasta seus recursos.<\/li>\n<\/ul>\n<\/div>\n\n\n\n<div style=\"height:48px;--tablet-height:36px;--mobile-height:24px\" class=\"wp-block-lookeen-blocks-responsive-spacer\"><\/div>\n\n\n\n<div class=\"wp-block-group has-global-padding is-layout-constrained wp-block-group-is-layout-constrained\">\n<h3 class=\"wp-block-heading display-h2\">Detalhes Adicionais da Integra\u00e7\u00e3o<\/h3>\n\n\n\n<p>Apoiado por Clockify: Por favor entre em contato com&nbsp;<a href=\"https:\/\/clockify.me\/help\/\">Clockify<\/a>&nbsp;se houver algum problema.<\/p>\n<\/div>\n<\/div>\n<\/div>\n<\/div>\n\n\n\n<div style=\"height:110px;--tablet-height:60px;--mobile-height:48px\" class=\"wp-block-lookeen-blocks-responsive-spacer\"><\/div>\n","protected":false},"excerpt":{"rendered":"<p>Integra\u00e7\u00f5es de Rastreamento de Tempo Clockify &amp; Zenkit Conecte suas contas Clockify e Zenkit Se voc\u00ea usa Zenkit como sua ferramenta de gerenciamento de projetos, rastrear o tempo gasto nas tarefas pode ser de extrema import\u00e2ncia. A integra\u00e7\u00e3o com Clockify permite que voc\u00ea inicie e pare o rastreador de tempo Clockify diretamente nas suas tarefas [&hellip;]<\/p>\n","protected":false},"author":15,"featured_media":0,"parent":144948,"menu_order":15,"comment_status":"closed","ping_status":"closed","template":"","meta":{"yasr_overall_rating":0,"yasr_post_is_review":"","yasr_auto_insert_disabled":"","yasr_review_type":"","footnotes":""},"class_list":["post-144980","page","type-page","status-publish","hentry"],"yoast_head":"<!-- This site is optimized with the Yoast SEO plugin v27.3 - https:\/\/yoast.com\/product\/yoast-seo-wordpress\/ -->\n<title>Clockify Integration in Zenkit Projects<\/title>\n<meta name=\"description\" content=\"Verwenden Sie die Clockify-Zeiterfassung direkt in Ihren Zenkit-Aufgaben und erstellen Sie detaillierte Berichte!\" \/>\n<meta name=\"robots\" content=\"index, follow, max-snippet:-1, max-image-preview:large, max-video-preview:-1\" \/>\n<link rel=\"canonical\" href=\"https:\/\/zenkit.com\/pt-br\/integracoes\/clockify\/\" \/>\n<meta property=\"og:locale\" content=\"pt_BR\" \/>\n<meta property=\"og:type\" content=\"article\" \/>\n<meta property=\"og:title\" content=\"Clockify Integration in Zenkit Projects\" \/>\n<meta property=\"og:description\" content=\"Verwenden Sie die Clockify-Zeiterfassung direkt in Ihren Zenkit-Aufgaben und erstellen Sie detaillierte Berichte!\" \/>\n<meta property=\"og:url\" content=\"https:\/\/zenkit.com\/pt-br\/integracoes\/clockify\/\" \/>\n<meta property=\"og:site_name\" content=\"Zenkit\" \/>\n<meta property=\"article:publisher\" content=\"https:\/\/www.facebook.com\/ZenkitHQ\" \/>\n<meta property=\"article:modified_time\" content=\"2025-11-04T05:53:18+00:00\" \/>\n<meta property=\"og:image\" content=\"https:\/\/zenkit.com\/wp-content\/uploads\/2025\/07\/clockify-logo.webp\" \/>\n<meta name=\"twitter:card\" content=\"summary_large_image\" \/>\n<meta name=\"twitter:site\" content=\"@ZenkitHQ\" \/>\n<meta name=\"twitter:label1\" content=\"Est. tempo de leitura\" \/>\n\t<meta name=\"twitter:data1\" content=\"2 minutos\" \/>\n<script type=\"application\/ld+json\" class=\"yoast-schema-graph\">{\"@context\":\"https:\\\/\\\/schema.org\",\"@graph\":[{\"@type\":\"WebPage\",\"@id\":\"https:\\\/\\\/zenkit.com\\\/pt-br\\\/integracoes\\\/clockify\\\/\",\"url\":\"https:\\\/\\\/zenkit.com\\\/pt-br\\\/integracoes\\\/clockify\\\/\",\"name\":\"Clockify Integration in Zenkit Projects\",\"isPartOf\":{\"@id\":\"https:\\\/\\\/zenkit.com\\\/pt-br\\\/#website\"},\"primaryImageOfPage\":{\"@id\":\"https:\\\/\\\/zenkit.com\\\/pt-br\\\/integracoes\\\/clockify\\\/#primaryimage\"},\"image\":{\"@id\":\"https:\\\/\\\/zenkit.com\\\/pt-br\\\/integracoes\\\/clockify\\\/#primaryimage\"},\"thumbnailUrl\":\"https:\\\/\\\/zenkit.com\\\/wp-content\\\/uploads\\\/2025\\\/07\\\/clockify-logo.webp\",\"datePublished\":\"2021-12-02T14:38:35+00:00\",\"dateModified\":\"2025-11-04T05:53:18+00:00\",\"description\":\"Verwenden Sie die Clockify-Zeiterfassung direkt in Ihren Zenkit-Aufgaben und erstellen Sie detaillierte Berichte!\",\"breadcrumb\":{\"@id\":\"https:\\\/\\\/zenkit.com\\\/pt-br\\\/integracoes\\\/clockify\\\/#breadcrumb\"},\"inLanguage\":\"pt-BR\",\"potentialAction\":[{\"@type\":\"ReadAction\",\"target\":[\"https:\\\/\\\/zenkit.com\\\/pt-br\\\/integracoes\\\/clockify\\\/\"]}]},{\"@type\":\"ImageObject\",\"inLanguage\":\"pt-BR\",\"@id\":\"https:\\\/\\\/zenkit.com\\\/pt-br\\\/integracoes\\\/clockify\\\/#primaryimage\",\"url\":\"https:\\\/\\\/zenkit.com\\\/wp-content\\\/uploads\\\/2025\\\/07\\\/clockify-logo.webp\",\"contentUrl\":\"https:\\\/\\\/zenkit.com\\\/wp-content\\\/uploads\\\/2025\\\/07\\\/clockify-logo.webp\"},{\"@type\":\"BreadcrumbList\",\"@id\":\"https:\\\/\\\/zenkit.com\\\/pt-br\\\/integracoes\\\/clockify\\\/#breadcrumb\",\"itemListElement\":[{\"@type\":\"ListItem\",\"position\":1,\"name\":\"Home\",\"item\":\"https:\\\/\\\/zenkit.com\\\/pt-br\\\/\"},{\"@type\":\"ListItem\",\"position\":2,\"name\":\"Integra\u00e7\u00f5es\",\"item\":\"https:\\\/\\\/zenkit.com\\\/pt-br\\\/integracoes\\\/\"},{\"@type\":\"ListItem\",\"position\":3,\"name\":\"Clockify\"}]},{\"@type\":\"WebSite\",\"@id\":\"https:\\\/\\\/zenkit.com\\\/pt-br\\\/#website\",\"url\":\"https:\\\/\\\/zenkit.com\\\/pt-br\\\/\",\"name\":\"Zenkit\",\"description\":\"Zenkit Tagline\",\"potentialAction\":[{\"@type\":\"SearchAction\",\"target\":{\"@type\":\"EntryPoint\",\"urlTemplate\":\"https:\\\/\\\/zenkit.com\\\/pt-br\\\/?s={search_term_string}\"},\"query-input\":{\"@type\":\"PropertyValueSpecification\",\"valueRequired\":true,\"valueName\":\"search_term_string\"}}],\"inLanguage\":\"pt-BR\"},false]}<\/script>\n<!-- \/ Yoast SEO plugin. -->","yoast_head_json":{"title":"Clockify Integration in Zenkit Projects","description":"Verwenden Sie die Clockify-Zeiterfassung direkt in Ihren Zenkit-Aufgaben und erstellen Sie detaillierte Berichte!","robots":{"index":"index","follow":"follow","max-snippet":"max-snippet:-1","max-image-preview":"max-image-preview:large","max-video-preview":"max-video-preview:-1"},"canonical":"https:\/\/zenkit.com\/pt-br\/integracoes\/clockify\/","og_locale":"pt_BR","og_type":"article","og_title":"Clockify Integration in Zenkit Projects","og_description":"Verwenden Sie die Clockify-Zeiterfassung direkt in Ihren Zenkit-Aufgaben und erstellen Sie detaillierte Berichte!","og_url":"https:\/\/zenkit.com\/pt-br\/integracoes\/clockify\/","og_site_name":"Zenkit","article_publisher":"https:\/\/www.facebook.com\/ZenkitHQ","article_modified_time":"2025-11-04T05:53:18+00:00","og_image":[{"url":"https:\/\/zenkit.com\/wp-content\/uploads\/2025\/07\/clockify-logo.webp","type":"","width":"","height":""}],"twitter_card":"summary_large_image","twitter_site":"@ZenkitHQ","twitter_misc":{"Est. tempo de leitura":"2 minutos"},"schema":{"@context":"https:\/\/schema.org","@graph":[{"@type":"WebPage","@id":"https:\/\/zenkit.com\/pt-br\/integracoes\/clockify\/","url":"https:\/\/zenkit.com\/pt-br\/integracoes\/clockify\/","name":"Clockify Integration in Zenkit Projects","isPartOf":{"@id":"https:\/\/zenkit.com\/pt-br\/#website"},"primaryImageOfPage":{"@id":"https:\/\/zenkit.com\/pt-br\/integracoes\/clockify\/#primaryimage"},"image":{"@id":"https:\/\/zenkit.com\/pt-br\/integracoes\/clockify\/#primaryimage"},"thumbnailUrl":"https:\/\/zenkit.com\/wp-content\/uploads\/2025\/07\/clockify-logo.webp","datePublished":"2021-12-02T14:38:35+00:00","dateModified":"2025-11-04T05:53:18+00:00","description":"Verwenden Sie die Clockify-Zeiterfassung direkt in Ihren Zenkit-Aufgaben und erstellen Sie detaillierte Berichte!","breadcrumb":{"@id":"https:\/\/zenkit.com\/pt-br\/integracoes\/clockify\/#breadcrumb"},"inLanguage":"pt-BR","potentialAction":[{"@type":"ReadAction","target":["https:\/\/zenkit.com\/pt-br\/integracoes\/clockify\/"]}]},{"@type":"ImageObject","inLanguage":"pt-BR","@id":"https:\/\/zenkit.com\/pt-br\/integracoes\/clockify\/#primaryimage","url":"https:\/\/zenkit.com\/wp-content\/uploads\/2025\/07\/clockify-logo.webp","contentUrl":"https:\/\/zenkit.com\/wp-content\/uploads\/2025\/07\/clockify-logo.webp"},{"@type":"BreadcrumbList","@id":"https:\/\/zenkit.com\/pt-br\/integracoes\/clockify\/#breadcrumb","itemListElement":[{"@type":"ListItem","position":1,"name":"Home","item":"https:\/\/zenkit.com\/pt-br\/"},{"@type":"ListItem","position":2,"name":"Integra\u00e7\u00f5es","item":"https:\/\/zenkit.com\/pt-br\/integracoes\/"},{"@type":"ListItem","position":3,"name":"Clockify"}]},{"@type":"WebSite","@id":"https:\/\/zenkit.com\/pt-br\/#website","url":"https:\/\/zenkit.com\/pt-br\/","name":"Zenkit","description":"Zenkit Tagline","potentialAction":[{"@type":"SearchAction","target":{"@type":"EntryPoint","urlTemplate":"https:\/\/zenkit.com\/pt-br\/?s={search_term_string}"},"query-input":{"@type":"PropertyValueSpecification","valueRequired":true,"valueName":"search_term_string"}}],"inLanguage":"pt-BR"},false]}},"yasr_visitor_votes":{"stars_attributes":{"read_only":false,"span_bottom":false},"number_of_votes":0,"sum_votes":0},"_links":{"self":[{"href":"https:\/\/zenkit.com\/pt-br\/wp-json\/wp\/v2\/pages\/144980","targetHints":{"allow":["GET"]}}],"collection":[{"href":"https:\/\/zenkit.com\/pt-br\/wp-json\/wp\/v2\/pages"}],"about":[{"href":"https:\/\/zenkit.com\/pt-br\/wp-json\/wp\/v2\/types\/page"}],"author":[{"embeddable":true,"href":"https:\/\/zenkit.com\/pt-br\/wp-json\/wp\/v2\/users\/15"}],"replies":[{"embeddable":true,"href":"https:\/\/zenkit.com\/pt-br\/wp-json\/wp\/v2\/comments?post=144980"}],"version-history":[{"count":2,"href":"https:\/\/zenkit.com\/pt-br\/wp-json\/wp\/v2\/pages\/144980\/revisions"}],"predecessor-version":[{"id":150477,"href":"https:\/\/zenkit.com\/pt-br\/wp-json\/wp\/v2\/pages\/144980\/revisions\/150477"}],"up":[{"embeddable":true,"href":"https:\/\/zenkit.com\/pt-br\/wp-json\/wp\/v2\/pages\/144948"}],"wp:attachment":[{"href":"https:\/\/zenkit.com\/pt-br\/wp-json\/wp\/v2\/media?parent=144980"}],"curies":[{"name":"wp","href":"https:\/\/api.w.org\/{rel}","templated":true}]}}