{"id":144996,"date":"2022-08-31T09:12:24","date_gmt":"2022-08-31T07:12:24","guid":{"rendered":"https:\/\/zenkit.com\/integracoes\/evernote\/"},"modified":"2025-11-04T06:53:18","modified_gmt":"2025-11-04T05:53:18","slug":"evernote","status":"publish","type":"page","link":"https:\/\/zenkit.com\/pt-br\/integracoes\/evernote\/","title":{"rendered":"Evernote"},"content":{"rendered":"\n<div style=\"height:45px;--tablet-height:45px;--mobile-height:16px\" class=\"wp-block-lookeen-blocks-responsive-spacer\"><\/div>\n\n\n\n<div class=\"wp-block-group has-global-padding is-layout-constrained wp-block-group-is-layout-constrained\">\n<div class=\"wp-block-columns is-layout-flex wp-container-core-columns-is-layout-467d341d wp-block-columns-is-layout-flex\" id=\"main__integrations\" style=\"margin-top:0px;margin-bottom:0px\">\n<div class=\"wp-block-column side__bar__integrations is-layout-flow wp-block-column-is-layout-flow\" style=\"flex-basis:23%\">\n<h2 class=\"wp-block-heading has-da-blue-color-new has-text-color has-link-color wp-elements-00d1189483583b2b49f86acc78bfdbd5\" style=\"margin-top:0px;margin-bottom:0px;font-size:16px;line-height:1.5\">Outras Integra\u00e7\u00f5es<\/h2>\n\n\n<nav class=\"is-vertical integrations__menu wp-block-navigation is-layout-flex wp-container-core-navigation-is-layout-5f9f5280 wp-block-navigation-is-layout-flex\" aria-label=\"pt-br-integrations-other\"><ul class=\"wp-block-navigation__container  is-vertical integrations__menu wp-block-navigation\"><li class=\" wp-block-navigation-item wp-block-navigation-link\"><a class=\"wp-block-navigation-item__content\"  href=\"https:\/\/zenkit.com\/pt-br\/integracoes\/deskmoz\/\"><span class=\"wp-block-navigation-item__label\">DeskMoz<\/span><\/a><\/li><li class=\" wp-block-navigation-item wp-block-navigation-link\"><a class=\"wp-block-navigation-item__content\"  href=\"https:\/\/zenkit.com\/pt-br\/integracoes\/evernote\/\"><span class=\"wp-block-navigation-item__label\">Evernote<\/span><\/a><\/li><li class=\" wp-block-navigation-item wp-block-navigation-link\"><a class=\"wp-block-navigation-item__content\"  href=\"https:\/\/zenkit.com\/pt-br\/integracoes\/magic-minutes\/\"><span class=\"wp-block-navigation-item__label\">Magic Minutes<\/span><\/a><\/li><li class=\" wp-block-navigation-item wp-block-navigation-link\"><a class=\"wp-block-navigation-item__content\"  href=\"https:\/\/zenkit.com\/pt-br\/integracoes\/pdffiller\/\"><span class=\"wp-block-navigation-item__label\">PDFfiller<\/span><\/a><\/li><li class=\" wp-block-navigation-item wp-block-navigation-link\"><a class=\"wp-block-navigation-item__content\"  href=\"https:\/\/zenkit.com\/pt-br\/integracoes\/integrately\/\"><span class=\"wp-block-navigation-item__label\">+500 via Integrately<\/span><\/a><\/li><\/ul><\/nav><\/div>\n\n\n\n<div class=\"wp-block-column content__integrations is-layout-flow wp-block-column-is-layout-flow\" style=\"flex-basis:77%\">\n<div class=\"wp-block-group has-global-padding is-layout-constrained wp-block-group-is-layout-constrained\">\n<div class=\"wp-block-group title is-layout-flex wp-container-core-group-is-layout-ed4b00df wp-block-group-is-layout-flex\">\n<figure class=\"wp-block-image size-full is-resized\"><img loading=\"lazy\" decoding=\"async\" width=\"360\" height=\"360\" src=\"https:\/\/zenkit.com\/wp-content\/uploads\/2025\/07\/evernote-logo.webp\" alt=\"Evernote logo\" class=\"wp-image-118406\" style=\"width:auto;height:46px\" srcset=\"https:\/\/zenkit.com\/wp-content\/uploads\/2025\/07\/evernote-logo.webp 360w, https:\/\/zenkit.com\/wp-content\/uploads\/2025\/07\/evernote-logo-300x300.webp 300w, https:\/\/zenkit.com\/wp-content\/uploads\/2025\/07\/evernote-logo-150x150.webp 150w\" sizes=\"auto, (max-width: 360px) 100vw, 360px\" \/><\/figure>\n\n\n\n<h1 class=\"wp-block-heading\">Evernote &amp; Zenkit<\/h1>\n<\/div>\n\n\n\n<div class=\"wp-block-group has-global-padding is-layout-constrained wp-block-group-is-layout-constrained\">\n<h2 class=\"wp-block-heading display-h2\">Junte-se ao Zenkit com o Evernote para atuar nas notas enquanto voc\u00ea as cria.<\/h2>\n\n\n\n<p>Essa integra\u00e7\u00e3o do Zapier liga o Evernote ao Zenkit, para que voc\u00ea possa atuar nas notas do Evernote assim que as criar. Envie notas para o Zenkit como Items, ou seja lembrado no Zenkit sobre as pr\u00f3ximas tarefas do Evernote.<\/p>\n<\/div>\n<\/div>\n\n\n\n<div style=\"height:48px;--tablet-height:36px;--mobile-height:24px\" class=\"wp-block-lookeen-blocks-responsive-spacer\"><\/div>\n\n\n\n<div class=\"wp-block-group has-global-padding is-layout-constrained wp-block-group-is-layout-constrained\">\n<h3 class=\"wp-block-heading display-h2\">Conecte o Evernote com o Zenkit<\/h3>\n\n\n\n<ol class=\"wp-block-list list__style__position-inside\">\n<li><a href=\"https:\/\/zapier.com\/sign-up\/\">Cadastre<\/a>\u00a0uma conta Zapier para ter acesso ao Zapier.<\/li>\n\n\n\n<li><a href=\"https:\/\/www.evernote.com\/\">Cadastre<\/a>\u00a0uma conta do Evernote para come\u00e7ar a criar notas, cadernos e lembretes.<\/li>\n\n\n\n<li>Entre no Zapier e v\u00e1 para o\u00a0<a href=\"https:\/\/zapier.com\/zapbook\/zenkit\/evernote\">Zenkit + Evernote Zapbook<\/a>\u00a0para encontrar os modelos Zap.<\/li>\n\n\n\n<li>Ou opte por criar sua pr\u00f3pria integra\u00e7\u00e3o com o Zenkit e o Evernote, selecionando-os ao criar um zap.<\/li>\n<\/ol>\n\n\n\n<div id=\"zapierEmbedEvernote\"><\/div>\n<script type=\"text\/javascript\" src=\"https:\/\/zapier.com\/zapbook\/embed\/widget.js?guided_zaps=15876,15710&#038;html_id=zapierEmbedEvernote\"><\/script>\n<\/div>\n\n\n\n<div style=\"height:48px;--tablet-height:36px;--mobile-height:24px\" class=\"wp-block-lookeen-blocks-responsive-spacer\"><\/div>\n\n\n\n<div class=\"wp-block-group has-global-padding is-layout-constrained wp-block-group-is-layout-constrained\">\n<h3 class=\"wp-block-heading display-h2\">Suporte<\/h3>\n\n\n\n<p>Essa integra\u00e7\u00e3o \u00e9 suportada pelo Zapier. Se voc\u00ea tiver algum problema, entre em&nbsp;<a href=\"https:\/\/zapier.com\/help\/contact-us\/\">contato<\/a>&nbsp;com o suporte da Zapier. Para mais informa\u00e7\u00f5es sobre como usar o Zenkit com o Zapier, leia nossa&nbsp;<a href=\"https:\/\/zenkit.com\/documentation#\/lists\/HJQBQ1Hw\/sections\/SJYE55zA\/entries\/BJGOKQtA?_k=hyyynn\">documenta\u00e7\u00e3o<\/a>.<\/p>\n<\/div>\n<\/div>\n<\/div>\n<\/div>\n\n\n\n<div style=\"height:110px;--tablet-height:60px;--mobile-height:48px\" class=\"wp-block-lookeen-blocks-responsive-spacer\"><\/div>\n","protected":false},"excerpt":{"rendered":"<p>Outras Integra\u00e7\u00f5es Evernote &amp; Zenkit Junte-se ao Zenkit com o Evernote para atuar nas notas enquanto voc\u00ea as cria. Essa integra\u00e7\u00e3o do Zapier liga o Evernote ao Zenkit, para que voc\u00ea possa atuar nas notas do Evernote assim que as criar. Envie notas para o Zenkit como Items, ou seja lembrado no Zenkit sobre as [&hellip;]<\/p>\n","protected":false},"author":15,"featured_media":0,"parent":144948,"menu_order":19,"comment_status":"closed","ping_status":"closed","template":"","meta":{"yasr_overall_rating":0,"yasr_post_is_review":"","yasr_auto_insert_disabled":"","yasr_review_type":"","footnotes":""},"class_list":["post-144996","page","type-page","status-publish","hentry"],"yoast_head":"<!-- This site is optimized with the Yoast SEO plugin v27.3 - https:\/\/yoast.com\/product\/yoast-seo-wordpress\/ -->\n<title>Notizen mit der Zenkit Projects-Integration in Evernote<\/title>\n<meta name=\"description\" content=\"Nutzen Sie die Evernote und Zenkit Integration, um Ihre Evernote Notizen direkt in Zenkit Projects zu bearbeiten.\" \/>\n<meta name=\"robots\" content=\"index, follow, max-snippet:-1, max-image-preview:large, max-video-preview:-1\" \/>\n<link rel=\"canonical\" href=\"https:\/\/zenkit.com\/pt-br\/integracoes\/evernote\/\" \/>\n<meta property=\"og:locale\" content=\"pt_BR\" \/>\n<meta property=\"og:type\" content=\"article\" \/>\n<meta property=\"og:title\" content=\"Notizen mit der Zenkit Projects-Integration in Evernote\" \/>\n<meta property=\"og:description\" content=\"Nutzen Sie die Evernote und Zenkit Integration, um Ihre Evernote Notizen direkt in Zenkit Projects zu bearbeiten.\" \/>\n<meta property=\"og:url\" content=\"https:\/\/zenkit.com\/pt-br\/integracoes\/evernote\/\" \/>\n<meta property=\"og:site_name\" content=\"Zenkit\" \/>\n<meta property=\"article:publisher\" content=\"https:\/\/www.facebook.com\/ZenkitHQ\" \/>\n<meta property=\"article:modified_time\" content=\"2025-11-04T05:53:18+00:00\" \/>\n<meta property=\"og:image\" content=\"https:\/\/zenkit.com\/wp-content\/uploads\/2025\/07\/evernote-logo.webp\" \/>\n<meta name=\"twitter:card\" content=\"summary_large_image\" \/>\n<meta name=\"twitter:site\" content=\"@ZenkitHQ\" \/>\n<meta name=\"twitter:label1\" content=\"Est. tempo de leitura\" \/>\n\t<meta name=\"twitter:data1\" content=\"1 minuto\" \/>\n<script type=\"application\/ld+json\" class=\"yoast-schema-graph\">{\"@context\":\"https:\\\/\\\/schema.org\",\"@graph\":[{\"@type\":\"WebPage\",\"@id\":\"https:\\\/\\\/zenkit.com\\\/pt-br\\\/integracoes\\\/evernote\\\/\",\"url\":\"https:\\\/\\\/zenkit.com\\\/pt-br\\\/integracoes\\\/evernote\\\/\",\"name\":\"Notizen mit der Zenkit Projects-Integration in Evernote\",\"isPartOf\":{\"@id\":\"https:\\\/\\\/zenkit.com\\\/pt-br\\\/#website\"},\"primaryImageOfPage\":{\"@id\":\"https:\\\/\\\/zenkit.com\\\/pt-br\\\/integracoes\\\/evernote\\\/#primaryimage\"},\"image\":{\"@id\":\"https:\\\/\\\/zenkit.com\\\/pt-br\\\/integracoes\\\/evernote\\\/#primaryimage\"},\"thumbnailUrl\":\"https:\\\/\\\/zenkit.com\\\/wp-content\\\/uploads\\\/2025\\\/07\\\/evernote-logo.webp\",\"datePublished\":\"2022-08-31T07:12:24+00:00\",\"dateModified\":\"2025-11-04T05:53:18+00:00\",\"description\":\"Nutzen Sie die Evernote und Zenkit Integration, um Ihre Evernote Notizen direkt in Zenkit Projects zu bearbeiten.\",\"breadcrumb\":{\"@id\":\"https:\\\/\\\/zenkit.com\\\/pt-br\\\/integracoes\\\/evernote\\\/#breadcrumb\"},\"inLanguage\":\"pt-BR\",\"potentialAction\":[{\"@type\":\"ReadAction\",\"target\":[\"https:\\\/\\\/zenkit.com\\\/pt-br\\\/integracoes\\\/evernote\\\/\"]}]},{\"@type\":\"ImageObject\",\"inLanguage\":\"pt-BR\",\"@id\":\"https:\\\/\\\/zenkit.com\\\/pt-br\\\/integracoes\\\/evernote\\\/#primaryimage\",\"url\":\"https:\\\/\\\/zenkit.com\\\/wp-content\\\/uploads\\\/2025\\\/07\\\/evernote-logo.webp\",\"contentUrl\":\"https:\\\/\\\/zenkit.com\\\/wp-content\\\/uploads\\\/2025\\\/07\\\/evernote-logo.webp\"},{\"@type\":\"BreadcrumbList\",\"@id\":\"https:\\\/\\\/zenkit.com\\\/pt-br\\\/integracoes\\\/evernote\\\/#breadcrumb\",\"itemListElement\":[{\"@type\":\"ListItem\",\"position\":1,\"name\":\"Home\",\"item\":\"https:\\\/\\\/zenkit.com\\\/pt-br\\\/\"},{\"@type\":\"ListItem\",\"position\":2,\"name\":\"Integra\u00e7\u00f5es\",\"item\":\"https:\\\/\\\/zenkit.com\\\/pt-br\\\/integracoes\\\/\"},{\"@type\":\"ListItem\",\"position\":3,\"name\":\"Evernote\"}]},{\"@type\":\"WebSite\",\"@id\":\"https:\\\/\\\/zenkit.com\\\/pt-br\\\/#website\",\"url\":\"https:\\\/\\\/zenkit.com\\\/pt-br\\\/\",\"name\":\"Zenkit\",\"description\":\"Zenkit Tagline\",\"potentialAction\":[{\"@type\":\"SearchAction\",\"target\":{\"@type\":\"EntryPoint\",\"urlTemplate\":\"https:\\\/\\\/zenkit.com\\\/pt-br\\\/?s={search_term_string}\"},\"query-input\":{\"@type\":\"PropertyValueSpecification\",\"valueRequired\":true,\"valueName\":\"search_term_string\"}}],\"inLanguage\":\"pt-BR\"},false]}<\/script>\n<!-- \/ Yoast SEO plugin. -->","yoast_head_json":{"title":"Notizen mit der Zenkit Projects-Integration in Evernote","description":"Nutzen Sie die Evernote und Zenkit Integration, um Ihre Evernote Notizen direkt in Zenkit Projects zu bearbeiten.","robots":{"index":"index","follow":"follow","max-snippet":"max-snippet:-1","max-image-preview":"max-image-preview:large","max-video-preview":"max-video-preview:-1"},"canonical":"https:\/\/zenkit.com\/pt-br\/integracoes\/evernote\/","og_locale":"pt_BR","og_type":"article","og_title":"Notizen mit der Zenkit Projects-Integration in Evernote","og_description":"Nutzen Sie die Evernote und Zenkit Integration, um Ihre Evernote Notizen direkt in Zenkit Projects zu bearbeiten.","og_url":"https:\/\/zenkit.com\/pt-br\/integracoes\/evernote\/","og_site_name":"Zenkit","article_publisher":"https:\/\/www.facebook.com\/ZenkitHQ","article_modified_time":"2025-11-04T05:53:18+00:00","og_image":[{"url":"https:\/\/zenkit.com\/wp-content\/uploads\/2025\/07\/evernote-logo.webp","type":"","width":"","height":""}],"twitter_card":"summary_large_image","twitter_site":"@ZenkitHQ","twitter_misc":{"Est. tempo de leitura":"1 minuto"},"schema":{"@context":"https:\/\/schema.org","@graph":[{"@type":"WebPage","@id":"https:\/\/zenkit.com\/pt-br\/integracoes\/evernote\/","url":"https:\/\/zenkit.com\/pt-br\/integracoes\/evernote\/","name":"Notizen mit der Zenkit Projects-Integration in Evernote","isPartOf":{"@id":"https:\/\/zenkit.com\/pt-br\/#website"},"primaryImageOfPage":{"@id":"https:\/\/zenkit.com\/pt-br\/integracoes\/evernote\/#primaryimage"},"image":{"@id":"https:\/\/zenkit.com\/pt-br\/integracoes\/evernote\/#primaryimage"},"thumbnailUrl":"https:\/\/zenkit.com\/wp-content\/uploads\/2025\/07\/evernote-logo.webp","datePublished":"2022-08-31T07:12:24+00:00","dateModified":"2025-11-04T05:53:18+00:00","description":"Nutzen Sie die Evernote und Zenkit Integration, um Ihre Evernote Notizen direkt in Zenkit Projects zu bearbeiten.","breadcrumb":{"@id":"https:\/\/zenkit.com\/pt-br\/integracoes\/evernote\/#breadcrumb"},"inLanguage":"pt-BR","potentialAction":[{"@type":"ReadAction","target":["https:\/\/zenkit.com\/pt-br\/integracoes\/evernote\/"]}]},{"@type":"ImageObject","inLanguage":"pt-BR","@id":"https:\/\/zenkit.com\/pt-br\/integracoes\/evernote\/#primaryimage","url":"https:\/\/zenkit.com\/wp-content\/uploads\/2025\/07\/evernote-logo.webp","contentUrl":"https:\/\/zenkit.com\/wp-content\/uploads\/2025\/07\/evernote-logo.webp"},{"@type":"BreadcrumbList","@id":"https:\/\/zenkit.com\/pt-br\/integracoes\/evernote\/#breadcrumb","itemListElement":[{"@type":"ListItem","position":1,"name":"Home","item":"https:\/\/zenkit.com\/pt-br\/"},{"@type":"ListItem","position":2,"name":"Integra\u00e7\u00f5es","item":"https:\/\/zenkit.com\/pt-br\/integracoes\/"},{"@type":"ListItem","position":3,"name":"Evernote"}]},{"@type":"WebSite","@id":"https:\/\/zenkit.com\/pt-br\/#website","url":"https:\/\/zenkit.com\/pt-br\/","name":"Zenkit","description":"Zenkit Tagline","potentialAction":[{"@type":"SearchAction","target":{"@type":"EntryPoint","urlTemplate":"https:\/\/zenkit.com\/pt-br\/?s={search_term_string}"},"query-input":{"@type":"PropertyValueSpecification","valueRequired":true,"valueName":"search_term_string"}}],"inLanguage":"pt-BR"},false]}},"yasr_visitor_votes":{"stars_attributes":{"read_only":false,"span_bottom":false},"number_of_votes":0,"sum_votes":0},"_links":{"self":[{"href":"https:\/\/zenkit.com\/pt-br\/wp-json\/wp\/v2\/pages\/144996","targetHints":{"allow":["GET"]}}],"collection":[{"href":"https:\/\/zenkit.com\/pt-br\/wp-json\/wp\/v2\/pages"}],"about":[{"href":"https:\/\/zenkit.com\/pt-br\/wp-json\/wp\/v2\/types\/page"}],"author":[{"embeddable":true,"href":"https:\/\/zenkit.com\/pt-br\/wp-json\/wp\/v2\/users\/15"}],"replies":[{"embeddable":true,"href":"https:\/\/zenkit.com\/pt-br\/wp-json\/wp\/v2\/comments?post=144996"}],"version-history":[{"count":2,"href":"https:\/\/zenkit.com\/pt-br\/wp-json\/wp\/v2\/pages\/144996\/revisions"}],"predecessor-version":[{"id":145274,"href":"https:\/\/zenkit.com\/pt-br\/wp-json\/wp\/v2\/pages\/144996\/revisions\/145274"}],"up":[{"embeddable":true,"href":"https:\/\/zenkit.com\/pt-br\/wp-json\/wp\/v2\/pages\/144948"}],"wp:attachment":[{"href":"https:\/\/zenkit.com\/pt-br\/wp-json\/wp\/v2\/media?parent=144996"}],"curies":[{"name":"wp","href":"https:\/\/api.w.org\/{rel}","templated":true}]}}