{"id":145015,"date":"2022-08-31T10:09:27","date_gmt":"2022-08-31T08:09:27","guid":{"rendered":"https:\/\/zenkit.com\/integracoes\/pomodoneapp\/"},"modified":"2025-11-04T06:53:18","modified_gmt":"2025-11-04T05:53:18","slug":"pomodoneapp","status":"publish","type":"page","link":"https:\/\/zenkit.com\/pt-br\/integracoes\/pomodoneapp\/","title":{"rendered":"PomoDoneApp"},"content":{"rendered":"\n<div style=\"height:45px;--tablet-height:45px;--mobile-height:16px\" class=\"wp-block-lookeen-blocks-responsive-spacer\"><\/div>\n\n\n\n<div class=\"wp-block-group has-global-padding is-layout-constrained wp-block-group-is-layout-constrained\">\n<div class=\"wp-block-columns is-layout-flex wp-container-core-columns-is-layout-467d341d wp-block-columns-is-layout-flex\" id=\"main__integrations\" style=\"margin-top:0px;margin-bottom:0px\">\n<div class=\"wp-block-column side__bar__integrations is-layout-flow wp-block-column-is-layout-flow\" style=\"flex-basis:23%\">\n<h2 class=\"wp-block-heading has-da-blue-color-new has-text-color has-link-color wp-elements-ef38c059988389972c522aed027ebe6b\" style=\"margin-top:0px;margin-bottom:0px;font-size:16px;line-height:1.5\">Integra\u00e7\u00e3o de Rastreamento de Tempo<\/h2>\n\n\n<nav class=\"is-vertical integrations__menu wp-block-navigation is-layout-flex wp-container-core-navigation-is-layout-5f9f5280 wp-block-navigation-is-layout-flex\" aria-label=\"pt-br-integrations-time-tracking\"><ul class=\"wp-block-navigation__container  is-vertical integrations__menu wp-block-navigation\"><li class=\" wp-block-navigation-item wp-block-navigation-link\"><a class=\"wp-block-navigation-item__content\"  href=\"https:\/\/zenkit.com\/pt-br\/integracoes\/clicktime\/\"><span class=\"wp-block-navigation-item__label\">ClickTime<\/span><\/a><\/li><li class=\" wp-block-navigation-item wp-block-navigation-link\"><a class=\"wp-block-navigation-item__content\"  href=\"https:\/\/zenkit.com\/pt-br\/integracoes\/clockify\/\"><span class=\"wp-block-navigation-item__label\">Clockify<\/span><\/a><\/li><li class=\" wp-block-navigation-item wp-block-navigation-link\"><a class=\"wp-block-navigation-item__content\"  href=\"https:\/\/zenkit.com\/pt-br\/integracoes\/desktime\/\"><span class=\"wp-block-navigation-item__label\">DeskTime<\/span><\/a><\/li><li class=\" wp-block-navigation-item wp-block-navigation-link\"><a class=\"wp-block-navigation-item__content\"  href=\"https:\/\/zenkit.com\/pt-br\/integracoes\/everhour\/\"><span class=\"wp-block-navigation-item__label\">Everhour<\/span><\/a><\/li><li class=\" wp-block-navigation-item wp-block-navigation-link\"><a class=\"wp-block-navigation-item__content\"  href=\"https:\/\/zenkit.com\/pt-br\/integracoes\/pomodoneapp\/\"><span class=\"wp-block-navigation-item__label\">PomoDoneApp<\/span><\/a><\/li><li class=\" wp-block-navigation-item wp-block-navigation-link\"><a class=\"wp-block-navigation-item__content\"  href=\"https:\/\/zenkit.com\/pt-br\/integracoes\/timecamp\/\"><span class=\"wp-block-navigation-item__label\">TimeCamp<\/span><\/a><\/li><li class=\" wp-block-navigation-item wp-block-navigation-link\"><a class=\"wp-block-navigation-item__content\"  href=\"https:\/\/zenkit.com\/pt-br\/integracoes\/time-doctor\/\"><span class=\"wp-block-navigation-item__label\">Time Doctor<\/span><\/a><\/li><li class=\" wp-block-navigation-item wp-block-navigation-link\"><a class=\"wp-block-navigation-item__content\"  href=\"https:\/\/zenkit.com\/pt-br\/integracoes\/tmetric\/\"><span class=\"wp-block-navigation-item__label\">TMetric<\/span><\/a><\/li><li class=\" wp-block-navigation-item wp-block-navigation-link\"><a class=\"wp-block-navigation-item__content\"  href=\"https:\/\/zenkit.com\/pt-br\/integracoes\/toggl-track\/\"><span class=\"wp-block-navigation-item__label\">Toggl Track<\/span><\/a><\/li><\/ul><\/nav><\/div>\n\n\n\n<div class=\"wp-block-column content__integrations is-layout-flow wp-block-column-is-layout-flow\" style=\"flex-basis:77%\">\n<div class=\"wp-block-group has-global-padding is-layout-constrained wp-block-group-is-layout-constrained\">\n<div class=\"wp-block-group title is-layout-flex wp-container-core-group-is-layout-ed4b00df wp-block-group-is-layout-flex\">\n<figure class=\"wp-block-image size-full is-resized\"><img loading=\"lazy\" decoding=\"async\" width=\"1920\" height=\"1920\" src=\"https:\/\/zenkit.com\/wp-content\/uploads\/2025\/07\/PomoDone-Icon-3K.webp\" alt=\"PomoDoneApp Logo\" class=\"wp-image-118041\" style=\"width:auto;height:46px\" srcset=\"https:\/\/zenkit.com\/wp-content\/uploads\/2025\/07\/PomoDone-Icon-3K.webp 1920w, https:\/\/zenkit.com\/wp-content\/uploads\/2025\/07\/PomoDone-Icon-3K-300x300.webp 300w, https:\/\/zenkit.com\/wp-content\/uploads\/2025\/07\/PomoDone-Icon-3K-1024x1024.webp 1024w, https:\/\/zenkit.com\/wp-content\/uploads\/2025\/07\/PomoDone-Icon-3K-150x150.webp 150w, https:\/\/zenkit.com\/wp-content\/uploads\/2025\/07\/PomoDone-Icon-3K-768x768.webp 768w, https:\/\/zenkit.com\/wp-content\/uploads\/2025\/07\/PomoDone-Icon-3K-1536x1536.webp 1536w\" sizes=\"auto, (max-width: 1920px) 100vw, 1920px\" \/><\/figure>\n\n\n\n<h1 class=\"wp-block-heading\">PomoDoneApp &amp; Zenkit<\/h1>\n<\/div>\n\n\n\n<div class=\"wp-block-group has-global-padding is-layout-constrained wp-block-group-is-layout-constrained\">\n<h3 class=\"wp-block-heading display-h2\">Conecte suas contas Zenkit e PomoDoneApp<\/h3>\n\n\n\n<p>Sincronize automaticamente suas tarefas Zenkit com PomoDoneApp para melhorar sua produtividade com a t\u00e9cnica Pomodoro.<\/p>\n<\/div>\n\n\n\n<div style=\"height:48px;--tablet-height:36px;--mobile-height:24px\" class=\"wp-block-lookeen-blocks-responsive-spacer\"><\/div>\n<\/div>\n\n\n\n<div class=\"wp-block-group has-global-padding is-layout-constrained wp-block-group-is-layout-constrained\">\n<figure class=\"wp-block-image size-full\"><img loading=\"lazy\" decoding=\"async\" width=\"576\" height=\"1024\" src=\"https:\/\/zenkit.com\/wp-content\/uploads\/2025\/07\/1-ios-intro-1-576x1024-1.webp\" alt=\"\" class=\"wp-image-118052\" srcset=\"https:\/\/zenkit.com\/wp-content\/uploads\/2025\/07\/1-ios-intro-1-576x1024-1.webp 576w, https:\/\/zenkit.com\/wp-content\/uploads\/2025\/07\/1-ios-intro-1-576x1024-1-169x300.webp 169w\" sizes=\"auto, (max-width: 576px) 100vw, 576px\" \/><\/figure>\n<\/div>\n\n\n\n<div style=\"height:48px;--tablet-height:36px;--mobile-height:24px\" class=\"wp-block-lookeen-blocks-responsive-spacer\"><\/div>\n\n\n\n<div class=\"wp-block-group has-global-padding is-layout-constrained wp-block-group-is-layout-constrained\">\n<h3 class=\"wp-block-heading display-h2\">Sobre PomoDoneApp<\/h3>\n\n\n\n<p><a href=\"https:\/\/pomodoneapp.com\/\">PomoDoneApp<\/a>&nbsp;\u00e9 uma solu\u00e7\u00e3o de gerenciamento de produtividade pessoal e empresarial. Ajuda profissionais digitais, freelancers e equipes distribu\u00eddas a recuperar o controle sobre seu tempo e dobrar seu desempenho aplicando gest\u00e3o do tempo (por exemplo, T\u00e9cnica Pomodoro) a seu fluxo de trabalho. PomoDoneApp ajuda a eliminar distra\u00e7\u00e3o, afiar o foco e a evitar a queima. Para mais informa\u00e7\u00f5es, por favor, visite:&nbsp;<a href=\"https:\/\/pomodoneapp.com\/\">https:\/\/pomodoneapp.com\/<\/a><\/p>\n<\/div>\n\n\n\n<div style=\"height:48px;--tablet-height:36px;--mobile-height:24px\" class=\"wp-block-lookeen-blocks-responsive-spacer\"><\/div>\n\n\n\n<div class=\"wp-block-group has-global-padding is-layout-constrained wp-block-group-is-layout-constrained\">\n<h3 class=\"wp-block-heading display-h2\">Conecte PomoDoneApp e Zenkit<\/h3>\n\n\n\n<ol class=\"wp-block-list list__style__position-inside\">\n<li><a href=\"https:\/\/my.pomodoneapp.com\/\">Crie uma conta<\/a>&nbsp;com PomoDoneApp.<\/li>\n\n\n\n<li>Clique em&nbsp;<a href=\"https:\/\/my.pomodoneapp.com\/account\/\">Minha Conta<\/a>&nbsp;e selecione Zenkit a partir das integra\u00e7\u00f5es.<\/li>\n\n\n\n<li>Clique em \u201cAutorizar\u201d para conceder \u00e0 PomoDoneApp acesso ao Zenkit.<\/li>\n\n\n\n<li>Selecione suas Collections Zenkit para sincronizar.<\/li>\n\n\n\n<li>Aplique a t\u00e9cnica pomodoro em suas tarefas Zenkit no PomoDoneApp (tanto no aplicativo web quanto no aplicativo m\u00f3vel)!<\/li>\n<\/ol>\n<\/div>\n\n\n\n<div style=\"height:48px;--tablet-height:36px;--mobile-height:24px\" class=\"wp-block-lookeen-blocks-responsive-spacer\"><\/div>\n\n\n\n<div class=\"wp-block-group has-global-padding is-layout-constrained wp-block-group-is-layout-constrained\">\n<h3 class=\"wp-block-heading display-h2\">Suporte<\/h3>\n\n\n\n<p>Para instru\u00e7\u00f5es mais detalhadas, por favor, visite nossa&nbsp;<a href=\"https:\/\/zenkit.com\/documentation#\/lists\/HJQBQ1Hw\/sections\/SJYE55zA\/entries\/DDsgjdEK6?_k=e7xkfo\">Base de Conhecimento<\/a>. Esta integra\u00e7\u00e3o \u00e9 apoiada pelo PomoDoneApp. Se ocorrer qualquer problema, entre em contato com o&nbsp;<a href=\"https:\/\/my.pomodoneapp.com\/\">suporte da PomoDoneApp<\/a>.<\/p>\n\n\n\n<p><em>Nota: Clique&nbsp;<a href=\"https:\/\/pmdn.co\/zenkit10\">aqui&nbsp;<\/a>para verificar o desconto de 10% da PomoDoneApp. Se voc\u00ea \u00e9 um cliente Zenkit pago, entre em contato conosco para obter mais descontos da PomoDoneApp.&nbsp;<\/em><\/p>\n<\/div>\n<\/div>\n<\/div>\n<\/div>\n\n\n\n<div style=\"height:110px;--tablet-height:60px;--mobile-height:48px\" class=\"wp-block-lookeen-blocks-responsive-spacer\"><\/div>\n","protected":false},"excerpt":{"rendered":"<p>Integra\u00e7\u00e3o de Rastreamento de Tempo PomoDoneApp &amp; Zenkit Conecte suas contas Zenkit e PomoDoneApp Sincronize automaticamente suas tarefas Zenkit com PomoDoneApp para melhorar sua produtividade com a t\u00e9cnica Pomodoro. Sobre PomoDoneApp PomoDoneApp&nbsp;\u00e9 uma solu\u00e7\u00e3o de gerenciamento de produtividade pessoal e empresarial. Ajuda profissionais digitais, freelancers e equipes distribu\u00eddas a recuperar o controle sobre seu tempo [&hellip;]<\/p>\n","protected":false},"author":15,"featured_media":0,"parent":144948,"menu_order":26,"comment_status":"closed","ping_status":"closed","template":"","meta":{"yasr_overall_rating":0,"yasr_post_is_review":"","yasr_auto_insert_disabled":"","yasr_review_type":"","footnotes":""},"class_list":["post-145015","page","type-page","status-publish","hentry"],"yoast_head":"<!-- This site is optimized with the Yoast SEO plugin v27.3 - https:\/\/yoast.com\/product\/yoast-seo-wordpress\/ -->\n<title>PomoDoneApp | Zenkit<\/title>\n<meta name=\"description\" content=\"Steigern Sie Ihre Produktivit\u00e4t mit der Pomodoro-Technik, indem Sie automatisch Ihre Aufgaben in Zenkit mit der PomoDoneApp verbinden.\" \/>\n<meta name=\"robots\" content=\"index, follow, max-snippet:-1, max-image-preview:large, max-video-preview:-1\" \/>\n<link rel=\"canonical\" href=\"https:\/\/zenkit.com\/pt-br\/integracoes\/pomodoneapp\/\" \/>\n<meta property=\"og:locale\" content=\"pt_BR\" \/>\n<meta property=\"og:type\" content=\"article\" \/>\n<meta property=\"og:title\" content=\"PomoDoneApp | Zenkit\" \/>\n<meta property=\"og:description\" content=\"Steigern Sie Ihre Produktivit\u00e4t mit der Pomodoro-Technik, indem Sie automatisch Ihre Aufgaben in Zenkit mit der PomoDoneApp verbinden.\" \/>\n<meta property=\"og:url\" content=\"https:\/\/zenkit.com\/pt-br\/integracoes\/pomodoneapp\/\" \/>\n<meta property=\"og:site_name\" content=\"Zenkit\" \/>\n<meta property=\"article:publisher\" content=\"https:\/\/www.facebook.com\/ZenkitHQ\" \/>\n<meta property=\"article:modified_time\" content=\"2025-11-04T05:53:18+00:00\" \/>\n<meta property=\"og:image\" content=\"https:\/\/zenkit.com\/wp-content\/uploads\/2025\/07\/PomoDone-Icon-3K.webp\" \/>\n<meta name=\"twitter:card\" content=\"summary_large_image\" \/>\n<meta name=\"twitter:site\" content=\"@ZenkitHQ\" \/>\n<meta name=\"twitter:label1\" content=\"Est. tempo de leitura\" \/>\n\t<meta name=\"twitter:data1\" content=\"1 minuto\" \/>\n<script type=\"application\/ld+json\" class=\"yoast-schema-graph\">{\"@context\":\"https:\\\/\\\/schema.org\",\"@graph\":[{\"@type\":\"WebPage\",\"@id\":\"https:\\\/\\\/zenkit.com\\\/pt-br\\\/integracoes\\\/pomodoneapp\\\/\",\"url\":\"https:\\\/\\\/zenkit.com\\\/pt-br\\\/integracoes\\\/pomodoneapp\\\/\",\"name\":\"PomoDoneApp | Zenkit\",\"isPartOf\":{\"@id\":\"https:\\\/\\\/zenkit.com\\\/pt-br\\\/#website\"},\"primaryImageOfPage\":{\"@id\":\"https:\\\/\\\/zenkit.com\\\/pt-br\\\/integracoes\\\/pomodoneapp\\\/#primaryimage\"},\"image\":{\"@id\":\"https:\\\/\\\/zenkit.com\\\/pt-br\\\/integracoes\\\/pomodoneapp\\\/#primaryimage\"},\"thumbnailUrl\":\"https:\\\/\\\/zenkit.com\\\/wp-content\\\/uploads\\\/2025\\\/07\\\/PomoDone-Icon-3K.webp\",\"datePublished\":\"2022-08-31T08:09:27+00:00\",\"dateModified\":\"2025-11-04T05:53:18+00:00\",\"description\":\"Steigern Sie Ihre Produktivit\u00e4t mit der Pomodoro-Technik, indem Sie automatisch Ihre Aufgaben in Zenkit mit der PomoDoneApp verbinden.\",\"breadcrumb\":{\"@id\":\"https:\\\/\\\/zenkit.com\\\/pt-br\\\/integracoes\\\/pomodoneapp\\\/#breadcrumb\"},\"inLanguage\":\"pt-BR\",\"potentialAction\":[{\"@type\":\"ReadAction\",\"target\":[\"https:\\\/\\\/zenkit.com\\\/pt-br\\\/integracoes\\\/pomodoneapp\\\/\"]}]},{\"@type\":\"ImageObject\",\"inLanguage\":\"pt-BR\",\"@id\":\"https:\\\/\\\/zenkit.com\\\/pt-br\\\/integracoes\\\/pomodoneapp\\\/#primaryimage\",\"url\":\"https:\\\/\\\/zenkit.com\\\/wp-content\\\/uploads\\\/2025\\\/07\\\/PomoDone-Icon-3K.webp\",\"contentUrl\":\"https:\\\/\\\/zenkit.com\\\/wp-content\\\/uploads\\\/2025\\\/07\\\/PomoDone-Icon-3K.webp\"},{\"@type\":\"BreadcrumbList\",\"@id\":\"https:\\\/\\\/zenkit.com\\\/pt-br\\\/integracoes\\\/pomodoneapp\\\/#breadcrumb\",\"itemListElement\":[{\"@type\":\"ListItem\",\"position\":1,\"name\":\"Home\",\"item\":\"https:\\\/\\\/zenkit.com\\\/pt-br\\\/\"},{\"@type\":\"ListItem\",\"position\":2,\"name\":\"Integra\u00e7\u00f5es\",\"item\":\"https:\\\/\\\/zenkit.com\\\/pt-br\\\/integracoes\\\/\"},{\"@type\":\"ListItem\",\"position\":3,\"name\":\"PomoDoneApp\"}]},{\"@type\":\"WebSite\",\"@id\":\"https:\\\/\\\/zenkit.com\\\/pt-br\\\/#website\",\"url\":\"https:\\\/\\\/zenkit.com\\\/pt-br\\\/\",\"name\":\"Zenkit\",\"description\":\"Zenkit Tagline\",\"potentialAction\":[{\"@type\":\"SearchAction\",\"target\":{\"@type\":\"EntryPoint\",\"urlTemplate\":\"https:\\\/\\\/zenkit.com\\\/pt-br\\\/?s={search_term_string}\"},\"query-input\":{\"@type\":\"PropertyValueSpecification\",\"valueRequired\":true,\"valueName\":\"search_term_string\"}}],\"inLanguage\":\"pt-BR\"},false]}<\/script>\n<!-- \/ Yoast SEO plugin. -->","yoast_head_json":{"title":"PomoDoneApp | Zenkit","description":"Steigern Sie Ihre Produktivit\u00e4t mit der Pomodoro-Technik, indem Sie automatisch Ihre Aufgaben in Zenkit mit der PomoDoneApp verbinden.","robots":{"index":"index","follow":"follow","max-snippet":"max-snippet:-1","max-image-preview":"max-image-preview:large","max-video-preview":"max-video-preview:-1"},"canonical":"https:\/\/zenkit.com\/pt-br\/integracoes\/pomodoneapp\/","og_locale":"pt_BR","og_type":"article","og_title":"PomoDoneApp | Zenkit","og_description":"Steigern Sie Ihre Produktivit\u00e4t mit der Pomodoro-Technik, indem Sie automatisch Ihre Aufgaben in Zenkit mit der PomoDoneApp verbinden.","og_url":"https:\/\/zenkit.com\/pt-br\/integracoes\/pomodoneapp\/","og_site_name":"Zenkit","article_publisher":"https:\/\/www.facebook.com\/ZenkitHQ","article_modified_time":"2025-11-04T05:53:18+00:00","og_image":[{"url":"https:\/\/zenkit.com\/wp-content\/uploads\/2025\/07\/PomoDone-Icon-3K.webp","type":"","width":"","height":""}],"twitter_card":"summary_large_image","twitter_site":"@ZenkitHQ","twitter_misc":{"Est. tempo de leitura":"1 minuto"},"schema":{"@context":"https:\/\/schema.org","@graph":[{"@type":"WebPage","@id":"https:\/\/zenkit.com\/pt-br\/integracoes\/pomodoneapp\/","url":"https:\/\/zenkit.com\/pt-br\/integracoes\/pomodoneapp\/","name":"PomoDoneApp | Zenkit","isPartOf":{"@id":"https:\/\/zenkit.com\/pt-br\/#website"},"primaryImageOfPage":{"@id":"https:\/\/zenkit.com\/pt-br\/integracoes\/pomodoneapp\/#primaryimage"},"image":{"@id":"https:\/\/zenkit.com\/pt-br\/integracoes\/pomodoneapp\/#primaryimage"},"thumbnailUrl":"https:\/\/zenkit.com\/wp-content\/uploads\/2025\/07\/PomoDone-Icon-3K.webp","datePublished":"2022-08-31T08:09:27+00:00","dateModified":"2025-11-04T05:53:18+00:00","description":"Steigern Sie Ihre Produktivit\u00e4t mit der Pomodoro-Technik, indem Sie automatisch Ihre Aufgaben in Zenkit mit der PomoDoneApp verbinden.","breadcrumb":{"@id":"https:\/\/zenkit.com\/pt-br\/integracoes\/pomodoneapp\/#breadcrumb"},"inLanguage":"pt-BR","potentialAction":[{"@type":"ReadAction","target":["https:\/\/zenkit.com\/pt-br\/integracoes\/pomodoneapp\/"]}]},{"@type":"ImageObject","inLanguage":"pt-BR","@id":"https:\/\/zenkit.com\/pt-br\/integracoes\/pomodoneapp\/#primaryimage","url":"https:\/\/zenkit.com\/wp-content\/uploads\/2025\/07\/PomoDone-Icon-3K.webp","contentUrl":"https:\/\/zenkit.com\/wp-content\/uploads\/2025\/07\/PomoDone-Icon-3K.webp"},{"@type":"BreadcrumbList","@id":"https:\/\/zenkit.com\/pt-br\/integracoes\/pomodoneapp\/#breadcrumb","itemListElement":[{"@type":"ListItem","position":1,"name":"Home","item":"https:\/\/zenkit.com\/pt-br\/"},{"@type":"ListItem","position":2,"name":"Integra\u00e7\u00f5es","item":"https:\/\/zenkit.com\/pt-br\/integracoes\/"},{"@type":"ListItem","position":3,"name":"PomoDoneApp"}]},{"@type":"WebSite","@id":"https:\/\/zenkit.com\/pt-br\/#website","url":"https:\/\/zenkit.com\/pt-br\/","name":"Zenkit","description":"Zenkit Tagline","potentialAction":[{"@type":"SearchAction","target":{"@type":"EntryPoint","urlTemplate":"https:\/\/zenkit.com\/pt-br\/?s={search_term_string}"},"query-input":{"@type":"PropertyValueSpecification","valueRequired":true,"valueName":"search_term_string"}}],"inLanguage":"pt-BR"},false]}},"yasr_visitor_votes":{"stars_attributes":{"read_only":false,"span_bottom":false},"number_of_votes":0,"sum_votes":0},"_links":{"self":[{"href":"https:\/\/zenkit.com\/pt-br\/wp-json\/wp\/v2\/pages\/145015","targetHints":{"allow":["GET"]}}],"collection":[{"href":"https:\/\/zenkit.com\/pt-br\/wp-json\/wp\/v2\/pages"}],"about":[{"href":"https:\/\/zenkit.com\/pt-br\/wp-json\/wp\/v2\/types\/page"}],"author":[{"embeddable":true,"href":"https:\/\/zenkit.com\/pt-br\/wp-json\/wp\/v2\/users\/15"}],"replies":[{"embeddable":true,"href":"https:\/\/zenkit.com\/pt-br\/wp-json\/wp\/v2\/comments?post=145015"}],"version-history":[{"count":2,"href":"https:\/\/zenkit.com\/pt-br\/wp-json\/wp\/v2\/pages\/145015\/revisions"}],"predecessor-version":[{"id":150487,"href":"https:\/\/zenkit.com\/pt-br\/wp-json\/wp\/v2\/pages\/145015\/revisions\/150487"}],"up":[{"embeddable":true,"href":"https:\/\/zenkit.com\/pt-br\/wp-json\/wp\/v2\/pages\/144948"}],"wp:attachment":[{"href":"https:\/\/zenkit.com\/pt-br\/wp-json\/wp\/v2\/media?parent=145015"}],"curies":[{"name":"wp","href":"https:\/\/api.w.org\/{rel}","templated":true}]}}