{"id":145034,"date":"2021-12-03T16:56:32","date_gmt":"2021-12-03T15:56:32","guid":{"rendered":"https:\/\/zenkit.com\/integracoes\/time-doctor\/"},"modified":"2025-12-10T18:07:32","modified_gmt":"2025-12-10T17:07:32","slug":"time-doctor","status":"publish","type":"page","link":"https:\/\/zenkit.com\/pt-br\/integracoes\/time-doctor\/","title":{"rendered":"Time Doctor"},"content":{"rendered":"\n<div style=\"height:45px;--tablet-height:45px;--mobile-height:16px\" class=\"wp-block-lookeen-blocks-responsive-spacer\"><\/div>\n\n\n\n<div class=\"wp-block-group has-global-padding is-layout-constrained wp-block-group-is-layout-constrained\">\n<div class=\"wp-block-columns is-layout-flex wp-container-core-columns-is-layout-467d341d wp-block-columns-is-layout-flex\" id=\"main__integrations\" style=\"margin-top:0px;margin-bottom:0px\">\n<div class=\"wp-block-column side__bar__integrations is-layout-flow wp-block-column-is-layout-flow\" style=\"flex-basis:23%\">\n<h2 class=\"wp-block-heading has-da-blue-color-new has-text-color has-link-color wp-elements-e4c287d74261c7af1932df3197287ce0\" style=\"margin-top:0px;margin-bottom:0px;font-size:16px;line-height:1.5\">Integra\u00e7\u00f5es de Rastreamento de Tempo<\/h2>\n\n\n<nav class=\"is-vertical integrations__menu wp-block-navigation is-layout-flex wp-container-core-navigation-is-layout-5f9f5280 wp-block-navigation-is-layout-flex\" aria-label=\"pt-br-integrations-time-tracking\"><ul class=\"wp-block-navigation__container  is-vertical integrations__menu wp-block-navigation\"><li class=\" wp-block-navigation-item wp-block-navigation-link\"><a class=\"wp-block-navigation-item__content\"  href=\"https:\/\/zenkit.com\/pt-br\/integracoes\/clicktime\/\"><span class=\"wp-block-navigation-item__label\">ClickTime<\/span><\/a><\/li><li class=\" wp-block-navigation-item wp-block-navigation-link\"><a class=\"wp-block-navigation-item__content\"  href=\"https:\/\/zenkit.com\/pt-br\/integracoes\/clockify\/\"><span class=\"wp-block-navigation-item__label\">Clockify<\/span><\/a><\/li><li class=\" wp-block-navigation-item wp-block-navigation-link\"><a class=\"wp-block-navigation-item__content\"  href=\"https:\/\/zenkit.com\/pt-br\/integracoes\/desktime\/\"><span class=\"wp-block-navigation-item__label\">DeskTime<\/span><\/a><\/li><li class=\" wp-block-navigation-item wp-block-navigation-link\"><a class=\"wp-block-navigation-item__content\"  href=\"https:\/\/zenkit.com\/pt-br\/integracoes\/everhour\/\"><span class=\"wp-block-navigation-item__label\">Everhour<\/span><\/a><\/li><li class=\" wp-block-navigation-item wp-block-navigation-link\"><a class=\"wp-block-navigation-item__content\"  href=\"https:\/\/zenkit.com\/pt-br\/integracoes\/pomodoneapp\/\"><span class=\"wp-block-navigation-item__label\">PomoDoneApp<\/span><\/a><\/li><li class=\" wp-block-navigation-item wp-block-navigation-link\"><a class=\"wp-block-navigation-item__content\"  href=\"https:\/\/zenkit.com\/pt-br\/integracoes\/timecamp\/\"><span class=\"wp-block-navigation-item__label\">TimeCamp<\/span><\/a><\/li><li class=\" wp-block-navigation-item wp-block-navigation-link\"><a class=\"wp-block-navigation-item__content\"  href=\"https:\/\/zenkit.com\/pt-br\/integracoes\/time-doctor\/\"><span class=\"wp-block-navigation-item__label\">Time Doctor<\/span><\/a><\/li><li class=\" wp-block-navigation-item wp-block-navigation-link\"><a class=\"wp-block-navigation-item__content\"  href=\"https:\/\/zenkit.com\/pt-br\/integracoes\/tmetric\/\"><span class=\"wp-block-navigation-item__label\">TMetric<\/span><\/a><\/li><li class=\" wp-block-navigation-item wp-block-navigation-link\"><a class=\"wp-block-navigation-item__content\"  href=\"https:\/\/zenkit.com\/pt-br\/integracoes\/toggl-track\/\"><span class=\"wp-block-navigation-item__label\">Toggl Track<\/span><\/a><\/li><\/ul><\/nav><\/div>\n\n\n\n<div class=\"wp-block-column content__integrations is-layout-flow wp-block-column-is-layout-flow\" style=\"flex-basis:77%\">\n<div class=\"wp-block-group has-global-padding is-layout-constrained wp-block-group-is-layout-constrained\">\n<div class=\"wp-block-group title is-layout-flex wp-container-core-group-is-layout-ed4b00df wp-block-group-is-layout-flex\">\n<figure class=\"wp-block-image size-full is-resized\"><img loading=\"lazy\" decoding=\"async\" width=\"242\" height=\"240\" src=\"https:\/\/zenkit.com\/wp-content\/uploads\/2025\/07\/TD-icon@2x-1.webp\" alt=\"Time Doctor Logo\" class=\"wp-image-117588\" style=\"width:auto;height:46px\" srcset=\"https:\/\/zenkit.com\/wp-content\/uploads\/2025\/07\/TD-icon@2x-1.webp 242w, https:\/\/zenkit.com\/wp-content\/uploads\/2025\/07\/TD-icon@2x-1-150x150.webp 150w\" sizes=\"auto, (max-width: 242px) 100vw, 242px\" \/><\/figure>\n\n\n\n<h1 class=\"wp-block-heading\">Time Doctor &amp; Zenkit<\/h1>\n<\/div>\n\n\n\n<div class=\"wp-block-group has-global-padding is-layout-constrained wp-block-group-is-layout-constrained\">\n<h3 class=\"wp-block-heading display-h2\">Conecte suas contas Zenkit e Time Doctor<\/h3>\n\n\n\n<p>Ao conectar-se ao Time Doctor, voc\u00ea pode sincronizar suas tarefas do Zenkit com o Time Doctor para suas necessidades de rastreamento de tempo e relat\u00f3rios. Nunca mais perca tempo copiando e colando de novo!<\/p>\n<\/div>\n<\/div>\n\n\n\n<div style=\"height:48px;--tablet-height:36px;--mobile-height:24px\" class=\"wp-block-lookeen-blocks-responsive-spacer\"><\/div>\n\n\n\n<div class=\"wp-block-group has-global-padding is-layout-constrained wp-block-group-is-layout-constrained\">\n<figure class=\"wp-block-video\"><video controls src=\"https:\/\/zenkit.com\/wp-content\/uploads\/2023\/09\/Time-Doctor-Overview-Time-Doctor-Product-Tour-Video.mp4\"><\/video><\/figure>\n<\/div>\n\n\n\n<div style=\"height:48px;--tablet-height:36px;--mobile-height:24px\" class=\"wp-block-lookeen-blocks-responsive-spacer\"><\/div>\n\n\n\n<div class=\"wp-block-group has-global-padding is-layout-constrained wp-block-group-is-layout-constrained\">\n<h3 class=\"wp-block-heading display-h2\">Sobre Time Doctor<\/h3>\n\n\n\n<p>Time Doctor \u00e9 uma ferramenta de rastreamento de tempo e produtividade SaaS. Ela possui software para desktop, dispositivos m\u00f3veis e componentes baseados na web. Um software multifuncional de rastreamento de tempo com capacidades de CRM e \u201cWhite Label\u201d. \u00c9 um software de gerenciamento de tempo que ajuda voc\u00ea a saber se sua equipe \u00e9 realmente produtiva. \u00c9 especialmente adequado para equipes de 20 a 500 funcion\u00e1rios. \u00c9 uma solu\u00e7\u00e3o baseada na web que fornece monitoramento de tempo, monitoramento de sess\u00f5es de trabalho por computador, lembretes, grava\u00e7\u00e3o de capturas de tela, faturamento, ferramentas de relat\u00f3rios, integra\u00e7\u00f5es e muito mais.<\/p>\n<\/div>\n\n\n\n<div style=\"height:48px;--tablet-height:36px;--mobile-height:24px\" class=\"wp-block-lookeen-blocks-responsive-spacer\"><\/div>\n\n\n\n<div class=\"wp-block-group has-global-padding is-layout-constrained wp-block-group-is-layout-constrained\">\n<h3 class=\"wp-block-heading display-h2\">Conecte Time Doctor e Zenkit<\/h3>\n\n\n\n<ol class=\"wp-block-list list__style__position-inside\">\n<li><a href=\"https:\/\/zapier.com\/sign-up\/\">Cadastre-se<\/a>&nbsp;com uma conta Zapier para ter acesso ao Zapier.<\/li>\n\n\n\n<li><a href=\"https:\/\/www.timedoctor.com\/\">Crie uma conta<\/a>&nbsp;com Time Doctor<\/li>\n\n\n\n<li>Entre no Zapier e v\u00e1 \u00e0&nbsp;<a href=\"https:\/\/zapier.com\/apps\/zenkit\/integrations\/timedoctor\">Zenkit + Time Doctor Zapbook&nbsp;<\/a>para encontrar os modelos Zap.<\/li>\n\n\n\n<li>Ou escolha criar sua pr\u00f3pria integra\u00e7\u00e3o Zenkit e Time Doctor selecionando-os ao criar um zap.<\/li>\n<\/ol>\n<\/div>\n\n\n\n<div style=\"height:48px;--tablet-height:36px;--mobile-height:24px\" class=\"wp-block-lookeen-blocks-responsive-spacer\"><\/div>\n\n\n\n<div class=\"wp-block-group has-global-padding is-layout-constrained wp-block-group-is-layout-constrained\">\n<h3 class=\"wp-block-heading display-h2\">Suporte<\/h3>\n\n\n\n<p>Essa integra\u00e7\u00e3o \u00e9 apoiada por Zapier. Se houver algum problema, por favor entre em contato com&nbsp;<a href=\"https:\/\/zapier.com\/help\/contact-us\/\">suporte Zapier<\/a>. Para mais informa\u00e7\u00f5es sobre como utilizar Zenkit com Zapier, por favor leia a nossa&nbsp;<a href=\"https:\/\/zenkit.com\/documentation#\/lists\/HJQBQ1Hw\/sections\/SJYE55zA\/entries\/BJGOKQtA?_k=hyyynn\">documenta\u00e7\u00e3o<\/a>.<\/p>\n<\/div>\n<\/div>\n<\/div>\n<\/div>\n\n\n\n<div style=\"height:110px;--tablet-height:60px;--mobile-height:48px\" class=\"wp-block-lookeen-blocks-responsive-spacer\"><\/div>\n","protected":false},"excerpt":{"rendered":"<p>Integra\u00e7\u00f5es de Rastreamento de Tempo Time Doctor &amp; Zenkit Conecte suas contas Zenkit e Time Doctor Ao conectar-se ao Time Doctor, voc\u00ea pode sincronizar suas tarefas do Zenkit com o Time Doctor para suas necessidades de rastreamento de tempo e relat\u00f3rios. Nunca mais perca tempo copiando e colando de novo! Sobre Time Doctor Time Doctor [&hellip;]<\/p>\n","protected":false},"author":15,"featured_media":0,"parent":144948,"menu_order":29,"comment_status":"closed","ping_status":"closed","template":"","meta":{"yasr_overall_rating":0,"yasr_post_is_review":"","yasr_auto_insert_disabled":"","yasr_review_type":"","footnotes":""},"class_list":["post-145034","page","type-page","status-publish","hentry"],"yoast_head":"<!-- This site is optimized with the Yoast SEO plugin v27.3 - https:\/\/yoast.com\/product\/yoast-seo-wordpress\/ -->\n<title>Time Doctor | Zenkit<\/title>\n<meta name=\"description\" content=\"Vereinen Sie Ihre Zeiterfassung und das Erstellen von Berichten. Verschwenden Sie nie wieder Zeit mit Copy und Paste.\" \/>\n<meta name=\"robots\" content=\"index, follow, max-snippet:-1, max-image-preview:large, max-video-preview:-1\" \/>\n<link rel=\"canonical\" href=\"https:\/\/zenkit.com\/pt-br\/integracoes\/time-doctor\/\" \/>\n<meta property=\"og:locale\" content=\"pt_BR\" \/>\n<meta property=\"og:type\" content=\"article\" \/>\n<meta property=\"og:title\" content=\"Time Doctor | Zenkit\" \/>\n<meta property=\"og:description\" content=\"Vereinen Sie Ihre Zeiterfassung und das Erstellen von Berichten. Verschwenden Sie nie wieder Zeit mit Copy und Paste.\" \/>\n<meta property=\"og:url\" content=\"https:\/\/zenkit.com\/pt-br\/integracoes\/time-doctor\/\" \/>\n<meta property=\"og:site_name\" content=\"Zenkit\" \/>\n<meta property=\"article:publisher\" content=\"https:\/\/www.facebook.com\/ZenkitHQ\" \/>\n<meta property=\"article:modified_time\" content=\"2025-12-10T17:07:32+00:00\" \/>\n<meta property=\"og:image\" content=\"https:\/\/zenkit.com\/wp-content\/uploads\/2025\/07\/TD-icon@2x-1.webp\" \/>\n\t<meta property=\"og:image:width\" content=\"242\" \/>\n\t<meta property=\"og:image:height\" content=\"240\" \/>\n\t<meta property=\"og:image:type\" content=\"image\/webp\" \/>\n<meta name=\"twitter:card\" content=\"summary_large_image\" \/>\n<meta name=\"twitter:site\" content=\"@ZenkitHQ\" \/>\n<meta name=\"twitter:label1\" content=\"Est. tempo de leitura\" \/>\n\t<meta name=\"twitter:data1\" content=\"7 minutos\" \/>\n<script type=\"application\/ld+json\" class=\"yoast-schema-graph\">{\"@context\":\"https:\\\/\\\/schema.org\",\"@graph\":[{\"@type\":\"WebPage\",\"@id\":\"https:\\\/\\\/zenkit.com\\\/pt-br\\\/integracoes\\\/time-doctor\\\/\",\"url\":\"https:\\\/\\\/zenkit.com\\\/pt-br\\\/integracoes\\\/time-doctor\\\/\",\"name\":\"Time Doctor | Zenkit\",\"isPartOf\":{\"@id\":\"https:\\\/\\\/zenkit.com\\\/pt-br\\\/#website\"},\"primaryImageOfPage\":{\"@id\":\"https:\\\/\\\/zenkit.com\\\/pt-br\\\/integracoes\\\/time-doctor\\\/#primaryimage\"},\"image\":{\"@id\":\"https:\\\/\\\/zenkit.com\\\/pt-br\\\/integracoes\\\/time-doctor\\\/#primaryimage\"},\"thumbnailUrl\":\"https:\\\/\\\/zenkit.com\\\/wp-content\\\/uploads\\\/2025\\\/07\\\/TD-icon@2x-1.webp\",\"datePublished\":\"2021-12-03T15:56:32+00:00\",\"dateModified\":\"2025-12-10T17:07:32+00:00\",\"description\":\"Vereinen Sie Ihre Zeiterfassung und das Erstellen von Berichten. Verschwenden Sie nie wieder Zeit mit Copy und Paste.\",\"breadcrumb\":{\"@id\":\"https:\\\/\\\/zenkit.com\\\/pt-br\\\/integracoes\\\/time-doctor\\\/#breadcrumb\"},\"inLanguage\":\"pt-BR\",\"potentialAction\":[{\"@type\":\"ReadAction\",\"target\":[\"https:\\\/\\\/zenkit.com\\\/pt-br\\\/integracoes\\\/time-doctor\\\/\"]}]},{\"@type\":\"ImageObject\",\"inLanguage\":\"pt-BR\",\"@id\":\"https:\\\/\\\/zenkit.com\\\/pt-br\\\/integracoes\\\/time-doctor\\\/#primaryimage\",\"url\":\"https:\\\/\\\/zenkit.com\\\/wp-content\\\/uploads\\\/2025\\\/07\\\/TD-icon@2x-1.webp\",\"contentUrl\":\"https:\\\/\\\/zenkit.com\\\/wp-content\\\/uploads\\\/2025\\\/07\\\/TD-icon@2x-1.webp\"},{\"@type\":\"BreadcrumbList\",\"@id\":\"https:\\\/\\\/zenkit.com\\\/pt-br\\\/integracoes\\\/time-doctor\\\/#breadcrumb\",\"itemListElement\":[{\"@type\":\"ListItem\",\"position\":1,\"name\":\"Home\",\"item\":\"https:\\\/\\\/zenkit.com\\\/pt-br\\\/\"},{\"@type\":\"ListItem\",\"position\":2,\"name\":\"Integra\u00e7\u00f5es\",\"item\":\"https:\\\/\\\/zenkit.com\\\/pt-br\\\/integracoes\\\/\"},{\"@type\":\"ListItem\",\"position\":3,\"name\":\"Time Doctor\"}]},{\"@type\":\"WebSite\",\"@id\":\"https:\\\/\\\/zenkit.com\\\/pt-br\\\/#website\",\"url\":\"https:\\\/\\\/zenkit.com\\\/pt-br\\\/\",\"name\":\"Zenkit\",\"description\":\"Zenkit Tagline\",\"potentialAction\":[{\"@type\":\"SearchAction\",\"target\":{\"@type\":\"EntryPoint\",\"urlTemplate\":\"https:\\\/\\\/zenkit.com\\\/pt-br\\\/?s={search_term_string}\"},\"query-input\":{\"@type\":\"PropertyValueSpecification\",\"valueRequired\":true,\"valueName\":\"search_term_string\"}}],\"inLanguage\":\"pt-BR\"},false]}<\/script>\n<!-- \/ Yoast SEO plugin. -->","yoast_head_json":{"title":"Time Doctor | Zenkit","description":"Vereinen Sie Ihre Zeiterfassung und das Erstellen von Berichten. Verschwenden Sie nie wieder Zeit mit Copy und Paste.","robots":{"index":"index","follow":"follow","max-snippet":"max-snippet:-1","max-image-preview":"max-image-preview:large","max-video-preview":"max-video-preview:-1"},"canonical":"https:\/\/zenkit.com\/pt-br\/integracoes\/time-doctor\/","og_locale":"pt_BR","og_type":"article","og_title":"Time Doctor | Zenkit","og_description":"Vereinen Sie Ihre Zeiterfassung und das Erstellen von Berichten. Verschwenden Sie nie wieder Zeit mit Copy und Paste.","og_url":"https:\/\/zenkit.com\/pt-br\/integracoes\/time-doctor\/","og_site_name":"Zenkit","article_publisher":"https:\/\/www.facebook.com\/ZenkitHQ","article_modified_time":"2025-12-10T17:07:32+00:00","og_image":[{"width":242,"height":240,"url":"https:\/\/zenkit.com\/wp-content\/uploads\/2025\/07\/TD-icon@2x-1.webp","type":"image\/webp"}],"twitter_card":"summary_large_image","twitter_site":"@ZenkitHQ","twitter_misc":{"Est. tempo de leitura":"7 minutos"},"schema":{"@context":"https:\/\/schema.org","@graph":[{"@type":"WebPage","@id":"https:\/\/zenkit.com\/pt-br\/integracoes\/time-doctor\/","url":"https:\/\/zenkit.com\/pt-br\/integracoes\/time-doctor\/","name":"Time Doctor | Zenkit","isPartOf":{"@id":"https:\/\/zenkit.com\/pt-br\/#website"},"primaryImageOfPage":{"@id":"https:\/\/zenkit.com\/pt-br\/integracoes\/time-doctor\/#primaryimage"},"image":{"@id":"https:\/\/zenkit.com\/pt-br\/integracoes\/time-doctor\/#primaryimage"},"thumbnailUrl":"https:\/\/zenkit.com\/wp-content\/uploads\/2025\/07\/TD-icon@2x-1.webp","datePublished":"2021-12-03T15:56:32+00:00","dateModified":"2025-12-10T17:07:32+00:00","description":"Vereinen Sie Ihre Zeiterfassung und das Erstellen von Berichten. Verschwenden Sie nie wieder Zeit mit Copy und Paste.","breadcrumb":{"@id":"https:\/\/zenkit.com\/pt-br\/integracoes\/time-doctor\/#breadcrumb"},"inLanguage":"pt-BR","potentialAction":[{"@type":"ReadAction","target":["https:\/\/zenkit.com\/pt-br\/integracoes\/time-doctor\/"]}]},{"@type":"ImageObject","inLanguage":"pt-BR","@id":"https:\/\/zenkit.com\/pt-br\/integracoes\/time-doctor\/#primaryimage","url":"https:\/\/zenkit.com\/wp-content\/uploads\/2025\/07\/TD-icon@2x-1.webp","contentUrl":"https:\/\/zenkit.com\/wp-content\/uploads\/2025\/07\/TD-icon@2x-1.webp"},{"@type":"BreadcrumbList","@id":"https:\/\/zenkit.com\/pt-br\/integracoes\/time-doctor\/#breadcrumb","itemListElement":[{"@type":"ListItem","position":1,"name":"Home","item":"https:\/\/zenkit.com\/pt-br\/"},{"@type":"ListItem","position":2,"name":"Integra\u00e7\u00f5es","item":"https:\/\/zenkit.com\/pt-br\/integracoes\/"},{"@type":"ListItem","position":3,"name":"Time Doctor"}]},{"@type":"WebSite","@id":"https:\/\/zenkit.com\/pt-br\/#website","url":"https:\/\/zenkit.com\/pt-br\/","name":"Zenkit","description":"Zenkit Tagline","potentialAction":[{"@type":"SearchAction","target":{"@type":"EntryPoint","urlTemplate":"https:\/\/zenkit.com\/pt-br\/?s={search_term_string}"},"query-input":{"@type":"PropertyValueSpecification","valueRequired":true,"valueName":"search_term_string"}}],"inLanguage":"pt-BR"},false]}},"yasr_visitor_votes":{"stars_attributes":{"read_only":false,"span_bottom":false},"number_of_votes":0,"sum_votes":0},"_links":{"self":[{"href":"https:\/\/zenkit.com\/pt-br\/wp-json\/wp\/v2\/pages\/145034","targetHints":{"allow":["GET"]}}],"collection":[{"href":"https:\/\/zenkit.com\/pt-br\/wp-json\/wp\/v2\/pages"}],"about":[{"href":"https:\/\/zenkit.com\/pt-br\/wp-json\/wp\/v2\/types\/page"}],"author":[{"embeddable":true,"href":"https:\/\/zenkit.com\/pt-br\/wp-json\/wp\/v2\/users\/15"}],"replies":[{"embeddable":true,"href":"https:\/\/zenkit.com\/pt-br\/wp-json\/wp\/v2\/comments?post=145034"}],"version-history":[{"count":3,"href":"https:\/\/zenkit.com\/pt-br\/wp-json\/wp\/v2\/pages\/145034\/revisions"}],"predecessor-version":[{"id":175077,"href":"https:\/\/zenkit.com\/pt-br\/wp-json\/wp\/v2\/pages\/145034\/revisions\/175077"}],"up":[{"embeddable":true,"href":"https:\/\/zenkit.com\/pt-br\/wp-json\/wp\/v2\/pages\/144948"}],"wp:attachment":[{"href":"https:\/\/zenkit.com\/pt-br\/wp-json\/wp\/v2\/media?parent=145034"}],"curies":[{"name":"wp","href":"https:\/\/api.w.org\/{rel}","templated":true}]}}