{"id":173873,"date":"2021-04-06T10:14:06","date_gmt":"2021-04-06T08:14:06","guid":{"rendered":"https:\/\/zenkit.com\/baeckerei-sipl\/"},"modified":"2025-11-03T08:13:16","modified_gmt":"2025-11-03T07:13:16","slug":"baeckerei-sipl","status":"publish","type":"page","link":"https:\/\/zenkit.com\/pt-br\/baeckerei-sipl\/","title":{"rendered":"B\u00e4ckerei Sipl"},"content":{"rendered":"\n<div class=\"wp-block-group page__header has-global-padding is-layout-constrained wp-block-group-is-layout-constrained\">\n<div class=\"wp-block-group width--950 has-global-padding is-layout-constrained wp-block-group-is-layout-constrained\">\n<div style=\"height:45px;--tablet-height:45px;--mobile-height:16px\" class=\"wp-block-lookeen-blocks-responsive-spacer\"><\/div>\n\n\n\n<div class=\"wp-block-group has-global-padding is-layout-constrained wp-block-group-is-layout-constrained\">\n<h1 class=\"wp-block-heading has-text-align-center\" style=\"margin-bottom:8px\">Hist\u00f3ria de sucesso: Padaria Sipl<\/h1>\n<\/div>\n\n\n\n<div class=\"wp-block-group has-global-padding is-layout-constrained wp-block-group-is-layout-constrained\">\n<p class=\"has-text-align-center subheading\">A padaria Sipl organiza processos empresariais importantes de forma significativamente mais eficaz com a ajuda da Zenkit.<\/p>\n<\/div>\n\n\n\n<div style=\"height:48px;--tablet-height:36px;--mobile-height:24px\" class=\"wp-block-lookeen-blocks-responsive-spacer\"><\/div>\n\n\n\n<section class=\"wp-block-group da-banner-customer-story-pattern is-layout-flow wp-block-group-is-layout-flow\">\n<div class=\"wp-block-group container container--small is-layout-flow wp-block-group-is-layout-flow\">\n<div class=\"wp-block-group da-banner-customer-story-pattern__image-wrapper is-layout-flow wp-block-group-is-layout-flow\">\n<figure class=\"wp-block-image size-large\"><img loading=\"lazy\" decoding=\"async\" width=\"1024\" height=\"695\" src=\"https:\/\/zenkit.com\/wp-content\/uploads\/2025\/05\/baeckerei-sipl-team-1024x695.webp\" alt=\"sipl team\" class=\"wp-image-113166\" srcset=\"https:\/\/zenkit.com\/wp-content\/uploads\/2025\/05\/baeckerei-sipl-team-1024x695.webp 1024w, https:\/\/zenkit.com\/wp-content\/uploads\/2025\/05\/baeckerei-sipl-team-300x204.webp 300w, https:\/\/zenkit.com\/wp-content\/uploads\/2025\/05\/baeckerei-sipl-team-768x521.webp 768w, https:\/\/zenkit.com\/wp-content\/uploads\/2025\/05\/baeckerei-sipl-team-1536x1042.webp 1536w, https:\/\/zenkit.com\/wp-content\/uploads\/2025\/05\/baeckerei-sipl-team.webp 1637w\" sizes=\"auto, (max-width: 1024px) 100vw, 1024px\" \/><\/figure>\n\n\n\n<figure class=\"wp-block-image size-full da-banner-customer-story-pattern__logo\"><img loading=\"lazy\" decoding=\"async\" width=\"580\" height=\"266\" src=\"https:\/\/zenkit.com\/wp-content\/uploads\/2025\/05\/sipl-logo.webp\" alt=\"sipl logo\" class=\"wp-image-113177\" srcset=\"https:\/\/zenkit.com\/wp-content\/uploads\/2025\/05\/sipl-logo.webp 580w, https:\/\/zenkit.com\/wp-content\/uploads\/2025\/05\/sipl-logo-300x138.webp 300w\" sizes=\"auto, (max-width: 580px) 100vw, 580px\" \/><\/figure>\n<\/div>\n<\/div>\n<\/section>\n\n\n\n<div style=\"height:88px;--tablet-height:72px;--mobile-height:40px\" class=\"wp-block-lookeen-blocks-responsive-spacer\"><\/div>\n\n\n\n<p class=\"has-text-align-center\"><strong>A B\u00e4ckerei Sipl GmbH \u00e9 uma padaria familiar de m\u00e9dio porte com sede na Baviera, fundada em 1914. Sua filosofia \u00e9 produzir cada p\u00e3o, bolinho, bolo e doce com amor, cuidado e de maneira tradicional. Tendo em vista essa filosofia, eles tamb\u00e9m garantem que nenhum produto congelado ou pr\u00e9-fabricado seja vendido. A marca \u00e9 apreciada por muitas pessoas e a empresa j\u00e1 abriu cerca de 50 padarias f\u00edsicas at\u00e9 o momento.<\/strong><\/p>\n\n\n\n<p class=\"has-text-align-center\"><strong>Quais s\u00e3o os segredos que tornaram a padaria Sipl uma marca t\u00e3o bem-sucedida? Franz Sipl, propriet\u00e1rio da padaria, tem o prazer de nos contar por que a Zenkit desempenha um papel fundamental na melhoria de seus neg\u00f3cios.<\/strong><\/p>\n<\/div>\n\n\n\n<div style=\"height:88px;--tablet-height:72px;--mobile-height:40px\" class=\"wp-block-lookeen-blocks-responsive-spacer\"><\/div>\n<\/div>\n\n\n\n<section class=\"wp-block-group da-columns-cards has-global-padding is-layout-constrained wp-block-group-is-layout-constrained\">\n<div class=\"wp-block-group container has-global-padding is-layout-constrained wp-block-group-is-layout-constrained\">\n<div class=\"wp-block-columns is-not-stacked-on-mobile is-layout-flex wp-container-core-columns-is-layout-28f84493 wp-block-columns-is-layout-flex\">\n<div class=\"wp-block-column is-layout-flow wp-block-column-is-layout-flow\">\n<figure class=\"wp-block-image aligncenter size-full\"><img decoding=\"async\" src=\"https:\/\/zenkit.com\/wp-content\/uploads\/2025\/03\/loca-1.svg\" alt=\"location pin\" class=\"wp-image-111491\"\/><\/figure>\n\n\n\n<p class=\"has-text-align-center is-style-default\">Bavaria,<br>Germany<\/p>\n<\/div>\n\n\n\n<div class=\"wp-block-column is-layout-flow wp-block-column-is-layout-flow\">\n<figure class=\"wp-block-image aligncenter size-full\"><img decoding=\"async\" src=\"https:\/\/zenkit.com\/wp-content\/uploads\/2025\/03\/loca-2.svg\" alt=\"people\" class=\"wp-image-111501\"\/><\/figure>\n\n\n\n<p class=\"has-text-align-center\">600<br>funcion\u00e1rios<\/p>\n<\/div>\n\n\n\n<div class=\"wp-block-column is-layout-flow wp-block-column-is-layout-flow\">\n<figure class=\"wp-block-image aligncenter size-full\"><img decoding=\"async\" src=\"https:\/\/zenkit.com\/wp-content\/uploads\/2025\/03\/loca-3.svg\" alt=\"website\" class=\"wp-image-111511\"\/><\/figure>\n\n\n\n<p class=\"has-text-align-center link_style-inherit\"><a href=\"https:\/\/www.sipl.de\/\" target=\"_blank\" rel=\"noreferrer noopener\">www.sipl.de<\/a><\/p>\n<\/div>\n\n\n\n<div class=\"wp-block-column is-layout-flow wp-block-column-is-layout-flow\">\n<figure class=\"wp-block-image aligncenter size-full\"><img decoding=\"async\" src=\"https:\/\/zenkit.com\/wp-content\/uploads\/2025\/05\/base-1.svg\" alt=\"zenkit Base and Zenchat\" class=\"wp-image-112995\"\/><\/figure>\n\n\n\n<p class=\"has-text-align-center\">1 ano utilizando<br>Zenkit Base<\/p>\n<\/div>\n\n\n\n<div class=\"wp-block-column is-layout-flow wp-block-column-is-layout-flow\">\n<figure class=\"wp-block-image aligncenter size-full\"><img decoding=\"async\" src=\"https:\/\/zenkit.com\/wp-content\/uploads\/2025\/03\/loca-5.svg\" alt=\"Project Management, documentation\n&amp; team communication\" class=\"wp-image-111531\"\/><\/figure>\n\n\n\n<p class=\"has-text-align-center\">Gerenciamento de tarefas, Wiki da equipe<br>e gerenciamento de processos<\/p>\n<\/div>\n<\/div>\n<\/div>\n<\/section>\n\n\n\n<div class=\"wp-block-group has-global-padding is-layout-constrained wp-block-group-is-layout-constrained\">\n<div style=\"height:88px;--tablet-height:72px;--mobile-height:40px\" class=\"wp-block-lookeen-blocks-responsive-spacer\"><\/div>\n\n\n\n<div class=\"wp-block-columns is-style-default is-layout-flex wp-container-core-columns-is-layout-2eb748b2 wp-block-columns-is-layout-flex\" style=\"margin-top:0px;margin-bottom:0px\">\n<div class=\"wp-block-column is-layout-flow wp-block-column-is-layout-flow\">\n<h2 class=\"wp-block-heading\" style=\"margin-top:0;margin-right:0;margin-bottom:0;margin-left:0\">\u201cO Zenkit \u00e9 O Local Central onde podemos organizar processos importantes.\u201d<\/h2>\n\n\n\n<div style=\"height:24px;--tablet-height:24px;--mobile-height:24px\" class=\"wp-block-lookeen-blocks-responsive-spacer\"><\/div>\n\n\n\n<hr class=\"wp-block-separator has-alpha-channel-opacity is-style-colored-line\"\/>\n<\/div>\n\n\n\n<div class=\"wp-block-column is-layout-flow wp-block-column-is-layout-flow\">\n<p class=\"has-da-grey-2-color has-text-color has-link-color wp-elements-fc091bc31b5bcc3084e85b118de6a2ba\">N\u00e3o \u00e9 tarefa f\u00e1cil administrar uma empresa com centenas de funcion\u00e1rios. Acima de tudo, \u00e9 um desafio para a padaria Sipl ficar atenta a cada pequeno detalhe na fabrica\u00e7\u00e3o de produtos e servi\u00e7os de alta qualidade. Franz contou que, ap\u00f3s a introdu\u00e7\u00e3o do Zenkit em sua equipe h\u00e1 um ano, eles puderam transferir a gest\u00e3o de muitas coisas para o Zenkit devido \u00e0s suas amplas funcionalidades.<\/p>\n\n\n\n<p class=\"has-da-grey-2-color has-text-color has-link-color wp-elements-aee2b3cb572b4070792f47a81a6843b4\">Com o Zenkit, voc\u00ea pode realizar controle de qualidade, gerenciamento de aplicativos e instala\u00e7\u00f5es, CRM, planejamento financeiro, reuni\u00f5es, caronas, gerenciamento de tarefas, Wikipedia para vendas e produ\u00e7\u00e3o, bate-papo interno e muitos outros processos importantes para sua opera\u00e7\u00e3o.<\/p>\n<\/div>\n<\/div>\n\n\n\n<div style=\"height:88px;--tablet-height:72px;--mobile-height:40px\" class=\"wp-block-lookeen-blocks-responsive-spacer\"><\/div>\n\n\n\n<div class=\"wp-block-columns is-style-da-column-order-reverse is-layout-flex wp-container-core-columns-is-layout-2eb748b2 wp-block-columns-is-layout-flex\" style=\"margin-top:0px;margin-bottom:0px\">\n<div class=\"wp-block-column is-layout-flow wp-block-column-is-layout-flow\">\n<p class=\"has-da-grey-2-color has-text-color has-link-color wp-elements-c2e03e09635c874774141e9f1b4cdb12\">Como a padaria Sipl tem agora 50 filiais, uma comunica\u00e7\u00e3o eficiente \u00e9 particularmente importante para eles. Franz nos deu um exemplo adequado que mostra como a sede e as diferentes lojas podem se comunicar perfeitamente com a ajuda do Zenkit.<\/p>\n\n\n\n<p>Quando se trata de administrar uma padaria, \u00e9 importante garantir que todas as m\u00e1quinas e equipamentos estejam funcionando bem. Na padaria Sipl, eles criaram uma cole\u00e7\u00e3o Zenkit exatamente para esse fim. Isso significa que as lojas que t\u00eam uma solicita\u00e7\u00e3o de reparo de equipamentos simplesmente criam um novo item nessa cole\u00e7\u00e3o Zenkit. Na sede da padaria, \u00e9 poss\u00edvel verificar facilmente o t\u00e9cnico respons\u00e1vel e atribuir as tarefas correspondentes. Assim que o reparo for conclu\u00eddo, cada t\u00e9cnico pode simplesmente marcar a caixa de sele\u00e7\u00e3o para marcar a tarefa como conclu\u00edda.<\/p>\n\n\n\n<p class=\"has-da-grey-2-color has-text-color has-link-color wp-elements-bb216be3fd9b32c28bb07a21c40eaa5d\">Como se pode ver neste exemplo, com a ajuda do Zenkit, a sede, as lojas e os artes\u00e3os ficam sempre a par do que est\u00e1 acontecendo. Al\u00e9m disso, Franz tamb\u00e9m gosta do fato de que cada membro p\u00f4de criar suas pr\u00f3prias visualiza\u00e7\u00f5es na cole\u00e7\u00e3o para atender \u00e0s suas prefer\u00eancias pessoais, sem afetar o fluxo de trabalho dos outros.<\/p>\n<\/div>\n\n\n\n<div class=\"wp-block-column is-layout-flow wp-block-column-is-layout-flow\">\n<h2 class=\"wp-block-heading\" style=\"margin-top:0;margin-right:0;margin-bottom:0;margin-left:0\">\u201cO Zenkit facilita a comunica\u00e7\u00e3o entre nossa sede e as diferentes lojas.\u201d<\/h2>\n\n\n\n<div style=\"height:24px;--tablet-height:24px;--mobile-height:24px\" class=\"wp-block-lookeen-blocks-responsive-spacer\"><\/div>\n\n\n\n<hr class=\"wp-block-separator has-alpha-channel-opacity is-style-colored-line\"\/>\n<\/div>\n<\/div>\n<\/div>\n\n\n\n<div class=\"wp-block-group has-global-padding is-layout-constrained wp-block-group-is-layout-constrained\">\n<div style=\"height:88px;--tablet-height:72px;--mobile-height:40px\" class=\"wp-block-lookeen-blocks-responsive-spacer\"><\/div>\n\n\n\n<div class=\"wp-block-group has-global-padding is-layout-constrained wp-container-core-group-is-layout-61f7a5d6 wp-block-group-is-layout-constrained\">\n<figure class=\"wp-block-image aligncenter size-full border-radius--20 overflow__hidden box__shadow\"><img loading=\"lazy\" decoding=\"async\" width=\"795\" height=\"495\" src=\"https:\/\/zenkit.com\/wp-content\/uploads\/2025\/05\/sipl-impression.webp\" alt=\"B\u00e4ckerei Sipl GmbH \" class=\"wp-image-113188\" srcset=\"https:\/\/zenkit.com\/wp-content\/uploads\/2025\/05\/sipl-impression.webp 795w, https:\/\/zenkit.com\/wp-content\/uploads\/2025\/05\/sipl-impression-300x187.webp 300w, https:\/\/zenkit.com\/wp-content\/uploads\/2025\/05\/sipl-impression-768x478.webp 768w\" sizes=\"auto, (max-width: 795px) 100vw, 795px\" \/><\/figure>\n<\/div>\n\n\n\n<div style=\"height:88px;--tablet-height:72px;--mobile-height:40px\" class=\"wp-block-lookeen-blocks-responsive-spacer\"><\/div>\n<\/div>\n\n\n\n<div class=\"wp-block-group has-global-padding is-layout-constrained wp-block-group-is-layout-constrained\">\n<div class=\"wp-block-columns is-style-default is-layout-flex wp-container-core-columns-is-layout-2eb748b2 wp-block-columns-is-layout-flex\" style=\"margin-top:0px;margin-bottom:0px\">\n<div class=\"wp-block-column is-layout-flow wp-block-column-is-layout-flow\">\n<h2 class=\"wp-block-heading\" style=\"margin-top:0;margin-right:0;margin-bottom:0;margin-left:0\">\u201cReduzimos o tempo necess\u00e1rio para resolver problemas com a ajuda do Zenkit.\u201d<\/h2>\n\n\n\n<div style=\"height:24px;--tablet-height:24px;--mobile-height:24px\" class=\"wp-block-lookeen-blocks-responsive-spacer\"><\/div>\n\n\n\n<hr class=\"wp-block-separator has-alpha-channel-opacity is-style-colored-line\"\/>\n<\/div>\n\n\n\n<div class=\"wp-block-column is-layout-flow wp-block-column-is-layout-flow\">\n<p class=\"has-da-grey-2-color has-text-color has-link-color wp-elements-4a988f9cb3cc24edb943261da78830fe\">Seria ing\u00eanuo acreditar que uma organiza\u00e7\u00e3o nunca encontrar\u00e1 problemas ap\u00f3s a implementa\u00e7\u00e3o do Zenkit. Em um mundo em constante mudan\u00e7a, toda empresa enfrenta novos e diferentes problemas de vez em quando, n\u00e3o importa o qu\u00e3o bem preparada esteja.<\/p>\n\n\n\n<p class=\"has-da-grey-2-color has-text-color has-link-color wp-elements-203c4c637c496bbc6e471e2a3598e8ad\">Franz, no entanto, v\u00ea a resolu\u00e7\u00e3o do problema de forma positiva. Para ele, as solu\u00e7\u00f5es surgem quando se come\u00e7a a lidar com elas. Ele ressalta que o Zenkit permite a digitaliza\u00e7\u00e3o de seus processos e, com recursos como \u201cE-mail para cole\u00e7\u00e3o\u201d e \u201cConex\u00e3o com o Zenchat\u201d (outro produto da su\u00edte Zenkit), economiza tempo ao alternar entre diferentes ferramentas para resolver os problemas que surgem. Em resumo, pode-se dizer que o Zenkit, como uma solu\u00e7\u00e3o digital bem concebida, ajuda a conduzir os neg\u00f3cios de forma mais eficiente!<\/p>\n<\/div>\n<\/div>\n\n\n\n<div style=\"height:88px;--tablet-height:72px;--mobile-height:40px\" class=\"wp-block-lookeen-blocks-responsive-spacer\"><\/div>\n\n\n\n<div class=\"wp-block-columns is-style-da-column-order-reverse is-layout-flex wp-container-core-columns-is-layout-2eb748b2 wp-block-columns-is-layout-flex\" style=\"margin-top:0px;margin-bottom:0px\">\n<div class=\"wp-block-column is-layout-flow wp-block-column-is-layout-flow\">\n<p class=\"has-da-grey-2-color has-text-color has-link-color wp-elements-10c180f45dc29befca16bff3a56fd260\">Franz destacou como o Zenkit facilitou o trabalho em equipe, trazendo transpar\u00eancia para sua organiza\u00e7\u00e3o. Franz e sua equipe gerenciam grandes volumes de dados diariamente, o que naturalmente os leva a questionar se informa\u00e7\u00f5es importantes est\u00e3o sendo perdidas em meio a um fluxo excessivo de dados. \u00c9 claro que a perda de dados dessa forma n\u00e3o \u00e9 desej\u00e1vel, pois isso prejudicaria o sucesso da comunica\u00e7\u00e3o e do trabalho em equipe.<\/p>\n\n\n\n<p>No entanto, segundo Franz, o Zenkit permite reunir grandes volumes de dados e detalhes de processos em um \u00fanico dispositivo. Ele acrescentou que os membros da equipe est\u00e3o sempre bem informados, pois os dados s\u00e3o apresentados de forma clara e adequada com o Zenkit.<\/p>\n\n\n\n<p class=\"has-da-grey-2-color has-text-color has-link-color wp-elements-83420c74af099ad1dee8c819a8c4bc1c\">Por fim, Franz mencionou um ponto importante que \u00e9 importante para todas as empresas: os custos. Utilizar o Zenkit em uma empresa \u00e9 uma decis\u00e3o econ\u00f4mica. Como Franz concluiu, o Zenkit pode substituir muitos sistemas utilizados em outras empresas. Quando uma empresa opta pelo Zenkit, n\u00e3o precisa investir em muitas outras ferramentas!<\/p>\n<\/div>\n\n\n\n<div class=\"wp-block-column is-layout-flow wp-block-column-is-layout-flow\">\n<h2 class=\"wp-block-heading\" style=\"margin-top:0;margin-right:0;margin-bottom:0;margin-left:0\">\u201cA transpar\u00eancia do Zenkit facilita a colabora\u00e7\u00e3o da nossa equipe\u201d<\/h2>\n\n\n\n<div style=\"height:24px;--tablet-height:24px;--mobile-height:24px\" class=\"wp-block-lookeen-blocks-responsive-spacer\"><\/div>\n\n\n\n<hr class=\"wp-block-separator has-alpha-channel-opacity is-style-colored-line\"\/>\n<\/div>\n<\/div>\n<\/div>\n\n\n\n<div style=\"height:88px;--tablet-height:72px;--mobile-height:40px\" class=\"wp-block-lookeen-blocks-responsive-spacer\"><\/div>\n\n\n\n<div class=\"wp-block-group has-global-padding is-layout-constrained wp-block-group-is-layout-constrained\">\n<div class=\"wp-block-buttons is-content-justification-center is-layout-flex wp-container-core-buttons-is-layout-f78c5dac wp-block-buttons-is-layout-flex\" style=\"margin-top:0px;margin-bottom:0px\">\n<div class=\"wp-block-button is-style-rainbow\"><a class=\"wp-block-button__link wp-element-button\" href=\"https:\/\/zenkit.com\/wp-content\/uploads\/2023\/09\/zenkit-customer-story-baeckerei-sipl-de.pdf\" target=\"_blank\" rel=\"noreferrer noopener\"><span>Baixar PDF<\/span><\/a><\/div>\n<\/div>\n<\/div>\n\n\n\n<div style=\"height:110px;--tablet-height:60px;--mobile-height:48px\" class=\"wp-block-lookeen-blocks-responsive-spacer\"><\/div>\n","protected":false},"excerpt":{"rendered":"<p>Hist\u00f3ria de sucesso: Padaria Sipl A padaria Sipl organiza processos empresariais importantes de forma significativamente mais eficaz com a ajuda da Zenkit. A B\u00e4ckerei Sipl GmbH \u00e9 uma padaria familiar de m\u00e9dio porte com sede na Baviera, fundada em 1914. Sua filosofia \u00e9 produzir cada p\u00e3o, bolinho, bolo e doce com amor, cuidado e de [&hellip;]<\/p>\n","protected":false},"author":28,"featured_media":0,"parent":0,"menu_order":0,"comment_status":"closed","ping_status":"closed","template":"","meta":{"yasr_overall_rating":0,"yasr_post_is_review":"","yasr_auto_insert_disabled":"","yasr_review_type":"","footnotes":""},"class_list":["post-173873","page","type-page","status-publish","hentry"],"yoast_head":"<!-- This site is optimized with the Yoast SEO plugin v27.4 - https:\/\/yoast.com\/product\/yoast-seo-wordpress\/ -->\n<title>B\u00e4ckerei Sipl | Zenkit<\/title>\n<meta name=\"robots\" content=\"index, follow, max-snippet:-1, max-image-preview:large, max-video-preview:-1\" \/>\n<link rel=\"canonical\" href=\"https:\/\/zenkit.com\/pt-br\/baeckerei-sipl\/\" \/>\n<meta property=\"og:locale\" content=\"pt_BR\" \/>\n<meta property=\"og:type\" content=\"article\" \/>\n<meta property=\"og:title\" content=\"B\u00e4ckerei Sipl | Zenkit\" \/>\n<meta property=\"og:description\" content=\"Hist\u00f3ria de sucesso: Padaria Sipl A padaria Sipl organiza processos empresariais importantes de forma significativamente mais eficaz com a ajuda da Zenkit. A B\u00e4ckerei Sipl GmbH \u00e9 uma padaria familiar de m\u00e9dio porte com sede na Baviera, fundada em 1914. Sua filosofia \u00e9 produzir cada p\u00e3o, bolinho, bolo e doce com amor, cuidado e de [&hellip;]\" \/>\n<meta property=\"og:url\" content=\"https:\/\/zenkit.com\/pt-br\/baeckerei-sipl\/\" \/>\n<meta property=\"og:site_name\" content=\"Zenkit\" \/>\n<meta property=\"article:publisher\" content=\"https:\/\/www.facebook.com\/ZenkitHQ\" \/>\n<meta property=\"article:modified_time\" content=\"2025-11-03T07:13:16+00:00\" \/>\n<meta property=\"og:image\" content=\"https:\/\/zenkit.com\/wp-content\/uploads\/2021\/05\/Sipl-1.png\" \/>\n<meta name=\"twitter:card\" content=\"summary_large_image\" \/>\n<meta name=\"twitter:image\" content=\"https:\/\/zenkit.com\/wp-content\/uploads\/2021\/05\/Sipl-1.png\" \/>\n<meta name=\"twitter:site\" content=\"@ZenkitHQ\" \/>\n<meta name=\"twitter:label1\" content=\"Est. tempo de leitura\" \/>\n\t<meta name=\"twitter:data1\" content=\"36 minutos\" \/>\n<script type=\"application\/ld+json\" class=\"yoast-schema-graph\">{\"@context\":\"https:\\\/\\\/schema.org\",\"@graph\":[{\"@type\":\"WebPage\",\"@id\":\"https:\\\/\\\/zenkit.com\\\/pt-br\\\/baeckerei-sipl\\\/\",\"url\":\"https:\\\/\\\/zenkit.com\\\/pt-br\\\/baeckerei-sipl\\\/\",\"name\":\"B\u00e4ckerei Sipl | Zenkit\",\"isPartOf\":{\"@id\":\"https:\\\/\\\/zenkit.com\\\/pt-br\\\/#website\"},\"primaryImageOfPage\":{\"@id\":\"https:\\\/\\\/zenkit.com\\\/pt-br\\\/baeckerei-sipl\\\/#primaryimage\"},\"image\":{\"@id\":\"https:\\\/\\\/zenkit.com\\\/pt-br\\\/baeckerei-sipl\\\/#primaryimage\"},\"thumbnailUrl\":\"https:\\\/\\\/zenkit.com\\\/wp-content\\\/uploads\\\/2025\\\/05\\\/baeckerei-sipl-team-1024x695.webp\",\"datePublished\":\"2021-04-06T08:14:06+00:00\",\"dateModified\":\"2025-11-03T07:13:16+00:00\",\"breadcrumb\":{\"@id\":\"https:\\\/\\\/zenkit.com\\\/pt-br\\\/baeckerei-sipl\\\/#breadcrumb\"},\"inLanguage\":\"pt-BR\",\"potentialAction\":[{\"@type\":\"ReadAction\",\"target\":[\"https:\\\/\\\/zenkit.com\\\/pt-br\\\/baeckerei-sipl\\\/\"]}]},{\"@type\":\"ImageObject\",\"inLanguage\":\"pt-BR\",\"@id\":\"https:\\\/\\\/zenkit.com\\\/pt-br\\\/baeckerei-sipl\\\/#primaryimage\",\"url\":\"https:\\\/\\\/zenkit.com\\\/wp-content\\\/uploads\\\/2025\\\/05\\\/baeckerei-sipl-team-1024x695.webp\",\"contentUrl\":\"https:\\\/\\\/zenkit.com\\\/wp-content\\\/uploads\\\/2025\\\/05\\\/baeckerei-sipl-team-1024x695.webp\"},{\"@type\":\"BreadcrumbList\",\"@id\":\"https:\\\/\\\/zenkit.com\\\/pt-br\\\/baeckerei-sipl\\\/#breadcrumb\",\"itemListElement\":[{\"@type\":\"ListItem\",\"position\":1,\"name\":\"Home\",\"item\":\"https:\\\/\\\/zenkit.com\\\/pt-br\\\/\"},{\"@type\":\"ListItem\",\"position\":2,\"name\":\"B\u00e4ckerei Sipl\"}]},{\"@type\":\"WebSite\",\"@id\":\"https:\\\/\\\/zenkit.com\\\/pt-br\\\/#website\",\"url\":\"https:\\\/\\\/zenkit.com\\\/pt-br\\\/\",\"name\":\"Zenkit\",\"description\":\"Zenkit Tagline\",\"potentialAction\":[{\"@type\":\"SearchAction\",\"target\":{\"@type\":\"EntryPoint\",\"urlTemplate\":\"https:\\\/\\\/zenkit.com\\\/pt-br\\\/?s={search_term_string}\"},\"query-input\":{\"@type\":\"PropertyValueSpecification\",\"valueRequired\":true,\"valueName\":\"search_term_string\"}}],\"inLanguage\":\"pt-BR\"},false]}<\/script>\n<!-- \/ Yoast SEO plugin. -->","yoast_head_json":{"title":"B\u00e4ckerei Sipl | Zenkit","robots":{"index":"index","follow":"follow","max-snippet":"max-snippet:-1","max-image-preview":"max-image-preview:large","max-video-preview":"max-video-preview:-1"},"canonical":"https:\/\/zenkit.com\/pt-br\/baeckerei-sipl\/","og_locale":"pt_BR","og_type":"article","og_title":"B\u00e4ckerei Sipl | Zenkit","og_description":"Hist\u00f3ria de sucesso: Padaria Sipl A padaria Sipl organiza processos empresariais importantes de forma significativamente mais eficaz com a ajuda da Zenkit. A B\u00e4ckerei Sipl GmbH \u00e9 uma padaria familiar de m\u00e9dio porte com sede na Baviera, fundada em 1914. Sua filosofia \u00e9 produzir cada p\u00e3o, bolinho, bolo e doce com amor, cuidado e de [&hellip;]","og_url":"https:\/\/zenkit.com\/pt-br\/baeckerei-sipl\/","og_site_name":"Zenkit","article_publisher":"https:\/\/www.facebook.com\/ZenkitHQ","article_modified_time":"2025-11-03T07:13:16+00:00","og_image":[{"url":"https:\/\/zenkit.com\/wp-content\/uploads\/2021\/05\/Sipl-1.png","type":"","width":"","height":""}],"twitter_card":"summary_large_image","twitter_image":"https:\/\/zenkit.com\/wp-content\/uploads\/2021\/05\/Sipl-1.png","twitter_site":"@ZenkitHQ","twitter_misc":{"Est. tempo de leitura":"36 minutos"},"schema":{"@context":"https:\/\/schema.org","@graph":[{"@type":"WebPage","@id":"https:\/\/zenkit.com\/pt-br\/baeckerei-sipl\/","url":"https:\/\/zenkit.com\/pt-br\/baeckerei-sipl\/","name":"B\u00e4ckerei Sipl | Zenkit","isPartOf":{"@id":"https:\/\/zenkit.com\/pt-br\/#website"},"primaryImageOfPage":{"@id":"https:\/\/zenkit.com\/pt-br\/baeckerei-sipl\/#primaryimage"},"image":{"@id":"https:\/\/zenkit.com\/pt-br\/baeckerei-sipl\/#primaryimage"},"thumbnailUrl":"https:\/\/zenkit.com\/wp-content\/uploads\/2025\/05\/baeckerei-sipl-team-1024x695.webp","datePublished":"2021-04-06T08:14:06+00:00","dateModified":"2025-11-03T07:13:16+00:00","breadcrumb":{"@id":"https:\/\/zenkit.com\/pt-br\/baeckerei-sipl\/#breadcrumb"},"inLanguage":"pt-BR","potentialAction":[{"@type":"ReadAction","target":["https:\/\/zenkit.com\/pt-br\/baeckerei-sipl\/"]}]},{"@type":"ImageObject","inLanguage":"pt-BR","@id":"https:\/\/zenkit.com\/pt-br\/baeckerei-sipl\/#primaryimage","url":"https:\/\/zenkit.com\/wp-content\/uploads\/2025\/05\/baeckerei-sipl-team-1024x695.webp","contentUrl":"https:\/\/zenkit.com\/wp-content\/uploads\/2025\/05\/baeckerei-sipl-team-1024x695.webp"},{"@type":"BreadcrumbList","@id":"https:\/\/zenkit.com\/pt-br\/baeckerei-sipl\/#breadcrumb","itemListElement":[{"@type":"ListItem","position":1,"name":"Home","item":"https:\/\/zenkit.com\/pt-br\/"},{"@type":"ListItem","position":2,"name":"B\u00e4ckerei Sipl"}]},{"@type":"WebSite","@id":"https:\/\/zenkit.com\/pt-br\/#website","url":"https:\/\/zenkit.com\/pt-br\/","name":"Zenkit","description":"Zenkit Tagline","potentialAction":[{"@type":"SearchAction","target":{"@type":"EntryPoint","urlTemplate":"https:\/\/zenkit.com\/pt-br\/?s={search_term_string}"},"query-input":{"@type":"PropertyValueSpecification","valueRequired":true,"valueName":"search_term_string"}}],"inLanguage":"pt-BR"},false]}},"yasr_visitor_votes":{"stars_attributes":{"read_only":false,"span_bottom":false},"number_of_votes":0,"sum_votes":0},"_links":{"self":[{"href":"https:\/\/zenkit.com\/pt-br\/wp-json\/wp\/v2\/pages\/173873","targetHints":{"allow":["GET"]}}],"collection":[{"href":"https:\/\/zenkit.com\/pt-br\/wp-json\/wp\/v2\/pages"}],"about":[{"href":"https:\/\/zenkit.com\/pt-br\/wp-json\/wp\/v2\/types\/page"}],"author":[{"embeddable":true,"href":"https:\/\/zenkit.com\/pt-br\/wp-json\/wp\/v2\/users\/28"}],"replies":[{"embeddable":true,"href":"https:\/\/zenkit.com\/pt-br\/wp-json\/wp\/v2\/comments?post=173873"}],"version-history":[{"count":2,"href":"https:\/\/zenkit.com\/pt-br\/wp-json\/wp\/v2\/pages\/173873\/revisions"}],"predecessor-version":[{"id":173877,"href":"https:\/\/zenkit.com\/pt-br\/wp-json\/wp\/v2\/pages\/173873\/revisions\/173877"}],"wp:attachment":[{"href":"https:\/\/zenkit.com\/pt-br\/wp-json\/wp\/v2\/media?parent=173873"}],"curies":[{"name":"wp","href":"https:\/\/api.w.org\/{rel}","templated":true}]}}