{"id":19715,"date":"2018-11-19T16:12:17","date_gmt":"2018-11-19T15:12:17","guid":{"rendered":"https:\/\/zenkit.com\/affiliate\/"},"modified":"2025-10-31T13:20:36","modified_gmt":"2025-10-31T12:20:36","slug":"affiliate","status":"publish","type":"page","link":"https:\/\/zenkit.com\/pt-br\/affiliate\/","title":{"rendered":"Affiliate"},"content":{"rendered":"\n<div class=\"wp-block-group has-global-padding is-layout-constrained wp-block-group-is-layout-constrained\">\n<div class=\"wp-block-group width--950 has-global-padding is-layout-constrained wp-block-group-is-layout-constrained\">\n<div style=\"height:45px;--tablet-height:45px;--mobile-height:16px\" class=\"wp-block-lookeen-blocks-responsive-spacer\"><\/div>\n\n\n\n<div class=\"wp-block-group has-global-padding is-layout-constrained wp-block-group-is-layout-constrained\">\n<h1 class=\"wp-block-heading has-text-align-center\" style=\"margin-bottom:8px\">Torne-se um afiliado Zenkit<\/h1>\n<\/div>\n\n\n\n<div style=\"height:48px;--tablet-height:36px;--mobile-height:24px\" class=\"wp-block-lookeen-blocks-responsive-spacer\"><\/div>\n\n\n\n<div class=\"wp-block-group has-global-padding is-layout-constrained wp-container-core-group-is-layout-bdbfdc43 wp-block-group-is-layout-constrained\">\n<figure class=\"wp-block-image aligncenter size-full\"><img loading=\"lazy\" decoding=\"async\" width=\"800\" height=\"667\" src=\"https:\/\/zenkit.com\/wp-content\/uploads\/2021\/06\/zenkit-affiliate.png\" alt=\"Torne-se um afiliado Zenkit\" class=\"wp-image-63418\" srcset=\"https:\/\/zenkit.com\/wp-content\/uploads\/2021\/06\/zenkit-affiliate.png 800w, https:\/\/zenkit.com\/wp-content\/uploads\/2021\/06\/zenkit-affiliate-300x250.png 300w, https:\/\/zenkit.com\/wp-content\/uploads\/2021\/06\/zenkit-affiliate-768x640.png 768w\" sizes=\"auto, (max-width: 800px) 100vw, 800px\" \/><\/figure>\n<\/div>\n\n\n\n<div style=\"height:48px;--tablet-height:36px;--mobile-height:24px\" class=\"wp-block-lookeen-blocks-responsive-spacer\"><\/div>\n\n\n\n<div class=\"wp-block-group has-global-padding is-layout-constrained wp-container-core-group-is-layout-bdbfdc43 wp-block-group-is-layout-constrained\">\n<p class=\"has-text-align-center\">Ama Zenkit e est\u00e1 ansioso para fazer um dinheiro extra?<\/p>\n\n\n\n<p class=\"has-text-align-center\">Nosso programa de afiliados oferece aos entusiastas de Zenkit a chance de ganhar dinheiro enquanto ap\u00f3iam sua ferramenta favorita de gerenciamento de projetos.<\/p>\n\n\n\n<div class=\"wp-block-buttons is-content-justification-center is-layout-flex wp-container-core-buttons-is-layout-a89b3969 wp-block-buttons-is-layout-flex\">\n<div class=\"wp-block-button\"><a class=\"wp-block-button__link wp-element-button\" href=\"https:\/\/zenkit.com\/en\/contact-us-affiliate\">Torne-se um afiliado<\/a><\/div>\n<\/div>\n<\/div>\n<\/div>\n\n\n\n<div style=\"height:88px;--tablet-height:72px;--mobile-height:40px\" class=\"wp-block-lookeen-blocks-responsive-spacer\"><\/div>\n<\/div>\n\n\n\n<div class=\"wp-block-group has-global-padding is-layout-constrained wp-block-group-is-layout-constrained\">\n<h2 class=\"wp-block-heading has-text-align-center\">O que est\u00e1 em oferta?<\/h2>\n\n\n\n<p class=\"has-text-align-center\">Receba uma comiss\u00e3o por cada assinatura paga que voc\u00ea recruta.<\/p>\n\n\n\n<p class=\"has-text-align-center\">Como funciona o programa:<\/p>\n\n\n\n<div style=\"height:48px;--tablet-height:36px;--mobile-height:24px\" class=\"wp-block-lookeen-blocks-responsive-spacer\"><\/div>\n\n\n\n<div class=\"wp-block-group affiliate__grid has-global-padding is-layout-constrained wp-block-group-is-layout-constrained\">\n<div class=\"wp-block-group affiliate__box has-global-padding is-layout-constrained wp-block-group-is-layout-constrained\" style=\"border-radius:20px\">\n<div class=\"wp-block-group has-global-padding is-layout-constrained wp-block-group-is-layout-constrained\" style=\"margin-bottom:4px\">\n<h3 class=\"wp-block-heading has-text-align-center card__title\">\u00c9 gr\u00e1tis para participar!<\/h3>\n<\/div>\n\n\n\n<p class=\"has-text-align-center has-da-grey-1-color has-text-color has-link-color wp-elements-f79f0e026d428421c7d5c3b1ef222978\">Nosso programa de afiliados tem custo absolutamente nenhum para entrar.<\/p>\n<\/div>\n\n\n\n<div class=\"wp-block-group affiliate__box has-global-padding is-layout-constrained wp-block-group-is-layout-constrained\" style=\"border-radius:20px\">\n<div class=\"wp-block-group has-global-padding is-layout-constrained wp-block-group-is-layout-constrained\" style=\"margin-bottom:4px\">\n<h3 class=\"wp-block-heading has-text-align-center card__title\">N\u00f3s proporcionaremos os materiais de vendas e marketing<\/h3>\n<\/div>\n\n\n\n<p class=\"has-text-align-center has-da-grey-1-color has-text-color has-link-color wp-elements-ed0a67b7c8d38f1d3bd0fa800ef6759e\">Para ajudar na promo\u00e7\u00e3o, vamos fornecer os materiais necess\u00e1rios para movimentar seu website, blog ou qualquer outra plataforma de sua escolha.<\/p>\n<\/div>\n\n\n\n<div class=\"wp-block-group affiliate__box has-global-padding is-layout-constrained wp-block-group-is-layout-constrained\" style=\"border-radius:20px\">\n<div class=\"wp-block-group has-global-padding is-layout-constrained wp-block-group-is-layout-constrained\" style=\"margin-bottom:4px\">\n<h3 class=\"wp-block-heading has-text-align-center card__title\">E um produto espetacular (claro)<\/h3>\n<\/div>\n\n\n\n<p class=\"has-text-align-center has-da-grey-1-color has-text-color has-link-color wp-elements-9053576c9926510578fce079e50e726d\">D\u00ea aos seus clientes a solu\u00e7\u00e3o para seus males organizacionais. Seja para acompanhar o progresso de projetos ou colocar as coisas na ponta do l\u00e1pis, Zenkit \u00e9 uma plataforma adapt\u00e1vel que mudar\u00e1 sua maneira de acordo com o trabalho dos clientes e leitores.<\/p>\n<\/div>\n\n\n\n<div class=\"wp-block-group affiliate__box has-global-padding is-layout-constrained wp-block-group-is-layout-constrained\" style=\"border-radius:20px\">\n<div class=\"wp-block-group has-global-padding is-layout-constrained wp-block-group-is-layout-constrained\" style=\"margin-bottom:4px\">\n<h3 class=\"wp-block-heading has-text-align-center card__title\">Com confian\u00e7a e transpar\u00eancia<\/h3>\n<\/div>\n\n\n\n<p class=\"has-text-align-center has-da-grey-1-color has-text-color has-link-color wp-elements-e164371c024169a61ad4a7e4d02ec2ec\">Nos preocupamos com a seguran\u00e7a de nossos clientes e parceiros, motivo pelo qual nossa abordagem em rela\u00e7\u00e3o \u00e0 privacidade, seguran\u00e7a e prote\u00e7\u00e3o de dados se alinha com as diretrizes da legisla\u00e7\u00e3o da LGPD da Europa. Voc\u00ea pode garantir aos seus clientes que Zenkit est\u00e1 totalmente em conformidade. Saiba mais na nossa\u00a0<a href=\"https:\/\/zenkit.com\/pt-br\/gdpr\/\">p\u00e1gina sobre prote\u00e7\u00e3o de dados<\/a>.<\/p>\n<\/div>\n<\/div>\n<\/div>\n\n\n\n<div class=\"wp-block-group has-global-padding is-layout-constrained wp-block-group-is-layout-constrained\">\n<div style=\"height:88px;--tablet-height:72px;--mobile-height:40px\" class=\"wp-block-lookeen-blocks-responsive-spacer\"><\/div>\n\n\n\n<div class=\"wp-block-group has-global-padding is-layout-constrained wp-container-core-group-is-layout-64ec6e8c wp-block-group-is-layout-constrained\">\n<h3 class=\"wp-block-heading has-text-align-center card__title\">Junte-se hoje!<\/h3>\n\n\n\n<p class=\"has-text-align-center has-da-grey-2-color has-text-color has-link-color wp-elements-cd867f4c4b127e79b6593e395290b92f\">Se voc\u00ea est\u00e1 interessado em come\u00e7ar ou gostaria de saber mais sobre nosso programa, clique no bot\u00e3o abaixo e entre em contato.<\/p>\n\n\n\n<p class=\"has-text-align-center\"><a href=\"https:\/\/zenkit.com\/en\/contact-us-affiliate\">Comece j\u00e1<\/a><\/p>\n<\/div>\n\n\n\n<div style=\"height:88px;--tablet-height:72px;--mobile-height:40px\" class=\"wp-block-lookeen-blocks-responsive-spacer\"><\/div>\n<\/div>\n\n\n\n<div class=\"wp-block-group has-da-blue-light-background-color has-background has-global-padding is-layout-constrained wp-block-group-is-layout-constrained\">\n<div style=\"height:80px;--tablet-height:36px;--mobile-height:26px\" class=\"wp-block-lookeen-blocks-responsive-spacer\"><\/div>\n\n\n\n<div class=\"wp-block-group has-global-padding is-layout-constrained wp-container-core-group-is-layout-2687bd63 wp-block-group-is-layout-constrained\">\n<p class=\"has-text-align-center has-da-grey-2-color has-text-color has-link-color wp-elements-320b1d3c5652fd6363b7e2439cb3c059\">Recomendamos fortemente que voc\u00ea leia e compreenda o que \u00e9 esperado ao se juntar ao nosso programa. Detalhes est\u00e3o descritos no nosso acordo. Por favor verifique no link abaixo.<\/p>\n<\/div>\n\n\n\n<div style=\"height:48px;--tablet-height:36px;--mobile-height:24px\" class=\"wp-block-lookeen-blocks-responsive-spacer\"><\/div>\n\n\n\n<div class=\"wp-block-group has-global-padding is-layout-constrained wp-block-group-is-layout-constrained\">\n<div class=\"wp-block-buttons is-content-justification-center is-layout-flex wp-container-core-buttons-is-layout-a89b3969 wp-block-buttons-is-layout-flex\">\n<div class=\"wp-block-button\"><a class=\"wp-block-button__link wp-element-button\" href=\"https:\/\/zenkit.com\/en\/affiliate-agreement\/\">Acordo de Filia\u00e7\u00e3o ao Zenkit<\/a><\/div>\n<\/div>\n<\/div>\n\n\n\n<div style=\"height:80px;--tablet-height:36px;--mobile-height:26px\" class=\"wp-block-lookeen-blocks-responsive-spacer\"><\/div>\n<\/div>\n","protected":false},"excerpt":{"rendered":"<p>Torne-se um afiliado Zenkit Ama Zenkit e est\u00e1 ansioso para fazer um dinheiro extra? Nosso programa de afiliados oferece aos entusiastas de Zenkit a chance de ganhar dinheiro enquanto ap\u00f3iam sua ferramenta favorita de gerenciamento de projetos. O que est\u00e1 em oferta? Receba uma comiss\u00e3o por cada assinatura paga que voc\u00ea recruta. Como funciona o [&hellip;]<\/p>\n","protected":false},"author":30,"featured_media":0,"parent":0,"menu_order":9,"comment_status":"closed","ping_status":"closed","template":"","meta":{"yasr_overall_rating":0,"yasr_post_is_review":"","yasr_auto_insert_disabled":"","yasr_review_type":"","footnotes":""},"class_list":["post-19715","page","type-page","status-publish","hentry"],"yoast_head":"<!-- This site is optimized with the Yoast SEO plugin v27.4 - https:\/\/yoast.com\/product\/yoast-seo-wordpress\/ -->\n<title>Affiliate | Zenkit<\/title>\n<meta name=\"description\" content=\"By joining Zenkit&#039;s affiliate partnership program, you can earn money while supporting your favorite project management tool.\" \/>\n<meta name=\"robots\" content=\"index, follow, max-snippet:-1, max-image-preview:large, max-video-preview:-1\" \/>\n<link rel=\"canonical\" href=\"https:\/\/zenkit.com\/pt-br\/affiliate\/\" \/>\n<meta property=\"og:locale\" content=\"pt_BR\" \/>\n<meta property=\"og:type\" content=\"article\" \/>\n<meta property=\"og:title\" content=\"Affiliate | Zenkit\" \/>\n<meta property=\"og:description\" content=\"By joining Zenkit&#039;s affiliate partnership program, you can earn money while supporting your favorite project management tool.\" \/>\n<meta property=\"og:url\" content=\"https:\/\/zenkit.com\/pt-br\/affiliate\/\" \/>\n<meta property=\"og:site_name\" content=\"Zenkit\" \/>\n<meta property=\"article:publisher\" content=\"https:\/\/www.facebook.com\/ZenkitHQ\" \/>\n<meta property=\"article:modified_time\" content=\"2025-10-31T12:20:36+00:00\" \/>\n<meta property=\"og:image\" content=\"https:\/\/zenkit.com\/wp-content\/uploads\/2021\/06\/zenkit-affiliate.png\" \/>\n<meta name=\"twitter:card\" content=\"summary_large_image\" \/>\n<meta name=\"twitter:site\" content=\"@ZenkitHQ\" \/>\n<script type=\"application\/ld+json\" class=\"yoast-schema-graph\">{\"@context\":\"https:\\\/\\\/schema.org\",\"@graph\":[{\"@type\":\"WebPage\",\"@id\":\"https:\\\/\\\/zenkit.com\\\/pt-br\\\/affiliate\\\/\",\"url\":\"https:\\\/\\\/zenkit.com\\\/pt-br\\\/affiliate\\\/\",\"name\":\"Affiliate | Zenkit\",\"isPartOf\":{\"@id\":\"https:\\\/\\\/zenkit.com\\\/pt-br\\\/#website\"},\"primaryImageOfPage\":{\"@id\":\"https:\\\/\\\/zenkit.com\\\/pt-br\\\/affiliate\\\/#primaryimage\"},\"image\":{\"@id\":\"https:\\\/\\\/zenkit.com\\\/pt-br\\\/affiliate\\\/#primaryimage\"},\"thumbnailUrl\":\"https:\\\/\\\/zenkit.com\\\/wp-content\\\/uploads\\\/2021\\\/06\\\/zenkit-affiliate.png\",\"datePublished\":\"2018-11-19T15:12:17+00:00\",\"dateModified\":\"2025-10-31T12:20:36+00:00\",\"description\":\"By joining Zenkit's affiliate partnership program, you can earn money while supporting your favorite project management tool.\",\"breadcrumb\":{\"@id\":\"https:\\\/\\\/zenkit.com\\\/pt-br\\\/affiliate\\\/#breadcrumb\"},\"inLanguage\":\"pt-BR\",\"potentialAction\":[{\"@type\":\"ReadAction\",\"target\":[\"https:\\\/\\\/zenkit.com\\\/pt-br\\\/affiliate\\\/\"]}]},{\"@type\":\"ImageObject\",\"inLanguage\":\"pt-BR\",\"@id\":\"https:\\\/\\\/zenkit.com\\\/pt-br\\\/affiliate\\\/#primaryimage\",\"url\":\"https:\\\/\\\/zenkit.com\\\/wp-content\\\/uploads\\\/2021\\\/06\\\/zenkit-affiliate.png\",\"contentUrl\":\"https:\\\/\\\/zenkit.com\\\/wp-content\\\/uploads\\\/2021\\\/06\\\/zenkit-affiliate.png\"},{\"@type\":\"BreadcrumbList\",\"@id\":\"https:\\\/\\\/zenkit.com\\\/pt-br\\\/affiliate\\\/#breadcrumb\",\"itemListElement\":[{\"@type\":\"ListItem\",\"position\":1,\"name\":\"Home\",\"item\":\"https:\\\/\\\/zenkit.com\\\/pt-br\\\/\"},{\"@type\":\"ListItem\",\"position\":2,\"name\":\"Affiliate\"}]},{\"@type\":\"WebSite\",\"@id\":\"https:\\\/\\\/zenkit.com\\\/pt-br\\\/#website\",\"url\":\"https:\\\/\\\/zenkit.com\\\/pt-br\\\/\",\"name\":\"Zenkit\",\"description\":\"Zenkit Tagline\",\"potentialAction\":[{\"@type\":\"SearchAction\",\"target\":{\"@type\":\"EntryPoint\",\"urlTemplate\":\"https:\\\/\\\/zenkit.com\\\/pt-br\\\/?s={search_term_string}\"},\"query-input\":{\"@type\":\"PropertyValueSpecification\",\"valueRequired\":true,\"valueName\":\"search_term_string\"}}],\"inLanguage\":\"pt-BR\"},false]}<\/script>\n<!-- \/ Yoast SEO plugin. -->","yoast_head_json":{"title":"Affiliate | Zenkit","description":"By joining Zenkit's affiliate partnership program, you can earn money while supporting your favorite project management tool.","robots":{"index":"index","follow":"follow","max-snippet":"max-snippet:-1","max-image-preview":"max-image-preview:large","max-video-preview":"max-video-preview:-1"},"canonical":"https:\/\/zenkit.com\/pt-br\/affiliate\/","og_locale":"pt_BR","og_type":"article","og_title":"Affiliate | Zenkit","og_description":"By joining Zenkit's affiliate partnership program, you can earn money while supporting your favorite project management tool.","og_url":"https:\/\/zenkit.com\/pt-br\/affiliate\/","og_site_name":"Zenkit","article_publisher":"https:\/\/www.facebook.com\/ZenkitHQ","article_modified_time":"2025-10-31T12:20:36+00:00","og_image":[{"url":"https:\/\/zenkit.com\/wp-content\/uploads\/2021\/06\/zenkit-affiliate.png","type":"","width":"","height":""}],"twitter_card":"summary_large_image","twitter_site":"@ZenkitHQ","schema":{"@context":"https:\/\/schema.org","@graph":[{"@type":"WebPage","@id":"https:\/\/zenkit.com\/pt-br\/affiliate\/","url":"https:\/\/zenkit.com\/pt-br\/affiliate\/","name":"Affiliate | Zenkit","isPartOf":{"@id":"https:\/\/zenkit.com\/pt-br\/#website"},"primaryImageOfPage":{"@id":"https:\/\/zenkit.com\/pt-br\/affiliate\/#primaryimage"},"image":{"@id":"https:\/\/zenkit.com\/pt-br\/affiliate\/#primaryimage"},"thumbnailUrl":"https:\/\/zenkit.com\/wp-content\/uploads\/2021\/06\/zenkit-affiliate.png","datePublished":"2018-11-19T15:12:17+00:00","dateModified":"2025-10-31T12:20:36+00:00","description":"By joining Zenkit's affiliate partnership program, you can earn money while supporting your favorite project management tool.","breadcrumb":{"@id":"https:\/\/zenkit.com\/pt-br\/affiliate\/#breadcrumb"},"inLanguage":"pt-BR","potentialAction":[{"@type":"ReadAction","target":["https:\/\/zenkit.com\/pt-br\/affiliate\/"]}]},{"@type":"ImageObject","inLanguage":"pt-BR","@id":"https:\/\/zenkit.com\/pt-br\/affiliate\/#primaryimage","url":"https:\/\/zenkit.com\/wp-content\/uploads\/2021\/06\/zenkit-affiliate.png","contentUrl":"https:\/\/zenkit.com\/wp-content\/uploads\/2021\/06\/zenkit-affiliate.png"},{"@type":"BreadcrumbList","@id":"https:\/\/zenkit.com\/pt-br\/affiliate\/#breadcrumb","itemListElement":[{"@type":"ListItem","position":1,"name":"Home","item":"https:\/\/zenkit.com\/pt-br\/"},{"@type":"ListItem","position":2,"name":"Affiliate"}]},{"@type":"WebSite","@id":"https:\/\/zenkit.com\/pt-br\/#website","url":"https:\/\/zenkit.com\/pt-br\/","name":"Zenkit","description":"Zenkit Tagline","potentialAction":[{"@type":"SearchAction","target":{"@type":"EntryPoint","urlTemplate":"https:\/\/zenkit.com\/pt-br\/?s={search_term_string}"},"query-input":{"@type":"PropertyValueSpecification","valueRequired":true,"valueName":"search_term_string"}}],"inLanguage":"pt-BR"},false]}},"yasr_visitor_votes":{"stars_attributes":{"read_only":false,"span_bottom":false},"number_of_votes":0,"sum_votes":0},"_links":{"self":[{"href":"https:\/\/zenkit.com\/pt-br\/wp-json\/wp\/v2\/pages\/19715","targetHints":{"allow":["GET"]}}],"collection":[{"href":"https:\/\/zenkit.com\/pt-br\/wp-json\/wp\/v2\/pages"}],"about":[{"href":"https:\/\/zenkit.com\/pt-br\/wp-json\/wp\/v2\/types\/page"}],"author":[{"embeddable":true,"href":"https:\/\/zenkit.com\/pt-br\/wp-json\/wp\/v2\/users\/30"}],"replies":[{"embeddable":true,"href":"https:\/\/zenkit.com\/pt-br\/wp-json\/wp\/v2\/comments?post=19715"}],"version-history":[{"count":1,"href":"https:\/\/zenkit.com\/pt-br\/wp-json\/wp\/v2\/pages\/19715\/revisions"}],"predecessor-version":[{"id":148530,"href":"https:\/\/zenkit.com\/pt-br\/wp-json\/wp\/v2\/pages\/19715\/revisions\/148530"}],"wp:attachment":[{"href":"https:\/\/zenkit.com\/pt-br\/wp-json\/wp\/v2\/media?parent=19715"}],"curies":[{"name":"wp","href":"https:\/\/api.w.org\/{rel}","templated":true}]}}