{"id":47261,"date":"2020-01-22T08:38:24","date_gmt":"2020-01-22T07:38:24","guid":{"rendered":"https:\/\/zenkit.com\/caracteristicas\/gantt-view\/"},"modified":"2025-10-31T13:20:36","modified_gmt":"2025-10-31T12:20:36","slug":"graficos-de-gantt","status":"publish","type":"page","link":"https:\/\/zenkit.com\/pt-br\/solutions\/graficos-de-gantt\/","title":{"rendered":"Gantt View"},"content":{"rendered":"\n<div class=\"wp-block-group has-global-padding is-layout-constrained wp-block-group-is-layout-constrained\">\n<div class=\"wp-block-group width--950 has-global-padding is-layout-constrained wp-block-group-is-layout-constrained\">\n<div style=\"height:45px;--tablet-height:45px;--mobile-height:16px\" class=\"wp-block-lookeen-blocks-responsive-spacer\"><\/div>\n\n\n\n<div class=\"wp-block-group has-global-padding is-layout-constrained wp-block-group-is-layout-constrained\">\n<h1 class=\"wp-block-heading has-text-align-center\" style=\"margin-bottom:8px\">Use Gr\u00e1ficos de Gantt para Gerenciar seus Projetos Complexos<\/h1>\n<\/div>\n\n\n\n<div class=\"wp-block-group has-global-padding is-layout-constrained wp-block-group-is-layout-constrained\">\n<p class=\"has-text-align-center subheading\">Agende e rastreie projetos em uma linha de tempo clara<\/p>\n<\/div>\n\n\n\n<div style=\"height:48px;--tablet-height:36px;--mobile-height:24px\" class=\"wp-block-lookeen-blocks-responsive-spacer\"><\/div>\n\n\n\n<p class=\"has-text-align-center\">A visualiza\u00e7\u00e3o de Gantt do Zenkit foi projetada para permitir aos times e gestores de projeto para acompanhar e gerir com precis\u00e3o o planejamento, os recursos e as pessoas de qualquer projeto. Obtenha uma vis\u00e3o geral intuitiva do cronograma do seu projeto e fa\u00e7a ajustes rapidamente com controles intuitivos de arrastar e soltar.<\/p>\n\n\n\n<div style=\"height:48px;--tablet-height:36px;--mobile-height:24px\" class=\"wp-block-lookeen-blocks-responsive-spacer\"><\/div>\n<\/div>\n<\/div>\n\n\n\n<div class=\"wp-block-group has-global-padding is-layout-constrained wp-block-group-is-layout-constrained\">\n<div class=\"wp-block-group functions__grid has-global-padding is-layout-constrained wp-block-group-is-layout-constrained\">\n<div class=\"wp-block-group functions__box has-global-padding is-layout-constrained wp-block-group-is-layout-constrained\" style=\"border-radius:20px\">\n<figure class=\"wp-block-image size-full\"><img loading=\"lazy\" decoding=\"async\" width=\"500\" height=\"300\" src=\"https:\/\/zenkit.com\/wp-content\/uploads\/2025\/05\/task_dependencies.webp\" alt=\"Depend\u00eancias de Tarefas\" class=\"wp-image-112208\" srcset=\"https:\/\/zenkit.com\/wp-content\/uploads\/2025\/05\/task_dependencies.webp 500w, https:\/\/zenkit.com\/wp-content\/uploads\/2025\/05\/task_dependencies-300x180.webp 300w\" sizes=\"auto, (max-width: 500px) 100vw, 500px\" \/><\/figure>\n\n\n\n<h3 class=\"wp-block-heading has-text-align-center card__title\">Depend\u00eancias de Tarefas<\/h3>\n\n\n\n<div class=\"wp-block-group has-global-padding is-layout-constrained wp-block-group-is-layout-constrained\">\n<p class=\"has-text-align-center has-da-grey-1-color has-text-color has-link-color wp-elements-c7120299c451f0c1d3353f6e377b7f05\">Crie rapidamente depend\u00eancias entre tarefas. Escolha entre depend\u00eancias de t\u00e9rmino-a-in\u00edcio, t\u00e9rmino-a-t\u00e9rmino, in\u00edcio-a-t\u00e9rmino, e in\u00edcio-a-in\u00edcio, e adicione descri\u00e7\u00f5es de depend\u00eancias.<\/p>\n<\/div>\n<\/div>\n\n\n\n<div class=\"wp-block-group functions__box has-global-padding is-layout-constrained wp-block-group-is-layout-constrained\" style=\"border-radius:20px\">\n<figure class=\"wp-block-image size-full\"><img loading=\"lazy\" decoding=\"async\" width=\"500\" height=\"300\" src=\"https:\/\/zenkit.com\/wp-content\/uploads\/2025\/05\/lag_and_lead.webp\" alt=\"Atraso e Anteced\u00eancia\" class=\"wp-image-112225\" srcset=\"https:\/\/zenkit.com\/wp-content\/uploads\/2025\/05\/lag_and_lead.webp 500w, https:\/\/zenkit.com\/wp-content\/uploads\/2025\/05\/lag_and_lead-300x180.webp 300w\" sizes=\"auto, (max-width: 500px) 100vw, 500px\" \/><\/figure>\n\n\n\n<h3 class=\"wp-block-heading has-text-align-center card__title\">Atraso e Anteced\u00eancia<\/h3>\n\n\n\n<div class=\"wp-block-group has-global-padding is-layout-constrained wp-block-group-is-layout-constrained\">\n<p class=\"has-text-align-center has-da-grey-1-color has-text-color has-link-color wp-elements-fe89758f36cb02591678a8d889880423\">Adicione atraso ou anteced\u00eancia a qualquer depend\u00eancia de tarefa para acomodar os atrasos ou definir quais tarefas podem iniciar cedo. Atraso e avan\u00e7o s\u00e3o claramente indicados de uma maneira visualmente impactante.<\/p>\n<\/div>\n<\/div>\n\n\n\n<div class=\"wp-block-group functions__box has-global-padding is-layout-constrained wp-block-group-is-layout-constrained\" style=\"border-radius:20px\">\n<figure class=\"wp-block-image size-full\"><img loading=\"lazy\" decoding=\"async\" width=\"500\" height=\"300\" src=\"https:\/\/zenkit.com\/wp-content\/uploads\/2025\/05\/critical_path.webp\" alt=\"Caminho Cr\u00edtico\" class=\"wp-image-112236\" srcset=\"https:\/\/zenkit.com\/wp-content\/uploads\/2025\/05\/critical_path.webp 500w, https:\/\/zenkit.com\/wp-content\/uploads\/2025\/05\/critical_path-300x180.webp 300w\" sizes=\"auto, (max-width: 500px) 100vw, 500px\" \/><\/figure>\n\n\n\n<h3 class=\"wp-block-heading has-text-align-center card__title\">Caminho Cr\u00edtico<\/h3>\n\n\n\n<div class=\"wp-block-group has-global-padding is-layout-constrained wp-block-group-is-layout-constrained\">\n<p class=\"has-text-align-center has-da-grey-1-color has-text-color has-link-color wp-elements-112faf6687b18f03bc19078fdc73455a\">Sem mais c\u00e1lculos tediosos ou erros humanos, simplesmente acione um bot\u00e3o para mostrar o caminho cr\u00edtico do seu projeto. O caminho cr\u00edtico vai atualizar automaticamente as mudan\u00e7as feitas no seu cronograma.<\/p>\n<\/div>\n<\/div>\n\n\n\n<div class=\"wp-block-group functions__box has-global-padding is-layout-constrained wp-block-group-is-layout-constrained\" style=\"border-radius:20px\">\n<figure class=\"wp-block-image size-full\"><img loading=\"lazy\" decoding=\"async\" width=\"500\" height=\"300\" src=\"https:\/\/zenkit.com\/wp-content\/uploads\/2025\/05\/milestones.webp\" alt=\"Marcos\" class=\"wp-image-112246\" srcset=\"https:\/\/zenkit.com\/wp-content\/uploads\/2025\/05\/milestones.webp 500w, https:\/\/zenkit.com\/wp-content\/uploads\/2025\/05\/milestones-300x180.webp 300w\" sizes=\"auto, (max-width: 500px) 100vw, 500px\" \/><\/figure>\n\n\n\n<h3 class=\"wp-block-heading has-text-align-center card__title\">Marcos<\/h3>\n\n\n\n<div class=\"wp-block-group has-global-padding is-layout-constrained wp-block-group-is-layout-constrained\">\n<p class=\"has-text-align-center has-da-grey-1-color has-text-color has-link-color wp-elements-b48f9cb0edd29febbc0c1557f9e9aece\">Adicione marcos para marcar de forma clara datas importantes ou o in\u00edcio ou t\u00e9rmino de uma fase do projeto. Marcos s\u00e3o fixados e n\u00e3o ser\u00e3o movidos quando o cronograma for ajustado automaticamente.<\/p>\n<\/div>\n<\/div>\n\n\n\n<div class=\"wp-block-group functions__box has-global-padding is-layout-constrained wp-block-group-is-layout-constrained\" style=\"border-radius:20px\">\n<figure class=\"wp-block-image size-full\"><img loading=\"lazy\" decoding=\"async\" width=\"500\" height=\"300\" src=\"https:\/\/zenkit.com\/wp-content\/uploads\/2025\/05\/secondary_date_field.webp\" alt=\"Data Secund\u00e1ria\" class=\"wp-image-112256\" srcset=\"https:\/\/zenkit.com\/wp-content\/uploads\/2025\/05\/secondary_date_field.webp 500w, https:\/\/zenkit.com\/wp-content\/uploads\/2025\/05\/secondary_date_field-300x180.webp 300w\" sizes=\"auto, (max-width: 500px) 100vw, 500px\" \/><\/figure>\n\n\n\n<h3 class=\"wp-block-heading has-text-align-center card__title\">Data Secund\u00e1ria<\/h3>\n\n\n\n<div class=\"wp-block-group has-global-padding is-layout-constrained wp-block-group-is-layout-constrained\">\n<p class=\"has-text-align-center has-da-grey-1-color has-text-color has-link-color wp-elements-93399fd8abbd3fb0182bd2d45dce3c32\">Veja duas vers\u00f5es do mesmo gr\u00e1fico de Gantt sobrepostos um sobre o outro. Veja o cronograma planejado vs atual em um piscar de olhos e tome decis\u00f5es informadas baseado na situa\u00e7\u00e3o do projeto.<\/p>\n<\/div>\n<\/div>\n\n\n\n<div class=\"wp-block-group functions__box has-global-padding is-layout-constrained wp-block-group-is-layout-constrained\" style=\"border-radius:20px\">\n<figure class=\"wp-block-image size-full\"><img loading=\"lazy\" decoding=\"async\" width=\"500\" height=\"300\" src=\"https:\/\/zenkit.com\/wp-content\/uploads\/2025\/05\/time_breakdown.webp\" alt=\"Reparti\u00e7\u00e3o de tempo\" class=\"wp-image-112266\" srcset=\"https:\/\/zenkit.com\/wp-content\/uploads\/2025\/05\/time_breakdown.webp 500w, https:\/\/zenkit.com\/wp-content\/uploads\/2025\/05\/time_breakdown-300x180.webp 300w\" sizes=\"auto, (max-width: 500px) 100vw, 500px\" \/><\/figure>\n\n\n\n<h3 class=\"wp-block-heading has-text-align-center card__title\">Reparti\u00e7\u00e3o de tempo<\/h3>\n\n\n\n<div class=\"wp-block-group has-global-padding is-layout-constrained wp-block-group-is-layout-constrained\">\n<p class=\"has-text-align-center has-da-grey-1-color has-text-color has-link-color wp-elements-b7cc452d4c87b692690d95e98c638631\">Altere a escala de tempo do seu gr\u00e1fico de Gantt para acomodar projetos de longo ou curto prazo. Amplie e reduza as escalas de tempo para mergulhar nos detalhes ou ver o panorama geral.<\/p>\n<\/div>\n<\/div>\n<\/div>\n\n\n\n<div style=\"height:88px;--tablet-height:72px;--mobile-height:36px\" class=\"wp-block-lookeen-blocks-responsive-spacer\"><\/div>\n<\/div>\n\n\n\n<div class=\"wp-block-group has-da-blue-light-background-color has-background has-global-padding is-layout-constrained wp-block-group-is-layout-constrained\">\n<div style=\"height:88px;--tablet-height:72px;--mobile-height:36px\" class=\"wp-block-lookeen-blocks-responsive-spacer\"><\/div>\n\n\n\n<div class=\"wp-block-group width--950 has-global-padding is-layout-constrained wp-container-core-group-is-layout-081cea82 wp-block-group-is-layout-constrained\">\n<h2 class=\"wp-block-heading has-text-align-center\" style=\"margin-bottom:8px\">Use Zenkit Onde Voc\u00ea Trabalha<\/h2>\n\n\n\n<p class=\"has-text-align-center\">Use Zenkit no seu navegador, ou baixe nossos aplicativos de \u00e1rea de trabalho ou mobile.<\/p>\n\n\n\n<figure class=\"wp-block-image aligncenter size-full\"><img loading=\"lazy\" decoding=\"async\" width=\"636\" height=\"110\" src=\"https:\/\/zenkit.com\/wp-content\/uploads\/2025\/05\/app-downloads-2.webp\" alt=\"Nutzen Sie Zenkit von \u00fcberall aus\" class=\"wp-image-112280\" srcset=\"https:\/\/zenkit.com\/wp-content\/uploads\/2025\/05\/app-downloads-2.webp 636w, https:\/\/zenkit.com\/wp-content\/uploads\/2025\/05\/app-downloads-2-300x52.webp 300w\" sizes=\"auto, (max-width: 636px) 100vw, 636px\" \/><\/figure>\n\n\n\n<div style=\"height:48px;--tablet-height:36px;--mobile-height:24px\" class=\"wp-block-lookeen-blocks-responsive-spacer\"><\/div>\n\n\n\n<p class=\"has-text-align-center\" style=\"margin-bottom:0px\"><a href=\"https:\/\/zenkit.com\/pt-br\/plataformas\/\" data-type=\"page\" data-id=\"139381\">Obtenha os aplicativos do Zenkit<\/a><\/p>\n<\/div>\n\n\n\n<div style=\"height:88px;--tablet-height:72px;--mobile-height:36px\" class=\"wp-block-lookeen-blocks-responsive-spacer\"><\/div>\n<\/div>\n","protected":false},"excerpt":{"rendered":"<p>Use Gr\u00e1ficos de Gantt para Gerenciar seus Projetos Complexos Agende e rastreie projetos em uma linha de tempo clara A visualiza\u00e7\u00e3o de Gantt do Zenkit foi projetada para permitir aos times e gestores de projeto para acompanhar e gerir com precis\u00e3o o planejamento, os recursos e as pessoas de qualquer projeto. Obtenha uma vis\u00e3o geral [&hellip;]<\/p>\n","protected":false},"author":5,"featured_media":0,"parent":139683,"menu_order":2,"comment_status":"closed","ping_status":"closed","template":"","meta":{"yasr_overall_rating":0,"yasr_post_is_review":"","yasr_auto_insert_disabled":"","yasr_review_type":"","footnotes":""},"class_list":["post-47261","page","type-page","status-publish","hentry"],"yoast_head":"<!-- This site is optimized with the Yoast SEO plugin v27.4 - https:\/\/yoast.com\/product\/yoast-seo-wordpress\/ -->\n<title>Gr\u00e1ficos de Gantt | Zenkit<\/title>\n<meta name=\"description\" content=\"Programe tarefas em uma linha do tempo. Adicione depend\u00eancias, marcos e caminho cr\u00edtico. A ferramenta perfeita tanto para gerentes de projeto quanto para l\u00edderes da organiza\u00e7\u00e3o.\" \/>\n<meta name=\"robots\" content=\"index, follow, max-snippet:-1, max-image-preview:large, max-video-preview:-1\" \/>\n<link rel=\"canonical\" href=\"https:\/\/zenkit.com\/pt-br\/solutions\/graficos-de-gantt\/\" \/>\n<meta property=\"og:locale\" content=\"pt_BR\" \/>\n<meta property=\"og:type\" content=\"article\" \/>\n<meta property=\"og:title\" content=\"Gr\u00e1ficos de Gantt | Zenkit\" \/>\n<meta property=\"og:description\" content=\"Programe tarefas em uma linha do tempo. Adicione depend\u00eancias, marcos e caminho cr\u00edtico. A ferramenta perfeita tanto para gerentes de projeto quanto para l\u00edderes da organiza\u00e7\u00e3o.\" \/>\n<meta property=\"og:url\" content=\"https:\/\/zenkit.com\/pt-br\/solutions\/graficos-de-gantt\/\" \/>\n<meta property=\"og:site_name\" content=\"Zenkit\" \/>\n<meta property=\"article:publisher\" content=\"https:\/\/www.facebook.com\/ZenkitHQ\" \/>\n<meta property=\"article:modified_time\" content=\"2025-10-31T12:20:36+00:00\" \/>\n<meta property=\"og:image\" content=\"https:\/\/zenkit.com\/wp-content\/uploads\/2025\/05\/task_dependencies.webp\" \/>\n<meta name=\"twitter:card\" content=\"summary_large_image\" \/>\n<meta name=\"twitter:site\" content=\"@ZenkitHQ\" \/>\n<meta name=\"twitter:label1\" content=\"Est. tempo de leitura\" \/>\n\t<meta name=\"twitter:data1\" content=\"2 minutos\" \/>\n<script type=\"application\/ld+json\" class=\"yoast-schema-graph\">{\"@context\":\"https:\\\/\\\/schema.org\",\"@graph\":[{\"@type\":\"WebPage\",\"@id\":\"https:\\\/\\\/zenkit.com\\\/pt-br\\\/solutions\\\/graficos-de-gantt\\\/\",\"url\":\"https:\\\/\\\/zenkit.com\\\/pt-br\\\/solutions\\\/graficos-de-gantt\\\/\",\"name\":\"Gr\u00e1ficos de Gantt | Zenkit\",\"isPartOf\":{\"@id\":\"https:\\\/\\\/zenkit.com\\\/pt-br\\\/#website\"},\"primaryImageOfPage\":{\"@id\":\"https:\\\/\\\/zenkit.com\\\/pt-br\\\/solutions\\\/graficos-de-gantt\\\/#primaryimage\"},\"image\":{\"@id\":\"https:\\\/\\\/zenkit.com\\\/pt-br\\\/solutions\\\/graficos-de-gantt\\\/#primaryimage\"},\"thumbnailUrl\":\"https:\\\/\\\/zenkit.com\\\/wp-content\\\/uploads\\\/2025\\\/05\\\/task_dependencies.webp\",\"datePublished\":\"2020-01-22T07:38:24+00:00\",\"dateModified\":\"2025-10-31T12:20:36+00:00\",\"description\":\"Programe tarefas em uma linha do tempo. Adicione depend\u00eancias, marcos e caminho cr\u00edtico. A ferramenta perfeita tanto para gerentes de projeto quanto para l\u00edderes da organiza\u00e7\u00e3o.\",\"breadcrumb\":{\"@id\":\"https:\\\/\\\/zenkit.com\\\/pt-br\\\/solutions\\\/graficos-de-gantt\\\/#breadcrumb\"},\"inLanguage\":\"pt-BR\",\"potentialAction\":[{\"@type\":\"ReadAction\",\"target\":[\"https:\\\/\\\/zenkit.com\\\/pt-br\\\/solutions\\\/graficos-de-gantt\\\/\"]}]},{\"@type\":\"ImageObject\",\"inLanguage\":\"pt-BR\",\"@id\":\"https:\\\/\\\/zenkit.com\\\/pt-br\\\/solutions\\\/graficos-de-gantt\\\/#primaryimage\",\"url\":\"https:\\\/\\\/zenkit.com\\\/wp-content\\\/uploads\\\/2025\\\/05\\\/task_dependencies.webp\",\"contentUrl\":\"https:\\\/\\\/zenkit.com\\\/wp-content\\\/uploads\\\/2025\\\/05\\\/task_dependencies.webp\"},{\"@type\":\"BreadcrumbList\",\"@id\":\"https:\\\/\\\/zenkit.com\\\/pt-br\\\/solutions\\\/graficos-de-gantt\\\/#breadcrumb\",\"itemListElement\":[{\"@type\":\"ListItem\",\"position\":1,\"name\":\"Home\",\"item\":\"https:\\\/\\\/zenkit.com\\\/pt-br\\\/\"},{\"@type\":\"ListItem\",\"position\":2,\"name\":\"Solu\u00e7\u00f5es\",\"item\":\"https:\\\/\\\/zenkit.com\\\/pt-br\\\/solutions\\\/\"},{\"@type\":\"ListItem\",\"position\":3,\"name\":\"Gantt View\"}]},{\"@type\":\"WebSite\",\"@id\":\"https:\\\/\\\/zenkit.com\\\/pt-br\\\/#website\",\"url\":\"https:\\\/\\\/zenkit.com\\\/pt-br\\\/\",\"name\":\"Zenkit\",\"description\":\"Zenkit Tagline\",\"potentialAction\":[{\"@type\":\"SearchAction\",\"target\":{\"@type\":\"EntryPoint\",\"urlTemplate\":\"https:\\\/\\\/zenkit.com\\\/pt-br\\\/?s={search_term_string}\"},\"query-input\":{\"@type\":\"PropertyValueSpecification\",\"valueRequired\":true,\"valueName\":\"search_term_string\"}}],\"inLanguage\":\"pt-BR\"},false]}<\/script>\n<!-- \/ Yoast SEO plugin. -->","yoast_head_json":{"title":"Gr\u00e1ficos de Gantt | Zenkit","description":"Programe tarefas em uma linha do tempo. Adicione depend\u00eancias, marcos e caminho cr\u00edtico. A ferramenta perfeita tanto para gerentes de projeto quanto para l\u00edderes da organiza\u00e7\u00e3o.","robots":{"index":"index","follow":"follow","max-snippet":"max-snippet:-1","max-image-preview":"max-image-preview:large","max-video-preview":"max-video-preview:-1"},"canonical":"https:\/\/zenkit.com\/pt-br\/solutions\/graficos-de-gantt\/","og_locale":"pt_BR","og_type":"article","og_title":"Gr\u00e1ficos de Gantt | Zenkit","og_description":"Programe tarefas em uma linha do tempo. Adicione depend\u00eancias, marcos e caminho cr\u00edtico. A ferramenta perfeita tanto para gerentes de projeto quanto para l\u00edderes da organiza\u00e7\u00e3o.","og_url":"https:\/\/zenkit.com\/pt-br\/solutions\/graficos-de-gantt\/","og_site_name":"Zenkit","article_publisher":"https:\/\/www.facebook.com\/ZenkitHQ","article_modified_time":"2025-10-31T12:20:36+00:00","og_image":[{"url":"https:\/\/zenkit.com\/wp-content\/uploads\/2025\/05\/task_dependencies.webp","type":"","width":"","height":""}],"twitter_card":"summary_large_image","twitter_site":"@ZenkitHQ","twitter_misc":{"Est. tempo de leitura":"2 minutos"},"schema":{"@context":"https:\/\/schema.org","@graph":[{"@type":"WebPage","@id":"https:\/\/zenkit.com\/pt-br\/solutions\/graficos-de-gantt\/","url":"https:\/\/zenkit.com\/pt-br\/solutions\/graficos-de-gantt\/","name":"Gr\u00e1ficos de Gantt | Zenkit","isPartOf":{"@id":"https:\/\/zenkit.com\/pt-br\/#website"},"primaryImageOfPage":{"@id":"https:\/\/zenkit.com\/pt-br\/solutions\/graficos-de-gantt\/#primaryimage"},"image":{"@id":"https:\/\/zenkit.com\/pt-br\/solutions\/graficos-de-gantt\/#primaryimage"},"thumbnailUrl":"https:\/\/zenkit.com\/wp-content\/uploads\/2025\/05\/task_dependencies.webp","datePublished":"2020-01-22T07:38:24+00:00","dateModified":"2025-10-31T12:20:36+00:00","description":"Programe tarefas em uma linha do tempo. Adicione depend\u00eancias, marcos e caminho cr\u00edtico. A ferramenta perfeita tanto para gerentes de projeto quanto para l\u00edderes da organiza\u00e7\u00e3o.","breadcrumb":{"@id":"https:\/\/zenkit.com\/pt-br\/solutions\/graficos-de-gantt\/#breadcrumb"},"inLanguage":"pt-BR","potentialAction":[{"@type":"ReadAction","target":["https:\/\/zenkit.com\/pt-br\/solutions\/graficos-de-gantt\/"]}]},{"@type":"ImageObject","inLanguage":"pt-BR","@id":"https:\/\/zenkit.com\/pt-br\/solutions\/graficos-de-gantt\/#primaryimage","url":"https:\/\/zenkit.com\/wp-content\/uploads\/2025\/05\/task_dependencies.webp","contentUrl":"https:\/\/zenkit.com\/wp-content\/uploads\/2025\/05\/task_dependencies.webp"},{"@type":"BreadcrumbList","@id":"https:\/\/zenkit.com\/pt-br\/solutions\/graficos-de-gantt\/#breadcrumb","itemListElement":[{"@type":"ListItem","position":1,"name":"Home","item":"https:\/\/zenkit.com\/pt-br\/"},{"@type":"ListItem","position":2,"name":"Solu\u00e7\u00f5es","item":"https:\/\/zenkit.com\/pt-br\/solutions\/"},{"@type":"ListItem","position":3,"name":"Gantt View"}]},{"@type":"WebSite","@id":"https:\/\/zenkit.com\/pt-br\/#website","url":"https:\/\/zenkit.com\/pt-br\/","name":"Zenkit","description":"Zenkit Tagline","potentialAction":[{"@type":"SearchAction","target":{"@type":"EntryPoint","urlTemplate":"https:\/\/zenkit.com\/pt-br\/?s={search_term_string}"},"query-input":{"@type":"PropertyValueSpecification","valueRequired":true,"valueName":"search_term_string"}}],"inLanguage":"pt-BR"},false]}},"yasr_visitor_votes":{"stars_attributes":{"read_only":false,"span_bottom":false},"number_of_votes":0,"sum_votes":0},"_links":{"self":[{"href":"https:\/\/zenkit.com\/pt-br\/wp-json\/wp\/v2\/pages\/47261","targetHints":{"allow":["GET"]}}],"collection":[{"href":"https:\/\/zenkit.com\/pt-br\/wp-json\/wp\/v2\/pages"}],"about":[{"href":"https:\/\/zenkit.com\/pt-br\/wp-json\/wp\/v2\/types\/page"}],"author":[{"embeddable":true,"href":"https:\/\/zenkit.com\/pt-br\/wp-json\/wp\/v2\/users\/5"}],"replies":[{"embeddable":true,"href":"https:\/\/zenkit.com\/pt-br\/wp-json\/wp\/v2\/comments?post=47261"}],"version-history":[{"count":3,"href":"https:\/\/zenkit.com\/pt-br\/wp-json\/wp\/v2\/pages\/47261\/revisions"}],"predecessor-version":[{"id":147466,"href":"https:\/\/zenkit.com\/pt-br\/wp-json\/wp\/v2\/pages\/47261\/revisions\/147466"}],"up":[{"embeddable":true,"href":"https:\/\/zenkit.com\/pt-br\/wp-json\/wp\/v2\/pages\/139683"}],"wp:attachment":[{"href":"https:\/\/zenkit.com\/pt-br\/wp-json\/wp\/v2\/media?parent=47261"}],"curies":[{"name":"wp","href":"https:\/\/api.w.org\/{rel}","templated":true}]}}