{"id":60947,"date":"2021-04-21T14:12:34","date_gmt":"2021-04-21T12:12:34","guid":{"rendered":"https:\/\/zenkit.com\/tutorials-re\/"},"modified":"2025-09-09T12:05:45","modified_gmt":"2025-09-09T10:05:45","slug":"tutoriais","status":"publish","type":"page","link":"https:\/\/zenkit.com\/pt-br\/tutoriais\/","title":{"rendered":"Tutoriais"},"content":{"rendered":"\n<div class=\"wp-block-group page__header has-global-padding is-layout-constrained wp-block-group-is-layout-constrained\">\n<div class=\"wp-block-group width--950 has-global-padding is-layout-constrained wp-block-group-is-layout-constrained\">\n<div style=\"height:45px;--tablet-height:45px;--mobile-height:16px\" class=\"wp-block-lookeen-blocks-responsive-spacer\"><\/div>\n\n\n\n<div class=\"wp-block-group has-global-padding is-layout-constrained wp-block-group-is-layout-constrained\">\n<h1 class=\"wp-block-heading has-text-align-center\" style=\"margin-bottom:8px\">Guias<\/h1>\n<\/div>\n\n\n\n<div class=\"wp-block-group has-global-padding is-layout-constrained wp-block-group-is-layout-constrained\">\n<p class=\"has-text-align-center subheading\">Aprenda os conceitos b\u00e1sicos do Zenkit e obtenha uma vis\u00e3o abrangente dos recursos essenciais.<\/p>\n<\/div>\n\n\n\n<div style=\"height:48px;--tablet-height:36px;--mobile-height:24px\" class=\"wp-block-lookeen-blocks-responsive-spacer\"><\/div>\n<\/div>\n<\/div>\n\n\n\n<div class=\"wp-block-group has-global-padding is-layout-constrained wp-block-group-is-layout-constrained\">\n<div class=\"wp-block-zenkit-blocks-js-search\"><div class=\"da__search-wrapper\"><input type=\"search\" placeholder=\"Buscar\" aria-label=\"Search\" data-target=\"videos\"\/><svg xmlns=\"http:\/\/www.w3.org\/2000\/svg\" width=\"20\" height=\"20\" viewBox=\"0 0 20 20\" fill=\"none\"><g clip-path=\"url(#clip0_11309_6679)\"><path d=\"M19.6848 18.1668L14.9689 13.4517C16.2884 11.9805 17.036 10.0771 17.036 8.07122C17.036 3.62049 13.4155 0 8.96478 0C4.51405 0 0.892578 3.62049 0.892578 8.07122C0.892578 12.522 4.51404 16.1434 8.96478 16.1434C10.5206 16.1434 12.0358 15.6854 13.3318 14.8507L18.1667 19.6849C18.3765 19.8947 18.6506 20 18.9257 20C19.2009 20 19.476 19.8946 19.6848 19.6849C20.1043 19.2654 20.1043 18.5854 19.6848 18.1668ZM3.04087 8.07122C3.04087 4.80488 5.69843 2.14829 8.96477 2.14829C12.2311 2.14829 14.8877 4.80488 14.8877 8.07122C14.8877 9.82732 14.116 11.4819 12.7696 12.6117C11.7072 13.5044 10.356 13.9951 8.96477 13.9951C5.69843 13.9951 3.04087 11.3376 3.04087 8.07122Z\" fill=\"\"><\/path><\/g><defs><clipPath id=\"clip0_11309_6679\"><rect width=\"19.1068\" height=\"20\" fill=\"white\" transform=\"translate(0.892578)\"><\/rect><\/clipPath><\/defs><\/svg><button type=\"button\" class=\"da__clear-btn\" aria-label=\"Clear search\" style=\"display:none\">\u00d7<\/button><\/div><\/div>\n\n\n\n<div style=\"height:48px;--tablet-height:36px;--mobile-height:24px\" class=\"wp-block-lookeen-blocks-responsive-spacer\"><\/div>\n\n\n\n<div class=\"wp-block-group videos has-global-padding is-layout-constrained wp-block-group-is-layout-constrained\">\n<div class=\"wp-block-group has-global-padding is-layout-constrained wp-block-group-is-layout-constrained\">\n<div class=\"wp-block-group video__container-grid has-global-padding is-layout-constrained wp-block-group-is-layout-constrained\">\n<div class=\"wp-block-group video__container has-global-padding is-layout-constrained wp-block-group-is-layout-constrained\">\n<iframe loading=\"lazy\" width=\"560\" height=\"315\" src=\"https:\/\/www.youtube.com\/embed\/dlrb7Xesp-U?si=1NJ61_eD_yeYpA-7\" title=\"YouTube video player\" frameborder=\"0\" allow=\"accelerometer; autoplay; clipboard-write; encrypted-media; gyroscope; picture-in-picture; web-share\" referrerpolicy=\"strict-origin-when-cross-origin\" allowfullscreen><\/iframe>\n\n\n\n<p class=\"has-text-align-center card__title has-da-grey-2-color has-text-color has-link-color wp-elements-123340b7eeea3515b2f8578d6634a77d\">Saiba mais sobre Collections, campos e as visualiza\u00e7\u00f5es do Zenkit neste v\u00eddeo introdut\u00f3rio.<\/p>\n<\/div>\n\n\n\n<div class=\"wp-block-group video__container has-global-padding is-layout-constrained wp-block-group-is-layout-constrained\">\n<iframe loading=\"lazy\" width=\"560\" height=\"315\" src=\"https:\/\/www.youtube.com\/embed\/PCBr4lUjG3Y?si=RcMz1HtvPCcYOXUs\" title=\"YouTube video player\" frameborder=\"0\" allow=\"accelerometer; autoplay; clipboard-write; encrypted-media; gyroscope; picture-in-picture; web-share\" referrerpolicy=\"strict-origin-when-cross-origin\" allowfullscreen><\/iframe>\n\n\n\n<p class=\"has-text-align-center card__title has-da-grey-2-color has-text-color has-link-color wp-elements-0bf8275cc2dc7e68ace18e94c6a4b5ce\">Uma introdu\u00e7\u00e3o ao Zenkit para usu\u00e1rios do Trello. Como importar seus dados do Trello e um resumo dos principais benef\u00edcios de fazer a troca.<\/p>\n<\/div>\n\n\n\n<div class=\"wp-block-group video__container has-global-padding is-layout-constrained wp-block-group-is-layout-constrained\">\n<iframe loading=\"lazy\" width=\"560\" height=\"315\" src=\"https:\/\/www.youtube.com\/embed\/O5J4w8f4Bz8?si=_WRKyfbzk4tJnm8c\" title=\"YouTube video player\" frameborder=\"0\" allow=\"accelerometer; autoplay; clipboard-write; encrypted-media; gyroscope; picture-in-picture; web-share\" referrerpolicy=\"strict-origin-when-cross-origin\" allowfullscreen><\/iframe>\n\n\n\n<p class=\"has-text-align-center card__title has-da-grey-1-color has-text-color has-link-color wp-elements-33b2919282dfc10293398e85cadc9e30\">Um guia r\u00e1pido para os campos personalizados dispon\u00edveis no Zenkit.<\/p>\n<\/div>\n<\/div>\n<\/div>\n\n\n\n<div style=\"height:88px;--tablet-height:72px;--mobile-height:40px\" class=\"wp-block-lookeen-blocks-responsive-spacer\"><\/div>\n\n\n\n<div class=\"wp-block-group has-global-padding is-layout-constrained wp-block-group-is-layout-constrained\">\n<h2 class=\"wp-block-heading has-text-align-center display-h1\" style=\"margin-bottom:8px\">Visualiza\u00e7\u00f5es<\/h2>\n\n\n\n<p class=\"has-text-align-center is-style-subtext\" style=\"margin-bottom:0px\">Guias aprofundados e passo a passo para as diferentes vis\u00f5es dispon\u00edveis no Zenkit.<\/p>\n\n\n\n<div style=\"height:48px;--tablet-height:36px;--mobile-height:24px\" class=\"wp-block-lookeen-blocks-responsive-spacer\"><\/div>\n\n\n\n<div class=\"wp-block-group video__container-grid has-global-padding is-layout-constrained wp-block-group-is-layout-constrained\">\n<div class=\"wp-block-group video__container has-global-padding is-layout-constrained wp-block-group-is-layout-constrained\">\n<iframe loading=\"lazy\" width=\"560\" height=\"315\" src=\"https:\/\/www.youtube.com\/embed\/AuPXZeKhwyY?si=SHz3FDQ98yuCqiVZ\" title=\"YouTube video player\" frameborder=\"0\" allow=\"accelerometer; autoplay; clipboard-write; encrypted-media; gyroscope; picture-in-picture; web-share\" referrerpolicy=\"strict-origin-when-cross-origin\" allowfullscreen><\/iframe>\n\n\n\n<p class=\"has-text-align-center card__title has-da-grey-2-color has-text-color has-link-color wp-elements-36889e254cb07cbc0b28631ef0c91842\">Um r\u00e1pido passeio de todos os recursos relacionados ao Kanban dentro do aplicativo Zenkit.<\/p>\n<\/div>\n\n\n\n<div class=\"wp-block-group video__container has-global-padding is-layout-constrained wp-block-group-is-layout-constrained\">\n<iframe loading=\"lazy\" width=\"560\" height=\"315\" src=\"https:\/\/www.youtube.com\/embed\/EbyKCvf9_DQ?si=aMwaBrknLPbgMx-7\" title=\"YouTube video player\" frameborder=\"0\" allow=\"accelerometer; autoplay; clipboard-write; encrypted-media; gyroscope; picture-in-picture; web-share\" referrerpolicy=\"strict-origin-when-cross-origin\" allowfullscreen><\/iframe>\n\n\n\n<p class=\"has-text-align-center card__title has-da-grey-2-color has-text-color has-link-color wp-elements-061cd73b5798bc1b25402f2a2a0eaf39\">Um guia r\u00e1pido para os recursos da visualiza\u00e7\u00e3o de tabela do Zenkit.<\/p>\n<\/div>\n\n\n\n<div class=\"wp-block-group video__container has-global-padding is-layout-constrained wp-block-group-is-layout-constrained\">\n<iframe loading=\"lazy\" width=\"560\" height=\"315\" src=\"https:\/\/www.youtube.com\/embed\/0KgEbJ3Q8gI?si=KnB8AIipkxTf8sDw\" title=\"YouTube video player\" frameborder=\"0\" allow=\"accelerometer; autoplay; clipboard-write; encrypted-media; gyroscope; picture-in-picture; web-share\" referrerpolicy=\"strict-origin-when-cross-origin\" allowfullscreen><\/iframe>\n\n\n\n<p class=\"has-text-align-center card__title has-da-grey-1-color has-text-color has-link-color wp-elements-36a6ddb55e0455c3b0972a863dea4e70\">Como usar o campo de data e a exibi\u00e7\u00e3o de calend\u00e1rio do Zenkit.<\/p>\n<\/div>\n\n\n\n<div class=\"wp-block-group video__container has-global-padding is-layout-constrained wp-block-group-is-layout-constrained\">\n<iframe loading=\"lazy\" width=\"560\" height=\"315\" src=\"https:\/\/www.youtube.com\/embed\/wc-wG_sTlS0?si=8alVSaVHK3iOQ1lV\" title=\"YouTube video player\" frameborder=\"0\" allow=\"accelerometer; autoplay; clipboard-write; encrypted-media; gyroscope; picture-in-picture; web-share\" referrerpolicy=\"strict-origin-when-cross-origin\" allowfullscreen><\/iframe>\n\n\n\n<p class=\"has-text-align-center card__title has-da-grey-1-color has-text-color has-link-color wp-elements-3d57b27d75e51caa42f25354636ac19f\">Um guia para os recursos da visualiza\u00e7\u00e3o de lista do Zenkit.<\/p>\n<\/div>\n\n\n\n<div class=\"wp-block-group video__container has-global-padding is-layout-constrained wp-block-group-is-layout-constrained\">\n<iframe loading=\"lazy\" width=\"560\" height=\"315\" src=\"https:\/\/www.youtube.com\/embed\/wICBOV2ZLmM?si=ESqRd4bcNeczD2cC\" title=\"YouTube video player\" frameborder=\"0\" allow=\"accelerometer; autoplay; clipboard-write; encrypted-media; gyroscope; picture-in-picture; web-share\" referrerpolicy=\"strict-origin-when-cross-origin\" allowfullscreen><\/iframe>\n\n\n\n<p class=\"has-text-align-center card__title has-da-grey-1-color has-text-color has-link-color wp-elements-81a83e194d1de5ce582f49f56d2ccda7\">Um guia para usar a visualiza\u00e7\u00e3o do mapa mental do Zenkit.<\/p>\n<\/div>\n<\/div>\n<\/div>\n\n\n\n<div style=\"height:88px;--tablet-height:72px;--mobile-height:40px\" class=\"wp-block-lookeen-blocks-responsive-spacer\"><\/div>\n\n\n\n<div class=\"wp-block-group has-global-padding is-layout-constrained wp-block-group-is-layout-constrained\">\n<h2 class=\"wp-block-heading has-text-align-center display-h1\" style=\"margin-bottom:8px\">Caracter\u00edsticas avan\u00e7adas<\/h2>\n\n\n\n<p class=\"has-text-align-center is-style-subtext\" style=\"margin-bottom:0px\">Obtenha uma compreens\u00e3o completa de alguns dos recursos mais complexos do Zenkit.<\/p>\n\n\n\n<div style=\"height:48px;--tablet-height:36px;--mobile-height:24px\" class=\"wp-block-lookeen-blocks-responsive-spacer\"><\/div>\n\n\n\n<div class=\"wp-block-group video__container-grid has-global-padding is-layout-constrained wp-block-group-is-layout-constrained\">\n<div class=\"wp-block-group video__container has-global-padding is-layout-constrained wp-block-group-is-layout-constrained\">\n<iframe loading=\"lazy\" width=\"560\" height=\"315\" src=\"https:\/\/www.youtube.com\/embed\/D6G0Ec39Cxc?si=dN_2hdkwkGmg-8eu\" title=\"YouTube video player\" frameborder=\"0\" allow=\"accelerometer; autoplay; clipboard-write; encrypted-media; gyroscope; picture-in-picture; web-share\" referrerpolicy=\"strict-origin-when-cross-origin\" allowfullscreen><\/iframe>\n\n\n\n<p class=\"has-text-align-center card__title has-da-grey-2-color has-text-color has-link-color wp-elements-8032878903367dbfbd86257892c6770d\">Como adicionar membros da equipe a Workspaces e Collections e como visualizar atividades e adicionar coment\u00e1rios.<\/p>\n<\/div>\n\n\n\n<div class=\"wp-block-group video__container has-global-padding is-layout-constrained wp-block-group-is-layout-constrained\">\n<iframe loading=\"lazy\" width=\"560\" height=\"315\" src=\"https:\/\/www.youtube.com\/embed\/genNxGN7zCU?si=qVfebQ5miJmUC-mA\" title=\"YouTube video player\" frameborder=\"0\" allow=\"accelerometer; autoplay; clipboard-write; encrypted-media; gyroscope; picture-in-picture; web-share\" referrerpolicy=\"strict-origin-when-cross-origin\" allowfullscreen><\/iframe>\n\n\n\n<p class=\"has-text-align-center card__title has-da-grey-2-color has-text-color has-link-color wp-elements-5040242ad55aea717ec0c6db70ea7de9\">Um guia r\u00e1pido para configurar f\u00f3rmulas no Zenkit.<\/p>\n<\/div>\n\n\n\n<div class=\"wp-block-group video__container has-global-padding is-layout-constrained wp-block-group-is-layout-constrained\">\n<iframe loading=\"lazy\" width=\"560\" height=\"315\" src=\"https:\/\/www.youtube.com\/embed\/Jwci_4SbUAU?si=RGY8Mu0NrQrfQcaK\" title=\"YouTube video player\" frameborder=\"0\" allow=\"accelerometer; autoplay; clipboard-write; encrypted-media; gyroscope; picture-in-picture; web-share\" referrerpolicy=\"strict-origin-when-cross-origin\" allowfullscreen><\/iframe>\n\n\n\n<p class=\"has-text-align-center card__title has-da-grey-1-color has-text-color has-link-color wp-elements-cb447a407894be9ac23c401a8b2658ca\">Um guia para configurar refer\u00eancias entre cole\u00e7\u00f5es e us\u00e1-las em f\u00f3rmulas de agrega\u00e7\u00e3o.<\/p>\n<\/div>\n\n\n\n<div class=\"wp-block-group video__container has-global-padding is-layout-constrained wp-block-group-is-layout-constrained\">\n<iframe loading=\"lazy\" width=\"560\" height=\"315\" src=\"https:\/\/www.youtube.com\/embed\/4ZvnJRmuwIo?si=sVa9mMhfp3CW3JAu\" title=\"YouTube video player\" frameborder=\"0\" allow=\"accelerometer; autoplay; clipboard-write; encrypted-media; gyroscope; picture-in-picture; web-share\" referrerpolicy=\"strict-origin-when-cross-origin\" allowfullscreen><\/iframe>\n\n\n\n<p class=\"has-text-align-center card__title has-da-grey-1-color has-text-color has-link-color wp-elements-11fe0b628d36cdfbadd98bf978221685\">Como usar a\u00e7\u00f5es em massa para fazer mais, mais r\u00e1pido com o Zenkit.<\/p>\n<\/div>\n\n\n\n<div class=\"wp-block-group video__container has-global-padding is-layout-constrained wp-block-group-is-layout-constrained\">\n<iframe loading=\"lazy\" width=\"560\" height=\"315\" src=\"https:\/\/www.youtube.com\/embed\/tdlwBw1pMpI?si=LJIEk7SOEHcyPSxS\" title=\"YouTube video player\" frameborder=\"0\" allow=\"accelerometer; autoplay; clipboard-write; encrypted-media; gyroscope; picture-in-picture; web-share\" referrerpolicy=\"strict-origin-when-cross-origin\" allowfullscreen><\/iframe>\n\n\n\n<p class=\"has-text-align-center card__title has-da-grey-1-color has-text-color has-link-color wp-elements-2ff266e5248ebcf41b85fd99fa0b609c\">Como mover Collections entre Workspaces e Items entre Collections.<\/p>\n<\/div>\n\n\n\n<div class=\"wp-block-group video__container has-global-padding is-layout-constrained wp-block-group-is-layout-constrained\">\n<iframe loading=\"lazy\" width=\"560\" height=\"315\" src=\"https:\/\/www.youtube.com\/embed\/mtdM6RxFiE0?si=s6dll2u3qkmMbHGk\" title=\"YouTube video player\" frameborder=\"0\" allow=\"accelerometer; autoplay; clipboard-write; encrypted-media; gyroscope; picture-in-picture; web-share\" referrerpolicy=\"strict-origin-when-cross-origin\" allowfullscreen><\/iframe>\n\n\n\n<p class=\"has-text-align-center card__title has-da-grey-1-color has-text-color has-link-color wp-elements-712e4d4850a94682058aa7cc3c1ffe5e\">Um guia r\u00e1pido para personalizar as configura\u00e7\u00f5es de perfil do Zenkit, configura\u00e7\u00f5es de senha e op\u00e7\u00f5es de plano de fundo do Zenkit.<\/p>\n<\/div>\n\n\n\n<div class=\"wp-block-group video__container has-global-padding is-layout-constrained wp-block-group-is-layout-constrained\">\n<iframe loading=\"lazy\" width=\"560\" height=\"315\" src=\"https:\/\/www.youtube.com\/embed\/P_pOIEMnrrI?si=UL8NoN1XlXcLV_yF\" title=\"YouTube video player\" frameborder=\"0\" allow=\"accelerometer; autoplay; clipboard-write; encrypted-media; gyroscope; picture-in-picture; web-share\" referrerpolicy=\"strict-origin-when-cross-origin\" allowfullscreen><\/iframe>\n\n\n\n<p class=\"has-text-align-center card__title has-da-grey-1-color has-text-color has-link-color wp-elements-b8599ef4af69d7eaa2d7a5a429e2256f\">Uma breve olhada em como usar o filtro do Zenkit.<\/p>\n<\/div>\n\n\n\n<div class=\"wp-block-group video__container has-global-padding is-layout-constrained wp-block-group-is-layout-constrained\">\n<iframe loading=\"lazy\" width=\"560\" height=\"315\" src=\"https:\/\/www.youtube.com\/embed\/SyHqkXSd9Dw?si=q66bSJKVoEdZji7d\" title=\"YouTube video player\" frameborder=\"0\" allow=\"accelerometer; autoplay; clipboard-write; encrypted-media; gyroscope; picture-in-picture; web-share\" referrerpolicy=\"strict-origin-when-cross-origin\" allowfullscreen><\/iframe>\n\n\n\n<p class=\"has-text-align-center card__title has-da-grey-1-color has-text-color has-link-color wp-elements-2f21fcd657a3ee689b47f780b6eee15e\">Aprenda a converter diferentes tipos de campos no Zenkit.<\/p>\n<\/div>\n\n\n\n<div class=\"wp-block-group video__container has-global-padding is-layout-constrained wp-block-group-is-layout-constrained\">\n<iframe loading=\"lazy\" width=\"560\" height=\"315\" src=\"https:\/\/www.youtube.com\/embed\/X_HcbP1MunQ?si=jQte-D5kiDugXhm9\" title=\"YouTube video player\" frameborder=\"0\" allow=\"accelerometer; autoplay; clipboard-write; encrypted-media; gyroscope; picture-in-picture; web-share\" referrerpolicy=\"strict-origin-when-cross-origin\" allowfullscreen><\/iframe>\n\n\n\n<p class=\"has-text-align-center card__title has-da-grey-1-color has-text-color has-link-color wp-elements-e5fb645d9e276f15c04c6792da90cd2f\">Aumente o zoom nos itens para ver mais detalhes ou mantenha seu espa\u00e7o de trabalho limpo e simples. Saiba como ampliar os itens e alterar a ordem em que os campos aparecem.<\/p>\n<\/div>\n\n\n\n<div class=\"wp-block-group video__container has-global-padding is-layout-constrained wp-block-group-is-layout-constrained\">\n<iframe loading=\"lazy\" width=\"560\" height=\"315\" src=\"https:\/\/www.youtube.com\/embed\/lqV32njC96w?si=qhk-do0eUfIuilpZ\" title=\"YouTube video player\" frameborder=\"0\" allow=\"accelerometer; autoplay; clipboard-write; encrypted-media; gyroscope; picture-in-picture; web-share\" referrerpolicy=\"strict-origin-when-cross-origin\" allowfullscreen><\/iframe>\n\n\n\n<p class=\"has-text-align-center card__title has-da-grey-1-color has-text-color has-link-color wp-elements-d7c14ef0b5c953ffe58438279ef24304\">Aprenda a usar \u00edcones da Collection personalizados para destacar suas Collections no Zenkit.<\/p>\n<\/div>\n\n\n\n<div class=\"wp-block-group video__container has-global-padding is-layout-constrained wp-block-group-is-layout-constrained\">\n<iframe loading=\"lazy\" width=\"560\" height=\"315\" src=\"https:\/\/www.youtube.com\/embed\/joGEeKnaTHo?si=T9jXivvk1bMKUUN0\" title=\"YouTube video player\" frameborder=\"0\" allow=\"accelerometer; autoplay; clipboard-write; encrypted-media; gyroscope; picture-in-picture; web-share\" referrerpolicy=\"strict-origin-when-cross-origin\" allowfullscreen><\/iframe>\n\n\n\n<p class=\"has-text-align-center card__title has-da-grey-1-color has-text-color has-link-color wp-elements-8990c12b5dc99df94f5fd12c979b81d8\">Um guia r\u00e1pido para gerenciar arquivos no Zenkit usando um campo de arquivos.<\/p>\n<\/div>\n\n\n\n<div class=\"wp-block-group video__container has-global-padding is-layout-constrained wp-block-group-is-layout-constrained\">\n<iframe loading=\"lazy\" width=\"560\" height=\"315\" src=\"https:\/\/www.youtube.com\/embed\/OuNezLRPXVU?si=hYtwAhv4Y_U89dgg\" title=\"YouTube video player\" frameborder=\"0\" allow=\"accelerometer; autoplay; clipboard-write; encrypted-media; gyroscope; picture-in-picture; web-share\" referrerpolicy=\"strict-origin-when-cross-origin\" allowfullscreen><\/iframe>\n\n\n\n<p class=\"has-text-align-center card__title has-da-grey-1-color has-text-color has-link-color wp-elements-71503fdb238fa90c222c538850e37ae3\">Um breve guia para criar planos de fundo personalizados e os diferentes tipos de itens e temas.<\/p>\n<\/div>\n<\/div>\n<\/div>\n<\/div>\n<\/div>\n\n\n\n<div style=\"height:110px;--tablet-height:60px;--mobile-height:48px\" class=\"wp-block-lookeen-blocks-responsive-spacer\"><\/div>\n","protected":false},"excerpt":{"rendered":"<p>Guias Aprenda os conceitos b\u00e1sicos do Zenkit e obtenha uma vis\u00e3o abrangente dos recursos essenciais. Saiba mais sobre Collections, campos e as visualiza\u00e7\u00f5es do Zenkit neste v\u00eddeo introdut\u00f3rio. Uma introdu\u00e7\u00e3o ao Zenkit para usu\u00e1rios do Trello. Como importar seus dados do Trello e um resumo dos principais benef\u00edcios de fazer a troca. Um guia r\u00e1pido [&hellip;]<\/p>\n","protected":false},"author":28,"featured_media":0,"parent":0,"menu_order":16,"comment_status":"closed","ping_status":"closed","template":"","meta":{"yasr_overall_rating":0,"yasr_post_is_review":"","yasr_auto_insert_disabled":"","yasr_review_type":"","footnotes":""},"class_list":["post-60947","page","type-page","status-publish","hentry"],"yoast_head":"<!-- This site is optimized with the Yoast SEO plugin v27.3 - https:\/\/yoast.com\/product\/yoast-seo-wordpress\/ -->\n<title>Tutoriais | Zenkit<\/title>\n<meta name=\"robots\" content=\"index, follow, max-snippet:-1, max-image-preview:large, max-video-preview:-1\" \/>\n<link rel=\"canonical\" href=\"https:\/\/zenkit.com\/pt-br\/tutoriais\/\" \/>\n<meta property=\"og:locale\" content=\"pt_BR\" \/>\n<meta property=\"og:type\" content=\"article\" \/>\n<meta property=\"og:title\" content=\"Tutoriais | Zenkit\" \/>\n<meta property=\"og:description\" content=\"Guias Aprenda os conceitos b\u00e1sicos do Zenkit e obtenha uma vis\u00e3o abrangente dos recursos essenciais. Saiba mais sobre Collections, campos e as visualiza\u00e7\u00f5es do Zenkit neste v\u00eddeo introdut\u00f3rio. Uma introdu\u00e7\u00e3o ao Zenkit para usu\u00e1rios do Trello. Como importar seus dados do Trello e um resumo dos principais benef\u00edcios de fazer a troca. Um guia r\u00e1pido [&hellip;]\" \/>\n<meta property=\"og:url\" content=\"https:\/\/zenkit.com\/pt-br\/tutoriais\/\" \/>\n<meta property=\"og:site_name\" content=\"Zenkit\" \/>\n<meta property=\"article:publisher\" content=\"https:\/\/www.facebook.com\/ZenkitHQ\" \/>\n<meta property=\"article:modified_time\" content=\"2025-09-09T10:05:45+00:00\" \/>\n<meta name=\"twitter:card\" content=\"summary_large_image\" \/>\n<meta name=\"twitter:site\" content=\"@ZenkitHQ\" \/>\n<meta name=\"twitter:label1\" content=\"Est. tempo de leitura\" \/>\n\t<meta name=\"twitter:data1\" content=\"2 minutos\" \/>\n<script type=\"application\/ld+json\" class=\"yoast-schema-graph\">{\"@context\":\"https:\\\/\\\/schema.org\",\"@graph\":[{\"@type\":\"WebPage\",\"@id\":\"https:\\\/\\\/zenkit.com\\\/pt-br\\\/tutoriais\\\/\",\"url\":\"https:\\\/\\\/zenkit.com\\\/pt-br\\\/tutoriais\\\/\",\"name\":\"Tutoriais | Zenkit\",\"isPartOf\":{\"@id\":\"https:\\\/\\\/zenkit.com\\\/pt-br\\\/#website\"},\"datePublished\":\"2021-04-21T12:12:34+00:00\",\"dateModified\":\"2025-09-09T10:05:45+00:00\",\"breadcrumb\":{\"@id\":\"https:\\\/\\\/zenkit.com\\\/pt-br\\\/tutoriais\\\/#breadcrumb\"},\"inLanguage\":\"pt-BR\",\"potentialAction\":[{\"@type\":\"ReadAction\",\"target\":[\"https:\\\/\\\/zenkit.com\\\/pt-br\\\/tutoriais\\\/\"]}]},{\"@type\":\"BreadcrumbList\",\"@id\":\"https:\\\/\\\/zenkit.com\\\/pt-br\\\/tutoriais\\\/#breadcrumb\",\"itemListElement\":[{\"@type\":\"ListItem\",\"position\":1,\"name\":\"Home\",\"item\":\"https:\\\/\\\/zenkit.com\\\/pt-br\\\/\"},{\"@type\":\"ListItem\",\"position\":2,\"name\":\"Tutoriais\"}]},{\"@type\":\"WebSite\",\"@id\":\"https:\\\/\\\/zenkit.com\\\/pt-br\\\/#website\",\"url\":\"https:\\\/\\\/zenkit.com\\\/pt-br\\\/\",\"name\":\"Zenkit\",\"description\":\"Zenkit Tagline\",\"potentialAction\":[{\"@type\":\"SearchAction\",\"target\":{\"@type\":\"EntryPoint\",\"urlTemplate\":\"https:\\\/\\\/zenkit.com\\\/pt-br\\\/?s={search_term_string}\"},\"query-input\":{\"@type\":\"PropertyValueSpecification\",\"valueRequired\":true,\"valueName\":\"search_term_string\"}}],\"inLanguage\":\"pt-BR\"},false]}<\/script>\n<!-- \/ Yoast SEO plugin. -->","yoast_head_json":{"title":"Tutoriais | Zenkit","robots":{"index":"index","follow":"follow","max-snippet":"max-snippet:-1","max-image-preview":"max-image-preview:large","max-video-preview":"max-video-preview:-1"},"canonical":"https:\/\/zenkit.com\/pt-br\/tutoriais\/","og_locale":"pt_BR","og_type":"article","og_title":"Tutoriais | Zenkit","og_description":"Guias Aprenda os conceitos b\u00e1sicos do Zenkit e obtenha uma vis\u00e3o abrangente dos recursos essenciais. Saiba mais sobre Collections, campos e as visualiza\u00e7\u00f5es do Zenkit neste v\u00eddeo introdut\u00f3rio. Uma introdu\u00e7\u00e3o ao Zenkit para usu\u00e1rios do Trello. Como importar seus dados do Trello e um resumo dos principais benef\u00edcios de fazer a troca. Um guia r\u00e1pido [&hellip;]","og_url":"https:\/\/zenkit.com\/pt-br\/tutoriais\/","og_site_name":"Zenkit","article_publisher":"https:\/\/www.facebook.com\/ZenkitHQ","article_modified_time":"2025-09-09T10:05:45+00:00","twitter_card":"summary_large_image","twitter_site":"@ZenkitHQ","twitter_misc":{"Est. tempo de leitura":"2 minutos"},"schema":{"@context":"https:\/\/schema.org","@graph":[{"@type":"WebPage","@id":"https:\/\/zenkit.com\/pt-br\/tutoriais\/","url":"https:\/\/zenkit.com\/pt-br\/tutoriais\/","name":"Tutoriais | Zenkit","isPartOf":{"@id":"https:\/\/zenkit.com\/pt-br\/#website"},"datePublished":"2021-04-21T12:12:34+00:00","dateModified":"2025-09-09T10:05:45+00:00","breadcrumb":{"@id":"https:\/\/zenkit.com\/pt-br\/tutoriais\/#breadcrumb"},"inLanguage":"pt-BR","potentialAction":[{"@type":"ReadAction","target":["https:\/\/zenkit.com\/pt-br\/tutoriais\/"]}]},{"@type":"BreadcrumbList","@id":"https:\/\/zenkit.com\/pt-br\/tutoriais\/#breadcrumb","itemListElement":[{"@type":"ListItem","position":1,"name":"Home","item":"https:\/\/zenkit.com\/pt-br\/"},{"@type":"ListItem","position":2,"name":"Tutoriais"}]},{"@type":"WebSite","@id":"https:\/\/zenkit.com\/pt-br\/#website","url":"https:\/\/zenkit.com\/pt-br\/","name":"Zenkit","description":"Zenkit Tagline","potentialAction":[{"@type":"SearchAction","target":{"@type":"EntryPoint","urlTemplate":"https:\/\/zenkit.com\/pt-br\/?s={search_term_string}"},"query-input":{"@type":"PropertyValueSpecification","valueRequired":true,"valueName":"search_term_string"}}],"inLanguage":"pt-BR"},false]}},"yasr_visitor_votes":{"stars_attributes":{"read_only":false,"span_bottom":false},"number_of_votes":0,"sum_votes":0},"_links":{"self":[{"href":"https:\/\/zenkit.com\/pt-br\/wp-json\/wp\/v2\/pages\/60947","targetHints":{"allow":["GET"]}}],"collection":[{"href":"https:\/\/zenkit.com\/pt-br\/wp-json\/wp\/v2\/pages"}],"about":[{"href":"https:\/\/zenkit.com\/pt-br\/wp-json\/wp\/v2\/types\/page"}],"author":[{"embeddable":true,"href":"https:\/\/zenkit.com\/pt-br\/wp-json\/wp\/v2\/users\/28"}],"replies":[{"embeddable":true,"href":"https:\/\/zenkit.com\/pt-br\/wp-json\/wp\/v2\/comments?post=60947"}],"version-history":[{"count":1,"href":"https:\/\/zenkit.com\/pt-br\/wp-json\/wp\/v2\/pages\/60947\/revisions"}],"predecessor-version":[{"id":139460,"href":"https:\/\/zenkit.com\/pt-br\/wp-json\/wp\/v2\/pages\/60947\/revisions\/139460"}],"wp:attachment":[{"href":"https:\/\/zenkit.com\/pt-br\/wp-json\/wp\/v2\/media?parent=60947"}],"curies":[{"name":"wp","href":"https:\/\/api.w.org\/{rel}","templated":true}]}}