{"id":61268,"date":"2021-04-26T17:03:34","date_gmt":"2021-04-26T15:03:34","guid":{"rendered":"https:\/\/zenkit.com\/todo\/alternatives-re\/"},"modified":"2025-11-24T17:29:15","modified_gmt":"2025-11-24T16:29:15","slug":"alternativas","status":"publish","type":"page","link":"https:\/\/zenkit.com\/pt-br\/todo\/alternativas\/","title":{"rendered":"Alternativas"},"content":{"rendered":"\n<div class=\"wp-block-group has-global-padding is-layout-constrained wp-block-group-is-layout-constrained\">\n<div class=\"wp-block-group width--950 has-global-padding is-layout-constrained wp-block-group-is-layout-constrained\">\n<div style=\"height:45px;--tablet-height:45px;--mobile-height:16px\" class=\"wp-block-lookeen-blocks-responsive-spacer\"><\/div>\n\n\n\n<div class=\"wp-block-group has-global-padding is-layout-constrained wp-block-group-is-layout-constrained\">\n<h1 class=\"wp-block-heading has-text-align-center\" style=\"margin-bottom:8px\">Zenkit To Do como uma Alternativa<\/h1>\n<\/div>\n\n\n\n<div class=\"wp-block-group has-global-padding is-layout-constrained wp-block-group-is-layout-constrained\">\n<p class=\"has-text-align-center subheading\">Um conjunto diverso e flex\u00edvel de recursos torna Zenkit To Do a alternativa perfeita para quase qualquer outro gerenciador de tarefas no mercado.<\/p>\n<\/div>\n\n\n\n<div style=\"height:48px;--tablet-height:36px;--mobile-height:24px\" class=\"wp-block-lookeen-blocks-responsive-spacer\"><\/div>\n<\/div>\n<\/div>\n\n\n\n<div class=\"wp-block-group has-global-padding is-layout-constrained wp-block-group-is-layout-constrained\">\n<div class=\"wp-block-group alternatives__grid has-global-padding is-layout-constrained wp-block-group-is-layout-constrained\">\n<div class=\"wp-block-group alternatives__box has-global-padding is-layout-constrained wp-block-group-is-layout-constrained\" style=\"border-radius:20px\">\n<figure class=\"wp-block-image aligncenter size-full\"><img loading=\"lazy\" decoding=\"async\" width=\"256\" height=\"256\" src=\"https:\/\/zenkit.com\/wp-content\/uploads\/2018\/05\/wunderlist-logo.png\" alt=\"Wunderlist Logo\" class=\"wp-image-4802\" style=\"object-fit:cover\" srcset=\"https:\/\/zenkit.com\/wp-content\/uploads\/2018\/05\/wunderlist-logo.png 256w, https:\/\/zenkit.com\/wp-content\/uploads\/2018\/05\/wunderlist-logo-150x150.png 150w\" sizes=\"auto, (max-width: 256px) 100vw, 256px\" \/><\/figure>\n\n\n\n<div class=\"wp-block-group has-global-padding is-layout-constrained wp-block-group-is-layout-constrained\" style=\"padding-bottom:4px\">\n<h3 class=\"wp-block-heading has-text-align-center card__title\" style=\"font-size:20px\">Wunderlist<\/h3>\n<\/div>\n\n\n\n<div class=\"wp-block-group has-global-padding is-layout-constrained wp-block-group-is-layout-constrained\" style=\"margin-bottom:16px\">\n<p class=\"has-text-align-center has-da-grey-1-color has-text-color has-link-color wp-elements-9d98f943801c7d33cb4a8a0ec727f624\">Compare Zenkit com Wunderlist<\/p>\n<\/div>\n\n\n\n<p class=\"has-text-align-center read__more\"><a data-type=\"page\" data-id=\"61117\" href=\"https:\/\/zenkit.com\/pt-br\/todo\/alternativas\/comparacao-com-o-wunderlist\/\">Saiba mais<\/a><\/p>\n<\/div>\n\n\n\n<div class=\"wp-block-group alternatives__box has-global-padding is-layout-constrained wp-block-group-is-layout-constrained\" style=\"border-radius:20px\">\n<figure class=\"wp-block-image aligncenter size-full\"><img loading=\"lazy\" decoding=\"async\" width=\"512\" height=\"512\" src=\"https:\/\/zenkit.com\/wp-content\/uploads\/2020\/08\/Any.do.png\" alt=\"Any.do logo\" class=\"wp-image-49293\" style=\"object-fit:cover\" srcset=\"https:\/\/zenkit.com\/wp-content\/uploads\/2020\/08\/Any.do.png 512w, https:\/\/zenkit.com\/wp-content\/uploads\/2020\/08\/Any.do-150x150.png 150w, https:\/\/zenkit.com\/wp-content\/uploads\/2020\/08\/Any.do-300x300.png 300w\" sizes=\"auto, (max-width: 512px) 100vw, 512px\" \/><\/figure>\n\n\n\n<div class=\"wp-block-group has-global-padding is-layout-constrained wp-block-group-is-layout-constrained\" style=\"padding-bottom:4px\">\n<h3 class=\"wp-block-heading has-text-align-center card__title\" style=\"font-size:20px\">Any.do<\/h3>\n<\/div>\n\n\n\n<div class=\"wp-block-group has-global-padding is-layout-constrained wp-block-group-is-layout-constrained\" style=\"margin-bottom:16px\">\n<p class=\"has-text-align-center has-da-grey-1-color has-text-color has-link-color wp-elements-75edf37c1ceb33b9978a3df0d55563c9\">Compare Zenkit To Do e Any.do<\/p>\n<\/div>\n\n\n\n<p class=\"has-text-align-center read__more\"><a data-type=\"page\" data-id=\"71835\" href=\"https:\/\/zenkit.com\/pt-br\/todo\/alternativas\/anydo-alternative\/\">Saiba mais<\/a><\/p>\n<\/div>\n\n\n\n<div class=\"wp-block-group alternatives__box has-global-padding is-layout-constrained wp-block-group-is-layout-constrained\" style=\"border-radius:20px\">\n<figure class=\"wp-block-image aligncenter size-full\"><img loading=\"lazy\" decoding=\"async\" width=\"512\" height=\"512\" src=\"https:\/\/zenkit.com\/wp-content\/uploads\/2021\/04\/google-tasks.png\" alt=\"Google Tasks\" class=\"wp-image-61190\" style=\"object-fit:cover\" srcset=\"https:\/\/zenkit.com\/wp-content\/uploads\/2021\/04\/google-tasks.png 512w, https:\/\/zenkit.com\/wp-content\/uploads\/2021\/04\/google-tasks-300x300.png 300w, https:\/\/zenkit.com\/wp-content\/uploads\/2021\/04\/google-tasks-150x150.png 150w\" sizes=\"auto, (max-width: 512px) 100vw, 512px\" \/><\/figure>\n\n\n\n<div class=\"wp-block-group has-global-padding is-layout-constrained wp-block-group-is-layout-constrained\" style=\"padding-bottom:4px\">\n<h3 class=\"wp-block-heading has-text-align-center card__title\" style=\"font-size:20px\">Google Tasks<\/h3>\n<\/div>\n\n\n\n<div class=\"wp-block-group has-global-padding is-layout-constrained wp-block-group-is-layout-constrained\" style=\"margin-bottom:16px\">\n<p class=\"has-text-align-center has-da-grey-1-color has-text-color has-link-color wp-elements-ad878470ee05c9166caf9eef81ef4d87\">Compare Zenkit To Do e Google Tasks<\/p>\n<\/div>\n\n\n\n<p class=\"has-text-align-center read__more\"><a data-type=\"page\" data-id=\"71837\" href=\"https:\/\/zenkit.com\/pt-br\/todo\/alternativas\/google-tasks-alternative\/\">Saiba mais<\/a><\/p>\n<\/div>\n\n\n\n<div class=\"wp-block-group alternatives__box has-global-padding is-layout-constrained wp-block-group-is-layout-constrained\" style=\"border-radius:20px\">\n<figure class=\"wp-block-image aligncenter size-full\"><img loading=\"lazy\" decoding=\"async\" width=\"512\" height=\"512\" src=\"https:\/\/zenkit.com\/wp-content\/uploads\/2019\/04\/unnamed.png\" alt=\"Microsoft To-Do Logo\" class=\"wp-image-24184\" style=\"object-fit:cover\" srcset=\"https:\/\/zenkit.com\/wp-content\/uploads\/2019\/04\/unnamed.png 512w, https:\/\/zenkit.com\/wp-content\/uploads\/2019\/04\/unnamed-150x150.png 150w, https:\/\/zenkit.com\/wp-content\/uploads\/2019\/04\/unnamed-300x300.png 300w\" sizes=\"auto, (max-width: 512px) 100vw, 512px\" \/><\/figure>\n\n\n\n<div class=\"wp-block-group has-global-padding is-layout-constrained wp-block-group-is-layout-constrained\" style=\"padding-bottom:4px\">\n<h3 class=\"wp-block-heading has-text-align-center card__title\" style=\"font-size:20px\">Microsoft To-Do<\/h3>\n<\/div>\n\n\n\n<div class=\"wp-block-group has-global-padding is-layout-constrained wp-block-group-is-layout-constrained\" style=\"margin-bottom:16px\">\n<p class=\"has-text-align-center has-da-grey-1-color has-text-color has-link-color wp-elements-2dd847861d6ffaf5c59d00652ac5e8b7\">Compare Zenkit To Do e Microsoft To-Do<\/p>\n<\/div>\n\n\n\n<p class=\"has-text-align-center read__more\"><a data-type=\"page\" data-id=\"71839\" href=\"https:\/\/zenkit.com\/pt-br\/todo\/alternativas\/microsoftodo-alternative\/\">Saiba mais<\/a><\/p>\n<\/div>\n\n\n\n<div class=\"wp-block-group alternatives__box has-global-padding is-layout-constrained wp-block-group-is-layout-constrained\" style=\"border-radius:20px\">\n<figure class=\"wp-block-image aligncenter size-full\"><img loading=\"lazy\" decoding=\"async\" width=\"512\" height=\"512\" src=\"https:\/\/zenkit.com\/wp-content\/uploads\/2020\/08\/rtm.png\" alt=\"Remember The Milk logo\" class=\"wp-image-49337\" style=\"object-fit:cover\" srcset=\"https:\/\/zenkit.com\/wp-content\/uploads\/2020\/08\/rtm.png 512w, https:\/\/zenkit.com\/wp-content\/uploads\/2020\/08\/rtm-150x150.png 150w, https:\/\/zenkit.com\/wp-content\/uploads\/2020\/08\/rtm-300x300.png 300w\" sizes=\"auto, (max-width: 512px) 100vw, 512px\" \/><\/figure>\n\n\n\n<div class=\"wp-block-group has-global-padding is-layout-constrained wp-block-group-is-layout-constrained\" style=\"padding-bottom:4px\">\n<h3 class=\"wp-block-heading has-text-align-center card__title\" style=\"font-size:20px\">Remember The Milk<\/h3>\n<\/div>\n\n\n\n<div class=\"wp-block-group has-global-padding is-layout-constrained wp-block-group-is-layout-constrained\" style=\"margin-bottom:16px\">\n<p class=\"has-text-align-center has-da-grey-1-color has-text-color has-link-color wp-elements-bf69649a9e9911187f320573fb0609d3\">Compare Zenkit To Do e Remember The Milk<\/p>\n<\/div>\n\n\n\n<p class=\"has-text-align-center read__more\"><a data-type=\"page\" data-id=\"71842\" href=\"https:\/\/zenkit.com\/pt-br\/todo\/alternativas\/remember-the-milk-alternative\/\">Saiba mais<\/a><\/p>\n<\/div>\n\n\n\n<div class=\"wp-block-group alternatives__box has-global-padding is-layout-constrained wp-block-group-is-layout-constrained\" style=\"border-radius:20px\">\n<figure class=\"wp-block-image aligncenter size-full\"><img loading=\"lazy\" decoding=\"async\" width=\"1200\" height=\"1200\" src=\"https:\/\/zenkit.com\/wp-content\/uploads\/2020\/08\/Things-App-Icon-Logo.png\" alt=\"Things Logo\" class=\"wp-image-49464\" style=\"object-fit:cover\" srcset=\"https:\/\/zenkit.com\/wp-content\/uploads\/2020\/08\/Things-App-Icon-Logo.png 1200w, https:\/\/zenkit.com\/wp-content\/uploads\/2020\/08\/Things-App-Icon-Logo-150x150.png 150w, https:\/\/zenkit.com\/wp-content\/uploads\/2020\/08\/Things-App-Icon-Logo-300x300.png 300w, https:\/\/zenkit.com\/wp-content\/uploads\/2020\/08\/Things-App-Icon-Logo-768x768.png 768w, https:\/\/zenkit.com\/wp-content\/uploads\/2020\/08\/Things-App-Icon-Logo-1024x1024.png 1024w\" sizes=\"auto, (max-width: 1200px) 100vw, 1200px\" \/><\/figure>\n\n\n\n<div class=\"wp-block-group has-global-padding is-layout-constrained wp-block-group-is-layout-constrained\" style=\"padding-bottom:4px\">\n<h3 class=\"wp-block-heading has-text-align-center card__title\" style=\"font-size:20px\">Things<\/h3>\n<\/div>\n\n\n\n<div class=\"wp-block-group has-global-padding is-layout-constrained wp-block-group-is-layout-constrained\" style=\"margin-bottom:16px\">\n<p class=\"has-text-align-center has-da-grey-1-color has-text-color has-link-color wp-elements-2b68c5d5b32da8dc8b1f7c7756e8b20b\">Compare Zenkit To Do e Things<\/p>\n<\/div>\n\n\n\n<p class=\"has-text-align-center read__more\"><a data-type=\"page\" data-id=\"71844\" href=\"https:\/\/zenkit.com\/pt-br\/todo\/alternativas\/things-alternative\/\">Saiba mais<\/a><\/p>\n<\/div>\n\n\n\n<div class=\"wp-block-group alternatives__box has-global-padding is-layout-constrained wp-block-group-is-layout-constrained\" style=\"border-radius:20px\">\n<figure class=\"wp-block-image aligncenter size-full\"><img loading=\"lazy\" decoding=\"async\" width=\"365\" height=\"365\" src=\"https:\/\/zenkit.com\/wp-content\/uploads\/2021\/04\/ticktick-icon.png\" alt=\"TickTick\" class=\"wp-image-61225\" style=\"object-fit:cover\" srcset=\"https:\/\/zenkit.com\/wp-content\/uploads\/2021\/04\/ticktick-icon.png 365w, https:\/\/zenkit.com\/wp-content\/uploads\/2021\/04\/ticktick-icon-300x300.png 300w, https:\/\/zenkit.com\/wp-content\/uploads\/2021\/04\/ticktick-icon-150x150.png 150w\" sizes=\"auto, (max-width: 365px) 100vw, 365px\" \/><\/figure>\n\n\n\n<div class=\"wp-block-group has-global-padding is-layout-constrained wp-block-group-is-layout-constrained\" style=\"padding-bottom:4px\">\n<h3 class=\"wp-block-heading has-text-align-center card__title\" style=\"font-size:20px\">TickTick<\/h3>\n<\/div>\n\n\n\n<div class=\"wp-block-group has-global-padding is-layout-constrained wp-block-group-is-layout-constrained\" style=\"margin-bottom:16px\">\n<p class=\"has-text-align-center has-da-grey-1-color has-text-color has-link-color wp-elements-734cf9f474fd626cbfc7bb4e29c08a12\">Compare Zenkit To Do e TickTick<\/p>\n<\/div>\n\n\n\n<p class=\"has-text-align-center read__more\"><a data-type=\"page\" data-id=\"71846\" href=\"https:\/\/zenkit.com\/pt-br\/todo\/alternativas\/ticktick-alternative\/\">Saiba mais<\/a><\/p>\n<\/div>\n\n\n\n<div class=\"wp-block-group alternatives__box has-global-padding is-layout-constrained wp-block-group-is-layout-constrained\" style=\"border-radius:20px\">\n<figure class=\"wp-block-image aligncenter size-full\"><img loading=\"lazy\" decoding=\"async\" width=\"1024\" height=\"1024\" src=\"https:\/\/zenkit.com\/wp-content\/uploads\/2020\/08\/Todoist-logo.png\" alt=\"Todoist-logo\" class=\"wp-image-49313\" style=\"object-fit:cover\" srcset=\"https:\/\/zenkit.com\/wp-content\/uploads\/2020\/08\/Todoist-logo.png 1024w, https:\/\/zenkit.com\/wp-content\/uploads\/2020\/08\/Todoist-logo-150x150.png 150w, https:\/\/zenkit.com\/wp-content\/uploads\/2020\/08\/Todoist-logo-300x300.png 300w, https:\/\/zenkit.com\/wp-content\/uploads\/2020\/08\/Todoist-logo-768x768.png 768w\" sizes=\"auto, (max-width: 1024px) 100vw, 1024px\" \/><\/figure>\n\n\n\n<div class=\"wp-block-group has-global-padding is-layout-constrained wp-block-group-is-layout-constrained\" style=\"padding-bottom:4px\">\n<h3 class=\"wp-block-heading has-text-align-center card__title\" style=\"font-size:20px\">Todoist<\/h3>\n<\/div>\n\n\n\n<div class=\"wp-block-group has-global-padding is-layout-constrained wp-block-group-is-layout-constrained\" style=\"margin-bottom:16px\">\n<p class=\"has-text-align-center has-da-grey-1-color has-text-color has-link-color wp-elements-0083fcf0f6c0341028eff76612ca52e2\">Compare Zenkit To Do e Todoist<\/p>\n<\/div>\n\n\n\n<p class=\"has-text-align-center read__more\"><a data-type=\"page\" data-id=\"71848\" href=\"https:\/\/zenkit.com\/pt-br\/todo\/alternativas\/todoist-alternative\/\">Saiba mais<\/a><\/p>\n<\/div>\n\n\n\n<div class=\"wp-block-group alternatives__box has-global-padding is-layout-constrained wp-block-group-is-layout-constrained\" style=\"border-radius:20px\">\n<figure class=\"wp-block-image aligncenter size-full\"><img loading=\"lazy\" decoding=\"async\" width=\"225\" height=\"225\" src=\"https:\/\/zenkit.com\/wp-content\/uploads\/2021\/04\/toodledo.png\" alt=\"Toodledo\" class=\"wp-image-61235\" style=\"object-fit:cover\" srcset=\"https:\/\/zenkit.com\/wp-content\/uploads\/2021\/04\/toodledo.png 225w, https:\/\/zenkit.com\/wp-content\/uploads\/2021\/04\/toodledo-150x150.png 150w\" sizes=\"auto, (max-width: 225px) 100vw, 225px\" \/><\/figure>\n\n\n\n<div class=\"wp-block-group has-global-padding is-layout-constrained wp-block-group-is-layout-constrained\" style=\"padding-bottom:4px\">\n<h3 class=\"wp-block-heading has-text-align-center card__title\" style=\"font-size:20px\">Toodledo<\/h3>\n<\/div>\n\n\n\n<div class=\"wp-block-group has-global-padding is-layout-constrained wp-block-group-is-layout-constrained\" style=\"margin-bottom:16px\">\n<p class=\"has-text-align-center has-da-grey-1-color has-text-color has-link-color wp-elements-c99a67e9f7c4321040cf0af124405949\">Compare Zenkit To Do e Toodledo<\/p>\n<\/div>\n\n\n\n<p class=\"has-text-align-center read__more\"><a data-type=\"page\" data-id=\"71850\" href=\"https:\/\/zenkit.com\/pt-br\/todo\/alternativas\/toodledo-alternative\/\">Saiba mais<\/a><\/p>\n<\/div>\n<\/div>\n<\/div>\n\n\n\n<div style=\"height:88px;--tablet-height:60px;--mobile-height:45px\" class=\"wp-block-lookeen-blocks-responsive-spacer\"><\/div>\n\n\n\n<div class=\"wp-block-group has-global-padding is-layout-constrained wp-container-core-group-is-layout-7cc94c3e wp-block-group-is-layout-constrained\">\n<figure class=\"wp-block-image aligncenter size-full is-resized\" style=\"margin-bottom:8px\"><img decoding=\"async\" src=\"https:\/\/zenkit.com\/wp-content\/uploads\/2025\/05\/info.svg\" alt=\"Haftungsausschluss\" class=\"wp-image-113476\" style=\"width:36px;height:auto\"\/><\/figure>\n\n\n\n<p class=\"has-text-align-center has-da-grey-1-color has-text-color has-link-color wp-elements-f0fe693e7fa38269ba92973eff1ddd9e\" style=\"margin-top:0px;margin-bottom:0px;font-style:normal;font-weight:700\">Aviso Legal<\/p>\n\n\n\n<p class=\"has-text-align-center\">Todas as marcas registradas, nomes de empresas e nomes de marcas usados neste site s\u00e3o de propriedade de seus respectivos propriet\u00e1rios. A Zenkit n\u00e3o tem afilia\u00e7\u00e3o com nenhum outro produto mencionado nesta p\u00e1gina. Os dados sobre os recursos s\u00e3o obtidos diretamente de sites e materiais de marketing relacionados a partir de Maio de 2020. As informa\u00e7\u00f5es e os recursos est\u00e3o sujeitos a altera\u00e7\u00f5es. Para relatar corre\u00e7\u00f5es,&nbsp;<a href=\"https:\/\/zenkit.com\/pt-br\/contato\/\">contate-nos<\/a>.<\/p>\n<\/div>\n\n\n\n<div style=\"height:110px;--tablet-height:60px;--mobile-height:60px\" class=\"wp-block-lookeen-blocks-responsive-spacer\"><\/div>\n","protected":false},"excerpt":{"rendered":"<p>Zenkit To Do como uma Alternativa Um conjunto diverso e flex\u00edvel de recursos torna Zenkit To Do a alternativa perfeita para quase qualquer outro gerenciador de tarefas no mercado. Wunderlist Compare Zenkit com Wunderlist Saiba mais Any.do Compare Zenkit To Do e Any.do Saiba mais Google Tasks Compare Zenkit To Do e Google Tasks Saiba [&hellip;]<\/p>\n","protected":false},"author":30,"featured_media":0,"parent":45386,"menu_order":2,"comment_status":"closed","ping_status":"closed","template":"wp-custom-template-pt-page-todo","meta":{"yasr_overall_rating":0,"yasr_post_is_review":"","yasr_auto_insert_disabled":"","yasr_review_type":"","footnotes":""},"class_list":["post-61268","page","type-page","status-publish","hentry"],"yoast_head":"<!-- This site is optimized with the Yoast SEO plugin v27.3 - https:\/\/yoast.com\/product\/yoast-seo-wordpress\/ -->\n<title>Alternativas | Zenkit<\/title>\n<meta name=\"robots\" content=\"index, follow, max-snippet:-1, max-image-preview:large, max-video-preview:-1\" \/>\n<link rel=\"canonical\" href=\"https:\/\/zenkit.com\/pt-br\/todo\/alternativas\/\" \/>\n<meta property=\"og:locale\" content=\"pt_BR\" \/>\n<meta property=\"og:type\" content=\"article\" \/>\n<meta property=\"og:title\" content=\"Alternativas | Zenkit\" \/>\n<meta property=\"og:description\" content=\"Zenkit To Do como uma Alternativa Um conjunto diverso e flex\u00edvel de recursos torna Zenkit To Do a alternativa perfeita para quase qualquer outro gerenciador de tarefas no mercado. Wunderlist Compare Zenkit com Wunderlist Saiba mais Any.do Compare Zenkit To Do e Any.do Saiba mais Google Tasks Compare Zenkit To Do e Google Tasks Saiba [&hellip;]\" \/>\n<meta property=\"og:url\" content=\"https:\/\/zenkit.com\/pt-br\/todo\/alternativas\/\" \/>\n<meta property=\"og:site_name\" content=\"Zenkit\" \/>\n<meta property=\"article:publisher\" content=\"https:\/\/www.facebook.com\/ZenkitHQ\" \/>\n<meta property=\"article:modified_time\" content=\"2025-11-24T16:29:15+00:00\" \/>\n<meta property=\"og:image\" content=\"https:\/\/zenkit.com\/wp-content\/uploads\/2018\/05\/wunderlist-logo.png\" \/>\n\t<meta property=\"og:image:width\" content=\"256\" \/>\n\t<meta property=\"og:image:height\" content=\"256\" \/>\n\t<meta property=\"og:image:type\" content=\"image\/png\" \/>\n<meta name=\"twitter:card\" content=\"summary_large_image\" \/>\n<meta name=\"twitter:site\" content=\"@ZenkitHQ\" \/>\n<meta name=\"twitter:label1\" content=\"Est. tempo de leitura\" \/>\n\t<meta name=\"twitter:data1\" content=\"9 minutos\" \/>\n<script type=\"application\/ld+json\" class=\"yoast-schema-graph\">{\"@context\":\"https:\\\/\\\/schema.org\",\"@graph\":[{\"@type\":\"WebPage\",\"@id\":\"https:\\\/\\\/zenkit.com\\\/pt-br\\\/todo\\\/alternativas\\\/\",\"url\":\"https:\\\/\\\/zenkit.com\\\/pt-br\\\/todo\\\/alternativas\\\/\",\"name\":\"Alternativas | Zenkit\",\"isPartOf\":{\"@id\":\"https:\\\/\\\/zenkit.com\\\/pt-br\\\/#website\"},\"primaryImageOfPage\":{\"@id\":\"https:\\\/\\\/zenkit.com\\\/pt-br\\\/todo\\\/alternativas\\\/#primaryimage\"},\"image\":{\"@id\":\"https:\\\/\\\/zenkit.com\\\/pt-br\\\/todo\\\/alternativas\\\/#primaryimage\"},\"thumbnailUrl\":\"https:\\\/\\\/zenkit.com\\\/wp-content\\\/uploads\\\/2018\\\/05\\\/wunderlist-logo.png\",\"datePublished\":\"2021-04-26T15:03:34+00:00\",\"dateModified\":\"2025-11-24T16:29:15+00:00\",\"breadcrumb\":{\"@id\":\"https:\\\/\\\/zenkit.com\\\/pt-br\\\/todo\\\/alternativas\\\/#breadcrumb\"},\"inLanguage\":\"pt-BR\",\"potentialAction\":[{\"@type\":\"ReadAction\",\"target\":[\"https:\\\/\\\/zenkit.com\\\/pt-br\\\/todo\\\/alternativas\\\/\"]}]},{\"@type\":\"ImageObject\",\"inLanguage\":\"pt-BR\",\"@id\":\"https:\\\/\\\/zenkit.com\\\/pt-br\\\/todo\\\/alternativas\\\/#primaryimage\",\"url\":\"https:\\\/\\\/zenkit.com\\\/wp-content\\\/uploads\\\/2018\\\/05\\\/wunderlist-logo.png\",\"contentUrl\":\"https:\\\/\\\/zenkit.com\\\/wp-content\\\/uploads\\\/2018\\\/05\\\/wunderlist-logo.png\"},{\"@type\":\"BreadcrumbList\",\"@id\":\"https:\\\/\\\/zenkit.com\\\/pt-br\\\/todo\\\/alternativas\\\/#breadcrumb\",\"itemListElement\":[{\"@type\":\"ListItem\",\"position\":1,\"name\":\"Home\",\"item\":\"https:\\\/\\\/zenkit.com\\\/pt-br\\\/\"},{\"@type\":\"ListItem\",\"position\":2,\"name\":\"Zenkit To Do\",\"item\":\"https:\\\/\\\/zenkit.com\\\/pt-br\\\/todo\\\/\"},{\"@type\":\"ListItem\",\"position\":3,\"name\":\"Alternativas\"}]},{\"@type\":\"WebSite\",\"@id\":\"https:\\\/\\\/zenkit.com\\\/pt-br\\\/#website\",\"url\":\"https:\\\/\\\/zenkit.com\\\/pt-br\\\/\",\"name\":\"Zenkit\",\"description\":\"Zenkit Tagline\",\"potentialAction\":[{\"@type\":\"SearchAction\",\"target\":{\"@type\":\"EntryPoint\",\"urlTemplate\":\"https:\\\/\\\/zenkit.com\\\/pt-br\\\/?s={search_term_string}\"},\"query-input\":{\"@type\":\"PropertyValueSpecification\",\"valueRequired\":true,\"valueName\":\"search_term_string\"}}],\"inLanguage\":\"pt-BR\"},false]}<\/script>\n<!-- \/ Yoast SEO plugin. -->","yoast_head_json":{"title":"Alternativas | Zenkit","robots":{"index":"index","follow":"follow","max-snippet":"max-snippet:-1","max-image-preview":"max-image-preview:large","max-video-preview":"max-video-preview:-1"},"canonical":"https:\/\/zenkit.com\/pt-br\/todo\/alternativas\/","og_locale":"pt_BR","og_type":"article","og_title":"Alternativas | Zenkit","og_description":"Zenkit To Do como uma Alternativa Um conjunto diverso e flex\u00edvel de recursos torna Zenkit To Do a alternativa perfeita para quase qualquer outro gerenciador de tarefas no mercado. Wunderlist Compare Zenkit com Wunderlist Saiba mais Any.do Compare Zenkit To Do e Any.do Saiba mais Google Tasks Compare Zenkit To Do e Google Tasks Saiba [&hellip;]","og_url":"https:\/\/zenkit.com\/pt-br\/todo\/alternativas\/","og_site_name":"Zenkit","article_publisher":"https:\/\/www.facebook.com\/ZenkitHQ","article_modified_time":"2025-11-24T16:29:15+00:00","og_image":[{"width":256,"height":256,"url":"https:\/\/zenkit.com\/wp-content\/uploads\/2018\/05\/wunderlist-logo.png","type":"image\/png"}],"twitter_card":"summary_large_image","twitter_site":"@ZenkitHQ","twitter_misc":{"Est. tempo de leitura":"9 minutos"},"schema":{"@context":"https:\/\/schema.org","@graph":[{"@type":"WebPage","@id":"https:\/\/zenkit.com\/pt-br\/todo\/alternativas\/","url":"https:\/\/zenkit.com\/pt-br\/todo\/alternativas\/","name":"Alternativas | Zenkit","isPartOf":{"@id":"https:\/\/zenkit.com\/pt-br\/#website"},"primaryImageOfPage":{"@id":"https:\/\/zenkit.com\/pt-br\/todo\/alternativas\/#primaryimage"},"image":{"@id":"https:\/\/zenkit.com\/pt-br\/todo\/alternativas\/#primaryimage"},"thumbnailUrl":"https:\/\/zenkit.com\/wp-content\/uploads\/2018\/05\/wunderlist-logo.png","datePublished":"2021-04-26T15:03:34+00:00","dateModified":"2025-11-24T16:29:15+00:00","breadcrumb":{"@id":"https:\/\/zenkit.com\/pt-br\/todo\/alternativas\/#breadcrumb"},"inLanguage":"pt-BR","potentialAction":[{"@type":"ReadAction","target":["https:\/\/zenkit.com\/pt-br\/todo\/alternativas\/"]}]},{"@type":"ImageObject","inLanguage":"pt-BR","@id":"https:\/\/zenkit.com\/pt-br\/todo\/alternativas\/#primaryimage","url":"https:\/\/zenkit.com\/wp-content\/uploads\/2018\/05\/wunderlist-logo.png","contentUrl":"https:\/\/zenkit.com\/wp-content\/uploads\/2018\/05\/wunderlist-logo.png"},{"@type":"BreadcrumbList","@id":"https:\/\/zenkit.com\/pt-br\/todo\/alternativas\/#breadcrumb","itemListElement":[{"@type":"ListItem","position":1,"name":"Home","item":"https:\/\/zenkit.com\/pt-br\/"},{"@type":"ListItem","position":2,"name":"Zenkit To Do","item":"https:\/\/zenkit.com\/pt-br\/todo\/"},{"@type":"ListItem","position":3,"name":"Alternativas"}]},{"@type":"WebSite","@id":"https:\/\/zenkit.com\/pt-br\/#website","url":"https:\/\/zenkit.com\/pt-br\/","name":"Zenkit","description":"Zenkit Tagline","potentialAction":[{"@type":"SearchAction","target":{"@type":"EntryPoint","urlTemplate":"https:\/\/zenkit.com\/pt-br\/?s={search_term_string}"},"query-input":{"@type":"PropertyValueSpecification","valueRequired":true,"valueName":"search_term_string"}}],"inLanguage":"pt-BR"},false]}},"yasr_visitor_votes":{"stars_attributes":{"read_only":false,"span_bottom":false},"number_of_votes":0,"sum_votes":0},"_links":{"self":[{"href":"https:\/\/zenkit.com\/pt-br\/wp-json\/wp\/v2\/pages\/61268","targetHints":{"allow":["GET"]}}],"collection":[{"href":"https:\/\/zenkit.com\/pt-br\/wp-json\/wp\/v2\/pages"}],"about":[{"href":"https:\/\/zenkit.com\/pt-br\/wp-json\/wp\/v2\/types\/page"}],"author":[{"embeddable":true,"href":"https:\/\/zenkit.com\/pt-br\/wp-json\/wp\/v2\/users\/30"}],"replies":[{"embeddable":true,"href":"https:\/\/zenkit.com\/pt-br\/wp-json\/wp\/v2\/comments?post=61268"}],"version-history":[{"count":6,"href":"https:\/\/zenkit.com\/pt-br\/wp-json\/wp\/v2\/pages\/61268\/revisions"}],"predecessor-version":[{"id":174764,"href":"https:\/\/zenkit.com\/pt-br\/wp-json\/wp\/v2\/pages\/61268\/revisions\/174764"}],"up":[{"embeddable":true,"href":"https:\/\/zenkit.com\/pt-br\/wp-json\/wp\/v2\/pages\/45386"}],"wp:attachment":[{"href":"https:\/\/zenkit.com\/pt-br\/wp-json\/wp\/v2\/media?parent=61268"}],"curies":[{"name":"wp","href":"https:\/\/api.w.org\/{rel}","templated":true}]}}