{"id":61336,"date":"2021-04-27T14:45:20","date_gmt":"2021-04-27T12:45:20","guid":{"rendered":"https:\/\/zenkit.comterprise-re\/"},"modified":"2025-09-24T00:57:35","modified_gmt":"2025-09-23T22:57:35","slug":"empreedimento","status":"publish","type":"page","link":"https:\/\/zenkit.com\/pt-br\/empreedimento\/","title":{"rendered":"Empreedimento"},"content":{"rendered":"\n<div class=\"wp-block-group has-global-padding is-layout-constrained wp-container-core-group-is-layout-118822e0 wp-block-group-is-layout-constrained\">\n<div style=\"height:45px;--tablet-height:45px;--mobile-height:16px\" class=\"wp-block-lookeen-blocks-responsive-spacer\"><\/div>\n\n\n\n<div class=\"wp-block-group has-global-padding is-layout-constrained wp-block-group-is-layout-constrained\">\n<h1 class=\"wp-block-heading has-text-align-center\" style=\"margin-top:0;margin-right:0;margin-bottom:8px;margin-left:0\">Zenkit para Empresas<\/h1>\n\n\n\n<p class=\"has-text-align-center is-style-subtext\" style=\"margin-top:0;margin-right:0;margin-bottom:0;margin-left:0\">A plataforma de colabora\u00e7\u00e3o segura para sua organiza\u00e7\u00e3o.<\/p>\n<\/div>\n\n\n\n<div style=\"height:48px;--tablet-height:36px;--mobile-height:24px\" class=\"wp-block-lookeen-blocks-responsive-spacer\"><\/div>\n\n\n\n<div class=\"wp-block-buttons is-content-justification-center is-layout-flex wp-container-core-buttons-is-layout-f78c5dac wp-block-buttons-is-layout-flex\" style=\"margin-top:0px;margin-bottom:0px\">\n<div class=\"wp-block-button is-style-default\"><a class=\"wp-block-button__link wp-element-button\" href=\"https:\/\/zenkit.com\/pt-br\/contato\/\">Contate-nos<\/a><\/div>\n<\/div>\n<\/div>\n\n\n\n<div style=\"height:88px;--tablet-height:72px;--mobile-height:36px\" class=\"wp-block-lookeen-blocks-responsive-spacer\"><\/div>\n\n\n\n<div class=\"wp-block-group has-global-padding is-layout-constrained wp-block-group-is-layout-constrained\">\n<div class=\"wp-block-group has-global-padding is-layout-constrained wp-block-group-is-layout-constrained\">\n<h2 class=\"wp-block-heading has-text-align-center has-x-large-font-size\" style=\"margin-top:0;margin-bottom:8px\">Recursos Corporativos<\/h2>\n\n\n\n<p class=\"has-text-align-center is-style-subtext\" style=\"margin-top:0;margin-right:0;margin-bottom:0;margin-left:0\">Vis\u00e3o geral<\/p>\n<\/div>\n\n\n\n<div style=\"height:48px;--tablet-height:36px;--mobile-height:24px\" class=\"wp-block-lookeen-blocks-responsive-spacer\"><\/div>\n\n\n\n<div class=\"wp-block-group four-col-grid has-global-padding is-layout-constrained wp-block-group-is-layout-constrained\">\n<div class=\"wp-block-group alternatives__box has-global-padding is-layout-constrained wp-container-core-group-is-layout-be9188a4 wp-block-group-is-layout-constrained\" style=\"border-radius:20px;padding-top:40px;padding-right:35px;padding-bottom:40px;padding-left:35px\">\n<h3 class=\"wp-block-heading has-text-align-center\" style=\"margin-bottom:16px;font-size:22px\">Login \u00danico (SSO)<\/h3>\n\n\n\n<p class=\"has-text-align-center has-da-grey-1-color has-text-color has-link-color wp-elements-5c3a9b87b0f7ba2fd4a3a48d485eb8b0\">O login \u00fanico fornece gerenciamento simplificado de usu\u00e1rios e um processo de login seguro. O Zenkit suportar\u00e1 o SSO dos principais provedores de servi\u00e7os para seguran\u00e7a adicional.<\/p>\n<\/div>\n\n\n\n<div class=\"wp-block-group alternatives__box has-global-padding is-layout-constrained wp-container-core-group-is-layout-be9188a4 wp-block-group-is-layout-constrained\" style=\"border-radius:20px;padding-top:40px;padding-right:35px;padding-bottom:40px;padding-left:35px\">\n<h3 class=\"wp-block-heading has-text-align-center\" style=\"margin-bottom:16px;font-size:22px\">Autoriza\u00e7\u00e3o de dois Fatores (2FA)<\/h3>\n\n\n\n<p class=\"has-text-align-center has-da-grey-1-color has-text-color has-link-color wp-elements-ad8869a0ffddac5f9af2ee5af0280918\">A 2FA adiciona uma camada extra de seguran\u00e7a para impedir qualquer acesso n\u00e3o autorizado \u00e0 sua conta. O Zenkit fornecer\u00e1 um c\u00f3digo de seguran\u00e7a que os usu\u00e1rios devem inserir al\u00e9m de uma senha quando fizerem login a partir de um novo dispositivo.<\/p>\n<\/div>\n\n\n\n<div class=\"wp-block-group alternatives__box has-global-padding is-layout-constrained wp-container-core-group-is-layout-be9188a4 wp-block-group-is-layout-constrained\" style=\"border-radius:20px;padding-top:40px;padding-right:35px;padding-bottom:40px;padding-left:35px\">\n<h3 class=\"wp-block-heading has-text-align-center\" style=\"margin-bottom:16px;font-size:22px\">Detec\u00e7\u00e3o de Intrusos (IDS)<\/h3>\n\n\n\n<p class=\"has-text-align-center has-da-grey-1-color has-text-color has-link-color wp-elements-3b4a27226c8fd708c3caa11b9d8ef8cd\">O Zenkit usa software de detec\u00e7\u00e3o de intrusos para monitorar atividades maliciosas ou viola\u00e7\u00f5es pol\u00edticas. Seja o primeiro a saber quando ocorre uma amea\u00e7a interna ou externa.<\/p>\n<\/div>\n\n\n\n<div class=\"wp-block-group alternatives__box has-global-padding is-layout-constrained wp-container-core-group-is-layout-be9188a4 wp-block-group-is-layout-constrained\" style=\"border-radius:20px;padding-top:40px;padding-right:35px;padding-bottom:40px;padding-left:35px\">\n<h3 class=\"wp-block-heading has-text-align-center\" style=\"margin-bottom:16px;font-size:22px\">Acordos de N\u00edvel de Servi\u00e7o (SLA)<\/h3>\n\n\n\n<p class=\"has-text-align-center has-da-grey-1-color has-text-color has-link-color wp-elements-c3b66d14b1673b53f36829dbc8aff81a\">Uma revis\u00e3o abrangente de contratos legais e um SLA aprimorado garantem que Zenkit ofere\u00e7a consistentemente uma experi\u00eancia de usu\u00e1rio confi\u00e1vel e responsiva. Hospedado na AWS na Alemanha, Zenkit garante mais de 99,999% de disponibilidade de servi\u00e7o.<\/p>\n<\/div>\n<\/div>\n<\/div>\n\n\n\n<div style=\"height:88px;--tablet-height:72px;--mobile-height:36px\" class=\"wp-block-lookeen-blocks-responsive-spacer\"><\/div>\n\n\n\n<div class=\"wp-block-group has-global-padding is-layout-constrained wp-block-group-is-layout-constrained\">\n<div class=\"wp-block-group has-global-padding is-layout-constrained wp-container-core-group-is-layout-7cc94c3e wp-block-group-is-layout-constrained\">\n<h2 class=\"wp-block-heading has-text-align-center display-h1 has-x-large-font-size\" style=\"margin-top:0;margin-bottom:8px\">Controle Granular<\/h2>\n\n\n\n<p class=\"has-text-align-center is-style-subtext\" style=\"margin-top:0;margin-right:0;margin-bottom:24px;margin-left:0\">Com o gerenciamento de identidade e acesso (IAM), Zenkit oferece controle sobre quem tem acesso \u00e0 suas Collections e times<\/p>\n\n\n\n<p class=\"has-text-align-center\">Especifique quem pode criar Collections p\u00fablicas ou privadas, restringir convites e desativar membros para manter a colabora\u00e7\u00e3o da equipe, mantendo os dados privados seguros.<\/p>\n\n\n\n<p class=\"has-text-align-center\" style=\"margin-top:0;margin-bottom:0\">Os recursos de administra\u00e7\u00e3o granular permitem que voc\u00ea ajuste rapidamente as configura\u00e7\u00f5es de acesso, atribua e restrinja fun\u00e7\u00f5es e recursos de usu\u00e1rios de qualquer lugar dentro do aplicativo.<\/p>\n<\/div>\n\n\n\n<div style=\"height:88px;--tablet-height:72px;--mobile-height:36px\" class=\"wp-block-lookeen-blocks-responsive-spacer\"><\/div>\n\n\n\n<div class=\"wp-block-group has-global-padding is-layout-constrained wp-block-group-is-layout-constrained\">\n<div class=\"wp-block-group four-col-grid has-global-padding is-layout-constrained wp-block-group-is-layout-constrained\">\n<div class=\"wp-block-group alternatives__box has-global-padding is-layout-constrained wp-container-core-group-is-layout-be9188a4 wp-block-group-is-layout-constrained\" style=\"border-radius:20px;padding-top:40px;padding-right:35px;padding-bottom:40px;padding-left:35px\">\n<h3 class=\"wp-block-heading has-text-align-center\" style=\"margin-bottom:16px;font-size:22px\">Gerente de Contas<\/h3>\n\n\n\n<p class=\"has-text-align-center has-da-grey-1-color has-text-color has-link-color wp-elements-e4f47693189c485b319ba5a4ac1ab97f\">Um gerente de conta dedicado configurar\u00e1 sess\u00f5es de treinamento personalizadas para sua equipe e estar\u00e1 dispon\u00edvel para ajudar nos problemas de faturamento.<\/p>\n<\/div>\n\n\n\n<div class=\"wp-block-group alternatives__box has-global-padding is-layout-constrained wp-container-core-group-is-layout-be9188a4 wp-block-group-is-layout-constrained\" style=\"border-radius:20px;padding-top:40px;padding-right:35px;padding-bottom:40px;padding-left:35px\">\n<h3 class=\"wp-block-heading has-text-align-center\" style=\"margin-bottom:16px;font-size:22px\">Integra\u00e7\u00e3o Personalizada<\/h3>\n\n\n\n<p class=\"has-text-align-center has-da-grey-1-color has-text-color has-link-color wp-elements-e1c1342216ea70af3fbe94e61f8c5a7f\">Um processo de integra\u00e7\u00e3o personalizada para sua organiza\u00e7\u00e3o garante a ado\u00e7\u00e3o e a migra\u00e7\u00e3o bem-sucedida de seus sistemas e processos existentes.<\/p>\n<\/div>\n\n\n\n<div class=\"wp-block-group alternatives__box has-global-padding is-layout-constrained wp-container-core-group-is-layout-be9188a4 wp-block-group-is-layout-constrained\" style=\"border-radius:20px;padding-top:40px;padding-right:35px;padding-bottom:40px;padding-left:35px\">\n<h3 class=\"wp-block-heading has-text-align-center\" style=\"margin-bottom:16px;font-size:22px\">Modelos<\/h3>\n\n\n\n<p class=\"has-text-align-center has-da-grey-1-color has-text-color has-link-color wp-elements-917469f91e8f48f9d63cfe8111a3b230\">A ampla gama de modelos do Zenkit permite que voc\u00ea use ferramentas de neg\u00f3cios e fluxos de trabalho bem estabelecidos desde o in\u00edcio.<\/p>\n<\/div>\n\n\n\n<div class=\"wp-block-group alternatives__box has-global-padding is-layout-constrained wp-container-core-group-is-layout-be9188a4 wp-block-group-is-layout-constrained\" style=\"border-radius:20px;padding-top:40px;padding-right:35px;padding-bottom:40px;padding-left:35px\">\n<h3 class=\"wp-block-heading has-text-align-center\" style=\"margin-bottom:16px;font-size:22px\">Suporte Priorit\u00e1rio<\/h3>\n\n\n\n<p class=\"has-text-align-center has-da-grey-1-color has-text-color has-link-color wp-elements-4309161a064d82ab04b117bd48dc46c1\">O suporte priorit\u00e1rio por telefone e email com tempos de resposta acelerados \u00e9 garantido para todos os clientes corporativos.<\/p>\n<\/div>\n<\/div>\n<\/div>\n<\/div>\n\n\n\n<div style=\"height:88px;--tablet-height:72px;--mobile-height:36px\" class=\"wp-block-lookeen-blocks-responsive-spacer\"><\/div>\n\n\n\n<div class=\"wp-block-group has-da-blue-light-background-color has-background has-global-padding is-layout-constrained wp-container-core-group-is-layout-d7701c0d wp-block-group-is-layout-constrained\">\n<div style=\"height:80px;--tablet-height:64px;--mobile-height:35px\" class=\"wp-block-lookeen-blocks-responsive-spacer\"><\/div>\n\n\n\n<h2 class=\"wp-block-heading has-text-align-center\">Para mais informa\u00e7\u00f5es sobre os pr\u00f3ximos recursos corporativos, entre em contato com nossa equipe de vendas.<\/h2>\n\n\n\n<div class=\"wp-block-buttons is-content-justification-center is-layout-flex wp-container-core-buttons-is-layout-f78c5dac wp-block-buttons-is-layout-flex\" style=\"margin-top:0px;margin-bottom:0px\">\n<div class=\"wp-block-button is-style-default\"><a class=\"wp-block-button__link wp-element-button\" href=\"https:\/\/zenkit.com\/pt-br\/contato\/\">Contate-nos<\/a><\/div>\n<\/div>\n\n\n\n<div style=\"height:80px;--tablet-height:64px;--mobile-height:35px\" class=\"wp-block-lookeen-blocks-responsive-spacer\"><\/div>\n<\/div>\n","protected":false},"excerpt":{"rendered":"<p>Zenkit para Empresas A plataforma de colabora\u00e7\u00e3o segura para sua organiza\u00e7\u00e3o. Recursos Corporativos Vis\u00e3o geral Login \u00danico (SSO) O login \u00fanico fornece gerenciamento simplificado de usu\u00e1rios e um processo de login seguro. O Zenkit suportar\u00e1 o SSO dos principais provedores de servi\u00e7os para seguran\u00e7a adicional. Autoriza\u00e7\u00e3o de dois Fatores (2FA) A 2FA adiciona uma camada [&hellip;]<\/p>\n","protected":false},"author":28,"featured_media":0,"parent":0,"menu_order":17,"comment_status":"closed","ping_status":"closed","template":"","meta":{"yasr_overall_rating":0,"yasr_post_is_review":"","yasr_auto_insert_disabled":"","yasr_review_type":"","footnotes":""},"class_list":["post-61336","page","type-page","status-publish","hentry"],"yoast_head":"<!-- This site is optimized with the Yoast SEO plugin v27.3 - https:\/\/yoast.com\/product\/yoast-seo-wordpress\/ -->\n<title>Empreedimento | Zenkit<\/title>\n<meta name=\"robots\" content=\"index, follow, max-snippet:-1, max-image-preview:large, max-video-preview:-1\" \/>\n<link rel=\"canonical\" href=\"https:\/\/zenkit.com\/pt-br\/empreedimento\/\" \/>\n<meta property=\"og:locale\" content=\"pt_BR\" \/>\n<meta property=\"og:type\" content=\"article\" \/>\n<meta property=\"og:title\" content=\"Empreedimento | Zenkit\" \/>\n<meta property=\"og:description\" content=\"Zenkit para Empresas A plataforma de colabora\u00e7\u00e3o segura para sua organiza\u00e7\u00e3o. Recursos Corporativos Vis\u00e3o geral Login \u00danico (SSO) O login \u00fanico fornece gerenciamento simplificado de usu\u00e1rios e um processo de login seguro. O Zenkit suportar\u00e1 o SSO dos principais provedores de servi\u00e7os para seguran\u00e7a adicional. Autoriza\u00e7\u00e3o de dois Fatores (2FA) A 2FA adiciona uma camada [&hellip;]\" \/>\n<meta property=\"og:url\" content=\"https:\/\/zenkit.com\/pt-br\/empreedimento\/\" \/>\n<meta property=\"og:site_name\" content=\"Zenkit\" \/>\n<meta property=\"article:publisher\" content=\"https:\/\/www.facebook.com\/ZenkitHQ\" \/>\n<meta property=\"article:modified_time\" content=\"2025-09-23T22:57:35+00:00\" \/>\n<meta name=\"twitter:card\" content=\"summary_large_image\" \/>\n<meta name=\"twitter:site\" content=\"@ZenkitHQ\" \/>\n<meta name=\"twitter:label1\" content=\"Est. tempo de leitura\" \/>\n\t<meta name=\"twitter:data1\" content=\"16 minutos\" \/>\n<script type=\"application\/ld+json\" class=\"yoast-schema-graph\">{\"@context\":\"https:\\\/\\\/schema.org\",\"@graph\":[{\"@type\":\"WebPage\",\"@id\":\"https:\\\/\\\/zenkit.com\\\/pt-br\\\/empreedimento\\\/\",\"url\":\"https:\\\/\\\/zenkit.com\\\/pt-br\\\/empreedimento\\\/\",\"name\":\"Empreedimento | Zenkit\",\"isPartOf\":{\"@id\":\"https:\\\/\\\/zenkit.com\\\/pt-br\\\/#website\"},\"datePublished\":\"2021-04-27T12:45:20+00:00\",\"dateModified\":\"2025-09-23T22:57:35+00:00\",\"breadcrumb\":{\"@id\":\"https:\\\/\\\/zenkit.com\\\/pt-br\\\/empreedimento\\\/#breadcrumb\"},\"inLanguage\":\"pt-BR\",\"potentialAction\":[{\"@type\":\"ReadAction\",\"target\":[\"https:\\\/\\\/zenkit.com\\\/pt-br\\\/empreedimento\\\/\"]}]},{\"@type\":\"BreadcrumbList\",\"@id\":\"https:\\\/\\\/zenkit.com\\\/pt-br\\\/empreedimento\\\/#breadcrumb\",\"itemListElement\":[{\"@type\":\"ListItem\",\"position\":1,\"name\":\"Home\",\"item\":\"https:\\\/\\\/zenkit.com\\\/pt-br\\\/\"},{\"@type\":\"ListItem\",\"position\":2,\"name\":\"Empreedimento\"}]},{\"@type\":\"WebSite\",\"@id\":\"https:\\\/\\\/zenkit.com\\\/pt-br\\\/#website\",\"url\":\"https:\\\/\\\/zenkit.com\\\/pt-br\\\/\",\"name\":\"Zenkit\",\"description\":\"Zenkit Tagline\",\"potentialAction\":[{\"@type\":\"SearchAction\",\"target\":{\"@type\":\"EntryPoint\",\"urlTemplate\":\"https:\\\/\\\/zenkit.com\\\/pt-br\\\/?s={search_term_string}\"},\"query-input\":{\"@type\":\"PropertyValueSpecification\",\"valueRequired\":true,\"valueName\":\"search_term_string\"}}],\"inLanguage\":\"pt-BR\"},false]}<\/script>\n<!-- \/ Yoast SEO plugin. -->","yoast_head_json":{"title":"Empreedimento | Zenkit","robots":{"index":"index","follow":"follow","max-snippet":"max-snippet:-1","max-image-preview":"max-image-preview:large","max-video-preview":"max-video-preview:-1"},"canonical":"https:\/\/zenkit.com\/pt-br\/empreedimento\/","og_locale":"pt_BR","og_type":"article","og_title":"Empreedimento | Zenkit","og_description":"Zenkit para Empresas A plataforma de colabora\u00e7\u00e3o segura para sua organiza\u00e7\u00e3o. Recursos Corporativos Vis\u00e3o geral Login \u00danico (SSO) O login \u00fanico fornece gerenciamento simplificado de usu\u00e1rios e um processo de login seguro. O Zenkit suportar\u00e1 o SSO dos principais provedores de servi\u00e7os para seguran\u00e7a adicional. Autoriza\u00e7\u00e3o de dois Fatores (2FA) A 2FA adiciona uma camada [&hellip;]","og_url":"https:\/\/zenkit.com\/pt-br\/empreedimento\/","og_site_name":"Zenkit","article_publisher":"https:\/\/www.facebook.com\/ZenkitHQ","article_modified_time":"2025-09-23T22:57:35+00:00","twitter_card":"summary_large_image","twitter_site":"@ZenkitHQ","twitter_misc":{"Est. tempo de leitura":"16 minutos"},"schema":{"@context":"https:\/\/schema.org","@graph":[{"@type":"WebPage","@id":"https:\/\/zenkit.com\/pt-br\/empreedimento\/","url":"https:\/\/zenkit.com\/pt-br\/empreedimento\/","name":"Empreedimento | Zenkit","isPartOf":{"@id":"https:\/\/zenkit.com\/pt-br\/#website"},"datePublished":"2021-04-27T12:45:20+00:00","dateModified":"2025-09-23T22:57:35+00:00","breadcrumb":{"@id":"https:\/\/zenkit.com\/pt-br\/empreedimento\/#breadcrumb"},"inLanguage":"pt-BR","potentialAction":[{"@type":"ReadAction","target":["https:\/\/zenkit.com\/pt-br\/empreedimento\/"]}]},{"@type":"BreadcrumbList","@id":"https:\/\/zenkit.com\/pt-br\/empreedimento\/#breadcrumb","itemListElement":[{"@type":"ListItem","position":1,"name":"Home","item":"https:\/\/zenkit.com\/pt-br\/"},{"@type":"ListItem","position":2,"name":"Empreedimento"}]},{"@type":"WebSite","@id":"https:\/\/zenkit.com\/pt-br\/#website","url":"https:\/\/zenkit.com\/pt-br\/","name":"Zenkit","description":"Zenkit Tagline","potentialAction":[{"@type":"SearchAction","target":{"@type":"EntryPoint","urlTemplate":"https:\/\/zenkit.com\/pt-br\/?s={search_term_string}"},"query-input":{"@type":"PropertyValueSpecification","valueRequired":true,"valueName":"search_term_string"}}],"inLanguage":"pt-BR"},false]}},"yasr_visitor_votes":{"stars_attributes":{"read_only":false,"span_bottom":false},"number_of_votes":0,"sum_votes":0},"_links":{"self":[{"href":"https:\/\/zenkit.com\/pt-br\/wp-json\/wp\/v2\/pages\/61336","targetHints":{"allow":["GET"]}}],"collection":[{"href":"https:\/\/zenkit.com\/pt-br\/wp-json\/wp\/v2\/pages"}],"about":[{"href":"https:\/\/zenkit.com\/pt-br\/wp-json\/wp\/v2\/types\/page"}],"author":[{"embeddable":true,"href":"https:\/\/zenkit.com\/pt-br\/wp-json\/wp\/v2\/users\/28"}],"replies":[{"embeddable":true,"href":"https:\/\/zenkit.com\/pt-br\/wp-json\/wp\/v2\/comments?post=61336"}],"version-history":[{"count":3,"href":"https:\/\/zenkit.com\/pt-br\/wp-json\/wp\/v2\/pages\/61336\/revisions"}],"predecessor-version":[{"id":167100,"href":"https:\/\/zenkit.com\/pt-br\/wp-json\/wp\/v2\/pages\/61336\/revisions\/167100"}],"wp:attachment":[{"href":"https:\/\/zenkit.com\/pt-br\/wp-json\/wp\/v2\/media?parent=61336"}],"curies":[{"name":"wp","href":"https:\/\/api.w.org\/{rel}","templated":true}]}}