{"id":61481,"date":"2021-04-21T13:32:29","date_gmt":"2021-04-21T11:32:29","guid":{"rendered":"https:\/\/zenkit.com\/academy-re\/"},"modified":"2025-09-09T12:09:32","modified_gmt":"2025-09-09T10:09:32","slug":"academia","status":"publish","type":"page","link":"https:\/\/zenkit.com\/pt-br\/academia\/","title":{"rendered":"Academia"},"content":{"rendered":"\n<div class=\"wp-block-group has-global-padding is-layout-constrained wp-block-group-is-layout-constrained\">\n<div class=\"wp-block-group width--950 has-global-padding is-layout-constrained wp-block-group-is-layout-constrained\">\n<div style=\"height:45px;--tablet-height:45px;--mobile-height:16px\" class=\"wp-block-lookeen-blocks-responsive-spacer\"><\/div>\n\n\n\n<div class=\"wp-block-group has-global-padding is-layout-constrained wp-block-group-is-layout-constrained\">\n<h1 class=\"wp-block-heading has-text-align-center\" style=\"margin-bottom:8px\">Zenkit\/Academia<\/h1>\n<\/div>\n\n\n\n<div class=\"wp-block-group has-global-padding is-layout-constrained wp-block-group-is-layout-constrained\">\n<p class=\"has-text-align-center subheading\">Nossa miss\u00e3o no Zenkit \u00e9 organizar o seu neg\u00f3cio da forma mais f\u00e1cil poss\u00edvel<\/p>\n<\/div>\n\n\n\n<div style=\"height:48px;--tablet-height:36px;--mobile-height:24px\" class=\"wp-block-lookeen-blocks-responsive-spacer\"><\/div>\n\n\n\n<div class=\"wp-block-group has-global-padding is-layout-constrained wp-block-group-is-layout-constrained\" style=\"margin-bottom:8px\">\n<p class=\"has-text-align-center\">Como complemento \u00e0 plataforma Zenkit, n\u00f3s vamos oferecer cursos e tutoriais para as tarefas mais importantes de sua organiza\u00e7\u00e3o, empresa ou startup. A academia Zenkit come\u00e7ar\u00e1 em breve. Por favor, entre em contato conosco para ficar atualizado.<\/p>\n<\/div>\n\n\n\n<div class=\"wp-block-group has-global-padding is-layout-constrained wp-block-group-is-layout-constrained\">\n<p class=\"has-text-align-center\"><a href=\"https:\/\/zenkit.com\/pt-br\/contato\/\" data-type=\"page\" data-id=\"55281\">Contate-nos<\/a><\/p>\n<\/div>\n<\/div>\n\n\n\n<div style=\"height:88px;--tablet-height:72px;--mobile-height:40px\" class=\"wp-block-lookeen-blocks-responsive-spacer\"><\/div>\n<\/div>\n\n\n\n<div class=\"wp-block-group has-global-padding is-layout-constrained wp-block-group-is-layout-constrained\">\n<div class=\"wp-block-group da__icon-box-grid has-global-padding is-layout-constrained wp-container-core-group-is-layout-48dbd97c wp-block-group-is-layout-constrained\" style=\"padding-right:0px;padding-left:0px\">\n<div class=\"wp-block-group da__icon-box has-global-padding is-layout-constrained wp-block-group-is-layout-constrained\" style=\"border-radius:20px\">\n<figure class=\"wp-block-image aligncenter size-full is-resized\" style=\"margin-bottom:24px\"><img decoding=\"async\" src=\"https:\/\/zenkit.com\/wp-content\/uploads\/2025\/01\/Projektmanagement.svg\" alt=\"\" class=\"wp-image-109234\" style=\"width:auto;height:82px\"\/><\/figure>\n\n\n\n<p class=\"has-text-align-center\" style=\"margin-bottom:0px;font-size:20px\"><strong>Gerenciamento de Projetos<\/strong><\/p>\n\n\n\n<p class=\"has-text-align-center\" style=\"margin-bottom:0px;font-size:20px\"><strong>Lideran\u00e7a Digital<\/strong><\/p>\n\n\n\n<p class=\"has-text-align-center\" style=\"font-size:20px\"><strong>Colabora\u00e7\u00e3o em Equipe<\/strong><\/p>\n<\/div>\n\n\n\n<div class=\"wp-block-group da__icon-box has-global-padding is-layout-constrained wp-block-group-is-layout-constrained\" style=\"border-radius:20px\">\n<figure class=\"wp-block-image aligncenter size-full is-resized\" style=\"margin-bottom:24px\"><img decoding=\"async\" src=\"https:\/\/zenkit.com\/wp-content\/uploads\/2025\/01\/Kundenmanagement.svg\" alt=\"\" class=\"wp-image-109244\" style=\"width:auto;height:82px\"\/><\/figure>\n\n\n\n<p class=\"has-text-align-center\" style=\"margin-bottom:0px;font-size:20px\"><strong>Gest\u00e3o de Clientes<\/strong><\/p>\n\n\n\n<p class=\"has-text-align-center\" style=\"margin-bottom:0px;font-size:20px\"><strong>Sucesso do Cliente<\/strong><\/p>\n\n\n\n<p class=\"has-text-align-center\" style=\"font-size:20px\"><strong>Aquisi\u00e7\u00e3o de Clientes<\/strong><\/p>\n<\/div>\n\n\n\n<div class=\"wp-block-group da__icon-box has-global-padding is-layout-constrained wp-block-group-is-layout-constrained\" style=\"border-radius:20px\">\n<figure class=\"wp-block-image aligncenter size-full is-resized\" style=\"margin-bottom:24px\"><img decoding=\"async\" src=\"https:\/\/zenkit.com\/wp-content\/uploads\/2025\/01\/DigitalAssetManagement.svg\" alt=\"\" class=\"wp-image-109255\" style=\"width:auto;height:82px\"\/><\/figure>\n\n\n\n<p class=\"has-text-align-center\" style=\"margin-bottom:0px;font-size:20px\"><strong>Gest\u00e3o de Ativos Digitais<\/strong><\/p>\n\n\n\n<p class=\"has-text-align-center\" style=\"margin-bottom:0px;font-size:20px\"><strong>Gerenciamento de Documentos<\/strong><\/p>\n\n\n\n<p class=\"has-text-align-center\" style=\"font-size:20px\"><strong>Ciclo de Vida Digital<\/strong><\/p>\n<\/div>\n\n\n\n<div class=\"wp-block-group da__icon-box has-global-padding is-layout-constrained wp-block-group-is-layout-constrained\" style=\"border-radius:20px\">\n<figure class=\"wp-block-image aligncenter size-full is-resized\" style=\"margin-bottom:24px\"><img decoding=\"async\" src=\"https:\/\/zenkit.com\/wp-content\/uploads\/2025\/01\/Finanzplanung.svg\" alt=\"\" class=\"wp-image-109265\" style=\"width:auto;height:82px\"\/><\/figure>\n\n\n\n<p class=\"has-text-align-center\" style=\"margin-bottom:0px;font-size:20px\"><strong>Planejamento Financeiro<\/strong><\/p>\n\n\n\n<p class=\"has-text-align-center\" style=\"margin-bottom:0px;font-size:20px\"><strong>Indicadores de Valor-Chave<\/strong><\/p>\n\n\n\n<p class=\"has-text-align-center\" style=\"font-size:20px\"><strong>Proje\u00e7\u00f5es<\/strong><\/p>\n<\/div>\n\n\n\n<div class=\"wp-block-group da__icon-box has-global-padding is-layout-constrained wp-block-group-is-layout-constrained\" style=\"border-radius:20px\">\n<figure class=\"wp-block-image aligncenter size-full is-resized\" style=\"margin-bottom:24px\"><img decoding=\"async\" src=\"https:\/\/zenkit.com\/wp-content\/uploads\/2025\/01\/Personalmanagement.svg\" alt=\"\" class=\"wp-image-109281\" style=\"width:auto;height:82px\"\/><\/figure>\n\n\n\n<p class=\"has-text-align-center\" style=\"margin-bottom:0px;font-size:20px\"><strong>Recursos Humanos<\/strong><\/p>\n\n\n\n<p class=\"has-text-align-center\" style=\"margin-bottom:0px;font-size:20px\"><strong>Acompanhamento de Candidatos<\/strong><\/p>\n\n\n\n<p class=\"has-text-align-center\" style=\"margin-bottom:0px;font-size:20px\"><strong>Consolida\u00e7\u00e3o de Equipe<\/strong><\/p>\n<\/div>\n\n\n\n<div class=\"wp-block-group da__icon-box has-global-padding is-layout-constrained wp-block-group-is-layout-constrained\" style=\"border-radius:20px\">\n<figure class=\"wp-block-image aligncenter size-full is-resized\" style=\"margin-bottom:24px\"><img decoding=\"async\" src=\"https:\/\/zenkit.com\/wp-content\/uploads\/2025\/01\/Empowerment.svg\" alt=\"\" class=\"wp-image-109291\" style=\"width:auto;height:82px\"\/><\/figure>\n\n\n\n<p class=\"has-text-align-center\" style=\"margin-bottom:0px;font-size:20px\"><strong>Fortalecimento<\/strong><\/p>\n\n\n\n<p class=\"has-text-align-center\" style=\"margin-bottom:0px;font-size:20px\"><strong>Gerenciamento Pessoal<\/strong><\/p>\n\n\n\n<p class=\"has-text-align-center\" style=\"font-size:20px\"><strong>Crescimento Pessoal<\/strong><\/p>\n<\/div>\n<\/div>\n<\/div>\n\n\n\n<div style=\"height:110px;--tablet-height:60px;--mobile-height:48px\" class=\"wp-block-lookeen-blocks-responsive-spacer\"><\/div>\n","protected":false},"excerpt":{"rendered":"<p>Zenkit\/Academia Nossa miss\u00e3o no Zenkit \u00e9 organizar o seu neg\u00f3cio da forma mais f\u00e1cil poss\u00edvel Como complemento \u00e0 plataforma Zenkit, n\u00f3s vamos oferecer cursos e tutoriais para as tarefas mais importantes de sua organiza\u00e7\u00e3o, empresa ou startup. A academia Zenkit come\u00e7ar\u00e1 em breve. Por favor, entre em contato conosco para ficar atualizado. Contate-nos Gerenciamento de [&hellip;]<\/p>\n","protected":false},"author":28,"featured_media":0,"parent":0,"menu_order":18,"comment_status":"closed","ping_status":"closed","template":"","meta":{"yasr_overall_rating":0,"yasr_post_is_review":"","yasr_auto_insert_disabled":"","yasr_review_type":"","footnotes":""},"class_list":["post-61481","page","type-page","status-publish","hentry"],"yoast_head":"<!-- This site is optimized with the Yoast SEO plugin v27.3 - https:\/\/yoast.com\/product\/yoast-seo-wordpress\/ -->\n<title>Academia | Zenkit<\/title>\n<meta name=\"robots\" content=\"index, follow, max-snippet:-1, max-image-preview:large, max-video-preview:-1\" \/>\n<link rel=\"canonical\" href=\"https:\/\/zenkit.com\/pt-br\/academia\/\" \/>\n<meta property=\"og:locale\" content=\"pt_BR\" \/>\n<meta property=\"og:type\" content=\"article\" \/>\n<meta property=\"og:title\" content=\"Academia | Zenkit\" \/>\n<meta property=\"og:description\" content=\"Zenkit\/Academia Nossa miss\u00e3o no Zenkit \u00e9 organizar o seu neg\u00f3cio da forma mais f\u00e1cil poss\u00edvel Como complemento \u00e0 plataforma Zenkit, n\u00f3s vamos oferecer cursos e tutoriais para as tarefas mais importantes de sua organiza\u00e7\u00e3o, empresa ou startup. A academia Zenkit come\u00e7ar\u00e1 em breve. Por favor, entre em contato conosco para ficar atualizado. Contate-nos Gerenciamento de [&hellip;]\" \/>\n<meta property=\"og:url\" content=\"https:\/\/zenkit.com\/pt-br\/academia\/\" \/>\n<meta property=\"og:site_name\" content=\"Zenkit\" \/>\n<meta property=\"article:publisher\" content=\"https:\/\/www.facebook.com\/ZenkitHQ\" \/>\n<meta property=\"article:modified_time\" content=\"2025-09-09T10:09:32+00:00\" \/>\n<meta property=\"og:image\" content=\"https:\/\/zenkit.com\/wp-content\/uploads\/2025\/01\/Projektmanagement.svg\" \/>\n<meta name=\"twitter:card\" content=\"summary_large_image\" \/>\n<meta name=\"twitter:site\" content=\"@ZenkitHQ\" \/>\n<meta name=\"twitter:label1\" content=\"Est. tempo de leitura\" \/>\n\t<meta name=\"twitter:data1\" content=\"1 minuto\" \/>\n<script type=\"application\/ld+json\" class=\"yoast-schema-graph\">{\"@context\":\"https:\\\/\\\/schema.org\",\"@graph\":[{\"@type\":\"WebPage\",\"@id\":\"https:\\\/\\\/zenkit.com\\\/pt-br\\\/academia\\\/\",\"url\":\"https:\\\/\\\/zenkit.com\\\/pt-br\\\/academia\\\/\",\"name\":\"Academia | Zenkit\",\"isPartOf\":{\"@id\":\"https:\\\/\\\/zenkit.com\\\/pt-br\\\/#website\"},\"primaryImageOfPage\":{\"@id\":\"https:\\\/\\\/zenkit.com\\\/pt-br\\\/academia\\\/#primaryimage\"},\"image\":{\"@id\":\"https:\\\/\\\/zenkit.com\\\/pt-br\\\/academia\\\/#primaryimage\"},\"thumbnailUrl\":\"https:\\\/\\\/zenkit.com\\\/wp-content\\\/uploads\\\/2025\\\/01\\\/Projektmanagement.svg\",\"datePublished\":\"2021-04-21T11:32:29+00:00\",\"dateModified\":\"2025-09-09T10:09:32+00:00\",\"breadcrumb\":{\"@id\":\"https:\\\/\\\/zenkit.com\\\/pt-br\\\/academia\\\/#breadcrumb\"},\"inLanguage\":\"pt-BR\",\"potentialAction\":[{\"@type\":\"ReadAction\",\"target\":[\"https:\\\/\\\/zenkit.com\\\/pt-br\\\/academia\\\/\"]}]},{\"@type\":\"ImageObject\",\"inLanguage\":\"pt-BR\",\"@id\":\"https:\\\/\\\/zenkit.com\\\/pt-br\\\/academia\\\/#primaryimage\",\"url\":\"https:\\\/\\\/zenkit.com\\\/wp-content\\\/uploads\\\/2025\\\/01\\\/Projektmanagement.svg\",\"contentUrl\":\"https:\\\/\\\/zenkit.com\\\/wp-content\\\/uploads\\\/2025\\\/01\\\/Projektmanagement.svg\"},{\"@type\":\"BreadcrumbList\",\"@id\":\"https:\\\/\\\/zenkit.com\\\/pt-br\\\/academia\\\/#breadcrumb\",\"itemListElement\":[{\"@type\":\"ListItem\",\"position\":1,\"name\":\"Home\",\"item\":\"https:\\\/\\\/zenkit.com\\\/pt-br\\\/\"},{\"@type\":\"ListItem\",\"position\":2,\"name\":\"Academia\"}]},{\"@type\":\"WebSite\",\"@id\":\"https:\\\/\\\/zenkit.com\\\/pt-br\\\/#website\",\"url\":\"https:\\\/\\\/zenkit.com\\\/pt-br\\\/\",\"name\":\"Zenkit\",\"description\":\"Zenkit Tagline\",\"potentialAction\":[{\"@type\":\"SearchAction\",\"target\":{\"@type\":\"EntryPoint\",\"urlTemplate\":\"https:\\\/\\\/zenkit.com\\\/pt-br\\\/?s={search_term_string}\"},\"query-input\":{\"@type\":\"PropertyValueSpecification\",\"valueRequired\":true,\"valueName\":\"search_term_string\"}}],\"inLanguage\":\"pt-BR\"},false]}<\/script>\n<!-- \/ Yoast SEO plugin. -->","yoast_head_json":{"title":"Academia | Zenkit","robots":{"index":"index","follow":"follow","max-snippet":"max-snippet:-1","max-image-preview":"max-image-preview:large","max-video-preview":"max-video-preview:-1"},"canonical":"https:\/\/zenkit.com\/pt-br\/academia\/","og_locale":"pt_BR","og_type":"article","og_title":"Academia | Zenkit","og_description":"Zenkit\/Academia Nossa miss\u00e3o no Zenkit \u00e9 organizar o seu neg\u00f3cio da forma mais f\u00e1cil poss\u00edvel Como complemento \u00e0 plataforma Zenkit, n\u00f3s vamos oferecer cursos e tutoriais para as tarefas mais importantes de sua organiza\u00e7\u00e3o, empresa ou startup. A academia Zenkit come\u00e7ar\u00e1 em breve. Por favor, entre em contato conosco para ficar atualizado. Contate-nos Gerenciamento de [&hellip;]","og_url":"https:\/\/zenkit.com\/pt-br\/academia\/","og_site_name":"Zenkit","article_publisher":"https:\/\/www.facebook.com\/ZenkitHQ","article_modified_time":"2025-09-09T10:09:32+00:00","og_image":[{"url":"https:\/\/zenkit.com\/wp-content\/uploads\/2025\/01\/Projektmanagement.svg","type":"","width":"","height":""}],"twitter_card":"summary_large_image","twitter_site":"@ZenkitHQ","twitter_misc":{"Est. tempo de leitura":"1 minuto"},"schema":{"@context":"https:\/\/schema.org","@graph":[{"@type":"WebPage","@id":"https:\/\/zenkit.com\/pt-br\/academia\/","url":"https:\/\/zenkit.com\/pt-br\/academia\/","name":"Academia | Zenkit","isPartOf":{"@id":"https:\/\/zenkit.com\/pt-br\/#website"},"primaryImageOfPage":{"@id":"https:\/\/zenkit.com\/pt-br\/academia\/#primaryimage"},"image":{"@id":"https:\/\/zenkit.com\/pt-br\/academia\/#primaryimage"},"thumbnailUrl":"https:\/\/zenkit.com\/wp-content\/uploads\/2025\/01\/Projektmanagement.svg","datePublished":"2021-04-21T11:32:29+00:00","dateModified":"2025-09-09T10:09:32+00:00","breadcrumb":{"@id":"https:\/\/zenkit.com\/pt-br\/academia\/#breadcrumb"},"inLanguage":"pt-BR","potentialAction":[{"@type":"ReadAction","target":["https:\/\/zenkit.com\/pt-br\/academia\/"]}]},{"@type":"ImageObject","inLanguage":"pt-BR","@id":"https:\/\/zenkit.com\/pt-br\/academia\/#primaryimage","url":"https:\/\/zenkit.com\/wp-content\/uploads\/2025\/01\/Projektmanagement.svg","contentUrl":"https:\/\/zenkit.com\/wp-content\/uploads\/2025\/01\/Projektmanagement.svg"},{"@type":"BreadcrumbList","@id":"https:\/\/zenkit.com\/pt-br\/academia\/#breadcrumb","itemListElement":[{"@type":"ListItem","position":1,"name":"Home","item":"https:\/\/zenkit.com\/pt-br\/"},{"@type":"ListItem","position":2,"name":"Academia"}]},{"@type":"WebSite","@id":"https:\/\/zenkit.com\/pt-br\/#website","url":"https:\/\/zenkit.com\/pt-br\/","name":"Zenkit","description":"Zenkit Tagline","potentialAction":[{"@type":"SearchAction","target":{"@type":"EntryPoint","urlTemplate":"https:\/\/zenkit.com\/pt-br\/?s={search_term_string}"},"query-input":{"@type":"PropertyValueSpecification","valueRequired":true,"valueName":"search_term_string"}}],"inLanguage":"pt-BR"},false]}},"yasr_visitor_votes":{"stars_attributes":{"read_only":false,"span_bottom":false},"number_of_votes":0,"sum_votes":0},"_links":{"self":[{"href":"https:\/\/zenkit.com\/pt-br\/wp-json\/wp\/v2\/pages\/61481","targetHints":{"allow":["GET"]}}],"collection":[{"href":"https:\/\/zenkit.com\/pt-br\/wp-json\/wp\/v2\/pages"}],"about":[{"href":"https:\/\/zenkit.com\/pt-br\/wp-json\/wp\/v2\/types\/page"}],"author":[{"embeddable":true,"href":"https:\/\/zenkit.com\/pt-br\/wp-json\/wp\/v2\/users\/28"}],"replies":[{"embeddable":true,"href":"https:\/\/zenkit.com\/pt-br\/wp-json\/wp\/v2\/comments?post=61481"}],"version-history":[{"count":1,"href":"https:\/\/zenkit.com\/pt-br\/wp-json\/wp\/v2\/pages\/61481\/revisions"}],"predecessor-version":[{"id":139463,"href":"https:\/\/zenkit.com\/pt-br\/wp-json\/wp\/v2\/pages\/61481\/revisions\/139463"}],"wp:attachment":[{"href":"https:\/\/zenkit.com\/pt-br\/wp-json\/wp\/v2\/media?parent=61481"}],"curies":[{"name":"wp","href":"https:\/\/api.w.org\/{rel}","templated":true}]}}