{"id":62008,"date":"2019-12-10T14:30:03","date_gmt":"2019-12-10T13:30:03","guid":{"rendered":"https:\/\/zenkit.com\/base\/integracoes\/clicdata-zenkit\/"},"modified":"2025-11-04T06:53:11","modified_gmt":"2025-11-04T05:53:11","slug":"clicdata-zenkit","status":"publish","type":"page","link":"https:\/\/zenkit.com\/pt-br\/integracoes\/clicdata-zenkit\/","title":{"rendered":"ClicData"},"content":{"rendered":"\n<div style=\"height:45px;--tablet-height:45px;--mobile-height:16px\" class=\"wp-block-lookeen-blocks-responsive-spacer\"><\/div>\n\n\n\n<div class=\"wp-block-group has-global-padding is-layout-constrained wp-block-group-is-layout-constrained\">\n<div class=\"wp-block-columns is-layout-flex wp-container-core-columns-is-layout-467d341d wp-block-columns-is-layout-flex\" id=\"main__integrations\" style=\"margin-top:0px;margin-bottom:0px\">\n<div class=\"wp-block-column side__bar__integrations is-layout-flow wp-block-column-is-layout-flow\" style=\"flex-basis:23%\">\n<h2 class=\"wp-block-heading has-da-blue-color-new has-text-color has-link-color wp-elements-e021d71d4730a591e63ce9ef44d71825\" style=\"margin-top:0px;margin-bottom:0px;font-size:16px;line-height:1.5\">Integra\u00e7\u00f5es<\/h2>\n\n\n<nav class=\"is-vertical integrations__menu wp-block-navigation is-layout-flex wp-container-core-navigation-is-layout-5f9f5280 wp-block-navigation-is-layout-flex\" aria-label=\"pt-br-integrations-dashboards-reports\"><ul class=\"wp-block-navigation__container  is-vertical integrations__menu wp-block-navigation\"><li class=\" wp-block-navigation-item wp-block-navigation-link\"><a class=\"wp-block-navigation-item__content\"  href=\"https:\/\/zenkit.com\/pt-br\/integracoes\/clicdata-zenkit\/\"><span class=\"wp-block-navigation-item__label\">ClicData<\/span><\/a><\/li><li class=\" wp-block-navigation-item wp-block-navigation-link\"><a class=\"wp-block-navigation-item__content\"  href=\"https:\/\/zenkit.com\/pt-br\/integracoes\/status-hero\/\"><span class=\"wp-block-navigation-item__label\">Status Hero<\/span><\/a><\/li><\/ul><\/nav><\/div>\n\n\n\n<div class=\"wp-block-column content__integrations is-layout-flow wp-block-column-is-layout-flow\" style=\"flex-basis:77%\">\n<div class=\"wp-block-group has-global-padding is-layout-constrained wp-block-group-is-layout-constrained\">\n<div class=\"wp-block-group title is-layout-flex wp-container-core-group-is-layout-ed4b00df wp-block-group-is-layout-flex\">\n<figure class=\"wp-block-image size-full is-resized\"><img loading=\"lazy\" decoding=\"async\" width=\"1024\" height=\"1024\" src=\"https:\/\/zenkit.com\/wp-content\/uploads\/2025\/07\/Clicdata_Logo-Icon.webp\" alt=\"\" class=\"wp-image-117819\" style=\"width:auto;height:46px\" srcset=\"https:\/\/zenkit.com\/wp-content\/uploads\/2025\/07\/Clicdata_Logo-Icon.webp 1024w, https:\/\/zenkit.com\/wp-content\/uploads\/2025\/07\/Clicdata_Logo-Icon-300x300.webp 300w, https:\/\/zenkit.com\/wp-content\/uploads\/2025\/07\/Clicdata_Logo-Icon-150x150.webp 150w, https:\/\/zenkit.com\/wp-content\/uploads\/2025\/07\/Clicdata_Logo-Icon-768x768.webp 768w\" sizes=\"auto, (max-width: 1024px) 100vw, 1024px\" \/><\/figure>\n\n\n\n<h1 class=\"wp-block-heading\">ClicData &amp; Zenkit<\/h1>\n<\/div>\n\n\n\n<div class=\"wp-block-group has-global-padding is-layout-constrained wp-block-group-is-layout-constrained\">\n<h3 class=\"wp-block-heading display-h2\">Conecte suas contas Zenkit e ClicData<\/h3>\n\n\n\n<p>Se voc\u00ea construiu uma base de dados usando Zenkit e est\u00e1 \u00e0 procura de uma solu\u00e7\u00e3o de relat\u00f3rios para visualizar esses dados, a integra\u00e7\u00e3o entre Zenkit e ClicData pode ser exatamente o que procura.<\/p>\n\n\n\n<p>Independentemente dos dados armazenados no Zenkit serem n\u00fameros de vendas, datas de faturas, ou mesmo detalhes geogr\u00e1ficos, voc\u00ea pode facilmente construir um painel de controle personalizado e ativo para mostrar seus dados. Isso pode ajudar a trazer novas ideias aos seus dados e permitir analis\u00e1-los de uma forma diferente.<\/p>\n\n\n\n<p>Um detalhe excelente sobre essa integra\u00e7\u00e3o \u00e9 que depois de construir a conex\u00e3o para enviar de uma vez os dados Zenkit para o ClicData, ela ser\u00e1 executada automaticamente para atualizar seu relat\u00f3rio com as informa\u00e7\u00f5es mais atuais!<\/p>\n<\/div>\n\n\n\n<div style=\"height:48px;--tablet-height:36px;--mobile-height:24px\" class=\"wp-block-lookeen-blocks-responsive-spacer\"><\/div>\n<\/div>\n\n\n\n<div class=\"wp-block-group has-global-padding is-layout-constrained wp-block-group-is-layout-constrained\">\n<figure class=\"wp-block-video\"><video controls src=\"https:\/\/zenkit.com\/wp-content\/uploads\/2019\/12\/Dashboard_reporting.mp4\"><\/video><\/figure>\n<\/div>\n\n\n\n<div style=\"height:48px;--tablet-height:36px;--mobile-height:24px\" class=\"wp-block-lookeen-blocks-responsive-spacer\"><\/div>\n\n\n\n<div class=\"wp-block-group has-global-padding is-layout-constrained wp-block-group-is-layout-constrained\">\n<h3 class=\"wp-block-heading display-h2\">Sobre ClicData: Painel de controle e software de relat\u00f3rios<\/h3>\n\n\n\n<p><a href=\"https:\/\/www.clicdata.com\/\">ClicData<\/a>&nbsp;\u00e9 uma plataforma de intelig\u00eancia de neg\u00f3cios e gest\u00e3o de dados baseada na nuvem. Tem tudo o que precisa para seus relat\u00f3rios de neg\u00f3cios, incluindo:<\/p>\n\n\n\n<ul class=\"wp-block-list is-style-da-left-indent\">\n<li>Conex\u00e3o de dados: Conectar dados de mais de 250 fontes de dados&nbsp;utilizando conectores ou atrav\u00e9s de API.<\/li>\n\n\n\n<li>Gerencimaneto de dados: Centralize seus dados num armaz\u00e9m de dados incorporado e converta-os com as fun\u00e7\u00f5es Extract, Transform, and Load (ETL).<\/li>\n\n\n\n<li>Automatiza\u00e7\u00e3o: Configure as datas de atualiza\u00e7\u00e3o de seus dados e alertas uma vez, para que n\u00e3o tenha de se preocupar mais com isso.<\/li>\n\n\n\n<li>Visualiza\u00e7\u00e3o de dados: Construa pain\u00e9is interativos com uma fun\u00e7\u00e3o de arraste-e-solte e mais de 70 ferramentas.<\/li>\n\n\n\n<li>Colabora\u00e7\u00e3o: Compartilhe os seus pain\u00e9is interativos com sua equipe e clientes com uma simples conex\u00e3o ou via e-mails automatizados.<\/li>\n<\/ul>\n\n\n\n<p>Para saber mais sobre este software de painel de controle e relat\u00f3rios, cadastre-se para um teste gratuito ClicData aqui:&nbsp;<a href=\"https:\/\/app.clicdata.com\/signup\">https:\/\/app.clicdata.com\/signup<\/a>.<\/p>\n<\/div>\n\n\n\n<div style=\"height:48px;--tablet-height:36px;--mobile-height:24px\" class=\"wp-block-lookeen-blocks-responsive-spacer\"><\/div>\n\n\n\n<div class=\"wp-block-group has-global-padding is-layout-constrained wp-block-group-is-layout-constrained\">\n<h3 class=\"wp-block-heading display-h2\">Sobre Zenkit: Gerenciamento de Projetos Online<\/h3>\n\n\n\n<p><a href=\"https:\/\/zenkit.com\/\">Zenkit<\/a>&nbsp;\u00e9 uma ferramenta de f\u00e1cil utiliza\u00e7\u00e3o, colaborativa para a gest\u00e3o de projetos, construtora de bases de dados, e muito mais. Permite alterar visualiza\u00e7\u00f5es (tabela, lista de tarefas, Kanban, calend\u00e1rio e mapa mental) em um clique. Voc\u00ea pode compartilhar seu trabalho online com Collections publicadas e incorporadas, e construir integra\u00e7\u00f5es com a nossa API documentada. Zenkit \u00e9 suficientemente flex\u00edvel para se adaptar a qualquer fluxo de trabalho e poderoso o suficiente para gerir o seu neg\u00f3cio. Crie sua conta gratuita:&nbsp;<a href=\"https:\/\/app.zenkit.com\/register\">https:\/\/app.zenkit.com\/register<\/a>.<\/p>\n<\/div>\n\n\n\n<div style=\"height:48px;--tablet-height:36px;--mobile-height:24px\" class=\"wp-block-lookeen-blocks-responsive-spacer\"><\/div>\n\n\n\n<div class=\"wp-block-group has-global-padding is-layout-constrained wp-block-group-is-layout-constrained\">\n<h3 class=\"wp-block-heading display-h2\">Como conectar ClicData e Zenkit?<\/h3>\n\n\n\n<p>Essa integra\u00e7\u00e3o inclui duas etapas!<\/p>\n\n\n\n<p><strong>Etapa1<\/strong>: Enviar automaticamente dados de uma Collection Zenkit \u00e0s Planilhas Google pelo Zapier.<\/p>\n\n\n\n<div class=\"wp-block-group has-global-padding is-layout-constrained wp-block-group-is-layout-constrained\">\n<iframe style=\"width: 100%; min-height: 500px; background: transparent; border: 1px solid #ccc;\" src=\"https:\/\/public.zenkit.com\/c\/7_m8erU4O\/invoices?v=34Mwc4itbW\" allowfullscreen=\"allowfullscreen\"><a href=\"https:\/\/public.zenkit.com\/c\/7_m8erU4O\/invoices?v=34Mwc4itbW\" target=\"_blank\">Your browser doesn&#8217;t support iframes. Click here to open the content in a new tab.<\/a><\/iframe>\n<\/div>\n\n\n\n<div style=\"height:48px;--tablet-height:36px;--mobile-height:24px\" class=\"wp-block-lookeen-blocks-responsive-spacer\"><\/div>\n\n\n\n<div class=\"wp-block-group has-global-padding is-layout-constrained wp-block-group-is-layout-constrained\">\n<figure class=\"wp-block-image size-large\"><img loading=\"lazy\" decoding=\"async\" width=\"1024\" height=\"487\" src=\"https:\/\/zenkit.com\/wp-content\/uploads\/2025\/07\/Googlesheets-1024x487.webp\" alt=\"\" class=\"wp-image-117837\" srcset=\"https:\/\/zenkit.com\/wp-content\/uploads\/2025\/07\/Googlesheets-1024x487.webp 1024w, https:\/\/zenkit.com\/wp-content\/uploads\/2025\/07\/Googlesheets-300x143.webp 300w, https:\/\/zenkit.com\/wp-content\/uploads\/2025\/07\/Googlesheets-768x366.webp 768w, https:\/\/zenkit.com\/wp-content\/uploads\/2025\/07\/Googlesheets-1536x731.webp 1536w, https:\/\/zenkit.com\/wp-content\/uploads\/2025\/07\/Googlesheets.webp 1920w\" sizes=\"auto, (max-width: 1024px) 100vw, 1024px\" \/><\/figure>\n<\/div>\n\n\n\n<div style=\"height:48px;--tablet-height:36px;--mobile-height:24px\" class=\"wp-block-lookeen-blocks-responsive-spacer\"><\/div>\n\n\n\n<ul class=\"wp-block-list is-style-da-left-indent\">\n<li>Crie um campo de verifica\u00e7\u00e3o na sua Collection Zenkit. Nessa Collection de amostragem, vamos denomin\u00e1-la \u201cSync to Google Sheets\u201d.<\/li>\n\n\n\n<li>Entre na sua conta de&nbsp;<a href=\"https:\/\/www.google.com\/sheets\/about\/\">Planilhas Google<\/a>&nbsp;e crie uma planilha com as mesmas colunas que sua Collection Zenkit.<\/li>\n\n\n\n<li><a href=\"https:\/\/zapier.com\/sign-up\/\">Cadastre-se<\/a>&nbsp;com uma conta Zapier e&nbsp;<a href=\"https:\/\/zapier.com\/app\/editor\/\">construa um Zap Zapier<\/a>. Siga as instru\u00e7\u00f5es na p\u00e1gina de configura\u00e7\u00e3o (nota: escolha \u201cValor do item alterado\u201d como o gatilho Zenkit, e escolha \u201cAtualizar linhas da planilha\u201d como a a\u00e7\u00e3o da Planilha Google).<\/li>\n\n\n\n<li>Depois de ativar o Zap, para cada caixa de verifica\u00e7\u00e3o que voc\u00ea marcar na sua Collection Zenkit, esses detalhes do Item ser\u00e3o enviados para atualizar ou criar uma nova linha na Planilha Google.<\/li>\n<\/ul>\n\n\n\n<div style=\"height:48px;--tablet-height:36px;--mobile-height:24px\" class=\"wp-block-lookeen-blocks-responsive-spacer\"><\/div>\n\n\n\n<p><strong>Etapa 2<\/strong>: Conectar Planilhas Google com ClicData.<\/p>\n\n\n\n<div class=\"wp-block-group has-global-padding is-layout-constrained wp-block-group-is-layout-constrained\">\n<iframe src=\"https:\/\/marketplace.clicdata.com\/v\/Zenkit\" width=\"100%\" style=\"height:500px;\"><\/iframe>\n<\/div>\n\n\n\n<div style=\"height:48px;--tablet-height:36px;--mobile-height:24px\" class=\"wp-block-lookeen-blocks-responsive-spacer\"><\/div>\n\n\n\n<ul class=\"wp-block-list is-style-da-left-indent\">\n<li><a href=\"https:\/\/app.clicdata.com\/signup\">Cadastre-se&nbsp;<\/a>com uma conta ClicData.<\/li>\n\n\n\n<li>Adicione o documento da Planilha Google como fonte de dados ao ClicData e crie seu painel de controle personalizado.<\/li>\n<\/ul>\n<\/div>\n\n\n\n<div style=\"height:48px;--tablet-height:36px;--mobile-height:24px\" class=\"wp-block-lookeen-blocks-responsive-spacer\"><\/div>\n\n\n\n<div class=\"wp-block-group has-global-padding is-layout-constrained wp-block-group-is-layout-constrained\">\n<h3 class=\"wp-block-heading display-h2\">Quem vai se beneficiar com a integra\u00e7\u00e3o Appointlet e Zenkit?<\/h3>\n\n\n\n<ul class=\"wp-block-list is-style-da-left-indent\">\n<li>Gestores de projeto que desejam construir relat\u00f3rios de f\u00e1cil visualiza\u00e7\u00e3o e interativos com dados armazenados no Zenkit.<\/li>\n\n\n\n<li>Analistas de dados que desejam otimizar seus pain\u00e9is de controle dos neg\u00f3cios a fim de efetuar uma an\u00e1lise precisa e aprofundada.<\/li>\n<\/ul>\n<\/div>\n\n\n\n<div style=\"height:48px;--tablet-height:36px;--mobile-height:24px\" class=\"wp-block-lookeen-blocks-responsive-spacer\"><\/div>\n\n\n\n<div class=\"wp-block-group has-global-padding is-layout-constrained wp-block-group-is-layout-constrained\">\n<h3 class=\"wp-block-heading display-h2\">Detalhes da Integra\u00e7\u00e3o<\/h3>\n\n\n\n<ul class=\"wp-block-list is-style-da-left-indent\">\n<li>Apoiado por Zapier: Por favor entre em contato com&nbsp;<a href=\"https:\/\/zapier.com\/help\/contact-us\/\">suporte Zapier<\/a>&nbsp;se houver algum problema.<\/li>\n\n\n\n<li>Para mais informa\u00e7\u00f5es sobre como utilizar Zenkit com Zapier, por favor leia a nossa&nbsp;<a href=\"https:\/\/zenkit.com\/documentation#\/lists\/HJQBQ1Hw\/sections\/SJYE55zA\/entries\/BJGOKQtA?_k=hyyynn\">documenta\u00e7\u00e3o<\/a>.<\/li>\n\n\n\n<li>Voc\u00ea pode clicar&nbsp;<a href=\"https:\/\/public.zenkit.com\/c\/7_m8erU4O\/invoices?v=34Mwc4itbW\">aqui&nbsp;<\/a>para ver um exemplo da Collection Zenkit e clicar&nbsp;<a href=\"https:\/\/marketplace.clicdata.com\/v\/Zenkit\">aqui&nbsp;<\/a>para ver um exemplo do painel de controle ClicData.<\/li>\n<\/ul>\n<\/div>\n<\/div>\n<\/div>\n<\/div>\n\n\n\n<div style=\"height:110px;--tablet-height:60px;--mobile-height:48px\" class=\"wp-block-lookeen-blocks-responsive-spacer\"><\/div>\n","protected":false},"excerpt":{"rendered":"<p>Integra\u00e7\u00f5es ClicData &amp; Zenkit Conecte suas contas Zenkit e ClicData Se voc\u00ea construiu uma base de dados usando Zenkit e est\u00e1 \u00e0 procura de uma solu\u00e7\u00e3o de relat\u00f3rios para visualizar esses dados, a integra\u00e7\u00e3o entre Zenkit e ClicData pode ser exatamente o que procura. Independentemente dos dados armazenados no Zenkit serem n\u00fameros de vendas, datas [&hellip;]<\/p>\n","protected":false},"author":15,"featured_media":0,"parent":144948,"menu_order":39,"comment_status":"closed","ping_status":"closed","template":"","meta":{"yasr_overall_rating":0,"yasr_post_is_review":"","yasr_auto_insert_disabled":"","yasr_review_type":"","footnotes":""},"class_list":["post-62008","page","type-page","status-publish","hentry"],"yoast_head":"<!-- This site is optimized with the Yoast SEO plugin v27.3 - https:\/\/yoast.com\/product\/yoast-seo-wordpress\/ -->\n<title>ClicData | Zenkit<\/title>\n<meta name=\"description\" content=\"Zenkit&#039;s integration with ClicData allows you to easily visualize your Zenkit data in customized reports. Learn how this integration can grow with you.\" \/>\n<meta name=\"robots\" content=\"index, follow, max-snippet:-1, max-image-preview:large, max-video-preview:-1\" \/>\n<link rel=\"canonical\" href=\"https:\/\/zenkit.com\/pt-br\/integracoes\/clicdata-zenkit\/\" \/>\n<meta property=\"og:locale\" content=\"pt_BR\" \/>\n<meta property=\"og:type\" content=\"article\" \/>\n<meta property=\"og:title\" content=\"ClicData | Zenkit\" \/>\n<meta property=\"og:description\" content=\"Zenkit&#039;s integration with ClicData allows you to easily visualize your Zenkit data in customized reports. Learn how this integration can grow with you.\" \/>\n<meta property=\"og:url\" content=\"https:\/\/zenkit.com\/pt-br\/integracoes\/clicdata-zenkit\/\" \/>\n<meta property=\"og:site_name\" content=\"Zenkit\" \/>\n<meta property=\"article:publisher\" content=\"https:\/\/www.facebook.com\/ZenkitHQ\" \/>\n<meta property=\"article:modified_time\" content=\"2025-11-04T05:53:11+00:00\" \/>\n<meta property=\"og:image\" content=\"https:\/\/zenkit.com\/wp-content\/uploads\/2025\/07\/Clicdata_Logo-Icon.webp\" \/>\n<meta name=\"twitter:card\" content=\"summary_large_image\" \/>\n<meta name=\"twitter:site\" content=\"@ZenkitHQ\" \/>\n<script type=\"application\/ld+json\" class=\"yoast-schema-graph\">{\"@context\":\"https:\\\/\\\/schema.org\",\"@graph\":[{\"@type\":\"WebPage\",\"@id\":\"https:\\\/\\\/zenkit.com\\\/pt-br\\\/integracoes\\\/clicdata-zenkit\\\/\",\"url\":\"https:\\\/\\\/zenkit.com\\\/pt-br\\\/integracoes\\\/clicdata-zenkit\\\/\",\"name\":\"ClicData | Zenkit\",\"isPartOf\":{\"@id\":\"https:\\\/\\\/zenkit.com\\\/pt-br\\\/#website\"},\"primaryImageOfPage\":{\"@id\":\"https:\\\/\\\/zenkit.com\\\/pt-br\\\/integracoes\\\/clicdata-zenkit\\\/#primaryimage\"},\"image\":{\"@id\":\"https:\\\/\\\/zenkit.com\\\/pt-br\\\/integracoes\\\/clicdata-zenkit\\\/#primaryimage\"},\"thumbnailUrl\":\"https:\\\/\\\/zenkit.com\\\/wp-content\\\/uploads\\\/2025\\\/07\\\/Clicdata_Logo-Icon.webp\",\"datePublished\":\"2019-12-10T13:30:03+00:00\",\"dateModified\":\"2025-11-04T05:53:11+00:00\",\"description\":\"Zenkit's integration with ClicData allows you to easily visualize your Zenkit data in customized reports. Learn how this integration can grow with you.\",\"breadcrumb\":{\"@id\":\"https:\\\/\\\/zenkit.com\\\/pt-br\\\/integracoes\\\/clicdata-zenkit\\\/#breadcrumb\"},\"inLanguage\":\"pt-BR\",\"potentialAction\":[{\"@type\":\"ReadAction\",\"target\":[\"https:\\\/\\\/zenkit.com\\\/pt-br\\\/integracoes\\\/clicdata-zenkit\\\/\"]}]},{\"@type\":\"ImageObject\",\"inLanguage\":\"pt-BR\",\"@id\":\"https:\\\/\\\/zenkit.com\\\/pt-br\\\/integracoes\\\/clicdata-zenkit\\\/#primaryimage\",\"url\":\"https:\\\/\\\/zenkit.com\\\/wp-content\\\/uploads\\\/2025\\\/07\\\/Clicdata_Logo-Icon.webp\",\"contentUrl\":\"https:\\\/\\\/zenkit.com\\\/wp-content\\\/uploads\\\/2025\\\/07\\\/Clicdata_Logo-Icon.webp\"},{\"@type\":\"BreadcrumbList\",\"@id\":\"https:\\\/\\\/zenkit.com\\\/pt-br\\\/integracoes\\\/clicdata-zenkit\\\/#breadcrumb\",\"itemListElement\":[{\"@type\":\"ListItem\",\"position\":1,\"name\":\"Home\",\"item\":\"https:\\\/\\\/zenkit.com\\\/pt-br\\\/\"},{\"@type\":\"ListItem\",\"position\":2,\"name\":\"Integra\u00e7\u00f5es\",\"item\":\"https:\\\/\\\/zenkit.com\\\/pt-br\\\/integracoes\\\/\"},{\"@type\":\"ListItem\",\"position\":3,\"name\":\"ClicData\"}]},{\"@type\":\"WebSite\",\"@id\":\"https:\\\/\\\/zenkit.com\\\/pt-br\\\/#website\",\"url\":\"https:\\\/\\\/zenkit.com\\\/pt-br\\\/\",\"name\":\"Zenkit\",\"description\":\"Zenkit Tagline\",\"potentialAction\":[{\"@type\":\"SearchAction\",\"target\":{\"@type\":\"EntryPoint\",\"urlTemplate\":\"https:\\\/\\\/zenkit.com\\\/pt-br\\\/?s={search_term_string}\"},\"query-input\":{\"@type\":\"PropertyValueSpecification\",\"valueRequired\":true,\"valueName\":\"search_term_string\"}}],\"inLanguage\":\"pt-BR\"},false]}<\/script>\n<!-- \/ Yoast SEO plugin. -->","yoast_head_json":{"title":"ClicData | Zenkit","description":"Zenkit's integration with ClicData allows you to easily visualize your Zenkit data in customized reports. Learn how this integration can grow with you.","robots":{"index":"index","follow":"follow","max-snippet":"max-snippet:-1","max-image-preview":"max-image-preview:large","max-video-preview":"max-video-preview:-1"},"canonical":"https:\/\/zenkit.com\/pt-br\/integracoes\/clicdata-zenkit\/","og_locale":"pt_BR","og_type":"article","og_title":"ClicData | Zenkit","og_description":"Zenkit's integration with ClicData allows you to easily visualize your Zenkit data in customized reports. Learn how this integration can grow with you.","og_url":"https:\/\/zenkit.com\/pt-br\/integracoes\/clicdata-zenkit\/","og_site_name":"Zenkit","article_publisher":"https:\/\/www.facebook.com\/ZenkitHQ","article_modified_time":"2025-11-04T05:53:11+00:00","og_image":[{"url":"https:\/\/zenkit.com\/wp-content\/uploads\/2025\/07\/Clicdata_Logo-Icon.webp","type":"","width":"","height":""}],"twitter_card":"summary_large_image","twitter_site":"@ZenkitHQ","schema":{"@context":"https:\/\/schema.org","@graph":[{"@type":"WebPage","@id":"https:\/\/zenkit.com\/pt-br\/integracoes\/clicdata-zenkit\/","url":"https:\/\/zenkit.com\/pt-br\/integracoes\/clicdata-zenkit\/","name":"ClicData | Zenkit","isPartOf":{"@id":"https:\/\/zenkit.com\/pt-br\/#website"},"primaryImageOfPage":{"@id":"https:\/\/zenkit.com\/pt-br\/integracoes\/clicdata-zenkit\/#primaryimage"},"image":{"@id":"https:\/\/zenkit.com\/pt-br\/integracoes\/clicdata-zenkit\/#primaryimage"},"thumbnailUrl":"https:\/\/zenkit.com\/wp-content\/uploads\/2025\/07\/Clicdata_Logo-Icon.webp","datePublished":"2019-12-10T13:30:03+00:00","dateModified":"2025-11-04T05:53:11+00:00","description":"Zenkit's integration with ClicData allows you to easily visualize your Zenkit data in customized reports. Learn how this integration can grow with you.","breadcrumb":{"@id":"https:\/\/zenkit.com\/pt-br\/integracoes\/clicdata-zenkit\/#breadcrumb"},"inLanguage":"pt-BR","potentialAction":[{"@type":"ReadAction","target":["https:\/\/zenkit.com\/pt-br\/integracoes\/clicdata-zenkit\/"]}]},{"@type":"ImageObject","inLanguage":"pt-BR","@id":"https:\/\/zenkit.com\/pt-br\/integracoes\/clicdata-zenkit\/#primaryimage","url":"https:\/\/zenkit.com\/wp-content\/uploads\/2025\/07\/Clicdata_Logo-Icon.webp","contentUrl":"https:\/\/zenkit.com\/wp-content\/uploads\/2025\/07\/Clicdata_Logo-Icon.webp"},{"@type":"BreadcrumbList","@id":"https:\/\/zenkit.com\/pt-br\/integracoes\/clicdata-zenkit\/#breadcrumb","itemListElement":[{"@type":"ListItem","position":1,"name":"Home","item":"https:\/\/zenkit.com\/pt-br\/"},{"@type":"ListItem","position":2,"name":"Integra\u00e7\u00f5es","item":"https:\/\/zenkit.com\/pt-br\/integracoes\/"},{"@type":"ListItem","position":3,"name":"ClicData"}]},{"@type":"WebSite","@id":"https:\/\/zenkit.com\/pt-br\/#website","url":"https:\/\/zenkit.com\/pt-br\/","name":"Zenkit","description":"Zenkit Tagline","potentialAction":[{"@type":"SearchAction","target":{"@type":"EntryPoint","urlTemplate":"https:\/\/zenkit.com\/pt-br\/?s={search_term_string}"},"query-input":{"@type":"PropertyValueSpecification","valueRequired":true,"valueName":"search_term_string"}}],"inLanguage":"pt-BR"},false]}},"yasr_visitor_votes":{"stars_attributes":{"read_only":false,"span_bottom":false},"number_of_votes":0,"sum_votes":0},"_links":{"self":[{"href":"https:\/\/zenkit.com\/pt-br\/wp-json\/wp\/v2\/pages\/62008","targetHints":{"allow":["GET"]}}],"collection":[{"href":"https:\/\/zenkit.com\/pt-br\/wp-json\/wp\/v2\/pages"}],"about":[{"href":"https:\/\/zenkit.com\/pt-br\/wp-json\/wp\/v2\/types\/page"}],"author":[{"embeddable":true,"href":"https:\/\/zenkit.com\/pt-br\/wp-json\/wp\/v2\/users\/15"}],"replies":[{"embeddable":true,"href":"https:\/\/zenkit.com\/pt-br\/wp-json\/wp\/v2\/comments?post=62008"}],"version-history":[{"count":5,"href":"https:\/\/zenkit.com\/pt-br\/wp-json\/wp\/v2\/pages\/62008\/revisions"}],"predecessor-version":[{"id":150475,"href":"https:\/\/zenkit.com\/pt-br\/wp-json\/wp\/v2\/pages\/62008\/revisions\/150475"}],"up":[{"embeddable":true,"href":"https:\/\/zenkit.com\/pt-br\/wp-json\/wp\/v2\/pages\/144948"}],"wp:attachment":[{"href":"https:\/\/zenkit.com\/pt-br\/wp-json\/wp\/v2\/media?parent=62008"}],"curies":[{"name":"wp","href":"https:\/\/api.w.org\/{rel}","templated":true}]}}