{"id":62317,"date":"2021-04-20T11:43:06","date_gmt":"2021-04-20T09:43:06","guid":{"rendered":"https:\/\/zenkit.com\/find-a-partner\/"},"modified":"2025-11-04T06:53:11","modified_gmt":"2025-11-04T05:53:11","slug":"encontre-um-parceiro","status":"publish","type":"page","link":"https:\/\/zenkit.com\/pt-br\/encontre-um-parceiro\/","title":{"rendered":"Find a Partner"},"content":{"rendered":"\n<div class=\"wp-block-group has-global-padding is-layout-constrained wp-container-core-group-is-layout-118822e0 wp-block-group-is-layout-constrained\">\n<div style=\"height:45px;--tablet-height:45px;--mobile-height:16px\" class=\"wp-block-lookeen-blocks-responsive-spacer\"><\/div>\n\n\n\n<h1 class=\"wp-block-heading has-text-align-center\" style=\"margin-top:0;margin-right:0;margin-bottom:8px;margin-left:0\">Encontre um parceiro<\/h1>\n\n\n\n<p class=\"has-text-align-center is-style-subtext\" style=\"margin-top:0;margin-right:0;margin-bottom:0;margin-left:0\">Contate um parceiro de consultoria Zenkit perto de voc\u00ea para otimizar fluxos de trabalho, receber treinamento especializado e mais.<\/p>\n\n\n\n<div style=\"height:48px;--tablet-height:36px;--mobile-height:24px\" class=\"wp-block-lookeen-blocks-responsive-spacer\"><\/div>\n<\/div>\n\n\n\n<div class=\"wp-block-group has-global-padding is-layout-constrained wp-block-group-is-layout-constrained\">\n<div class=\"wp-block-group has-global-padding is-layout-constrained wp-block-group-is-layout-constrained\">\n<iframe style=\"width: 100%; min-height: 500px; background: transparent; border: 0; margin-bottom: 0px;\" src=\"https:\/\/public.zenkit.com\/c\/47-FTrcmfI\/zenkit-partner-directory?v=8bk6-5S0l0k&amp;hide=views,workspaceLists\" allowfullscreen=\"allowfullscreen\" class=\"border-radius--20\"><a href=\"https:\/\/public.zenkit.com\/c\/47-FTrcmfI\/zenkit-partner-directory?v=8bk6-5S0l0k&amp;hide=views,workspaceLists\" target=\"_blank\">Your browser doesn&#8217;t support iframes. Click here to open the content in a new tab.<\/a><\/iframe>\n<\/div>\n<\/div>\n\n\n\n<div style=\"height:110px;--tablet-height:60px;--mobile-height:48px\" class=\"wp-block-lookeen-blocks-responsive-spacer\"><\/div>\n\n\n\n<div class=\"wp-block-group has-global-padding is-layout-constrained wp-block-group-is-layout-constrained\">\n<div class=\"wp-block-columns is-layout-flex wp-container-core-columns-is-layout-2eb748b2 wp-block-columns-is-layout-flex\" style=\"margin-top:0px;margin-bottom:0px\">\n<div class=\"wp-block-column is-vertically-aligned-center is-layout-flow wp-block-column-is-layout-flow\">\n<figure class=\"wp-block-image size-full\"><img loading=\"lazy\" decoding=\"async\" width=\"1184\" height=\"600\" src=\"https:\/\/zenkit.com\/wp-content\/uploads\/2021\/05\/double-arrows-3.jpg\" alt=\"Visualizar detalhes do parceiro no painel lateral\" class=\"wp-image-61888\" srcset=\"https:\/\/zenkit.com\/wp-content\/uploads\/2021\/05\/double-arrows-3.jpg 1184w, https:\/\/zenkit.com\/wp-content\/uploads\/2021\/05\/double-arrows-3-300x152.jpg 300w, https:\/\/zenkit.com\/wp-content\/uploads\/2021\/05\/double-arrows-3-1024x519.jpg 1024w, https:\/\/zenkit.com\/wp-content\/uploads\/2021\/05\/double-arrows-3-768x389.jpg 768w\" sizes=\"auto, (max-width: 1184px) 100vw, 1184px\" \/><\/figure>\n<\/div>\n\n\n\n<div class=\"wp-block-column is-vertically-aligned-center is-layout-flow wp-block-column-is-layout-flow\">\n<h2 class=\"wp-block-heading\">Visualizar detalhes do parceiro no painel lateral<\/h2>\n\n\n\n<p>Clique na seta dupla ao lado do nome de cada parceiro para expandir o item e visualizar os detalhes do parceiro em cada painel lateral.<\/p>\n<\/div>\n<\/div>\n\n\n\n<div style=\"height:88px;--tablet-height:66px;--mobile-height:46px\" class=\"wp-block-lookeen-blocks-responsive-spacer\"><\/div>\n\n\n\n<div class=\"wp-block-columns is-style-da-column-order-reverse is-layout-flex wp-container-core-columns-is-layout-2eb748b2 wp-block-columns-is-layout-flex\" style=\"margin-top:0px;margin-bottom:0px\">\n<div class=\"wp-block-column is-vertically-aligned-center is-layout-flow wp-block-column-is-layout-flow\">\n<h2 class=\"wp-block-heading\">Configure um filtro<\/h2>\n\n\n\n<p>Voc\u00ea pode clicar no \u00edcone do filtro pr\u00f3ximo do t\u00edtulo da Collection &gt; clique \u201cAdicionar condi\u00e7\u00e3o\u201d &gt; selecione um ou mais campos do filtro para o que voc\u00ea precisar.<\/p>\n\n\n\n<p>Ainda melhor, voc\u00ea pode simplesmente clicar no nome de qualquer coluna da tabela, e selecionar etiquetas para aplicar o filtro. Por exemplo, se quiser encontrar parceiros que ofere\u00e7am servi\u00e7os em ingl\u00eas, apenas clique no campo de idioma e selecione ingl\u00eas.<\/p>\n<\/div>\n\n\n\n<div class=\"wp-block-column is-vertically-aligned-center is-layout-flow wp-block-column-is-layout-flow\">\n<figure class=\"wp-block-image size-full\"><img loading=\"lazy\" decoding=\"async\" width=\"1184\" height=\"600\" src=\"https:\/\/zenkit.com\/wp-content\/uploads\/2021\/05\/filter-2.jpg\" alt=\"Configure um filtro\" class=\"wp-image-61904\" srcset=\"https:\/\/zenkit.com\/wp-content\/uploads\/2021\/05\/filter-2.jpg 1184w, https:\/\/zenkit.com\/wp-content\/uploads\/2021\/05\/filter-2-300x152.jpg 300w, https:\/\/zenkit.com\/wp-content\/uploads\/2021\/05\/filter-2-1024x519.jpg 1024w, https:\/\/zenkit.com\/wp-content\/uploads\/2021\/05\/filter-2-768x389.jpg 768w\" sizes=\"auto, (max-width: 1184px) 100vw, 1184px\" \/><\/figure>\n<\/div>\n<\/div>\n<\/div>\n\n\n\n<div style=\"height:88px;--tablet-height:72px;--mobile-height:36px\" class=\"wp-block-lookeen-blocks-responsive-spacer\"><\/div>\n\n\n\n<div class=\"wp-block-group has-global-padding is-layout-constrained wp-container-core-group-is-layout-9235c805 wp-block-group-is-layout-constrained\">\n<h2 class=\"wp-block-heading has-text-align-center has-da-blue-color-new has-text-color has-link-color wp-elements-d0ff718fa46462569064bced78b6df65\" style=\"margin-top:0;margin-right:0;margin-bottom:0;margin-left:0\">Ta-da! Isso \u00e9 tudo que precisa.<\/h2>\n\n\n\n<p class=\"has-text-align-center is-style-default display-h2 has-da-grey-2-color has-text-color has-link-color wp-elements-fa17d48b5e93c15085447d8a6815eca0\" style=\"line-height:1.4\">Envie seu pedido a um parceiro que voc\u00ea gosta e entre em contato hoje!<\/p>\n<\/div>\n\n\n\n<div style=\"height:88px;--tablet-height:72px;--mobile-height:36px\" class=\"wp-block-lookeen-blocks-responsive-spacer\"><\/div>\n\n\n\n<div class=\"wp-block-group has-da-blue-light-background-color has-background has-global-padding is-layout-constrained wp-container-core-group-is-layout-9235c805 wp-block-group-is-layout-constrained\">\n<div style=\"height:80px;--tablet-height:64px;--mobile-height:35px\" class=\"wp-block-lookeen-blocks-responsive-spacer\"><\/div>\n\n\n\n<div class=\"wp-block-group has-global-padding is-layout-constrained wp-block-group-is-layout-constrained\">\n<h2 class=\"wp-block-heading has-text-align-center\">Voc\u00ea \u00e9 um parceiro em potencial?<\/h2>\n\n\n\n<p class=\"has-text-align-center\">Voc\u00ea \u00e9 um especialista Zenkit? Sua empresa oferece treinamento sobre o Zenkit ou experi\u00eancia especializada que beneficiaria os usu\u00e1rios Zenkit?<\/p>\n\n\n\n<p class=\"has-text-align-center\" style=\"margin-top:0;margin-right:0;margin-bottom:0;margin-left:0\">Contate-nos para saber como fazer parte da nossa rede!<\/p>\n<\/div>\n\n\n\n<div class=\"wp-block-group has-global-padding is-layout-constrained wp-block-group-is-layout-constrained\">\n<div style=\"height:48px;--tablet-height:36px;--mobile-height:24px\" class=\"wp-block-lookeen-blocks-responsive-spacer\"><\/div>\n<\/div>\n\n\n\n<div class=\"wp-block-buttons is-content-justification-center is-layout-flex wp-container-core-buttons-is-layout-f78c5dac wp-block-buttons-is-layout-flex\" style=\"margin-top:0px;margin-bottom:0px\">\n<div class=\"wp-block-button is-style-default\"><a class=\"wp-block-button__link wp-element-button\" href=\"https:\/\/zenkit.com\/pt-br\/contact\/\">Contato<\/a><\/div>\n<\/div>\n\n\n\n<div style=\"height:80px;--tablet-height:64px;--mobile-height:35px\" class=\"wp-block-lookeen-blocks-responsive-spacer\"><\/div>\n<\/div>\n","protected":false},"excerpt":{"rendered":"<p>Encontre um parceiro Contate um parceiro de consultoria Zenkit perto de voc\u00ea para otimizar fluxos de trabalho, receber treinamento especializado e mais. Your browser doesn&#8217;t support iframes. Click here to open the content in a new tab. Visualizar detalhes do parceiro no painel lateral Clique na seta dupla ao lado do nome de cada parceiro [&hellip;]<\/p>\n","protected":false},"author":28,"featured_media":0,"parent":0,"menu_order":23,"comment_status":"closed","ping_status":"closed","template":"","meta":{"yasr_overall_rating":0,"yasr_post_is_review":"","yasr_auto_insert_disabled":"","yasr_review_type":"","footnotes":""},"class_list":["post-62317","page","type-page","status-publish","hentry"],"yoast_head":"<!-- This site is optimized with the Yoast SEO plugin v27.3 - https:\/\/yoast.com\/product\/yoast-seo-wordpress\/ -->\n<title>Find a Partner | Zenkit<\/title>\n<meta name=\"description\" content=\"Our partner directory help you find a consulting partner near you to optimize workflows, receive expert coaching, and more.\" \/>\n<meta name=\"robots\" content=\"index, follow, max-snippet:-1, max-image-preview:large, max-video-preview:-1\" \/>\n<link rel=\"canonical\" href=\"https:\/\/zenkit.com\/pt-br\/encontre-um-parceiro\/\" \/>\n<meta property=\"og:locale\" content=\"pt_BR\" \/>\n<meta property=\"og:type\" content=\"article\" \/>\n<meta property=\"og:title\" content=\"Find a Partner | Zenkit\" \/>\n<meta property=\"og:description\" content=\"Our partner directory help you find a consulting partner near you to optimize workflows, receive expert coaching, and more.\" \/>\n<meta property=\"og:url\" content=\"https:\/\/zenkit.com\/pt-br\/encontre-um-parceiro\/\" \/>\n<meta property=\"og:site_name\" content=\"Zenkit\" \/>\n<meta property=\"article:publisher\" content=\"https:\/\/www.facebook.com\/ZenkitHQ\" \/>\n<meta property=\"article:modified_time\" content=\"2025-11-04T05:53:11+00:00\" \/>\n<meta property=\"og:image\" content=\"https:\/\/zenkit.com\/wp-content\/uploads\/2023\/10\/zenkit-suite-hello-1024x809.jpg\" \/>\n<meta name=\"twitter:card\" content=\"summary_large_image\" \/>\n<meta name=\"twitter:site\" content=\"@ZenkitHQ\" \/>\n<meta name=\"twitter:label1\" content=\"Est. tempo de leitura\" \/>\n\t<meta name=\"twitter:data1\" content=\"1 minuto\" \/>\n<script type=\"application\/ld+json\" class=\"yoast-schema-graph\">{\"@context\":\"https:\\\/\\\/schema.org\",\"@graph\":[{\"@type\":\"WebPage\",\"@id\":\"https:\\\/\\\/zenkit.com\\\/pt-br\\\/encontre-um-parceiro\\\/\",\"url\":\"https:\\\/\\\/zenkit.com\\\/pt-br\\\/encontre-um-parceiro\\\/\",\"name\":\"Find a Partner | Zenkit\",\"isPartOf\":{\"@id\":\"https:\\\/\\\/zenkit.com\\\/pt-br\\\/#website\"},\"primaryImageOfPage\":{\"@id\":\"https:\\\/\\\/zenkit.com\\\/pt-br\\\/encontre-um-parceiro\\\/#primaryimage\"},\"image\":{\"@id\":\"https:\\\/\\\/zenkit.com\\\/pt-br\\\/encontre-um-parceiro\\\/#primaryimage\"},\"thumbnailUrl\":\"https:\\\/\\\/zenkit.com\\\/wp-content\\\/uploads\\\/2021\\\/05\\\/double-arrows-3.jpg\",\"datePublished\":\"2021-04-20T09:43:06+00:00\",\"dateModified\":\"2025-11-04T05:53:11+00:00\",\"description\":\"Our partner directory help you find a consulting partner near you to optimize workflows, receive expert coaching, and more.\",\"breadcrumb\":{\"@id\":\"https:\\\/\\\/zenkit.com\\\/pt-br\\\/encontre-um-parceiro\\\/#breadcrumb\"},\"inLanguage\":\"pt-BR\",\"potentialAction\":[{\"@type\":\"ReadAction\",\"target\":[\"https:\\\/\\\/zenkit.com\\\/pt-br\\\/encontre-um-parceiro\\\/\"]}]},{\"@type\":\"ImageObject\",\"inLanguage\":\"pt-BR\",\"@id\":\"https:\\\/\\\/zenkit.com\\\/pt-br\\\/encontre-um-parceiro\\\/#primaryimage\",\"url\":\"https:\\\/\\\/zenkit.com\\\/wp-content\\\/uploads\\\/2021\\\/05\\\/double-arrows-3.jpg\",\"contentUrl\":\"https:\\\/\\\/zenkit.com\\\/wp-content\\\/uploads\\\/2021\\\/05\\\/double-arrows-3.jpg\"},{\"@type\":\"BreadcrumbList\",\"@id\":\"https:\\\/\\\/zenkit.com\\\/pt-br\\\/encontre-um-parceiro\\\/#breadcrumb\",\"itemListElement\":[{\"@type\":\"ListItem\",\"position\":1,\"name\":\"Home\",\"item\":\"https:\\\/\\\/zenkit.com\\\/pt-br\\\/\"},{\"@type\":\"ListItem\",\"position\":2,\"name\":\"Find a Partner\"}]},{\"@type\":\"WebSite\",\"@id\":\"https:\\\/\\\/zenkit.com\\\/pt-br\\\/#website\",\"url\":\"https:\\\/\\\/zenkit.com\\\/pt-br\\\/\",\"name\":\"Zenkit\",\"description\":\"Zenkit Tagline\",\"potentialAction\":[{\"@type\":\"SearchAction\",\"target\":{\"@type\":\"EntryPoint\",\"urlTemplate\":\"https:\\\/\\\/zenkit.com\\\/pt-br\\\/?s={search_term_string}\"},\"query-input\":{\"@type\":\"PropertyValueSpecification\",\"valueRequired\":true,\"valueName\":\"search_term_string\"}}],\"inLanguage\":\"pt-BR\"},false]}<\/script>\n<!-- \/ Yoast SEO plugin. -->","yoast_head_json":{"title":"Find a Partner | Zenkit","description":"Our partner directory help you find a consulting partner near you to optimize workflows, receive expert coaching, and more.","robots":{"index":"index","follow":"follow","max-snippet":"max-snippet:-1","max-image-preview":"max-image-preview:large","max-video-preview":"max-video-preview:-1"},"canonical":"https:\/\/zenkit.com\/pt-br\/encontre-um-parceiro\/","og_locale":"pt_BR","og_type":"article","og_title":"Find a Partner | Zenkit","og_description":"Our partner directory help you find a consulting partner near you to optimize workflows, receive expert coaching, and more.","og_url":"https:\/\/zenkit.com\/pt-br\/encontre-um-parceiro\/","og_site_name":"Zenkit","article_publisher":"https:\/\/www.facebook.com\/ZenkitHQ","article_modified_time":"2025-11-04T05:53:11+00:00","og_image":[{"url":"https:\/\/zenkit.com\/wp-content\/uploads\/2023\/10\/zenkit-suite-hello-1024x809.jpg","type":"","width":"","height":""}],"twitter_card":"summary_large_image","twitter_site":"@ZenkitHQ","twitter_misc":{"Est. tempo de leitura":"1 minuto"},"schema":{"@context":"https:\/\/schema.org","@graph":[{"@type":"WebPage","@id":"https:\/\/zenkit.com\/pt-br\/encontre-um-parceiro\/","url":"https:\/\/zenkit.com\/pt-br\/encontre-um-parceiro\/","name":"Find a Partner | Zenkit","isPartOf":{"@id":"https:\/\/zenkit.com\/pt-br\/#website"},"primaryImageOfPage":{"@id":"https:\/\/zenkit.com\/pt-br\/encontre-um-parceiro\/#primaryimage"},"image":{"@id":"https:\/\/zenkit.com\/pt-br\/encontre-um-parceiro\/#primaryimage"},"thumbnailUrl":"https:\/\/zenkit.com\/wp-content\/uploads\/2021\/05\/double-arrows-3.jpg","datePublished":"2021-04-20T09:43:06+00:00","dateModified":"2025-11-04T05:53:11+00:00","description":"Our partner directory help you find a consulting partner near you to optimize workflows, receive expert coaching, and more.","breadcrumb":{"@id":"https:\/\/zenkit.com\/pt-br\/encontre-um-parceiro\/#breadcrumb"},"inLanguage":"pt-BR","potentialAction":[{"@type":"ReadAction","target":["https:\/\/zenkit.com\/pt-br\/encontre-um-parceiro\/"]}]},{"@type":"ImageObject","inLanguage":"pt-BR","@id":"https:\/\/zenkit.com\/pt-br\/encontre-um-parceiro\/#primaryimage","url":"https:\/\/zenkit.com\/wp-content\/uploads\/2021\/05\/double-arrows-3.jpg","contentUrl":"https:\/\/zenkit.com\/wp-content\/uploads\/2021\/05\/double-arrows-3.jpg"},{"@type":"BreadcrumbList","@id":"https:\/\/zenkit.com\/pt-br\/encontre-um-parceiro\/#breadcrumb","itemListElement":[{"@type":"ListItem","position":1,"name":"Home","item":"https:\/\/zenkit.com\/pt-br\/"},{"@type":"ListItem","position":2,"name":"Find a Partner"}]},{"@type":"WebSite","@id":"https:\/\/zenkit.com\/pt-br\/#website","url":"https:\/\/zenkit.com\/pt-br\/","name":"Zenkit","description":"Zenkit Tagline","potentialAction":[{"@type":"SearchAction","target":{"@type":"EntryPoint","urlTemplate":"https:\/\/zenkit.com\/pt-br\/?s={search_term_string}"},"query-input":{"@type":"PropertyValueSpecification","valueRequired":true,"valueName":"search_term_string"}}],"inLanguage":"pt-BR"},false]}},"yasr_visitor_votes":{"stars_attributes":{"read_only":false,"span_bottom":false},"number_of_votes":0,"sum_votes":0},"_links":{"self":[{"href":"https:\/\/zenkit.com\/pt-br\/wp-json\/wp\/v2\/pages\/62317","targetHints":{"allow":["GET"]}}],"collection":[{"href":"https:\/\/zenkit.com\/pt-br\/wp-json\/wp\/v2\/pages"}],"about":[{"href":"https:\/\/zenkit.com\/pt-br\/wp-json\/wp\/v2\/types\/page"}],"author":[{"embeddable":true,"href":"https:\/\/zenkit.com\/pt-br\/wp-json\/wp\/v2\/users\/28"}],"replies":[{"embeddable":true,"href":"https:\/\/zenkit.com\/pt-br\/wp-json\/wp\/v2\/comments?post=62317"}],"version-history":[{"count":2,"href":"https:\/\/zenkit.com\/pt-br\/wp-json\/wp\/v2\/pages\/62317\/revisions"}],"predecessor-version":[{"id":139466,"href":"https:\/\/zenkit.com\/pt-br\/wp-json\/wp\/v2\/pages\/62317\/revisions\/139466"}],"wp:attachment":[{"href":"https:\/\/zenkit.com\/pt-br\/wp-json\/wp\/v2\/media?parent=62317"}],"curies":[{"name":"wp","href":"https:\/\/api.w.org\/{rel}","templated":true}]}}