{"id":62468,"date":"2019-03-20T09:14:44","date_gmt":"2019-03-20T08:14:44","guid":{"rendered":"https:\/\/zenkit.com\/security-practices\/"},"modified":"2025-11-04T06:53:11","modified_gmt":"2025-11-04T05:53:11","slug":"praticas-de-seguranca","status":"publish","type":"page","link":"https:\/\/zenkit.com\/pt-br\/praticas-de-seguranca\/","title":{"rendered":"Security Practices"},"content":{"rendered":"\n<div class=\"wp-block-group has-global-padding is-layout-constrained wp-block-group-is-layout-constrained\">\n<div class=\"wp-block-group width--950 has-global-padding is-layout-constrained wp-block-group-is-layout-constrained\">\n<div style=\"height:45px;--tablet-height:45px;--mobile-height:16px\" class=\"wp-block-lookeen-blocks-responsive-spacer\"><\/div>\n\n\n\n<div class=\"wp-block-group has-global-padding is-layout-constrained wp-block-group-is-layout-constrained\">\n<h1 class=\"wp-block-heading has-text-align-center\" style=\"margin-bottom:8px\">Seguran\u00e7a Zenkit<\/h1>\n<\/div>\n\n\n\n<div class=\"wp-block-group has-global-padding is-layout-constrained wp-block-group-is-layout-constrained\">\n<p class=\"has-text-align-center subheading\">N\u00f3s usamos Zenkit todos os dias<\/p>\n<\/div>\n\n\n\n<div style=\"height:48px;--tablet-height:36px;--mobile-height:24px\" class=\"wp-block-lookeen-blocks-responsive-spacer\"><\/div>\n\n\n\n<div class=\"wp-block-group has-global-padding is-layout-constrained wp-container-core-group-is-layout-9235c805 wp-block-group-is-layout-constrained\">\n<p class=\"has-text-align-center\">para interagir com voc\u00ea, nosso cliente, e para continuar a desenvolver o pr\u00f3prio Zenkit. Tomamos o m\u00e1ximo cuidado para proteger os dados confiados ao Zenkit, pois se seus dados est\u00e3o em risco, os nossos tamb\u00e9m est\u00e3o. A prote\u00e7\u00e3o de seus dados e dos nossos \u00e9, portanto, nossa maior prioridade.<\/p>\n<\/div>\n<\/div>\n\n\n\n<div style=\"height:48px;--tablet-height:36px;--mobile-height:24px\" class=\"wp-block-lookeen-blocks-responsive-spacer\"><\/div>\n<\/div>\n\n\n\n<div class=\"wp-block-group has-global-padding is-layout-constrained wp-block-group-is-layout-constrained\">\n<div class=\"wp-block-group affiliate__grid has-global-padding is-layout-constrained wp-block-group-is-layout-constrained\">\n<div class=\"wp-block-group affiliate__box has-global-padding is-layout-constrained wp-block-group-is-layout-constrained\" style=\"border-radius:20px\">\n<figure class=\"wp-block-image aligncenter size-full is-resized\"><img loading=\"lazy\" decoding=\"async\" width=\"500\" height=\"296\" src=\"https:\/\/zenkit.com\/wp-content\/uploads\/2021\/02\/app-security.gif\" alt=\"Seguran\u00e7a Web App Zenkit\" class=\"wp-image-57115\" style=\"width:150px\"\/><\/figure>\n\n\n\n<div class=\"wp-block-group has-global-padding is-layout-constrained wp-block-group-is-layout-constrained\" style=\"margin-bottom:4px\">\n<h3 class=\"wp-block-heading has-text-align-center card__title\">Seguran\u00e7a Web App Zenkit<\/h3>\n<\/div>\n\n\n\n<p class=\"has-text-align-center has-da-grey-1-color has-text-color has-link-color wp-elements-bd683650834ef13710b0e8d870cd19a5\">Temos backups autom\u00e1ticos de todos os dados Zenkit completados diariamente. Zenkit utiliza os servi\u00e7os Web da Amazon que est\u00e3o sediados em Frankfurt, Alemanha. No interesse do cumprimento da\u00a0<a href=\"https:\/\/en.wikipedia.org\/wiki\/General_Data_Protection_Regulation\">GDPR<\/a>\u00a0e da\u00a0<a href=\"https:\/\/en.wikipedia.org\/wiki\/Federal_Commissioner_for_Data_Protection_and_Freedom_of_Information\">BDSG<\/a>, assinamos um Acordo de Processamento de Dados (DPA) com nossos processadores de dados de terceiros. Estamos em total conformidade com esses regulamentos, e voc\u00ea pode saber mais sobre nossas pr\u00e1ticas em\u00a0<a href=\"https:\/\/zenkit.com\/gdpr\">https:\/\/zenkit.com\/gdpr<\/a>.<\/p>\n<\/div>\n\n\n\n<div class=\"wp-block-group affiliate__box has-global-padding is-layout-constrained wp-block-group-is-layout-constrained\" style=\"border-radius:20px\">\n<figure class=\"wp-block-image aligncenter size-full is-resized\"><img loading=\"lazy\" decoding=\"async\" width=\"500\" height=\"296\" src=\"https:\/\/zenkit.com\/wp-content\/uploads\/2021\/02\/data-center-security.gif\" alt=\"Seguran\u00e7a do Centro de Dados\" class=\"wp-image-57125\" style=\"width:150px\"\/><\/figure>\n\n\n\n<div class=\"wp-block-group has-global-padding is-layout-constrained wp-block-group-is-layout-constrained\" style=\"margin-bottom:4px\">\n<h3 class=\"wp-block-heading has-text-align-center card__title\">Seguran\u00e7a do Centro de Dados<\/h3>\n<\/div>\n\n\n\n<p class=\"has-text-align-center has-da-grey-1-color has-text-color has-link-color wp-elements-3c609c37e2a56739f2499b1a49c5455c\">Amazon Web Services (RDS &amp; S3, parceiro contratual AWS Luxemburgo) emprega um robusto programa de seguran\u00e7a f\u00edsica com m\u00faltiplas certifica\u00e7\u00f5es, incluindo certifica\u00e7\u00f5es SSAE 16 e ISO27001. A Amazon construiu redund\u00e2ncias e servidores continuamente monitorados. Para mais informa\u00e7\u00f5es sobre os processos de seguran\u00e7a f\u00edsica da Amazon, visite\u00a0<a href=\"http:\/\/aws.amazon.com\/security\/\">aws.amazon.com\/security<\/a>.<\/p>\n<\/div>\n<\/div>\n<\/div>\n\n\n\n<div class=\"wp-block-group has-global-padding is-layout-constrained wp-block-group-is-layout-constrained\">\n<div style=\"height:88px;--tablet-height:72px;--mobile-height:40px\" class=\"wp-block-lookeen-blocks-responsive-spacer\"><\/div>\n\n\n\n<div class=\"wp-block-columns is-layout-flex wp-container-core-columns-is-layout-2eb748b2 wp-block-columns-is-layout-flex\" style=\"margin-top:0px;margin-bottom:0px\">\n<div class=\"wp-block-column is-layout-flow wp-block-column-is-layout-flow\">\n<h2 class=\"wp-block-heading\">Criptografia<\/h2>\n\n\n\n<ul class=\"wp-block-list is-style-da-left-indent\">\n<li>Conex\u00f5es Web ao Zenkit s\u00e3o asseguradas via TLS 1.2<\/li>\n\n\n\n<li>Conex\u00f5es inseguras n\u00e3o s\u00e3o permitidas usando TLS 1.0 ou inferior, bem como RC4<\/li>\n\n\n\n<li>Dados s\u00e3o criptografados em repouso<\/li>\n\n\n\n<li>Todas as senhas s\u00e3o criptografadas usando o algoritmo de criptografia mais forte dispon\u00edvel<\/li>\n\n\n\n<li>Nenhuma senha vazada pode ser usada<\/li>\n<\/ul>\n<\/div>\n\n\n\n<div class=\"wp-block-column is-layout-flow wp-block-column-is-layout-flow\">\n<h2 class=\"wp-block-heading\">Recursos de Seguran\u00e7a<\/h2>\n\n\n\n<ul class=\"wp-block-list is-style-da-left-indent\">\n<li>N\u00e3o \u00e9 permitido acesso de convidados: Isso significa que cada usu\u00e1rio precisa de uma conta para ter acesso<\/li>\n\n\n\n<li>N\u00e3o \u00e9 permitido compartilhamento externo de arquivos: Os links gerados para arquivos n\u00e3o s\u00e3o compartilh\u00e1veis<\/li>\n\n\n\n<li>Google e autoriza\u00e7\u00e3o nativa suportadas<\/li>\n<\/ul>\n<\/div>\n<\/div>\n<\/div>\n\n\n\n<div class=\"wp-block-group has-global-padding is-layout-constrained wp-block-group-is-layout-constrained\">\n<div style=\"height:88px;--tablet-height:72px;--mobile-height:40px\" class=\"wp-block-lookeen-blocks-responsive-spacer\"><\/div>\n\n\n\n<h2 class=\"wp-block-heading has-text-align-center has-da-blue-color-new has-text-color has-link-color wp-elements-cae2edc12d914bc8ee0061175caee347\">Seus Dados s\u00e3o Seus<\/h2>\n\n\n\n<div class=\"wp-block-group has-global-padding is-layout-constrained wp-container-core-group-is-layout-64ec6e8c wp-block-group-is-layout-constrained\">\n<p class=\"has-text-align-center has-da-grey-2-color has-text-color has-link-color wp-elements-a096cbbd1596a802493ab74c959312b5\">Sabemos que h\u00e1 muitas empresas que coletam dados para ganhar dinheiro. N\u00e3o somos n\u00f3s. Queremos que voc\u00ea seja produtivo. Se isso for conosco, \u00f3timo! Caso queira levar seus dados com voc\u00ea para outro servi\u00e7o, ficaremos tristes, mas voc\u00ea pode exportar tudo e lev\u00e1-los com voc\u00ea. Voc\u00ea tamb\u00e9m pode remover completamente todos os seus dados de nossos servidores em conformidade com a\u00a0<a href=\"https:\/\/zenkit.com\/pt-br\/gdpr\/\">GDPR<\/a>.<\/p>\n<\/div>\n\n\n\n<div style=\"height:88px;--tablet-height:72px;--mobile-height:40px\" class=\"wp-block-lookeen-blocks-responsive-spacer\"><\/div>\n<\/div>\n\n\n\n<div class=\"wp-block-group has-global-padding is-layout-constrained wp-block-group-is-layout-constrained\">\n<div class=\"wp-block-group has-global-padding is-layout-constrained wp-block-group-is-layout-constrained\">\n<figure class=\"wp-block-table aligncenter table__data-security is-style-regular\"><table class=\"has-fixed-layout\"><tbody><tr><td>Servidores localizados na Alemanha<\/td><td><img decoding=\"async\" class=\"wp-image-110297\" style=\"width: NaNpx;\" src=\"https:\/\/zenkit.com\/wp-content\/uploads\/2025\/01\/check.svg\" alt=\"\"><\/td><\/tr><tr><td>Backup dos servidores na Alemanha<\/td><td><img decoding=\"async\" class=\"wp-image-110297\" style=\"width: NaNpx;\" src=\"https:\/\/zenkit.com\/wp-content\/uploads\/2025\/01\/check.svg\" alt=\"\"><\/td><\/tr><tr><td>Parceiro contratual europeu para hospedagem de dados<\/td><td><img decoding=\"async\" class=\"wp-image-110297\" style=\"width: NaNpx;\" src=\"https:\/\/zenkit.com\/wp-content\/uploads\/2025\/01\/check.svg\" alt=\"\"><\/td><\/tr><tr><td>SSL via HTTPS<\/td><td><img decoding=\"async\" class=\"wp-image-110297\" style=\"width: NaNpx;\" src=\"https:\/\/zenkit.com\/wp-content\/uploads\/2025\/01\/check.svg\" alt=\"\"><\/td><\/tr><tr><td>Senha Criptografadas<\/td><td><img decoding=\"async\" class=\"wp-image-110297\" style=\"width: NaNpx;\" src=\"https:\/\/zenkit.com\/wp-content\/uploads\/2025\/01\/check.svg\" alt=\"\"><\/td><\/tr><tr><td>Criptografia em repouso<\/td><td><img decoding=\"async\" class=\"wp-image-110297\" style=\"width: NaNpx;\" src=\"https:\/\/zenkit.com\/wp-content\/uploads\/2025\/01\/check.svg\" alt=\"\"><\/td><\/tr><tr><td>Autentica\u00e7\u00e3o 2 FA Nativa<\/td><td><img decoding=\"async\" class=\"wp-image-110297\" style=\"width: NaNpx;\" src=\"https:\/\/zenkit.com\/wp-content\/uploads\/2025\/01\/check.svg\" alt=\"\"><\/td><\/tr><tr><td>2FA Google Suportado<\/td><td><img decoding=\"async\" class=\"wp-image-110297\" style=\"width: NaNpx;\" src=\"https:\/\/zenkit.com\/wp-content\/uploads\/2025\/01\/check.svg\" alt=\"\"><\/td><\/tr><tr><td>Gerenciamento de Acesso \u00e0 Arquivos<\/td><td><img decoding=\"async\" class=\"wp-image-110297\" style=\"width: NaNpx;\" src=\"https:\/\/zenkit.com\/wp-content\/uploads\/2025\/01\/check.svg\" alt=\"\"><\/td><\/tr><tr><td>Backups regulares em um servidor separado<\/td><td><img decoding=\"async\" class=\"wp-image-110297\" style=\"width: NaNpx;\" src=\"https:\/\/zenkit.com\/wp-content\/uploads\/2025\/01\/check.svg\" alt=\"\"><\/td><\/tr><tr><td>Login \u00fanico<\/td><td><img decoding=\"async\" class=\"wp-image-110297\" style=\"width: NaNpx;\" src=\"https:\/\/zenkit.com\/wp-content\/uploads\/2025\/01\/check.svg\" alt=\"\"><\/td><\/tr><tr><td>Gerenciamento de Identifica\u00e7\u00e3o e Acesso<\/td><td><img decoding=\"async\" class=\"wp-image-110297\" style=\"width: NaNpx;\" src=\"https:\/\/zenkit.com\/wp-content\/uploads\/2025\/01\/check.svg\" alt=\"\"><\/td><\/tr><tr><td>Intervalos de valida\u00e7\u00e3o de senhas<\/td><td><img decoding=\"async\" class=\"wp-image-110297\" style=\"width: NaNpx;\" src=\"https:\/\/zenkit.com\/wp-content\/uploads\/2025\/01\/check.svg\" alt=\"\"><\/td><\/tr><tr><td>Sistema de Detec\u00e7\u00e3o de Intrusos<\/td><td>Planejado<br><\/td><\/tr><\/tbody><\/table><\/figure>\n<\/div>\n\n\n\n<div style=\"height:88px;--tablet-height:72px;--mobile-height:40px\" class=\"wp-block-lookeen-blocks-responsive-spacer\"><\/div>\n<\/div>\n\n\n\n<div class=\"wp-block-group has-da-blue-light-background-color has-background has-global-padding is-layout-constrained wp-block-group-is-layout-constrained\">\n<div style=\"height:80px;--tablet-height:36px;--mobile-height:26px\" class=\"wp-block-lookeen-blocks-responsive-spacer\"><\/div>\n\n\n\n<h2 class=\"wp-block-heading has-text-align-center\">Contate-nos<\/h2>\n\n\n\n<div class=\"wp-block-group has-global-padding is-layout-constrained wp-container-core-group-is-layout-2687bd63 wp-block-group-is-layout-constrained\">\n<p class=\"has-text-align-center has-da-grey-1-color has-text-color has-link-color wp-elements-bbb9b4c4038b982b1c188c72e1afac57\">Se voc\u00ea tem alguma preocupa\u00e7\u00e3o em rela\u00e7\u00e3o \u00e0 seguran\u00e7a, por favor contate-nos em:\u00a0<a href=\"mailto:security@zenkit.com\">security@zenkit.com<\/a><\/p>\n<\/div>\n\n\n\n<div style=\"height:80px;--tablet-height:36px;--mobile-height:26px\" class=\"wp-block-lookeen-blocks-responsive-spacer\"><\/div>\n<\/div>\n","protected":false},"excerpt":{"rendered":"<p>Seguran\u00e7a Zenkit N\u00f3s usamos Zenkit todos os dias para interagir com voc\u00ea, nosso cliente, e para continuar a desenvolver o pr\u00f3prio Zenkit. Tomamos o m\u00e1ximo cuidado para proteger os dados confiados ao Zenkit, pois se seus dados est\u00e3o em risco, os nossos tamb\u00e9m est\u00e3o. A prote\u00e7\u00e3o de seus dados e dos nossos \u00e9, portanto, nossa [&hellip;]<\/p>\n","protected":false},"author":5,"featured_media":0,"parent":0,"menu_order":21,"comment_status":"closed","ping_status":"closed","template":"","meta":{"yasr_overall_rating":0,"yasr_post_is_review":"","yasr_auto_insert_disabled":"","yasr_review_type":"","footnotes":""},"class_list":["post-62468","page","type-page","status-publish","hentry"],"yoast_head":"<!-- This site is optimized with the Yoast SEO plugin v27.3 - https:\/\/yoast.com\/product\/yoast-seo-wordpress\/ -->\n<title>Security Practices | Zenkit<\/title>\n<meta name=\"description\" content=\"At Zenkit, protecting your privacy is paramount. We take great care to store your private information securely and to act in accordance with the GDPR and other data privacy regulations.\" \/>\n<meta name=\"robots\" content=\"index, follow, max-snippet:-1, max-image-preview:large, max-video-preview:-1\" \/>\n<link rel=\"canonical\" href=\"https:\/\/zenkit.com\/pt-br\/praticas-de-seguranca\/\" \/>\n<meta property=\"og:locale\" content=\"pt_BR\" \/>\n<meta property=\"og:type\" content=\"article\" \/>\n<meta property=\"og:title\" content=\"Security Practices | Zenkit\" \/>\n<meta property=\"og:description\" content=\"At Zenkit, protecting your privacy is paramount. We take great care to store your private information securely and to act in accordance with the GDPR and other data privacy regulations.\" \/>\n<meta property=\"og:url\" content=\"https:\/\/zenkit.com\/pt-br\/praticas-de-seguranca\/\" \/>\n<meta property=\"og:site_name\" content=\"Zenkit\" \/>\n<meta property=\"article:publisher\" content=\"https:\/\/www.facebook.com\/ZenkitHQ\" \/>\n<meta property=\"article:modified_time\" content=\"2025-11-04T05:53:11+00:00\" \/>\n<meta property=\"og:image\" content=\"https:\/\/zenkit.com\/wp-content\/uploads\/2021\/02\/app-security.gif\" \/>\n<meta name=\"twitter:card\" content=\"summary_large_image\" \/>\n<meta name=\"twitter:site\" content=\"@ZenkitHQ\" \/>\n<meta name=\"twitter:label1\" content=\"Est. tempo de leitura\" \/>\n\t<meta name=\"twitter:data1\" content=\"2 minutos\" \/>\n<script type=\"application\/ld+json\" class=\"yoast-schema-graph\">{\"@context\":\"https:\\\/\\\/schema.org\",\"@graph\":[{\"@type\":\"WebPage\",\"@id\":\"https:\\\/\\\/zenkit.com\\\/pt-br\\\/praticas-de-seguranca\\\/\",\"url\":\"https:\\\/\\\/zenkit.com\\\/pt-br\\\/praticas-de-seguranca\\\/\",\"name\":\"Security Practices | Zenkit\",\"isPartOf\":{\"@id\":\"https:\\\/\\\/zenkit.com\\\/pt-br\\\/#website\"},\"primaryImageOfPage\":{\"@id\":\"https:\\\/\\\/zenkit.com\\\/pt-br\\\/praticas-de-seguranca\\\/#primaryimage\"},\"image\":{\"@id\":\"https:\\\/\\\/zenkit.com\\\/pt-br\\\/praticas-de-seguranca\\\/#primaryimage\"},\"thumbnailUrl\":\"https:\\\/\\\/zenkit.com\\\/wp-content\\\/uploads\\\/2021\\\/02\\\/app-security.gif\",\"datePublished\":\"2019-03-20T08:14:44+00:00\",\"dateModified\":\"2025-11-04T05:53:11+00:00\",\"description\":\"At Zenkit, protecting your privacy is paramount. We take great care to store your private information securely and to act in accordance with the GDPR and other data privacy regulations.\",\"breadcrumb\":{\"@id\":\"https:\\\/\\\/zenkit.com\\\/pt-br\\\/praticas-de-seguranca\\\/#breadcrumb\"},\"inLanguage\":\"pt-BR\",\"potentialAction\":[{\"@type\":\"ReadAction\",\"target\":[\"https:\\\/\\\/zenkit.com\\\/pt-br\\\/praticas-de-seguranca\\\/\"]}]},{\"@type\":\"ImageObject\",\"inLanguage\":\"pt-BR\",\"@id\":\"https:\\\/\\\/zenkit.com\\\/pt-br\\\/praticas-de-seguranca\\\/#primaryimage\",\"url\":\"https:\\\/\\\/zenkit.com\\\/wp-content\\\/uploads\\\/2021\\\/02\\\/app-security.gif\",\"contentUrl\":\"https:\\\/\\\/zenkit.com\\\/wp-content\\\/uploads\\\/2021\\\/02\\\/app-security.gif\"},{\"@type\":\"BreadcrumbList\",\"@id\":\"https:\\\/\\\/zenkit.com\\\/pt-br\\\/praticas-de-seguranca\\\/#breadcrumb\",\"itemListElement\":[{\"@type\":\"ListItem\",\"position\":1,\"name\":\"Home\",\"item\":\"https:\\\/\\\/zenkit.com\\\/pt-br\\\/\"},{\"@type\":\"ListItem\",\"position\":2,\"name\":\"Security Practices\"}]},{\"@type\":\"WebSite\",\"@id\":\"https:\\\/\\\/zenkit.com\\\/pt-br\\\/#website\",\"url\":\"https:\\\/\\\/zenkit.com\\\/pt-br\\\/\",\"name\":\"Zenkit\",\"description\":\"Zenkit Tagline\",\"potentialAction\":[{\"@type\":\"SearchAction\",\"target\":{\"@type\":\"EntryPoint\",\"urlTemplate\":\"https:\\\/\\\/zenkit.com\\\/pt-br\\\/?s={search_term_string}\"},\"query-input\":{\"@type\":\"PropertyValueSpecification\",\"valueRequired\":true,\"valueName\":\"search_term_string\"}}],\"inLanguage\":\"pt-BR\"},false]}<\/script>\n<!-- \/ Yoast SEO plugin. -->","yoast_head_json":{"title":"Security Practices | Zenkit","description":"At Zenkit, protecting your privacy is paramount. We take great care to store your private information securely and to act in accordance with the GDPR and other data privacy regulations.","robots":{"index":"index","follow":"follow","max-snippet":"max-snippet:-1","max-image-preview":"max-image-preview:large","max-video-preview":"max-video-preview:-1"},"canonical":"https:\/\/zenkit.com\/pt-br\/praticas-de-seguranca\/","og_locale":"pt_BR","og_type":"article","og_title":"Security Practices | Zenkit","og_description":"At Zenkit, protecting your privacy is paramount. We take great care to store your private information securely and to act in accordance with the GDPR and other data privacy regulations.","og_url":"https:\/\/zenkit.com\/pt-br\/praticas-de-seguranca\/","og_site_name":"Zenkit","article_publisher":"https:\/\/www.facebook.com\/ZenkitHQ","article_modified_time":"2025-11-04T05:53:11+00:00","og_image":[{"url":"https:\/\/zenkit.com\/wp-content\/uploads\/2021\/02\/app-security.gif","type":"","width":"","height":""}],"twitter_card":"summary_large_image","twitter_site":"@ZenkitHQ","twitter_misc":{"Est. tempo de leitura":"2 minutos"},"schema":{"@context":"https:\/\/schema.org","@graph":[{"@type":"WebPage","@id":"https:\/\/zenkit.com\/pt-br\/praticas-de-seguranca\/","url":"https:\/\/zenkit.com\/pt-br\/praticas-de-seguranca\/","name":"Security Practices | Zenkit","isPartOf":{"@id":"https:\/\/zenkit.com\/pt-br\/#website"},"primaryImageOfPage":{"@id":"https:\/\/zenkit.com\/pt-br\/praticas-de-seguranca\/#primaryimage"},"image":{"@id":"https:\/\/zenkit.com\/pt-br\/praticas-de-seguranca\/#primaryimage"},"thumbnailUrl":"https:\/\/zenkit.com\/wp-content\/uploads\/2021\/02\/app-security.gif","datePublished":"2019-03-20T08:14:44+00:00","dateModified":"2025-11-04T05:53:11+00:00","description":"At Zenkit, protecting your privacy is paramount. We take great care to store your private information securely and to act in accordance with the GDPR and other data privacy regulations.","breadcrumb":{"@id":"https:\/\/zenkit.com\/pt-br\/praticas-de-seguranca\/#breadcrumb"},"inLanguage":"pt-BR","potentialAction":[{"@type":"ReadAction","target":["https:\/\/zenkit.com\/pt-br\/praticas-de-seguranca\/"]}]},{"@type":"ImageObject","inLanguage":"pt-BR","@id":"https:\/\/zenkit.com\/pt-br\/praticas-de-seguranca\/#primaryimage","url":"https:\/\/zenkit.com\/wp-content\/uploads\/2021\/02\/app-security.gif","contentUrl":"https:\/\/zenkit.com\/wp-content\/uploads\/2021\/02\/app-security.gif"},{"@type":"BreadcrumbList","@id":"https:\/\/zenkit.com\/pt-br\/praticas-de-seguranca\/#breadcrumb","itemListElement":[{"@type":"ListItem","position":1,"name":"Home","item":"https:\/\/zenkit.com\/pt-br\/"},{"@type":"ListItem","position":2,"name":"Security Practices"}]},{"@type":"WebSite","@id":"https:\/\/zenkit.com\/pt-br\/#website","url":"https:\/\/zenkit.com\/pt-br\/","name":"Zenkit","description":"Zenkit Tagline","potentialAction":[{"@type":"SearchAction","target":{"@type":"EntryPoint","urlTemplate":"https:\/\/zenkit.com\/pt-br\/?s={search_term_string}"},"query-input":{"@type":"PropertyValueSpecification","valueRequired":true,"valueName":"search_term_string"}}],"inLanguage":"pt-BR"},false]}},"yasr_visitor_votes":{"stars_attributes":{"read_only":false,"span_bottom":false},"number_of_votes":0,"sum_votes":0},"_links":{"self":[{"href":"https:\/\/zenkit.com\/pt-br\/wp-json\/wp\/v2\/pages\/62468","targetHints":{"allow":["GET"]}}],"collection":[{"href":"https:\/\/zenkit.com\/pt-br\/wp-json\/wp\/v2\/pages"}],"about":[{"href":"https:\/\/zenkit.com\/pt-br\/wp-json\/wp\/v2\/types\/page"}],"author":[{"embeddable":true,"href":"https:\/\/zenkit.com\/pt-br\/wp-json\/wp\/v2\/users\/5"}],"replies":[{"embeddable":true,"href":"https:\/\/zenkit.com\/pt-br\/wp-json\/wp\/v2\/comments?post=62468"}],"version-history":[{"count":2,"href":"https:\/\/zenkit.com\/pt-br\/wp-json\/wp\/v2\/pages\/62468\/revisions"}],"predecessor-version":[{"id":148526,"href":"https:\/\/zenkit.com\/pt-br\/wp-json\/wp\/v2\/pages\/62468\/revisions\/148526"}],"wp:attachment":[{"href":"https:\/\/zenkit.com\/pt-br\/wp-json\/wp\/v2\/media?parent=62468"}],"curies":[{"name":"wp","href":"https:\/\/api.w.org\/{rel}","templated":true}]}}