{"id":643,"date":"2018-04-22T01:02:07","date_gmt":"2018-04-21T23:02:07","guid":{"rendered":"https:\/\/zenkit.comabout-us\/"},"modified":"2025-09-13T23:43:42","modified_gmt":"2025-09-13T21:43:42","slug":"sobre-nos","status":"publish","type":"page","link":"https:\/\/zenkit.com\/pt-br\/sobre-nos\/","title":{"rendered":"About us"},"content":{"rendered":"\n<div class=\"wp-block-group page__header has-global-padding is-layout-constrained wp-block-group-is-layout-constrained\">\n<div class=\"wp-block-group width--950 has-global-padding is-layout-constrained wp-block-group-is-layout-constrained\">\n<div style=\"height:45px;--tablet-height:45px;--mobile-height:16px\" class=\"wp-block-lookeen-blocks-responsive-spacer\"><\/div>\n\n\n\n<div class=\"wp-block-group has-global-padding is-layout-constrained wp-block-group-is-layout-constrained\">\n<h1 class=\"wp-block-heading has-text-align-center\" style=\"margin-bottom:8px\">Nossa jornada<\/h1>\n<\/div>\n\n\n\n<div style=\"height:48px;--tablet-height:36px;--mobile-height:24px\" class=\"wp-block-lookeen-blocks-responsive-spacer\"><\/div>\n\n\n\n<div class=\"wp-block-group has-global-padding is-layout-constrained wp-block-group-is-layout-constrained\" style=\"margin-bottom:8px\">\n<p class=\"has-text-align-center\">Se voc\u00ea pensa no futuro\u2026 N\u00e3o no futuro pr\u00f3ximo daqui a 5 ou 10 anos, mas daqui a 200, 500 anos, como ser\u00e1 a tecnologia da informa\u00e7\u00e3o? Sim \u2026 ningu\u00e9m sabe. Que pergunta estranha!<\/p>\n<\/div>\n<\/div>\n\n\n\n<div style=\"height:88px;--tablet-height:72px;--mobile-height:40px\" class=\"wp-block-lookeen-blocks-responsive-spacer\"><\/div>\n<\/div>\n\n\n\n<div class=\"wp-block-group has-global-padding is-layout-constrained wp-block-group-is-layout-constrained\">\n<figure class=\"wp-block-image size-full has-custom-border\"><img loading=\"lazy\" decoding=\"async\" width=\"2500\" height=\"463\" src=\"https:\/\/zenkit.com\/wp-content\/uploads\/2018\/05\/Zenkit-Plane-Drawing.png\" alt=\"Nossa jornada\" class=\"wp-image-3844\" style=\"border-radius:20px;object-fit:cover\" srcset=\"https:\/\/zenkit.com\/wp-content\/uploads\/2018\/05\/Zenkit-Plane-Drawing.png 2500w, https:\/\/zenkit.com\/wp-content\/uploads\/2018\/05\/Zenkit-Plane-Drawing-300x56.png 300w, https:\/\/zenkit.com\/wp-content\/uploads\/2018\/05\/Zenkit-Plane-Drawing-768x142.png 768w, https:\/\/zenkit.com\/wp-content\/uploads\/2018\/05\/Zenkit-Plane-Drawing-1024x190.png 1024w\" sizes=\"auto, (max-width: 2500px) 100vw, 2500px\" \/><\/figure>\n<\/div>\n\n\n\n<div class=\"wp-block-group has-global-padding is-layout-constrained wp-block-group-is-layout-constrained\">\n<div style=\"height:88px;--tablet-height:72px;--mobile-height:40px\" class=\"wp-block-lookeen-blocks-responsive-spacer\"><\/div>\n\n\n\n<p>Mas n\u00f3s podemos sonhar com isso. Todos n\u00f3s podemos usar a imagina\u00e7\u00e3o. Quando Martin, nosso CEO, pensou pela primeira vez com seus vinte e poucos anos nessa id\u00e9ia, imaginou um sistema simples, bonito e amig\u00e1vel. Algo que podemos confiar todo o nosso conhecimento. As pessoas nem sequer pensariam nisso como um produto, mas sim como uma for\u00e7a natural, como ar, \u00e1gua e eletricidade. No futuro, atingiremos um n\u00edvel tecnol\u00f3gico em que n\u00e3o vamos nos incomodar com &#8220;problemas t\u00e9cnicos&#8221;. Estaremos em um estado de paz interior quando pensarmos em informa\u00e7\u00e3o. Assim como a eletricidade estar\u00e1 l\u00e1, nossos dados tamb\u00e9m estar\u00e3o.<\/p>\n\n\n\n<p>Alguns anos se passaram. Enquanto isso, Martin construiu a Axonic. Uma fornecedora de software com mais de 5 milh\u00f5es de usu\u00e1rios. E nesse contexto, em 2014, uma pequena equipe da Axonic come\u00e7ou a transformar esse pensamento em realidade. Eles come\u00e7aram a desenvolveram o Zenkit &#8211; como uma plataforma de constru\u00e7\u00e3o de aplicativos. A ideia era que as pessoas criassem seus pr\u00f3prios aplicativos personalizados sem conhecimento avan\u00e7ado de programa\u00e7\u00e3o. Quase dois anos depois de desenvolverem o sistema, a plataforma estava crescendo e tomando cada vez mais forma. Quase pronta para o lan\u00e7amento.<\/p>\n\n\n\n<p>Um dia, por\u00e9m, perto do Natal de 2015, sentimos que algo n\u00e3o estava certo. O construtor de aplicativos foi muito bom. Era simples, bem desenhado e poderoso. Foi at\u00e9 divertido brincar, mas algo parecia errado. Foi ent\u00e3o que percebemos o que estava faltando: N\u00f3s n\u00e3o est\u00e1vamos usando, pelo menos, n\u00e3o diariamente. Naquele dia, decidimos que o Zenkit precisava se tornar outra coisa: Um sistema que qualquer um gostaria de usar desde o primeiro momento. Um sistema que pode ser uma parte importante da sua vida.<\/p>\n\n\n\n<p>Esse foi o segundo nascimento do Zenkit. Daquele dia em diante, fazer do Zenkit uma parte da vida cotidiana foi o princ\u00edpio mais importante. Paramos de desenvolver o construtor de aplicativos. O que foi retirado da primeira vers\u00e3o foi a profunda tecnologia necess\u00e1ria para construir um sistema flex\u00edvel para causar um impacto real.<\/p>\n\n\n\n<p>Em outubro de 2016, o Zenkit foi lan\u00e7ado. N\u00f3s rotulamos o Zenkit como uma &#8216;plataforma de gerenciamento de projetos&#8217;. Fizemos isso para encontrar um ajuste no cen\u00e1rio tecnol\u00f3gico de hoje. Porque, no final do dia, voc\u00ea precisa decidir que tipo de ferramentas deseja usar no dia a dia. Mas mesmo agora, no come\u00e7o, o Zenkit \u00e9 mais do que isso. J\u00e1 \u00e9 uma plataforma onde voc\u00ea pode reunir \u00e1reas muito diferentes da sua empresa e da sua vida: clientes, documentos, faturas, bugs, leads, recursos, tarefas, eventos, bilhetes. Voc\u00ea pode come\u00e7ar a usar o enorme potencial de sinergia entre eles.<\/p>\n<\/div>\n\n\n\n<div style=\"height:110px;--tablet-height:60px;--mobile-height:48px\" class=\"wp-block-lookeen-blocks-responsive-spacer\"><\/div>\n","protected":false},"excerpt":{"rendered":"<p>Nossa jornada Se voc\u00ea pensa no futuro\u2026 N\u00e3o no futuro pr\u00f3ximo daqui a 5 ou 10 anos, mas daqui a 200, 500 anos, como ser\u00e1 a tecnologia da informa\u00e7\u00e3o? Sim \u2026 ningu\u00e9m sabe. Que pergunta estranha! Mas n\u00f3s podemos sonhar com isso. Todos n\u00f3s podemos usar a imagina\u00e7\u00e3o. Quando Martin, nosso CEO, pensou pela primeira [&hellip;]<\/p>\n","protected":false},"author":1,"featured_media":0,"parent":0,"menu_order":0,"comment_status":"closed","ping_status":"closed","template":"","meta":{"yasr_overall_rating":0,"yasr_post_is_review":"","yasr_auto_insert_disabled":"","yasr_review_type":"","footnotes":""},"class_list":["post-643","page","type-page","status-publish","hentry"],"yoast_head":"<!-- This site is optimized with the Yoast SEO plugin v27.3 - https:\/\/yoast.com\/product\/yoast-seo-wordpress\/ -->\n<title>Zenkit - Um caminho bonito de organizar<\/title>\n<meta name=\"description\" content=\"O Zenkit \u00e9 a ferramenta de gerenciamento de projetos que cresce com voc\u00ea. Saiba tudo sobre por que constru\u00edmos o Zenkit e onde queremos crescer. Fa\u00e7a o seu futuro mais Zen.\" \/>\n<meta name=\"robots\" content=\"index, follow, max-snippet:-1, max-image-preview:large, max-video-preview:-1\" \/>\n<link rel=\"canonical\" href=\"https:\/\/zenkit.com\/pt-br\/sobre-nos\/\" \/>\n<meta property=\"og:locale\" content=\"pt_BR\" \/>\n<meta property=\"og:type\" content=\"article\" \/>\n<meta property=\"og:title\" content=\"Zenkit - Um caminho bonito de organizar\" \/>\n<meta property=\"og:description\" content=\"O Zenkit \u00e9 a ferramenta de gerenciamento de projetos que cresce com voc\u00ea. Saiba tudo sobre por que constru\u00edmos o Zenkit e onde queremos crescer. Fa\u00e7a o seu futuro mais Zen.\" \/>\n<meta property=\"og:url\" content=\"https:\/\/zenkit.com\/pt-br\/sobre-nos\/\" \/>\n<meta property=\"og:site_name\" content=\"Zenkit\" \/>\n<meta property=\"article:publisher\" content=\"https:\/\/www.facebook.com\/ZenkitHQ\" \/>\n<meta property=\"article:modified_time\" content=\"2025-09-13T21:43:42+00:00\" \/>\n<meta property=\"og:image\" content=\"https:\/\/zenkit.com\/wp-content\/uploads\/2018\/05\/Zenkit-Plane-Drawing.png\" \/>\n<meta name=\"twitter:card\" content=\"summary_large_image\" \/>\n<meta name=\"twitter:site\" content=\"@ZenkitHQ\" \/>\n<meta name=\"twitter:label1\" content=\"Est. tempo de leitura\" \/>\n\t<meta name=\"twitter:data1\" content=\"2 minutos\" \/>\n<script type=\"application\/ld+json\" class=\"yoast-schema-graph\">{\"@context\":\"https:\\\/\\\/schema.org\",\"@graph\":[{\"@type\":\"WebPage\",\"@id\":\"https:\\\/\\\/zenkit.com\\\/pt-br\\\/sobre-nos\\\/\",\"url\":\"https:\\\/\\\/zenkit.com\\\/pt-br\\\/sobre-nos\\\/\",\"name\":\"Zenkit - Um caminho bonito de organizar\",\"isPartOf\":{\"@id\":\"https:\\\/\\\/zenkit.com\\\/pt-br\\\/#website\"},\"primaryImageOfPage\":{\"@id\":\"https:\\\/\\\/zenkit.com\\\/pt-br\\\/sobre-nos\\\/#primaryimage\"},\"image\":{\"@id\":\"https:\\\/\\\/zenkit.com\\\/pt-br\\\/sobre-nos\\\/#primaryimage\"},\"thumbnailUrl\":\"https:\\\/\\\/zenkit.com\\\/wp-content\\\/uploads\\\/2018\\\/05\\\/Zenkit-Plane-Drawing.png\",\"datePublished\":\"2018-04-21T23:02:07+00:00\",\"dateModified\":\"2025-09-13T21:43:42+00:00\",\"description\":\"O Zenkit \u00e9 a ferramenta de gerenciamento de projetos que cresce com voc\u00ea. Saiba tudo sobre por que constru\u00edmos o Zenkit e onde queremos crescer. Fa\u00e7a o seu futuro mais Zen.\",\"breadcrumb\":{\"@id\":\"https:\\\/\\\/zenkit.com\\\/pt-br\\\/sobre-nos\\\/#breadcrumb\"},\"inLanguage\":\"pt-BR\",\"potentialAction\":[{\"@type\":\"ReadAction\",\"target\":[\"https:\\\/\\\/zenkit.com\\\/pt-br\\\/sobre-nos\\\/\"]}]},{\"@type\":\"ImageObject\",\"inLanguage\":\"pt-BR\",\"@id\":\"https:\\\/\\\/zenkit.com\\\/pt-br\\\/sobre-nos\\\/#primaryimage\",\"url\":\"https:\\\/\\\/zenkit.com\\\/wp-content\\\/uploads\\\/2018\\\/05\\\/Zenkit-Plane-Drawing.png\",\"contentUrl\":\"https:\\\/\\\/zenkit.com\\\/wp-content\\\/uploads\\\/2018\\\/05\\\/Zenkit-Plane-Drawing.png\"},{\"@type\":\"BreadcrumbList\",\"@id\":\"https:\\\/\\\/zenkit.com\\\/pt-br\\\/sobre-nos\\\/#breadcrumb\",\"itemListElement\":[{\"@type\":\"ListItem\",\"position\":1,\"name\":\"Home\",\"item\":\"https:\\\/\\\/zenkit.com\\\/pt-br\\\/\"},{\"@type\":\"ListItem\",\"position\":2,\"name\":\"About us\"}]},{\"@type\":\"WebSite\",\"@id\":\"https:\\\/\\\/zenkit.com\\\/pt-br\\\/#website\",\"url\":\"https:\\\/\\\/zenkit.com\\\/pt-br\\\/\",\"name\":\"Zenkit\",\"description\":\"Zenkit Tagline\",\"potentialAction\":[{\"@type\":\"SearchAction\",\"target\":{\"@type\":\"EntryPoint\",\"urlTemplate\":\"https:\\\/\\\/zenkit.com\\\/pt-br\\\/?s={search_term_string}\"},\"query-input\":{\"@type\":\"PropertyValueSpecification\",\"valueRequired\":true,\"valueName\":\"search_term_string\"}}],\"inLanguage\":\"pt-BR\"},false]}<\/script>\n<!-- \/ Yoast SEO plugin. -->","yoast_head_json":{"title":"Zenkit - Um caminho bonito de organizar","description":"O Zenkit \u00e9 a ferramenta de gerenciamento de projetos que cresce com voc\u00ea. Saiba tudo sobre por que constru\u00edmos o Zenkit e onde queremos crescer. Fa\u00e7a o seu futuro mais Zen.","robots":{"index":"index","follow":"follow","max-snippet":"max-snippet:-1","max-image-preview":"max-image-preview:large","max-video-preview":"max-video-preview:-1"},"canonical":"https:\/\/zenkit.com\/pt-br\/sobre-nos\/","og_locale":"pt_BR","og_type":"article","og_title":"Zenkit - Um caminho bonito de organizar","og_description":"O Zenkit \u00e9 a ferramenta de gerenciamento de projetos que cresce com voc\u00ea. Saiba tudo sobre por que constru\u00edmos o Zenkit e onde queremos crescer. Fa\u00e7a o seu futuro mais Zen.","og_url":"https:\/\/zenkit.com\/pt-br\/sobre-nos\/","og_site_name":"Zenkit","article_publisher":"https:\/\/www.facebook.com\/ZenkitHQ","article_modified_time":"2025-09-13T21:43:42+00:00","og_image":[{"url":"https:\/\/zenkit.com\/wp-content\/uploads\/2018\/05\/Zenkit-Plane-Drawing.png","type":"","width":"","height":""}],"twitter_card":"summary_large_image","twitter_site":"@ZenkitHQ","twitter_misc":{"Est. tempo de leitura":"2 minutos"},"schema":{"@context":"https:\/\/schema.org","@graph":[{"@type":"WebPage","@id":"https:\/\/zenkit.com\/pt-br\/sobre-nos\/","url":"https:\/\/zenkit.com\/pt-br\/sobre-nos\/","name":"Zenkit - Um caminho bonito de organizar","isPartOf":{"@id":"https:\/\/zenkit.com\/pt-br\/#website"},"primaryImageOfPage":{"@id":"https:\/\/zenkit.com\/pt-br\/sobre-nos\/#primaryimage"},"image":{"@id":"https:\/\/zenkit.com\/pt-br\/sobre-nos\/#primaryimage"},"thumbnailUrl":"https:\/\/zenkit.com\/wp-content\/uploads\/2018\/05\/Zenkit-Plane-Drawing.png","datePublished":"2018-04-21T23:02:07+00:00","dateModified":"2025-09-13T21:43:42+00:00","description":"O Zenkit \u00e9 a ferramenta de gerenciamento de projetos que cresce com voc\u00ea. Saiba tudo sobre por que constru\u00edmos o Zenkit e onde queremos crescer. Fa\u00e7a o seu futuro mais Zen.","breadcrumb":{"@id":"https:\/\/zenkit.com\/pt-br\/sobre-nos\/#breadcrumb"},"inLanguage":"pt-BR","potentialAction":[{"@type":"ReadAction","target":["https:\/\/zenkit.com\/pt-br\/sobre-nos\/"]}]},{"@type":"ImageObject","inLanguage":"pt-BR","@id":"https:\/\/zenkit.com\/pt-br\/sobre-nos\/#primaryimage","url":"https:\/\/zenkit.com\/wp-content\/uploads\/2018\/05\/Zenkit-Plane-Drawing.png","contentUrl":"https:\/\/zenkit.com\/wp-content\/uploads\/2018\/05\/Zenkit-Plane-Drawing.png"},{"@type":"BreadcrumbList","@id":"https:\/\/zenkit.com\/pt-br\/sobre-nos\/#breadcrumb","itemListElement":[{"@type":"ListItem","position":1,"name":"Home","item":"https:\/\/zenkit.com\/pt-br\/"},{"@type":"ListItem","position":2,"name":"About us"}]},{"@type":"WebSite","@id":"https:\/\/zenkit.com\/pt-br\/#website","url":"https:\/\/zenkit.com\/pt-br\/","name":"Zenkit","description":"Zenkit Tagline","potentialAction":[{"@type":"SearchAction","target":{"@type":"EntryPoint","urlTemplate":"https:\/\/zenkit.com\/pt-br\/?s={search_term_string}"},"query-input":{"@type":"PropertyValueSpecification","valueRequired":true,"valueName":"search_term_string"}}],"inLanguage":"pt-BR"},false]}},"yasr_visitor_votes":{"stars_attributes":{"read_only":false,"span_bottom":false},"number_of_votes":0,"sum_votes":0},"_links":{"self":[{"href":"https:\/\/zenkit.com\/pt-br\/wp-json\/wp\/v2\/pages\/643","targetHints":{"allow":["GET"]}}],"collection":[{"href":"https:\/\/zenkit.com\/pt-br\/wp-json\/wp\/v2\/pages"}],"about":[{"href":"https:\/\/zenkit.com\/pt-br\/wp-json\/wp\/v2\/types\/page"}],"author":[{"embeddable":true,"href":"https:\/\/zenkit.com\/pt-br\/wp-json\/wp\/v2\/users\/1"}],"replies":[{"embeddable":true,"href":"https:\/\/zenkit.com\/pt-br\/wp-json\/wp\/v2\/comments?post=643"}],"version-history":[{"count":2,"href":"https:\/\/zenkit.com\/pt-br\/wp-json\/wp\/v2\/pages\/643\/revisions"}],"predecessor-version":[{"id":150470,"href":"https:\/\/zenkit.com\/pt-br\/wp-json\/wp\/v2\/pages\/643\/revisions\/150470"}],"wp:attachment":[{"href":"https:\/\/zenkit.com\/pt-br\/wp-json\/wp\/v2\/media?parent=643"}],"curies":[{"name":"wp","href":"https:\/\/api.w.org\/{rel}","templated":true}]}}