{"id":64369,"date":"2019-10-17T17:45:17","date_gmt":"2019-10-17T15:45:17","guid":{"rendered":"https:\/\/zenkit.com\/base\/integracoes\/invoiceberry\/"},"modified":"2025-11-04T06:53:12","modified_gmt":"2025-11-04T05:53:12","slug":"invoiceberry","status":"publish","type":"page","link":"https:\/\/zenkit.com\/pt-br\/integracoes\/invoiceberry\/","title":{"rendered":"InvoiceBerry"},"content":{"rendered":"\n<div style=\"height:45px;--tablet-height:45px;--mobile-height:16px\" class=\"wp-block-lookeen-blocks-responsive-spacer\"><\/div>\n\n\n\n<div class=\"wp-block-group has-global-padding is-layout-constrained wp-block-group-is-layout-constrained\">\n<div class=\"wp-block-columns is-layout-flex wp-container-core-columns-is-layout-467d341d wp-block-columns-is-layout-flex\" id=\"main__integrations\" style=\"margin-top:0px;margin-bottom:0px\">\n<div class=\"wp-block-column side__bar__integrations is-layout-flow wp-block-column-is-layout-flow\" style=\"flex-basis:23%\">\n<h2 class=\"wp-block-heading has-da-blue-color-new has-text-color has-link-color wp-elements-1ad6856557c51b4b4d16f21fa5fc33ea\" style=\"margin-top:0px;margin-bottom:0px;font-size:16px;line-height:1.5\">Integrations<\/h2>\n\n\n<nav class=\"is-vertical integrations__menu wp-block-navigation is-layout-flex wp-container-core-navigation-is-layout-5f9f5280 wp-block-navigation-is-layout-flex\" aria-label=\"pt-br-integrations-invoicing\"><ul class=\"wp-block-navigation__container  is-vertical integrations__menu wp-block-navigation\"><li class=\" wp-block-navigation-item wp-block-navigation-link\"><a class=\"wp-block-navigation-item__content\"  href=\"https:\/\/zenkit.com\/pt-br\/integracoes\/invoiceberry\/\"><span class=\"wp-block-navigation-item__label\">InvoiceBerry<\/span><\/a><\/li><\/ul><\/nav><\/div>\n\n\n\n<div class=\"wp-block-column content__integrations is-layout-flow wp-block-column-is-layout-flow\" style=\"flex-basis:77%\">\n<div class=\"wp-block-group has-global-padding is-layout-constrained wp-block-group-is-layout-constrained\">\n<div class=\"wp-block-group title is-layout-flex wp-container-core-group-is-layout-ed4b00df wp-block-group-is-layout-flex\">\n<figure class=\"wp-block-image size-full is-resized\"><img loading=\"lazy\" decoding=\"async\" width=\"295\" height=\"295\" src=\"https:\/\/zenkit.com\/wp-content\/uploads\/2025\/07\/InvoiceBerry_logo.webp\" alt=\"\" class=\"wp-image-117789\" style=\"width:auto;height:46px\" srcset=\"https:\/\/zenkit.com\/wp-content\/uploads\/2025\/07\/InvoiceBerry_logo.webp 295w, https:\/\/zenkit.com\/wp-content\/uploads\/2025\/07\/InvoiceBerry_logo-150x150.webp 150w\" sizes=\"auto, (max-width: 295px) 100vw, 295px\" \/><\/figure>\n\n\n\n<h1 class=\"wp-block-heading\">InvoiceBerry e Zenkit<\/h1>\n<\/div>\n\n\n\n<div class=\"wp-block-group has-global-padding is-layout-constrained wp-block-group-is-layout-constrained\">\n<p>Essa integra\u00e7\u00e3o permite o gerenciamento sem esfor\u00e7o de faturamento e tarefas de projeto em uma plataforma unificada. As empresas podem automatizar processos tediosos, reduzir a entrada manual de dados e garantir que o gerenciamento financeiro seja t\u00e3o din\u00e2mico e \u00e1gil quanto seus esfor\u00e7os de gerenciamento de projetos.<\/p>\n\n\n\n<p>A sinergia entre InvoiceBerry e Zenkit permite que os usu\u00e1rios mantenham um melhor controle sobre suas finan\u00e7as e, ao mesmo tempo, mantenham seus projetos em dia, o que leva a uma melhor tomada de decis\u00f5es e ao desempenho geral dos neg\u00f3cios.<\/p>\n<\/div>\n\n\n\n<div style=\"height:48px;--tablet-height:36px;--mobile-height:24px\" class=\"wp-block-lookeen-blocks-responsive-spacer\"><\/div>\n<\/div>\n\n\n\n<div class=\"wp-block-group has-global-padding is-layout-constrained wp-block-group-is-layout-constrained\">\n<figure class=\"wp-block-image size-full\"><img loading=\"lazy\" decoding=\"async\" width=\"1024\" height=\"476\" src=\"https:\/\/zenkit.com\/wp-content\/uploads\/2025\/07\/InvoiceBerry_screenshot-1024x476-1.webp\" alt=\"\" class=\"wp-image-117800\" srcset=\"https:\/\/zenkit.com\/wp-content\/uploads\/2025\/07\/InvoiceBerry_screenshot-1024x476-1.webp 1024w, https:\/\/zenkit.com\/wp-content\/uploads\/2025\/07\/InvoiceBerry_screenshot-1024x476-1-300x139.webp 300w, https:\/\/zenkit.com\/wp-content\/uploads\/2025\/07\/InvoiceBerry_screenshot-1024x476-1-768x357.webp 768w\" sizes=\"auto, (max-width: 1024px) 100vw, 1024px\" \/><\/figure>\n<\/div>\n\n\n\n<div style=\"height:48px;--tablet-height:36px;--mobile-height:24px\" class=\"wp-block-lookeen-blocks-responsive-spacer\"><\/div>\n\n\n\n<div class=\"wp-block-group has-global-padding is-layout-constrained wp-block-group-is-layout-constrained\">\n<h3 class=\"wp-block-heading display-h2\">Sobre InvoiceBerry<\/h3>\n\n\n\n<p>InvoiceBerry \u00e9 um software de faturamento on-line projetado para atender \u00e0s necessidades de faturamento de pequenas empresas e freelancers. Os clientes podem criar faturas com apar\u00eancia profissional, personaliz\u00e1-las com os logotipos e as informa\u00e7\u00f5es de suas empresas e envi\u00e1-las por e-mail em segundos.<\/p>\n\n\n\n<p>O software tamb\u00e9m permite que as empresas controlem suas despesas, enviem lembretes para quem n\u00e3o paga, criem faturas recorrentes e enviem faturas automaticamente para clientes regulares e recorrentes.Erstellen Sie hier ihr eigenes Konto, um mehr \u00fcber InvoiceBerry zu erfahren: <a href=\"https:\/\/www.invoiceberry.com\/\" data-type=\"link\" data-id=\"https:\/\/www.invoiceberry.com\/\" target=\"_blank\" rel=\"noreferrer noopener\">https:\/\/www.invoiceberry.com\/.<\/a><\/p>\n<\/div>\n\n\n\n<div style=\"height:48px;--tablet-height:36px;--mobile-height:24px\" class=\"wp-block-lookeen-blocks-responsive-spacer\"><\/div>\n\n\n\n<div class=\"wp-block-group has-global-padding is-layout-constrained wp-block-group-is-layout-constrained\">\n<h3 class=\"wp-block-heading display-h2\">Sobre Zenkit<\/h3>\n\n\n\n<p><a href=\"https:\/\/zenkit.com\/\">Zenkit<\/a>&nbsp;\u00e9 uma plataforma abrangente baseada na Web, projetada para gerenciamento de projetos e colabora\u00e7\u00e3o. Permite que as organiza\u00e7\u00f5es otimizem seus fluxos de trabalho, gerenciem tarefas e aumentem a produtividade da equipe. Zenkit oferece um ambiente flex\u00edvel que suporta uma variedade de metodologias de gerenciamento de projetos, incluindo Kanban, Gantt e visualiza\u00e7\u00f5es de calend\u00e1rio, permitindo que as equipes personalizem seus fluxos de trabalho para atender \u00e0s suas necessidades exclusivas.<\/p>\n\n\n\n<p>Com recursos robustos, como atribui\u00e7\u00f5es de tarefas, colabora\u00e7\u00e3o em tempo real e compartilhamento de arquivos, Zenkit oferece tudo o que \u00e9 necess\u00e1rio para garantir que os projetos sejam conclu\u00eddos com efici\u00eancia e dentro do prazo. A interface f\u00e1cil de usar e os amplos recursos da plataforma fazem dela a escolha ideal para empresas que buscam otimizar seus processos de gerenciamento de projetos.&nbsp;<a href=\"https:\/\/app.zenkit.com\/register\">Crie sua conta gratuita<\/a>!<\/p>\n<\/div>\n\n\n\n<div style=\"height:48px;--tablet-height:36px;--mobile-height:24px\" class=\"wp-block-lookeen-blocks-responsive-spacer\"><\/div>\n\n\n\n<div class=\"wp-block-group has-global-padding is-layout-constrained wp-block-group-is-layout-constrained\">\n<h3 class=\"wp-block-heading display-h2\">Como conectar o InvoiceBerry ao Zenkit?<\/h3>\n\n\n\n<ol class=\"wp-block-list list__style__position-inside\">\n<li><a href=\"https:\/\/zapier.com\/sign-up\/\">Registre-se<\/a>&nbsp;em uma conta Zapier para obter acesso ao Zapier.<\/li>\n\n\n\n<li><a href=\"https:\/\/www.invoiceberry.com\/\">Crie uma conta<\/a>&nbsp;em InvoiceBerry.<\/li>\n\n\n\n<li>Fa\u00e7a login no Zapier e acesse&nbsp;<a href=\"https:\/\/zapier.com\/apps\/zenkit\/integrations\/invoiceberry\">Zenkit + InvoiceBerry Zapbook&nbsp;<\/a>para encontrar modelos Zap.<\/li>\n\n\n\n<li>Ou opte por criar sua pr\u00f3pria integra\u00e7\u00e3o do Zenkit e do InvoiceBerry, selecionando-os ao criar um zap.<\/li>\n<\/ol>\n<\/div>\n\n\n\n<div style=\"height:48px;--tablet-height:36px;--mobile-height:24px\" class=\"wp-block-lookeen-blocks-responsive-spacer\"><\/div>\n\n\n\n<div class=\"wp-block-group has-global-padding is-layout-constrained wp-block-group-is-layout-constrained\">\n<script type=\"text\/javascript\" src=\"https:\/\/zapier.com\/apps\/embed\/widget.js?guided_zaps=69042,69043\"><\/script>\n<\/div>\n\n\n\n<div style=\"height:48px;--tablet-height:36px;--mobile-height:24px\" class=\"wp-block-lookeen-blocks-responsive-spacer\"><\/div>\n\n\n\n<div class=\"wp-block-group has-global-padding is-layout-constrained wp-block-group-is-layout-constrained\">\n<h3 class=\"wp-block-heading display-h2\">Quem se beneficiar\u00e1 com essa integra\u00e7\u00e3o entre InvoiceBerry e Zenkit?<\/h3>\n\n\n\n<ul class=\"wp-block-list is-style-da-left-indent\">\n<li><strong>Freelancers e propriet\u00e1rios de pequenas empresas que desejam simplificar o faturamento e o gerenciamento de projetos:<\/strong>&nbsp;Ao integrar InvoiceBerry com Zenkit, os freelancers e propriet\u00e1rios de pequenas empresas podem simplificar seu processo de faturamento e, ao mesmo tempo, acompanhar as tarefas e os prazos do projeto, garantindo um fluxo de trabalho mais organizado e pagamentos pontuais.<\/li>\n\n\n\n<li><strong>Equipes de contabilidade que buscam aprimorar o acompanhamento financeiro e a coordena\u00e7\u00e3o de tarefas:<\/strong>&nbsp;As equipes de contabilidade podem se beneficiar da integra\u00e7\u00e3o sincronizando automaticamente os dados da fatura com o sistema de gerenciamento de projetos, o que lhes permite monitorar as transa\u00e7\u00f5es financeiras, acompanhar os ciclos de faturamento e gerenciar as tarefas relacionadas com efici\u00eancia em uma plataforma unificada.<\/li>\n<\/ul>\n<\/div>\n\n\n\n<div style=\"height:48px;--tablet-height:36px;--mobile-height:24px\" class=\"wp-block-lookeen-blocks-responsive-spacer\"><\/div>\n\n\n\n<div class=\"wp-block-group has-global-padding is-layout-constrained wp-block-group-is-layout-constrained\">\n<h3 class=\"wp-block-heading display-h2\">Detalhes adicionais da integra\u00e7\u00e3o<\/h3>\n\n\n\n<ul class=\"wp-block-list is-style-da-left-indent\">\n<li>Suportado pelo Zapier: Entre em contato com o&nbsp;<a href=\"https:\/\/zapier.com\/app\/get-help\">suporte Zapier<\/a>&nbsp;se tiver algum problema.<\/li>\n\n\n\n<li>Para obter mais informa\u00e7\u00f5es sobre como usar o Zenkit com o Zapier, leia nossa&nbsp;<a href=\"https:\/\/help.zenkit.com\/en\/support\/solutions\/articles\/43000590360-integrating-other-apps-into-zenkit-using-zapier\">documenta\u00e7\u00e3o<\/a>.<\/li>\n<\/ul>\n<\/div>\n<\/div>\n<\/div>\n<\/div>\n\n\n\n<div style=\"height:110px;--tablet-height:60px;--mobile-height:48px\" class=\"wp-block-lookeen-blocks-responsive-spacer\"><\/div>\n","protected":false},"excerpt":{"rendered":"<p>Integrations InvoiceBerry e Zenkit Essa integra\u00e7\u00e3o permite o gerenciamento sem esfor\u00e7o de faturamento e tarefas de projeto em uma plataforma unificada. As empresas podem automatizar processos tediosos, reduzir a entrada manual de dados e garantir que o gerenciamento financeiro seja t\u00e3o din\u00e2mico e \u00e1gil quanto seus esfor\u00e7os de gerenciamento de projetos. A sinergia entre InvoiceBerry [&hellip;]<\/p>\n","protected":false},"author":15,"featured_media":0,"parent":144948,"menu_order":2,"comment_status":"closed","ping_status":"closed","template":"","meta":{"yasr_overall_rating":0,"yasr_post_is_review":"","yasr_auto_insert_disabled":"","yasr_review_type":"","footnotes":""},"class_list":["post-64369","page","type-page","status-publish","hentry"],"yoast_head":"<!-- This site is optimized with the Yoast SEO plugin v27.3 - https:\/\/yoast.com\/product\/yoast-seo-wordpress\/ -->\n<title>InvoiceBerry | Zenkit<\/title>\n<meta name=\"description\" content=\"Zenkit&#039;s integration with InvoiceBerry provides automation to connect your invoicing software and built database. Learn how this integration can grow with you.\" \/>\n<meta name=\"robots\" content=\"index, follow, max-snippet:-1, max-image-preview:large, max-video-preview:-1\" \/>\n<link rel=\"canonical\" href=\"https:\/\/zenkit.com\/pt-br\/integracoes\/invoiceberry\/\" \/>\n<meta property=\"og:locale\" content=\"pt_BR\" \/>\n<meta property=\"og:type\" content=\"article\" \/>\n<meta property=\"og:title\" content=\"InvoiceBerry | Zenkit\" \/>\n<meta property=\"og:description\" content=\"Zenkit&#039;s integration with InvoiceBerry provides automation to connect your invoicing software and built database. Learn how this integration can grow with you.\" \/>\n<meta property=\"og:url\" content=\"https:\/\/zenkit.com\/pt-br\/integracoes\/invoiceberry\/\" \/>\n<meta property=\"og:site_name\" content=\"Zenkit\" \/>\n<meta property=\"article:publisher\" content=\"https:\/\/www.facebook.com\/ZenkitHQ\" \/>\n<meta property=\"article:modified_time\" content=\"2025-11-04T05:53:12+00:00\" \/>\n<meta property=\"og:image\" content=\"https:\/\/zenkit.com\/wp-content\/uploads\/2025\/07\/InvoiceBerry_logo.webp\" \/>\n<meta name=\"twitter:card\" content=\"summary_large_image\" \/>\n<meta name=\"twitter:site\" content=\"@ZenkitHQ\" \/>\n<meta name=\"twitter:label1\" content=\"Est. tempo de leitura\" \/>\n\t<meta name=\"twitter:data1\" content=\"3 minutos\" \/>\n<script type=\"application\/ld+json\" class=\"yoast-schema-graph\">{\"@context\":\"https:\\\/\\\/schema.org\",\"@graph\":[{\"@type\":\"WebPage\",\"@id\":\"https:\\\/\\\/zenkit.com\\\/pt-br\\\/integracoes\\\/invoiceberry\\\/\",\"url\":\"https:\\\/\\\/zenkit.com\\\/pt-br\\\/integracoes\\\/invoiceberry\\\/\",\"name\":\"InvoiceBerry | Zenkit\",\"isPartOf\":{\"@id\":\"https:\\\/\\\/zenkit.com\\\/pt-br\\\/#website\"},\"primaryImageOfPage\":{\"@id\":\"https:\\\/\\\/zenkit.com\\\/pt-br\\\/integracoes\\\/invoiceberry\\\/#primaryimage\"},\"image\":{\"@id\":\"https:\\\/\\\/zenkit.com\\\/pt-br\\\/integracoes\\\/invoiceberry\\\/#primaryimage\"},\"thumbnailUrl\":\"https:\\\/\\\/zenkit.com\\\/wp-content\\\/uploads\\\/2025\\\/07\\\/InvoiceBerry_logo.webp\",\"datePublished\":\"2019-10-17T15:45:17+00:00\",\"dateModified\":\"2025-11-04T05:53:12+00:00\",\"description\":\"Zenkit's integration with InvoiceBerry provides automation to connect your invoicing software and built database. Learn how this integration can grow with you.\",\"breadcrumb\":{\"@id\":\"https:\\\/\\\/zenkit.com\\\/pt-br\\\/integracoes\\\/invoiceberry\\\/#breadcrumb\"},\"inLanguage\":\"pt-BR\",\"potentialAction\":[{\"@type\":\"ReadAction\",\"target\":[\"https:\\\/\\\/zenkit.com\\\/pt-br\\\/integracoes\\\/invoiceberry\\\/\"]}]},{\"@type\":\"ImageObject\",\"inLanguage\":\"pt-BR\",\"@id\":\"https:\\\/\\\/zenkit.com\\\/pt-br\\\/integracoes\\\/invoiceberry\\\/#primaryimage\",\"url\":\"https:\\\/\\\/zenkit.com\\\/wp-content\\\/uploads\\\/2025\\\/07\\\/InvoiceBerry_logo.webp\",\"contentUrl\":\"https:\\\/\\\/zenkit.com\\\/wp-content\\\/uploads\\\/2025\\\/07\\\/InvoiceBerry_logo.webp\"},{\"@type\":\"BreadcrumbList\",\"@id\":\"https:\\\/\\\/zenkit.com\\\/pt-br\\\/integracoes\\\/invoiceberry\\\/#breadcrumb\",\"itemListElement\":[{\"@type\":\"ListItem\",\"position\":1,\"name\":\"Home\",\"item\":\"https:\\\/\\\/zenkit.com\\\/pt-br\\\/\"},{\"@type\":\"ListItem\",\"position\":2,\"name\":\"Integra\u00e7\u00f5es\",\"item\":\"https:\\\/\\\/zenkit.com\\\/pt-br\\\/integracoes\\\/\"},{\"@type\":\"ListItem\",\"position\":3,\"name\":\"InvoiceBerry\"}]},{\"@type\":\"WebSite\",\"@id\":\"https:\\\/\\\/zenkit.com\\\/pt-br\\\/#website\",\"url\":\"https:\\\/\\\/zenkit.com\\\/pt-br\\\/\",\"name\":\"Zenkit\",\"description\":\"Zenkit Tagline\",\"potentialAction\":[{\"@type\":\"SearchAction\",\"target\":{\"@type\":\"EntryPoint\",\"urlTemplate\":\"https:\\\/\\\/zenkit.com\\\/pt-br\\\/?s={search_term_string}\"},\"query-input\":{\"@type\":\"PropertyValueSpecification\",\"valueRequired\":true,\"valueName\":\"search_term_string\"}}],\"inLanguage\":\"pt-BR\"},false]}<\/script>\n<!-- \/ Yoast SEO plugin. -->","yoast_head_json":{"title":"InvoiceBerry | Zenkit","description":"Zenkit's integration with InvoiceBerry provides automation to connect your invoicing software and built database. Learn how this integration can grow with you.","robots":{"index":"index","follow":"follow","max-snippet":"max-snippet:-1","max-image-preview":"max-image-preview:large","max-video-preview":"max-video-preview:-1"},"canonical":"https:\/\/zenkit.com\/pt-br\/integracoes\/invoiceberry\/","og_locale":"pt_BR","og_type":"article","og_title":"InvoiceBerry | Zenkit","og_description":"Zenkit's integration with InvoiceBerry provides automation to connect your invoicing software and built database. Learn how this integration can grow with you.","og_url":"https:\/\/zenkit.com\/pt-br\/integracoes\/invoiceberry\/","og_site_name":"Zenkit","article_publisher":"https:\/\/www.facebook.com\/ZenkitHQ","article_modified_time":"2025-11-04T05:53:12+00:00","og_image":[{"url":"https:\/\/zenkit.com\/wp-content\/uploads\/2025\/07\/InvoiceBerry_logo.webp","type":"","width":"","height":""}],"twitter_card":"summary_large_image","twitter_site":"@ZenkitHQ","twitter_misc":{"Est. tempo de leitura":"3 minutos"},"schema":{"@context":"https:\/\/schema.org","@graph":[{"@type":"WebPage","@id":"https:\/\/zenkit.com\/pt-br\/integracoes\/invoiceberry\/","url":"https:\/\/zenkit.com\/pt-br\/integracoes\/invoiceberry\/","name":"InvoiceBerry | Zenkit","isPartOf":{"@id":"https:\/\/zenkit.com\/pt-br\/#website"},"primaryImageOfPage":{"@id":"https:\/\/zenkit.com\/pt-br\/integracoes\/invoiceberry\/#primaryimage"},"image":{"@id":"https:\/\/zenkit.com\/pt-br\/integracoes\/invoiceberry\/#primaryimage"},"thumbnailUrl":"https:\/\/zenkit.com\/wp-content\/uploads\/2025\/07\/InvoiceBerry_logo.webp","datePublished":"2019-10-17T15:45:17+00:00","dateModified":"2025-11-04T05:53:12+00:00","description":"Zenkit's integration with InvoiceBerry provides automation to connect your invoicing software and built database. Learn how this integration can grow with you.","breadcrumb":{"@id":"https:\/\/zenkit.com\/pt-br\/integracoes\/invoiceberry\/#breadcrumb"},"inLanguage":"pt-BR","potentialAction":[{"@type":"ReadAction","target":["https:\/\/zenkit.com\/pt-br\/integracoes\/invoiceberry\/"]}]},{"@type":"ImageObject","inLanguage":"pt-BR","@id":"https:\/\/zenkit.com\/pt-br\/integracoes\/invoiceberry\/#primaryimage","url":"https:\/\/zenkit.com\/wp-content\/uploads\/2025\/07\/InvoiceBerry_logo.webp","contentUrl":"https:\/\/zenkit.com\/wp-content\/uploads\/2025\/07\/InvoiceBerry_logo.webp"},{"@type":"BreadcrumbList","@id":"https:\/\/zenkit.com\/pt-br\/integracoes\/invoiceberry\/#breadcrumb","itemListElement":[{"@type":"ListItem","position":1,"name":"Home","item":"https:\/\/zenkit.com\/pt-br\/"},{"@type":"ListItem","position":2,"name":"Integra\u00e7\u00f5es","item":"https:\/\/zenkit.com\/pt-br\/integracoes\/"},{"@type":"ListItem","position":3,"name":"InvoiceBerry"}]},{"@type":"WebSite","@id":"https:\/\/zenkit.com\/pt-br\/#website","url":"https:\/\/zenkit.com\/pt-br\/","name":"Zenkit","description":"Zenkit Tagline","potentialAction":[{"@type":"SearchAction","target":{"@type":"EntryPoint","urlTemplate":"https:\/\/zenkit.com\/pt-br\/?s={search_term_string}"},"query-input":{"@type":"PropertyValueSpecification","valueRequired":true,"valueName":"search_term_string"}}],"inLanguage":"pt-BR"},false]}},"yasr_visitor_votes":{"stars_attributes":{"read_only":false,"span_bottom":false},"number_of_votes":0,"sum_votes":0},"_links":{"self":[{"href":"https:\/\/zenkit.com\/pt-br\/wp-json\/wp\/v2\/pages\/64369","targetHints":{"allow":["GET"]}}],"collection":[{"href":"https:\/\/zenkit.com\/pt-br\/wp-json\/wp\/v2\/pages"}],"about":[{"href":"https:\/\/zenkit.com\/pt-br\/wp-json\/wp\/v2\/types\/page"}],"author":[{"embeddable":true,"href":"https:\/\/zenkit.com\/pt-br\/wp-json\/wp\/v2\/users\/15"}],"replies":[{"embeddable":true,"href":"https:\/\/zenkit.com\/pt-br\/wp-json\/wp\/v2\/comments?post=64369"}],"version-history":[{"count":3,"href":"https:\/\/zenkit.com\/pt-br\/wp-json\/wp\/v2\/pages\/64369\/revisions"}],"predecessor-version":[{"id":150482,"href":"https:\/\/zenkit.com\/pt-br\/wp-json\/wp\/v2\/pages\/64369\/revisions\/150482"}],"up":[{"embeddable":true,"href":"https:\/\/zenkit.com\/pt-br\/wp-json\/wp\/v2\/pages\/144948"}],"wp:attachment":[{"href":"https:\/\/zenkit.com\/pt-br\/wp-json\/wp\/v2\/media?parent=64369"}],"curies":[{"name":"wp","href":"https:\/\/api.w.org\/{rel}","templated":true}]}}