{"id":65005,"date":"2019-04-30T12:15:02","date_gmt":"2019-04-30T10:15:02","guid":{"rendered":"https:\/\/zenkit.com\/base\/integracoes\/smsfactor\/"},"modified":"2025-12-10T17:39:52","modified_gmt":"2025-12-10T16:39:52","slug":"smsfactor","status":"publish","type":"page","link":"https:\/\/zenkit.com\/pt-br\/integracoes\/smsfactor\/","title":{"rendered":"SMSFactor"},"content":{"rendered":"\n<div style=\"height:45px;--tablet-height:45px;--mobile-height:16px\" class=\"wp-block-lookeen-blocks-responsive-spacer\"><\/div>\n\n\n\n<div class=\"wp-block-group has-global-padding is-layout-constrained wp-block-group-is-layout-constrained\">\n<div class=\"wp-block-columns is-layout-flex wp-container-core-columns-is-layout-467d341d wp-block-columns-is-layout-flex\" id=\"main__integrations\" style=\"margin-top:0px;margin-bottom:0px\">\n<div class=\"wp-block-column side__bar__integrations is-layout-flow wp-block-column-is-layout-flow\" style=\"flex-basis:23%\">\n<h2 class=\"wp-block-heading has-da-blue-color-new has-text-color has-link-color wp-elements-d9de156f5e99328f12e9e812497be372\" style=\"margin-top:0px;margin-bottom:0px;font-size:16px;line-height:1.5\">Integra\u00e7\u00f5es de Automa\u00e7\u00e3o de Marketing<\/h2>\n\n\n<nav class=\"is-vertical integrations__menu wp-block-navigation is-layout-flex wp-container-core-navigation-is-layout-5f9f5280 wp-block-navigation-is-layout-flex\" aria-label=\"pt-br-integrations-marketing-automation\"><ul class=\"wp-block-navigation__container  is-vertical integrations__menu wp-block-navigation\"><li class=\" wp-block-navigation-item wp-block-navigation-link\"><a class=\"wp-block-navigation-item__content\"  href=\"https:\/\/zenkit.com\/pt-br\/integracoes\/activecampaign\/\"><span class=\"wp-block-navigation-item__label\">ActiveCampaign<\/span><\/a><\/li><li class=\" wp-block-navigation-item wp-block-navigation-link\"><a class=\"wp-block-navigation-item__content\"  href=\"https:\/\/zenkit.com\/pt-br\/integracoes\/better-proposals\/\"><span class=\"wp-block-navigation-item__label\">Better Proposals<\/span><\/a><\/li><li class=\" wp-block-navigation-item wp-block-navigation-link\"><a class=\"wp-block-navigation-item__content\"  href=\"https:\/\/zenkit.com\/pt-br\/integracoes\/leadboxer\/\"><span class=\"wp-block-navigation-item__label\">LeadBoxer<\/span><\/a><\/li><li class=\" wp-block-navigation-item wp-block-navigation-link\"><a class=\"wp-block-navigation-item__content\"  href=\"https:\/\/zenkit.com\/pt-br\/integracoes\/mailjet\/\"><span class=\"wp-block-navigation-item__label\">Mailjet<\/span><\/a><\/li><li class=\" wp-block-navigation-item wp-block-navigation-link\"><a class=\"wp-block-navigation-item__content\"  href=\"https:\/\/zenkit.com\/pt-br\/integracoes\/moosend\/\"><span class=\"wp-block-navigation-item__label\">Moosend<\/span><\/a><\/li><li class=\" wp-block-navigation-item wp-block-navigation-link\"><a class=\"wp-block-navigation-item__content\"  href=\"https:\/\/zenkit.com\/pt-br\/integracoes\/openai\/\"><span class=\"wp-block-navigation-item__label\">OpenAI<\/span><\/a><\/li><li class=\" wp-block-navigation-item wp-block-navigation-link\"><a class=\"wp-block-navigation-item__content\"  href=\"https:\/\/zenkit.com\/pt-br\/integracoes\/parseur\/\"><span class=\"wp-block-navigation-item__label\">Parseur<\/span><\/a><\/li><li class=\" wp-block-navigation-item wp-block-navigation-link\"><a class=\"wp-block-navigation-item__content\"  href=\"https:\/\/zenkit.com\/pt-br\/integracoes\/reflexion-ai\/\"><span class=\"wp-block-navigation-item__label\">Reflexion.AI<\/span><\/a><\/li><li class=\" wp-block-navigation-item wp-block-navigation-link\"><a class=\"wp-block-navigation-item__content\"  href=\"https:\/\/zenkit.com\/pt-br\/integracoes\/sakari-sms\/\"><span class=\"wp-block-navigation-item__label\">Sakari SMS<\/span><\/a><\/li><li class=\" wp-block-navigation-item wp-block-navigation-link\"><a class=\"wp-block-navigation-item__content\"  href=\"https:\/\/zenkit.com\/pt-br\/integracoes\/seamless-ai\/\"><span class=\"wp-block-navigation-item__label\">Seamless.AI<\/span><\/a><\/li><li class=\" wp-block-navigation-item wp-block-navigation-link\"><a class=\"wp-block-navigation-item__content\"  href=\"https:\/\/zenkit.com\/pt-br\/integracoes\/sendinblue\/\"><span class=\"wp-block-navigation-item__label\">SendinBlue<\/span><\/a><\/li><li class=\" wp-block-navigation-item wp-block-navigation-link\"><a class=\"wp-block-navigation-item__content\"  href=\"https:\/\/zenkit.com\/pt-br\/integracoes\/sharpspring\/\"><span class=\"wp-block-navigation-item__label\">SharpSpring<\/span><\/a><\/li><li class=\" wp-block-navigation-item wp-block-navigation-link\"><a class=\"wp-block-navigation-item__content\"  href=\"https:\/\/zenkit.com\/pt-br\/integracoes\/simpletexting\/\"><span class=\"wp-block-navigation-item__label\">SimpleTexting<\/span><\/a><\/li><li class=\" wp-block-navigation-item wp-block-navigation-link\"><a class=\"wp-block-navigation-item__content\"  href=\"https:\/\/zenkit.com\/pt-br\/integracoes\/smsapi\/\"><span class=\"wp-block-navigation-item__label\">SMSAPI<\/span><\/a><\/li><li class=\" wp-block-navigation-item wp-block-navigation-link\"><a class=\"wp-block-navigation-item__content\"  href=\"https:\/\/zenkit.com\/pt-br\/integracoes\/smsfactor\/\"><span class=\"wp-block-navigation-item__label\">SMSFactor<\/span><\/a><\/li><li class=\" wp-block-navigation-item wp-block-navigation-link\"><a class=\"wp-block-navigation-item__content\"  href=\"https:\/\/zenkit.com\/pt-br\/integracoes\/storychief\/\"><span class=\"wp-block-navigation-item__label\">StoryChief<\/span><\/a><\/li><li class=\" wp-block-navigation-item wp-block-navigation-link\"><a class=\"wp-block-navigation-item__content\"  href=\"https:\/\/zenkit.com\/pt-br\/integracoes\/thankster\/\"><span class=\"wp-block-navigation-item__label\">Thankster<\/span><\/a><\/li><li class=\" wp-block-navigation-item wp-block-navigation-link\"><a class=\"wp-block-navigation-item__content\"  href=\"https:\/\/zenkit.com\/pt-br\/integracoes\/whatconverts\/\"><span class=\"wp-block-navigation-item__label\">WhatConverts<\/span><\/a><\/li><\/ul><\/nav><\/div>\n\n\n\n<div class=\"wp-block-column content__integrations is-layout-flow wp-block-column-is-layout-flow\" style=\"flex-basis:77%\">\n<div class=\"wp-block-group has-global-padding is-layout-constrained wp-block-group-is-layout-constrained\">\n<div class=\"wp-block-group title is-layout-flex wp-container-core-group-is-layout-ed4b00df wp-block-group-is-layout-flex\">\n<figure class=\"wp-block-image size-full is-resized\"><img loading=\"lazy\" decoding=\"async\" width=\"300\" height=\"300\" src=\"https:\/\/zenkit.com\/wp-content\/uploads\/2025\/07\/sms-factor.webp\" alt=\"SMSFactor Logo\" class=\"wp-image-118088\" style=\"width:auto;height:46px\" srcset=\"https:\/\/zenkit.com\/wp-content\/uploads\/2025\/07\/sms-factor.webp 300w, https:\/\/zenkit.com\/wp-content\/uploads\/2025\/07\/sms-factor-150x150.webp 150w\" sizes=\"auto, (max-width: 300px) 100vw, 300px\" \/><\/figure>\n\n\n\n<h1 class=\"wp-block-heading\">SMSFactor &amp; Zenkit<\/h1>\n<\/div>\n\n\n\n<div class=\"wp-block-group has-global-padding is-layout-constrained wp-block-group-is-layout-constrained\">\n<p>Conecte-se com o SMSFactor para que SMS profissionais possam ser enviados automaticamente para melhorar a comunica\u00e7\u00e3o da equipe ou o relacionamento com seus clientes.<\/p>\n<\/div>\n\n\n\n<div style=\"height:48px;--tablet-height:36px;--mobile-height:24px\" class=\"wp-block-lookeen-blocks-responsive-spacer\"><\/div>\n<\/div>\n\n\n\n<div class=\"wp-block-group has-global-padding is-layout-constrained wp-block-group-is-layout-constrained\">\n<figure class=\"wp-block-video\"><video controls src=\"https:\/\/zenkit.com\/wp-content\/uploads\/2019\/04\/How-to-send-an-SMS-Alert-campaign-with-SMSFactor.mp4\"><\/video><\/figure>\n<\/div>\n\n\n\n<div style=\"height:48px;--tablet-height:36px;--mobile-height:24px\" class=\"wp-block-lookeen-blocks-responsive-spacer\"><\/div>\n\n\n\n<div class=\"wp-block-group has-global-padding is-layout-constrained wp-block-group-is-layout-constrained\">\n<h3 class=\"wp-block-heading display-h2\">Sobre SMSFactor<\/h3>\n\n\n\n<p><a href=\"https:\/\/www.smsfactor.com\/en\/\">SMSFactor<\/a>&nbsp;\u00e9 uma plataforma de SMS online que permite aos usu\u00e1rios enviar SMS profissionais aos membros de sua equipe, clientes, potenciais clientes ou pacientes. Os usu\u00e1rios podem fazer tanto marketing via SMS para promover novos produtos ou vendas, como enviar SMS de alerta para lembretes de compromissos, confirma\u00e7\u00f5es de pedidos, comunica\u00e7\u00e3o entre empresas e muito mais. Com a API do SMSFactor, os usu\u00e1rios tamb\u00e9m podem integrar o envio de SMSs diretamente em seus sistemas CRM, software ou aplicativos.<\/p>\n<\/div>\n\n\n\n<div style=\"height:48px;--tablet-height:36px;--mobile-height:24px\" class=\"wp-block-lookeen-blocks-responsive-spacer\"><\/div>\n\n\n\n<div class=\"wp-block-group has-global-padding is-layout-constrained wp-block-group-is-layout-constrained\">\n<h3 class=\"wp-block-heading display-h2\">Conecte SMSFactor e Zenkit<\/h3>\n\n\n\n<ol class=\"wp-block-list list__style__position-inside\">\n<li><a href=\"https:\/\/zapier.com\/sign-up\/\">Cadastre-se\u00a0<\/a>com uma conta Zapier para ter acesso ao Zapier.<\/li>\n\n\n\n<li><a href=\"https:\/\/www.smsfactor.com\/en\/registration\/\">Crie uma conta\u00a0<\/a>com SMSFactor.<\/li>\n\n\n\n<li>Entre no Zapier e v\u00e1 \u00e0<a href=\"https:\/\/zapier.com\/apps\/zenkit\/integrations\/sms-factor\">Zenkit + SMSFactor Zapbook\u00a0<\/a>para encontrar os modelos Zap.<\/li>\n\n\n\n<li>Ou escolha criar sua pr\u00f3pria integra\u00e7\u00e3o Zenkit e SMSFactor selecionando-os ao criar um zap.<\/li>\n<\/ol>\n<\/div>\n\n\n\n<div style=\"height:48px;--tablet-height:36px;--mobile-height:24px\" class=\"wp-block-lookeen-blocks-responsive-spacer\"><\/div>\n\n\n\n<div class=\"wp-block-group has-global-padding is-layout-constrained wp-block-group-is-layout-constrained\">\n<h3 class=\"wp-block-heading display-h2\">Suporte<\/h3>\n\n\n\n<p>Essa integra\u00e7\u00e3o \u00e9 apoiada por Zapier. Se houver algum problema, por favor entre em contato com&nbsp;<a href=\"https:\/\/zapier.com\/help\/contact-us\/\">suporte Zapier<\/a>. Para mais informa\u00e7\u00f5es sobre como utilizar Zenkit com Zapier, por favor leia a nossa&nbsp;<a href=\"https:\/\/zenkit.com\/documentation#\/lists\/HJQBQ1Hw\/sections\/SJYE55zA\/entries\/BJGOKQtA?_k=hyyynn\">documenta\u00e7\u00e3o<\/a>.<\/p>\n<\/div>\n<\/div>\n<\/div>\n<\/div>\n\n\n\n<div style=\"height:110px;--tablet-height:60px;--mobile-height:48px\" class=\"wp-block-lookeen-blocks-responsive-spacer\"><\/div>\n","protected":false},"excerpt":{"rendered":"<p>Integra\u00e7\u00f5es de Automa\u00e7\u00e3o de Marketing SMSFactor &amp; Zenkit Conecte-se com o SMSFactor para que SMS profissionais possam ser enviados automaticamente para melhorar a comunica\u00e7\u00e3o da equipe ou o relacionamento com seus clientes. Sobre SMSFactor SMSFactor&nbsp;\u00e9 uma plataforma de SMS online que permite aos usu\u00e1rios enviar SMS profissionais aos membros de sua equipe, clientes, potenciais clientes [&hellip;]<\/p>\n","protected":false},"author":15,"featured_media":0,"parent":144948,"menu_order":55,"comment_status":"closed","ping_status":"closed","template":"","meta":{"yasr_overall_rating":0,"yasr_post_is_review":"","yasr_auto_insert_disabled":"","yasr_review_type":"","footnotes":""},"class_list":["post-65005","page","type-page","status-publish","hentry"],"yoast_head":"<!-- This site is optimized with the Yoast SEO plugin v27.4 - https:\/\/yoast.com\/product\/yoast-seo-wordpress\/ -->\n<title>SMSFactor | Zenkit<\/title>\n<meta name=\"description\" content=\"Zenkit&#039;s integration with SMSFactor allows you to send SMS alerts and SMS marketing automatically. Learn how this integration can grow with you.\" \/>\n<meta name=\"robots\" content=\"index, follow, max-snippet:-1, max-image-preview:large, max-video-preview:-1\" \/>\n<link rel=\"canonical\" href=\"https:\/\/zenkit.com\/pt-br\/integracoes\/smsfactor\/\" \/>\n<meta property=\"og:locale\" content=\"pt_BR\" \/>\n<meta property=\"og:type\" content=\"article\" \/>\n<meta property=\"og:title\" content=\"SMSFactor | Zenkit\" \/>\n<meta property=\"og:description\" content=\"Zenkit&#039;s integration with SMSFactor allows you to send SMS alerts and SMS marketing automatically. Learn how this integration can grow with you.\" \/>\n<meta property=\"og:url\" content=\"https:\/\/zenkit.com\/pt-br\/integracoes\/smsfactor\/\" \/>\n<meta property=\"og:site_name\" content=\"Zenkit\" \/>\n<meta property=\"article:publisher\" content=\"https:\/\/www.facebook.com\/ZenkitHQ\" \/>\n<meta property=\"article:modified_time\" content=\"2025-12-10T16:39:52+00:00\" \/>\n<meta property=\"og:image\" content=\"https:\/\/zenkit.com\/wp-content\/uploads\/2025\/07\/sms-factor.webp\" \/>\n\t<meta property=\"og:image:width\" content=\"300\" \/>\n\t<meta property=\"og:image:height\" content=\"300\" \/>\n\t<meta property=\"og:image:type\" content=\"image\/webp\" \/>\n<meta name=\"twitter:card\" content=\"summary_large_image\" \/>\n<meta name=\"twitter:site\" content=\"@ZenkitHQ\" \/>\n<meta name=\"twitter:label1\" content=\"Est. tempo de leitura\" \/>\n\t<meta name=\"twitter:data1\" content=\"6 minutos\" \/>\n<script type=\"application\/ld+json\" class=\"yoast-schema-graph\">{\"@context\":\"https:\\\/\\\/schema.org\",\"@graph\":[{\"@type\":\"WebPage\",\"@id\":\"https:\\\/\\\/zenkit.com\\\/pt-br\\\/integracoes\\\/smsfactor\\\/\",\"url\":\"https:\\\/\\\/zenkit.com\\\/pt-br\\\/integracoes\\\/smsfactor\\\/\",\"name\":\"SMSFactor | Zenkit\",\"isPartOf\":{\"@id\":\"https:\\\/\\\/zenkit.com\\\/pt-br\\\/#website\"},\"primaryImageOfPage\":{\"@id\":\"https:\\\/\\\/zenkit.com\\\/pt-br\\\/integracoes\\\/smsfactor\\\/#primaryimage\"},\"image\":{\"@id\":\"https:\\\/\\\/zenkit.com\\\/pt-br\\\/integracoes\\\/smsfactor\\\/#primaryimage\"},\"thumbnailUrl\":\"https:\\\/\\\/zenkit.com\\\/wp-content\\\/uploads\\\/2025\\\/07\\\/sms-factor.webp\",\"datePublished\":\"2019-04-30T10:15:02+00:00\",\"dateModified\":\"2025-12-10T16:39:52+00:00\",\"description\":\"Zenkit's integration with SMSFactor allows you to send SMS alerts and SMS marketing automatically. Learn how this integration can grow with you.\",\"breadcrumb\":{\"@id\":\"https:\\\/\\\/zenkit.com\\\/pt-br\\\/integracoes\\\/smsfactor\\\/#breadcrumb\"},\"inLanguage\":\"pt-BR\",\"potentialAction\":[{\"@type\":\"ReadAction\",\"target\":[\"https:\\\/\\\/zenkit.com\\\/pt-br\\\/integracoes\\\/smsfactor\\\/\"]}]},{\"@type\":\"ImageObject\",\"inLanguage\":\"pt-BR\",\"@id\":\"https:\\\/\\\/zenkit.com\\\/pt-br\\\/integracoes\\\/smsfactor\\\/#primaryimage\",\"url\":\"https:\\\/\\\/zenkit.com\\\/wp-content\\\/uploads\\\/2025\\\/07\\\/sms-factor.webp\",\"contentUrl\":\"https:\\\/\\\/zenkit.com\\\/wp-content\\\/uploads\\\/2025\\\/07\\\/sms-factor.webp\"},{\"@type\":\"BreadcrumbList\",\"@id\":\"https:\\\/\\\/zenkit.com\\\/pt-br\\\/integracoes\\\/smsfactor\\\/#breadcrumb\",\"itemListElement\":[{\"@type\":\"ListItem\",\"position\":1,\"name\":\"Home\",\"item\":\"https:\\\/\\\/zenkit.com\\\/pt-br\\\/\"},{\"@type\":\"ListItem\",\"position\":2,\"name\":\"Integra\u00e7\u00f5es\",\"item\":\"https:\\\/\\\/zenkit.com\\\/pt-br\\\/integracoes\\\/\"},{\"@type\":\"ListItem\",\"position\":3,\"name\":\"SMSFactor\"}]},{\"@type\":\"WebSite\",\"@id\":\"https:\\\/\\\/zenkit.com\\\/pt-br\\\/#website\",\"url\":\"https:\\\/\\\/zenkit.com\\\/pt-br\\\/\",\"name\":\"Zenkit\",\"description\":\"Zenkit Tagline\",\"potentialAction\":[{\"@type\":\"SearchAction\",\"target\":{\"@type\":\"EntryPoint\",\"urlTemplate\":\"https:\\\/\\\/zenkit.com\\\/pt-br\\\/?s={search_term_string}\"},\"query-input\":{\"@type\":\"PropertyValueSpecification\",\"valueRequired\":true,\"valueName\":\"search_term_string\"}}],\"inLanguage\":\"pt-BR\"},false]}<\/script>\n<!-- \/ Yoast SEO plugin. -->","yoast_head_json":{"title":"SMSFactor | Zenkit","description":"Zenkit's integration with SMSFactor allows you to send SMS alerts and SMS marketing automatically. Learn how this integration can grow with you.","robots":{"index":"index","follow":"follow","max-snippet":"max-snippet:-1","max-image-preview":"max-image-preview:large","max-video-preview":"max-video-preview:-1"},"canonical":"https:\/\/zenkit.com\/pt-br\/integracoes\/smsfactor\/","og_locale":"pt_BR","og_type":"article","og_title":"SMSFactor | Zenkit","og_description":"Zenkit's integration with SMSFactor allows you to send SMS alerts and SMS marketing automatically. Learn how this integration can grow with you.","og_url":"https:\/\/zenkit.com\/pt-br\/integracoes\/smsfactor\/","og_site_name":"Zenkit","article_publisher":"https:\/\/www.facebook.com\/ZenkitHQ","article_modified_time":"2025-12-10T16:39:52+00:00","og_image":[{"width":300,"height":300,"url":"https:\/\/zenkit.com\/wp-content\/uploads\/2025\/07\/sms-factor.webp","type":"image\/webp"}],"twitter_card":"summary_large_image","twitter_site":"@ZenkitHQ","twitter_misc":{"Est. tempo de leitura":"6 minutos"},"schema":{"@context":"https:\/\/schema.org","@graph":[{"@type":"WebPage","@id":"https:\/\/zenkit.com\/pt-br\/integracoes\/smsfactor\/","url":"https:\/\/zenkit.com\/pt-br\/integracoes\/smsfactor\/","name":"SMSFactor | Zenkit","isPartOf":{"@id":"https:\/\/zenkit.com\/pt-br\/#website"},"primaryImageOfPage":{"@id":"https:\/\/zenkit.com\/pt-br\/integracoes\/smsfactor\/#primaryimage"},"image":{"@id":"https:\/\/zenkit.com\/pt-br\/integracoes\/smsfactor\/#primaryimage"},"thumbnailUrl":"https:\/\/zenkit.com\/wp-content\/uploads\/2025\/07\/sms-factor.webp","datePublished":"2019-04-30T10:15:02+00:00","dateModified":"2025-12-10T16:39:52+00:00","description":"Zenkit's integration with SMSFactor allows you to send SMS alerts and SMS marketing automatically. Learn how this integration can grow with you.","breadcrumb":{"@id":"https:\/\/zenkit.com\/pt-br\/integracoes\/smsfactor\/#breadcrumb"},"inLanguage":"pt-BR","potentialAction":[{"@type":"ReadAction","target":["https:\/\/zenkit.com\/pt-br\/integracoes\/smsfactor\/"]}]},{"@type":"ImageObject","inLanguage":"pt-BR","@id":"https:\/\/zenkit.com\/pt-br\/integracoes\/smsfactor\/#primaryimage","url":"https:\/\/zenkit.com\/wp-content\/uploads\/2025\/07\/sms-factor.webp","contentUrl":"https:\/\/zenkit.com\/wp-content\/uploads\/2025\/07\/sms-factor.webp"},{"@type":"BreadcrumbList","@id":"https:\/\/zenkit.com\/pt-br\/integracoes\/smsfactor\/#breadcrumb","itemListElement":[{"@type":"ListItem","position":1,"name":"Home","item":"https:\/\/zenkit.com\/pt-br\/"},{"@type":"ListItem","position":2,"name":"Integra\u00e7\u00f5es","item":"https:\/\/zenkit.com\/pt-br\/integracoes\/"},{"@type":"ListItem","position":3,"name":"SMSFactor"}]},{"@type":"WebSite","@id":"https:\/\/zenkit.com\/pt-br\/#website","url":"https:\/\/zenkit.com\/pt-br\/","name":"Zenkit","description":"Zenkit Tagline","potentialAction":[{"@type":"SearchAction","target":{"@type":"EntryPoint","urlTemplate":"https:\/\/zenkit.com\/pt-br\/?s={search_term_string}"},"query-input":{"@type":"PropertyValueSpecification","valueRequired":true,"valueName":"search_term_string"}}],"inLanguage":"pt-BR"},false]}},"yasr_visitor_votes":{"stars_attributes":{"read_only":false,"span_bottom":false},"number_of_votes":0,"sum_votes":0},"_links":{"self":[{"href":"https:\/\/zenkit.com\/pt-br\/wp-json\/wp\/v2\/pages\/65005","targetHints":{"allow":["GET"]}}],"collection":[{"href":"https:\/\/zenkit.com\/pt-br\/wp-json\/wp\/v2\/pages"}],"about":[{"href":"https:\/\/zenkit.com\/pt-br\/wp-json\/wp\/v2\/types\/page"}],"author":[{"embeddable":true,"href":"https:\/\/zenkit.com\/pt-br\/wp-json\/wp\/v2\/users\/15"}],"replies":[{"embeddable":true,"href":"https:\/\/zenkit.com\/pt-br\/wp-json\/wp\/v2\/comments?post=65005"}],"version-history":[{"count":3,"href":"https:\/\/zenkit.com\/pt-br\/wp-json\/wp\/v2\/pages\/65005\/revisions"}],"predecessor-version":[{"id":175076,"href":"https:\/\/zenkit.com\/pt-br\/wp-json\/wp\/v2\/pages\/65005\/revisions\/175076"}],"up":[{"embeddable":true,"href":"https:\/\/zenkit.com\/pt-br\/wp-json\/wp\/v2\/pages\/144948"}],"wp:attachment":[{"href":"https:\/\/zenkit.com\/pt-br\/wp-json\/wp\/v2\/media?parent=65005"}],"curies":[{"name":"wp","href":"https:\/\/api.w.org\/{rel}","templated":true}]}}