{"id":67598,"date":"2020-11-11T11:14:47","date_gmt":"2020-11-11T10:14:47","guid":{"rendered":"https:\/\/zenkit.com\/hypernotes\/solutions\/"},"modified":"2025-09-23T06:15:03","modified_gmt":"2025-09-23T04:15:03","slug":"solucoes","status":"publish","type":"page","link":"https:\/\/zenkit.com\/pt-br\/hypernotes\/solucoes\/","title":{"rendered":"Solu\u00e7\u00f5es"},"content":{"rendered":"\n<div class=\"wp-block-group has-global-padding is-layout-constrained wp-block-group-is-layout-constrained\">\n<div class=\"wp-block-group width--950 has-global-padding is-layout-constrained wp-block-group-is-layout-constrained\">\n<div style=\"height:45px;--tablet-height:45px;--mobile-height:16px\" class=\"wp-block-lookeen-blocks-responsive-spacer\"><\/div>\n\n\n\n<div class=\"wp-block-group has-global-padding is-layout-constrained wp-block-group-is-layout-constrained\">\n<h1 class=\"wp-block-heading has-text-align-center\" style=\"margin-bottom:8px\">Quando usar Hypernotes?<\/h1>\n<\/div>\n\n\n\n<div class=\"wp-block-group has-global-padding is-layout-constrained wp-block-group-is-layout-constrained\">\n<p class=\"has-text-align-center subheading\">Hypernotes pode ser usado em quase infinitos cen\u00e1rios&#8230;<\/p>\n<\/div>\n\n\n\n<div style=\"height:48px;--tablet-height:48px;--mobile-height:36px\" class=\"wp-block-lookeen-blocks-responsive-spacer\"><\/div>\n<\/div>\n<\/div>\n\n\n\n<div class=\"wp-block-group has-global-padding is-layout-constrained wp-block-group-is-layout-constrained\">\n<div class=\"wp-block-group application__grid has-global-padding is-layout-constrained wp-block-group-is-layout-constrained\">\n<div class=\"wp-block-group application__box has-global-padding is-layout-constrained wp-block-group-is-layout-constrained\" style=\"border-radius:20px\">\n<h3 class=\"wp-block-heading has-text-align-center card__title\" style=\"font-size:20px\">Wiki<\/h3>\n\n\n\n<p class=\"has-text-align-center has-da-grey-1-color has-text-color has-link-color wp-elements-66e155d429aa474d7e08fda7295c2a50\">Crie sua pr\u00f3pria wiki para uso p\u00fablico ou interno.<\/p>\n<\/div>\n\n\n\n<div class=\"wp-block-group application__box has-global-padding is-layout-constrained wp-block-group-is-layout-constrained\" style=\"border-radius:20px\">\n<h3 class=\"wp-block-heading has-text-align-center card__title\" style=\"font-size:20px\">Gest\u00e3o de Conhecimento<\/h3>\n\n\n\n<p class=\"has-text-align-center has-da-grey-1-color has-text-color has-link-color wp-elements-93d33f39844c80bb161adfc0a31d3929\">Crie e publique sua pr\u00f3pria base de conhecimento.<\/p>\n<\/div>\n\n\n\n<div class=\"wp-block-group application__box has-global-padding is-layout-constrained wp-block-group-is-layout-constrained\" style=\"border-radius:20px\">\n<h3 class=\"wp-block-heading has-text-align-center card__title\" style=\"font-size:20px\">Mapeamento mental<\/h3>\n\n\n\n<p class=\"has-text-align-center has-da-grey-1-color has-text-color has-link-color wp-elements-f536c60cd5f8b042a07b2c20905816ab\">Cria\u00e7\u00e3o visual e edi\u00e7\u00e3o de seus pensamentos &#8211; em um n\u00edvel completamente diferente.<\/p>\n<\/div>\n\n\n\n<div class=\"wp-block-group application__box has-global-padding is-layout-constrained wp-block-group-is-layout-constrained\" style=\"border-radius:20px\">\n<h3 class=\"wp-block-heading has-text-align-center card__title\" style=\"font-size:20px\">Intranet<\/h3>\n\n\n\n<p class=\"has-text-align-center has-da-grey-1-color has-text-color has-link-color wp-elements-33f6cb2c681b71088553dfed5b45dfd0\">Qualquer necessidade de comunica\u00e7\u00e3o entre sua organiza\u00e7\u00e3o, Hypernotes pode documentar.<\/p>\n<\/div>\n\n\n\n<div class=\"wp-block-group application__box has-global-padding is-layout-constrained wp-block-group-is-layout-constrained\" style=\"border-radius:20px\">\n<h3 class=\"wp-block-heading has-text-align-center card__title\" style=\"font-size:20px\">Documenta\u00e7\u00e3o<\/h3>\n\n\n\n<p class=\"has-text-align-center has-da-grey-1-color has-text-color has-link-color wp-elements-856aa921be41f5722530423c24050a6f\">Use Zenkit para criar documentos para seus produtos, processos internos, etc.<\/p>\n<\/div>\n\n\n\n<div class=\"wp-block-group application__box has-global-padding is-layout-constrained wp-block-group-is-layout-constrained\" style=\"border-radius:20px\">\n<h3 class=\"wp-block-heading has-text-align-center card__title\" style=\"font-size:20px\">Notas pessoais<\/h3>\n\n\n\n<p class=\"has-text-align-center has-da-grey-1-color has-text-color has-link-color wp-elements-6ad4f35ce04c9a28c009ebc2e38c3349\">Qualquer coisa que quiser arquivar de forma pessoal, Hypernotes pode armazenar perfeitamente.<\/p>\n<\/div>\n\n\n\n<div class=\"wp-block-group application__box has-global-padding is-layout-constrained wp-block-group-is-layout-constrained\" style=\"border-radius:20px\">\n<h3 class=\"wp-block-heading has-text-align-center card__title\" style=\"font-size:20px\">Base de dados gr\u00e1fica<\/h3>\n\n\n\n<p class=\"has-text-align-center has-da-grey-1-color has-text-color has-link-color wp-elements-3ef1b341a796f3077dee61db1e8e991e\">Crear r\u00e1pidamente una gr\u00e1fica de base de datos para rastrear lo que sea: informaci\u00f3n almacenada, administrar el inventario, crear una wiki y mucho m\u00e1s.<\/p>\n<\/div>\n\n\n\n<div class=\"wp-block-group application__box has-global-padding is-layout-constrained wp-block-group-is-layout-constrained\" style=\"border-radius:20px\">\n<h3 class=\"wp-block-heading has-text-align-center card__title\" style=\"font-size:20px\">Processo de Pesquisa<\/h3>\n\n\n\n<p class=\"has-text-align-center has-da-grey-1-color has-text-color has-link-color wp-elements-25031162c7d6ca9aa38c4bd829f7eb7d\">Crie as funda\u00e7\u00f5es para seu trabalho de pesquisa, colabore com outros<\/p>\n<\/div>\n\n\n\n<div class=\"wp-block-group application__box has-global-padding is-layout-constrained wp-block-group-is-layout-constrained\" style=\"border-radius:20px\">\n<h3 class=\"wp-block-heading has-text-align-center card__title\" style=\"font-size:20px\">Zettelkasten Digital<\/h3>\n\n\n\n<p class=\"has-text-align-center has-da-grey-1-color has-text-color has-link-color wp-elements-59059b26004169c85cc825b00d389ba6\">O pesquisador alem\u00e3o Niklas Luhman inventou sua pr\u00f3pria \u201cinternet\u201d chamada Zettelkasten. Hypernotes pode ser usada como uma forma digital da Zettelkasten.<\/p>\n<\/div>\n\n\n\n<div class=\"wp-block-group application__box has-global-padding is-layout-constrained wp-block-group-is-layout-constrained\" style=\"border-radius:20px\">\n<h3 class=\"wp-block-heading has-text-align-center card__title\" style=\"font-size:20px\">Primeiros Princ\u00edpios<\/h3>\n\n\n\n<p class=\"has-text-align-center has-da-grey-1-color has-text-color has-link-color wp-elements-0b1da40e702c9433b231eac82912397e\">Elon Musk \u00e9 um famoso f\u00e3 do m\u00e9todo dos &#8220;primeiros princ\u00edpios&#8221;. Com Hypernotes voc\u00ea pode estruturar seus pensamentos de forma hier\u00e1rquica e conectada. Perfeito para representar seu m\u00e9todo dos &#8220;primeiros princ\u00edpios&#8221;.<\/p>\n<\/div>\n\n\n\n<div class=\"wp-block-group application__box has-global-padding is-layout-constrained wp-block-group-is-layout-constrained\" style=\"border-radius:20px\">\n<h3 class=\"wp-block-heading has-text-align-center card__title\" style=\"font-size:20px\">Di\u00e1rio<\/h3>\n\n\n\n<p class=\"has-text-align-center has-da-grey-1-color has-text-color has-link-color wp-elements-63cb740ac11dc2b43f14d5ec6e92ccac\">Estruture sua escrita di\u00e1ria com o recurso integrado de di\u00e1rio do Hypernotes<\/p>\n<\/div>\n\n\n\n<div class=\"wp-block-group application__box has-global-padding is-layout-constrained wp-block-group-is-layout-constrained\" style=\"border-radius:20px\">\n<h3 class=\"wp-block-heading has-text-align-center card__title\" style=\"font-size:20px\">Livros<\/h3>\n\n\n\n<p class=\"has-text-align-center has-da-grey-1-color has-text-color has-link-color wp-elements-c683b4e6a74d11b7b90abdf54c858436\">Estruture, escreva, colabore em seus projetos de livros.<\/p>\n<\/div>\n\n\n\n<div class=\"wp-block-group application__box has-global-padding is-layout-constrained wp-block-group-is-layout-constrained\" style=\"border-radius:20px\">\n<h3 class=\"wp-block-heading has-text-align-center card__title\" style=\"font-size:20px\">Segundo C\u00e9rebro<\/h3>\n\n\n\n<p class=\"has-text-align-center has-da-grey-1-color has-text-color has-link-color wp-elements-f1224d2767a42f74013dfd892bb2b2f7\">Se voc\u00ea gosta da id\u00e9ia de que suas anota\u00e7\u00f5es devem seguir os mesmos princ\u00edpios que seu c\u00e9rebro, Hypernotes \u00e9 para voc\u00ea: N\u00e3o-linear, hier\u00e1rquico, bidirecional &#8211; e m\u00f3vel (porque voc\u00ea pode usar seu c\u00e9rebro em qualquer lugar, certo?).<\/p>\n<\/div>\n<\/div>\n<\/div>\n\n\n\n<div class=\"wp-block-group has-global-padding is-layout-constrained wp-block-group-is-layout-constrained\">\n<div class=\"wp-block-group width--950 has-global-padding is-layout-constrained wp-block-group-is-layout-constrained\">\n<div style=\"height:88px;--tablet-height:72px;--mobile-height:36px\" class=\"wp-block-lookeen-blocks-responsive-spacer\"><\/div>\n\n\n\n<div class=\"wp-block-group has-global-padding is-layout-constrained wp-block-group-is-layout-constrained\">\n<h2 class=\"wp-block-heading has-text-align-center display-h1\" style=\"margin-bottom:8px\">Quem pode se beneficiar da Zenkit?<\/h2>\n<\/div>\n\n\n\n<div class=\"wp-block-group has-global-padding is-layout-constrained wp-block-group-is-layout-constrained\">\n<p class=\"has-text-align-center subheading\">Claro: Qualquer um \ud83d\ude42 Mas vamos olhar mais de perto&#8230;<\/p>\n<\/div>\n\n\n\n<div style=\"height:48px;--tablet-height:36px;--mobile-height:24px\" class=\"wp-block-lookeen-blocks-responsive-spacer\"><\/div>\n<\/div>\n\n\n\n<div class=\"wp-block-group application__grid has-global-padding is-layout-constrained wp-block-group-is-layout-constrained\">\n<div class=\"wp-block-group application__box has-global-padding is-layout-constrained wp-block-group-is-layout-constrained\" style=\"border-radius:20px\">\n<h3 class=\"wp-block-heading has-text-align-center card__title\" style=\"font-size:20px\">Times de Pesquisa<\/h3>\n\n\n\n<p class=\"has-text-align-center has-da-grey-1-color has-text-color has-link-color wp-elements-4ee7f8ba20c324de23dc7d9f3d6b86f2\">Hypernotes tem recursos colaborativos \u00fanicos que o fazem perfeito para times de pesquisa.<\/p>\n<\/div>\n\n\n\n<div class=\"wp-block-group application__box has-global-padding is-layout-constrained wp-block-group-is-layout-constrained\" style=\"border-radius:20px\">\n<h3 class=\"wp-block-heading has-text-align-center card__title\" style=\"font-size:20px\">Pesquisadores<\/h3>\n\n\n\n<p class=\"has-text-align-center has-da-grey-1-color has-text-color has-link-color wp-elements-5a87013cdc6ddf7c8635a7ad80d6e3f8\">Se voc\u00ea trabalha sozinho em um projeto de pesquisa, Hypernotes pode ser seu segundo c\u00e9rebro para conversar.<\/p>\n<\/div>\n\n\n\n<div class=\"wp-block-group application__box has-global-padding is-layout-constrained wp-block-group-is-layout-constrained\" style=\"border-radius:20px\">\n<h3 class=\"wp-block-heading has-text-align-center card__title\" style=\"font-size:20px\">Estudantes e Universit\u00e1rios<\/h3>\n\n\n\n<p class=\"has-text-align-center has-da-grey-1-color has-text-color has-link-color wp-elements-33199921d7992465bf05e0ffdc228498\">Organize seu departamento, plano de aulas, gerencie projetos em grupo, estude para provas, ou escreva sua tese online.<\/p>\n<\/div>\n\n\n\n<div class=\"wp-block-group application__box has-global-padding is-layout-constrained wp-block-group-is-layout-constrained\" style=\"border-radius:20px\">\n<h3 class=\"wp-block-heading has-text-align-center card__title\" style=\"font-size:20px\">Gestores de Produtos<\/h3>\n\n\n\n<p class=\"has-text-align-center has-da-grey-1-color has-text-color has-link-color wp-elements-94e0ddfa0e4c54c13228aad156046c88\">Documente toda informa\u00e7\u00e3o necess\u00e1ria sobre seu produto.<\/p>\n<\/div>\n\n\n\n<div class=\"wp-block-group application__box has-global-padding is-layout-constrained wp-block-group-is-layout-constrained\" style=\"border-radius:20px\">\n<h3 class=\"wp-block-heading has-text-align-center card__title\" style=\"font-size:20px\">Empreendedores &amp; Startups<\/h3>\n\n\n\n<p class=\"has-text-align-center has-da-grey-1-color has-text-color has-link-color wp-elements-911e52a0a7834bd34eb9c6f45add20b8\">Promova inova\u00e7\u00e3o e colabora\u00e7\u00e3o. Expanda seus neg\u00f3cios e seu time com Zenkit.<\/p>\n<\/div>\n\n\n\n<div class=\"wp-block-group application__box has-global-padding is-layout-constrained wp-block-group-is-layout-constrained\" style=\"border-radius:20px\">\n<h3 class=\"wp-block-heading has-text-align-center card__title\" style=\"font-size:20px\">Professores e Escolas<\/h3>\n\n\n\n<p class=\"has-text-align-center has-da-grey-1-color has-text-color has-link-color wp-elements-bfd51dd12d971738a37b1353c521986d\">Desde a administra\u00e7\u00e3o universit\u00e1ria ao planejamento de aulas e planos de estudos escolares, atinja qualquer coisa com Hypernotes.<\/p>\n<\/div>\n\n\n\n<div class=\"wp-block-group application__box has-global-padding is-layout-constrained wp-block-group-is-layout-constrained\" style=\"border-radius:20px\">\n<h3 class=\"wp-block-heading has-text-align-center card__title\" style=\"font-size:20px\">Times de Desenvolvimento \u00c1gil<\/h3>\n\n\n\n<p class=\"has-text-align-center has-da-grey-1-color has-text-color has-link-color wp-elements-c90bd45ed942f320eccf276b26ce71bc\">Perfeito para documenta\u00e7\u00e3o \u00e9pica, marcos, recursos e bugs.<\/p>\n<\/div>\n<\/div>\n<\/div>\n\n\n\n<div style=\"height:110px;--tablet-height:60px;--mobile-height:48px\" class=\"wp-block-lookeen-blocks-responsive-spacer\"><\/div>\n","protected":false},"excerpt":{"rendered":"<p>Quando usar Hypernotes? Hypernotes pode ser usado em quase infinitos cen\u00e1rios&#8230; Wiki Crie sua pr\u00f3pria wiki para uso p\u00fablico ou interno. Gest\u00e3o de Conhecimento Crie e publique sua pr\u00f3pria base de conhecimento. Mapeamento mental Cria\u00e7\u00e3o visual e edi\u00e7\u00e3o de seus pensamentos &#8211; em um n\u00edvel completamente diferente. Intranet Qualquer necessidade de comunica\u00e7\u00e3o entre sua organiza\u00e7\u00e3o, [&hellip;]<\/p>\n","protected":false},"author":30,"featured_media":0,"parent":67596,"menu_order":1,"comment_status":"closed","ping_status":"closed","template":"wp-custom-template-pt-page-hypernotes","meta":{"yasr_overall_rating":0,"yasr_post_is_review":"","yasr_auto_insert_disabled":"","yasr_review_type":"","footnotes":""},"class_list":["post-67598","page","type-page","status-publish","hentry"],"yoast_head":"<!-- This site is optimized with the Yoast SEO plugin v27.4 - https:\/\/yoast.com\/product\/yoast-seo-wordpress\/ -->\n<title>Solu\u00e7\u00f5es | Zenkit<\/title>\n<meta name=\"robots\" content=\"index, follow, max-snippet:-1, max-image-preview:large, max-video-preview:-1\" \/>\n<link rel=\"canonical\" href=\"https:\/\/zenkit.com\/pt-br\/hypernotes\/solucoes\/\" \/>\n<meta property=\"og:locale\" content=\"pt_BR\" \/>\n<meta property=\"og:type\" content=\"article\" \/>\n<meta property=\"og:title\" content=\"Solu\u00e7\u00f5es | Zenkit\" \/>\n<meta property=\"og:description\" content=\"Quando usar Hypernotes? Hypernotes pode ser usado em quase infinitos cen\u00e1rios&#8230; Wiki Crie sua pr\u00f3pria wiki para uso p\u00fablico ou interno. Gest\u00e3o de Conhecimento Crie e publique sua pr\u00f3pria base de conhecimento. Mapeamento mental Cria\u00e7\u00e3o visual e edi\u00e7\u00e3o de seus pensamentos &#8211; em um n\u00edvel completamente diferente. Intranet Qualquer necessidade de comunica\u00e7\u00e3o entre sua organiza\u00e7\u00e3o, [&hellip;]\" \/>\n<meta property=\"og:url\" content=\"https:\/\/zenkit.com\/pt-br\/hypernotes\/solucoes\/\" \/>\n<meta property=\"og:site_name\" content=\"Zenkit\" \/>\n<meta property=\"article:publisher\" content=\"https:\/\/www.facebook.com\/ZenkitHQ\" \/>\n<meta property=\"article:modified_time\" content=\"2025-09-23T04:15:03+00:00\" \/>\n<meta name=\"twitter:card\" content=\"summary_large_image\" \/>\n<meta name=\"twitter:site\" content=\"@ZenkitHQ\" \/>\n<meta name=\"twitter:label1\" content=\"Est. tempo de leitura\" \/>\n\t<meta name=\"twitter:data1\" content=\"2 minutos\" \/>\n<script type=\"application\/ld+json\" class=\"yoast-schema-graph\">{\"@context\":\"https:\\\/\\\/schema.org\",\"@graph\":[{\"@type\":\"WebPage\",\"@id\":\"https:\\\/\\\/zenkit.com\\\/pt-br\\\/hypernotes\\\/solucoes\\\/\",\"url\":\"https:\\\/\\\/zenkit.com\\\/pt-br\\\/hypernotes\\\/solucoes\\\/\",\"name\":\"Solu\u00e7\u00f5es | Zenkit\",\"isPartOf\":{\"@id\":\"https:\\\/\\\/zenkit.com\\\/pt-br\\\/#website\"},\"datePublished\":\"2020-11-11T10:14:47+00:00\",\"dateModified\":\"2025-09-23T04:15:03+00:00\",\"breadcrumb\":{\"@id\":\"https:\\\/\\\/zenkit.com\\\/pt-br\\\/hypernotes\\\/solucoes\\\/#breadcrumb\"},\"inLanguage\":\"pt-BR\",\"potentialAction\":[{\"@type\":\"ReadAction\",\"target\":[\"https:\\\/\\\/zenkit.com\\\/pt-br\\\/hypernotes\\\/solucoes\\\/\"]}]},{\"@type\":\"BreadcrumbList\",\"@id\":\"https:\\\/\\\/zenkit.com\\\/pt-br\\\/hypernotes\\\/solucoes\\\/#breadcrumb\",\"itemListElement\":[{\"@type\":\"ListItem\",\"position\":1,\"name\":\"Home\",\"item\":\"https:\\\/\\\/zenkit.com\\\/pt-br\\\/\"},{\"@type\":\"ListItem\",\"position\":2,\"name\":\"Zenkit Hypernotes\",\"item\":\"https:\\\/\\\/zenkit.com\\\/pt-br\\\/hypernotes\\\/\"},{\"@type\":\"ListItem\",\"position\":3,\"name\":\"Solu\u00e7\u00f5es\"}]},{\"@type\":\"WebSite\",\"@id\":\"https:\\\/\\\/zenkit.com\\\/pt-br\\\/#website\",\"url\":\"https:\\\/\\\/zenkit.com\\\/pt-br\\\/\",\"name\":\"Zenkit\",\"description\":\"Zenkit Tagline\",\"potentialAction\":[{\"@type\":\"SearchAction\",\"target\":{\"@type\":\"EntryPoint\",\"urlTemplate\":\"https:\\\/\\\/zenkit.com\\\/pt-br\\\/?s={search_term_string}\"},\"query-input\":{\"@type\":\"PropertyValueSpecification\",\"valueRequired\":true,\"valueName\":\"search_term_string\"}}],\"inLanguage\":\"pt-BR\"},false]}<\/script>\n<!-- \/ Yoast SEO plugin. -->","yoast_head_json":{"title":"Solu\u00e7\u00f5es | Zenkit","robots":{"index":"index","follow":"follow","max-snippet":"max-snippet:-1","max-image-preview":"max-image-preview:large","max-video-preview":"max-video-preview:-1"},"canonical":"https:\/\/zenkit.com\/pt-br\/hypernotes\/solucoes\/","og_locale":"pt_BR","og_type":"article","og_title":"Solu\u00e7\u00f5es | Zenkit","og_description":"Quando usar Hypernotes? Hypernotes pode ser usado em quase infinitos cen\u00e1rios&#8230; Wiki Crie sua pr\u00f3pria wiki para uso p\u00fablico ou interno. Gest\u00e3o de Conhecimento Crie e publique sua pr\u00f3pria base de conhecimento. Mapeamento mental Cria\u00e7\u00e3o visual e edi\u00e7\u00e3o de seus pensamentos &#8211; em um n\u00edvel completamente diferente. Intranet Qualquer necessidade de comunica\u00e7\u00e3o entre sua organiza\u00e7\u00e3o, [&hellip;]","og_url":"https:\/\/zenkit.com\/pt-br\/hypernotes\/solucoes\/","og_site_name":"Zenkit","article_publisher":"https:\/\/www.facebook.com\/ZenkitHQ","article_modified_time":"2025-09-23T04:15:03+00:00","twitter_card":"summary_large_image","twitter_site":"@ZenkitHQ","twitter_misc":{"Est. tempo de leitura":"2 minutos"},"schema":{"@context":"https:\/\/schema.org","@graph":[{"@type":"WebPage","@id":"https:\/\/zenkit.com\/pt-br\/hypernotes\/solucoes\/","url":"https:\/\/zenkit.com\/pt-br\/hypernotes\/solucoes\/","name":"Solu\u00e7\u00f5es | Zenkit","isPartOf":{"@id":"https:\/\/zenkit.com\/pt-br\/#website"},"datePublished":"2020-11-11T10:14:47+00:00","dateModified":"2025-09-23T04:15:03+00:00","breadcrumb":{"@id":"https:\/\/zenkit.com\/pt-br\/hypernotes\/solucoes\/#breadcrumb"},"inLanguage":"pt-BR","potentialAction":[{"@type":"ReadAction","target":["https:\/\/zenkit.com\/pt-br\/hypernotes\/solucoes\/"]}]},{"@type":"BreadcrumbList","@id":"https:\/\/zenkit.com\/pt-br\/hypernotes\/solucoes\/#breadcrumb","itemListElement":[{"@type":"ListItem","position":1,"name":"Home","item":"https:\/\/zenkit.com\/pt-br\/"},{"@type":"ListItem","position":2,"name":"Zenkit Hypernotes","item":"https:\/\/zenkit.com\/pt-br\/hypernotes\/"},{"@type":"ListItem","position":3,"name":"Solu\u00e7\u00f5es"}]},{"@type":"WebSite","@id":"https:\/\/zenkit.com\/pt-br\/#website","url":"https:\/\/zenkit.com\/pt-br\/","name":"Zenkit","description":"Zenkit Tagline","potentialAction":[{"@type":"SearchAction","target":{"@type":"EntryPoint","urlTemplate":"https:\/\/zenkit.com\/pt-br\/?s={search_term_string}"},"query-input":{"@type":"PropertyValueSpecification","valueRequired":true,"valueName":"search_term_string"}}],"inLanguage":"pt-BR"},false]}},"yasr_visitor_votes":{"stars_attributes":{"read_only":false,"span_bottom":false},"number_of_votes":0,"sum_votes":0},"_links":{"self":[{"href":"https:\/\/zenkit.com\/pt-br\/wp-json\/wp\/v2\/pages\/67598","targetHints":{"allow":["GET"]}}],"collection":[{"href":"https:\/\/zenkit.com\/pt-br\/wp-json\/wp\/v2\/pages"}],"about":[{"href":"https:\/\/zenkit.com\/pt-br\/wp-json\/wp\/v2\/types\/page"}],"author":[{"embeddable":true,"href":"https:\/\/zenkit.com\/pt-br\/wp-json\/wp\/v2\/users\/30"}],"replies":[{"embeddable":true,"href":"https:\/\/zenkit.com\/pt-br\/wp-json\/wp\/v2\/comments?post=67598"}],"version-history":[{"count":1,"href":"https:\/\/zenkit.com\/pt-br\/wp-json\/wp\/v2\/pages\/67598\/revisions"}],"predecessor-version":[{"id":139653,"href":"https:\/\/zenkit.com\/pt-br\/wp-json\/wp\/v2\/pages\/67598\/revisions\/139653"}],"up":[{"embeddable":true,"href":"https:\/\/zenkit.com\/pt-br\/wp-json\/wp\/v2\/pages\/67596"}],"wp:attachment":[{"href":"https:\/\/zenkit.com\/pt-br\/wp-json\/wp\/v2\/media?parent=67598"}],"curies":[{"name":"wp","href":"https:\/\/api.w.org\/{rel}","templated":true}]}}