{"id":68407,"date":"2021-03-25T14:49:01","date_gmt":"2021-03-25T13:49:01","guid":{"rendered":"https:\/\/zenkit.com\/zoho-alternative\/"},"modified":"2025-11-04T06:53:13","modified_gmt":"2025-11-04T05:53:13","slug":"zoho-alternative","status":"publish","type":"page","link":"https:\/\/zenkit.com\/pt-br\/alternatives\/zoho-alternative\/","title":{"rendered":"Zoho Alternative"},"content":{"rendered":"\n<div class=\"wp-block-group has-global-padding is-layout-constrained wp-block-group-is-layout-constrained\">\n<div class=\"wp-block-group has-global-padding is-layout-constrained wp-container-core-group-is-layout-5bc7cfa1 wp-block-group-is-layout-constrained\">\n<div style=\"height:45px;--tablet-height:45px;--mobile-height:16px\" class=\"wp-block-lookeen-blocks-responsive-spacer\"><\/div>\n\n\n\n<h1 class=\"wp-block-heading has-text-align-center has-da-blue-color-new has-text-color has-link-color wp-elements-25cb317ccbc3d002a7ecdab865c59b50\" style=\"margin-bottom:8px;font-size:24px;line-height:1.5\">Zenkit como uma alternativa para Zoho<\/h1>\n\n\n\n<h2 class=\"wp-block-heading has-text-align-center display-h1\">Zoho \u00e9 um pacote de softwares de escrit\u00f3rio online com base web que cont\u00e9m aplicativos como processamento de texto, planilhas eletr\u00f4nicas e gerenciamento de projetos.<\/h2>\n\n\n\n<div style=\"height:48px;--tablet-height:36px;--mobile-height:24px\" class=\"wp-block-lookeen-blocks-responsive-spacer\"><\/div>\n\n\n\n<p class=\"has-text-align-center\">Sua fun\u00e7\u00e3o principal, como uma ferramenta de CRM, permite aos usu\u00e1rios gerenciar a intera\u00e7\u00e3o entre neg\u00f3cios e clientes. Mas e se voc\u00ea precisar de mais simplicidade na forma com que sua equipe registra e gerencia as intera\u00e7\u00f5es com clientes?<\/p>\n\n\n\n<p class=\"has-text-align-center\">Com Zenkit, n\u00f3s desenvolvemos uma solu\u00e7\u00e3o de gerenciamento de projetos online que suporta equipes na medida que seus projetos crescem e evoluem. Acreditamos no poder de ter uma estrutura forte que permite o foco na realiza\u00e7\u00e3o de tarefas. Por isso oferecemos suporte ilimitado em seu fluxo de trabalho, dando a voc\u00ea uma estrutura personaliz\u00e1vel para se adequar \u00e0 voc\u00ea. Se voc\u00ea est\u00e1 procurando uma alternativa mais completa para o&nbsp;Zoho, experimente Zenkit!<\/p>\n<\/div>\n<\/div>\n\n\n\n<div class=\"wp-block-group badges__section has-global-padding is-layout-constrained wp-block-group-is-layout-constrained\">\n<div style=\"height:88px;--tablet-height:60px;--mobile-height:45px\" class=\"wp-block-lookeen-blocks-responsive-spacer\"><\/div>\n\n\n\n<div class=\"wp-block-group has-global-padding is-layout-constrained wp-block-group-is-layout-constrained\">\n<div class=\"wp-block-zenkit-blocks-flexible-table comparison--table first__cell__inrow_header table-cell-mw-318px-desktop h-scroll-mobile\"><table><tbody>\n<tr class=\"wp-block-zenkit-blocks-flexible-table-row table-row\">\n<td class=\"wp-block-zenkit-blocks-flexible-table-cell table-cell\">\n<p class=\"has-text-align-left has-da-blue-color-new has-text-color has-link-color wp-elements-d99a8425b177b90f53d35310faa0949f\" style=\"font-size:22px;font-style:normal;font-weight:700;line-height:1.36\">&nbsp;<\/p>\n<\/td>\n\n\n\n<td class=\"wp-block-zenkit-blocks-flexible-table-cell table-cell\">\n<p class=\"has-text-align-center has-da-blue-color-new has-text-color has-link-color wp-elements-61fd688f7564bb8c2e22dce0b82954cd\" style=\"font-size:22px;font-style:normal;font-weight:700;line-height:1.36\">Zoho<\/p>\n<\/td>\n\n\n\n<td class=\"wp-block-zenkit-blocks-flexible-table-cell table-cell\">\n<p class=\"has-text-align-center has-da-blue-color-new has-text-color has-link-color wp-elements-c4dec6f1c541f6ff4b0ca514c7fd62db\" style=\"font-size:22px;font-style:normal;font-weight:700;line-height:1.36\">Zenkit<\/p>\n<\/td>\n<\/tr>\n\n\n\n<tr class=\"wp-block-zenkit-blocks-flexible-table-row table-row\">\n<td class=\"wp-block-zenkit-blocks-flexible-table-cell table-cell\">\n<p>\u2705 Gerenciamento de tarefas e projetos<\/p>\n<\/td>\n\n\n\n<td class=\"wp-block-zenkit-blocks-flexible-table-cell table-cell\">\n<figure class=\"wp-block-image size-full is-resized\"><img decoding=\"async\" src=\"https:\/\/zenkit.com\/wp-content\/uploads\/2025\/06\/check.svg\" alt=\"\" class=\"wp-image-115965\" style=\"width:18px\"\/><\/figure>\n<\/td>\n\n\n\n<td class=\"wp-block-zenkit-blocks-flexible-table-cell table-cell\">\n<figure class=\"wp-block-image size-full is-resized\"><img decoding=\"async\" src=\"https:\/\/zenkit.com\/wp-content\/uploads\/2025\/06\/check.svg\" alt=\"\" class=\"wp-image-115965\" style=\"width:18px\"\/><\/figure>\n<\/td>\n<\/tr>\n\n\n\n<tr class=\"wp-block-zenkit-blocks-flexible-table-row table-row\">\n<td class=\"wp-block-zenkit-blocks-flexible-table-cell table-cell\">\n<p>\ud83d\udccb Kanban, exibi\u00e7\u00e3o de lista, Gantt<\/p>\n<\/td>\n\n\n\n<td class=\"wp-block-zenkit-blocks-flexible-table-cell table-cell\">\n<figure class=\"wp-block-image size-full is-resized\"><img decoding=\"async\" src=\"https:\/\/zenkit.com\/wp-content\/uploads\/2025\/06\/check.svg\" alt=\"\" class=\"wp-image-115965\" style=\"width:18px\"\/><\/figure>\n<\/td>\n\n\n\n<td class=\"wp-block-zenkit-blocks-flexible-table-cell table-cell\">\n<figure class=\"wp-block-image size-full is-resized\"><img decoding=\"async\" src=\"https:\/\/zenkit.com\/wp-content\/uploads\/2025\/06\/check.svg\" alt=\"\" class=\"wp-image-115965\" style=\"width:18px\"\/><\/figure>\n<\/td>\n<\/tr>\n\n\n\n<tr class=\"wp-block-zenkit-blocks-flexible-table-row table-row\">\n<td class=\"wp-block-zenkit-blocks-flexible-table-cell table-cell\">\n<p>\ud83e\udd16 Integra\u00e7\u00e3o com o Zapier para automa\u00e7\u00e3o<\/p>\n<\/td>\n\n\n\n<td class=\"wp-block-zenkit-blocks-flexible-table-cell table-cell\">\n<figure class=\"wp-block-image size-full is-resized\"><img decoding=\"async\" src=\"https:\/\/zenkit.com\/wp-content\/uploads\/2025\/06\/check.svg\" alt=\"\" class=\"wp-image-115965\" style=\"width:18px\"\/><\/figure>\n<\/td>\n\n\n\n<td class=\"wp-block-zenkit-blocks-flexible-table-cell table-cell\">\n<figure class=\"wp-block-image size-full is-resized\"><img decoding=\"async\" src=\"https:\/\/zenkit.com\/wp-content\/uploads\/2025\/06\/check.svg\" alt=\"\" class=\"wp-image-115965\" style=\"width:18px\"\/><\/figure>\n<\/td>\n<\/tr>\n\n\n\n<tr class=\"wp-block-zenkit-blocks-flexible-table-row table-row\">\n<td class=\"wp-block-zenkit-blocks-flexible-table-cell table-cell\">\n<p>\ud83d\udcd6 Wikis e documenta\u00e7\u00e3o<\/p>\n<\/td>\n\n\n\n<td class=\"wp-block-zenkit-blocks-flexible-table-cell table-cell\">\n<figure class=\"wp-block-image size-full is-resized\"><img decoding=\"async\" src=\"https:\/\/zenkit.com\/wp-content\/uploads\/2025\/06\/check.svg\" alt=\"\" class=\"wp-image-115965\" style=\"width:18px\"\/><\/figure>\n<\/td>\n\n\n\n<td class=\"wp-block-zenkit-blocks-flexible-table-cell table-cell\">\n<figure class=\"wp-block-image size-full is-resized\"><img decoding=\"async\" src=\"https:\/\/zenkit.com\/wp-content\/uploads\/2025\/06\/check.svg\" alt=\"\" class=\"wp-image-115965\" style=\"width:18px\"\/><\/figure>\n<\/td>\n<\/tr>\n\n\n\n<tr class=\"wp-block-zenkit-blocks-flexible-table-row table-row\">\n<td class=\"wp-block-zenkit-blocks-flexible-table-cell table-cell\">\n<p>\ud83d\udcac Chats em grupo e mensagens diretas<\/p>\n<\/td>\n\n\n\n<td class=\"wp-block-zenkit-blocks-flexible-table-cell table-cell\">\n<figure class=\"wp-block-image size-full is-resized\"><img decoding=\"async\" src=\"https:\/\/zenkit.com\/wp-content\/uploads\/2025\/06\/check.svg\" alt=\"\" class=\"wp-image-115965\" style=\"width:18px\"\/><\/figure>\n<\/td>\n\n\n\n<td class=\"wp-block-zenkit-blocks-flexible-table-cell table-cell\">\n<figure class=\"wp-block-image size-full is-resized\"><img decoding=\"async\" src=\"https:\/\/zenkit.com\/wp-content\/uploads\/2025\/06\/check.svg\" alt=\"\" class=\"wp-image-115965\" style=\"width:18px\"\/><\/figure>\n<\/td>\n<\/tr>\n\n\n\n<tr class=\"wp-block-zenkit-blocks-flexible-table-row table-row\">\n<td class=\"wp-block-zenkit-blocks-flexible-table-cell table-cell\">\n<p>\ud83c\udf0d Dispon\u00edvel em mais de 10 idiomas<\/p>\n<\/td>\n\n\n\n<td class=\"wp-block-zenkit-blocks-flexible-table-cell table-cell\">\n<figure class=\"wp-block-image size-full is-resized\"><img decoding=\"async\" src=\"https:\/\/zenkit.com\/wp-content\/uploads\/2025\/06\/check.svg\" alt=\"\" class=\"wp-image-115965\" style=\"width:18px\"\/><\/figure>\n<\/td>\n\n\n\n<td class=\"wp-block-zenkit-blocks-flexible-table-cell table-cell\">\n<figure class=\"wp-block-image size-full is-resized\"><img decoding=\"async\" src=\"https:\/\/zenkit.com\/wp-content\/uploads\/2025\/06\/check.svg\" alt=\"\" class=\"wp-image-115965\" style=\"width:18px\"\/><\/figure>\n<\/td>\n<\/tr>\n\n\n\n<tr class=\"wp-block-zenkit-blocks-flexible-table-row table-row\">\n<td class=\"wp-block-zenkit-blocks-flexible-table-cell table-cell\">\n<p>\ud83d\udcde  Consulta inicial gratuita em alem\u00e3o<\/p>\n<\/td>\n\n\n\n<td class=\"wp-block-zenkit-blocks-flexible-table-cell table-cell\">\n<figure class=\"wp-block-image size-full is-resized\"><img decoding=\"async\" src=\"https:\/\/zenkit.com\/wp-content\/uploads\/2025\/06\/cross.svg\" alt=\"\" class=\"wp-image-115982\" style=\"width:18px\"\/><\/figure>\n<\/td>\n\n\n\n<td class=\"wp-block-zenkit-blocks-flexible-table-cell table-cell\">\n<figure class=\"wp-block-image size-full is-resized\"><img decoding=\"async\" src=\"https:\/\/zenkit.com\/wp-content\/uploads\/2025\/06\/check.svg\" alt=\"\" class=\"wp-image-115965\" style=\"width:18px\"\/><\/figure>\n<\/td>\n<\/tr>\n\n\n\n<tr class=\"wp-block-zenkit-blocks-flexible-table-row table-row\">\n<td class=\"wp-block-zenkit-blocks-flexible-table-cell table-cell\">\n<p>\ud83c\udde9\ud83c\uddea Apenas localiza\u00e7\u00e3o do servidor na Alemanha<\/p>\n<\/td>\n\n\n\n<td class=\"wp-block-zenkit-blocks-flexible-table-cell table-cell\">\n<figure class=\"wp-block-image size-full is-resized\"><img decoding=\"async\" src=\"https:\/\/zenkit.com\/wp-content\/uploads\/2025\/06\/cross.svg\" alt=\"\" class=\"wp-image-115982\" style=\"width:18px\"\/><\/figure>\n<\/td>\n\n\n\n<td class=\"wp-block-zenkit-blocks-flexible-table-cell table-cell\">\n<figure class=\"wp-block-image size-full is-resized\"><img decoding=\"async\" src=\"https:\/\/zenkit.com\/wp-content\/uploads\/2025\/06\/check.svg\" alt=\"\" class=\"wp-image-115965\" style=\"width:18px\"\/><\/figure>\n<\/td>\n<\/tr>\n\n\n\n<tr class=\"wp-block-zenkit-blocks-flexible-table-row table-row\">\n<td class=\"wp-block-zenkit-blocks-flexible-table-cell table-cell\">\n<p>\ud83d\udd12 Foco na prote\u00e7\u00e3o de dados alem\u00e3<\/p>\n<\/td>\n\n\n\n<td class=\"wp-block-zenkit-blocks-flexible-table-cell table-cell\">\n<figure class=\"wp-block-image size-full is-resized\"><img decoding=\"async\" src=\"https:\/\/zenkit.com\/wp-content\/uploads\/2025\/06\/cross.svg\" alt=\"\" class=\"wp-image-115982\" style=\"width:18px\"\/><\/figure>\n<\/td>\n\n\n\n<td class=\"wp-block-zenkit-blocks-flexible-table-cell table-cell\">\n<figure class=\"wp-block-image size-full is-resized\"><img decoding=\"async\" src=\"https:\/\/zenkit.com\/wp-content\/uploads\/2025\/06\/check.svg\" alt=\"\" class=\"wp-image-115965\" style=\"width:18px\"\/><\/figure>\n<\/td>\n<\/tr>\n\n\n\n<tr class=\"wp-block-zenkit-blocks-flexible-table-row table-row\">\n<td class=\"wp-block-zenkit-blocks-flexible-table-cell table-cell\">\n<p>\ud83d\udedf Atendimento ao cliente EN\/DE por e-mail e chat<\/p>\n<\/td>\n\n\n\n<td class=\"wp-block-zenkit-blocks-flexible-table-cell table-cell\">\n<figure class=\"wp-block-image size-full is-resized\"><img decoding=\"async\" src=\"https:\/\/zenkit.com\/wp-content\/uploads\/2025\/06\/cross.svg\" alt=\"\" class=\"wp-image-115982\" style=\"width:18px\"\/><\/figure>\n<\/td>\n\n\n\n<td class=\"wp-block-zenkit-blocks-flexible-table-cell table-cell\">\n<figure class=\"wp-block-image size-full is-resized\"><img decoding=\"async\" src=\"https:\/\/zenkit.com\/wp-content\/uploads\/2025\/06\/check.svg\" alt=\"\" class=\"wp-image-115965\" style=\"width:18px\"\/><\/figure>\n<\/td>\n<\/tr>\n<\/tbody><\/table><\/div>\n<\/div>\n\n\n\n<div style=\"height:88px;--tablet-height:60px;--mobile-height:45px\" class=\"wp-block-lookeen-blocks-responsive-spacer\"><\/div>\n<\/div>\n\n\n\n<div class=\"wp-block-group badges__section has-global-padding is-layout-constrained wp-block-group-is-layout-constrained\">\n<div class=\"wp-block-zenkit-blocks-flexible-table comparison--table table-cell-mw-318px-desktop h-scroll-mobile\"><table><tbody>\n<tr class=\"wp-block-zenkit-blocks-flexible-table-row table-row\">\n<td class=\"wp-block-zenkit-blocks-flexible-table-cell table-cell\">\n<p class=\"has-text-align-center has-da-blue-color-new has-text-color has-link-color wp-elements-a837f875ae853982f4be1069400d8e91\" style=\"font-size:22px;font-style:normal;font-weight:700;line-height:1.36\">Pros Zoho<\/p>\n<\/td>\n\n\n\n<td class=\"wp-block-zenkit-blocks-flexible-table-cell table-cell\">\n<p class=\"has-text-align-center has-da-blue-color-new has-text-color has-link-color wp-elements-75e53ddd3eff4984a8f3711b0c7ea891\" style=\"font-size:22px;font-style:normal;font-weight:700;line-height:1.36\">Desvantagens Zoho<\/p>\n<\/td>\n\n\n\n<td class=\"wp-block-zenkit-blocks-flexible-table-cell table-cell\">\n<p class=\"has-text-align-center has-da-blue-color-new has-text-color has-link-color wp-elements-9ead962a9617e425eb35a8cc5e7d8b3b\" style=\"font-size:22px;font-style:normal;font-weight:700;line-height:1.36\">Vantagens Zenkit<\/p>\n<\/td>\n<\/tr>\n\n\n\n<tr class=\"wp-block-zenkit-blocks-flexible-table-row table-row\">\n<td class=\"wp-block-zenkit-blocks-flexible-table-cell table-cell\">\n<p class=\"has-text-align-center\">F\u00f3rmulas &amp; Agrega\u00e7\u00f5es<\/p>\n<\/td>\n\n\n\n<td class=\"wp-block-zenkit-blocks-flexible-table-cell table-cell\">\n<p class=\"has-text-align-center\">Dificuldade no aprendizado inicial<\/p>\n<\/td>\n\n\n\n<td class=\"wp-block-zenkit-blocks-flexible-table-cell table-cell\">\n<p class=\"has-text-align-center\">Interface amig\u00e1vel ao usu\u00e1rio<\/p>\n<\/td>\n<\/tr>\n\n\n\n<tr class=\"wp-block-zenkit-blocks-flexible-table-row table-row\">\n<td class=\"wp-block-zenkit-blocks-flexible-table-cell table-cell\">\n<p class=\"has-text-align-center\">Recursos Personaliz\u00e1veis<\/p>\n<\/td>\n\n\n\n<td class=\"wp-block-zenkit-blocks-flexible-table-cell table-cell\">\n<p class=\"has-text-align-center\">S\u00f3 pode definir uma moeda para todo o sistema<\/p>\n<\/td>\n\n\n\n<td class=\"wp-block-zenkit-blocks-flexible-table-cell table-cell\">\n<p class=\"has-text-align-center\">Variedade de integra\u00e7\u00f5es<\/p>\n<\/td>\n<\/tr>\n\n\n\n<tr class=\"wp-block-zenkit-blocks-flexible-table-row table-row\">\n<td class=\"wp-block-zenkit-blocks-flexible-table-cell table-cell\">\n<p class=\"has-text-align-center\">Relat\u00f3rios &amp; An\u00e1lises B\u00e1sicas<\/p>\n<\/td>\n\n\n\n<td class=\"wp-block-zenkit-blocks-flexible-table-cell table-cell\">\n<p class=\"has-text-align-center\">Sem acesso offline dispon\u00edvel na vers\u00e3o web<\/p>\n<\/td>\n\n\n\n<td class=\"wp-block-zenkit-blocks-flexible-table-cell table-cell\">\n<p class=\"has-text-align-center\">Completo acesso offline a todas plataformas e apps<\/p>\n<\/td>\n<\/tr>\n<\/tbody><\/table><\/div>\n\n\n\n<div style=\"height:88px;--tablet-height:60px;--mobile-height:45px\" class=\"wp-block-lookeen-blocks-responsive-spacer\"><\/div>\n<\/div>\n\n\n\n<div class=\"wp-block-group has-global-padding is-layout-constrained wp-container-core-group-is-layout-7cc94c3e wp-block-group-is-layout-constrained\">\n<figure class=\"wp-block-image aligncenter size-full is-resized\" style=\"margin-bottom:8px\"><img decoding=\"async\" src=\"https:\/\/zenkit.com\/wp-content\/uploads\/2025\/05\/info.svg\" alt=\"Haftungsausschluss\" class=\"wp-image-113476\" style=\"width:36px;height:auto\"\/><\/figure>\n\n\n\n<p class=\"has-text-align-center has-da-grey-1-color has-text-color has-link-color wp-elements-afd2987d897cd7a6fd8de1a786aea576\" style=\"margin-top:0px;margin-bottom:0px;font-style:normal;font-weight:700\"><strong><strong><strong><strong><strong><strong>Isen\u00e7\u00e3o de responsabilidade:<\/strong><\/strong><\/strong><\/strong><\/strong><\/strong><\/p>\n\n\n\n<p class=\"has-text-align-center\">Todas as marcas registradas, nomes de empresas e nomes de marcas utilizados neste website s\u00e3o de propriedade de seus respectivos propriet\u00e1rios. Zenkit n\u00e3o tem afilia\u00e7\u00e3o com nenhum outro produto mencionado nesta p\u00e1gina. Os dados de recursos s\u00e3o obtidos diretamente de sites e materiais de marketing relacionados de Abril de 2019. As informa\u00e7\u00f5es e recursos est\u00e3o sujeitos a mudan\u00e7as. Para relatar corre\u00e7\u00f5es, por favor&nbsp;<a href=\"https:\/\/zenkit.com\/pt-br\/contact\/\">contate-nos<\/a>.<\/p>\n<\/div>\n\n\n\n<div style=\"height:110px;--tablet-height:60px;--mobile-height:60px\" class=\"wp-block-lookeen-blocks-responsive-spacer\"><\/div>\n","protected":false},"excerpt":{"rendered":"<p>Zenkit como uma alternativa para Zoho Zoho \u00e9 um pacote de softwares de escrit\u00f3rio online com base web que cont\u00e9m aplicativos como processamento de texto, planilhas eletr\u00f4nicas e gerenciamento de projetos. Sua fun\u00e7\u00e3o principal, como uma ferramenta de CRM, permite aos usu\u00e1rios gerenciar a intera\u00e7\u00e3o entre neg\u00f3cios e clientes. Mas e se voc\u00ea precisar de [&hellip;]<\/p>\n","protected":false},"author":30,"featured_media":0,"parent":71079,"menu_order":5,"comment_status":"closed","ping_status":"closed","template":"","meta":{"yasr_overall_rating":0,"yasr_post_is_review":"","yasr_auto_insert_disabled":"","yasr_review_type":"","footnotes":""},"class_list":["post-68407","page","type-page","status-publish","hentry"],"yoast_head":"<!-- This site is optimized with the Yoast SEO plugin v27.5 - https:\/\/yoast.com\/product\/yoast-seo-wordpress\/ -->\n<title>Zoho Alternative | Zenkit<\/title>\n<meta name=\"robots\" content=\"index, follow, max-snippet:-1, max-image-preview:large, max-video-preview:-1\" \/>\n<link rel=\"canonical\" href=\"https:\/\/zenkit.com\/pt-br\/alternatives\/zoho-alternative\/\" \/>\n<meta property=\"og:locale\" content=\"pt_BR\" \/>\n<meta property=\"og:type\" content=\"article\" \/>\n<meta property=\"og:title\" content=\"Zoho Alternative | Zenkit\" \/>\n<meta property=\"og:description\" content=\"Zenkit como uma alternativa para Zoho Zoho \u00e9 um pacote de softwares de escrit\u00f3rio online com base web que cont\u00e9m aplicativos como processamento de texto, planilhas eletr\u00f4nicas e gerenciamento de projetos. Sua fun\u00e7\u00e3o principal, como uma ferramenta de CRM, permite aos usu\u00e1rios gerenciar a intera\u00e7\u00e3o entre neg\u00f3cios e clientes. Mas e se voc\u00ea precisar de [&hellip;]\" \/>\n<meta property=\"og:url\" content=\"https:\/\/zenkit.com\/pt-br\/alternatives\/zoho-alternative\/\" \/>\n<meta property=\"og:site_name\" content=\"Zenkit\" \/>\n<meta property=\"article:publisher\" content=\"https:\/\/www.facebook.com\/ZenkitHQ\" \/>\n<meta property=\"article:modified_time\" content=\"2025-11-04T05:53:13+00:00\" \/>\n<meta property=\"og:image\" content=\"https:\/\/zenkit.com\/wp-content\/uploads\/2025\/06\/check.svg\" \/>\n<meta name=\"twitter:card\" content=\"summary_large_image\" \/>\n<meta name=\"twitter:site\" content=\"@ZenkitHQ\" \/>\n<meta name=\"twitter:label1\" content=\"Est. tempo de leitura\" \/>\n\t<meta name=\"twitter:data1\" content=\"2 minutos\" \/>\n<script type=\"application\/ld+json\" class=\"yoast-schema-graph\">{\"@context\":\"https:\\\/\\\/schema.org\",\"@graph\":[{\"@type\":\"WebPage\",\"@id\":\"https:\\\/\\\/zenkit.com\\\/pt-br\\\/alternatives\\\/zoho-alternative\\\/\",\"url\":\"https:\\\/\\\/zenkit.com\\\/pt-br\\\/alternatives\\\/zoho-alternative\\\/\",\"name\":\"Zoho Alternative | Zenkit\",\"isPartOf\":{\"@id\":\"https:\\\/\\\/zenkit.com\\\/pt-br\\\/#website\"},\"primaryImageOfPage\":{\"@id\":\"https:\\\/\\\/zenkit.com\\\/pt-br\\\/alternatives\\\/zoho-alternative\\\/#primaryimage\"},\"image\":{\"@id\":\"https:\\\/\\\/zenkit.com\\\/pt-br\\\/alternatives\\\/zoho-alternative\\\/#primaryimage\"},\"thumbnailUrl\":\"https:\\\/\\\/zenkit.com\\\/wp-content\\\/uploads\\\/2025\\\/06\\\/check.svg\",\"datePublished\":\"2021-03-25T13:49:01+00:00\",\"dateModified\":\"2025-11-04T05:53:13+00:00\",\"breadcrumb\":{\"@id\":\"https:\\\/\\\/zenkit.com\\\/pt-br\\\/alternatives\\\/zoho-alternative\\\/#breadcrumb\"},\"inLanguage\":\"pt-BR\",\"potentialAction\":[{\"@type\":\"ReadAction\",\"target\":[\"https:\\\/\\\/zenkit.com\\\/pt-br\\\/alternatives\\\/zoho-alternative\\\/\"]}]},{\"@type\":\"ImageObject\",\"inLanguage\":\"pt-BR\",\"@id\":\"https:\\\/\\\/zenkit.com\\\/pt-br\\\/alternatives\\\/zoho-alternative\\\/#primaryimage\",\"url\":\"https:\\\/\\\/zenkit.com\\\/wp-content\\\/uploads\\\/2025\\\/06\\\/check.svg\",\"contentUrl\":\"https:\\\/\\\/zenkit.com\\\/wp-content\\\/uploads\\\/2025\\\/06\\\/check.svg\"},{\"@type\":\"BreadcrumbList\",\"@id\":\"https:\\\/\\\/zenkit.com\\\/pt-br\\\/alternatives\\\/zoho-alternative\\\/#breadcrumb\",\"itemListElement\":[{\"@type\":\"ListItem\",\"position\":1,\"name\":\"Home\",\"item\":\"https:\\\/\\\/zenkit.com\\\/pt-br\\\/\"},{\"@type\":\"ListItem\",\"position\":2,\"name\":\"Alternatives\",\"item\":\"https:\\\/\\\/zenkit.com\\\/pt-br\\\/alternatives\\\/\"},{\"@type\":\"ListItem\",\"position\":3,\"name\":\"Zoho Alternative\"}]},{\"@type\":\"WebSite\",\"@id\":\"https:\\\/\\\/zenkit.com\\\/pt-br\\\/#website\",\"url\":\"https:\\\/\\\/zenkit.com\\\/pt-br\\\/\",\"name\":\"Zenkit\",\"description\":\"Zenkit Tagline\",\"potentialAction\":[{\"@type\":\"SearchAction\",\"target\":{\"@type\":\"EntryPoint\",\"urlTemplate\":\"https:\\\/\\\/zenkit.com\\\/pt-br\\\/?s={search_term_string}\"},\"query-input\":{\"@type\":\"PropertyValueSpecification\",\"valueRequired\":true,\"valueName\":\"search_term_string\"}}],\"inLanguage\":\"pt-BR\"},false]}<\/script>\n<!-- \/ Yoast SEO plugin. -->","yoast_head_json":{"title":"Zoho Alternative | Zenkit","robots":{"index":"index","follow":"follow","max-snippet":"max-snippet:-1","max-image-preview":"max-image-preview:large","max-video-preview":"max-video-preview:-1"},"canonical":"https:\/\/zenkit.com\/pt-br\/alternatives\/zoho-alternative\/","og_locale":"pt_BR","og_type":"article","og_title":"Zoho Alternative | Zenkit","og_description":"Zenkit como uma alternativa para Zoho Zoho \u00e9 um pacote de softwares de escrit\u00f3rio online com base web que cont\u00e9m aplicativos como processamento de texto, planilhas eletr\u00f4nicas e gerenciamento de projetos. Sua fun\u00e7\u00e3o principal, como uma ferramenta de CRM, permite aos usu\u00e1rios gerenciar a intera\u00e7\u00e3o entre neg\u00f3cios e clientes. Mas e se voc\u00ea precisar de [&hellip;]","og_url":"https:\/\/zenkit.com\/pt-br\/alternatives\/zoho-alternative\/","og_site_name":"Zenkit","article_publisher":"https:\/\/www.facebook.com\/ZenkitHQ","article_modified_time":"2025-11-04T05:53:13+00:00","og_image":[{"url":"https:\/\/zenkit.com\/wp-content\/uploads\/2025\/06\/check.svg","type":"","width":"","height":""}],"twitter_card":"summary_large_image","twitter_site":"@ZenkitHQ","twitter_misc":{"Est. tempo de leitura":"2 minutos"},"schema":{"@context":"https:\/\/schema.org","@graph":[{"@type":"WebPage","@id":"https:\/\/zenkit.com\/pt-br\/alternatives\/zoho-alternative\/","url":"https:\/\/zenkit.com\/pt-br\/alternatives\/zoho-alternative\/","name":"Zoho Alternative | Zenkit","isPartOf":{"@id":"https:\/\/zenkit.com\/pt-br\/#website"},"primaryImageOfPage":{"@id":"https:\/\/zenkit.com\/pt-br\/alternatives\/zoho-alternative\/#primaryimage"},"image":{"@id":"https:\/\/zenkit.com\/pt-br\/alternatives\/zoho-alternative\/#primaryimage"},"thumbnailUrl":"https:\/\/zenkit.com\/wp-content\/uploads\/2025\/06\/check.svg","datePublished":"2021-03-25T13:49:01+00:00","dateModified":"2025-11-04T05:53:13+00:00","breadcrumb":{"@id":"https:\/\/zenkit.com\/pt-br\/alternatives\/zoho-alternative\/#breadcrumb"},"inLanguage":"pt-BR","potentialAction":[{"@type":"ReadAction","target":["https:\/\/zenkit.com\/pt-br\/alternatives\/zoho-alternative\/"]}]},{"@type":"ImageObject","inLanguage":"pt-BR","@id":"https:\/\/zenkit.com\/pt-br\/alternatives\/zoho-alternative\/#primaryimage","url":"https:\/\/zenkit.com\/wp-content\/uploads\/2025\/06\/check.svg","contentUrl":"https:\/\/zenkit.com\/wp-content\/uploads\/2025\/06\/check.svg"},{"@type":"BreadcrumbList","@id":"https:\/\/zenkit.com\/pt-br\/alternatives\/zoho-alternative\/#breadcrumb","itemListElement":[{"@type":"ListItem","position":1,"name":"Home","item":"https:\/\/zenkit.com\/pt-br\/"},{"@type":"ListItem","position":2,"name":"Alternatives","item":"https:\/\/zenkit.com\/pt-br\/alternatives\/"},{"@type":"ListItem","position":3,"name":"Zoho Alternative"}]},{"@type":"WebSite","@id":"https:\/\/zenkit.com\/pt-br\/#website","url":"https:\/\/zenkit.com\/pt-br\/","name":"Zenkit","description":"Zenkit Tagline","potentialAction":[{"@type":"SearchAction","target":{"@type":"EntryPoint","urlTemplate":"https:\/\/zenkit.com\/pt-br\/?s={search_term_string}"},"query-input":{"@type":"PropertyValueSpecification","valueRequired":true,"valueName":"search_term_string"}}],"inLanguage":"pt-BR"},false]}},"yasr_visitor_votes":{"stars_attributes":{"read_only":false,"span_bottom":false},"number_of_votes":0,"sum_votes":0},"_links":{"self":[{"href":"https:\/\/zenkit.com\/pt-br\/wp-json\/wp\/v2\/pages\/68407","targetHints":{"allow":["GET"]}}],"collection":[{"href":"https:\/\/zenkit.com\/pt-br\/wp-json\/wp\/v2\/pages"}],"about":[{"href":"https:\/\/zenkit.com\/pt-br\/wp-json\/wp\/v2\/types\/page"}],"author":[{"embeddable":true,"href":"https:\/\/zenkit.com\/pt-br\/wp-json\/wp\/v2\/users\/30"}],"replies":[{"embeddable":true,"href":"https:\/\/zenkit.com\/pt-br\/wp-json\/wp\/v2\/comments?post=68407"}],"version-history":[{"count":2,"href":"https:\/\/zenkit.com\/pt-br\/wp-json\/wp\/v2\/pages\/68407\/revisions"}],"predecessor-version":[{"id":139469,"href":"https:\/\/zenkit.com\/pt-br\/wp-json\/wp\/v2\/pages\/68407\/revisions\/139469"}],"up":[{"embeddable":true,"href":"https:\/\/zenkit.com\/pt-br\/wp-json\/wp\/v2\/pages\/71079"}],"wp:attachment":[{"href":"https:\/\/zenkit.com\/pt-br\/wp-json\/wp\/v2\/media?parent=68407"}],"curies":[{"name":"wp","href":"https:\/\/api.w.org\/{rel}","templated":true}]}}