{"id":72582,"date":"2019-12-17T15:12:53","date_gmt":"2019-12-17T14:12:53","guid":{"rendered":"https:\/\/zenkit.com\/suite\/solutions\/team-wiki\/"},"modified":"2025-11-03T08:13:15","modified_gmt":"2025-11-03T07:13:15","slug":"team-wiki","status":"publish","type":"page","link":"https:\/\/zenkit.com\/pt-br\/suite\/team-wiki\/","title":{"rendered":"Publish a Team Wiki"},"content":{"rendered":"\n<div class=\"wp-block-group has-global-padding is-layout-constrained wp-block-group-is-layout-constrained\">\n<div class=\"wp-block-group width--950 has-global-padding is-layout-constrained wp-block-group-is-layout-constrained\">\n<div style=\"height:45px;--tablet-height:45px;--mobile-height:16px\" class=\"wp-block-lookeen-blocks-responsive-spacer\"><\/div>\n\n\n\n<div class=\"wp-block-group has-global-padding is-layout-constrained wp-block-group-is-layout-constrained\">\n<h1 class=\"wp-block-heading has-text-align-center\" style=\"margin-bottom:8px\">Visualiza\u00e7\u00e3o Wiki<\/h1>\n<\/div>\n\n\n\n<div class=\"wp-block-group has-global-padding is-layout-constrained wp-block-group-is-layout-constrained\">\n<p class=\"has-text-align-center subheading\">Uma wiki rica em recursos e colaborativa para times e organiza\u00e7\u00f5es<\/p>\n<\/div>\n\n\n\n<div style=\"height:48px;--tablet-height:36px;--mobile-height:24px\" class=\"wp-block-lookeen-blocks-responsive-spacer\"><\/div>\n\n\n\n<div class=\"wp-block-group has-global-padding is-layout-constrained wp-block-group-is-layout-constrained\">\n<p class=\"has-text-align-center\">O modo de visualiza\u00e7\u00e3o wiki do Zenkit permite criar e publicar, de forma r\u00e1pida e intuitiva, p\u00e1ginas wiki atrativas e ricas em conte\u00fado. Use Zenkit como um sistema de gerenciamento de conte\u00fado para criar uma wiki interna de sua equipe, ou para publicar seu pr\u00f3prio site wiki p\u00fablico.<\/p>\n<\/div>\n<\/div>\n\n\n\n<div style=\"height:88px;--tablet-height:72px;--mobile-height:40px\" class=\"wp-block-lookeen-blocks-responsive-spacer\"><\/div>\n<\/div>\n\n\n\n<div class=\"wp-block-group three-column-grid has-global-padding is-layout-constrained wp-block-group-is-layout-constrained\">\n<div class=\"wp-block-group is-style-da-box-shadow has-global-padding is-layout-constrained wp-container-core-group-is-layout-81115059 wp-block-group-is-layout-constrained\" style=\"border-radius:20px;padding-top:25px;padding-right:25px;padding-bottom:25px;padding-left:25px\">\n<figure class=\"wp-block-image aligncenter size-full is-resized\"><img loading=\"lazy\" decoding=\"async\" width=\"150\" height=\"150\" src=\"https:\/\/zenkit.com\/wp-content\/uploads\/2019\/12\/everything-in-one-place-2.png\" alt=\"Tudo em um s\u00f3 lugar\" class=\"wp-image-35095\" style=\"width:150px\"\/><\/figure>\n\n\n\n<h3 class=\"wp-block-heading has-text-align-center\">Tudo em um s\u00f3 lugar<\/h3>\n\n\n\n<p class=\"has-text-align-center\">Crie, edite e publique sua wiki a partir da mesma ferramenta que voc\u00ea usa para gerenciar todos os demais! Organize sua wiki, projetos, processos, documentos, times e muito mais com um aplicativo.<\/p>\n<\/div>\n\n\n\n<div class=\"wp-block-group is-style-da-box-shadow has-global-padding is-layout-constrained wp-container-core-group-is-layout-81115059 wp-block-group-is-layout-constrained\" style=\"border-radius:20px;padding-top:25px;padding-right:25px;padding-bottom:25px;padding-left:25px\">\n<figure class=\"wp-block-image aligncenter size-full is-resized\"><img loading=\"lazy\" decoding=\"async\" width=\"150\" height=\"150\" src=\"https:\/\/zenkit.com\/wp-content\/uploads\/2019\/12\/create-beautiful-wikis-2.png\" alt=\"Crie wikis atrativas\" class=\"wp-image-35145\" style=\"width:150px\"\/><\/figure>\n\n\n\n<h3 class=\"wp-block-heading has-text-align-center\">Crie wikis atrativas<\/h3>\n\n\n\n<p class=\"has-text-align-center\">Adicione imagens, integra\u00e7\u00f5es, trechos de c\u00f3digos, Items e mais. Use HTML ou Markdown para uma publica\u00e7\u00e3o r\u00e1pida e precisa.<\/p>\n<\/div>\n\n\n\n<div class=\"wp-block-group is-style-da-box-shadow has-global-padding is-layout-constrained wp-container-core-group-is-layout-81115059 wp-block-group-is-layout-constrained\" style=\"border-radius:20px;padding-top:25px;padding-right:25px;padding-bottom:25px;padding-left:25px\">\n<figure class=\"wp-block-image aligncenter size-full is-resized\"><img loading=\"lazy\" decoding=\"async\" width=\"150\" height=\"150\" src=\"https:\/\/zenkit.com\/wp-content\/uploads\/2019\/12\/collaborate-with-your-team-2-1.png\" alt=\"Colabore com sua equipe\" class=\"wp-image-35155\" style=\"width:150px\"\/><\/figure>\n\n\n\n<h3 class=\"wp-block-heading has-text-align-center\">Colabore com sua equipe<\/h3>\n\n\n\n<p class=\"has-text-align-center\">Convide seus membros de equipe para colaborar com voc\u00ea em tempo real. Defina direitos de acesso para controlar exatamente o quanto algu\u00e9m pode modificar conte\u00fados.<\/p>\n<\/div>\n\n\n\n<div class=\"wp-block-group is-style-da-box-shadow has-global-padding is-layout-constrained wp-container-core-group-is-layout-81115059 wp-block-group-is-layout-constrained\" style=\"border-radius:20px;padding-top:25px;padding-right:25px;padding-bottom:25px;padding-left:25px\">\n<figure class=\"wp-block-image aligncenter size-full is-resized\"><img loading=\"lazy\" decoding=\"async\" width=\"150\" height=\"150\" src=\"https:\/\/zenkit.com\/wp-content\/uploads\/2019\/12\/find-anything-in-moments-2.png\" alt=\"Encontre qualquer coisa em instantes\" class=\"wp-image-35105\" style=\"width:150px\"\/><\/figure>\n\n\n\n<h3 class=\"wp-block-heading has-text-align-center\">Encontre qualquer coisa em instantes<\/h3>\n\n\n\n<p class=\"has-text-align-center\">Use os filtros poderosos Zenkit para permitir que leitores encontrem qualquer artigo da Wiki em instantes. Filtre por r\u00f3tulos, t\u00f3picos, data de publica\u00e7\u00e3o, autores e mais!<\/p>\n<\/div>\n\n\n\n<div class=\"wp-block-group is-style-da-box-shadow has-global-padding is-layout-constrained wp-container-core-group-is-layout-81115059 wp-block-group-is-layout-constrained\" style=\"border-radius:20px;padding-top:25px;padding-right:25px;padding-bottom:25px;padding-left:25px\">\n<figure class=\"wp-block-image aligncenter size-full is-resized\"><img loading=\"lazy\" decoding=\"async\" width=\"150\" height=\"150\" src=\"https:\/\/zenkit.com\/wp-content\/uploads\/2019\/12\/work-in-any-view-2.png\" alt=\"Trabalhe em qualquer modo de visualiza\u00e7\u00e3o\" class=\"wp-image-35115\" style=\"width:150px\"\/><\/figure>\n\n\n\n<h3 class=\"wp-block-heading has-text-align-center\">Trabalhe em qualquer modo de visualiza\u00e7\u00e3o<\/h3>\n\n\n\n<p class=\"has-text-align-center\">Use um mapa mental para ganhar uma vis\u00e3o geral de sua wiki, altere facilmente como sua wiki \u00e9 estruturada, rastreie progressos de artigos com o kanban, defina datas de publica\u00e7\u00e3o no calend\u00e1rio e mais.<\/p>\n<\/div>\n\n\n\n<div class=\"wp-block-group is-style-da-box-shadow has-global-padding is-layout-constrained wp-container-core-group-is-layout-81115059 wp-block-group-is-layout-constrained\" style=\"border-radius:20px;padding-top:25px;padding-right:25px;padding-bottom:25px;padding-left:25px\">\n<figure class=\"wp-block-image aligncenter size-full is-resized\"><img loading=\"lazy\" decoding=\"async\" width=\"150\" height=\"150\" src=\"https:\/\/zenkit.com\/wp-content\/uploads\/2019\/12\/an-easy-to-use-diy-solution-2.png\" alt=\"Solu\u00e7\u00e3o f\u00e1cil de usar para fazer voc\u00ea mesmo\" class=\"wp-image-35125\" style=\"width:150px\"\/><\/figure>\n\n\n\n<h3 class=\"wp-block-heading has-text-align-center\">Solu\u00e7\u00e3o f\u00e1cil de usar para fazer voc\u00ea mesmo<\/h3>\n\n\n\n<p class=\"has-text-align-center\">Sem a necessidade de experi\u00eancia com c\u00f3digos ou permiss\u00f5es especiais. Use uma estrutura integrada e modific\u00e1vel com base em r\u00f3tulos j\u00e1 existentes, hierarquia e campos de membros.<\/p>\n<\/div>\n<\/div>\n\n\n\n<div style=\"height:88px;--tablet-height:72px;--mobile-height:40px\" class=\"wp-block-lookeen-blocks-responsive-spacer\"><\/div>\n\n\n\n<div class=\"wp-block-group has-global-padding is-layout-constrained wp-block-group-is-layout-constrained\">\n<h2 class=\"wp-block-heading has-text-align-center\">Por que criar uma Wiki interna?<\/h2>\n\n\n\n<p class=\"has-text-align-center\">Wikis internas (ou wikis em equipe) podem ser uma forma extremamente \u00fatil de coletar, colaborar, reter e distribuir o conhecimento da empresa. Compartilhar documenta\u00e7\u00e3o interna para tudo, desde pol\u00edticas e processos da empresa, at\u00e9 projetos, produtos, listas de verifica\u00e7\u00e3o e muito mais. Quer voc\u00ea utilize como um quadro de avisos ou base de conhecimento geral, as wikis podem ajudar a todos, desde funcion\u00e1rios novatos at\u00e9 os mais velhos a melhor compreender e se envolver com uma organiza\u00e7\u00e3o. Veja como as wikis podem ajudar:<\/p>\n\n\n\n<div style=\"height:48px;--tablet-height:36px;--mobile-height:24px\" class=\"wp-block-lookeen-blocks-responsive-spacer\"><\/div>\n\n\n\n<div class=\"wp-block-group three-column-grid has-global-padding is-layout-constrained wp-block-group-is-layout-constrained\">\n<div class=\"wp-block-group is-style-da-box-shadow has-global-padding is-layout-constrained wp-container-core-group-is-layout-edcd9cee wp-block-group-is-layout-constrained\" style=\"border-radius:20px;padding-top:30px;padding-right:30px;padding-bottom:30px;padding-left:30px\">\n<h3 class=\"wp-block-heading has-text-align-center\">Integre novos membros da equipe<\/h3>\n<\/div>\n\n\n\n<div class=\"wp-block-group is-style-da-box-shadow has-global-padding is-layout-constrained wp-container-core-group-is-layout-edcd9cee wp-block-group-is-layout-constrained\" style=\"border-radius:20px;padding-top:30px;padding-right:30px;padding-bottom:30px;padding-left:30px\">\n<h3 class=\"wp-block-heading has-text-align-center\">Colete e mantenha o conhecimento de funcion\u00e1rios de longo prazo<\/h3>\n<\/div>\n\n\n\n<div class=\"wp-block-group is-style-da-box-shadow has-global-padding is-layout-constrained wp-container-core-group-is-layout-edcd9cee wp-block-group-is-layout-constrained\" style=\"border-radius:20px;padding-top:30px;padding-right:30px;padding-bottom:30px;padding-left:30px\">\n<h3 class=\"wp-block-heading has-text-align-center\">Distribua as pol\u00edticas da empresa<\/h3>\n<\/div>\n\n\n\n<div class=\"wp-block-group is-style-da-box-shadow has-global-padding is-layout-constrained wp-container-core-group-is-layout-edcd9cee wp-block-group-is-layout-constrained\" style=\"border-radius:20px;padding-top:30px;padding-right:30px;padding-bottom:30px;padding-left:30px\">\n<h3 class=\"wp-block-heading has-text-align-center\">Melhore as comunica\u00e7\u00f5es internas<\/h3>\n<\/div>\n\n\n\n<div class=\"wp-block-group is-style-da-box-shadow has-global-padding is-layout-constrained wp-container-core-group-is-layout-edcd9cee wp-block-group-is-layout-constrained\" style=\"border-radius:20px;padding-top:30px;padding-right:30px;padding-bottom:30px;padding-left:30px\">\n<h3 class=\"wp-block-heading has-text-align-center\">Compartilhe diretrizes de marca e material de design<\/h3>\n<\/div>\n\n\n\n<div class=\"wp-block-group is-style-da-box-shadow has-global-padding is-layout-constrained wp-container-core-group-is-layout-edcd9cee wp-block-group-is-layout-constrained\" style=\"border-radius:20px;padding-top:30px;padding-right:30px;padding-bottom:30px;padding-left:30px\">\n<h3 class=\"wp-block-heading has-text-align-center\">Publique guias de instru\u00e7\u00f5es e documentos de treinamento<\/h3>\n<\/div>\n\n\n\n<div class=\"wp-block-group is-style-da-box-shadow has-global-padding is-layout-constrained wp-container-core-group-is-layout-edcd9cee wp-block-group-is-layout-constrained\" style=\"border-radius:20px;padding-top:30px;padding-right:30px;padding-bottom:30px;padding-left:30px\">\n<h3 class=\"wp-block-heading has-text-align-center\">Crie um quadro de avisos da empresa<\/h3>\n<\/div>\n\n\n\n<div class=\"wp-block-group is-style-da-box-shadow has-global-padding is-layout-constrained wp-container-core-group-is-layout-edcd9cee wp-block-group-is-layout-constrained\" style=\"border-radius:20px;padding-top:30px;padding-right:30px;padding-bottom:30px;padding-left:30px\">\n<h3 class=\"wp-block-heading has-text-align-center\">E mais!<\/h3>\n<\/div>\n<\/div>\n\n\n\n<div style=\"height:88px;--tablet-height:72px;--mobile-height:40px\" class=\"wp-block-lookeen-blocks-responsive-spacer\"><\/div>\n<\/div>\n\n\n\n<div class=\"wp-block-group has-da-blue-light-background-color has-background has-global-padding is-layout-constrained wp-container-core-group-is-layout-7cc94c3e wp-block-group-is-layout-constrained\">\n<div style=\"height:88px;--tablet-height:72px;--mobile-height:40px\" class=\"wp-block-lookeen-blocks-responsive-spacer\"><\/div>\n\n\n\n<div class=\"wp-block-group has-global-padding is-layout-constrained wp-block-group-is-layout-constrained\">\n<h2 class=\"wp-block-heading has-text-align-center\" style=\"margin-bottom:8px;font-style:normal;font-weight:700\">Comece agora!<\/h2>\n\n\n\n<p class=\"has-text-align-center has-da-grey-2-color has-text-color has-link-color wp-elements-dd79a13f31a809dbbfc664fe454cf278\">Registre para uma conta gratuita Zenkit e crie sua wiki agora.<\/p>\n<\/div>\n\n\n\n<div style=\"height:48px;--tablet-height:36px;--mobile-height:24px\" class=\"wp-block-lookeen-blocks-responsive-spacer\"><\/div>\n\n\n\n<div class=\"wp-block-buttons is-content-justification-center is-layout-flex wp-container-core-buttons-is-layout-f78c5dac wp-block-buttons-is-layout-flex\" style=\"margin-top:0px;margin-bottom:0px\">\n<div class=\"wp-block-button\"><a class=\"wp-block-button__link wp-element-button\" href=\"https:\/\/app.zenkit.com\/register\/\" target=\"_blank\" rel=\"noreferrer noopener\">Criar minha wiki<\/a><\/div>\n<\/div>\n\n\n\n<div style=\"height:88px;--tablet-height:72px;--mobile-height:40px\" class=\"wp-block-lookeen-blocks-responsive-spacer\"><\/div>\n<\/div>\n\n\n\n<div class=\"wp-block-group has-global-padding is-layout-constrained wp-container-core-group-is-layout-7cc94c3e wp-block-group-is-layout-constrained\">\n<div style=\"height:88px;--tablet-height:72px;--mobile-height:40px\" class=\"wp-block-lookeen-blocks-responsive-spacer\"><\/div>\n\n\n\n<div class=\"wp-block-group has-global-padding is-layout-constrained wp-block-group-is-layout-constrained\">\n<p class=\"has-text-align-center\">N\u00e3o importa como voc\u00ea planeja usar, Zenkit proporciona o ponto de in\u00edcio perfeito para qualquer tipo de wiki que voc\u00ea escolha.<\/p>\n\n\n\n<p class=\"has-text-align-center has-da-grey-2-color has-text-color has-link-color wp-elements-88234aba9a8175a602df1bb5ab5141dd\"><a href=\"https:\/\/zenkit.com\/documentation#\/lists\/HJQBQ1Hw\/sections\/ByG-c9G0\/entries\/1z7lfd1Q1?_k=cfohg6\">Aprenda mais sobre o modo de visualiza\u00e7\u00e3o Wiki<\/a><\/p>\n<\/div>\n\n\n\n<div style=\"height:48px;--tablet-height:36px;--mobile-height:24px\" class=\"wp-block-lookeen-blocks-responsive-spacer\"><\/div>\n\n\n\n<div class=\"wp-block-group is-style-da-box-shadow has-global-padding is-layout-constrained wp-container-core-group-is-layout-2d0b482a wp-block-group-is-layout-constrained has-background\" style=\"border-radius:20px;padding-top:40px;padding-right:25px;padding-bottom:40px;padding-left:25px;background-image:url(&#039;https:\/\/zenkit.com\/wp-content\/uploads\/2025\/09\/bg-suite-left.svg&#039;);background-size:cover;\">\n<h2 class=\"wp-block-heading has-text-align-center\">Use Zenkit Onde voc\u00ea Trabalha<\/h2>\n\n\n\n<p class=\"has-text-align-center\">Use Zenkit no seu navegador, ou baixe para \u00e1rea de trabalho ou aplicativos de smartphone.<\/p>\n\n\n\n<figure class=\"wp-block-image aligncenter size-full\"><img loading=\"lazy\" decoding=\"async\" width=\"636\" height=\"110\" src=\"https:\/\/zenkit.com\/wp-content\/uploads\/2021\/01\/app-downloads-1.png\" alt=\"\" class=\"wp-image-55591\" srcset=\"https:\/\/zenkit.com\/wp-content\/uploads\/2021\/01\/app-downloads-1.png 636w, https:\/\/zenkit.com\/wp-content\/uploads\/2021\/01\/app-downloads-1-300x52.png 300w\" sizes=\"auto, (max-width: 636px) 100vw, 636px\" \/><\/figure>\n\n\n\n<div style=\"height:48px;--tablet-height:36px;--mobile-height:24px\" class=\"wp-block-lookeen-blocks-responsive-spacer\"><\/div>\n\n\n\n<p class=\"has-text-align-center\"><a href=\"https:\/\/zenkit.com\/pt-br\/plataformas\/\" data-type=\"page\" data-id=\"139381\">Obtenha os Apliticativos Zenkit<\/a><\/p>\n<\/div>\n<\/div>\n\n\n\n<div class=\"wp-block-group has-global-padding is-layout-constrained wp-container-core-group-is-layout-7cc94c3e wp-block-group-is-layout-constrained\">\n<div style=\"height:88px;--tablet-height:72px;--mobile-height:40px\" class=\"wp-block-lookeen-blocks-responsive-spacer\"><\/div>\n<\/div>\n\n\n\n<div style=\"height:110px;--tablet-height:60px;--mobile-height:48px\" class=\"wp-block-lookeen-blocks-responsive-spacer\"><\/div>\n","protected":false},"excerpt":{"rendered":"<p>Visualiza\u00e7\u00e3o Wiki Uma wiki rica em recursos e colaborativa para times e organiza\u00e7\u00f5es O modo de visualiza\u00e7\u00e3o wiki do Zenkit permite criar e publicar, de forma r\u00e1pida e intuitiva, p\u00e1ginas wiki atrativas e ricas em conte\u00fado. Use Zenkit como um sistema de gerenciamento de conte\u00fado para criar uma wiki interna de sua equipe, ou para [&hellip;]<\/p>\n","protected":false},"author":30,"featured_media":0,"parent":62362,"menu_order":2,"comment_status":"closed","ping_status":"closed","template":"","meta":{"yasr_overall_rating":0,"yasr_post_is_review":"","yasr_auto_insert_disabled":"","yasr_review_type":"","footnotes":""},"class_list":["post-72582","page","type-page","status-publish","hentry"],"yoast_head":"<!-- This site is optimized with the Yoast SEO plugin v27.3 - https:\/\/yoast.com\/product\/yoast-seo-wordpress\/ -->\n<title>Publish a Team Wiki | Zenkit<\/title>\n<meta name=\"description\" content=\"Use Zenkit&#039;s wiki view to create a beautiful, flexible wiki in minutes. Quickly create and publish a team wiki, public page, and more!\" \/>\n<meta name=\"robots\" content=\"index, follow, max-snippet:-1, max-image-preview:large, max-video-preview:-1\" \/>\n<link rel=\"canonical\" href=\"https:\/\/zenkit.com\/pt-br\/suite\/team-wiki\/\" \/>\n<meta property=\"og:locale\" content=\"pt_BR\" \/>\n<meta property=\"og:type\" content=\"article\" \/>\n<meta property=\"og:title\" content=\"Publish a Team Wiki | Zenkit\" \/>\n<meta property=\"og:description\" content=\"Use Zenkit&#039;s wiki view to create a beautiful, flexible wiki in minutes. Quickly create and publish a team wiki, public page, and more!\" \/>\n<meta property=\"og:url\" content=\"https:\/\/zenkit.com\/pt-br\/suite\/team-wiki\/\" \/>\n<meta property=\"og:site_name\" content=\"Zenkit\" \/>\n<meta property=\"article:publisher\" content=\"https:\/\/www.facebook.com\/ZenkitHQ\" \/>\n<meta property=\"article:modified_time\" content=\"2025-11-03T07:13:15+00:00\" \/>\n<meta property=\"og:image\" content=\"https:\/\/zenkit.com\/wp-content\/uploads\/2019\/12\/everything-in-one-place-2.png\" \/>\n<meta name=\"twitter:card\" content=\"summary_large_image\" \/>\n<meta name=\"twitter:site\" content=\"@ZenkitHQ\" \/>\n<script type=\"application\/ld+json\" class=\"yoast-schema-graph\">{\"@context\":\"https:\\\/\\\/schema.org\",\"@graph\":[{\"@type\":\"WebPage\",\"@id\":\"https:\\\/\\\/zenkit.com\\\/pt-br\\\/suite\\\/team-wiki\\\/\",\"url\":\"https:\\\/\\\/zenkit.com\\\/pt-br\\\/suite\\\/team-wiki\\\/\",\"name\":\"Publish a Team Wiki | Zenkit\",\"isPartOf\":{\"@id\":\"https:\\\/\\\/zenkit.com\\\/pt-br\\\/#website\"},\"primaryImageOfPage\":{\"@id\":\"https:\\\/\\\/zenkit.com\\\/pt-br\\\/suite\\\/team-wiki\\\/#primaryimage\"},\"image\":{\"@id\":\"https:\\\/\\\/zenkit.com\\\/pt-br\\\/suite\\\/team-wiki\\\/#primaryimage\"},\"thumbnailUrl\":\"https:\\\/\\\/zenkit.com\\\/wp-content\\\/uploads\\\/2019\\\/12\\\/everything-in-one-place-2.png\",\"datePublished\":\"2019-12-17T14:12:53+00:00\",\"dateModified\":\"2025-11-03T07:13:15+00:00\",\"description\":\"Use Zenkit's wiki view to create a beautiful, flexible wiki in minutes. Quickly create and publish a team wiki, public page, and more!\",\"breadcrumb\":{\"@id\":\"https:\\\/\\\/zenkit.com\\\/pt-br\\\/suite\\\/team-wiki\\\/#breadcrumb\"},\"inLanguage\":\"pt-BR\",\"potentialAction\":[{\"@type\":\"ReadAction\",\"target\":[\"https:\\\/\\\/zenkit.com\\\/pt-br\\\/suite\\\/team-wiki\\\/\"]}]},{\"@type\":\"ImageObject\",\"inLanguage\":\"pt-BR\",\"@id\":\"https:\\\/\\\/zenkit.com\\\/pt-br\\\/suite\\\/team-wiki\\\/#primaryimage\",\"url\":\"https:\\\/\\\/zenkit.com\\\/wp-content\\\/uploads\\\/2019\\\/12\\\/everything-in-one-place-2.png\",\"contentUrl\":\"https:\\\/\\\/zenkit.com\\\/wp-content\\\/uploads\\\/2019\\\/12\\\/everything-in-one-place-2.png\"},{\"@type\":\"BreadcrumbList\",\"@id\":\"https:\\\/\\\/zenkit.com\\\/pt-br\\\/suite\\\/team-wiki\\\/#breadcrumb\",\"itemListElement\":[{\"@type\":\"ListItem\",\"position\":1,\"name\":\"Home\",\"item\":\"https:\\\/\\\/zenkit.com\\\/pt-br\\\/\"},{\"@type\":\"ListItem\",\"position\":2,\"name\":\"Zenkit Suite\",\"item\":\"https:\\\/\\\/zenkit.com\\\/pt-br\\\/suite\\\/\"},{\"@type\":\"ListItem\",\"position\":3,\"name\":\"Publish a Team Wiki\"}]},{\"@type\":\"WebSite\",\"@id\":\"https:\\\/\\\/zenkit.com\\\/pt-br\\\/#website\",\"url\":\"https:\\\/\\\/zenkit.com\\\/pt-br\\\/\",\"name\":\"Zenkit\",\"description\":\"Zenkit Tagline\",\"potentialAction\":[{\"@type\":\"SearchAction\",\"target\":{\"@type\":\"EntryPoint\",\"urlTemplate\":\"https:\\\/\\\/zenkit.com\\\/pt-br\\\/?s={search_term_string}\"},\"query-input\":{\"@type\":\"PropertyValueSpecification\",\"valueRequired\":true,\"valueName\":\"search_term_string\"}}],\"inLanguage\":\"pt-BR\"},false]}<\/script>\n<!-- \/ Yoast SEO plugin. -->","yoast_head_json":{"title":"Publish a Team Wiki | Zenkit","description":"Use Zenkit's wiki view to create a beautiful, flexible wiki in minutes. Quickly create and publish a team wiki, public page, and more!","robots":{"index":"index","follow":"follow","max-snippet":"max-snippet:-1","max-image-preview":"max-image-preview:large","max-video-preview":"max-video-preview:-1"},"canonical":"https:\/\/zenkit.com\/pt-br\/suite\/team-wiki\/","og_locale":"pt_BR","og_type":"article","og_title":"Publish a Team Wiki | Zenkit","og_description":"Use Zenkit's wiki view to create a beautiful, flexible wiki in minutes. Quickly create and publish a team wiki, public page, and more!","og_url":"https:\/\/zenkit.com\/pt-br\/suite\/team-wiki\/","og_site_name":"Zenkit","article_publisher":"https:\/\/www.facebook.com\/ZenkitHQ","article_modified_time":"2025-11-03T07:13:15+00:00","og_image":[{"url":"https:\/\/zenkit.com\/wp-content\/uploads\/2019\/12\/everything-in-one-place-2.png","type":"","width":"","height":""}],"twitter_card":"summary_large_image","twitter_site":"@ZenkitHQ","schema":{"@context":"https:\/\/schema.org","@graph":[{"@type":"WebPage","@id":"https:\/\/zenkit.com\/pt-br\/suite\/team-wiki\/","url":"https:\/\/zenkit.com\/pt-br\/suite\/team-wiki\/","name":"Publish a Team Wiki | Zenkit","isPartOf":{"@id":"https:\/\/zenkit.com\/pt-br\/#website"},"primaryImageOfPage":{"@id":"https:\/\/zenkit.com\/pt-br\/suite\/team-wiki\/#primaryimage"},"image":{"@id":"https:\/\/zenkit.com\/pt-br\/suite\/team-wiki\/#primaryimage"},"thumbnailUrl":"https:\/\/zenkit.com\/wp-content\/uploads\/2019\/12\/everything-in-one-place-2.png","datePublished":"2019-12-17T14:12:53+00:00","dateModified":"2025-11-03T07:13:15+00:00","description":"Use Zenkit's wiki view to create a beautiful, flexible wiki in minutes. Quickly create and publish a team wiki, public page, and more!","breadcrumb":{"@id":"https:\/\/zenkit.com\/pt-br\/suite\/team-wiki\/#breadcrumb"},"inLanguage":"pt-BR","potentialAction":[{"@type":"ReadAction","target":["https:\/\/zenkit.com\/pt-br\/suite\/team-wiki\/"]}]},{"@type":"ImageObject","inLanguage":"pt-BR","@id":"https:\/\/zenkit.com\/pt-br\/suite\/team-wiki\/#primaryimage","url":"https:\/\/zenkit.com\/wp-content\/uploads\/2019\/12\/everything-in-one-place-2.png","contentUrl":"https:\/\/zenkit.com\/wp-content\/uploads\/2019\/12\/everything-in-one-place-2.png"},{"@type":"BreadcrumbList","@id":"https:\/\/zenkit.com\/pt-br\/suite\/team-wiki\/#breadcrumb","itemListElement":[{"@type":"ListItem","position":1,"name":"Home","item":"https:\/\/zenkit.com\/pt-br\/"},{"@type":"ListItem","position":2,"name":"Zenkit Suite","item":"https:\/\/zenkit.com\/pt-br\/suite\/"},{"@type":"ListItem","position":3,"name":"Publish a Team Wiki"}]},{"@type":"WebSite","@id":"https:\/\/zenkit.com\/pt-br\/#website","url":"https:\/\/zenkit.com\/pt-br\/","name":"Zenkit","description":"Zenkit Tagline","potentialAction":[{"@type":"SearchAction","target":{"@type":"EntryPoint","urlTemplate":"https:\/\/zenkit.com\/pt-br\/?s={search_term_string}"},"query-input":{"@type":"PropertyValueSpecification","valueRequired":true,"valueName":"search_term_string"}}],"inLanguage":"pt-BR"},false]}},"yasr_visitor_votes":{"stars_attributes":{"read_only":false,"span_bottom":false},"number_of_votes":0,"sum_votes":0},"_links":{"self":[{"href":"https:\/\/zenkit.com\/pt-br\/wp-json\/wp\/v2\/pages\/72582","targetHints":{"allow":["GET"]}}],"collection":[{"href":"https:\/\/zenkit.com\/pt-br\/wp-json\/wp\/v2\/pages"}],"about":[{"href":"https:\/\/zenkit.com\/pt-br\/wp-json\/wp\/v2\/types\/page"}],"author":[{"embeddable":true,"href":"https:\/\/zenkit.com\/pt-br\/wp-json\/wp\/v2\/users\/30"}],"replies":[{"embeddable":true,"href":"https:\/\/zenkit.com\/pt-br\/wp-json\/wp\/v2\/comments?post=72582"}],"version-history":[{"count":4,"href":"https:\/\/zenkit.com\/pt-br\/wp-json\/wp\/v2\/pages\/72582\/revisions"}],"predecessor-version":[{"id":147477,"href":"https:\/\/zenkit.com\/pt-br\/wp-json\/wp\/v2\/pages\/72582\/revisions\/147477"}],"up":[{"embeddable":true,"href":"https:\/\/zenkit.com\/pt-br\/wp-json\/wp\/v2\/pages\/62362"}],"wp:attachment":[{"href":"https:\/\/zenkit.com\/pt-br\/wp-json\/wp\/v2\/media?parent=72582"}],"curies":[{"name":"wp","href":"https:\/\/api.w.org\/{rel}","templated":true}]}}