{"id":72597,"date":"2019-09-12T16:38:30","date_gmt":"2019-09-12T14:38:30","guid":{"rendered":"https:\/\/zenkit.com\/suite\/solutions\/event-management\/"},"modified":"2025-09-13T13:36:37","modified_gmt":"2025-09-13T11:36:37","slug":"event-management","status":"publish","type":"page","link":"https:\/\/zenkit.com\/pt-br\/solutions\/event-management\/","title":{"rendered":"Event Management"},"content":{"rendered":"\n<div class=\"wp-block-group has-global-padding is-layout-constrained wp-block-group-is-layout-constrained\">\n<div class=\"wp-block-group width--950 has-global-padding is-layout-constrained wp-block-group-is-layout-constrained\">\n<div style=\"height:45px;--tablet-height:45px;--mobile-height:16px\" class=\"wp-block-lookeen-blocks-responsive-spacer\"><\/div>\n\n\n\n<div class=\"wp-block-group has-global-padding is-layout-constrained wp-block-group-is-layout-constrained\">\n<h1 class=\"wp-block-heading has-text-align-center\" style=\"margin-bottom:8px\">Gerenciamento de Eventos com Zenkit<\/h1>\n<\/div>\n\n\n\n<div class=\"wp-block-group has-global-padding is-layout-constrained wp-block-group-is-layout-constrained\">\n<p class=\"has-text-align-center subheading\">Planejamento geral, com aten\u00e7\u00e3o aos detalhes<\/p>\n<\/div>\n\n\n\n<div style=\"height:48px;--tablet-height:36px;--mobile-height:24px\" class=\"wp-block-lookeen-blocks-responsive-spacer\"><\/div>\n<\/div>\n<\/div>\n\n\n\n<div class=\"wp-block-group has-global-padding is-layout-constrained wp-block-group-is-layout-constrained\">\n<div class=\"wp-block-columns is-layout-flex wp-container-core-columns-is-layout-28f84493 wp-block-columns-is-layout-flex\">\n<div class=\"wp-block-column is-layout-flow wp-block-column-is-layout-flow\">\n<p class=\"has-text-align-center\">Como qualquer grande projeto, coordenar um evento com sucesso requer o acompanhamento de milhares de pe\u00e7as em movimento. Muitas vezes encarregados de planejar, programar, reservar, projetar, e muito mais, os gerentes de eventos t\u00eam seu trabalho facilitado.<\/p>\n\n\n\n<p class=\"has-text-align-center\">Quando se trata de planejamento de eventos, a organiza\u00e7\u00e3o \u00e9 chave. Seja uma confer\u00eancia, casamento, festa de anivers\u00e1rio de crian\u00e7as ou um grande festival, Zenkit est\u00e1 \u00e0 altura do desafio.<\/p>\n<\/div>\n\n\n\n<div class=\"wp-block-column is-layout-flow wp-block-column-is-layout-flow\">\n<p class=\"has-text-align-center\">Com Zenkit, voc\u00ea pode planejar todos os aspectos do seu evento, desde o conceito inicial por meio do mapa mental at\u00e9 a cria\u00e7\u00e3o do plano mestre, planejando um guia de ocorr\u00eancia dos eventos e at\u00e9 mesmo ao publicar o cronograma do evento.<\/p>\n\n\n\n<p class=\"has-text-align-center\">Zenkit te ajuda a conectar os pontos entre funcion\u00e1rios, local, or\u00e7amento, convidados, promo\u00e7\u00e3o e muito, muito mais. Use nossos templates testados e validados para construir seu pr\u00f3prio planejamento com a grande variedade de blocos construtores de Zenkit.<\/p>\n<\/div>\n<\/div>\n<\/div>\n\n\n\n<div class=\"wp-block-group has-global-padding is-layout-constrained wp-block-group-is-layout-constrained\">\n<div style=\"height:88px;--tablet-height:72px;--mobile-height:36px\" class=\"wp-block-lookeen-blocks-responsive-spacer\"><\/div>\n\n\n\n<div class=\"wp-block-group solutions__grid has-global-padding is-layout-constrained wp-block-group-is-layout-constrained\">\n<div class=\"wp-block-group solutions__box has-global-padding is-layout-constrained wp-block-group-is-layout-constrained\" style=\"border-radius:20px\">\n<div class=\"wp-block-group has-global-padding is-layout-constrained wp-block-group-is-layout-constrained\" style=\"margin-bottom:24px\">\n<figure class=\"wp-block-image aligncenter size-full\"><img loading=\"lazy\" decoding=\"async\" width=\"500\" height=\"296\" src=\"https:\/\/zenkit.com\/wp-content\/uploads\/2025\/05\/major-event-masterplan.webp\" alt=\"Plano mestre para grandes eventos\" class=\"wp-image-112381\" srcset=\"https:\/\/zenkit.com\/wp-content\/uploads\/2025\/05\/major-event-masterplan.webp 500w, https:\/\/zenkit.com\/wp-content\/uploads\/2025\/05\/major-event-masterplan-300x178.webp 300w\" sizes=\"auto, (max-width: 500px) 100vw, 500px\" \/><\/figure>\n<\/div>\n\n\n\n<div class=\"wp-block-group has-global-padding is-layout-constrained wp-container-core-group-is-layout-bdda2a7d wp-block-group-is-layout-constrained\" style=\"padding-right:30px;padding-bottom:32px;padding-left:30px\">\n<h3 class=\"wp-block-heading has-text-align-center\">Plano mestre para grandes eventos<\/h3>\n\n\n\n<p class=\"has-text-align-center has-da-grey-1-color has-text-color has-link-color wp-elements-77762935b89547b7d6d983c8ad52a5f7\">Planeje tudo, desde o acesso de convidados e entretenimento at\u00e9 o buffet e agendamento com Zenkit.<\/p>\n<\/div>\n<\/div>\n\n\n\n<div class=\"wp-block-group solutions__box has-global-padding is-layout-constrained wp-block-group-is-layout-constrained\" style=\"border-radius:20px\">\n<div class=\"wp-block-group has-global-padding is-layout-constrained wp-block-group-is-layout-constrained\" style=\"margin-bottom:24px\">\n<figure class=\"wp-block-image aligncenter size-full\"><img loading=\"lazy\" decoding=\"async\" width=\"500\" height=\"296\" src=\"https:\/\/zenkit.com\/wp-content\/uploads\/2025\/05\/conference.webp\" alt=\"Planejamento de confer\u00eancias\" class=\"wp-image-112399\" srcset=\"https:\/\/zenkit.com\/wp-content\/uploads\/2025\/05\/conference.webp 500w, https:\/\/zenkit.com\/wp-content\/uploads\/2025\/05\/conference-300x178.webp 300w\" sizes=\"auto, (max-width: 500px) 100vw, 500px\" \/><\/figure>\n<\/div>\n\n\n\n<div class=\"wp-block-group has-global-padding is-layout-constrained wp-container-core-group-is-layout-bdda2a7d wp-block-group-is-layout-constrained\" style=\"padding-right:30px;padding-bottom:32px;padding-left:30px\">\n<h3 class=\"wp-block-heading has-text-align-center\">Planejamento de confer\u00eancias<\/h3>\n\n\n\n<p class=\"has-text-align-center has-da-grey-1-color has-text-color has-link-color wp-elements-0827f9762ac4da2a33dae0b8a6740d94\">Gerencie sua confer\u00eancia com Zenkit: poste cronogramas, gerencie a presen\u00e7a dos convidados e acompanhe os palestrantes, tudo em um s\u00f3 lugar.<\/p>\n<\/div>\n<\/div>\n\n\n\n<div class=\"wp-block-group solutions__box has-global-padding is-layout-constrained wp-block-group-is-layout-constrained\" style=\"border-radius:20px\">\n<div class=\"wp-block-group has-global-padding is-layout-constrained wp-block-group-is-layout-constrained\" style=\"margin-bottom:24px\">\n<figure class=\"wp-block-image aligncenter size-full\"><img loading=\"lazy\" decoding=\"async\" width=\"500\" height=\"296\" src=\"https:\/\/zenkit.com\/wp-content\/uploads\/2025\/05\/wedding-planning.webp\" alt=\"Planejamento de Casamentos\" class=\"wp-image-112409\" srcset=\"https:\/\/zenkit.com\/wp-content\/uploads\/2025\/05\/wedding-planning.webp 500w, https:\/\/zenkit.com\/wp-content\/uploads\/2025\/05\/wedding-planning-300x178.webp 300w\" sizes=\"auto, (max-width: 500px) 100vw, 500px\" \/><\/figure>\n<\/div>\n\n\n\n<div class=\"wp-block-group has-global-padding is-layout-constrained wp-container-core-group-is-layout-bdda2a7d wp-block-group-is-layout-constrained\" style=\"padding-right:30px;padding-bottom:32px;padding-left:30px\">\n<h3 class=\"wp-block-heading has-text-align-center\">Planejamento de Casamentos<\/h3>\n\n\n\n<p class=\"has-text-align-center has-da-grey-1-color has-text-color has-link-color wp-elements-f4f0ad443861f69682f761842e0eb521\">Desde o painel de inspira\u00e7\u00e3o inicial at\u00e9 a linha do tempo do casamento. Zenkit tem tudo que voc\u00ea precisa para planejar seu dia especial.<\/p>\n<\/div>\n<\/div>\n\n\n\n<div class=\"wp-block-group solutions__box has-global-padding is-layout-constrained wp-block-group-is-layout-constrained\" style=\"border-radius:20px\">\n<div class=\"wp-block-group has-global-padding is-layout-constrained wp-block-group-is-layout-constrained\" style=\"margin-bottom:24px\">\n<figure class=\"wp-block-image aligncenter size-full\"><img loading=\"lazy\" decoding=\"async\" width=\"500\" height=\"296\" src=\"https:\/\/zenkit.com\/wp-content\/uploads\/2025\/05\/sport-events.webp\" alt=\"Eventos esportivos\" class=\"wp-image-112419\" srcset=\"https:\/\/zenkit.com\/wp-content\/uploads\/2025\/05\/sport-events.webp 500w, https:\/\/zenkit.com\/wp-content\/uploads\/2025\/05\/sport-events-300x178.webp 300w\" sizes=\"auto, (max-width: 500px) 100vw, 500px\" \/><\/figure>\n<\/div>\n\n\n\n<div class=\"wp-block-group has-global-padding is-layout-constrained wp-container-core-group-is-layout-bdda2a7d wp-block-group-is-layout-constrained\" style=\"padding-right:30px;padding-bottom:32px;padding-left:30px\">\n<h3 class=\"wp-block-heading has-text-align-center\">Eventos esportivos<\/h3>\n\n\n\n<p class=\"has-text-align-center has-da-grey-1-color has-text-color has-link-color wp-elements-64aef88750448f95fed91d32357d29d4\">Quer voc\u00ea esteja organizando pequenas partidas da liga ou organizando uma festa para assistir ao Super Bowl, Zenkit tem as ferramentas que voc\u00ea precisa para isso.<\/p>\n<\/div>\n<\/div>\n\n\n\n<div class=\"wp-block-group solutions__box has-global-padding is-layout-constrained wp-block-group-is-layout-constrained\" style=\"border-radius:20px\">\n<div class=\"wp-block-group has-global-padding is-layout-constrained wp-block-group-is-layout-constrained\" style=\"margin-bottom:24px\">\n<figure class=\"wp-block-image aligncenter size-full\"><img loading=\"lazy\" decoding=\"async\" width=\"500\" height=\"296\" src=\"https:\/\/zenkit.com\/wp-content\/uploads\/2025\/05\/event-marketing-1.webp\" alt=\"Marketing do Evento\" class=\"wp-image-112429\" srcset=\"https:\/\/zenkit.com\/wp-content\/uploads\/2025\/05\/event-marketing-1.webp 500w, https:\/\/zenkit.com\/wp-content\/uploads\/2025\/05\/event-marketing-1-300x178.webp 300w\" sizes=\"auto, (max-width: 500px) 100vw, 500px\" \/><\/figure>\n<\/div>\n\n\n\n<div class=\"wp-block-group has-global-padding is-layout-constrained wp-container-core-group-is-layout-bdda2a7d wp-block-group-is-layout-constrained\" style=\"padding-right:30px;padding-bottom:32px;padding-left:30px\">\n<h3 class=\"wp-block-heading has-text-align-center\">Marketing do Evento<\/h3>\n\n\n\n<p class=\"has-text-align-center has-da-grey-1-color has-text-color has-link-color wp-elements-9807c90495ecec39ff8ca399f5c89a2d\">Tenha certeza de que voc\u00ea tem tudo o que precisa para fazer qualquer evento sem problemas. Lide basicamente com qualquer coisa, com exce\u00e7\u00e3o da venda de ingressos com Zenkit!<\/p>\n<\/div>\n<\/div>\n\n\n\n<div class=\"wp-block-group solutions__box has-global-padding is-layout-constrained wp-block-group-is-layout-constrained\" style=\"border-radius:20px\">\n<div class=\"wp-block-group has-global-padding is-layout-constrained wp-block-group-is-layout-constrained\" style=\"margin-bottom:24px\">\n<figure class=\"wp-block-image aligncenter size-full\"><img loading=\"lazy\" decoding=\"async\" width=\"500\" height=\"296\" src=\"https:\/\/zenkit.com\/wp-content\/uploads\/2025\/05\/festival-management.webp\" alt=\"Gerenciamento de um Festival\" class=\"wp-image-112439\" srcset=\"https:\/\/zenkit.com\/wp-content\/uploads\/2025\/05\/festival-management.webp 500w, https:\/\/zenkit.com\/wp-content\/uploads\/2025\/05\/festival-management-300x178.webp 300w\" sizes=\"auto, (max-width: 500px) 100vw, 500px\" \/><\/figure>\n<\/div>\n\n\n\n<div class=\"wp-block-group has-global-padding is-layout-constrained wp-container-core-group-is-layout-bdda2a7d wp-block-group-is-layout-constrained\" style=\"padding-right:30px;padding-bottom:32px;padding-left:30px\">\n<h3 class=\"wp-block-heading has-text-align-center\">Gerenciamento de um Festival<\/h3>\n\n\n\n<p class=\"has-text-align-center has-da-grey-1-color has-text-color has-link-color wp-elements-8ff6ed184aa3f1f279e8135529aff70f\">Desde a conceitua\u00e7\u00e3o at\u00e9 uma grande exposi\u00e7\u00e3o, coordene tudo, desde a administra\u00e7\u00e3o do artista e voluntariado at\u00e9 a seguran\u00e7a e o buffet.<\/p>\n<\/div>\n<\/div>\n\n\n\n<div class=\"wp-block-group solutions__box has-global-padding is-layout-constrained wp-block-group-is-layout-constrained\" style=\"border-radius:20px\">\n<div class=\"wp-block-group has-global-padding is-layout-constrained wp-block-group-is-layout-constrained\" style=\"margin-bottom:24px\">\n<figure class=\"wp-block-image aligncenter size-full\"><img loading=\"lazy\" decoding=\"async\" width=\"500\" height=\"296\" src=\"https:\/\/zenkit.com\/wp-content\/uploads\/2025\/05\/dinner-party-planning.webp\" alt=\"Planejamento de Jantares\" class=\"wp-image-112449\" srcset=\"https:\/\/zenkit.com\/wp-content\/uploads\/2025\/05\/dinner-party-planning.webp 500w, https:\/\/zenkit.com\/wp-content\/uploads\/2025\/05\/dinner-party-planning-300x178.webp 300w\" sizes=\"auto, (max-width: 500px) 100vw, 500px\" \/><\/figure>\n<\/div>\n\n\n\n<div class=\"wp-block-group has-global-padding is-layout-constrained wp-container-core-group-is-layout-bdda2a7d wp-block-group-is-layout-constrained\" style=\"padding-right:30px;padding-bottom:32px;padding-left:30px\">\n<h3 class=\"wp-block-heading has-text-align-center\">Planejamento de Jantares<\/h3>\n\n\n\n<p class=\"has-text-align-center has-da-grey-1-color has-text-color has-link-color wp-elements-35f14dd284c17a3116e1ff92a01c804f\">\u00c0s vezes um simples jantar precisa de mais planejamento do que voc\u00ea pensa! Lide com listas de convidados, exig\u00eancias de dietas, receitas e muito mais.<\/p>\n<\/div>\n<\/div>\n\n\n\n<div class=\"wp-block-group solutions__box has-global-padding is-layout-constrained wp-block-group-is-layout-constrained\" style=\"border-radius:20px\">\n<div class=\"wp-block-group has-global-padding is-layout-constrained wp-block-group-is-layout-constrained\" style=\"margin-bottom:24px\">\n<figure class=\"wp-block-image aligncenter size-full\"><img loading=\"lazy\" decoding=\"async\" width=\"500\" height=\"296\" src=\"https:\/\/zenkit.com\/wp-content\/uploads\/2025\/05\/birthday.webp\" alt=\"Planejamento de Anivers\u00e1rios\" class=\"wp-image-112459\" srcset=\"https:\/\/zenkit.com\/wp-content\/uploads\/2025\/05\/birthday.webp 500w, https:\/\/zenkit.com\/wp-content\/uploads\/2025\/05\/birthday-300x178.webp 300w\" sizes=\"auto, (max-width: 500px) 100vw, 500px\" \/><\/figure>\n<\/div>\n\n\n\n<div class=\"wp-block-group has-global-padding is-layout-constrained wp-container-core-group-is-layout-bdda2a7d wp-block-group-is-layout-constrained\" style=\"padding-right:30px;padding-bottom:32px;padding-left:30px\">\n<h3 class=\"wp-block-heading has-text-align-center\">Planejamento de Anivers\u00e1rios<\/h3>\n\n\n\n<p class=\"has-text-align-center has-da-grey-1-color has-text-color has-link-color wp-elements-cfe82a2795dfa6efec4c6cdd944f4152\">Planeje qualquer anivers\u00e1rio, grande ou pequeno com Zenkit: rastreie tudo, desde convidados e m\u00fasica ao local, entretenimento, funcion\u00e1rios e decora\u00e7\u00e3o.<\/p>\n<\/div>\n<\/div>\n<\/div>\n\n\n\n<div style=\"height:88px;--tablet-height:72px;--mobile-height:36px\" class=\"wp-block-lookeen-blocks-responsive-spacer\"><\/div>\n<\/div>\n\n\n\n<div class=\"wp-block-group has-da-blue-light-background-color has-background has-global-padding is-layout-constrained wp-container-core-group-is-layout-bea02a06 wp-block-group-is-layout-constrained\">\n<div style=\"height:88px;--tablet-height:72px;--mobile-height:36px\" class=\"wp-block-lookeen-blocks-responsive-spacer\"><\/div>\n\n\n\n<p class=\"has-text-align-center\">Quer voc\u00ea esteja planejando algo pequeno para amigos, administrando a festa de Natal do escrit\u00f3rio ou trabalhando como planejador profissional de eventos, Zenkit tem o alcance e a capacidade de te ajudar a realizar qualquer evento com sucesso.<\/p>\n\n\n\n<div class=\"wp-block-buttons is-content-justification-center is-layout-flex wp-container-core-buttons-is-layout-a89b3969 wp-block-buttons-is-layout-flex\">\n<div class=\"wp-block-button\"><a class=\"wp-block-button__link wp-element-button\" href=\"https:\/\/app.zenkit.com\/register\" target=\"_blank\" rel=\"noreferrer noopener\">Junte-se gratuitamente<\/a><\/div>\n<\/div>\n\n\n\n<div style=\"height:88px;--tablet-height:72px;--mobile-height:36px\" class=\"wp-block-lookeen-blocks-responsive-spacer\"><\/div>\n<\/div>\n","protected":false},"excerpt":{"rendered":"<p>Gerenciamento de Eventos com Zenkit Planejamento geral, com aten\u00e7\u00e3o aos detalhes Como qualquer grande projeto, coordenar um evento com sucesso requer o acompanhamento de milhares de pe\u00e7as em movimento. Muitas vezes encarregados de planejar, programar, reservar, projetar, e muito mais, os gerentes de eventos t\u00eam seu trabalho facilitado. Quando se trata de planejamento de eventos, [&hellip;]<\/p>\n","protected":false},"author":30,"featured_media":0,"parent":139683,"menu_order":5,"comment_status":"closed","ping_status":"closed","template":"template-general-flexible.php","meta":{"yasr_overall_rating":0,"yasr_post_is_review":"","yasr_auto_insert_disabled":"","yasr_review_type":"","footnotes":""},"class_list":["post-72597","page","type-page","status-publish","hentry"],"yoast_head":"<!-- This site is optimized with the Yoast SEO plugin v27.3 - https:\/\/yoast.com\/product\/yoast-seo-wordpress\/ -->\n<title>Event Management | Zenkit<\/title>\n<meta name=\"description\" content=\"From selecting locations and managing budges, to scheduling volunteers and booking talent, Zenkit is the perfect addition to any event planner&#039;s toolkit.\" \/>\n<meta name=\"robots\" content=\"index, follow, max-snippet:-1, max-image-preview:large, max-video-preview:-1\" \/>\n<link rel=\"canonical\" href=\"https:\/\/zenkit.com\/pt-br\/solutions\/event-management\/\" \/>\n<meta property=\"og:locale\" content=\"pt_BR\" \/>\n<meta property=\"og:type\" content=\"article\" \/>\n<meta property=\"og:title\" content=\"Event Management | Zenkit\" \/>\n<meta property=\"og:description\" content=\"From selecting locations and managing budges, to scheduling volunteers and booking talent, Zenkit is the perfect addition to any event planner&#039;s toolkit.\" \/>\n<meta property=\"og:url\" content=\"https:\/\/zenkit.com\/pt-br\/solutions\/event-management\/\" \/>\n<meta property=\"og:site_name\" content=\"Zenkit\" \/>\n<meta property=\"article:publisher\" content=\"https:\/\/www.facebook.com\/ZenkitHQ\" \/>\n<meta property=\"article:modified_time\" content=\"2025-09-13T11:36:37+00:00\" \/>\n<meta property=\"og:image\" content=\"https:\/\/zenkit.com\/wp-content\/uploads\/2025\/05\/major-event-masterplan.webp\" \/>\n<meta name=\"twitter:card\" content=\"summary_large_image\" \/>\n<meta name=\"twitter:site\" content=\"@ZenkitHQ\" \/>\n<meta name=\"twitter:label1\" content=\"Est. tempo de leitura\" \/>\n\t<meta name=\"twitter:data1\" content=\"2 minutos\" \/>\n<script type=\"application\/ld+json\" class=\"yoast-schema-graph\">{\"@context\":\"https:\\\/\\\/schema.org\",\"@graph\":[{\"@type\":\"WebPage\",\"@id\":\"https:\\\/\\\/zenkit.com\\\/pt-br\\\/solutions\\\/event-management\\\/\",\"url\":\"https:\\\/\\\/zenkit.com\\\/pt-br\\\/solutions\\\/event-management\\\/\",\"name\":\"Event Management | Zenkit\",\"isPartOf\":{\"@id\":\"https:\\\/\\\/zenkit.com\\\/pt-br\\\/#website\"},\"primaryImageOfPage\":{\"@id\":\"https:\\\/\\\/zenkit.com\\\/pt-br\\\/solutions\\\/event-management\\\/#primaryimage\"},\"image\":{\"@id\":\"https:\\\/\\\/zenkit.com\\\/pt-br\\\/solutions\\\/event-management\\\/#primaryimage\"},\"thumbnailUrl\":\"https:\\\/\\\/zenkit.com\\\/wp-content\\\/uploads\\\/2025\\\/05\\\/major-event-masterplan.webp\",\"datePublished\":\"2019-09-12T14:38:30+00:00\",\"dateModified\":\"2025-09-13T11:36:37+00:00\",\"description\":\"From selecting locations and managing budges, to scheduling volunteers and booking talent, Zenkit is the perfect addition to any event planner's toolkit.\",\"breadcrumb\":{\"@id\":\"https:\\\/\\\/zenkit.com\\\/pt-br\\\/solutions\\\/event-management\\\/#breadcrumb\"},\"inLanguage\":\"pt-BR\",\"potentialAction\":[{\"@type\":\"ReadAction\",\"target\":[\"https:\\\/\\\/zenkit.com\\\/pt-br\\\/solutions\\\/event-management\\\/\"]}]},{\"@type\":\"ImageObject\",\"inLanguage\":\"pt-BR\",\"@id\":\"https:\\\/\\\/zenkit.com\\\/pt-br\\\/solutions\\\/event-management\\\/#primaryimage\",\"url\":\"https:\\\/\\\/zenkit.com\\\/wp-content\\\/uploads\\\/2025\\\/05\\\/major-event-masterplan.webp\",\"contentUrl\":\"https:\\\/\\\/zenkit.com\\\/wp-content\\\/uploads\\\/2025\\\/05\\\/major-event-masterplan.webp\"},{\"@type\":\"BreadcrumbList\",\"@id\":\"https:\\\/\\\/zenkit.com\\\/pt-br\\\/solutions\\\/event-management\\\/#breadcrumb\",\"itemListElement\":[{\"@type\":\"ListItem\",\"position\":1,\"name\":\"Home\",\"item\":\"https:\\\/\\\/zenkit.com\\\/pt-br\\\/\"},{\"@type\":\"ListItem\",\"position\":2,\"name\":\"Solu\u00e7\u00f5es\",\"item\":\"https:\\\/\\\/zenkit.com\\\/pt-br\\\/solutions\\\/\"},{\"@type\":\"ListItem\",\"position\":3,\"name\":\"Event Management\"}]},{\"@type\":\"WebSite\",\"@id\":\"https:\\\/\\\/zenkit.com\\\/pt-br\\\/#website\",\"url\":\"https:\\\/\\\/zenkit.com\\\/pt-br\\\/\",\"name\":\"Zenkit\",\"description\":\"Zenkit Tagline\",\"potentialAction\":[{\"@type\":\"SearchAction\",\"target\":{\"@type\":\"EntryPoint\",\"urlTemplate\":\"https:\\\/\\\/zenkit.com\\\/pt-br\\\/?s={search_term_string}\"},\"query-input\":{\"@type\":\"PropertyValueSpecification\",\"valueRequired\":true,\"valueName\":\"search_term_string\"}}],\"inLanguage\":\"pt-BR\"},false]}<\/script>\n<!-- \/ Yoast SEO plugin. -->","yoast_head_json":{"title":"Event Management | Zenkit","description":"From selecting locations and managing budges, to scheduling volunteers and booking talent, Zenkit is the perfect addition to any event planner's toolkit.","robots":{"index":"index","follow":"follow","max-snippet":"max-snippet:-1","max-image-preview":"max-image-preview:large","max-video-preview":"max-video-preview:-1"},"canonical":"https:\/\/zenkit.com\/pt-br\/solutions\/event-management\/","og_locale":"pt_BR","og_type":"article","og_title":"Event Management | Zenkit","og_description":"From selecting locations and managing budges, to scheduling volunteers and booking talent, Zenkit is the perfect addition to any event planner's toolkit.","og_url":"https:\/\/zenkit.com\/pt-br\/solutions\/event-management\/","og_site_name":"Zenkit","article_publisher":"https:\/\/www.facebook.com\/ZenkitHQ","article_modified_time":"2025-09-13T11:36:37+00:00","og_image":[{"url":"https:\/\/zenkit.com\/wp-content\/uploads\/2025\/05\/major-event-masterplan.webp","type":"","width":"","height":""}],"twitter_card":"summary_large_image","twitter_site":"@ZenkitHQ","twitter_misc":{"Est. tempo de leitura":"2 minutos"},"schema":{"@context":"https:\/\/schema.org","@graph":[{"@type":"WebPage","@id":"https:\/\/zenkit.com\/pt-br\/solutions\/event-management\/","url":"https:\/\/zenkit.com\/pt-br\/solutions\/event-management\/","name":"Event Management | Zenkit","isPartOf":{"@id":"https:\/\/zenkit.com\/pt-br\/#website"},"primaryImageOfPage":{"@id":"https:\/\/zenkit.com\/pt-br\/solutions\/event-management\/#primaryimage"},"image":{"@id":"https:\/\/zenkit.com\/pt-br\/solutions\/event-management\/#primaryimage"},"thumbnailUrl":"https:\/\/zenkit.com\/wp-content\/uploads\/2025\/05\/major-event-masterplan.webp","datePublished":"2019-09-12T14:38:30+00:00","dateModified":"2025-09-13T11:36:37+00:00","description":"From selecting locations and managing budges, to scheduling volunteers and booking talent, Zenkit is the perfect addition to any event planner's toolkit.","breadcrumb":{"@id":"https:\/\/zenkit.com\/pt-br\/solutions\/event-management\/#breadcrumb"},"inLanguage":"pt-BR","potentialAction":[{"@type":"ReadAction","target":["https:\/\/zenkit.com\/pt-br\/solutions\/event-management\/"]}]},{"@type":"ImageObject","inLanguage":"pt-BR","@id":"https:\/\/zenkit.com\/pt-br\/solutions\/event-management\/#primaryimage","url":"https:\/\/zenkit.com\/wp-content\/uploads\/2025\/05\/major-event-masterplan.webp","contentUrl":"https:\/\/zenkit.com\/wp-content\/uploads\/2025\/05\/major-event-masterplan.webp"},{"@type":"BreadcrumbList","@id":"https:\/\/zenkit.com\/pt-br\/solutions\/event-management\/#breadcrumb","itemListElement":[{"@type":"ListItem","position":1,"name":"Home","item":"https:\/\/zenkit.com\/pt-br\/"},{"@type":"ListItem","position":2,"name":"Solu\u00e7\u00f5es","item":"https:\/\/zenkit.com\/pt-br\/solutions\/"},{"@type":"ListItem","position":3,"name":"Event Management"}]},{"@type":"WebSite","@id":"https:\/\/zenkit.com\/pt-br\/#website","url":"https:\/\/zenkit.com\/pt-br\/","name":"Zenkit","description":"Zenkit Tagline","potentialAction":[{"@type":"SearchAction","target":{"@type":"EntryPoint","urlTemplate":"https:\/\/zenkit.com\/pt-br\/?s={search_term_string}"},"query-input":{"@type":"PropertyValueSpecification","valueRequired":true,"valueName":"search_term_string"}}],"inLanguage":"pt-BR"},false]}},"yasr_visitor_votes":{"stars_attributes":{"read_only":false,"span_bottom":false},"number_of_votes":0,"sum_votes":0},"_links":{"self":[{"href":"https:\/\/zenkit.com\/pt-br\/wp-json\/wp\/v2\/pages\/72597","targetHints":{"allow":["GET"]}}],"collection":[{"href":"https:\/\/zenkit.com\/pt-br\/wp-json\/wp\/v2\/pages"}],"about":[{"href":"https:\/\/zenkit.com\/pt-br\/wp-json\/wp\/v2\/types\/page"}],"author":[{"embeddable":true,"href":"https:\/\/zenkit.com\/pt-br\/wp-json\/wp\/v2\/users\/30"}],"replies":[{"embeddable":true,"href":"https:\/\/zenkit.com\/pt-br\/wp-json\/wp\/v2\/comments?post=72597"}],"version-history":[{"count":1,"href":"https:\/\/zenkit.com\/pt-br\/wp-json\/wp\/v2\/pages\/72597\/revisions"}],"predecessor-version":[{"id":147852,"href":"https:\/\/zenkit.com\/pt-br\/wp-json\/wp\/v2\/pages\/72597\/revisions\/147852"}],"up":[{"embeddable":true,"href":"https:\/\/zenkit.com\/pt-br\/wp-json\/wp\/v2\/pages\/139683"}],"wp:attachment":[{"href":"https:\/\/zenkit.com\/pt-br\/wp-json\/wp\/v2\/media?parent=72597"}],"curies":[{"name":"wp","href":"https:\/\/api.w.org\/{rel}","templated":true}]}}