{"id":72778,"date":"2021-06-14T13:45:38","date_gmt":"2021-06-14T11:45:38","guid":{"rendered":"https:\/\/zenkit.com\/forms\/"},"modified":"2025-09-24T04:24:22","modified_gmt":"2025-09-24T02:24:22","slug":"forms","status":"publish","type":"page","link":"https:\/\/zenkit.com\/pt-br\/forms\/","title":{"rendered":"Zenforms"},"content":{"rendered":"\n<div class=\"wp-block-group has-global-padding is-layout-constrained wp-block-group-is-layout-constrained\">\n<div class=\"wp-block-group width--950 has-global-padding is-layout-constrained wp-block-group-is-layout-constrained\">\n<div style=\"height:45px;--tablet-height:45px;--mobile-height:16px\" class=\"wp-block-lookeen-blocks-responsive-spacer\"><\/div>\n\n\n\n<div class=\"wp-block-group has-global-padding is-layout-constrained wp-block-group-is-layout-constrained\">\n<h1 class=\"wp-block-heading has-text-align-center\" style=\"margin-bottom:8px\">Formul\u00e1rios Simples e Poderosos<\/h1>\n<\/div>\n\n\n\n<div class=\"wp-block-group has-global-padding is-layout-constrained wp-block-group-is-layout-constrained\">\n<p class=\"has-text-align-center subheading\">Formul\u00e1rios din\u00e2micos para impulsionar mudan\u00e7as reais<\/p>\n<\/div>\n\n\n\n<div style=\"height:48px;--tablet-height:36px;--mobile-height:24px\" class=\"wp-block-lookeen-blocks-responsive-spacer\"><\/div>\n\n\n\n\n\n\t\t            <div class=\"bannerSlideshow\">\n\t            <div class=\"bannerImage ipadFront\" id=\"bannerImage\">\n                    <div class=\"ipad box\">\n                        <div class=\"buttons\">\n                            <span class=\"onOff\"><\/span>\n                            <span class=\"volume loud\"><\/span>\n                            <span class=\"volume soft\"><\/span>\n                        <\/div>\n                        <div class=\"inner\">\n                            <video autoplay muted loop playsinline>\n                                <source src=\"https:\/\/zenkit.com\/wp-content\/uploads\/2025\/05\/ipad-forms-min.mp4\" type=\"video\/mp4\">\n                            <\/video>\n                        <\/div>\n                        <div class=\"shadow\"><\/div>\n                    <\/div>\n\n                    <div class=\"iphone box\">\n                        <div class=\"buttons\">\n                            <span class=\"onOff\"><\/span>\n                            <span class=\"volume loud\"><\/span>\n                            <span class=\"volume soft\"><\/span>\n                        <\/div>\n                        <div class=\"inner\">\n                            <video autoplay muted loop playsinline>\n                                <source src=\"https:\/\/zenkit.com\/wp-content\/uploads\/2022\/03\/iphone-forms-min.mp4\" type=\"video\/mp4\">\n                            <\/video>\n                        <\/div>\n                        <div class=\"shadow\"><\/div>\n                    <\/div>\n                <\/div>\n                                     <img decoding=\"async\" src=\"https:\/\/zenkit.com\/wp-content\/uploads\/2022\/03\/mobile-forms.png\" alt=\"Mobile Display\" class=\"mobile\" \/>\n                            <\/div>\n\t\t\n\t\t\n\n\n       \n\n\n\n\n<div style=\"height:88px;--tablet-height:72px;--mobile-height:36px\" class=\"wp-block-lookeen-blocks-responsive-spacer\"><\/div>\n<\/div>\n<\/div>\n\n\n\n<div class=\"wp-block-group hide__desktop play__store-cta has-global-padding is-layout-constrained wp-block-group-is-layout-constrained\">\n<div style=\"height:88px;--tablet-height:72px;--mobile-height:36px\" class=\"wp-block-lookeen-blocks-responsive-spacer\"><\/div>\n\n\n\n<div class=\"wp-block-group is-content-justification-center is-nowrap is-layout-flex wp-container-core-group-is-layout-3be9d861 wp-block-group-is-layout-flex\">\n<figure class=\"wp-block-image size-full is-resized\"><a href=\"https:\/\/apps.apple.com\/app\/zenforms\/id1608879940\" target=\"_blank\" rel=\" noreferrer noopener\"><img decoding=\"async\" src=\"https:\/\/zenkit.com\/wp-content\/uploads\/2020\/10\/apple-store-badge.svg\" alt=\"\" class=\"wp-image-51606\" style=\"width:300px\"\/><\/a><\/figure>\n\n\n\n<figure class=\"wp-block-image size-full is-resized\"><a href=\"https:\/\/play.google.com\/store\/apps\/details?id=com.zenkit.forms\" target=\"_blank\" rel=\" noreferrer noopener\"><img decoding=\"async\" src=\"https:\/\/zenkit.com\/wp-content\/uploads\/2020\/10\/google-play-badge.svg\" alt=\"\" class=\"wp-image-51616\" style=\"width:300px\"\/><\/a><\/figure>\n<\/div>\n<\/div>\n\n\n\n<div class=\"wp-block-group has-global-padding is-layout-constrained wp-container-core-group-is-layout-bea02a06 wp-block-group-is-layout-constrained\">\n<div style=\"height:88px;--tablet-height:72px;--mobile-height:36px\" class=\"wp-block-lookeen-blocks-responsive-spacer\"><\/div>\n\n\n\n<div class=\"wp-block-columns is-style-da-column-order-reverse is-layout-flex wp-container-core-columns-is-layout-30613988 wp-block-columns-is-layout-flex\" style=\"margin-top:0px;margin-bottom:0px\">\n<div class=\"wp-block-column is-vertically-aligned-center is-layout-flow wp-block-column-is-layout-flow\">\n<h2 class=\"wp-block-heading has-text-align-center\">D\u00ea uma Voz aos Seus Usu\u00e1rios<\/h2>\n\n\n\n<p class=\"has-text-align-center\">Zenforms \u00e9 um construtor de formul\u00e1rios simples mas poderoso para obter qualquer informa\u00e7\u00e3o que deseje: engaje-se com sua comunidade, colete dados importantes para o pr\u00f3ximo lan\u00e7amento de um produto, obtenha retorno valioso dos seus clientes, ou colete endere\u00e7os de e-mail para o boletim informativo da empresa.<\/p>\n<\/div>\n\n\n\n<div class=\"wp-block-column is-vertically-aligned-center is-layout-flow wp-block-column-is-layout-flow\" style=\"padding-top:0px;padding-right:20px;padding-bottom:0px;padding-left:20px\">\n<figure class=\"wp-block-image size-large\"><img loading=\"lazy\" decoding=\"async\" width=\"1024\" height=\"809\" src=\"https:\/\/zenkit.com\/wp-content\/uploads\/2025\/06\/Give-Users-a-Voice-1024x809.webp\" alt=\"D\u00ea uma Voz aos Seus Usu\u00e1rios\" class=\"wp-image-115545\" srcset=\"https:\/\/zenkit.com\/wp-content\/uploads\/2025\/06\/Give-Users-a-Voice-1024x809.webp 1024w, https:\/\/zenkit.com\/wp-content\/uploads\/2025\/06\/Give-Users-a-Voice-300x237.webp 300w, https:\/\/zenkit.com\/wp-content\/uploads\/2025\/06\/Give-Users-a-Voice-768x606.webp 768w, https:\/\/zenkit.com\/wp-content\/uploads\/2025\/06\/Give-Users-a-Voice.webp 1184w\" sizes=\"auto, (max-width: 1024px) 100vw, 1024px\" \/><\/figure>\n<\/div>\n<\/div>\n\n\n\n<div style=\"height:48px;--tablet-height:36px;--mobile-height:24px\" class=\"wp-block-lookeen-blocks-responsive-spacer\"><\/div>\n\n\n\n<div class=\"wp-block-columns is-style-default is-layout-flex wp-container-core-columns-is-layout-30613988 wp-block-columns-is-layout-flex\" style=\"margin-top:0px;margin-bottom:0px\">\n<div class=\"wp-block-column is-vertically-aligned-center is-layout-flow wp-block-column-is-layout-flow\" style=\"padding-top:0px;padding-right:20px;padding-bottom:0px;padding-left:20px\">\n<figure class=\"wp-block-image size-large\"><img loading=\"lazy\" decoding=\"async\" width=\"1024\" height=\"947\" src=\"https:\/\/zenkit.com\/wp-content\/uploads\/2025\/06\/Better-Data.-Better-Decisions-1024x947.webp\" alt=\"Melhores Dados. Melhores Decis\u00f5es.\" class=\"wp-image-115555\" srcset=\"https:\/\/zenkit.com\/wp-content\/uploads\/2025\/06\/Better-Data.-Better-Decisions-1024x947.webp 1024w, https:\/\/zenkit.com\/wp-content\/uploads\/2025\/06\/Better-Data.-Better-Decisions-300x277.webp 300w, https:\/\/zenkit.com\/wp-content\/uploads\/2025\/06\/Better-Data.-Better-Decisions-768x710.webp 768w, https:\/\/zenkit.com\/wp-content\/uploads\/2025\/06\/Better-Data.-Better-Decisions.webp 1074w\" sizes=\"auto, (max-width: 1024px) 100vw, 1024px\" \/><\/figure>\n<\/div>\n\n\n\n<div class=\"wp-block-column is-vertically-aligned-center is-layout-flow wp-block-column-is-layout-flow\">\n<h2 class=\"wp-block-heading has-text-align-center\">Melhores Dados. Melhores Decis\u00f5es.<\/h2>\n\n\n\n<p class=\"has-text-align-center\">Obtenha uma melhor vis\u00e3o dos seus projetos em andamento e as opini\u00f5es de todos os envolvidos.<\/p>\n\n\n\n<p class=\"has-text-align-center\">Melhore a qualidade de servi\u00e7o com retornos valiosos dos recursos, lan\u00e7amentos e outras sugest\u00f5es \u00fateis!<\/p>\n<\/div>\n<\/div>\n\n\n\n<div style=\"height:48px;--tablet-height:36px;--mobile-height:24px\" class=\"wp-block-lookeen-blocks-responsive-spacer\"><\/div>\n\n\n\n<div class=\"wp-block-columns is-style-da-column-order-reverse is-layout-flex wp-container-core-columns-is-layout-30613988 wp-block-columns-is-layout-flex\" style=\"margin-top:0px;margin-bottom:0px\">\n<div class=\"wp-block-column is-vertically-aligned-center is-layout-flow wp-block-column-is-layout-flow\">\n<h2 class=\"wp-block-heading has-text-align-center\">Formul\u00e1rios Multin\u00edveis<\/h2>\n\n\n\n<p class=\"has-text-align-center\">Colete ainda mais informa\u00e7\u00f5es com subformul\u00e1rios. Subformul\u00e1rios te permitem a perguntar quest\u00f5es mais profundas sobre cen\u00e1rios complexos e melhorar a coleta de dados, como reservas com uma lista de pessoas, ou um boleto com uma lista de produtos.<\/p>\n<\/div>\n\n\n\n<div class=\"wp-block-column is-vertically-aligned-center is-layout-flow wp-block-column-is-layout-flow\" style=\"padding-top:0px;padding-right:20px;padding-bottom:0px;padding-left:20px\">\n<figure class=\"wp-block-image size-large\"><img loading=\"lazy\" decoding=\"async\" width=\"1024\" height=\"809\" src=\"https:\/\/zenkit.com\/wp-content\/uploads\/2025\/06\/Multi-level-Forms-1024x809.webp\" alt=\"Formul\u00e1rios Multin\u00edveis\" class=\"wp-image-115565\" srcset=\"https:\/\/zenkit.com\/wp-content\/uploads\/2025\/06\/Multi-level-Forms-1024x809.webp 1024w, https:\/\/zenkit.com\/wp-content\/uploads\/2025\/06\/Multi-level-Forms-300x237.webp 300w, https:\/\/zenkit.com\/wp-content\/uploads\/2025\/06\/Multi-level-Forms-768x606.webp 768w, https:\/\/zenkit.com\/wp-content\/uploads\/2025\/06\/Multi-level-Forms.webp 1184w\" sizes=\"auto, (max-width: 1024px) 100vw, 1024px\" \/><\/figure>\n<\/div>\n<\/div>\n\n\n\n<div style=\"height:48px;--tablet-height:36px;--mobile-height:24px\" class=\"wp-block-lookeen-blocks-responsive-spacer\"><\/div>\n\n\n\n<div class=\"wp-block-columns is-style-default is-layout-flex wp-container-core-columns-is-layout-30613988 wp-block-columns-is-layout-flex\" style=\"margin-top:0px;margin-bottom:0px\">\n<div class=\"wp-block-column is-vertically-aligned-center is-layout-flow wp-block-column-is-layout-flow\" style=\"padding-top:0px;padding-right:20px;padding-bottom:0px;padding-left:20px\">\n<figure class=\"wp-block-image size-large\"><img loading=\"lazy\" decoding=\"async\" width=\"1024\" height=\"809\" src=\"https:\/\/zenkit.com\/wp-content\/uploads\/2025\/06\/Full-Page-or-Embedded-Forms-1024x809.webp\" alt=\"P\u00e1gina Inteira ou Integra\u00e7\u00e3o\" class=\"wp-image-115575\" srcset=\"https:\/\/zenkit.com\/wp-content\/uploads\/2025\/06\/Full-Page-or-Embedded-Forms-1024x809.webp 1024w, https:\/\/zenkit.com\/wp-content\/uploads\/2025\/06\/Full-Page-or-Embedded-Forms-300x237.webp 300w, https:\/\/zenkit.com\/wp-content\/uploads\/2025\/06\/Full-Page-or-Embedded-Forms-768x606.webp 768w, https:\/\/zenkit.com\/wp-content\/uploads\/2025\/06\/Full-Page-or-Embedded-Forms.webp 1184w\" sizes=\"auto, (max-width: 1024px) 100vw, 1024px\" \/><\/figure>\n<\/div>\n\n\n\n<div class=\"wp-block-column is-vertically-aligned-center is-layout-flow wp-block-column-is-layout-flow\">\n<h2 class=\"wp-block-heading has-text-align-center\">P\u00e1gina Inteira ou Integra\u00e7\u00e3o<\/h2>\n\n\n\n<p class=\"has-text-align-center\">Voc\u00ea pode criar formul\u00e1rios independentes com um clique sem necessitar do seu pr\u00f3prio website.<\/p>\n\n\n\n<p class=\"has-text-align-center\">Ou, pode usar um \u201ciframe\u201d para integrar um formul\u00e1rio em uma p\u00e1gina web existente.<\/p>\n<\/div>\n<\/div>\n\n\n\n<div style=\"height:48px;--tablet-height:36px;--mobile-height:24px\" class=\"wp-block-lookeen-blocks-responsive-spacer\"><\/div>\n\n\n\n<div class=\"wp-block-columns is-style-da-column-order-reverse is-layout-flex wp-container-core-columns-is-layout-30613988 wp-block-columns-is-layout-flex\" style=\"margin-top:0px;margin-bottom:0px\">\n<div class=\"wp-block-column is-vertically-aligned-center is-layout-flow wp-block-column-is-layout-flow\">\n<h2 class=\"wp-block-heading has-text-align-center\">Dispon\u00edvel para Celulares<\/h2>\n\n\n\n<p class=\"has-text-align-center\">Quer voc\u00ea esteja em movimento ou em seu desktop, Zenforms permite criar, editar e publicar formul\u00e1rios n\u00e3o importa a localiza\u00e7\u00e3o ou tamanho da tela.<\/p>\n\n\n\n<p class=\"has-text-align-center\">Zenforms tamb\u00e9m prov\u00ea suporte offline e nativo do aplicativo.<\/p>\n<\/div>\n\n\n\n<div class=\"wp-block-column is-vertically-aligned-center is-layout-flow wp-block-column-is-layout-flow\" style=\"padding-top:0px;padding-right:20px;padding-bottom:0px;padding-left:20px\">\n<figure class=\"wp-block-image size-large\"><img loading=\"lazy\" decoding=\"async\" width=\"1024\" height=\"809\" src=\"https:\/\/zenkit.com\/wp-content\/uploads\/2025\/06\/Mobile-Ready-1024x809.webp\" alt=\"Dispon\u00edvel para Celulares\" class=\"wp-image-115585\" srcset=\"https:\/\/zenkit.com\/wp-content\/uploads\/2025\/06\/Mobile-Ready-1024x809.webp 1024w, https:\/\/zenkit.com\/wp-content\/uploads\/2025\/06\/Mobile-Ready-300x237.webp 300w, https:\/\/zenkit.com\/wp-content\/uploads\/2025\/06\/Mobile-Ready-768x606.webp 768w, https:\/\/zenkit.com\/wp-content\/uploads\/2025\/06\/Mobile-Ready.webp 1184w\" sizes=\"auto, (max-width: 1024px) 100vw, 1024px\" \/><\/figure>\n<\/div>\n<\/div>\n\n\n\n<div style=\"height:48px;--tablet-height:36px;--mobile-height:24px\" class=\"wp-block-lookeen-blocks-responsive-spacer\"><\/div>\n\n\n\n<div class=\"wp-block-columns is-style-default is-layout-flex wp-container-core-columns-is-layout-30613988 wp-block-columns-is-layout-flex\" style=\"margin-top:0px;margin-bottom:0px\">\n<div class=\"wp-block-column is-vertically-aligned-center is-layout-flow wp-block-column-is-layout-flow\" style=\"padding-top:0px;padding-right:20px;padding-bottom:0px;padding-left:20px\">\n<figure class=\"wp-block-image size-large\"><img loading=\"lazy\" decoding=\"async\" width=\"1024\" height=\"809\" src=\"https:\/\/zenkit.com\/wp-content\/uploads\/2025\/06\/Connect-to-the-Suite-1024x809.webp\" alt=\"Conecte-se \u00e0 Zenkit Suite\" class=\"wp-image-115595\" srcset=\"https:\/\/zenkit.com\/wp-content\/uploads\/2025\/06\/Connect-to-the-Suite-1024x809.webp 1024w, https:\/\/zenkit.com\/wp-content\/uploads\/2025\/06\/Connect-to-the-Suite-300x237.webp 300w, https:\/\/zenkit.com\/wp-content\/uploads\/2025\/06\/Connect-to-the-Suite-768x606.webp 768w, https:\/\/zenkit.com\/wp-content\/uploads\/2025\/06\/Connect-to-the-Suite.webp 1184w\" sizes=\"auto, (max-width: 1024px) 100vw, 1024px\" \/><\/figure>\n<\/div>\n\n\n\n<div class=\"wp-block-column is-vertically-aligned-center is-layout-flow wp-block-column-is-layout-flow\">\n<h2 class=\"wp-block-heading has-text-align-center\">Conecte-se \u00e0 Zenkit Suite<\/h2>\n\n\n\n<p class=\"has-text-align-center\">Zenforms \u00e9 parte da Zenkit Suite. Isso significa que voc\u00ea pode usar os resultados do formul\u00e1rio em outros produtos tal como Base.<\/p>\n\n\n\n<p class=\"has-text-align-center\">Formul\u00e1rios tamb\u00e9m podem ser criados a partir de Collections existentes no universo Zenkit.<\/p>\n<\/div>\n<\/div>\n\n\n\n<div style=\"height:48px;--tablet-height:36px;--mobile-height:24px\" class=\"wp-block-lookeen-blocks-responsive-spacer\"><\/div>\n\n\n\n<div class=\"wp-block-columns is-style-da-column-order-reverse is-layout-flex wp-container-core-columns-is-layout-30613988 wp-block-columns-is-layout-flex\" style=\"margin-top:0px;margin-bottom:0px\">\n<div class=\"wp-block-column is-vertically-aligned-center is-layout-flow wp-block-column-is-layout-flow\">\n<h2 class=\"wp-block-heading has-text-align-center\">Pronto para Empresas<\/h2>\n\n\n\n<p class=\"has-text-align-center\">A plataforma Zenkit \u00e9 uma infraestrutura de n\u00edvel empresarial incluindo Gest\u00e3o de acesso (Fun\u00e7\u00f5es, Grupos), Provisionamento (SCIM), Gerenciamento de identidade (SAML, 2FA), Auditorias e mais.<\/p>\n<\/div>\n\n\n\n<div class=\"wp-block-column is-vertically-aligned-center is-layout-flow wp-block-column-is-layout-flow\" style=\"padding-top:0px;padding-right:20px;padding-bottom:0px;padding-left:20px\">\n<figure class=\"wp-block-image size-large\"><img loading=\"lazy\" decoding=\"async\" width=\"1024\" height=\"809\" src=\"https:\/\/zenkit.com\/wp-content\/uploads\/2025\/06\/Enterprise-Ready-1024x809.webp\" alt=\"Pronto para Empresas\" class=\"wp-image-115605\" srcset=\"https:\/\/zenkit.com\/wp-content\/uploads\/2025\/06\/Enterprise-Ready-1024x809.webp 1024w, https:\/\/zenkit.com\/wp-content\/uploads\/2025\/06\/Enterprise-Ready-300x237.webp 300w, https:\/\/zenkit.com\/wp-content\/uploads\/2025\/06\/Enterprise-Ready-768x606.webp 768w, https:\/\/zenkit.com\/wp-content\/uploads\/2025\/06\/Enterprise-Ready.webp 1184w\" sizes=\"auto, (max-width: 1024px) 100vw, 1024px\" \/><\/figure>\n<\/div>\n<\/div>\n\n\n\n<div style=\"height:48px;--tablet-height:36px;--mobile-height:24px\" class=\"wp-block-lookeen-blocks-responsive-spacer\"><\/div>\n\n\n\n<div class=\"wp-block-columns is-style-default is-layout-flex wp-container-core-columns-is-layout-30613988 wp-block-columns-is-layout-flex\" style=\"margin-top:0px;margin-bottom:0px\">\n<div class=\"wp-block-column is-vertically-aligned-center is-layout-flow wp-block-column-is-layout-flow\" style=\"padding-top:0px;padding-right:20px;padding-bottom:0px;padding-left:20px\">\n<figure class=\"wp-block-image size-large\"><img loading=\"lazy\" decoding=\"async\" width=\"1024\" height=\"809\" src=\"https:\/\/zenkit.com\/wp-content\/uploads\/2025\/06\/GDPR-Compliant-1024x809.webp\" alt=\"De acordo com a LGPD.\" class=\"wp-image-115615\" srcset=\"https:\/\/zenkit.com\/wp-content\/uploads\/2025\/06\/GDPR-Compliant-1024x809.webp 1024w, https:\/\/zenkit.com\/wp-content\/uploads\/2025\/06\/GDPR-Compliant-300x237.webp 300w, https:\/\/zenkit.com\/wp-content\/uploads\/2025\/06\/GDPR-Compliant-768x606.webp 768w, https:\/\/zenkit.com\/wp-content\/uploads\/2025\/06\/GDPR-Compliant.webp 1184w\" sizes=\"auto, (max-width: 1024px) 100vw, 1024px\" \/><\/figure>\n<\/div>\n\n\n\n<div class=\"wp-block-column is-vertically-aligned-center is-layout-flow wp-block-column-is-layout-flow\">\n<h2 class=\"wp-block-heading has-text-align-center\">De acordo com a LGPD.<\/h2>\n\n\n\n<p class=\"has-text-align-center\">Zenforms est\u00e1 comprometido em seguir as regula\u00e7\u00f5es inerentes \u00e0 LGPD.<\/p>\n\n\n\n<p class=\"has-text-align-center\">Todos os dados s\u00e3o processados de acordo com os princ\u00edpios do Artigo 5.1-2, garantindo transpar\u00eancia no uso dos dados.<\/p>\n<\/div>\n<\/div>\n<\/div>\n\n\n\n<div style=\"height:110px;--tablet-height:60px;--mobile-height:48px\" class=\"wp-block-lookeen-blocks-responsive-spacer\"><\/div>\n","protected":false},"excerpt":{"rendered":"<p>Formul\u00e1rios Simples e Poderosos Formul\u00e1rios din\u00e2micos para impulsionar mudan\u00e7as reais D\u00ea uma Voz aos Seus Usu\u00e1rios Zenforms \u00e9 um construtor de formul\u00e1rios simples mas poderoso para obter qualquer informa\u00e7\u00e3o que deseje: engaje-se com sua comunidade, colete dados importantes para o pr\u00f3ximo lan\u00e7amento de um produto, obtenha retorno valioso dos seus clientes, ou colete endere\u00e7os de [&hellip;]<\/p>\n","protected":false},"author":30,"featured_media":0,"parent":0,"menu_order":29,"comment_status":"closed","ping_status":"closed","template":"wp-custom-template-pt-page-zenforms","meta":{"yasr_overall_rating":0,"yasr_post_is_review":"","yasr_auto_insert_disabled":"","yasr_review_type":"","footnotes":""},"class_list":["post-72778","page","type-page","status-publish","hentry"],"yoast_head":"<!-- This site is optimized with the Yoast SEO plugin v27.3 - https:\/\/yoast.com\/product\/yoast-seo-wordpress\/ -->\n<title>Zenforms | Zenkit<\/title>\n<meta name=\"description\" content=\"Create easy and powerful forms in minutes\" \/>\n<meta name=\"robots\" content=\"index, follow, max-snippet:-1, max-image-preview:large, max-video-preview:-1\" \/>\n<link rel=\"canonical\" href=\"https:\/\/zenkit.com\/pt-br\/forms\/\" \/>\n<meta property=\"og:locale\" content=\"pt_BR\" \/>\n<meta property=\"og:type\" content=\"article\" \/>\n<meta property=\"og:title\" content=\"Zenforms | Zenkit\" \/>\n<meta property=\"og:description\" content=\"Create easy and powerful forms in minutes\" \/>\n<meta property=\"og:url\" content=\"https:\/\/zenkit.com\/pt-br\/forms\/\" \/>\n<meta property=\"og:site_name\" content=\"Zenkit\" \/>\n<meta property=\"article:publisher\" content=\"https:\/\/www.facebook.com\/ZenkitHQ\" \/>\n<meta property=\"article:modified_time\" content=\"2025-09-24T02:24:22+00:00\" \/>\n<meta property=\"og:image\" content=\"https:\/\/zenkit.com\/wp-content\/uploads\/2022\/03\/social.jpg\" \/>\n\t<meta property=\"og:image:width\" content=\"1200\" \/>\n\t<meta property=\"og:image:height\" content=\"630\" \/>\n\t<meta property=\"og:image:type\" content=\"image\/jpeg\" \/>\n<meta name=\"twitter:card\" content=\"summary_large_image\" \/>\n<meta name=\"twitter:description\" content=\"Create easy and powerful forms in minutes\" \/>\n<meta name=\"twitter:image\" content=\"https:\/\/zenkit.com\/wp-content\/uploads\/2022\/03\/social.jpg\" \/>\n<meta name=\"twitter:site\" content=\"@ZenkitHQ\" \/>\n<meta name=\"twitter:label1\" content=\"Est. tempo de leitura\" \/>\n\t<meta name=\"twitter:data1\" content=\"44 minutos\" \/>\n<script type=\"application\/ld+json\" class=\"yoast-schema-graph\">{\"@context\":\"https:\\\/\\\/schema.org\",\"@graph\":[{\"@type\":\"WebPage\",\"@id\":\"https:\\\/\\\/zenkit.com\\\/pt-br\\\/forms\\\/\",\"url\":\"https:\\\/\\\/zenkit.com\\\/pt-br\\\/forms\\\/\",\"name\":\"Zenforms | Zenkit\",\"isPartOf\":{\"@id\":\"https:\\\/\\\/zenkit.com\\\/pt-br\\\/#website\"},\"primaryImageOfPage\":{\"@id\":\"https:\\\/\\\/zenkit.com\\\/pt-br\\\/forms\\\/#primaryimage\"},\"image\":{\"@id\":\"https:\\\/\\\/zenkit.com\\\/pt-br\\\/forms\\\/#primaryimage\"},\"thumbnailUrl\":\"https:\\\/\\\/zenkit.com\\\/wp-content\\\/uploads\\\/2020\\\/10\\\/apple-store-badge.svg\",\"datePublished\":\"2021-06-14T11:45:38+00:00\",\"dateModified\":\"2025-09-24T02:24:22+00:00\",\"description\":\"Create easy and powerful forms in minutes\",\"breadcrumb\":{\"@id\":\"https:\\\/\\\/zenkit.com\\\/pt-br\\\/forms\\\/#breadcrumb\"},\"inLanguage\":\"pt-BR\",\"potentialAction\":[{\"@type\":\"ReadAction\",\"target\":[\"https:\\\/\\\/zenkit.com\\\/pt-br\\\/forms\\\/\"]}]},{\"@type\":\"ImageObject\",\"inLanguage\":\"pt-BR\",\"@id\":\"https:\\\/\\\/zenkit.com\\\/pt-br\\\/forms\\\/#primaryimage\",\"url\":\"https:\\\/\\\/zenkit.com\\\/wp-content\\\/uploads\\\/2020\\\/10\\\/apple-store-badge.svg\",\"contentUrl\":\"https:\\\/\\\/zenkit.com\\\/wp-content\\\/uploads\\\/2020\\\/10\\\/apple-store-badge.svg\"},{\"@type\":\"BreadcrumbList\",\"@id\":\"https:\\\/\\\/zenkit.com\\\/pt-br\\\/forms\\\/#breadcrumb\",\"itemListElement\":[{\"@type\":\"ListItem\",\"position\":1,\"name\":\"Home\",\"item\":\"https:\\\/\\\/zenkit.com\\\/pt-br\\\/\"},{\"@type\":\"ListItem\",\"position\":2,\"name\":\"Zenforms\"}]},{\"@type\":\"WebSite\",\"@id\":\"https:\\\/\\\/zenkit.com\\\/pt-br\\\/#website\",\"url\":\"https:\\\/\\\/zenkit.com\\\/pt-br\\\/\",\"name\":\"Zenkit\",\"description\":\"Zenkit Tagline\",\"potentialAction\":[{\"@type\":\"SearchAction\",\"target\":{\"@type\":\"EntryPoint\",\"urlTemplate\":\"https:\\\/\\\/zenkit.com\\\/pt-br\\\/?s={search_term_string}\"},\"query-input\":{\"@type\":\"PropertyValueSpecification\",\"valueRequired\":true,\"valueName\":\"search_term_string\"}}],\"inLanguage\":\"pt-BR\"},false]}<\/script>\n<!-- \/ Yoast SEO plugin. -->","yoast_head_json":{"title":"Zenforms | Zenkit","description":"Create easy and powerful forms in minutes","robots":{"index":"index","follow":"follow","max-snippet":"max-snippet:-1","max-image-preview":"max-image-preview:large","max-video-preview":"max-video-preview:-1"},"canonical":"https:\/\/zenkit.com\/pt-br\/forms\/","og_locale":"pt_BR","og_type":"article","og_title":"Zenforms | Zenkit","og_description":"Create easy and powerful forms in minutes","og_url":"https:\/\/zenkit.com\/pt-br\/forms\/","og_site_name":"Zenkit","article_publisher":"https:\/\/www.facebook.com\/ZenkitHQ","article_modified_time":"2025-09-24T02:24:22+00:00","og_image":[{"width":1200,"height":630,"url":"https:\/\/zenkit.com\/wp-content\/uploads\/2022\/03\/social.jpg","type":"image\/jpeg"}],"twitter_card":"summary_large_image","twitter_description":"Create easy and powerful forms in minutes","twitter_image":"https:\/\/zenkit.com\/wp-content\/uploads\/2022\/03\/social.jpg","twitter_site":"@ZenkitHQ","twitter_misc":{"Est. tempo de leitura":"44 minutos"},"schema":{"@context":"https:\/\/schema.org","@graph":[{"@type":"WebPage","@id":"https:\/\/zenkit.com\/pt-br\/forms\/","url":"https:\/\/zenkit.com\/pt-br\/forms\/","name":"Zenforms | Zenkit","isPartOf":{"@id":"https:\/\/zenkit.com\/pt-br\/#website"},"primaryImageOfPage":{"@id":"https:\/\/zenkit.com\/pt-br\/forms\/#primaryimage"},"image":{"@id":"https:\/\/zenkit.com\/pt-br\/forms\/#primaryimage"},"thumbnailUrl":"https:\/\/zenkit.com\/wp-content\/uploads\/2020\/10\/apple-store-badge.svg","datePublished":"2021-06-14T11:45:38+00:00","dateModified":"2025-09-24T02:24:22+00:00","description":"Create easy and powerful forms in minutes","breadcrumb":{"@id":"https:\/\/zenkit.com\/pt-br\/forms\/#breadcrumb"},"inLanguage":"pt-BR","potentialAction":[{"@type":"ReadAction","target":["https:\/\/zenkit.com\/pt-br\/forms\/"]}]},{"@type":"ImageObject","inLanguage":"pt-BR","@id":"https:\/\/zenkit.com\/pt-br\/forms\/#primaryimage","url":"https:\/\/zenkit.com\/wp-content\/uploads\/2020\/10\/apple-store-badge.svg","contentUrl":"https:\/\/zenkit.com\/wp-content\/uploads\/2020\/10\/apple-store-badge.svg"},{"@type":"BreadcrumbList","@id":"https:\/\/zenkit.com\/pt-br\/forms\/#breadcrumb","itemListElement":[{"@type":"ListItem","position":1,"name":"Home","item":"https:\/\/zenkit.com\/pt-br\/"},{"@type":"ListItem","position":2,"name":"Zenforms"}]},{"@type":"WebSite","@id":"https:\/\/zenkit.com\/pt-br\/#website","url":"https:\/\/zenkit.com\/pt-br\/","name":"Zenkit","description":"Zenkit Tagline","potentialAction":[{"@type":"SearchAction","target":{"@type":"EntryPoint","urlTemplate":"https:\/\/zenkit.com\/pt-br\/?s={search_term_string}"},"query-input":{"@type":"PropertyValueSpecification","valueRequired":true,"valueName":"search_term_string"}}],"inLanguage":"pt-BR"},false]}},"yasr_visitor_votes":{"stars_attributes":{"read_only":false,"span_bottom":false},"number_of_votes":0,"sum_votes":0},"_links":{"self":[{"href":"https:\/\/zenkit.com\/pt-br\/wp-json\/wp\/v2\/pages\/72778","targetHints":{"allow":["GET"]}}],"collection":[{"href":"https:\/\/zenkit.com\/pt-br\/wp-json\/wp\/v2\/pages"}],"about":[{"href":"https:\/\/zenkit.com\/pt-br\/wp-json\/wp\/v2\/types\/page"}],"author":[{"embeddable":true,"href":"https:\/\/zenkit.com\/pt-br\/wp-json\/wp\/v2\/users\/30"}],"replies":[{"embeddable":true,"href":"https:\/\/zenkit.com\/pt-br\/wp-json\/wp\/v2\/comments?post=72778"}],"version-history":[{"count":5,"href":"https:\/\/zenkit.com\/pt-br\/wp-json\/wp\/v2\/pages\/72778\/revisions"}],"predecessor-version":[{"id":167145,"href":"https:\/\/zenkit.com\/pt-br\/wp-json\/wp\/v2\/pages\/72778\/revisions\/167145"}],"wp:attachment":[{"href":"https:\/\/zenkit.com\/pt-br\/wp-json\/wp\/v2\/media?parent=72778"}],"curies":[{"name":"wp","href":"https:\/\/api.w.org\/{rel}","templated":true}]}}