{"id":73024,"date":"2021-08-19T16:13:57","date_gmt":"2021-08-19T14:13:57","guid":{"rendered":"https:\/\/zenkit.com\/kit-de-imprensa\/hypernotes-press-release\/"},"modified":"2025-09-09T00:31:05","modified_gmt":"2025-09-08T22:31:05","slug":"hypernotes-press-release","status":"publish","type":"page","link":"https:\/\/zenkit.com\/pt-br\/kit-de-imprensa\/hypernotes-press-release\/","title":{"rendered":"Hypernotes Press Release"},"content":{"rendered":"\n<div class=\"wp-block-group has-global-padding is-layout-constrained wp-block-group-is-layout-constrained\">\n<div class=\"wp-block-group width--950 has-global-padding is-layout-constrained wp-block-group-is-layout-constrained\">\n<div style=\"height:45px;--tablet-height:45px;--mobile-height:16px\" class=\"wp-block-lookeen-blocks-responsive-spacer\"><\/div>\n\n\n\n<div class=\"wp-block-group has-global-padding is-layout-constrained wp-block-group-is-layout-constrained\">\n<h1 class=\"wp-block-heading has-text-align-center\" style=\"margin-bottom:8px\">Hypernotes aborda a necessidade de uma gest\u00e3o intuitiva do conhecimento em times distribu\u00eddos<\/h1>\n<\/div>\n\n\n\n<div class=\"wp-block-group has-global-padding is-layout-constrained wp-block-group-is-layout-constrained\">\n<p class=\"has-text-align-center subheading\">O conjunto de aplicativos de produtividade Zenkit acolhe o Hypernotes, projetado para melhorar a gest\u00e3o colaborativa de conhecimento e compartilhamento de ideias<\/p>\n<\/div>\n\n\n\n<div style=\"height:48px;--tablet-height:36px;--mobile-height:24px\" class=\"wp-block-lookeen-blocks-responsive-spacer\"><\/div>\n\n\n\n<div class=\"wp-block-group has-global-padding is-layout-constrained wp-block-group-is-layout-constrained\">\n<p class=\"has-text-align-center press__headline has-text-color has-link-color wp-elements-b8f327aecea6145032634aaf2a65a096\" style=\"color:#939393;font-size:24px;font-style:normal;font-weight:700;line-height:1.5\">11 de mar\u00e7o de 2021 \u2013 Karlsruhe, Alemanha<\/p>\n<\/div>\n<\/div>\n\n\n\n<div style=\"height:88px;--tablet-height:72px;--mobile-height:40px\" class=\"wp-block-lookeen-blocks-responsive-spacer\"><\/div>\n<\/div>\n\n\n\n<div class=\"wp-block-group has-global-padding is-layout-constrained wp-block-group-is-layout-constrained\">\n<div class=\"wp-block-columns is-layout-flex wp-container-core-columns-is-layout-b8d659ec wp-block-columns-is-layout-flex\">\n<div class=\"wp-block-column is-layout-flow wp-block-column-is-layout-flow\">\n<p class=\"has-da-grey-2-color has-text-color has-link-color wp-elements-8fca45fe772c90f2a5dc42595fb92180\">O time Zenkit tem o orgulho de anunciar o lan\u00e7amento de Hypernotes, o quarto aplicativo de produtividade da Zenkit Suite. Hypernotes \u00e9 um aplicativo de gerenciamento de conhecimento em equipes que permite anota\u00e7\u00f5es colaborativas, esbo\u00e7os e liga\u00e7\u00e3o intuitiva de ideias. Hypernotes estar\u00e1 dispon\u00edvel em todas as lojas de aplicativo, via Web e como aplicativo desktop.\u00a0<\/p>\n\n\n\n<p class=\"has-da-grey-2-color has-text-color has-link-color wp-elements-ed10cba33ac353d969890c4b0f0b27d0\">A necessidade pelo compartilhamento efetivo e de longo termo do conhecimento sempre foi clara e, estudos recentes fixaram um pre\u00e7o no seu impacto nos resultados de uma empresa. De acordo com o\u00a0<a href=\"https:\/\/www.panopto.com\/resource\/valuing-workplace-knowledge\/\">Relat\u00f3rio de Produtividade e Conhecimento do Ambiente de trabalho Panopto<\/a>\u00a0de 2018, \u201cm\u00e9dia grandes empresas dos EUA perdem 47$ milh\u00f5es de d\u00f3lares em produtividade cada ano como resultado direto do compartilhamento ineficiente do conhecimento\u201d. \u201c42% do conhecimento institucional \u00e9 \u00fanico ao indiv\u00edduo\u201d, o que significa que a rotatividade ou indisponibilidade tempor\u00e1ria de funcion\u00e1rios resulta diretamente em 42% de perda na habilidade de desempenhar seu trabalho espec\u00edfico.<\/p>\n<\/div>\n\n\n\n<div class=\"wp-block-column is-layout-flow wp-block-column-is-layout-flow\">\n<p class=\"has-da-grey-1-color has-text-color has-link-color wp-elements-fd758bd86daefaed5a1d8f469417fd84\">Conforme mais equipes avan\u00e7am em dire\u00e7\u00e3o a um modelo de trabalho distribu\u00eddo, torna-se ainda mais importante reunir todo o conhecimento da empresa em um s\u00f3 lugar. Martin Welker, CEO de Zenkit, comenta: \u201cA adi\u00e7\u00e3o de Hypernotes \u00e0 Zenkit Suite visa satisfazer a necessidade de poder reunir efetivamente o conhecimento de todos os membros da empresa em um valioso recurso compartilhado. Hypernotes ajuda as pessoas a documentar e organizar intuitivamente suas id\u00e9ias, pesquisas e conhecimento, fazer conex\u00f5es com conceitos relacionados e, em \u00faltima inst\u00e2ncia, permite que as equipes atinjam seus objetivos de forma mais r\u00e1pida e consistente\u201d.<\/p>\n\n\n\n<p class=\"has-da-grey-1-color has-text-color has-link-color wp-elements-83e808b61de03c993b5d55cee674fa9f\">\u201cNosso objetivo \u00e9 que Hypernotes aumente a rela\u00e7\u00e3o \u201cler:escrever\u201d na documenta\u00e7\u00e3o organizacional \u2013 para garantir que as pessoas estejam realmente lendo o que foi escrito. Isto \u00e9 alcan\u00e7ado por meio de um esbo\u00e7o e um referenciamento eficaz que permite aos usu\u00e1rios navegar rapidamente para informa\u00e7\u00f5es importantes. Queremos que Hypernotes ajude a sua organiza\u00e7\u00e3o a se preparar para o futuro\u201d.<\/p>\n<\/div>\n<\/div>\n\n\n\n<div style=\"height:88px;--tablet-height:72px;--mobile-height:40px\" class=\"wp-block-lookeen-blocks-responsive-spacer\"><\/div>\n<\/div>\n\n\n\n<div class=\"wp-block-group has-global-padding is-layout-constrained wp-block-group-is-layout-constrained\">\n<div style=\"height:45px;--tablet-height:45px;--mobile-height:16px\" class=\"wp-block-lookeen-blocks-responsive-spacer\"><\/div>\n\n\n\n<h2 class=\"wp-block-heading has-text-align-center\" style=\"margin-bottom:0px\">Hypernotes atinge este objetivo sublime com uma s\u00e9rie de caracter\u00edsticas que se tornaram o padr\u00e3o ouro para a gest\u00e3o do conhecimento pessoal e organizacional nos \u00faltimos anos:<\/h2>\n\n\n\n<div style=\"height:48px;--tablet-height:36px;--mobile-height:24px\" class=\"wp-block-lookeen-blocks-responsive-spacer\"><\/div>\n\n\n\n<div class=\"wp-block-group has-global-padding is-layout-constrained wp-block-group-is-layout-constrained\">\n<div class=\"wp-block-columns is-layout-flex wp-container-core-columns-is-layout-28f84493 wp-block-columns-is-layout-flex\">\n<div class=\"wp-block-column is-layout-flow wp-block-column-is-layout-flow\">\n<ul class=\"wp-block-list list__with-checkmark-blue-and-underline\">\n<li>Links bidirecionais entre anota\u00e7\u00f5es relacionadas,<\/li>\n\n\n\n<li>Esbo\u00e7ar grandes t\u00f3picos em subt\u00f3picos mais concisos,<\/li>\n\n\n\n<li>Sugest\u00f5es automatizadas para ligar anota\u00e7\u00f5es relacionadas mas ainda n\u00e3o conectadas,<\/li>\n\n\n\n<li>Incorpora\u00e7\u00e3o de blocos de texto para reduzir o conte\u00fado duplicado,<\/li>\n<\/ul>\n<\/div>\n\n\n\n<div class=\"wp-block-column is-layout-flow wp-block-column-is-layout-flow\">\n<ul class=\"wp-block-list list__with-checkmark-blue-and-underline\">\n<li>Gr\u00e1ficos de conhecimento para uma melhor descoberta,<\/li>\n\n\n\n<li>Aplicativos m\u00f3veis para todas as plataformas e acesso offline,<\/li>\n\n\n\n<li>Extensa colabora\u00e7\u00e3o no n\u00edvel de realiza\u00e7\u00e3o de tarefas, anota\u00e7\u00f5es e caderno de notas.<\/li>\n<\/ul>\n<\/div>\n<\/div>\n<\/div>\n\n\n\n<div style=\"height:88px;--tablet-height:72px;--mobile-height:40px\" class=\"wp-block-lookeen-blocks-responsive-spacer\"><\/div>\n<\/div>\n\n\n\n<div class=\"wp-block-group has-global-padding is-layout-constrained wp-block-group-is-layout-constrained\">\n<h2 class=\"wp-block-heading has-text-align-center\" style=\"margin-bottom:0px\">Adicionalmente, Hypernotes unicamente oferece:<\/h2>\n\n\n\n<div style=\"height:48px;--tablet-height:36px;--mobile-height:24px\" class=\"wp-block-lookeen-blocks-responsive-spacer\"><\/div>\n\n\n\n<div class=\"wp-block-group has-global-padding is-layout-constrained wp-block-group-is-layout-constrained\">\n<div class=\"wp-block-columns is-layout-flex wp-container-core-columns-is-layout-28f84493 wp-block-columns-is-layout-flex\">\n<div class=\"wp-block-column is-layout-flow wp-block-column-is-layout-flow\">\n<ul class=\"wp-block-list list__with-checkmark-blue-and-underline\">\n<li>Ferramentas integradas dedicadas \u00e0 produtividade por meio do Zenkit Suite,<\/li>\n\n\n\n<li>Conformidade com a LGPD e servidores com base na Uni\u00e3o Europeia,<\/li>\n<\/ul>\n<\/div>\n\n\n\n<div class=\"wp-block-column is-layout-flow wp-block-column-is-layout-flow\">\n<ul class=\"wp-block-list list__with-checkmark-blue-and-underline\">\n<li>Administra\u00e7\u00e3o de n\u00edvel empresarial e gest\u00e3o de usu\u00e1rios,<\/li>\n\n\n\n<li>Rastreamento de atividades no n\u00edvel de realiza\u00e7\u00e3o de tarefas, anota\u00e7\u00f5es e caderno de notas.<\/li>\n<\/ul>\n<\/div>\n<\/div>\n<\/div>\n<\/div>\n\n\n\n<div style=\"height:88px;--tablet-height:72px;--mobile-height:40px\" class=\"wp-block-lookeen-blocks-responsive-spacer\"><\/div>\n\n\n\n<div class=\"wp-block-group has-global-padding is-layout-constrained wp-container-core-group-is-layout-7cc94c3e wp-block-group-is-layout-constrained\">\n<div class=\"wp-block-group has-global-padding is-layout-constrained wp-block-group-is-layout-constrained\">\n<p class=\"has-text-align-center has-da-grey-2-color has-text-color has-link-color wp-elements-ef2686be7486a101fa46144263d348a5\">Embora a gest\u00e3o do conhecimento de uma empresa seja o principal caso para o uso de Hypernotes, h\u00e1 diversas outras \u00e1reas em que tal ferramenta seria \u00fatil, como em projetos de pesquisa individual ou em equipe, escrita de livros, reda\u00e7\u00e3o de di\u00e1rios, tomada de notas Zettelkasten, documenta\u00e7\u00e3o de produtos, e muito mais.<\/p>\n\n\n\n<p class=\"has-text-align-center has-da-grey-2-color has-text-color has-link-color wp-elements-b9fca712af112113a2a8312376a07d31\">Para saber mais sobre Hypernotes, por favor visite\u00a0<a href=\"https:\/\/zenkit.com\/pt-br\/hypernotes\/\">https:\/\/zenkit.com\/hypernotes<\/a>. Para usar o aplicativo Hypernotes, visite:\u00a0<a href=\"https:\/\/hypernotes.zenkit.com\/\">web<\/a>, ou baixe para iOS, Android, Mac, Windows, ou Linux ap\u00f3s o lan\u00e7amento.<\/p>\n<\/div>\n\n\n\n<div style=\"height:88px;--tablet-height:72px;--mobile-height:40px\" class=\"wp-block-lookeen-blocks-responsive-spacer\"><\/div>\n\n\n\n<h3 class=\"wp-block-heading has-text-align-center\" style=\"margin-bottom:8px;font-style:normal;font-weight:700\">Sobre Zenkit:<\/h3>\n\n\n\n<p class=\"has-text-align-center has-da-grey-2-color has-text-color has-link-color wp-elements-abe65323580eef2c92e23493cb1d9519\">Zenkit \u00e9 uma startup criada por Axonic GmbH, uma empresa alem\u00e3 fundada em 2003. A plataforma de gest\u00e3o e colabora\u00e7\u00e3o do projeto SaaS foi lan\u00e7ada em outubro de 2016. Hypernotes, o quarto produto de Zenkit Suite, foi desenvolvido e lan\u00e7ado por Zenkit.<\/p>\n<\/div>\n\n\n\n<div style=\"height:110px;--tablet-height:60px;--mobile-height:48px\" class=\"wp-block-lookeen-blocks-responsive-spacer\"><\/div>\n","protected":false},"excerpt":{"rendered":"<p>Hypernotes aborda a necessidade de uma gest\u00e3o intuitiva do conhecimento em times distribu\u00eddos O conjunto de aplicativos de produtividade Zenkit acolhe o Hypernotes, projetado para melhorar a gest\u00e3o colaborativa de conhecimento e compartilhamento de ideias 11 de mar\u00e7o de 2021 \u2013 Karlsruhe, Alemanha O time Zenkit tem o orgulho de anunciar o lan\u00e7amento de Hypernotes, [&hellip;]<\/p>\n","protected":false},"author":30,"featured_media":0,"parent":61691,"menu_order":4,"comment_status":"closed","ping_status":"closed","template":"","meta":{"yasr_overall_rating":0,"yasr_post_is_review":"","yasr_auto_insert_disabled":"","yasr_review_type":"","footnotes":""},"class_list":["post-73024","page","type-page","status-publish","hentry"],"yoast_head":"<!-- This site is optimized with the Yoast SEO plugin v27.3 - https:\/\/yoast.com\/product\/yoast-seo-wordpress\/ -->\n<title>Hypernotes Press Release | Zenkit<\/title>\n<meta name=\"description\" content=\"Hypernotes, the team knowledge management app that enables collaborative note-taking, outlining, and the intuitive linking of ideas was released on March 11th, 2021.\" \/>\n<meta name=\"robots\" content=\"index, follow, max-snippet:-1, max-image-preview:large, max-video-preview:-1\" \/>\n<link rel=\"canonical\" href=\"https:\/\/zenkit.com\/pt-br\/kit-de-imprensa\/hypernotes-press-release\/\" \/>\n<meta property=\"og:locale\" content=\"pt_BR\" \/>\n<meta property=\"og:type\" content=\"article\" \/>\n<meta property=\"og:title\" content=\"Hypernotes Press Release | Zenkit\" \/>\n<meta property=\"og:description\" content=\"Hypernotes, the team knowledge management app that enables collaborative note-taking, outlining, and the intuitive linking of ideas was released on March 11th, 2021.\" \/>\n<meta property=\"og:url\" content=\"https:\/\/zenkit.com\/pt-br\/kit-de-imprensa\/hypernotes-press-release\/\" \/>\n<meta property=\"og:site_name\" content=\"Zenkit\" \/>\n<meta property=\"article:publisher\" content=\"https:\/\/www.facebook.com\/ZenkitHQ\" \/>\n<meta property=\"article:modified_time\" content=\"2025-09-08T22:31:05+00:00\" \/>\n<meta name=\"twitter:card\" content=\"summary_large_image\" \/>\n<meta name=\"twitter:site\" content=\"@ZenkitHQ\" \/>\n<meta name=\"twitter:label1\" content=\"Est. tempo de leitura\" \/>\n\t<meta name=\"twitter:data1\" content=\"3 minutos\" \/>\n<script type=\"application\/ld+json\" class=\"yoast-schema-graph\">{\"@context\":\"https:\\\/\\\/schema.org\",\"@graph\":[{\"@type\":\"WebPage\",\"@id\":\"https:\\\/\\\/zenkit.com\\\/pt-br\\\/kit-de-imprensa\\\/hypernotes-press-release\\\/\",\"url\":\"https:\\\/\\\/zenkit.com\\\/pt-br\\\/kit-de-imprensa\\\/hypernotes-press-release\\\/\",\"name\":\"Hypernotes Press Release | Zenkit\",\"isPartOf\":{\"@id\":\"https:\\\/\\\/zenkit.com\\\/pt-br\\\/#website\"},\"datePublished\":\"2021-08-19T14:13:57+00:00\",\"dateModified\":\"2025-09-08T22:31:05+00:00\",\"description\":\"Hypernotes, the team knowledge management app that enables collaborative note-taking, outlining, and the intuitive linking of ideas was released on March 11th, 2021.\",\"breadcrumb\":{\"@id\":\"https:\\\/\\\/zenkit.com\\\/pt-br\\\/kit-de-imprensa\\\/hypernotes-press-release\\\/#breadcrumb\"},\"inLanguage\":\"pt-BR\",\"potentialAction\":[{\"@type\":\"ReadAction\",\"target\":[\"https:\\\/\\\/zenkit.com\\\/pt-br\\\/kit-de-imprensa\\\/hypernotes-press-release\\\/\"]}]},{\"@type\":\"BreadcrumbList\",\"@id\":\"https:\\\/\\\/zenkit.com\\\/pt-br\\\/kit-de-imprensa\\\/hypernotes-press-release\\\/#breadcrumb\",\"itemListElement\":[{\"@type\":\"ListItem\",\"position\":1,\"name\":\"Home\",\"item\":\"https:\\\/\\\/zenkit.com\\\/pt-br\\\/\"},{\"@type\":\"ListItem\",\"position\":2,\"name\":\"Kit de Imprensa\",\"item\":\"https:\\\/\\\/zenkit.com\\\/pt-br\\\/kit-de-imprensa\\\/\"},{\"@type\":\"ListItem\",\"position\":3,\"name\":\"Hypernotes Press Release\"}]},{\"@type\":\"WebSite\",\"@id\":\"https:\\\/\\\/zenkit.com\\\/pt-br\\\/#website\",\"url\":\"https:\\\/\\\/zenkit.com\\\/pt-br\\\/\",\"name\":\"Zenkit\",\"description\":\"Zenkit Tagline\",\"potentialAction\":[{\"@type\":\"SearchAction\",\"target\":{\"@type\":\"EntryPoint\",\"urlTemplate\":\"https:\\\/\\\/zenkit.com\\\/pt-br\\\/?s={search_term_string}\"},\"query-input\":{\"@type\":\"PropertyValueSpecification\",\"valueRequired\":true,\"valueName\":\"search_term_string\"}}],\"inLanguage\":\"pt-BR\"},false]}<\/script>\n<!-- \/ Yoast SEO plugin. -->","yoast_head_json":{"title":"Hypernotes Press Release | Zenkit","description":"Hypernotes, the team knowledge management app that enables collaborative note-taking, outlining, and the intuitive linking of ideas was released on March 11th, 2021.","robots":{"index":"index","follow":"follow","max-snippet":"max-snippet:-1","max-image-preview":"max-image-preview:large","max-video-preview":"max-video-preview:-1"},"canonical":"https:\/\/zenkit.com\/pt-br\/kit-de-imprensa\/hypernotes-press-release\/","og_locale":"pt_BR","og_type":"article","og_title":"Hypernotes Press Release | Zenkit","og_description":"Hypernotes, the team knowledge management app that enables collaborative note-taking, outlining, and the intuitive linking of ideas was released on March 11th, 2021.","og_url":"https:\/\/zenkit.com\/pt-br\/kit-de-imprensa\/hypernotes-press-release\/","og_site_name":"Zenkit","article_publisher":"https:\/\/www.facebook.com\/ZenkitHQ","article_modified_time":"2025-09-08T22:31:05+00:00","twitter_card":"summary_large_image","twitter_site":"@ZenkitHQ","twitter_misc":{"Est. tempo de leitura":"3 minutos"},"schema":{"@context":"https:\/\/schema.org","@graph":[{"@type":"WebPage","@id":"https:\/\/zenkit.com\/pt-br\/kit-de-imprensa\/hypernotes-press-release\/","url":"https:\/\/zenkit.com\/pt-br\/kit-de-imprensa\/hypernotes-press-release\/","name":"Hypernotes Press Release | Zenkit","isPartOf":{"@id":"https:\/\/zenkit.com\/pt-br\/#website"},"datePublished":"2021-08-19T14:13:57+00:00","dateModified":"2025-09-08T22:31:05+00:00","description":"Hypernotes, the team knowledge management app that enables collaborative note-taking, outlining, and the intuitive linking of ideas was released on March 11th, 2021.","breadcrumb":{"@id":"https:\/\/zenkit.com\/pt-br\/kit-de-imprensa\/hypernotes-press-release\/#breadcrumb"},"inLanguage":"pt-BR","potentialAction":[{"@type":"ReadAction","target":["https:\/\/zenkit.com\/pt-br\/kit-de-imprensa\/hypernotes-press-release\/"]}]},{"@type":"BreadcrumbList","@id":"https:\/\/zenkit.com\/pt-br\/kit-de-imprensa\/hypernotes-press-release\/#breadcrumb","itemListElement":[{"@type":"ListItem","position":1,"name":"Home","item":"https:\/\/zenkit.com\/pt-br\/"},{"@type":"ListItem","position":2,"name":"Kit de Imprensa","item":"https:\/\/zenkit.com\/pt-br\/kit-de-imprensa\/"},{"@type":"ListItem","position":3,"name":"Hypernotes Press Release"}]},{"@type":"WebSite","@id":"https:\/\/zenkit.com\/pt-br\/#website","url":"https:\/\/zenkit.com\/pt-br\/","name":"Zenkit","description":"Zenkit Tagline","potentialAction":[{"@type":"SearchAction","target":{"@type":"EntryPoint","urlTemplate":"https:\/\/zenkit.com\/pt-br\/?s={search_term_string}"},"query-input":{"@type":"PropertyValueSpecification","valueRequired":true,"valueName":"search_term_string"}}],"inLanguage":"pt-BR"},false]}},"yasr_visitor_votes":{"stars_attributes":{"read_only":false,"span_bottom":false},"number_of_votes":0,"sum_votes":0},"_links":{"self":[{"href":"https:\/\/zenkit.com\/pt-br\/wp-json\/wp\/v2\/pages\/73024","targetHints":{"allow":["GET"]}}],"collection":[{"href":"https:\/\/zenkit.com\/pt-br\/wp-json\/wp\/v2\/pages"}],"about":[{"href":"https:\/\/zenkit.com\/pt-br\/wp-json\/wp\/v2\/types\/page"}],"author":[{"embeddable":true,"href":"https:\/\/zenkit.com\/pt-br\/wp-json\/wp\/v2\/users\/30"}],"replies":[{"embeddable":true,"href":"https:\/\/zenkit.com\/pt-br\/wp-json\/wp\/v2\/comments?post=73024"}],"version-history":[{"count":4,"href":"https:\/\/zenkit.com\/pt-br\/wp-json\/wp\/v2\/pages\/73024\/revisions"}],"predecessor-version":[{"id":138916,"href":"https:\/\/zenkit.com\/pt-br\/wp-json\/wp\/v2\/pages\/73024\/revisions\/138916"}],"up":[{"embeddable":true,"href":"https:\/\/zenkit.com\/pt-br\/wp-json\/wp\/v2\/pages\/61691"}],"wp:attachment":[{"href":"https:\/\/zenkit.com\/pt-br\/wp-json\/wp\/v2\/media?parent=73024"}],"curies":[{"name":"wp","href":"https:\/\/api.w.org\/{rel}","templated":true}]}}