{"id":73026,"date":"2021-04-30T10:10:23","date_gmt":"2021-04-30T08:10:23","guid":{"rendered":"https:\/\/zenkit.com\/kit-de-imprensa\/zenchat-press-release\/"},"modified":"2025-09-09T08:33:46","modified_gmt":"2025-09-09T06:33:46","slug":"zenchat-press-release","status":"publish","type":"page","link":"https:\/\/zenkit.com\/pt-br\/kit-de-imprensa\/zenchat-press-release\/","title":{"rendered":"Zenchat Press Release"},"content":{"rendered":"\n<div class=\"wp-block-group has-global-padding is-layout-constrained wp-block-group-is-layout-constrained\">\n<div class=\"wp-block-group width--950 has-global-padding is-layout-constrained wp-block-group-is-layout-constrained\">\n<div style=\"height:45px;--tablet-height:45px;--mobile-height:16px\" class=\"wp-block-lookeen-blocks-responsive-spacer\"><\/div>\n\n\n\n<div class=\"wp-block-group has-global-padding is-layout-constrained wp-block-group-is-layout-constrained\">\n<h1 class=\"wp-block-heading has-text-align-center\" style=\"margin-bottom:8px\">Zenkit combina perfeitamente conversas em equipe e gerenciamento de tarefas<\/h1>\n<\/div>\n\n\n\n<div class=\"wp-block-group has-global-padding is-layout-constrained wp-block-group-is-layout-constrained\">\n<p class=\"has-text-align-center subheading\">O time Zenkit lan\u00e7a um aplicativo de conversas com fun\u00e7\u00f5es de gerenciamento de tarefas integrado para permitir a colabora\u00e7\u00e3o hol\u00edstica entre equipes.<\/p>\n<\/div>\n\n\n\n<div style=\"height:48px;--tablet-height:36px;--mobile-height:24px\" class=\"wp-block-lookeen-blocks-responsive-spacer\"><\/div>\n\n\n\n<div class=\"wp-block-group has-global-padding is-layout-constrained wp-block-group-is-layout-constrained\">\n<p class=\"has-text-align-center press__headline has-text-color has-link-color wp-elements-4033d5213ac4bac12156592a8588f84c\" style=\"color:#939393;font-size:24px;font-style:normal;font-weight:700;line-height:1.5\">5 de novembro, 2020 \u2013 Karlsruhe, Alemanha<\/p>\n<\/div>\n<\/div>\n\n\n\n<div style=\"height:88px;--tablet-height:72px;--mobile-height:40px\" class=\"wp-block-lookeen-blocks-responsive-spacer\"><\/div>\n<\/div>\n\n\n\n<div class=\"wp-block-group has-global-padding is-layout-constrained wp-block-group-is-layout-constrained\">\n<div class=\"wp-block-columns is-layout-flex wp-container-core-columns-is-layout-b8d659ec wp-block-columns-is-layout-flex\">\n<div class=\"wp-block-column is-layout-flow wp-block-column-is-layout-flow\">\n<p class=\"has-da-grey-2-color has-text-color has-link-color wp-elements-bef0f37a17149e6b92d13cb8c5a231c7\">A equipe por tr\u00e1s da premiada solu\u00e7\u00e3o de gerenciamento de projetos Zenkit, lan\u00e7a Zenchat, um aplicativo de colabora\u00e7\u00e3o que combina perfeitamente conversas e gerenciamento de tarefas para uma experi\u00eancia de comunica\u00e7\u00e3o mais completa. Zenchat estar\u00e1 dispon\u00edvel em todas as lojas de aplicativos e como vers\u00f5es desktop.<\/p>\n\n\n\n<p class=\"has-da-grey-2-color has-text-color has-link-color wp-elements-50052d8d8b474181f2e54665a9d5e8b0\">O uso de aplicativos de conversa como parte normal ou mesmo necess\u00e1ria do trabalho tem aumentado nos \u00faltimos anos, e o crescente n\u00famero de pessoas trabalhando em casa devido \u00e0 COVID s\u00f3 fez com que seu uso disparasse em 2020.<\/p>\n<\/div>\n\n\n\n<div class=\"wp-block-column is-layout-flow wp-block-column-is-layout-flow\">\n<p class=\"has-da-grey-1-color has-text-color has-link-color wp-elements-464e67384d27d1d748fbe1a3cd151a61\">De acordo com um&nbsp;<a href=\"https:\/\/www.statista.com\/statistics\/1170480\/percentage-increase-in-enterprise-devices-with-collaboration-apps\/\">relat\u00f3rio&nbsp;<\/a>Statista de setembro de 2020, \u201cHouve um aumento de mais de 100% no n\u00famero de dispositivos empresariais com aplicativos de colabora\u00e7\u00e3o instalados no final de mar\u00e7o de 2020 em compara\u00e7\u00e3o com o n\u00edvel pr\u00e9-COVID, e um aumento de 176% em meados de maio de 2020\u201d.<\/p>\n\n\n\n<p class=\"has-da-grey-1-color has-text-color has-link-color wp-elements-11ea95a336c8a6bdb6c65025920bd26e\">Al\u00e9m disso, espera-se que o mercado global de colabora\u00e7\u00e3o on-line cres\u00e7a para US$ 59,86 bilh\u00f5es at\u00e9 2023, com base em uma CAGR prevista de 11,6% de 2018 a 2023\u2033 de acordo com a&nbsp;<a href=\"https:\/\/www.marketsandmarkets.com\/PressReleases\/enterprise-collaboration.asp\">Markets &amp; Markets<\/a>.<\/p>\n\n\n\n<div class=\"wp-block-group has-background has-global-padding is-layout-constrained wp-container-core-group-is-layout-8412c99a wp-block-group-is-layout-constrained\" style=\"border-radius:20px;background-color:#efefef;margin-bottom:24px;padding-top:20px;padding-right:20px;padding-bottom:20px;padding-left:20px\">\n<p class=\"has-da-grey-1-color has-text-color has-link-color wp-elements-337f38f0b95923a4b3fe4adfb27f10e1\" style=\"font-size:14px\">\u201cAs pessoas adoram conversar. \u00c9 a natureza humana. Mas aplicativos de conversas n\u00e3o prov\u00eaem a estrutura necess\u00e1ria para uma produtividade sustent\u00e1vel como listas e quadros Kanban\u201d diz o CEO de Zenkit Martin Welker.<\/p>\n<\/div>\n<\/div>\n<\/div>\n<\/div>\n\n\n\n<div style=\"height:45px;--tablet-height:45px;--mobile-height:16px\" class=\"wp-block-lookeen-blocks-responsive-spacer\"><\/div>\n\n\n\n<figure class=\"wp-block-image aligncenter size-large is-resized border-radius--20 overflow__hidden  box__shadow\"><img loading=\"lazy\" decoding=\"async\" width=\"1024\" height=\"538\" src=\"https:\/\/zenkit.com\/wp-content\/uploads\/2021\/01\/zenchat-social-1024x538.jpg\" alt=\"zenchat social\" class=\"wp-image-55187\" style=\"width:491px;height:auto\" srcset=\"https:\/\/zenkit.com\/wp-content\/uploads\/2021\/01\/zenchat-social-1024x538.jpg 1024w, https:\/\/zenkit.com\/wp-content\/uploads\/2021\/01\/zenchat-social-300x158.jpg 300w, https:\/\/zenkit.com\/wp-content\/uploads\/2021\/01\/zenchat-social-768x403.jpg 768w, https:\/\/zenkit.com\/wp-content\/uploads\/2021\/01\/zenchat-social.jpg 1200w\" sizes=\"auto, (max-width: 1024px) 100vw, 1024px\" \/><\/figure>\n\n\n\n<div style=\"height:88px;--tablet-height:72px;--mobile-height:40px\" class=\"wp-block-lookeen-blocks-responsive-spacer\"><\/div>\n\n\n\n<div class=\"wp-block-group has-global-padding is-layout-constrained wp-block-group-is-layout-constrained\">\n<h2 class=\"wp-block-heading has-text-align-center\" style=\"margin-bottom:0px\">\u201cCom Zenchat nosso objetivo \u00e9 de solucionar esse problema encontrando pessoas onde elas estiverem\u201d<\/h2>\n\n\n\n<div style=\"height:48px;--tablet-height:36px;--mobile-height:24px\" class=\"wp-block-lookeen-blocks-responsive-spacer\"><\/div>\n\n\n\n<div class=\"wp-block-group has-global-padding is-layout-constrained wp-block-group-is-layout-constrained\">\n<div class=\"wp-block-columns is-layout-flex wp-container-core-columns-is-layout-28f84493 wp-block-columns-is-layout-flex\">\n<div class=\"wp-block-column is-layout-flow wp-block-column-is-layout-flow\">\n<ul class=\"wp-block-list list__with-checkmark-blue-and-underline\">\n<li>Zenchat \u00e9 o primeiro aplicativo de bate-papo que integra perfeitamente gerenciamento de tarefas em suas mensagens.<\/li>\n\n\n\n<li>Transforme rapidamente qualquer mensagem em uma tarefa e atribua ou edite-a em sua conversa. Nunca mais troque de aplicativos para realizar gerenciamento de tarefas de rotina.<\/li>\n\n\n\n<li>Tenha o h\u00e1bito de conversar diretamente sobre tarefas para que as informa\u00e7\u00f5es valiosas fiquem onde pertencem.<\/li>\n\n\n\n<li>Opcionalmente, veja conversas relacionadas a todas as tarefas em um projeto, ou opte por se concentrar apenas em suas tarefas.<\/li>\n<\/ul>\n<\/div>\n\n\n\n<div class=\"wp-block-column is-layout-flow wp-block-column-is-layout-flow\">\n<ul class=\"wp-block-list list__with-checkmark-blue-and-underline\">\n<li>Opcionalmente, conecte-se ao Universo Zenkit para ver suas tarefas em modos de visualiza\u00e7\u00e3o avan\u00e7ados como Kanban, Gantt, modo de lista de tarefas, e vice-versa!<\/li>\n\n\n\n<li>Assim como outros produtos Zenkit, Zenchat est\u00e1 preparado para empresas: SSO, provisionamento SCIM, ferramentas administrativas, gerenciamento de identifica\u00e7\u00e3o e muito mais.<\/li>\n\n\n\n<li>Zenchat \u00e9 um aplicativo gratuito com um plano opcional pago.<\/li>\n<\/ul>\n<\/div>\n<\/div>\n<\/div>\n\n\n\n<div style=\"height:88px;--tablet-height:72px;--mobile-height:40px\" class=\"wp-block-lookeen-blocks-responsive-spacer\"><\/div>\n\n\n\n<div class=\"wp-block-group has-global-padding is-layout-constrained wp-container-core-group-is-layout-7cc94c3e wp-block-group-is-layout-constrained\">\n<div class=\"wp-block-group has-global-padding is-layout-constrained wp-block-group-is-layout-constrained\">\n<p class=\"has-text-align-center has-da-grey-2-color has-text-color has-link-color wp-elements-1ac0ed9a625773849de1745505f05823\">\u201cPortanto, temos um catch-22: as pessoas n\u00e3o querem sair dos aplicativos de conversa, mas precisam faz\u00ea-lo para poder acompanhar seu trabalho. Quando voc\u00ea usa um aplicativo externo para gerenciar tarefas, voc\u00ea perde todo o valioso coment\u00e1rio e feedback relacionado a essa tarefa porque \u2013 sejamos francos \u2013 sempre \u00e9 prefer\u00edvel ter uma conversa r\u00e1pida sobre algo do que usar a fun\u00e7\u00e3o de coment\u00e1rio em um aplicativo de tarefas\u201d.<\/p>\n\n\n\n<p class=\"has-text-align-center\"><strong><strong>Para saber mais sobre Zenchat por favor visite<\/strong><\/strong><br><a href=\"https:\/\/zenkit.com\/pt-br\/chat\/\" data-type=\"page\" data-id=\"63649\">https:\/\/zenkit.com\/chat\/<\/a><\/p>\n\n\n\n<p class=\"has-text-align-center\"><strong><strong>Para usar o aplicativo Zenchat, visite<\/strong><\/strong><br><a href=\"https:\/\/zenkit.com\/pt-br\/chat\/plataformas\/\" data-type=\"page\" data-id=\"66711\">https:\/\/zenkit.com\/chat\/platforms\/<\/a><\/p>\n<\/div>\n\n\n\n<div style=\"height:88px;--tablet-height:72px;--mobile-height:40px\" class=\"wp-block-lookeen-blocks-responsive-spacer\"><\/div>\n\n\n\n<h3 class=\"wp-block-heading has-text-align-center\" style=\"margin-bottom:8px;font-style:normal;font-weight:700\">Sobre Zenkit<\/h3>\n\n\n\n<p class=\"has-text-align-center has-da-grey-2-color has-text-color has-link-color wp-elements-b9dda7045348b141161349ecbd873e12\">Zenkit \u00e9 uma startup criada por Axonic GmbH, uma empresa alem\u00e3 fundada em 2003. A plataforma de gest\u00e3o e colabora\u00e7\u00e3o do projeto SaaS foi lan\u00e7ada em outubro de 2016. Zenchat, o terceiro produto de Zenkit Suite, foi desenvolvido e lan\u00e7ado por Zenkit.<\/p>\n<\/div>\n<\/div>\n\n\n\n<div style=\"height:110px;--tablet-height:60px;--mobile-height:48px\" class=\"wp-block-lookeen-blocks-responsive-spacer\"><\/div>\n","protected":false},"excerpt":{"rendered":"<p>Zenkit combina perfeitamente conversas em equipe e gerenciamento de tarefas O time Zenkit lan\u00e7a um aplicativo de conversas com fun\u00e7\u00f5es de gerenciamento de tarefas integrado para permitir a colabora\u00e7\u00e3o hol\u00edstica entre equipes. 5 de novembro, 2020 \u2013 Karlsruhe, Alemanha A equipe por tr\u00e1s da premiada solu\u00e7\u00e3o de gerenciamento de projetos Zenkit, lan\u00e7a Zenchat, um aplicativo [&hellip;]<\/p>\n","protected":false},"author":30,"featured_media":0,"parent":61691,"menu_order":5,"comment_status":"closed","ping_status":"closed","template":"","meta":{"yasr_overall_rating":0,"yasr_post_is_review":"","yasr_auto_insert_disabled":"","yasr_review_type":"","footnotes":""},"class_list":["post-73026","page","type-page","status-publish","hentry"],"yoast_head":"<!-- This site is optimized with the Yoast SEO plugin v27.3 - https:\/\/yoast.com\/product\/yoast-seo-wordpress\/ -->\n<title>Zenchat Press Release | Zenkit<\/title>\n<meta name=\"robots\" content=\"index, follow, max-snippet:-1, max-image-preview:large, max-video-preview:-1\" \/>\n<link rel=\"canonical\" href=\"https:\/\/zenkit.com\/pt-br\/kit-de-imprensa\/zenchat-press-release\/\" \/>\n<meta property=\"og:locale\" content=\"pt_BR\" \/>\n<meta property=\"og:type\" content=\"article\" \/>\n<meta property=\"og:title\" content=\"Zenchat Press Release | Zenkit\" \/>\n<meta property=\"og:description\" content=\"Zenkit combina perfeitamente conversas em equipe e gerenciamento de tarefas O time Zenkit lan\u00e7a um aplicativo de conversas com fun\u00e7\u00f5es de gerenciamento de tarefas integrado para permitir a colabora\u00e7\u00e3o hol\u00edstica entre equipes. 5 de novembro, 2020 \u2013 Karlsruhe, Alemanha A equipe por tr\u00e1s da premiada solu\u00e7\u00e3o de gerenciamento de projetos Zenkit, lan\u00e7a Zenchat, um aplicativo [&hellip;]\" \/>\n<meta property=\"og:url\" content=\"https:\/\/zenkit.com\/pt-br\/kit-de-imprensa\/zenchat-press-release\/\" \/>\n<meta property=\"og:site_name\" content=\"Zenkit\" \/>\n<meta property=\"article:publisher\" content=\"https:\/\/www.facebook.com\/ZenkitHQ\" \/>\n<meta property=\"article:modified_time\" content=\"2025-09-09T06:33:46+00:00\" \/>\n<meta property=\"og:image\" content=\"https:\/\/zenkit.com\/wp-content\/uploads\/2021\/01\/zenchat-social-1024x538.jpg\" \/>\n<meta name=\"twitter:card\" content=\"summary_large_image\" \/>\n<meta name=\"twitter:site\" content=\"@ZenkitHQ\" \/>\n<meta name=\"twitter:label1\" content=\"Est. tempo de leitura\" \/>\n\t<meta name=\"twitter:data1\" content=\"3 minutos\" \/>\n<script type=\"application\/ld+json\" class=\"yoast-schema-graph\">{\"@context\":\"https:\\\/\\\/schema.org\",\"@graph\":[{\"@type\":\"WebPage\",\"@id\":\"https:\\\/\\\/zenkit.com\\\/pt-br\\\/kit-de-imprensa\\\/zenchat-press-release\\\/\",\"url\":\"https:\\\/\\\/zenkit.com\\\/pt-br\\\/kit-de-imprensa\\\/zenchat-press-release\\\/\",\"name\":\"Zenchat Press Release | Zenkit\",\"isPartOf\":{\"@id\":\"https:\\\/\\\/zenkit.com\\\/pt-br\\\/#website\"},\"primaryImageOfPage\":{\"@id\":\"https:\\\/\\\/zenkit.com\\\/pt-br\\\/kit-de-imprensa\\\/zenchat-press-release\\\/#primaryimage\"},\"image\":{\"@id\":\"https:\\\/\\\/zenkit.com\\\/pt-br\\\/kit-de-imprensa\\\/zenchat-press-release\\\/#primaryimage\"},\"thumbnailUrl\":\"https:\\\/\\\/zenkit.com\\\/wp-content\\\/uploads\\\/2021\\\/01\\\/zenchat-social-1024x538.jpg\",\"datePublished\":\"2021-04-30T08:10:23+00:00\",\"dateModified\":\"2025-09-09T06:33:46+00:00\",\"breadcrumb\":{\"@id\":\"https:\\\/\\\/zenkit.com\\\/pt-br\\\/kit-de-imprensa\\\/zenchat-press-release\\\/#breadcrumb\"},\"inLanguage\":\"pt-BR\",\"potentialAction\":[{\"@type\":\"ReadAction\",\"target\":[\"https:\\\/\\\/zenkit.com\\\/pt-br\\\/kit-de-imprensa\\\/zenchat-press-release\\\/\"]}]},{\"@type\":\"ImageObject\",\"inLanguage\":\"pt-BR\",\"@id\":\"https:\\\/\\\/zenkit.com\\\/pt-br\\\/kit-de-imprensa\\\/zenchat-press-release\\\/#primaryimage\",\"url\":\"https:\\\/\\\/zenkit.com\\\/wp-content\\\/uploads\\\/2021\\\/01\\\/zenchat-social-1024x538.jpg\",\"contentUrl\":\"https:\\\/\\\/zenkit.com\\\/wp-content\\\/uploads\\\/2021\\\/01\\\/zenchat-social-1024x538.jpg\"},{\"@type\":\"BreadcrumbList\",\"@id\":\"https:\\\/\\\/zenkit.com\\\/pt-br\\\/kit-de-imprensa\\\/zenchat-press-release\\\/#breadcrumb\",\"itemListElement\":[{\"@type\":\"ListItem\",\"position\":1,\"name\":\"Home\",\"item\":\"https:\\\/\\\/zenkit.com\\\/pt-br\\\/\"},{\"@type\":\"ListItem\",\"position\":2,\"name\":\"Kit de Imprensa\",\"item\":\"https:\\\/\\\/zenkit.com\\\/pt-br\\\/kit-de-imprensa\\\/\"},{\"@type\":\"ListItem\",\"position\":3,\"name\":\"Zenchat Press Release\"}]},{\"@type\":\"WebSite\",\"@id\":\"https:\\\/\\\/zenkit.com\\\/pt-br\\\/#website\",\"url\":\"https:\\\/\\\/zenkit.com\\\/pt-br\\\/\",\"name\":\"Zenkit\",\"description\":\"Zenkit Tagline\",\"potentialAction\":[{\"@type\":\"SearchAction\",\"target\":{\"@type\":\"EntryPoint\",\"urlTemplate\":\"https:\\\/\\\/zenkit.com\\\/pt-br\\\/?s={search_term_string}\"},\"query-input\":{\"@type\":\"PropertyValueSpecification\",\"valueRequired\":true,\"valueName\":\"search_term_string\"}}],\"inLanguage\":\"pt-BR\"},false]}<\/script>\n<!-- \/ Yoast SEO plugin. -->","yoast_head_json":{"title":"Zenchat Press Release | Zenkit","robots":{"index":"index","follow":"follow","max-snippet":"max-snippet:-1","max-image-preview":"max-image-preview:large","max-video-preview":"max-video-preview:-1"},"canonical":"https:\/\/zenkit.com\/pt-br\/kit-de-imprensa\/zenchat-press-release\/","og_locale":"pt_BR","og_type":"article","og_title":"Zenchat Press Release | Zenkit","og_description":"Zenkit combina perfeitamente conversas em equipe e gerenciamento de tarefas O time Zenkit lan\u00e7a um aplicativo de conversas com fun\u00e7\u00f5es de gerenciamento de tarefas integrado para permitir a colabora\u00e7\u00e3o hol\u00edstica entre equipes. 5 de novembro, 2020 \u2013 Karlsruhe, Alemanha A equipe por tr\u00e1s da premiada solu\u00e7\u00e3o de gerenciamento de projetos Zenkit, lan\u00e7a Zenchat, um aplicativo [&hellip;]","og_url":"https:\/\/zenkit.com\/pt-br\/kit-de-imprensa\/zenchat-press-release\/","og_site_name":"Zenkit","article_publisher":"https:\/\/www.facebook.com\/ZenkitHQ","article_modified_time":"2025-09-09T06:33:46+00:00","og_image":[{"url":"https:\/\/zenkit.com\/wp-content\/uploads\/2021\/01\/zenchat-social-1024x538.jpg","type":"","width":"","height":""}],"twitter_card":"summary_large_image","twitter_site":"@ZenkitHQ","twitter_misc":{"Est. tempo de leitura":"3 minutos"},"schema":{"@context":"https:\/\/schema.org","@graph":[{"@type":"WebPage","@id":"https:\/\/zenkit.com\/pt-br\/kit-de-imprensa\/zenchat-press-release\/","url":"https:\/\/zenkit.com\/pt-br\/kit-de-imprensa\/zenchat-press-release\/","name":"Zenchat Press Release | Zenkit","isPartOf":{"@id":"https:\/\/zenkit.com\/pt-br\/#website"},"primaryImageOfPage":{"@id":"https:\/\/zenkit.com\/pt-br\/kit-de-imprensa\/zenchat-press-release\/#primaryimage"},"image":{"@id":"https:\/\/zenkit.com\/pt-br\/kit-de-imprensa\/zenchat-press-release\/#primaryimage"},"thumbnailUrl":"https:\/\/zenkit.com\/wp-content\/uploads\/2021\/01\/zenchat-social-1024x538.jpg","datePublished":"2021-04-30T08:10:23+00:00","dateModified":"2025-09-09T06:33:46+00:00","breadcrumb":{"@id":"https:\/\/zenkit.com\/pt-br\/kit-de-imprensa\/zenchat-press-release\/#breadcrumb"},"inLanguage":"pt-BR","potentialAction":[{"@type":"ReadAction","target":["https:\/\/zenkit.com\/pt-br\/kit-de-imprensa\/zenchat-press-release\/"]}]},{"@type":"ImageObject","inLanguage":"pt-BR","@id":"https:\/\/zenkit.com\/pt-br\/kit-de-imprensa\/zenchat-press-release\/#primaryimage","url":"https:\/\/zenkit.com\/wp-content\/uploads\/2021\/01\/zenchat-social-1024x538.jpg","contentUrl":"https:\/\/zenkit.com\/wp-content\/uploads\/2021\/01\/zenchat-social-1024x538.jpg"},{"@type":"BreadcrumbList","@id":"https:\/\/zenkit.com\/pt-br\/kit-de-imprensa\/zenchat-press-release\/#breadcrumb","itemListElement":[{"@type":"ListItem","position":1,"name":"Home","item":"https:\/\/zenkit.com\/pt-br\/"},{"@type":"ListItem","position":2,"name":"Kit de Imprensa","item":"https:\/\/zenkit.com\/pt-br\/kit-de-imprensa\/"},{"@type":"ListItem","position":3,"name":"Zenchat Press Release"}]},{"@type":"WebSite","@id":"https:\/\/zenkit.com\/pt-br\/#website","url":"https:\/\/zenkit.com\/pt-br\/","name":"Zenkit","description":"Zenkit Tagline","potentialAction":[{"@type":"SearchAction","target":{"@type":"EntryPoint","urlTemplate":"https:\/\/zenkit.com\/pt-br\/?s={search_term_string}"},"query-input":{"@type":"PropertyValueSpecification","valueRequired":true,"valueName":"search_term_string"}}],"inLanguage":"pt-BR"},false]}},"yasr_visitor_votes":{"stars_attributes":{"read_only":false,"span_bottom":false},"number_of_votes":0,"sum_votes":0},"_links":{"self":[{"href":"https:\/\/zenkit.com\/pt-br\/wp-json\/wp\/v2\/pages\/73026","targetHints":{"allow":["GET"]}}],"collection":[{"href":"https:\/\/zenkit.com\/pt-br\/wp-json\/wp\/v2\/pages"}],"about":[{"href":"https:\/\/zenkit.com\/pt-br\/wp-json\/wp\/v2\/types\/page"}],"author":[{"embeddable":true,"href":"https:\/\/zenkit.com\/pt-br\/wp-json\/wp\/v2\/users\/30"}],"replies":[{"embeddable":true,"href":"https:\/\/zenkit.com\/pt-br\/wp-json\/wp\/v2\/comments?post=73026"}],"version-history":[{"count":3,"href":"https:\/\/zenkit.com\/pt-br\/wp-json\/wp\/v2\/pages\/73026\/revisions"}],"predecessor-version":[{"id":139394,"href":"https:\/\/zenkit.com\/pt-br\/wp-json\/wp\/v2\/pages\/73026\/revisions\/139394"}],"up":[{"embeddable":true,"href":"https:\/\/zenkit.com\/pt-br\/wp-json\/wp\/v2\/pages\/61691"}],"wp:attachment":[{"href":"https:\/\/zenkit.com\/pt-br\/wp-json\/wp\/v2\/media?parent=73026"}],"curies":[{"name":"wp","href":"https:\/\/api.w.org\/{rel}","templated":true}]}}