{"id":73028,"date":"2020-05-06T14:00:27","date_gmt":"2020-05-06T12:00:27","guid":{"rendered":"https:\/\/zenkit.com\/kit-de-imprensa\/zenkit-to-do-press-release\/"},"modified":"2025-11-24T15:56:16","modified_gmt":"2025-11-24T14:56:16","slug":"zenkit-to-do-press-release","status":"publish","type":"page","link":"https:\/\/zenkit.com\/pt-br\/kit-de-imprensa\/zenkit-to-do-press-release\/","title":{"rendered":"Zenkit To Do Press Release"},"content":{"rendered":"\n<div class=\"wp-block-group has-global-padding is-layout-constrained wp-block-group-is-layout-constrained\">\n<div class=\"wp-block-group width--950 has-global-padding is-layout-constrained wp-block-group-is-layout-constrained\">\n<div style=\"height:45px;--tablet-height:45px;--mobile-height:16px\" class=\"wp-block-lookeen-blocks-responsive-spacer\"><\/div>\n\n\n\n<div class=\"wp-block-group has-global-padding is-layout-constrained wp-block-group-is-layout-constrained\">\n<h1 class=\"wp-block-heading has-text-align-center\" style=\"margin-bottom:8px\">O encerramento de Wunderlist inspira outra equipe Alem\u00e3 \u00e0 construir uma alternativa vi\u00e1vel<\/h1>\n<\/div>\n\n\n\n<div class=\"wp-block-group has-global-padding is-layout-constrained wp-block-group-is-layout-constrained\">\n<p class=\"has-text-align-center subheading\">Zenkit To Do preenche a lacuna deixada por Wunderlist conforme fecha em 6 de maio deste ano<\/p>\n<\/div>\n\n\n\n<div style=\"height:48px;--tablet-height:36px;--mobile-height:24px\" class=\"wp-block-lookeen-blocks-responsive-spacer\"><\/div>\n\n\n\n<div class=\"wp-block-group has-global-padding is-layout-constrained wp-block-group-is-layout-constrained\">\n<p class=\"has-text-align-center press__headline has-text-color has-link-color wp-elements-1937a1ab147fd1693ba2d26c3697b315\" style=\"color:#939393;font-size:24px;font-style:normal;font-weight:700;line-height:1.5\">6 de abril, 2020 \u2013 Karlsruhe, Alemanha<\/p>\n<\/div>\n<\/div>\n\n\n\n<div style=\"height:88px;--tablet-height:72px;--mobile-height:40px\" class=\"wp-block-lookeen-blocks-responsive-spacer\"><\/div>\n<\/div>\n\n\n\n<div class=\"wp-block-group has-global-padding is-layout-constrained wp-block-group-is-layout-constrained\">\n<div class=\"wp-block-columns is-layout-flex wp-container-core-columns-is-layout-b8d659ec wp-block-columns-is-layout-flex\">\n<div class=\"wp-block-column is-layout-flow wp-block-column-is-layout-flow\">\n<p class=\"has-da-grey-2-color has-text-color has-link-color wp-elements-5ceaf6035505a4a9f3001ccfded46a5d\">O encerramento iminente de Wunderlist deixou muitos usu\u00e1rios preocupados sobre o que fazer com seus dados, e insatisfeitos com diversas alternativas do mercado. Zenkit To Do foi criado com a inten\u00e7\u00e3o de oferecer aos usu\u00e1rios de Wunderlist um novo lar.<\/p>\n\n\n\n<p class=\"has-da-grey-2-color has-text-color has-link-color wp-elements-29cfc39a571f6d760692b58c1f9bbc06\">Zenkit To Do foi desenvolvido pela equipe respons\u00e1vel por Zenkit, como uma solu\u00e7\u00e3o multifuncional de colabora\u00e7\u00e3o e gerenciamento de projetos. Embora Zenkit seja mais conhecido por sua flexibilidade e capacidade de se ajustar a qualquer fluxo de trabalho, o n\u00edvel de complexidade \u00e9 redundante para muitos usu\u00e1rios buscando por uma simples ferramenta de gerenciamento de tarefas. \u00c9 por isso que Zenkit To Do foi criado.<\/p>\n\n\n\n<div class=\"wp-block-group has-background has-global-padding is-layout-constrained wp-container-core-group-is-layout-8412c99a wp-block-group-is-layout-constrained\" style=\"border-radius:20px;background-color:#efefef;margin-bottom:24px;padding-top:20px;padding-right:20px;padding-bottom:20px;padding-left:20px\">\n<p class=\"has-da-grey-1-color has-text-color has-link-color wp-elements-5a76882f4b5cd5158c4ffaa8755f75ad\" style=\"font-size:14px\">\u201cN\u00f3s deliberadamente criamos Zenkit To Do para parecer similar ao Wunderlist\u201d, explica o CEO de Zenkit, Martin Welker<\/p>\n<\/div>\n<\/div>\n\n\n\n<div class=\"wp-block-column is-layout-flow wp-block-column-is-layout-flow\">\n<p class=\"has-da-grey-1-color has-text-color has-link-color wp-elements-845c4833cca925ce8acdc862c532100a\">\u201cA partida de Wunderlist \u00e9 uma grande perda para milh\u00f5es de usu\u00e1rios que constru\u00edram suas vidas em torno do aplicativo. Muitos manifestam desapontamento com as alternativas atuais, as quais n\u00e3o s\u00e3o exatamente a mesma coisa. N\u00f3s queremos preencher essa lacuna. Sab\u00edamos que t\u00ednhamos infraestrutura para lidar com uma reviravolta t\u00e3o r\u00e1pida e j\u00e1 t\u00ednhamos planejado isso para 2020, ent\u00e3o pensamos\u2026 Por que n\u00e3o agora?\u201d<\/p>\n\n\n\n<p class=\"has-da-grey-1-color has-text-color has-link-color wp-elements-6d3c5dfe1cb0d321888095a4a32dc852\">Zenkit To Do tem todos os mesmos recursos que fizeram Wunderlist ser um aplicativo t\u00e3o amado. Com uma fun\u00e7\u00e3o de \u201cimporta\u00e7\u00e3o-de-clique-\u00fanico\u201d, usu\u00e1rios ser\u00e3o capazes de transferir suas listas junto com prazos e tarefas importantes diretamente para Zenkit To Do.<\/p>\n<\/div>\n<\/div>\n<\/div>\n\n\n\n<div style=\"height:45px;--tablet-height:45px;--mobile-height:16px\" class=\"wp-block-lookeen-blocks-responsive-spacer\"><\/div>\n\n\n\n<figure class=\"wp-block-image aligncenter size-large is-resized border-radius--20 overflow__hidden  box__shadow\"><img loading=\"lazy\" decoding=\"async\" width=\"1024\" height=\"538\" src=\"https:\/\/zenkit.com\/wp-content\/uploads\/2021\/01\/todo-social-1024x538.jpg\" alt=\"\" class=\"wp-image-55208\" style=\"width:491px;height:auto\" srcset=\"https:\/\/zenkit.com\/wp-content\/uploads\/2021\/01\/todo-social-1024x538.jpg 1024w, https:\/\/zenkit.com\/wp-content\/uploads\/2021\/01\/todo-social-300x158.jpg 300w, https:\/\/zenkit.com\/wp-content\/uploads\/2021\/01\/todo-social-768x403.jpg 768w, https:\/\/zenkit.com\/wp-content\/uploads\/2021\/01\/todo-social.jpg 1200w\" sizes=\"auto, (max-width: 1024px) 100vw, 1024px\" \/><\/figure>\n\n\n\n<div style=\"height:88px;--tablet-height:72px;--mobile-height:40px\" class=\"wp-block-lookeen-blocks-responsive-spacer\"><\/div>\n\n\n\n<div class=\"wp-block-group has-global-padding is-layout-constrained wp-block-group-is-layout-constrained\">\n<h2 class=\"wp-block-heading has-text-align-center\" style=\"margin-bottom:0px\"><strong>O novo aplicativo oferece:<\/strong><\/h2>\n\n\n\n<div style=\"height:48px;--tablet-height:36px;--mobile-height:24px\" class=\"wp-block-lookeen-blocks-responsive-spacer\"><\/div>\n\n\n\n<div class=\"wp-block-group has-global-padding is-layout-constrained wp-block-group-is-layout-constrained\">\n<div class=\"wp-block-columns is-layout-flex wp-container-core-columns-is-layout-28f84493 wp-block-columns-is-layout-flex\">\n<div class=\"wp-block-column is-layout-flow wp-block-column-is-layout-flow\">\n<ul class=\"wp-block-list list__with-checkmark-blue-and-underline\">\n<li>Caixa de entrada<\/li>\n\n\n\n<li>Listas inteligentes: Marcar como importante, Hoje, Essa Semana, Atribu\u00eddo \u00e0 mim<\/li>\n\n\n\n<li>Compartilhamento de listas<\/li>\n\n\n\n<li>Anexo de arquivos<\/li>\n\n\n\n<li>Coment\u00e1rios<\/li>\n\n\n\n<li>Lembretes<\/li>\n\n\n\n<li>Folders<\/li>\n<\/ul>\n<\/div>\n\n\n\n<div class=\"wp-block-column is-layout-flow wp-block-column-is-layout-flow\">\n<ul class=\"wp-block-list list__with-checkmark-blue-and-underline\">\n<li>Pastas<\/li>\n\n\n\n<li>Subtarefas<\/li>\n\n\n\n<li>Suporte offline<\/li>\n\n\n\n<li>Modo noturno<\/li>\n\n\n\n<li>Men\u00e7\u00f5es@ de usu\u00e1rios<\/li>\n\n\n\n<li>Infra-estrutura pronta para empresas: Grupos, fun\u00e7\u00f5es, SAML, SCIM, auditoria<\/li>\n\n\n\n<li>Integra\u00e7\u00e3o perfeita com Zenkit Kanban e Gantt<\/li>\n<\/ul>\n<\/div>\n<\/div>\n<\/div>\n\n\n\n<div style=\"height:88px;--tablet-height:72px;--mobile-height:40px\" class=\"wp-block-lookeen-blocks-responsive-spacer\"><\/div>\n\n\n\n<div class=\"wp-block-group has-global-padding is-layout-constrained wp-container-core-group-is-layout-7cc94c3e wp-block-group-is-layout-constrained\">\n<div class=\"wp-block-group has-global-padding is-layout-constrained wp-block-group-is-layout-constrained\">\n<p class=\"has-text-align-center has-da-grey-2-color has-text-color has-link-color wp-elements-078806ddcc336800669fc7ed83fe3929\">O mercado dos softwares de produtividade dever\u00e1 crescer 16,5% CAGR para atingir 96.36 bilh\u00f5es de d\u00f3lares at\u00e9 2025. Isso destaca a crescente demanda por solu\u00e7\u00f5es que ajudam a gerenciar e monitorar processos de trabalho. Em um mercado inundado de solu\u00e7\u00f5es, ainda h\u00e1 muito crescimento e oportunidades para novas ferramentas, especialmente em um momento em que cada vez mais pessoas est\u00e3o trabalhando de casa.<\/p>\n<\/div>\n\n\n\n<div style=\"height:88px;--tablet-height:72px;--mobile-height:40px\" class=\"wp-block-lookeen-blocks-responsive-spacer\"><\/div>\n\n\n\n<h3 class=\"wp-block-heading has-text-align-center\" style=\"margin-bottom:8px;font-style:normal;font-weight:700\"><strong>Sobre Zenkit<\/strong><\/h3>\n\n\n\n<p class=\"has-text-align-center has-da-grey-2-color has-text-color has-link-color wp-elements-a3f8d0e7dbb806bebc4f719011f405f6\">Zenkit \u00e9 uma startup criada por Axonic GmbH, uma empresa alem\u00e3 fundada em 2003. A plataforma de gest\u00e3o e colabora\u00e7\u00e3o do projeto SaaS foi lan\u00e7ada em outubro de 2016. Zenkit To Do, uma alternativa para Wunderlist, foi desenvolvido e lan\u00e7ado por Zenkit.<\/p>\n<\/div>\n<\/div>\n\n\n\n<div style=\"height:110px;--tablet-height:60px;--mobile-height:48px\" class=\"wp-block-lookeen-blocks-responsive-spacer\"><\/div>\n","protected":false},"excerpt":{"rendered":"<p>O encerramento de Wunderlist inspira outra equipe Alem\u00e3 \u00e0 construir uma alternativa vi\u00e1vel Zenkit To Do preenche a lacuna deixada por Wunderlist conforme fecha em 6 de maio deste ano 6 de abril, 2020 \u2013 Karlsruhe, Alemanha O encerramento iminente de Wunderlist deixou muitos usu\u00e1rios preocupados sobre o que fazer com seus dados, e insatisfeitos [&hellip;]<\/p>\n","protected":false},"author":30,"featured_media":0,"parent":61691,"menu_order":6,"comment_status":"closed","ping_status":"closed","template":"","meta":{"yasr_overall_rating":0,"yasr_post_is_review":"","yasr_auto_insert_disabled":"","yasr_review_type":"","footnotes":""},"class_list":["post-73028","page","type-page","status-publish","hentry"],"yoast_head":"<!-- This site is optimized with the Yoast SEO plugin v27.3 - https:\/\/yoast.com\/product\/yoast-seo-wordpress\/ -->\n<title>Zenkit To Do Press Release | Zenkit<\/title>\n<meta name=\"description\" content=\"Wunderlist shutdown inspires another German team to build viable alternative. Zenkit To Do fills the gap left by Wunderlist as it closes on May 6th 2020.\" \/>\n<meta name=\"robots\" content=\"index, follow, max-snippet:-1, max-image-preview:large, max-video-preview:-1\" \/>\n<link rel=\"canonical\" href=\"https:\/\/zenkit.com\/pt-br\/kit-de-imprensa\/zenkit-to-do-press-release\/\" \/>\n<meta property=\"og:locale\" content=\"pt_BR\" \/>\n<meta property=\"og:type\" content=\"article\" \/>\n<meta property=\"og:title\" content=\"Zenkit To Do Press Release | Zenkit\" \/>\n<meta property=\"og:description\" content=\"Wunderlist shutdown inspires another German team to build viable alternative. Zenkit To Do fills the gap left by Wunderlist as it closes on May 6th 2020.\" \/>\n<meta property=\"og:url\" content=\"https:\/\/zenkit.com\/pt-br\/kit-de-imprensa\/zenkit-to-do-press-release\/\" \/>\n<meta property=\"og:site_name\" content=\"Zenkit\" \/>\n<meta property=\"article:publisher\" content=\"https:\/\/www.facebook.com\/ZenkitHQ\" \/>\n<meta property=\"article:modified_time\" content=\"2025-11-24T14:56:16+00:00\" \/>\n<meta property=\"og:image\" content=\"https:\/\/zenkit.com\/wp-content\/uploads\/2021\/01\/todo-social.jpg\" \/>\n\t<meta property=\"og:image:width\" content=\"1200\" \/>\n\t<meta property=\"og:image:height\" content=\"630\" \/>\n\t<meta property=\"og:image:type\" content=\"image\/jpeg\" \/>\n<meta name=\"twitter:card\" content=\"summary_large_image\" \/>\n<meta name=\"twitter:site\" content=\"@ZenkitHQ\" \/>\n<meta name=\"twitter:label1\" content=\"Est. tempo de leitura\" \/>\n\t<meta name=\"twitter:data1\" content=\"21 minutos\" \/>\n<script type=\"application\/ld+json\" class=\"yoast-schema-graph\">{\"@context\":\"https:\\\/\\\/schema.org\",\"@graph\":[{\"@type\":\"WebPage\",\"@id\":\"https:\\\/\\\/zenkit.com\\\/pt-br\\\/kit-de-imprensa\\\/zenkit-to-do-press-release\\\/\",\"url\":\"https:\\\/\\\/zenkit.com\\\/pt-br\\\/kit-de-imprensa\\\/zenkit-to-do-press-release\\\/\",\"name\":\"Zenkit To Do Press Release | Zenkit\",\"isPartOf\":{\"@id\":\"https:\\\/\\\/zenkit.com\\\/pt-br\\\/#website\"},\"primaryImageOfPage\":{\"@id\":\"https:\\\/\\\/zenkit.com\\\/pt-br\\\/kit-de-imprensa\\\/zenkit-to-do-press-release\\\/#primaryimage\"},\"image\":{\"@id\":\"https:\\\/\\\/zenkit.com\\\/pt-br\\\/kit-de-imprensa\\\/zenkit-to-do-press-release\\\/#primaryimage\"},\"thumbnailUrl\":\"https:\\\/\\\/zenkit.com\\\/wp-content\\\/uploads\\\/2021\\\/01\\\/todo-social-1024x538.jpg\",\"datePublished\":\"2020-05-06T12:00:27+00:00\",\"dateModified\":\"2025-11-24T14:56:16+00:00\",\"description\":\"Wunderlist shutdown inspires another German team to build viable alternative. Zenkit To Do fills the gap left by Wunderlist as it closes on May 6th 2020.\",\"breadcrumb\":{\"@id\":\"https:\\\/\\\/zenkit.com\\\/pt-br\\\/kit-de-imprensa\\\/zenkit-to-do-press-release\\\/#breadcrumb\"},\"inLanguage\":\"pt-BR\",\"potentialAction\":[{\"@type\":\"ReadAction\",\"target\":[\"https:\\\/\\\/zenkit.com\\\/pt-br\\\/kit-de-imprensa\\\/zenkit-to-do-press-release\\\/\"]}]},{\"@type\":\"ImageObject\",\"inLanguage\":\"pt-BR\",\"@id\":\"https:\\\/\\\/zenkit.com\\\/pt-br\\\/kit-de-imprensa\\\/zenkit-to-do-press-release\\\/#primaryimage\",\"url\":\"https:\\\/\\\/zenkit.com\\\/wp-content\\\/uploads\\\/2021\\\/01\\\/todo-social-1024x538.jpg\",\"contentUrl\":\"https:\\\/\\\/zenkit.com\\\/wp-content\\\/uploads\\\/2021\\\/01\\\/todo-social-1024x538.jpg\"},{\"@type\":\"BreadcrumbList\",\"@id\":\"https:\\\/\\\/zenkit.com\\\/pt-br\\\/kit-de-imprensa\\\/zenkit-to-do-press-release\\\/#breadcrumb\",\"itemListElement\":[{\"@type\":\"ListItem\",\"position\":1,\"name\":\"Home\",\"item\":\"https:\\\/\\\/zenkit.com\\\/pt-br\\\/\"},{\"@type\":\"ListItem\",\"position\":2,\"name\":\"Kit de Imprensa\",\"item\":\"https:\\\/\\\/zenkit.com\\\/pt-br\\\/kit-de-imprensa\\\/\"},{\"@type\":\"ListItem\",\"position\":3,\"name\":\"Zenkit To Do Press Release\"}]},{\"@type\":\"WebSite\",\"@id\":\"https:\\\/\\\/zenkit.com\\\/pt-br\\\/#website\",\"url\":\"https:\\\/\\\/zenkit.com\\\/pt-br\\\/\",\"name\":\"Zenkit\",\"description\":\"Zenkit Tagline\",\"potentialAction\":[{\"@type\":\"SearchAction\",\"target\":{\"@type\":\"EntryPoint\",\"urlTemplate\":\"https:\\\/\\\/zenkit.com\\\/pt-br\\\/?s={search_term_string}\"},\"query-input\":{\"@type\":\"PropertyValueSpecification\",\"valueRequired\":true,\"valueName\":\"search_term_string\"}}],\"inLanguage\":\"pt-BR\"},false]}<\/script>\n<!-- \/ Yoast SEO plugin. -->","yoast_head_json":{"title":"Zenkit To Do Press Release | Zenkit","description":"Wunderlist shutdown inspires another German team to build viable alternative. Zenkit To Do fills the gap left by Wunderlist as it closes on May 6th 2020.","robots":{"index":"index","follow":"follow","max-snippet":"max-snippet:-1","max-image-preview":"max-image-preview:large","max-video-preview":"max-video-preview:-1"},"canonical":"https:\/\/zenkit.com\/pt-br\/kit-de-imprensa\/zenkit-to-do-press-release\/","og_locale":"pt_BR","og_type":"article","og_title":"Zenkit To Do Press Release | Zenkit","og_description":"Wunderlist shutdown inspires another German team to build viable alternative. Zenkit To Do fills the gap left by Wunderlist as it closes on May 6th 2020.","og_url":"https:\/\/zenkit.com\/pt-br\/kit-de-imprensa\/zenkit-to-do-press-release\/","og_site_name":"Zenkit","article_publisher":"https:\/\/www.facebook.com\/ZenkitHQ","article_modified_time":"2025-11-24T14:56:16+00:00","og_image":[{"width":1200,"height":630,"url":"https:\/\/zenkit.com\/wp-content\/uploads\/2021\/01\/todo-social.jpg","type":"image\/jpeg"}],"twitter_card":"summary_large_image","twitter_site":"@ZenkitHQ","twitter_misc":{"Est. tempo de leitura":"21 minutos"},"schema":{"@context":"https:\/\/schema.org","@graph":[{"@type":"WebPage","@id":"https:\/\/zenkit.com\/pt-br\/kit-de-imprensa\/zenkit-to-do-press-release\/","url":"https:\/\/zenkit.com\/pt-br\/kit-de-imprensa\/zenkit-to-do-press-release\/","name":"Zenkit To Do Press Release | Zenkit","isPartOf":{"@id":"https:\/\/zenkit.com\/pt-br\/#website"},"primaryImageOfPage":{"@id":"https:\/\/zenkit.com\/pt-br\/kit-de-imprensa\/zenkit-to-do-press-release\/#primaryimage"},"image":{"@id":"https:\/\/zenkit.com\/pt-br\/kit-de-imprensa\/zenkit-to-do-press-release\/#primaryimage"},"thumbnailUrl":"https:\/\/zenkit.com\/wp-content\/uploads\/2021\/01\/todo-social-1024x538.jpg","datePublished":"2020-05-06T12:00:27+00:00","dateModified":"2025-11-24T14:56:16+00:00","description":"Wunderlist shutdown inspires another German team to build viable alternative. Zenkit To Do fills the gap left by Wunderlist as it closes on May 6th 2020.","breadcrumb":{"@id":"https:\/\/zenkit.com\/pt-br\/kit-de-imprensa\/zenkit-to-do-press-release\/#breadcrumb"},"inLanguage":"pt-BR","potentialAction":[{"@type":"ReadAction","target":["https:\/\/zenkit.com\/pt-br\/kit-de-imprensa\/zenkit-to-do-press-release\/"]}]},{"@type":"ImageObject","inLanguage":"pt-BR","@id":"https:\/\/zenkit.com\/pt-br\/kit-de-imprensa\/zenkit-to-do-press-release\/#primaryimage","url":"https:\/\/zenkit.com\/wp-content\/uploads\/2021\/01\/todo-social-1024x538.jpg","contentUrl":"https:\/\/zenkit.com\/wp-content\/uploads\/2021\/01\/todo-social-1024x538.jpg"},{"@type":"BreadcrumbList","@id":"https:\/\/zenkit.com\/pt-br\/kit-de-imprensa\/zenkit-to-do-press-release\/#breadcrumb","itemListElement":[{"@type":"ListItem","position":1,"name":"Home","item":"https:\/\/zenkit.com\/pt-br\/"},{"@type":"ListItem","position":2,"name":"Kit de Imprensa","item":"https:\/\/zenkit.com\/pt-br\/kit-de-imprensa\/"},{"@type":"ListItem","position":3,"name":"Zenkit To Do Press Release"}]},{"@type":"WebSite","@id":"https:\/\/zenkit.com\/pt-br\/#website","url":"https:\/\/zenkit.com\/pt-br\/","name":"Zenkit","description":"Zenkit Tagline","potentialAction":[{"@type":"SearchAction","target":{"@type":"EntryPoint","urlTemplate":"https:\/\/zenkit.com\/pt-br\/?s={search_term_string}"},"query-input":{"@type":"PropertyValueSpecification","valueRequired":true,"valueName":"search_term_string"}}],"inLanguage":"pt-BR"},false]}},"yasr_visitor_votes":{"stars_attributes":{"read_only":false,"span_bottom":false},"number_of_votes":0,"sum_votes":0},"_links":{"self":[{"href":"https:\/\/zenkit.com\/pt-br\/wp-json\/wp\/v2\/pages\/73028","targetHints":{"allow":["GET"]}}],"collection":[{"href":"https:\/\/zenkit.com\/pt-br\/wp-json\/wp\/v2\/pages"}],"about":[{"href":"https:\/\/zenkit.com\/pt-br\/wp-json\/wp\/v2\/types\/page"}],"author":[{"embeddable":true,"href":"https:\/\/zenkit.com\/pt-br\/wp-json\/wp\/v2\/users\/30"}],"replies":[{"embeddable":true,"href":"https:\/\/zenkit.com\/pt-br\/wp-json\/wp\/v2\/comments?post=73028"}],"version-history":[{"count":2,"href":"https:\/\/zenkit.com\/pt-br\/wp-json\/wp\/v2\/pages\/73028\/revisions"}],"predecessor-version":[{"id":174759,"href":"https:\/\/zenkit.com\/pt-br\/wp-json\/wp\/v2\/pages\/73028\/revisions\/174759"}],"up":[{"embeddable":true,"href":"https:\/\/zenkit.com\/pt-br\/wp-json\/wp\/v2\/pages\/61691"}],"wp:attachment":[{"href":"https:\/\/zenkit.com\/pt-br\/wp-json\/wp\/v2\/media?parent=73028"}],"curies":[{"name":"wp","href":"https:\/\/api.w.org\/{rel}","templated":true}]}}