{"id":73030,"date":"2019-12-18T09:42:39","date_gmt":"2019-12-18T08:42:39","guid":{"rendered":"https:\/\/zenkit.com\/kit-de-imprensa\/zenkit-launches-new-wiki-view\/"},"modified":"2025-09-13T11:20:43","modified_gmt":"2025-09-13T09:20:43","slug":"zenkit-launches-new-wiki-view","status":"publish","type":"page","link":"https:\/\/zenkit.com\/pt-br\/kit-de-imprensa\/zenkit-launches-new-wiki-view\/","title":{"rendered":"Zenkit Launches New Wiki View"},"content":{"rendered":"\n<div class=\"wp-block-group has-global-padding is-layout-constrained wp-block-group-is-layout-constrained\">\n<div class=\"wp-block-group width--950 has-global-padding is-layout-constrained wp-block-group-is-layout-constrained\">\n<div style=\"height:45px;--tablet-height:45px;--mobile-height:16px\" class=\"wp-block-lookeen-blocks-responsive-spacer\"><\/div>\n\n\n\n<div class=\"wp-block-group has-global-padding is-layout-constrained wp-block-group-is-layout-constrained\">\n<h1 class=\"wp-block-heading has-text-align-center\" style=\"margin-bottom:8px\">Zenkit lan\u00e7a nova visualiza\u00e7\u00e3o modo Wiki e fortalece sua posi\u00e7\u00e3o como uma solu\u00e7\u00e3o \u00fanica para todas as necessidades de seu local de trabalho<\/h1>\n<\/div>\n\n\n\n<div class=\"wp-block-group has-global-padding is-layout-constrained wp-block-group-is-layout-constrained\">\n<p class=\"has-text-align-center subheading\">Introduzindo o novo modo de visualiza\u00e7\u00e3o Wiki, uma plataforma de compartilhamento de conhecimento e gerenciamento de conte\u00fado para melhorar a colabora\u00e7\u00e3o e conectar indiv\u00edduos a uma quantidade valiosa de dados.<\/p>\n<\/div>\n\n\n\n<div style=\"height:48px;--tablet-height:36px;--mobile-height:24px\" class=\"wp-block-lookeen-blocks-responsive-spacer\"><\/div>\n\n\n\n<div class=\"wp-block-group has-global-padding is-layout-constrained wp-block-group-is-layout-constrained\">\n<p class=\"has-text-align-center press__headline has-text-color has-link-color wp-elements-ddf230e612fa53bfe21ccceca8c129a6\" style=\"color:#939393;font-size:24px;font-style:normal;font-weight:700;line-height:1.5\">Ter\u00e7a, 17 de dezembro, 2019 \u2013 Karlsruhe, Alemanha:<\/p>\n<\/div>\n<\/div>\n\n\n\n<div style=\"height:88px;--tablet-height:72px;--mobile-height:40px\" class=\"wp-block-lookeen-blocks-responsive-spacer\"><\/div>\n<\/div>\n\n\n\n<div class=\"wp-block-group has-global-padding is-layout-constrained wp-block-group-is-layout-constrained\">\n<div class=\"wp-block-columns is-layout-flex wp-container-core-columns-is-layout-b8d659ec wp-block-columns-is-layout-flex\">\n<div class=\"wp-block-column is-layout-flow wp-block-column-is-layout-flow\">\n<p class=\"has-da-grey-2-color has-text-color has-link-color wp-elements-7a6fad7de6a8adbbbb7344d530fe9653\">Hoje, o time Zenkit anuncia o lan\u00e7amento do seu modo de visualiza\u00e7\u00e3o Wiki. Esse novo recurso oferece aos usu\u00e1rios um espa\u00e7o para compartilhar e gerir seu conhecimento, bem como uma nova forma de organizar e visualizar seus dados.<\/p>\n\n\n\n<p class=\"has-da-grey-2-color has-text-color has-link-color wp-elements-989ca538f7f248c29873be768d9bd8f4\">Dados corporativos est\u00e3o se tornando cada vez mais desafiadores de gerenciar. A Corpora\u00e7\u00e3o Internacional de Dados (IDC)&nbsp;<a href=\"https:\/\/www.thoughtfarmer.com\/blog\/knowledge-management-what-it-is-and-why-it-matters\/\">prev\u00ea&nbsp;<\/a>que at\u00e9 2020, cerca de 80 a 90 % dos dados das empresas estar\u00e3o desestruturados devido \u00e0 constante movimenta\u00e7\u00e3o entre redes sociais e e-mails. Como uma plataforma baseada em conhecimento, o modo de visualiza\u00e7\u00e3o wiki convida m\u00faltiplos usu\u00e1rios \u00e0 criar, co-editar e colaborar conte\u00fados.<\/p>\n\n\n\n<p class=\"has-da-grey-2-color has-text-color has-link-color wp-elements-e0c6da33de682ee821c15fe8b6004810\">Ao utilizar o modo de visualiza\u00e7\u00e3o Wiki, times e grupos de indiv\u00edduos com mesmos interesses podem transmitir informa\u00e7\u00f5es uns aos outros, desde an\u00fancios de not\u00edcias at\u00e9 a troca de conhecimentos. Isso pode ajudar a estimular o crescimento e inova\u00e7\u00e3o, assim como permitir uma melhor tomada de decis\u00f5es.<\/p>\n<\/div>\n\n\n\n<div class=\"wp-block-column is-layout-flow wp-block-column-is-layout-flow\">\n<p class=\"has-da-grey-1-color has-text-color has-link-color wp-elements-fff09cff89a0eb123abcfd24859c1f7e\">Tr\u00eas anos ap\u00f3s o lan\u00e7amento, o time de Karlsruhe, Alemanha, continuam sua miss\u00e3o de posicionar Zenkit como uma solu\u00e7\u00e3o tudo-em-um poderosa para necessidades de gerenciamento de projetos e produtividade.<\/p>\n\n\n\n<div class=\"wp-block-group has-background has-global-padding is-layout-constrained wp-container-core-group-is-layout-8412c99a wp-block-group-is-layout-constrained\" style=\"border-radius:20px;background-color:#efefef;margin-bottom:24px;padding-top:20px;padding-right:20px;padding-bottom:20px;padding-left:20px\">\n<p class=\"has-da-grey-1-color has-text-color has-link-color wp-elements-2a64a6ab567cc6b951ce66cc0aa4064a\" style=\"font-size:14px\">\u201cEstamos realmente interessados em permitir que nossos usu\u00e1rios publiquem seu conte\u00fado de v\u00e1rias maneiras\u201d, explica Martin Welker, CEO de Zenkit. \u201cCom o lan\u00e7amento do modo de visualiza\u00e7\u00e3o Wiki, estamos permitindo que as pessoas usem Zenkit como um sistema de gerenciamento de conte\u00fado para uma wiki bem fundamentada e rica em recursos. Essa fun\u00e7\u00e3o tem sido um longo caminho percorrido. Nossa pr\u00f3pria Base de Conhecimento, por exemplo, foi uma vers\u00e3o alpha deste sistema pelos \u00faltimos dois anos!\u201d<\/p>\n<\/div>\n<\/div>\n<\/div>\n<\/div>\n\n\n\n<div style=\"height:45px;--tablet-height:45px;--mobile-height:16px\" class=\"wp-block-lookeen-blocks-responsive-spacer\"><\/div>\n\n\n\n<figure class=\"wp-block-image aligncenter size-full is-resized border-radius--20 overflow__hidden  box__shadow\"><img loading=\"lazy\" decoding=\"async\" width=\"1024\" height=\"538\" src=\"https:\/\/zenkit.com\/wp-content\/uploads\/2025\/05\/base-1024x538-1.webp\" alt=\"\" class=\"wp-image-115467\" style=\"width:491px;height:auto\" srcset=\"https:\/\/zenkit.com\/wp-content\/uploads\/2025\/05\/base-1024x538-1.webp 1024w, https:\/\/zenkit.com\/wp-content\/uploads\/2025\/05\/base-1024x538-1-300x158.webp 300w, https:\/\/zenkit.com\/wp-content\/uploads\/2025\/05\/base-1024x538-1-768x404.webp 768w\" sizes=\"auto, (max-width: 1024px) 100vw, 1024px\" \/><\/figure>\n\n\n\n<div style=\"height:88px;--tablet-height:72px;--mobile-height:40px\" class=\"wp-block-lookeen-blocks-responsive-spacer\"><\/div>\n\n\n\n<div class=\"wp-block-group has-global-padding is-layout-constrained wp-block-group-is-layout-constrained\">\n<h2 class=\"wp-block-heading has-text-align-center\" style=\"margin-bottom:0px\">O que esperar:<\/h2>\n\n\n\n<div style=\"height:48px;--tablet-height:36px;--mobile-height:24px\" class=\"wp-block-lookeen-blocks-responsive-spacer\"><\/div>\n\n\n\n<div class=\"wp-block-group has-global-padding is-layout-constrained wp-block-group-is-layout-constrained\">\n<div class=\"wp-block-columns is-layout-flex wp-container-core-columns-is-layout-28f84493 wp-block-columns-is-layout-flex\">\n<div class=\"wp-block-column is-layout-flow wp-block-column-is-layout-flow\">\n<ul class=\"wp-block-list list__with-checkmark-blue-and-underline\">\n<li><strong>Simplicidade<\/strong>:\u00a0Crie facilmente um wiki dos seus dados existentes em Zenkit, ou fa\u00e7a uma nova a partir do zero. Colabore em todas as p\u00e1ginas Wiki com seu time Zenkit.<\/li>\n\n\n\n<li><strong>Flexibilidade<\/strong>: Agrupe o modo de visualiza\u00e7\u00e3o wiki por diferentes tipos de campos para criar um estilo de navega\u00e7\u00e3o que mais se ajusta \u00e0 voc\u00ea. Alterne entre agrupamento alfab\u00e9tico por campos de texto, subitems com agrupamento hier\u00e1rquico ou agrupamento por etiquetas.<\/li>\n\n\n\n<li><strong>Conectividade<\/strong>: Adicione links \u00e0 qualquer item, arquivos ou Collections que voc\u00ea tiver acesso. Zenkit mostrar\u00e1 uma elegante visualiza\u00e7\u00e3o personalizada para estes links<\/li>\n<\/ul>\n<\/div>\n\n\n\n<div class=\"wp-block-column is-layout-flow wp-block-column-is-layout-flow\">\n<ul class=\"wp-block-list list__with-checkmark-blue-and-underline\">\n<li><strong>Adaptabilidade<\/strong>: Escolha entre texto simples, Markdown e HTML.\u00a0<\/li>\n\n\n\n<li><strong>Personaliza\u00e7\u00e3o<\/strong>: Modifique a p\u00e1gina de sa\u00edda para a qual melhor se adeque \u00e0s suas necessidades. Adicione imagens ou arquivos e inclua v\u00eddeos, m\u00eddias sociais e mais.<\/li>\n\n\n\n<li><strong>Pot\u00eancia<\/strong>: Use as fun\u00e7\u00f5es de filtros poderosos de Zenkit para rapidamente localizar artigos que voc\u00ea precisa e encontrar rapidamente o que est\u00e1 buscando.<\/li>\n<\/ul>\n<\/div>\n<\/div>\n<\/div>\n\n\n\n<div class=\"wp-block-group has-global-padding is-layout-constrained wp-container-core-group-is-layout-7cc94c3e wp-block-group-is-layout-constrained\">\n<div style=\"height:88px;--tablet-height:72px;--mobile-height:40px\" class=\"wp-block-lookeen-blocks-responsive-spacer\"><\/div>\n\n\n\n<h3 class=\"wp-block-heading has-text-align-center\" style=\"margin-bottom:8px;font-style:normal;font-weight:700\">Sobre Zenkit:<\/h3>\n\n\n\n<p class=\"has-text-align-center has-da-grey-2-color has-text-color has-link-color wp-elements-b5f3f56ab5d40841a5fce0968affee02\">Zenkit \u00e9 uma startup criada por Axonic GmbH. A plataforma de gerenciamento de projetos SaaS e constru\u00e7\u00e3o de bancos de dados foi lan\u00e7ada em outubro de 2016.<\/p>\n<\/div>\n<\/div>\n\n\n\n<div style=\"height:110px;--tablet-height:60px;--mobile-height:48px\" class=\"wp-block-lookeen-blocks-responsive-spacer\"><\/div>\n","protected":false},"excerpt":{"rendered":"<p>Zenkit lan\u00e7a nova visualiza\u00e7\u00e3o modo Wiki e fortalece sua posi\u00e7\u00e3o como uma solu\u00e7\u00e3o \u00fanica para todas as necessidades de seu local de trabalho Introduzindo o novo modo de visualiza\u00e7\u00e3o Wiki, uma plataforma de compartilhamento de conhecimento e gerenciamento de conte\u00fado para melhorar a colabora\u00e7\u00e3o e conectar indiv\u00edduos a uma quantidade valiosa de dados. Ter\u00e7a, 17 [&hellip;]<\/p>\n","protected":false},"author":30,"featured_media":0,"parent":61691,"menu_order":7,"comment_status":"closed","ping_status":"closed","template":"","meta":{"yasr_overall_rating":0,"yasr_post_is_review":"","yasr_auto_insert_disabled":"","yasr_review_type":"","footnotes":""},"class_list":["post-73030","page","type-page","status-publish","hentry"],"yoast_head":"<!-- This site is optimized with the Yoast SEO plugin v27.3 - https:\/\/yoast.com\/product\/yoast-seo-wordpress\/ -->\n<title>Zenkit Launches New Wiki View | Zenkit<\/title>\n<meta name=\"description\" content=\"Zenkit releases new wiki view! A knowledge sharing and content management platform that can enhance collaboration and connect individuals to a wealth of valuable data.\" \/>\n<meta name=\"robots\" content=\"index, follow, max-snippet:-1, max-image-preview:large, max-video-preview:-1\" \/>\n<link rel=\"canonical\" href=\"https:\/\/zenkit.com\/pt-br\/kit-de-imprensa\/zenkit-launches-new-wiki-view\/\" \/>\n<meta property=\"og:locale\" content=\"pt_BR\" \/>\n<meta property=\"og:type\" content=\"article\" \/>\n<meta property=\"og:title\" content=\"Zenkit Launches New Wiki View | Zenkit\" \/>\n<meta property=\"og:description\" content=\"Zenkit releases new wiki view! A knowledge sharing and content management platform that can enhance collaboration and connect individuals to a wealth of valuable data.\" \/>\n<meta property=\"og:url\" content=\"https:\/\/zenkit.com\/pt-br\/kit-de-imprensa\/zenkit-launches-new-wiki-view\/\" \/>\n<meta property=\"og:site_name\" content=\"Zenkit\" \/>\n<meta property=\"article:publisher\" content=\"https:\/\/www.facebook.com\/ZenkitHQ\" \/>\n<meta property=\"article:modified_time\" content=\"2025-09-13T09:20:43+00:00\" \/>\n<meta property=\"og:image\" content=\"https:\/\/zenkit.com\/wp-content\/uploads\/2025\/05\/base-1024x538-1.webp\" \/>\n<meta name=\"twitter:card\" content=\"summary_large_image\" \/>\n<meta name=\"twitter:site\" content=\"@ZenkitHQ\" \/>\n<meta name=\"twitter:label1\" content=\"Est. tempo de leitura\" \/>\n\t<meta name=\"twitter:data1\" content=\"3 minutos\" \/>\n<script type=\"application\/ld+json\" class=\"yoast-schema-graph\">{\"@context\":\"https:\\\/\\\/schema.org\",\"@graph\":[{\"@type\":\"WebPage\",\"@id\":\"https:\\\/\\\/zenkit.com\\\/pt-br\\\/kit-de-imprensa\\\/zenkit-launches-new-wiki-view\\\/\",\"url\":\"https:\\\/\\\/zenkit.com\\\/pt-br\\\/kit-de-imprensa\\\/zenkit-launches-new-wiki-view\\\/\",\"name\":\"Zenkit Launches New Wiki View | Zenkit\",\"isPartOf\":{\"@id\":\"https:\\\/\\\/zenkit.com\\\/pt-br\\\/#website\"},\"primaryImageOfPage\":{\"@id\":\"https:\\\/\\\/zenkit.com\\\/pt-br\\\/kit-de-imprensa\\\/zenkit-launches-new-wiki-view\\\/#primaryimage\"},\"image\":{\"@id\":\"https:\\\/\\\/zenkit.com\\\/pt-br\\\/kit-de-imprensa\\\/zenkit-launches-new-wiki-view\\\/#primaryimage\"},\"thumbnailUrl\":\"https:\\\/\\\/zenkit.com\\\/wp-content\\\/uploads\\\/2025\\\/05\\\/base-1024x538-1.webp\",\"datePublished\":\"2019-12-18T08:42:39+00:00\",\"dateModified\":\"2025-09-13T09:20:43+00:00\",\"description\":\"Zenkit releases new wiki view! A knowledge sharing and content management platform that can enhance collaboration and connect individuals to a wealth of valuable data.\",\"breadcrumb\":{\"@id\":\"https:\\\/\\\/zenkit.com\\\/pt-br\\\/kit-de-imprensa\\\/zenkit-launches-new-wiki-view\\\/#breadcrumb\"},\"inLanguage\":\"pt-BR\",\"potentialAction\":[{\"@type\":\"ReadAction\",\"target\":[\"https:\\\/\\\/zenkit.com\\\/pt-br\\\/kit-de-imprensa\\\/zenkit-launches-new-wiki-view\\\/\"]}]},{\"@type\":\"ImageObject\",\"inLanguage\":\"pt-BR\",\"@id\":\"https:\\\/\\\/zenkit.com\\\/pt-br\\\/kit-de-imprensa\\\/zenkit-launches-new-wiki-view\\\/#primaryimage\",\"url\":\"https:\\\/\\\/zenkit.com\\\/wp-content\\\/uploads\\\/2025\\\/05\\\/base-1024x538-1.webp\",\"contentUrl\":\"https:\\\/\\\/zenkit.com\\\/wp-content\\\/uploads\\\/2025\\\/05\\\/base-1024x538-1.webp\"},{\"@type\":\"BreadcrumbList\",\"@id\":\"https:\\\/\\\/zenkit.com\\\/pt-br\\\/kit-de-imprensa\\\/zenkit-launches-new-wiki-view\\\/#breadcrumb\",\"itemListElement\":[{\"@type\":\"ListItem\",\"position\":1,\"name\":\"Home\",\"item\":\"https:\\\/\\\/zenkit.com\\\/pt-br\\\/\"},{\"@type\":\"ListItem\",\"position\":2,\"name\":\"Kit de Imprensa\",\"item\":\"https:\\\/\\\/zenkit.com\\\/pt-br\\\/kit-de-imprensa\\\/\"},{\"@type\":\"ListItem\",\"position\":3,\"name\":\"Zenkit Launches New Wiki View\"}]},{\"@type\":\"WebSite\",\"@id\":\"https:\\\/\\\/zenkit.com\\\/pt-br\\\/#website\",\"url\":\"https:\\\/\\\/zenkit.com\\\/pt-br\\\/\",\"name\":\"Zenkit\",\"description\":\"Zenkit Tagline\",\"potentialAction\":[{\"@type\":\"SearchAction\",\"target\":{\"@type\":\"EntryPoint\",\"urlTemplate\":\"https:\\\/\\\/zenkit.com\\\/pt-br\\\/?s={search_term_string}\"},\"query-input\":{\"@type\":\"PropertyValueSpecification\",\"valueRequired\":true,\"valueName\":\"search_term_string\"}}],\"inLanguage\":\"pt-BR\"},false]}<\/script>\n<!-- \/ Yoast SEO plugin. -->","yoast_head_json":{"title":"Zenkit Launches New Wiki View | Zenkit","description":"Zenkit releases new wiki view! A knowledge sharing and content management platform that can enhance collaboration and connect individuals to a wealth of valuable data.","robots":{"index":"index","follow":"follow","max-snippet":"max-snippet:-1","max-image-preview":"max-image-preview:large","max-video-preview":"max-video-preview:-1"},"canonical":"https:\/\/zenkit.com\/pt-br\/kit-de-imprensa\/zenkit-launches-new-wiki-view\/","og_locale":"pt_BR","og_type":"article","og_title":"Zenkit Launches New Wiki View | Zenkit","og_description":"Zenkit releases new wiki view! A knowledge sharing and content management platform that can enhance collaboration and connect individuals to a wealth of valuable data.","og_url":"https:\/\/zenkit.com\/pt-br\/kit-de-imprensa\/zenkit-launches-new-wiki-view\/","og_site_name":"Zenkit","article_publisher":"https:\/\/www.facebook.com\/ZenkitHQ","article_modified_time":"2025-09-13T09:20:43+00:00","og_image":[{"url":"https:\/\/zenkit.com\/wp-content\/uploads\/2025\/05\/base-1024x538-1.webp","type":"","width":"","height":""}],"twitter_card":"summary_large_image","twitter_site":"@ZenkitHQ","twitter_misc":{"Est. tempo de leitura":"3 minutos"},"schema":{"@context":"https:\/\/schema.org","@graph":[{"@type":"WebPage","@id":"https:\/\/zenkit.com\/pt-br\/kit-de-imprensa\/zenkit-launches-new-wiki-view\/","url":"https:\/\/zenkit.com\/pt-br\/kit-de-imprensa\/zenkit-launches-new-wiki-view\/","name":"Zenkit Launches New Wiki View | Zenkit","isPartOf":{"@id":"https:\/\/zenkit.com\/pt-br\/#website"},"primaryImageOfPage":{"@id":"https:\/\/zenkit.com\/pt-br\/kit-de-imprensa\/zenkit-launches-new-wiki-view\/#primaryimage"},"image":{"@id":"https:\/\/zenkit.com\/pt-br\/kit-de-imprensa\/zenkit-launches-new-wiki-view\/#primaryimage"},"thumbnailUrl":"https:\/\/zenkit.com\/wp-content\/uploads\/2025\/05\/base-1024x538-1.webp","datePublished":"2019-12-18T08:42:39+00:00","dateModified":"2025-09-13T09:20:43+00:00","description":"Zenkit releases new wiki view! A knowledge sharing and content management platform that can enhance collaboration and connect individuals to a wealth of valuable data.","breadcrumb":{"@id":"https:\/\/zenkit.com\/pt-br\/kit-de-imprensa\/zenkit-launches-new-wiki-view\/#breadcrumb"},"inLanguage":"pt-BR","potentialAction":[{"@type":"ReadAction","target":["https:\/\/zenkit.com\/pt-br\/kit-de-imprensa\/zenkit-launches-new-wiki-view\/"]}]},{"@type":"ImageObject","inLanguage":"pt-BR","@id":"https:\/\/zenkit.com\/pt-br\/kit-de-imprensa\/zenkit-launches-new-wiki-view\/#primaryimage","url":"https:\/\/zenkit.com\/wp-content\/uploads\/2025\/05\/base-1024x538-1.webp","contentUrl":"https:\/\/zenkit.com\/wp-content\/uploads\/2025\/05\/base-1024x538-1.webp"},{"@type":"BreadcrumbList","@id":"https:\/\/zenkit.com\/pt-br\/kit-de-imprensa\/zenkit-launches-new-wiki-view\/#breadcrumb","itemListElement":[{"@type":"ListItem","position":1,"name":"Home","item":"https:\/\/zenkit.com\/pt-br\/"},{"@type":"ListItem","position":2,"name":"Kit de Imprensa","item":"https:\/\/zenkit.com\/pt-br\/kit-de-imprensa\/"},{"@type":"ListItem","position":3,"name":"Zenkit Launches New Wiki View"}]},{"@type":"WebSite","@id":"https:\/\/zenkit.com\/pt-br\/#website","url":"https:\/\/zenkit.com\/pt-br\/","name":"Zenkit","description":"Zenkit Tagline","potentialAction":[{"@type":"SearchAction","target":{"@type":"EntryPoint","urlTemplate":"https:\/\/zenkit.com\/pt-br\/?s={search_term_string}"},"query-input":{"@type":"PropertyValueSpecification","valueRequired":true,"valueName":"search_term_string"}}],"inLanguage":"pt-BR"},false]}},"yasr_visitor_votes":{"stars_attributes":{"read_only":false,"span_bottom":false},"number_of_votes":0,"sum_votes":0},"_links":{"self":[{"href":"https:\/\/zenkit.com\/pt-br\/wp-json\/wp\/v2\/pages\/73030","targetHints":{"allow":["GET"]}}],"collection":[{"href":"https:\/\/zenkit.com\/pt-br\/wp-json\/wp\/v2\/pages"}],"about":[{"href":"https:\/\/zenkit.com\/pt-br\/wp-json\/wp\/v2\/types\/page"}],"author":[{"embeddable":true,"href":"https:\/\/zenkit.com\/pt-br\/wp-json\/wp\/v2\/users\/30"}],"replies":[{"embeddable":true,"href":"https:\/\/zenkit.com\/pt-br\/wp-json\/wp\/v2\/comments?post=73030"}],"version-history":[{"count":4,"href":"https:\/\/zenkit.com\/pt-br\/wp-json\/wp\/v2\/pages\/73030\/revisions"}],"predecessor-version":[{"id":147471,"href":"https:\/\/zenkit.com\/pt-br\/wp-json\/wp\/v2\/pages\/73030\/revisions\/147471"}],"up":[{"embeddable":true,"href":"https:\/\/zenkit.com\/pt-br\/wp-json\/wp\/v2\/pages\/61691"}],"wp:attachment":[{"href":"https:\/\/zenkit.com\/pt-br\/wp-json\/wp\/v2\/media?parent=73030"}],"curies":[{"name":"wp","href":"https:\/\/api.w.org\/{rel}","templated":true}]}}