{"id":73032,"date":"2019-11-18T10:21:30","date_gmt":"2019-11-18T09:21:30","guid":{"rendered":"https:\/\/zenkit.com\/kit-de-imprensa\/reinventing-the-kanban-board\/"},"modified":"2025-09-13T11:34:10","modified_gmt":"2025-09-13T09:34:10","slug":"reinventing-the-kanban-board","status":"publish","type":"page","link":"https:\/\/zenkit.com\/pt-br\/kit-de-imprensa\/reinventing-the-kanban-board\/","title":{"rendered":"Reinventing the Kanban board"},"content":{"rendered":"\n<div class=\"wp-block-group has-global-padding is-layout-constrained wp-block-group-is-layout-constrained\">\n<div class=\"wp-block-group width--950 has-global-padding is-layout-constrained wp-block-group-is-layout-constrained\">\n<div style=\"height:45px;--tablet-height:45px;--mobile-height:16px\" class=\"wp-block-lookeen-blocks-responsive-spacer\"><\/div>\n\n\n\n<div class=\"wp-block-group has-global-padding is-layout-constrained wp-block-group-is-layout-constrained\">\n<h1 class=\"wp-block-heading has-text-align-center\" style=\"margin-bottom:8px\">Reinventando o Quadro Kanban<\/h1>\n<\/div>\n\n\n\n<div class=\"wp-block-group has-global-padding is-layout-constrained wp-block-group-is-layout-constrained\">\n<p class=\"has-text-align-center subheading\">Zenkit introduz subtarefas, modo de visualiza\u00e7\u00e3o de hierarquia e mais filtros poderosos para trazer clareza e foco de volta aos quadros Kanban lotados e movimentados.<\/p>\n<\/div>\n\n\n\n<div style=\"height:48px;--tablet-height:36px;--mobile-height:24px\" class=\"wp-block-lookeen-blocks-responsive-spacer\"><\/div>\n\n\n\n<div class=\"wp-block-group has-global-padding is-layout-constrained wp-block-group-is-layout-constrained\">\n<p class=\"has-text-align-center press__headline has-text-color has-link-color wp-elements-aba60700e51e01e90417886513c1b7a2\" style=\"color:#939393;font-size:24px;font-style:normal;font-weight:700;line-height:1.5\">Sexta-feira, 4 de outubro de 2019 \u2013 Karlsruhe, Alemanha<\/p>\n<\/div>\n<\/div>\n\n\n\n<div style=\"height:88px;--tablet-height:72px;--mobile-height:40px\" class=\"wp-block-lookeen-blocks-responsive-spacer\"><\/div>\n<\/div>\n\n\n\n<div class=\"wp-block-group has-global-padding is-layout-constrained wp-block-group-is-layout-constrained\">\n<div class=\"wp-block-columns is-layout-flex wp-container-core-columns-is-layout-b8d659ec wp-block-columns-is-layout-flex\">\n<div class=\"wp-block-column is-layout-flow wp-block-column-is-layout-flow\">\n<p class=\"has-da-grey-2-color has-text-color has-link-color wp-elements-3f23f9a11eebeb807e19a9679f5d816b\">Hoje, a equipe Zenkit anuncia o lan\u00e7amento de seu novo recurso de subtarefas junto com o modo de visualiza\u00e7\u00e3o hier\u00e1rquico e filtros poderosos. O novo recurso introduz uma estrutura hier\u00e1rquica que permite ao usu\u00e1rio adicionar forma ao movimentado quadro Kanban.<\/p>\n\n\n\n<p class=\"has-da-grey-2-color has-text-color has-link-color wp-elements-1bdbedd1e385de1ca48357fb4336f295\">Quadros Kanban s\u00e3o adorados por equipes ao redor do mundo pela sua visualiza\u00e7\u00e3o intuitiva e efetiva dos projetos. No entanto, a equipe Zenkit h\u00e1 muito questiona a forma como est\u00e3o sendo usados. Em particular, quando utilizado por muito tempo para projetos extensos com grandes equipes, os quadro Kanban podem se tornar lotados e avassaladores. A aus\u00eancia de estrutura, a adi\u00e7\u00e3o de listas amb\u00edguas e a dificuldade da divis\u00e3o de tarefas em subtarefas por resultar em um projeto com aus\u00eancia de clareza.<\/p>\n\n\n\n<p class=\"has-da-grey-2-color has-text-color has-link-color wp-elements-be19ca522552fd65e933979be20e19c8\">A adi\u00e7\u00e3o de estruturas por meio da introdu\u00e7\u00e3o de subtarefas e visualiza\u00e7\u00e3o hier\u00e1rquica oferece a solu\u00e7\u00e3o.<\/p>\n<\/div>\n\n\n\n<div class=\"wp-block-column is-layout-flow wp-block-column-is-layout-flow\">\n<p class=\"has-da-grey-1-color has-text-color has-link-color wp-elements-95ca361f685bdbfb432da79add0941fe\">A estrutura\u00e7\u00e3o hier\u00e1rquica pode auxiliar na divis\u00e3o de tarefas de modo claro em seu quadro Kanban. Pode tamb\u00e9m permitir de forma intuitiva a determina\u00e7\u00e3o da localiza\u00e7\u00e3o das tarefas e prov\u00ea uma vis\u00e3o geral mais clara e focada no seu fluxo de trabalho.<\/p>\n\n\n\n<div class=\"wp-block-group has-background has-global-padding is-layout-constrained wp-container-core-group-is-layout-8412c99a wp-block-group-is-layout-constrained\" style=\"border-radius:20px;background-color:#efefef;margin-bottom:24px;padding-top:20px;padding-right:20px;padding-bottom:20px;padding-left:20px\">\n<p class=\"has-da-grey-1-color has-text-color has-link-color wp-elements-96f28aee11637b4c2a531b7e70491723\" style=\"font-size:14px\"><em>\u201cSempre fomos grandes f\u00e3s dos quadros Kanban, por\u00e9m percebemos que sua falta de estrutura pode causar superlota\u00e7\u00e3o e confus\u00e3o\u201d, expressou Martin Welker, CEO de Zenkit. \u201cPor acidente, enquanto trabalh\u00e1vamos no nosso novo recurso de subtarefas, encontramos a solu\u00e7\u00e3o do problema: filtros hier\u00e1rquicos. Eles s\u00e3o uma maneira intuitiva de rapidamente encontrar tarefas relacionadas e ganhar uma vis\u00e3o geral chave das tarefas. Estamos confiantes que esse novo recurso mudar\u00e1 a maneira de se utilizar quadros Kanban para sempre.\u201d<\/em><\/p>\n<\/div>\n<\/div>\n<\/div>\n<\/div>\n\n\n\n<div style=\"height:45px;--tablet-height:45px;--mobile-height:16px\" class=\"wp-block-lookeen-blocks-responsive-spacer\"><\/div>\n\n\n\n<figure class=\"wp-block-image aligncenter size-full is-resized border-radius--20 overflow__hidden  box__shadow\"><img loading=\"lazy\" decoding=\"async\" width=\"1024\" height=\"538\" src=\"https:\/\/zenkit.com\/wp-content\/uploads\/2025\/05\/base-1024x538-1.webp\" alt=\"\" class=\"wp-image-115467\" style=\"width:491px;height:auto\" srcset=\"https:\/\/zenkit.com\/wp-content\/uploads\/2025\/05\/base-1024x538-1.webp 1024w, https:\/\/zenkit.com\/wp-content\/uploads\/2025\/05\/base-1024x538-1-300x158.webp 300w, https:\/\/zenkit.com\/wp-content\/uploads\/2025\/05\/base-1024x538-1-768x404.webp 768w\" sizes=\"auto, (max-width: 1024px) 100vw, 1024px\" \/><\/figure>\n\n\n\n<div style=\"height:88px;--tablet-height:72px;--mobile-height:40px\" class=\"wp-block-lookeen-blocks-responsive-spacer\"><\/div>\n\n\n\n<div class=\"wp-block-group has-global-padding is-layout-constrained wp-block-group-is-layout-constrained\">\n<h2 class=\"wp-block-heading has-text-align-center\" style=\"margin-bottom:0px\">O que esperar:<\/h2>\n\n\n\n<div style=\"height:48px;--tablet-height:36px;--mobile-height:24px\" class=\"wp-block-lookeen-blocks-responsive-spacer\"><\/div>\n\n\n\n<div class=\"wp-block-group has-global-padding is-layout-constrained wp-block-group-is-layout-constrained\">\n<div class=\"wp-block-columns is-layout-flex wp-container-core-columns-is-layout-28f84493 wp-block-columns-is-layout-flex\">\n<div class=\"wp-block-column is-layout-flow wp-block-column-is-layout-flow\">\n<ul class=\"wp-block-list list__with-checkmark-blue-and-underline\">\n<li>Filtros de alcance hier\u00e1rquico que permitem ao usu\u00e1rio ver apenas tarefas de n\u00edvel superior para n\u00e3o ter que criar uma Collection separada para ter a vis\u00e3o geral.<\/li>\n\n\n\n<li>Filtro de subtarefas que permite ao usu\u00e1rio visualizar todos os subitens de um determinado item em um \u00fanico clique. As tarefas n\u00e3o relacionadas a outros itens desaparecer\u00e3o do quadro e o usu\u00e1rio ver\u00e1 uma vis\u00e3o geral de um subprojeto como se fosse o pr\u00f3prio quadro Kanban. Isso pode mostrar imediatamente onde est\u00e3o os gargalos do projeto.<\/li>\n\n\n\n<li>Novo mapa mental que se conecta diretamente \u00e0 vis\u00e3o hierarquizada, oferecendo uma maneira mais expressiva de se trabalhar com os mesmos dados.<\/li>\n<\/ul>\n<\/div>\n\n\n\n<div class=\"wp-block-column is-layout-flow wp-block-column-is-layout-flow\">\n<ul class=\"wp-block-list list__with-checkmark-blue-and-underline\">\n<li>F\u00f3rmulas recursivas que permitem agregar o valor das subtarefas.<\/li>\n\n\n\n<li>A habilidade de automaticamente marcar todas subtarefas como feitas ao marcar a tarefa pai como feita.<\/li>\n<\/ul>\n<\/div>\n<\/div>\n<\/div>\n\n\n\n<div style=\"height:88px;--tablet-height:72px;--mobile-height:40px\" class=\"wp-block-lookeen-blocks-responsive-spacer\"><\/div>\n\n\n\n<div class=\"wp-block-group has-global-padding is-layout-constrained wp-container-core-group-is-layout-7cc94c3e wp-block-group-is-layout-constrained\">\n<div class=\"wp-block-group has-global-padding is-layout-constrained wp-block-group-is-layout-constrained\">\n<p class=\"has-text-align-center has-da-grey-2-color has-text-color has-link-color wp-elements-fb13404f4d89751813de23db99ef1b56\">Adicionalmente aos novos recursos, Zenkit \u00e9, agora, preparado para empresas com a introdu\u00e7\u00e3o do recurso Organizations, que permite \u00e0s grandes organiza\u00e7\u00f5es gerenciar usu\u00e1rios por meio dos seus provedores de identidade com suporte para SAML com base em SSO e provisionamento via SCIM. \u00a0<\/p>\n<\/div>\n\n\n\n<div style=\"height:88px;--tablet-height:72px;--mobile-height:40px\" class=\"wp-block-lookeen-blocks-responsive-spacer\"><\/div>\n\n\n\n<h3 class=\"wp-block-heading has-text-align-center\" style=\"margin-bottom:8px;font-style:normal;font-weight:700\">Sobre Zenkit:<\/h3>\n\n\n\n<p class=\"has-text-align-center has-da-grey-2-color has-text-color has-link-color wp-elements-b5f3f56ab5d40841a5fce0968affee02\">Zenkit \u00e9 uma startup criada por Axonic GmbH. A plataforma de gerenciamento de projetos SaaS e constru\u00e7\u00e3o de bancos de dados foi lan\u00e7ada em outubro de 2016.<\/p>\n<\/div>\n<\/div>\n\n\n\n<div style=\"height:110px;--tablet-height:60px;--mobile-height:48px\" class=\"wp-block-lookeen-blocks-responsive-spacer\"><\/div>\n","protected":false},"excerpt":{"rendered":"<p>Reinventando o Quadro Kanban Zenkit introduz subtarefas, modo de visualiza\u00e7\u00e3o de hierarquia e mais filtros poderosos para trazer clareza e foco de volta aos quadros Kanban lotados e movimentados. Sexta-feira, 4 de outubro de 2019 \u2013 Karlsruhe, Alemanha Hoje, a equipe Zenkit anuncia o lan\u00e7amento de seu novo recurso de subtarefas junto com o modo [&hellip;]<\/p>\n","protected":false},"author":30,"featured_media":0,"parent":61691,"menu_order":8,"comment_status":"closed","ping_status":"closed","template":"","meta":{"yasr_overall_rating":0,"yasr_post_is_review":"","yasr_auto_insert_disabled":"","yasr_review_type":"","footnotes":""},"class_list":["post-73032","page","type-page","status-publish","hentry"],"yoast_head":"<!-- This site is optimized with the Yoast SEO plugin v27.3 - https:\/\/yoast.com\/product\/yoast-seo-wordpress\/ -->\n<title>Reinventing the Kanban board | Zenkit<\/title>\n<meta name=\"description\" content=\"Zenkit introduces subtasks, hierarchy view, and more powerful filters to bring clarity and focus back to crowded and busy Kanban boards.\" \/>\n<meta name=\"robots\" content=\"index, follow, max-snippet:-1, max-image-preview:large, max-video-preview:-1\" \/>\n<link rel=\"canonical\" href=\"https:\/\/zenkit.com\/pt-br\/kit-de-imprensa\/reinventing-the-kanban-board\/\" \/>\n<meta property=\"og:locale\" content=\"pt_BR\" \/>\n<meta property=\"og:type\" content=\"article\" \/>\n<meta property=\"og:title\" content=\"Reinventing the Kanban board | Zenkit\" \/>\n<meta property=\"og:description\" content=\"Zenkit introduces subtasks, hierarchy view, and more powerful filters to bring clarity and focus back to crowded and busy Kanban boards.\" \/>\n<meta property=\"og:url\" content=\"https:\/\/zenkit.com\/pt-br\/kit-de-imprensa\/reinventing-the-kanban-board\/\" \/>\n<meta property=\"og:site_name\" content=\"Zenkit\" \/>\n<meta property=\"article:publisher\" content=\"https:\/\/www.facebook.com\/ZenkitHQ\" \/>\n<meta property=\"article:modified_time\" content=\"2025-09-13T09:34:10+00:00\" \/>\n<meta property=\"og:image\" content=\"https:\/\/zenkit.com\/wp-content\/uploads\/2025\/05\/base-1024x538-1.webp\" \/>\n<meta name=\"twitter:card\" content=\"summary_large_image\" \/>\n<meta name=\"twitter:site\" content=\"@ZenkitHQ\" \/>\n<meta name=\"twitter:label1\" content=\"Est. tempo de leitura\" \/>\n\t<meta name=\"twitter:data1\" content=\"3 minutos\" \/>\n<script type=\"application\/ld+json\" class=\"yoast-schema-graph\">{\"@context\":\"https:\\\/\\\/schema.org\",\"@graph\":[{\"@type\":\"WebPage\",\"@id\":\"https:\\\/\\\/zenkit.com\\\/pt-br\\\/kit-de-imprensa\\\/reinventing-the-kanban-board\\\/\",\"url\":\"https:\\\/\\\/zenkit.com\\\/pt-br\\\/kit-de-imprensa\\\/reinventing-the-kanban-board\\\/\",\"name\":\"Reinventing the Kanban board | Zenkit\",\"isPartOf\":{\"@id\":\"https:\\\/\\\/zenkit.com\\\/pt-br\\\/#website\"},\"primaryImageOfPage\":{\"@id\":\"https:\\\/\\\/zenkit.com\\\/pt-br\\\/kit-de-imprensa\\\/reinventing-the-kanban-board\\\/#primaryimage\"},\"image\":{\"@id\":\"https:\\\/\\\/zenkit.com\\\/pt-br\\\/kit-de-imprensa\\\/reinventing-the-kanban-board\\\/#primaryimage\"},\"thumbnailUrl\":\"https:\\\/\\\/zenkit.com\\\/wp-content\\\/uploads\\\/2025\\\/05\\\/base-1024x538-1.webp\",\"datePublished\":\"2019-11-18T09:21:30+00:00\",\"dateModified\":\"2025-09-13T09:34:10+00:00\",\"description\":\"Zenkit introduces subtasks, hierarchy view, and more powerful filters to bring clarity and focus back to crowded and busy Kanban boards.\",\"breadcrumb\":{\"@id\":\"https:\\\/\\\/zenkit.com\\\/pt-br\\\/kit-de-imprensa\\\/reinventing-the-kanban-board\\\/#breadcrumb\"},\"inLanguage\":\"pt-BR\",\"potentialAction\":[{\"@type\":\"ReadAction\",\"target\":[\"https:\\\/\\\/zenkit.com\\\/pt-br\\\/kit-de-imprensa\\\/reinventing-the-kanban-board\\\/\"]}]},{\"@type\":\"ImageObject\",\"inLanguage\":\"pt-BR\",\"@id\":\"https:\\\/\\\/zenkit.com\\\/pt-br\\\/kit-de-imprensa\\\/reinventing-the-kanban-board\\\/#primaryimage\",\"url\":\"https:\\\/\\\/zenkit.com\\\/wp-content\\\/uploads\\\/2025\\\/05\\\/base-1024x538-1.webp\",\"contentUrl\":\"https:\\\/\\\/zenkit.com\\\/wp-content\\\/uploads\\\/2025\\\/05\\\/base-1024x538-1.webp\"},{\"@type\":\"BreadcrumbList\",\"@id\":\"https:\\\/\\\/zenkit.com\\\/pt-br\\\/kit-de-imprensa\\\/reinventing-the-kanban-board\\\/#breadcrumb\",\"itemListElement\":[{\"@type\":\"ListItem\",\"position\":1,\"name\":\"Home\",\"item\":\"https:\\\/\\\/zenkit.com\\\/pt-br\\\/\"},{\"@type\":\"ListItem\",\"position\":2,\"name\":\"Kit de Imprensa\",\"item\":\"https:\\\/\\\/zenkit.com\\\/pt-br\\\/kit-de-imprensa\\\/\"},{\"@type\":\"ListItem\",\"position\":3,\"name\":\"Reinventing the Kanban board\"}]},{\"@type\":\"WebSite\",\"@id\":\"https:\\\/\\\/zenkit.com\\\/pt-br\\\/#website\",\"url\":\"https:\\\/\\\/zenkit.com\\\/pt-br\\\/\",\"name\":\"Zenkit\",\"description\":\"Zenkit Tagline\",\"potentialAction\":[{\"@type\":\"SearchAction\",\"target\":{\"@type\":\"EntryPoint\",\"urlTemplate\":\"https:\\\/\\\/zenkit.com\\\/pt-br\\\/?s={search_term_string}\"},\"query-input\":{\"@type\":\"PropertyValueSpecification\",\"valueRequired\":true,\"valueName\":\"search_term_string\"}}],\"inLanguage\":\"pt-BR\"},false]}<\/script>\n<!-- \/ Yoast SEO plugin. -->","yoast_head_json":{"title":"Reinventing the Kanban board | Zenkit","description":"Zenkit introduces subtasks, hierarchy view, and more powerful filters to bring clarity and focus back to crowded and busy Kanban boards.","robots":{"index":"index","follow":"follow","max-snippet":"max-snippet:-1","max-image-preview":"max-image-preview:large","max-video-preview":"max-video-preview:-1"},"canonical":"https:\/\/zenkit.com\/pt-br\/kit-de-imprensa\/reinventing-the-kanban-board\/","og_locale":"pt_BR","og_type":"article","og_title":"Reinventing the Kanban board | Zenkit","og_description":"Zenkit introduces subtasks, hierarchy view, and more powerful filters to bring clarity and focus back to crowded and busy Kanban boards.","og_url":"https:\/\/zenkit.com\/pt-br\/kit-de-imprensa\/reinventing-the-kanban-board\/","og_site_name":"Zenkit","article_publisher":"https:\/\/www.facebook.com\/ZenkitHQ","article_modified_time":"2025-09-13T09:34:10+00:00","og_image":[{"url":"https:\/\/zenkit.com\/wp-content\/uploads\/2025\/05\/base-1024x538-1.webp","type":"","width":"","height":""}],"twitter_card":"summary_large_image","twitter_site":"@ZenkitHQ","twitter_misc":{"Est. tempo de leitura":"3 minutos"},"schema":{"@context":"https:\/\/schema.org","@graph":[{"@type":"WebPage","@id":"https:\/\/zenkit.com\/pt-br\/kit-de-imprensa\/reinventing-the-kanban-board\/","url":"https:\/\/zenkit.com\/pt-br\/kit-de-imprensa\/reinventing-the-kanban-board\/","name":"Reinventing the Kanban board | Zenkit","isPartOf":{"@id":"https:\/\/zenkit.com\/pt-br\/#website"},"primaryImageOfPage":{"@id":"https:\/\/zenkit.com\/pt-br\/kit-de-imprensa\/reinventing-the-kanban-board\/#primaryimage"},"image":{"@id":"https:\/\/zenkit.com\/pt-br\/kit-de-imprensa\/reinventing-the-kanban-board\/#primaryimage"},"thumbnailUrl":"https:\/\/zenkit.com\/wp-content\/uploads\/2025\/05\/base-1024x538-1.webp","datePublished":"2019-11-18T09:21:30+00:00","dateModified":"2025-09-13T09:34:10+00:00","description":"Zenkit introduces subtasks, hierarchy view, and more powerful filters to bring clarity and focus back to crowded and busy Kanban boards.","breadcrumb":{"@id":"https:\/\/zenkit.com\/pt-br\/kit-de-imprensa\/reinventing-the-kanban-board\/#breadcrumb"},"inLanguage":"pt-BR","potentialAction":[{"@type":"ReadAction","target":["https:\/\/zenkit.com\/pt-br\/kit-de-imprensa\/reinventing-the-kanban-board\/"]}]},{"@type":"ImageObject","inLanguage":"pt-BR","@id":"https:\/\/zenkit.com\/pt-br\/kit-de-imprensa\/reinventing-the-kanban-board\/#primaryimage","url":"https:\/\/zenkit.com\/wp-content\/uploads\/2025\/05\/base-1024x538-1.webp","contentUrl":"https:\/\/zenkit.com\/wp-content\/uploads\/2025\/05\/base-1024x538-1.webp"},{"@type":"BreadcrumbList","@id":"https:\/\/zenkit.com\/pt-br\/kit-de-imprensa\/reinventing-the-kanban-board\/#breadcrumb","itemListElement":[{"@type":"ListItem","position":1,"name":"Home","item":"https:\/\/zenkit.com\/pt-br\/"},{"@type":"ListItem","position":2,"name":"Kit de Imprensa","item":"https:\/\/zenkit.com\/pt-br\/kit-de-imprensa\/"},{"@type":"ListItem","position":3,"name":"Reinventing the Kanban board"}]},{"@type":"WebSite","@id":"https:\/\/zenkit.com\/pt-br\/#website","url":"https:\/\/zenkit.com\/pt-br\/","name":"Zenkit","description":"Zenkit Tagline","potentialAction":[{"@type":"SearchAction","target":{"@type":"EntryPoint","urlTemplate":"https:\/\/zenkit.com\/pt-br\/?s={search_term_string}"},"query-input":{"@type":"PropertyValueSpecification","valueRequired":true,"valueName":"search_term_string"}}],"inLanguage":"pt-BR"},false]}},"yasr_visitor_votes":{"stars_attributes":{"read_only":false,"span_bottom":false},"number_of_votes":0,"sum_votes":0},"_links":{"self":[{"href":"https:\/\/zenkit.com\/pt-br\/wp-json\/wp\/v2\/pages\/73032","targetHints":{"allow":["GET"]}}],"collection":[{"href":"https:\/\/zenkit.com\/pt-br\/wp-json\/wp\/v2\/pages"}],"about":[{"href":"https:\/\/zenkit.com\/pt-br\/wp-json\/wp\/v2\/types\/page"}],"author":[{"embeddable":true,"href":"https:\/\/zenkit.com\/pt-br\/wp-json\/wp\/v2\/users\/30"}],"replies":[{"embeddable":true,"href":"https:\/\/zenkit.com\/pt-br\/wp-json\/wp\/v2\/comments?post=73032"}],"version-history":[{"count":2,"href":"https:\/\/zenkit.com\/pt-br\/wp-json\/wp\/v2\/pages\/73032\/revisions"}],"predecessor-version":[{"id":147480,"href":"https:\/\/zenkit.com\/pt-br\/wp-json\/wp\/v2\/pages\/73032\/revisions\/147480"}],"up":[{"embeddable":true,"href":"https:\/\/zenkit.com\/pt-br\/wp-json\/wp\/v2\/pages\/61691"}],"wp:attachment":[{"href":"https:\/\/zenkit.com\/pt-br\/wp-json\/wp\/v2\/media?parent=73032"}],"curies":[{"name":"wp","href":"https:\/\/api.w.org\/{rel}","templated":true}]}}