{"id":73034,"date":"2019-11-18T10:04:14","date_gmt":"2019-11-18T09:04:14","guid":{"rendered":"https:\/\/zenkit.com\/kit-de-imprensa\/zenkit-3-0-press-release\/"},"modified":"2025-09-13T11:43:04","modified_gmt":"2025-09-13T09:43:04","slug":"zenkit-3-0-press-release","status":"publish","type":"page","link":"https:\/\/zenkit.com\/pt-br\/kit-de-imprensa\/zenkit-3-0-press-release\/","title":{"rendered":"Zenkit 3.0 Press Release"},"content":{"rendered":"\n<div class=\"wp-block-group has-global-padding is-layout-constrained wp-block-group-is-layout-constrained\">\n<div class=\"wp-block-group width--950 has-global-padding is-layout-constrained wp-block-group-is-layout-constrained\">\n<div style=\"height:45px;--tablet-height:45px;--mobile-height:16px\" class=\"wp-block-lookeen-blocks-responsive-spacer\"><\/div>\n\n\n\n<div class=\"wp-block-group has-global-padding is-layout-constrained wp-block-group-is-layout-constrained\">\n<h1 class=\"wp-block-heading has-text-align-center\" style=\"margin-bottom:8px\">Zenkit lan\u00e7a vers\u00e3o 3.0 como um replanejamento completo, API p\u00fablica e novos aplicativos web progressivos<\/h1>\n<\/div>\n\n\n\n<div class=\"wp-block-group has-global-padding is-layout-constrained wp-block-group-is-layout-constrained\">\n<p class=\"has-text-align-center subheading\">Novos recursos incluem maneiras para os usu\u00e1rios publicarem seus projetos Zenkit e se integrarem com mais aplicativos, facilitando o compartilhamento de seu trabalho com o mundo.<\/p>\n<\/div>\n\n\n\n<div style=\"height:48px;--tablet-height:36px;--mobile-height:24px\" class=\"wp-block-lookeen-blocks-responsive-spacer\"><\/div>\n\n\n\n<div class=\"wp-block-group has-global-padding is-layout-constrained wp-block-group-is-layout-constrained\">\n<p class=\"has-text-align-center press__headline has-text-color has-link-color wp-elements-a70cc3aad653ebd156dbc3003951c9e8\" style=\"color:#939393;font-size:24px;font-style:normal;font-weight:700;line-height:1.5\">Quinta-feira, 23 de maio de 2019 \u2013 Karlsruhe, Alemanha.<\/p>\n<\/div>\n<\/div>\n\n\n\n<div style=\"height:88px;--tablet-height:72px;--mobile-height:40px\" class=\"wp-block-lookeen-blocks-responsive-spacer\"><\/div>\n<\/div>\n\n\n\n<div class=\"wp-block-group has-global-padding is-layout-constrained wp-block-group-is-layout-constrained\">\n<div class=\"wp-block-columns is-layout-flex wp-container-core-columns-is-layout-b8d659ec wp-block-columns-is-layout-flex\">\n<div class=\"wp-block-column is-layout-flow wp-block-column-is-layout-flow\">\n<p class=\"has-da-grey-2-color has-text-color has-link-color wp-elements-0d9318a5843c2f51074f865cb2157ac6\">Hoje, o time Zenkit anunciar a conclus\u00e3o da vers\u00e3o Zenkit 3.0. O lan\u00e7amento introduz aplicativos para smartphones progressivos totalmente novos, um design elegante e ainda mais maneiras de conectar usu\u00e1rios com outras ferramentas e compartilhamento de seu conhecimento com o mundo.<\/p>\n\n\n\n<p class=\"has-da-grey-2-color has-text-color has-link-color wp-elements-83f75913a7a98fc01583dbbf01f2f261\">Os pacotes de Zenkit 3.0 incluem novas maneiras dos usu\u00e1rios compartilharem seu trabalho online na forma de Collections publicadas com mecanismo de busca otimizado. Com este novo recurso, os usu\u00e1rios podem, por exemplo, compartilhar facilmente as atualiza\u00e7\u00f5es de seus projetos com clientes por meio de links, publicar um roteiro do projeto online, ou integrar calend\u00e1rios para tornar eventos p\u00fablicos. Collections p\u00fablicas s\u00e3o otimizadas de modo que qualquer pessoa possa encontr\u00e1-las com uma simples busca web, e usu\u00e1rios podem, al\u00e9m disso, escrever suas pr\u00f3prias meta-descri\u00e7\u00f5es.<\/p>\n<\/div>\n\n\n\n<div class=\"wp-block-column is-layout-flow wp-block-column-is-layout-flow\">\n<p class=\"has-da-grey-1-color has-text-color has-link-color wp-elements-a773d91a4f67d22f233fd96541ae2a3e\">Os aplicativos para smartphones Zenkit fazem parte da cren\u00e7a do time de que novos aplicativos web progressivos (PWA) s\u00e3o o futuro das aplica\u00e7\u00f5es m\u00f3veis. N\u00e3o existia uma estrutura ou biblioteca capaz de fazer o que era necess\u00e1rio, portanto, nossa equipe construiu o design Zenkit do zero.<\/p>\n<\/div>\n<\/div>\n<\/div>\n\n\n\n<div style=\"height:45px;--tablet-height:45px;--mobile-height:16px\" class=\"wp-block-lookeen-blocks-responsive-spacer\"><\/div>\n\n\n\n<div class=\"wp-block-group has-global-padding is-layout-constrained wp-block-group-is-layout-constrained\">\n<figure class=\"wp-block-image aligncenter size-full is-resized border-radius--20 overflow__hidden  box__shadow\"><img loading=\"lazy\" decoding=\"async\" width=\"1024\" height=\"538\" src=\"https:\/\/zenkit.com\/wp-content\/uploads\/2025\/05\/base-1024x538-1.webp\" alt=\"\" class=\"wp-image-115467\" style=\"width:491px;height:auto\" srcset=\"https:\/\/zenkit.com\/wp-content\/uploads\/2025\/05\/base-1024x538-1.webp 1024w, https:\/\/zenkit.com\/wp-content\/uploads\/2025\/05\/base-1024x538-1-300x158.webp 300w, https:\/\/zenkit.com\/wp-content\/uploads\/2025\/05\/base-1024x538-1-768x404.webp 768w\" sizes=\"auto, (max-width: 1024px) 100vw, 1024px\" \/><\/figure>\n<\/div>\n\n\n\n<div style=\"height:88px;--tablet-height:72px;--mobile-height:40px\" class=\"wp-block-lookeen-blocks-responsive-spacer\"><\/div>\n\n\n\n<div class=\"wp-block-group has-global-padding is-layout-constrained wp-block-group-is-layout-constrained\">\n<h2 class=\"wp-block-heading has-text-align-center\" style=\"margin-bottom:0px\">Recursos chave inclu\u00eddas nesta atualiza\u00e7\u00e3o s\u00e3o:<\/h2>\n\n\n\n<div style=\"height:48px;--tablet-height:36px;--mobile-height:24px\" class=\"wp-block-lookeen-blocks-responsive-spacer\"><\/div>\n\n\n\n<div class=\"wp-block-columns is-layout-flex wp-container-core-columns-is-layout-28f84493 wp-block-columns-is-layout-flex\">\n<div class=\"wp-block-column is-layout-flow wp-block-column-is-layout-flow\">\n<ul class=\"wp-block-list list__with-checkmark-blue-and-underline\">\n<li>Collections publicadas: torne qualquer Collection Zenkit p\u00fablica em sua pr\u00f3pria p\u00e1gina Web<\/li>\n\n\n\n<li>Collections integr\u00e1veis: visitantes podem interagir com Collections de qualquer website<\/li>\n\n\n\n<li>Um replanejamento baseado na nova estrutura de projeto Zenkit<\/li>\n\n\n\n<li>Novos aplicativos web progressivos para smartphones &amp; tablets<\/li>\n<\/ul>\n<\/div>\n\n\n\n<div class=\"wp-block-column is-layout-flow wp-block-column-is-layout-flow\">\n<ul class=\"wp-block-list list__with-checkmark-blue-and-underline\">\n<li>Suporte de tela dividida para iPad<\/li>\n\n\n\n<li>API documentada publicamente<\/li>\n\n\n\n<li>Integra\u00e7\u00e3o com MS teams &amp; login com a conta Microsoft<\/li>\n\n\n\n<li>Sincroniza\u00e7\u00e3o com iCalendar e outros aplicativos de calend\u00e1rios.<\/li>\n<\/ul>\n<\/div>\n<\/div>\n<\/div>\n\n\n\n<div style=\"height:88px;--tablet-height:72px;--mobile-height:40px\" class=\"wp-block-lookeen-blocks-responsive-spacer\"><\/div>\n\n\n\n<div class=\"wp-block-group has-global-padding is-layout-constrained wp-block-group-is-layout-constrained\">\n<div class=\"wp-block-group has-background has-global-padding is-layout-constrained wp-container-core-group-is-layout-8412c99a wp-block-group-is-layout-constrained\" style=\"border-radius:20px;background-color:#efefef;margin-bottom:24px;padding-top:20px;padding-right:20px;padding-bottom:20px;padding-left:20px\">\n<p class=\"has-da-grey-1-color has-text-color has-link-color wp-elements-4dbb9225e9ddaafbe21a105e92708fb3\" style=\"font-size:14px\">CEO Martin Welker diz,\u00a0<em>\u201cNosso replanejamento foi acionado pela necessidade de melhorar Zenkit para experi\u00eancia dos smartphones. Sabemos que tablets e telefones s\u00e3o usados de forma diferente, para prop\u00f3sitos diferentes, logo a atualiza\u00e7\u00e3o PWA faz com que Zenkit pare\u00e7a como um aplicativo nativo de cada dispositivo, enquanto nos permite imediatamente notificar atualiza\u00e7\u00f5es e realizar corre\u00e7\u00f5es a partir de uma \u00fanica fonte central de c\u00f3digo\u201d.\u00a0<\/em><\/p>\n<\/div>\n<\/div>\n\n\n\n<div class=\"wp-block-group has-global-padding is-layout-constrained wp-block-group-is-layout-constrained\">\n<div class=\"wp-block-group has-global-padding is-layout-constrained wp-container-core-group-is-layout-7cc94c3e wp-block-group-is-layout-constrained\">\n<div style=\"height:48px;--tablet-height:20px;--mobile-height:20px\" class=\"wp-block-lookeen-blocks-responsive-spacer\"><\/div>\n\n\n\n<div class=\"wp-block-group has-global-padding is-layout-constrained wp-block-group-is-layout-constrained\">\n<p class=\"has-text-align-center has-da-grey-2-color has-text-color has-link-color wp-elements-4a46a876cc7c2f2b47de3210a0a6453b\">Por fim, a API Zenkit oferece aos usu\u00e1rios mais flexibilidade na forma como gerenciam seus dados. Usu\u00e1rios com maior tend\u00eancia tecnol\u00f3gica podem criar seus pr\u00f3prios scripts ou conectar Zenkit diretamente aos seus dados privados. No entanto, com parcerias estabelecidas com empresas como Zapier, a integra\u00e7\u00e3o direta com MS teams, sincroniza\u00e7\u00e3o iCalendar e integra\u00e7\u00f5es futuras com ferramentas como Clockify e ActiveCampaign, a API permitir\u00e1 at\u00e9 mesmo a usu\u00e1rios n\u00e3o t\u00e9cnicos se conectem com milhares de outros aplicativos.\u00a0<\/p>\n<\/div>\n\n\n\n<div style=\"height:88px;--tablet-height:72px;--mobile-height:40px\" class=\"wp-block-lookeen-blocks-responsive-spacer\"><\/div>\n\n\n\n<h3 class=\"wp-block-heading has-text-align-center\" style=\"margin-bottom:8px;font-style:normal;font-weight:700\">Sobre Zenkit<\/h3>\n\n\n\n<p class=\"has-text-align-center has-da-grey-2-color has-text-color has-link-color wp-elements-b5f3f56ab5d40841a5fce0968affee02\">Zenkit \u00e9 uma startup criada por Axonic GmbH. A plataforma de gerenciamento de projetos SaaS e constru\u00e7\u00e3o de bancos de dados foi lan\u00e7ada em outubro de 2016.<\/p>\n<\/div>\n<\/div>\n\n\n\n<div style=\"height:110px;--tablet-height:60px;--mobile-height:48px\" class=\"wp-block-lookeen-blocks-responsive-spacer\"><\/div>\n","protected":false},"excerpt":{"rendered":"<p>Zenkit lan\u00e7a vers\u00e3o 3.0 como um replanejamento completo, API p\u00fablica e novos aplicativos web progressivos Novos recursos incluem maneiras para os usu\u00e1rios publicarem seus projetos Zenkit e se integrarem com mais aplicativos, facilitando o compartilhamento de seu trabalho com o mundo. Quinta-feira, 23 de maio de 2019 \u2013 Karlsruhe, Alemanha. Hoje, o time Zenkit anunciar [&hellip;]<\/p>\n","protected":false},"author":30,"featured_media":0,"parent":61691,"menu_order":9,"comment_status":"closed","ping_status":"closed","template":"","meta":{"yasr_overall_rating":0,"yasr_post_is_review":"","yasr_auto_insert_disabled":"","yasr_review_type":"","footnotes":""},"class_list":["post-73034","page","type-page","status-publish","hentry"],"yoast_head":"<!-- This site is optimized with the Yoast SEO plugin v27.3 - https:\/\/yoast.com\/product\/yoast-seo-wordpress\/ -->\n<title>Zenkit 3.0 Press Release | Zenkit<\/title>\n<meta name=\"description\" content=\"Zenkit launches version 3.0 with a complete redesign, public API, and new progressive web apps. Users can publish projects and integrate with more apps.\" \/>\n<meta name=\"robots\" content=\"index, follow, max-snippet:-1, max-image-preview:large, max-video-preview:-1\" \/>\n<link rel=\"canonical\" href=\"https:\/\/zenkit.com\/pt-br\/kit-de-imprensa\/zenkit-3-0-press-release\/\" \/>\n<meta property=\"og:locale\" content=\"pt_BR\" \/>\n<meta property=\"og:type\" content=\"article\" \/>\n<meta property=\"og:title\" content=\"Zenkit 3.0 Press Release | Zenkit\" \/>\n<meta property=\"og:description\" content=\"Zenkit launches version 3.0 with a complete redesign, public API, and new progressive web apps. Users can publish projects and integrate with more apps.\" \/>\n<meta property=\"og:url\" content=\"https:\/\/zenkit.com\/pt-br\/kit-de-imprensa\/zenkit-3-0-press-release\/\" \/>\n<meta property=\"og:site_name\" content=\"Zenkit\" \/>\n<meta property=\"article:publisher\" content=\"https:\/\/www.facebook.com\/ZenkitHQ\" \/>\n<meta property=\"article:modified_time\" content=\"2025-09-13T09:43:04+00:00\" \/>\n<meta property=\"og:image\" content=\"https:\/\/zenkit.com\/wp-content\/uploads\/2025\/05\/base-1024x538-1.webp\" \/>\n<meta name=\"twitter:card\" content=\"summary_large_image\" \/>\n<meta name=\"twitter:site\" content=\"@ZenkitHQ\" \/>\n<meta name=\"twitter:label1\" content=\"Est. tempo de leitura\" \/>\n\t<meta name=\"twitter:data1\" content=\"3 minutos\" \/>\n<script type=\"application\/ld+json\" class=\"yoast-schema-graph\">{\"@context\":\"https:\\\/\\\/schema.org\",\"@graph\":[{\"@type\":\"WebPage\",\"@id\":\"https:\\\/\\\/zenkit.com\\\/pt-br\\\/kit-de-imprensa\\\/zenkit-3-0-press-release\\\/\",\"url\":\"https:\\\/\\\/zenkit.com\\\/pt-br\\\/kit-de-imprensa\\\/zenkit-3-0-press-release\\\/\",\"name\":\"Zenkit 3.0 Press Release | Zenkit\",\"isPartOf\":{\"@id\":\"https:\\\/\\\/zenkit.com\\\/pt-br\\\/#website\"},\"primaryImageOfPage\":{\"@id\":\"https:\\\/\\\/zenkit.com\\\/pt-br\\\/kit-de-imprensa\\\/zenkit-3-0-press-release\\\/#primaryimage\"},\"image\":{\"@id\":\"https:\\\/\\\/zenkit.com\\\/pt-br\\\/kit-de-imprensa\\\/zenkit-3-0-press-release\\\/#primaryimage\"},\"thumbnailUrl\":\"https:\\\/\\\/zenkit.com\\\/wp-content\\\/uploads\\\/2025\\\/05\\\/base-1024x538-1.webp\",\"datePublished\":\"2019-11-18T09:04:14+00:00\",\"dateModified\":\"2025-09-13T09:43:04+00:00\",\"description\":\"Zenkit launches version 3.0 with a complete redesign, public API, and new progressive web apps. Users can publish projects and integrate with more apps.\",\"breadcrumb\":{\"@id\":\"https:\\\/\\\/zenkit.com\\\/pt-br\\\/kit-de-imprensa\\\/zenkit-3-0-press-release\\\/#breadcrumb\"},\"inLanguage\":\"pt-BR\",\"potentialAction\":[{\"@type\":\"ReadAction\",\"target\":[\"https:\\\/\\\/zenkit.com\\\/pt-br\\\/kit-de-imprensa\\\/zenkit-3-0-press-release\\\/\"]}]},{\"@type\":\"ImageObject\",\"inLanguage\":\"pt-BR\",\"@id\":\"https:\\\/\\\/zenkit.com\\\/pt-br\\\/kit-de-imprensa\\\/zenkit-3-0-press-release\\\/#primaryimage\",\"url\":\"https:\\\/\\\/zenkit.com\\\/wp-content\\\/uploads\\\/2025\\\/05\\\/base-1024x538-1.webp\",\"contentUrl\":\"https:\\\/\\\/zenkit.com\\\/wp-content\\\/uploads\\\/2025\\\/05\\\/base-1024x538-1.webp\"},{\"@type\":\"BreadcrumbList\",\"@id\":\"https:\\\/\\\/zenkit.com\\\/pt-br\\\/kit-de-imprensa\\\/zenkit-3-0-press-release\\\/#breadcrumb\",\"itemListElement\":[{\"@type\":\"ListItem\",\"position\":1,\"name\":\"Home\",\"item\":\"https:\\\/\\\/zenkit.com\\\/pt-br\\\/\"},{\"@type\":\"ListItem\",\"position\":2,\"name\":\"Kit de Imprensa\",\"item\":\"https:\\\/\\\/zenkit.com\\\/pt-br\\\/kit-de-imprensa\\\/\"},{\"@type\":\"ListItem\",\"position\":3,\"name\":\"Zenkit 3.0 Press Release\"}]},{\"@type\":\"WebSite\",\"@id\":\"https:\\\/\\\/zenkit.com\\\/pt-br\\\/#website\",\"url\":\"https:\\\/\\\/zenkit.com\\\/pt-br\\\/\",\"name\":\"Zenkit\",\"description\":\"Zenkit Tagline\",\"potentialAction\":[{\"@type\":\"SearchAction\",\"target\":{\"@type\":\"EntryPoint\",\"urlTemplate\":\"https:\\\/\\\/zenkit.com\\\/pt-br\\\/?s={search_term_string}\"},\"query-input\":{\"@type\":\"PropertyValueSpecification\",\"valueRequired\":true,\"valueName\":\"search_term_string\"}}],\"inLanguage\":\"pt-BR\"},false]}<\/script>\n<!-- \/ Yoast SEO plugin. -->","yoast_head_json":{"title":"Zenkit 3.0 Press Release | Zenkit","description":"Zenkit launches version 3.0 with a complete redesign, public API, and new progressive web apps. Users can publish projects and integrate with more apps.","robots":{"index":"index","follow":"follow","max-snippet":"max-snippet:-1","max-image-preview":"max-image-preview:large","max-video-preview":"max-video-preview:-1"},"canonical":"https:\/\/zenkit.com\/pt-br\/kit-de-imprensa\/zenkit-3-0-press-release\/","og_locale":"pt_BR","og_type":"article","og_title":"Zenkit 3.0 Press Release | Zenkit","og_description":"Zenkit launches version 3.0 with a complete redesign, public API, and new progressive web apps. Users can publish projects and integrate with more apps.","og_url":"https:\/\/zenkit.com\/pt-br\/kit-de-imprensa\/zenkit-3-0-press-release\/","og_site_name":"Zenkit","article_publisher":"https:\/\/www.facebook.com\/ZenkitHQ","article_modified_time":"2025-09-13T09:43:04+00:00","og_image":[{"url":"https:\/\/zenkit.com\/wp-content\/uploads\/2025\/05\/base-1024x538-1.webp","type":"","width":"","height":""}],"twitter_card":"summary_large_image","twitter_site":"@ZenkitHQ","twitter_misc":{"Est. tempo de leitura":"3 minutos"},"schema":{"@context":"https:\/\/schema.org","@graph":[{"@type":"WebPage","@id":"https:\/\/zenkit.com\/pt-br\/kit-de-imprensa\/zenkit-3-0-press-release\/","url":"https:\/\/zenkit.com\/pt-br\/kit-de-imprensa\/zenkit-3-0-press-release\/","name":"Zenkit 3.0 Press Release | Zenkit","isPartOf":{"@id":"https:\/\/zenkit.com\/pt-br\/#website"},"primaryImageOfPage":{"@id":"https:\/\/zenkit.com\/pt-br\/kit-de-imprensa\/zenkit-3-0-press-release\/#primaryimage"},"image":{"@id":"https:\/\/zenkit.com\/pt-br\/kit-de-imprensa\/zenkit-3-0-press-release\/#primaryimage"},"thumbnailUrl":"https:\/\/zenkit.com\/wp-content\/uploads\/2025\/05\/base-1024x538-1.webp","datePublished":"2019-11-18T09:04:14+00:00","dateModified":"2025-09-13T09:43:04+00:00","description":"Zenkit launches version 3.0 with a complete redesign, public API, and new progressive web apps. Users can publish projects and integrate with more apps.","breadcrumb":{"@id":"https:\/\/zenkit.com\/pt-br\/kit-de-imprensa\/zenkit-3-0-press-release\/#breadcrumb"},"inLanguage":"pt-BR","potentialAction":[{"@type":"ReadAction","target":["https:\/\/zenkit.com\/pt-br\/kit-de-imprensa\/zenkit-3-0-press-release\/"]}]},{"@type":"ImageObject","inLanguage":"pt-BR","@id":"https:\/\/zenkit.com\/pt-br\/kit-de-imprensa\/zenkit-3-0-press-release\/#primaryimage","url":"https:\/\/zenkit.com\/wp-content\/uploads\/2025\/05\/base-1024x538-1.webp","contentUrl":"https:\/\/zenkit.com\/wp-content\/uploads\/2025\/05\/base-1024x538-1.webp"},{"@type":"BreadcrumbList","@id":"https:\/\/zenkit.com\/pt-br\/kit-de-imprensa\/zenkit-3-0-press-release\/#breadcrumb","itemListElement":[{"@type":"ListItem","position":1,"name":"Home","item":"https:\/\/zenkit.com\/pt-br\/"},{"@type":"ListItem","position":2,"name":"Kit de Imprensa","item":"https:\/\/zenkit.com\/pt-br\/kit-de-imprensa\/"},{"@type":"ListItem","position":3,"name":"Zenkit 3.0 Press Release"}]},{"@type":"WebSite","@id":"https:\/\/zenkit.com\/pt-br\/#website","url":"https:\/\/zenkit.com\/pt-br\/","name":"Zenkit","description":"Zenkit Tagline","potentialAction":[{"@type":"SearchAction","target":{"@type":"EntryPoint","urlTemplate":"https:\/\/zenkit.com\/pt-br\/?s={search_term_string}"},"query-input":{"@type":"PropertyValueSpecification","valueRequired":true,"valueName":"search_term_string"}}],"inLanguage":"pt-BR"},false]}},"yasr_visitor_votes":{"stars_attributes":{"read_only":false,"span_bottom":false},"number_of_votes":0,"sum_votes":0},"_links":{"self":[{"href":"https:\/\/zenkit.com\/pt-br\/wp-json\/wp\/v2\/pages\/73034","targetHints":{"allow":["GET"]}}],"collection":[{"href":"https:\/\/zenkit.com\/pt-br\/wp-json\/wp\/v2\/pages"}],"about":[{"href":"https:\/\/zenkit.com\/pt-br\/wp-json\/wp\/v2\/types\/page"}],"author":[{"embeddable":true,"href":"https:\/\/zenkit.com\/pt-br\/wp-json\/wp\/v2\/users\/30"}],"replies":[{"embeddable":true,"href":"https:\/\/zenkit.com\/pt-br\/wp-json\/wp\/v2\/comments?post=73034"}],"version-history":[{"count":2,"href":"https:\/\/zenkit.com\/pt-br\/wp-json\/wp\/v2\/pages\/73034\/revisions"}],"predecessor-version":[{"id":147483,"href":"https:\/\/zenkit.com\/pt-br\/wp-json\/wp\/v2\/pages\/73034\/revisions\/147483"}],"up":[{"embeddable":true,"href":"https:\/\/zenkit.com\/pt-br\/wp-json\/wp\/v2\/pages\/61691"}],"wp:attachment":[{"href":"https:\/\/zenkit.com\/pt-br\/wp-json\/wp\/v2\/media?parent=73034"}],"curies":[{"name":"wp","href":"https:\/\/api.w.org\/{rel}","templated":true}]}}