{"id":73036,"date":"2018-07-07T01:32:00","date_gmt":"2018-07-06T23:32:00","guid":{"rendered":"https:\/\/zenkit.com\/kit-de-imprensa\/zenkit-now-available-as-a-snap-for-linux-users\/"},"modified":"2025-09-13T17:05:16","modified_gmt":"2025-09-13T15:05:16","slug":"zenkit-now-available-as-a-snap-for-linux-users","status":"publish","type":"page","link":"https:\/\/zenkit.com\/pt-br\/kit-de-imprensa\/zenkit-now-available-as-a-snap-for-linux-users\/","title":{"rendered":"Zenkit now available as a snap for Linux users"},"content":{"rendered":"\n<div class=\"wp-block-group has-global-padding is-layout-constrained wp-block-group-is-layout-constrained\">\n<div class=\"wp-block-group width--950 has-global-padding is-layout-constrained wp-block-group-is-layout-constrained\">\n<div style=\"height:45px;--tablet-height:45px;--mobile-height:16px\" class=\"wp-block-lookeen-blocks-responsive-spacer\"><\/div>\n\n\n\n<div class=\"wp-block-group has-global-padding is-layout-constrained wp-block-group-is-layout-constrained\">\n<h1 class=\"wp-block-heading has-text-align-center\" style=\"margin-bottom:8px\">Zenkit agora dispon\u00edvel como snap para usu\u00e1rios Linux<\/h1>\n<\/div>\n\n\n\n<div class=\"wp-block-group has-global-padding is-layout-constrained wp-block-group-is-layout-constrained\">\n<p class=\"has-text-align-center subheading\">O pacote formato universal de aplicativos Linux da Canonical permite que os usu\u00e1rios Linux instalem o popular software de gerenciamento de projetos com um simples clique e instale.<\/p>\n<\/div>\n\n\n\n<div style=\"height:48px;--tablet-height:36px;--mobile-height:24px\" class=\"wp-block-lookeen-blocks-responsive-spacer\"><\/div>\n\n\n\n<div class=\"wp-block-group has-global-padding is-layout-constrained wp-block-group-is-layout-constrained\">\n<p class=\"has-text-align-center press__headline has-text-color has-link-color wp-elements-3cb07f37ea866494a4f6773ade043d9e\" style=\"color:#939393;font-size:24px;font-style:normal;font-weight:700;line-height:1.5\">8 de maio de 2018 \u2013 Karlsruhe, Alemanha<\/p>\n<\/div>\n<\/div>\n\n\n\n<div style=\"height:88px;--tablet-height:72px;--mobile-height:40px\" class=\"wp-block-lookeen-blocks-responsive-spacer\"><\/div>\n<\/div>\n\n\n\n<div class=\"wp-block-group has-global-padding is-layout-constrained wp-block-group-is-layout-constrained\">\n<div class=\"wp-block-columns is-layout-flex wp-container-core-columns-is-layout-b8d659ec wp-block-columns-is-layout-flex\">\n<div class=\"wp-block-column is-layout-flow wp-block-column-is-layout-flow\">\n<p class=\"has-da-grey-2-color has-text-color has-link-color wp-elements-99f30e8ff4e74eea86dec27b9303f424\">Hoje,&nbsp;<a href=\"https:\/\/zenkit.com\/\">Zenkit<\/a>uma das solu\u00e7\u00f5es de gerenciamento de projetos com base web mais inovativas est\u00e1 dispon\u00edvel como snap, o pacote de formato universal do aplicativo Linux criado por&nbsp;<a href=\"https:\/\/www.canonical.com\/\">Canonical<\/a>, a empresa por tr\u00e1s do&nbsp;<a href=\"https:\/\/www.ubuntu.com\/\">Ubuntu<\/a>.<\/p>\n\n\n\n<p class=\"has-da-grey-2-color has-text-color has-link-color wp-elements-1dd2eb80d027590e38a40a3fe3a03235\">Zenkit \u00e9 um software de gerenciamento de projetos tudo-em-um que permite aos usu\u00e1rios diferentes vis\u00f5es de suas informa\u00e7\u00f5es. Quer queiram simplesmente utilizar uma lista de afazeres para completar tarefas di\u00e1rias ou para gerenciar um grande projeto com sua equipe, Zenkit prov\u00ea os recursos necess\u00e1rios para permit\u00ed-los trabalhar de forma produtiva. Gra\u00e7as \u00e0 sua interface flex\u00edvel, Zenkit tamb\u00e9m se adapta a qualquer projeto.<\/p>\n\n\n\n<p class=\"has-da-grey-2-color has-text-color has-link-color wp-elements-87e4681bf9755fdea73f5519fc9cf12c\">O lan\u00e7amento significa que Zenkit pode entregar seus servi\u00e7os de gerenciamento de projetos a uma ampla variedade de usu\u00e1rios Linux, incluindo os que usam Linux Mint, Manjaro, Debian, OpenSUSE e Solus, bem como milh\u00f5es de usu\u00e1rios Ubuntu. Desde seu lan\u00e7amento ao final de 2016, Zenkit tem como objetivo se tornar independente de plataforma ou dispositivo. Snap \u00e9 mais um passo na dire\u00e7\u00e3o desse objetivo.<\/p>\n<\/div>\n\n\n\n<div class=\"wp-block-column is-layout-flow wp-block-column-is-layout-flow\">\n<p class=\"has-da-grey-1-color has-text-color has-link-color wp-elements-a96e5349b88e2321c275ca9819feab15\">\u201cEstamos contentes em ver Zenkit trazer a solu\u00e7\u00e3o de gerenciamento de projetos para o ecossistema snap e valorizar os usu\u00e1rios Linux da mesma forma que outros sistemas operacionais\u201d. Vemos uma quantidade cada vez mais variada de snaps na loja, Zenkit sendo o mais recente exemplo de produtividade, e, portanto, ampliando os aplicativos dispon\u00edveis para usu\u00e1rios Linux escolherem\u201d diz Jamie Bennett, VP de Engenharia, IoT e Dispositivos da Canonical.<\/p>\n\n\n\n<p class=\"has-da-grey-2-color has-text-color has-link-color wp-elements-9d9293480fc80e9cb6954f16ad5ceb80\"><a href=\"https:\/\/snapcraft.io\/\">Snaps<\/a>&nbsp;s\u00e3o pacotes de software em cont\u00eaineres projetados para funcionar de forma perfeita e segura em qualquer ambiente Linux. Al\u00e9m de suportar os principais sistemas Linux a partir de um \u00fanico build, os snaps podem ser atualizados ou revertidos automaticamente para garantir que os usu\u00e1rios sempre se beneficiem da \u00faltima vers\u00e3o do aplicativo. Desde seu lan\u00e7amento em 2016, milhares de snaps foram lan\u00e7ados por desenvolvedores conforme eles adotaram o formato pela sua confiabilidade e seguran\u00e7a.<\/p>\n\n\n\n<p class=\"has-da-grey-1-color has-text-color has-link-color wp-elements-b5bcc3ae23cec927e9bf70d908ab6a16\">Zenkit est\u00e1 dispon\u00edvel para download no formato snap clicando\u00a0<a href=\"https:\/\/snapcraft.io\/store\">aqui<\/a>.<\/p>\n<\/div>\n<\/div>\n<\/div>\n\n\n\n<div style=\"height:45px;--tablet-height:45px;--mobile-height:16px\" class=\"wp-block-lookeen-blocks-responsive-spacer\"><\/div>\n\n\n\n<figure class=\"wp-block-image aligncenter size-large is-resized border-radius--20 overflow__hidden  box__shadow\"><img loading=\"lazy\" decoding=\"async\" width=\"1024\" height=\"538\" src=\"https:\/\/zenkit.com\/wp-content\/uploads\/2021\/01\/base-1024x538.jpg\" alt=\"\" class=\"wp-image-55221\" style=\"width:491px;height:auto\" srcset=\"https:\/\/zenkit.com\/wp-content\/uploads\/2021\/01\/base-1024x538.jpg 1024w, https:\/\/zenkit.com\/wp-content\/uploads\/2021\/01\/base-300x158.jpg 300w, https:\/\/zenkit.com\/wp-content\/uploads\/2021\/01\/base-768x403.jpg 768w, https:\/\/zenkit.com\/wp-content\/uploads\/2021\/01\/base.jpg 1200w\" sizes=\"auto, (max-width: 1024px) 100vw, 1024px\" \/><\/figure>\n\n\n\n<div style=\"height:88px;--tablet-height:72px;--mobile-height:40px\" class=\"wp-block-lookeen-blocks-responsive-spacer\"><\/div>\n\n\n\n<div class=\"wp-block-group has-global-padding is-layout-constrained wp-block-group-is-layout-constrained\">\n<div class=\"wp-block-group has-background has-global-padding is-layout-constrained wp-container-core-group-is-layout-8412c99a wp-block-group-is-layout-constrained\" style=\"border-radius:20px;background-color:#efefef;margin-bottom:24px;padding-top:20px;padding-right:20px;padding-bottom:20px;padding-left:20px\">\n<p class=\"has-da-grey-1-color has-text-color has-link-color wp-elements-1dc1b14e0ca0734f384b12ff004bc19e\" style=\"font-size:14px\">Peter Oehler, COO de Zenkit diz: \u201cUsu\u00e1rios Linux s\u00e3o usu\u00e1rios apaixonados por Zenkit e queremos suport\u00e1-los da melhor forma poss\u00edvel. S\u00e3o uma parte integrante da comunidade Zenkit. Racionaliza\u00e7\u00e3o de fluxos de trabalho \u00e9 o que Zenkit faz de melhor e este snap ajudar\u00e1 os usu\u00e1rios \u00e0 obter a \u00faltima vers\u00e3o do software, sem adicionar mais trabalho.\u201d<\/p>\n<\/div>\n<\/div>\n\n\n\n<div style=\"height:88px;--tablet-height:72px;--mobile-height:40px\" class=\"wp-block-lookeen-blocks-responsive-spacer\"><\/div>\n\n\n\n<div class=\"wp-block-group has-global-padding is-layout-constrained wp-block-group-is-layout-constrained\">\n<div class=\"wp-block-group has-global-padding is-layout-constrained wp-container-core-group-is-layout-7cc94c3e wp-block-group-is-layout-constrained\">\n<h3 class=\"wp-block-heading has-text-align-center\" style=\"margin-bottom:8px;font-style:normal;font-weight:700\"><strong>Sobre Zenkit<\/strong><\/h3>\n\n\n\n<p class=\"has-text-align-center has-da-grey-2-color has-text-color has-link-color wp-elements-9ce4c98d4d9804236a5d036022a77ff0\">Zenkit \u00e9 uma plataforma de gerenciamento de projetos e constru\u00e7\u00e3o de bancos de dados criada por Axonic GmbH na Alemanha. Foi lan\u00e7ada em Outubro de 2016.<\/p>\n\n\n\n<div style=\"height:88px;--tablet-height:72px;--mobile-height:40px\" class=\"wp-block-lookeen-blocks-responsive-spacer\"><\/div>\n\n\n\n<h3 class=\"wp-block-heading has-text-align-center\" style=\"margin-bottom:8px;font-style:normal;font-weight:700\"><strong>Sobre Axonic<\/strong><\/h3>\n\n\n\n<p class=\"has-text-align-center has-da-grey-2-color has-text-color has-link-color wp-elements-f43b5f3f149410caf55eab2205911c5d\">Axonic GmbH \u00e9 um fornecedor de software privado com foco em tecnologia relativa \u00e0 informa\u00e7\u00e3o, comunica\u00e7\u00e3o e reconhecimento. A empresa est\u00e1 localizada em Karlsruhe, Alemanha e foi fundada por Martin Welker em 2003. Axonic tem desenvolvido com sucesso softwares nas \u00e1reas de intelig\u00eancia artificial, conhecimento e extra\u00e7\u00e3o de informa\u00e7\u00f5es por mais de uma d\u00e9cada. Desde 2002, suas pesquisas t\u00eam se baseado principalmente na \u00e1rea de \u201ccomunica\u00e7\u00e3o inteligente\u201d \u2013 a an\u00e1lise e apresenta\u00e7\u00e3o da comunica\u00e7\u00e3o. Axonic lan\u00e7ou 6 grandes produtos que atendem mais de 5.000.000 pessoas ao redor do mundo.<\/p>\n<\/div>\n<\/div>\n\n\n\n<div style=\"height:110px;--tablet-height:60px;--mobile-height:48px\" class=\"wp-block-lookeen-blocks-responsive-spacer\"><\/div>\n","protected":false},"excerpt":{"rendered":"<p>Zenkit agora dispon\u00edvel como snap para usu\u00e1rios Linux O pacote formato universal de aplicativos Linux da Canonical permite que os usu\u00e1rios Linux instalem o popular software de gerenciamento de projetos com um simples clique e instale. 8 de maio de 2018 \u2013 Karlsruhe, Alemanha Hoje,&nbsp;Zenkituma das solu\u00e7\u00f5es de gerenciamento de projetos com base web mais [&hellip;]<\/p>\n","protected":false},"author":30,"featured_media":0,"parent":61691,"menu_order":10,"comment_status":"closed","ping_status":"closed","template":"","meta":{"yasr_overall_rating":0,"yasr_post_is_review":"","yasr_auto_insert_disabled":"","yasr_review_type":"","footnotes":""},"class_list":["post-73036","page","type-page","status-publish","hentry"],"yoast_head":"<!-- This site is optimized with the Yoast SEO plugin v27.3 - https:\/\/yoast.com\/product\/yoast-seo-wordpress\/ -->\n<title>Zenkit now available as a snap for Linux users | Zenkit<\/title>\n<meta name=\"description\" content=\"Zenkit is now available as a snap, the universal Linux app packaging format created by Canonical, the company behind Ubuntu.\" \/>\n<meta name=\"robots\" content=\"index, follow, max-snippet:-1, max-image-preview:large, max-video-preview:-1\" \/>\n<link rel=\"canonical\" href=\"https:\/\/zenkit.com\/pt-br\/kit-de-imprensa\/zenkit-now-available-as-a-snap-for-linux-users\/\" \/>\n<meta property=\"og:locale\" content=\"pt_BR\" \/>\n<meta property=\"og:type\" content=\"article\" \/>\n<meta property=\"og:title\" content=\"Zenkit now available as a snap for Linux users | Zenkit\" \/>\n<meta property=\"og:description\" content=\"Zenkit is now available as a snap, the universal Linux app packaging format created by Canonical, the company behind Ubuntu.\" \/>\n<meta property=\"og:url\" content=\"https:\/\/zenkit.com\/pt-br\/kit-de-imprensa\/zenkit-now-available-as-a-snap-for-linux-users\/\" \/>\n<meta property=\"og:site_name\" content=\"Zenkit\" \/>\n<meta property=\"article:publisher\" content=\"https:\/\/www.facebook.com\/ZenkitHQ\" \/>\n<meta property=\"article:modified_time\" content=\"2025-09-13T15:05:16+00:00\" \/>\n<meta property=\"og:image\" content=\"https:\/\/zenkit.com\/wp-content\/uploads\/2021\/01\/base-1024x538.jpg\" \/>\n<meta name=\"twitter:card\" content=\"summary_large_image\" \/>\n<meta name=\"twitter:site\" content=\"@ZenkitHQ\" \/>\n<meta name=\"twitter:label1\" content=\"Est. tempo de leitura\" \/>\n\t<meta name=\"twitter:data1\" content=\"3 minutos\" \/>\n<script type=\"application\/ld+json\" class=\"yoast-schema-graph\">{\"@context\":\"https:\\\/\\\/schema.org\",\"@graph\":[{\"@type\":\"WebPage\",\"@id\":\"https:\\\/\\\/zenkit.com\\\/pt-br\\\/kit-de-imprensa\\\/zenkit-now-available-as-a-snap-for-linux-users\\\/\",\"url\":\"https:\\\/\\\/zenkit.com\\\/pt-br\\\/kit-de-imprensa\\\/zenkit-now-available-as-a-snap-for-linux-users\\\/\",\"name\":\"Zenkit now available as a snap for Linux users | Zenkit\",\"isPartOf\":{\"@id\":\"https:\\\/\\\/zenkit.com\\\/pt-br\\\/#website\"},\"primaryImageOfPage\":{\"@id\":\"https:\\\/\\\/zenkit.com\\\/pt-br\\\/kit-de-imprensa\\\/zenkit-now-available-as-a-snap-for-linux-users\\\/#primaryimage\"},\"image\":{\"@id\":\"https:\\\/\\\/zenkit.com\\\/pt-br\\\/kit-de-imprensa\\\/zenkit-now-available-as-a-snap-for-linux-users\\\/#primaryimage\"},\"thumbnailUrl\":\"https:\\\/\\\/zenkit.com\\\/wp-content\\\/uploads\\\/2021\\\/01\\\/base-1024x538.jpg\",\"datePublished\":\"2018-07-06T23:32:00+00:00\",\"dateModified\":\"2025-09-13T15:05:16+00:00\",\"description\":\"Zenkit is now available as a snap, the universal Linux app packaging format created by Canonical, the company behind Ubuntu.\",\"breadcrumb\":{\"@id\":\"https:\\\/\\\/zenkit.com\\\/pt-br\\\/kit-de-imprensa\\\/zenkit-now-available-as-a-snap-for-linux-users\\\/#breadcrumb\"},\"inLanguage\":\"pt-BR\",\"potentialAction\":[{\"@type\":\"ReadAction\",\"target\":[\"https:\\\/\\\/zenkit.com\\\/pt-br\\\/kit-de-imprensa\\\/zenkit-now-available-as-a-snap-for-linux-users\\\/\"]}]},{\"@type\":\"ImageObject\",\"inLanguage\":\"pt-BR\",\"@id\":\"https:\\\/\\\/zenkit.com\\\/pt-br\\\/kit-de-imprensa\\\/zenkit-now-available-as-a-snap-for-linux-users\\\/#primaryimage\",\"url\":\"https:\\\/\\\/zenkit.com\\\/wp-content\\\/uploads\\\/2021\\\/01\\\/base-1024x538.jpg\",\"contentUrl\":\"https:\\\/\\\/zenkit.com\\\/wp-content\\\/uploads\\\/2021\\\/01\\\/base-1024x538.jpg\"},{\"@type\":\"BreadcrumbList\",\"@id\":\"https:\\\/\\\/zenkit.com\\\/pt-br\\\/kit-de-imprensa\\\/zenkit-now-available-as-a-snap-for-linux-users\\\/#breadcrumb\",\"itemListElement\":[{\"@type\":\"ListItem\",\"position\":1,\"name\":\"Home\",\"item\":\"https:\\\/\\\/zenkit.com\\\/pt-br\\\/\"},{\"@type\":\"ListItem\",\"position\":2,\"name\":\"Kit de Imprensa\",\"item\":\"https:\\\/\\\/zenkit.com\\\/pt-br\\\/kit-de-imprensa\\\/\"},{\"@type\":\"ListItem\",\"position\":3,\"name\":\"Zenkit now available as a snap for Linux users\"}]},{\"@type\":\"WebSite\",\"@id\":\"https:\\\/\\\/zenkit.com\\\/pt-br\\\/#website\",\"url\":\"https:\\\/\\\/zenkit.com\\\/pt-br\\\/\",\"name\":\"Zenkit\",\"description\":\"Zenkit Tagline\",\"potentialAction\":[{\"@type\":\"SearchAction\",\"target\":{\"@type\":\"EntryPoint\",\"urlTemplate\":\"https:\\\/\\\/zenkit.com\\\/pt-br\\\/?s={search_term_string}\"},\"query-input\":{\"@type\":\"PropertyValueSpecification\",\"valueRequired\":true,\"valueName\":\"search_term_string\"}}],\"inLanguage\":\"pt-BR\"},false]}<\/script>\n<!-- \/ Yoast SEO plugin. -->","yoast_head_json":{"title":"Zenkit now available as a snap for Linux users | Zenkit","description":"Zenkit is now available as a snap, the universal Linux app packaging format created by Canonical, the company behind Ubuntu.","robots":{"index":"index","follow":"follow","max-snippet":"max-snippet:-1","max-image-preview":"max-image-preview:large","max-video-preview":"max-video-preview:-1"},"canonical":"https:\/\/zenkit.com\/pt-br\/kit-de-imprensa\/zenkit-now-available-as-a-snap-for-linux-users\/","og_locale":"pt_BR","og_type":"article","og_title":"Zenkit now available as a snap for Linux users | Zenkit","og_description":"Zenkit is now available as a snap, the universal Linux app packaging format created by Canonical, the company behind Ubuntu.","og_url":"https:\/\/zenkit.com\/pt-br\/kit-de-imprensa\/zenkit-now-available-as-a-snap-for-linux-users\/","og_site_name":"Zenkit","article_publisher":"https:\/\/www.facebook.com\/ZenkitHQ","article_modified_time":"2025-09-13T15:05:16+00:00","og_image":[{"url":"https:\/\/zenkit.com\/wp-content\/uploads\/2021\/01\/base-1024x538.jpg","type":"","width":"","height":""}],"twitter_card":"summary_large_image","twitter_site":"@ZenkitHQ","twitter_misc":{"Est. tempo de leitura":"3 minutos"},"schema":{"@context":"https:\/\/schema.org","@graph":[{"@type":"WebPage","@id":"https:\/\/zenkit.com\/pt-br\/kit-de-imprensa\/zenkit-now-available-as-a-snap-for-linux-users\/","url":"https:\/\/zenkit.com\/pt-br\/kit-de-imprensa\/zenkit-now-available-as-a-snap-for-linux-users\/","name":"Zenkit now available as a snap for Linux users | Zenkit","isPartOf":{"@id":"https:\/\/zenkit.com\/pt-br\/#website"},"primaryImageOfPage":{"@id":"https:\/\/zenkit.com\/pt-br\/kit-de-imprensa\/zenkit-now-available-as-a-snap-for-linux-users\/#primaryimage"},"image":{"@id":"https:\/\/zenkit.com\/pt-br\/kit-de-imprensa\/zenkit-now-available-as-a-snap-for-linux-users\/#primaryimage"},"thumbnailUrl":"https:\/\/zenkit.com\/wp-content\/uploads\/2021\/01\/base-1024x538.jpg","datePublished":"2018-07-06T23:32:00+00:00","dateModified":"2025-09-13T15:05:16+00:00","description":"Zenkit is now available as a snap, the universal Linux app packaging format created by Canonical, the company behind Ubuntu.","breadcrumb":{"@id":"https:\/\/zenkit.com\/pt-br\/kit-de-imprensa\/zenkit-now-available-as-a-snap-for-linux-users\/#breadcrumb"},"inLanguage":"pt-BR","potentialAction":[{"@type":"ReadAction","target":["https:\/\/zenkit.com\/pt-br\/kit-de-imprensa\/zenkit-now-available-as-a-snap-for-linux-users\/"]}]},{"@type":"ImageObject","inLanguage":"pt-BR","@id":"https:\/\/zenkit.com\/pt-br\/kit-de-imprensa\/zenkit-now-available-as-a-snap-for-linux-users\/#primaryimage","url":"https:\/\/zenkit.com\/wp-content\/uploads\/2021\/01\/base-1024x538.jpg","contentUrl":"https:\/\/zenkit.com\/wp-content\/uploads\/2021\/01\/base-1024x538.jpg"},{"@type":"BreadcrumbList","@id":"https:\/\/zenkit.com\/pt-br\/kit-de-imprensa\/zenkit-now-available-as-a-snap-for-linux-users\/#breadcrumb","itemListElement":[{"@type":"ListItem","position":1,"name":"Home","item":"https:\/\/zenkit.com\/pt-br\/"},{"@type":"ListItem","position":2,"name":"Kit de Imprensa","item":"https:\/\/zenkit.com\/pt-br\/kit-de-imprensa\/"},{"@type":"ListItem","position":3,"name":"Zenkit now available as a snap for Linux users"}]},{"@type":"WebSite","@id":"https:\/\/zenkit.com\/pt-br\/#website","url":"https:\/\/zenkit.com\/pt-br\/","name":"Zenkit","description":"Zenkit Tagline","potentialAction":[{"@type":"SearchAction","target":{"@type":"EntryPoint","urlTemplate":"https:\/\/zenkit.com\/pt-br\/?s={search_term_string}"},"query-input":{"@type":"PropertyValueSpecification","valueRequired":true,"valueName":"search_term_string"}}],"inLanguage":"pt-BR"},false]}},"yasr_visitor_votes":{"stars_attributes":{"read_only":false,"span_bottom":false},"number_of_votes":0,"sum_votes":0},"_links":{"self":[{"href":"https:\/\/zenkit.com\/pt-br\/wp-json\/wp\/v2\/pages\/73036","targetHints":{"allow":["GET"]}}],"collection":[{"href":"https:\/\/zenkit.com\/pt-br\/wp-json\/wp\/v2\/pages"}],"about":[{"href":"https:\/\/zenkit.com\/pt-br\/wp-json\/wp\/v2\/types\/page"}],"author":[{"embeddable":true,"href":"https:\/\/zenkit.com\/pt-br\/wp-json\/wp\/v2\/users\/30"}],"replies":[{"embeddable":true,"href":"https:\/\/zenkit.com\/pt-br\/wp-json\/wp\/v2\/comments?post=73036"}],"version-history":[{"count":2,"href":"https:\/\/zenkit.com\/pt-br\/wp-json\/wp\/v2\/pages\/73036\/revisions"}],"predecessor-version":[{"id":149828,"href":"https:\/\/zenkit.com\/pt-br\/wp-json\/wp\/v2\/pages\/73036\/revisions\/149828"}],"up":[{"embeddable":true,"href":"https:\/\/zenkit.com\/pt-br\/wp-json\/wp\/v2\/pages\/61691"}],"wp:attachment":[{"href":"https:\/\/zenkit.com\/pt-br\/wp-json\/wp\/v2\/media?parent=73036"}],"curies":[{"name":"wp","href":"https:\/\/api.w.org\/{rel}","templated":true}]}}