{"id":73038,"date":"2018-07-07T01:04:47","date_gmt":"2018-07-06T23:04:47","guid":{"rendered":"https:\/\/zenkit.com\/kit-de-imprensa\/zenkit-releases-desktop-apps-for-macos-windows-and-linux\/"},"modified":"2025-11-03T08:13:15","modified_gmt":"2025-11-03T07:13:15","slug":"zenkit-releases-desktop-apps-for-macos-windows-and-linux","status":"publish","type":"page","link":"https:\/\/zenkit.com\/pt-br\/kit-de-imprensa\/zenkit-releases-desktop-apps-for-macos-windows-and-linux\/","title":{"rendered":"Zenkit releases Desktop Apps for macOS, Windows and Linux"},"content":{"rendered":"\n<div class=\"wp-block-group has-global-padding is-layout-constrained wp-block-group-is-layout-constrained\">\n<div class=\"wp-block-group width--950 has-global-padding is-layout-constrained wp-block-group-is-layout-constrained\">\n<div style=\"height:45px;--tablet-height:45px;--mobile-height:16px\" class=\"wp-block-lookeen-blocks-responsive-spacer\"><\/div>\n\n\n\n<div class=\"wp-block-group has-global-padding is-layout-constrained wp-block-group-is-layout-constrained\">\n<h1 class=\"wp-block-heading has-text-align-center\" style=\"margin-bottom:8px\">Zenkit lan\u00e7a Aplicativos Desktop<\/h1>\n<\/div>\n\n\n\n<div class=\"wp-block-group has-global-padding is-layout-constrained wp-block-group-is-layout-constrained\">\n<p class=\"has-text-align-center subheading\">para macOS, Windows e Linux<\/p>\n<\/div>\n\n\n\n<div style=\"height:48px;--tablet-height:36px;--mobile-height:24px\" class=\"wp-block-lookeen-blocks-responsive-spacer\"><\/div>\n\n\n\n<div class=\"wp-block-group has-global-padding is-layout-constrained wp-block-group-is-layout-constrained\">\n<p class=\"has-text-align-center press__headline has-text-color has-link-color wp-elements-ea95dd52492ec03a457dc6b60e8a0b3e\" style=\"color:#939393;font-size:24px;font-style:normal;font-weight:700;line-height:1.5\">26 de fevereiro de 2018 \u2013 Karlsruhe, Alemanha<\/p>\n<\/div>\n<\/div>\n\n\n\n<div style=\"height:88px;--tablet-height:72px;--mobile-height:40px\" class=\"wp-block-lookeen-blocks-responsive-spacer\"><\/div>\n<\/div>\n\n\n\n<div class=\"wp-block-group has-global-padding is-layout-constrained wp-block-group-is-layout-constrained\">\n<div class=\"wp-block-columns is-layout-flex wp-container-core-columns-is-layout-b8d659ec wp-block-columns-is-layout-flex\">\n<div class=\"wp-block-column is-layout-flow wp-block-column-is-layout-flow\">\n<p class=\"has-da-grey-2-color has-text-color has-link-color wp-elements-9a070d01eb3a3d578a82cbc108a31ca2\">Hoje, o time Zenkit anuncia o lan\u00e7amento de aplicativos desktops para macOS, Windows e Linux. Com seu lan\u00e7amento mais recente, a startup alem\u00e3 se aproximou da cria\u00e7\u00e3o de um produto SaaS flex\u00edvel que agora pode ser usado adicionalmente em todos os principais dispositivos laptop e computador de mesa.<\/p>\n\n\n\n<p class=\"has-da-grey-2-color has-text-color has-link-color wp-elements-04e1df96eac38e27c491f5e36bf43ec8\">Os aplicativos desktop podem ser acessados sem abrir o navegador de Internet. Zenkit era at\u00e9 agora um aplicativo web\/smartphone. Os aplicativos desktop e de smartphones podem tamb\u00e9m ser utilizados de forma offline. A decis\u00e3o de Zenkit em incluir os aplicativos desktop Linux foi principalmente tomada pelo fato do Linux suportar a comunidade de gerenciamento de projetos. Embora seja um sistema operacional menos popular do que Windows e Mac, muitos desenvolvedores de software preferem o Linux por sua flexibilidade de personaliza\u00e7\u00e3o, tornando o lan\u00e7amento do aplicativo desktop Linux importante para equipe Zenkit.<\/p>\n<\/div>\n\n\n\n<div class=\"wp-block-column is-layout-flow wp-block-column-is-layout-flow\">\n<p class=\"has-da-grey-1-color has-text-color has-link-color wp-elements-4dad5baaf0779a7a9dc22fa5fd1d0fa1\">Zenkit \u00e9 um software de gerenciamento de projetos que permite aos usu\u00e1rios diferentes modos de visualiza\u00e7\u00e3o de seus projetos. Os modos de visualiza\u00e7\u00e3o inclu\u00eddos s\u00e3o: lista de afazeres, Kanban, tabelas, mapa mental e calend\u00e1rio. Usu\u00e1rios podem alternar entre esses modos de visualiza\u00e7\u00e3o para utilizar diferentes ferramentas para suas tarefas. Al\u00e9m disso, Zenkit tem recursos comuns de gerenciamento de projetos como coment\u00e1rios, etiquetas, campos personalizados, atribui\u00e7\u00e3o de tarefas. Zenkit \u00e9 gr\u00e1tis para at\u00e9 5 pessoas.<\/p>\n\n\n\n<p class=\"has-da-grey-2-color has-text-color has-link-color wp-elements-0429eefbdbbee9b4b1cccf0dbb827c55\">O time Zenkit planeja lan\u00e7ar todo um arsenal de novas e \u00fateis caracter\u00edsticas nos pr\u00f3ximos meses.<\/p>\n\n\n\n<p class=\"has-da-grey-2-color has-text-color has-link-color wp-elements-4dcda99fac25f6584321d351e394337e\">Os novos recursos focar\u00e3o em uma maior integra\u00e7\u00e3o com os sistemas operacionais Mac e Windows.<\/p>\n\n\n\n<div class=\"wp-block-group has-background has-global-padding is-layout-constrained wp-container-core-group-is-layout-8412c99a wp-block-group-is-layout-constrained\" style=\"border-radius:20px;background-color:#efefef;margin-bottom:24px;padding-top:20px;padding-right:20px;padding-bottom:20px;padding-left:20px\">\n<p class=\"has-da-grey-1-color has-text-color has-link-color wp-elements-a955b403afe55fd4161c8fca7a30c466\" style=\"font-size:14px\">Fundador de Zenkit e CEO Martin Welker diz: \u201dPara que os times realizem a compra de produtos, \u00e9 necess\u00e1rio ser flex\u00edvel no tipo de ferramentas que se pode oferecer. Uma vez feito isso, \u00e9 importante ter certeza de que o servi\u00e7o est\u00e1 dispon\u00edvel de qualquer dispositivo, plataforma e sistema operacional daqueles que gostariam de ter o trabalho feito.\u201d<\/p>\n<\/div>\n<\/div>\n<\/div>\n<\/div>\n\n\n\n<div style=\"height:45px;--tablet-height:45px;--mobile-height:16px\" class=\"wp-block-lookeen-blocks-responsive-spacer\"><\/div>\n\n\n\n<figure class=\"wp-block-image aligncenter size-full is-resized border-radius--20 overflow__hidden  box__shadow\"><img loading=\"lazy\" decoding=\"async\" width=\"1024\" height=\"538\" src=\"https:\/\/zenkit.com\/wp-content\/uploads\/2025\/05\/base-1024x538-1.webp\" alt=\"\" class=\"wp-image-115467\" style=\"width:491px;height:auto\" srcset=\"https:\/\/zenkit.com\/wp-content\/uploads\/2025\/05\/base-1024x538-1.webp 1024w, https:\/\/zenkit.com\/wp-content\/uploads\/2025\/05\/base-1024x538-1-300x158.webp 300w, https:\/\/zenkit.com\/wp-content\/uploads\/2025\/05\/base-1024x538-1-768x404.webp 768w\" sizes=\"auto, (max-width: 1024px) 100vw, 1024px\" \/><\/figure>\n\n\n\n<div style=\"height:88px;--tablet-height:72px;--mobile-height:40px\" class=\"wp-block-lookeen-blocks-responsive-spacer\"><\/div>\n\n\n\n<div class=\"wp-block-group has-global-padding is-layout-constrained wp-block-group-is-layout-constrained\">\n<h2 class=\"wp-block-heading has-text-align-center\" style=\"margin-bottom:0px\">Las funciones clave de esta versi\u00f3n:<\/h2>\n\n\n\n<div style=\"height:48px;--tablet-height:36px;--mobile-height:24px\" class=\"wp-block-lookeen-blocks-responsive-spacer\"><\/div>\n\n\n\n<div class=\"wp-block-group has-global-padding is-layout-constrained wp-block-group-is-layout-constrained\">\n<div class=\"wp-block-columns is-layout-flex wp-container-core-columns-is-layout-28f84493 wp-block-columns-is-layout-flex\">\n<div class=\"wp-block-column is-layout-flow wp-block-column-is-layout-flow\">\n<ul class=\"wp-block-list list__with-checkmark-blue-and-underline\">\n<li>Aplicativos desktop para macOS, Windows e Linux com uso offline,<\/li>\n\n\n\n<li>Totalmente personaliz\u00e1vel para cada \u201cmodo de visualiza\u00e7\u00e3o\u201d: membros, notifica\u00e7\u00e3o, filtros, menu, atividades,<\/li>\n\n\n\n<li>Atividades globais: Um quadro de atividades de tudo em rela\u00e7\u00e3o \u00e0 sua conta na p\u00e1gina principal,<\/li>\n\n\n\n<li>Coment\u00e1rios \u00e0 n\u00edvel das Collections (previamente apenas \u00e0 n\u00edvel de tarefas),<\/li>\n<\/ul>\n<\/div>\n\n\n\n<div class=\"wp-block-column is-layout-flow wp-block-column-is-layout-flow\">\n<ul class=\"wp-block-list list__with-checkmark-blue-and-underline\">\n<li>Atalhos para abrir rapidamente di\u00e1logos de qualquer lugar (Ctrl+Shift+Space),<\/li>\n\n\n\n<li>Atalho global para pular diretamente para o aplicativo (Ctrl+Shift+Z),<\/li>\n\n\n\n<li>Diversos atalhos locais de navega\u00e7\u00e3o e integra\u00e7\u00e3o com atalhos padr\u00f5es (por exemplo para abrir as configura\u00e7\u00f5es Ctrl+, e muito mais).<\/li>\n<\/ul>\n<\/div>\n<\/div>\n<\/div>\n\n\n\n<div class=\"wp-block-group has-global-padding is-layout-constrained wp-container-core-group-is-layout-7cc94c3e wp-block-group-is-layout-constrained\">\n<div style=\"height:88px;--tablet-height:72px;--mobile-height:40px\" class=\"wp-block-lookeen-blocks-responsive-spacer\"><\/div>\n\n\n\n<h3 class=\"wp-block-heading has-text-align-center\" style=\"margin-bottom:8px;font-style:normal;font-weight:700\">Sobre Zenkit:<\/h3>\n\n\n\n<p class=\"has-text-align-center has-da-grey-2-color has-text-color has-link-color wp-elements-9ce4c98d4d9804236a5d036022a77ff0\">Zenkit \u00e9 uma plataforma de gerenciamento de projetos e constru\u00e7\u00e3o de bancos de dados criada por Axonic GmbH na Alemanha. Foi lan\u00e7ada em Outubro de 2016.<\/p>\n<\/div>\n\n\n\n<div class=\"wp-block-group has-global-padding is-layout-constrained wp-container-core-group-is-layout-7cc94c3e wp-block-group-is-layout-constrained\">\n<div style=\"height:88px;--tablet-height:72px;--mobile-height:40px\" class=\"wp-block-lookeen-blocks-responsive-spacer\"><\/div>\n\n\n\n<h3 class=\"wp-block-heading has-text-align-center\" style=\"margin-bottom:8px;font-style:normal;font-weight:700\">Sobre Axonic:<\/h3>\n\n\n\n<p class=\"has-text-align-center has-da-grey-2-color has-text-color has-link-color wp-elements-adf076d5451852507b9cc106b1f7a93e\">Axonic GmbH \u00e9 um fornecedor de software privado com foco em tecnologia relativa \u00e0 informa\u00e7\u00e3o, comunica\u00e7\u00e3o e reconhecimento. A empresa est\u00e1 localizada em Karlsruhe, Alemanha e foi fundada por Martin Welker em 2003. Axonic tem desenvolvido com sucesso softwares nas \u00e1reas de intelig\u00eancia artificial, conhecimento e extra\u00e7\u00e3o de informa\u00e7\u00f5es por mais de uma d\u00e9cada. Desde 2002, sua pesquisa tem sido de forma prim\u00e1ria com base na \u00e1rea de \u201ccomunica\u00e7\u00e3o inteligente\u201d \u2013 a an\u00e1lise e apresenta\u00e7\u00e3o da comunica\u00e7\u00e3o. Axonic lan\u00e7ou 6 grandes produtos que atendem mais de 5.000.000 pessoas ao redor do mundo.<\/p>\n\n\n\n<p class=\"has-text-align-center has-da-grey-2-color has-text-color has-link-color wp-elements-46ad2114750fb3e79f1ea16eb6044868\"><\/p>\n<\/div>\n<\/div>\n\n\n\n<div style=\"height:110px;--tablet-height:60px;--mobile-height:48px\" class=\"wp-block-lookeen-blocks-responsive-spacer\"><\/div>\n","protected":false},"excerpt":{"rendered":"<p>Zenkit lan\u00e7a Aplicativos Desktop para macOS, Windows e Linux 26 de fevereiro de 2018 \u2013 Karlsruhe, Alemanha Hoje, o time Zenkit anuncia o lan\u00e7amento de aplicativos desktops para macOS, Windows e Linux. Com seu lan\u00e7amento mais recente, a startup alem\u00e3 se aproximou da cria\u00e7\u00e3o de um produto SaaS flex\u00edvel que agora pode ser usado adicionalmente [&hellip;]<\/p>\n","protected":false},"author":30,"featured_media":0,"parent":61691,"menu_order":11,"comment_status":"closed","ping_status":"closed","template":"","meta":{"yasr_overall_rating":0,"yasr_post_is_review":"","yasr_auto_insert_disabled":"","yasr_review_type":"","footnotes":""},"class_list":["post-73038","page","type-page","status-publish","hentry"],"yoast_head":"<!-- This site is optimized with the Yoast SEO plugin v27.3 - https:\/\/yoast.com\/product\/yoast-seo-wordpress\/ -->\n<title>Zenkit releases Desktop Apps for macOS, Windows and Linux | Zenkit<\/title>\n<meta name=\"description\" content=\"With its most recent release Zenkit has moved closer towards creating a flexible SaaS product that can now additionally be used on all major devices.\" \/>\n<meta name=\"robots\" content=\"index, follow, max-snippet:-1, max-image-preview:large, max-video-preview:-1\" \/>\n<link rel=\"canonical\" href=\"https:\/\/zenkit.com\/pt-br\/kit-de-imprensa\/zenkit-releases-desktop-apps-for-macos-windows-and-linux\/\" \/>\n<meta property=\"og:locale\" content=\"pt_BR\" \/>\n<meta property=\"og:type\" content=\"article\" \/>\n<meta property=\"og:title\" content=\"Zenkit releases Desktop Apps for macOS, Windows and Linux | Zenkit\" \/>\n<meta property=\"og:description\" content=\"With its most recent release Zenkit has moved closer towards creating a flexible SaaS product that can now additionally be used on all major devices.\" \/>\n<meta property=\"og:url\" content=\"https:\/\/zenkit.com\/pt-br\/kit-de-imprensa\/zenkit-releases-desktop-apps-for-macos-windows-and-linux\/\" \/>\n<meta property=\"og:site_name\" content=\"Zenkit\" \/>\n<meta property=\"article:publisher\" content=\"https:\/\/www.facebook.com\/ZenkitHQ\" \/>\n<meta property=\"article:modified_time\" content=\"2025-11-03T07:13:15+00:00\" \/>\n<meta property=\"og:image\" content=\"https:\/\/zenkit.com\/wp-content\/uploads\/2025\/05\/base-1024x538-1.webp\" \/>\n<meta name=\"twitter:card\" content=\"summary_large_image\" \/>\n<meta name=\"twitter:site\" content=\"@ZenkitHQ\" \/>\n<meta name=\"twitter:label1\" content=\"Est. tempo de leitura\" \/>\n\t<meta name=\"twitter:data1\" content=\"3 minutos\" \/>\n<script type=\"application\/ld+json\" class=\"yoast-schema-graph\">{\"@context\":\"https:\\\/\\\/schema.org\",\"@graph\":[{\"@type\":\"WebPage\",\"@id\":\"https:\\\/\\\/zenkit.com\\\/pt-br\\\/kit-de-imprensa\\\/zenkit-releases-desktop-apps-for-macos-windows-and-linux\\\/\",\"url\":\"https:\\\/\\\/zenkit.com\\\/pt-br\\\/kit-de-imprensa\\\/zenkit-releases-desktop-apps-for-macos-windows-and-linux\\\/\",\"name\":\"Zenkit releases Desktop Apps for macOS, Windows and Linux | Zenkit\",\"isPartOf\":{\"@id\":\"https:\\\/\\\/zenkit.com\\\/pt-br\\\/#website\"},\"primaryImageOfPage\":{\"@id\":\"https:\\\/\\\/zenkit.com\\\/pt-br\\\/kit-de-imprensa\\\/zenkit-releases-desktop-apps-for-macos-windows-and-linux\\\/#primaryimage\"},\"image\":{\"@id\":\"https:\\\/\\\/zenkit.com\\\/pt-br\\\/kit-de-imprensa\\\/zenkit-releases-desktop-apps-for-macos-windows-and-linux\\\/#primaryimage\"},\"thumbnailUrl\":\"https:\\\/\\\/zenkit.com\\\/wp-content\\\/uploads\\\/2025\\\/05\\\/base-1024x538-1.webp\",\"datePublished\":\"2018-07-06T23:04:47+00:00\",\"dateModified\":\"2025-11-03T07:13:15+00:00\",\"description\":\"With its most recent release Zenkit has moved closer towards creating a flexible SaaS product that can now additionally be used on all major devices.\",\"breadcrumb\":{\"@id\":\"https:\\\/\\\/zenkit.com\\\/pt-br\\\/kit-de-imprensa\\\/zenkit-releases-desktop-apps-for-macos-windows-and-linux\\\/#breadcrumb\"},\"inLanguage\":\"pt-BR\",\"potentialAction\":[{\"@type\":\"ReadAction\",\"target\":[\"https:\\\/\\\/zenkit.com\\\/pt-br\\\/kit-de-imprensa\\\/zenkit-releases-desktop-apps-for-macos-windows-and-linux\\\/\"]}]},{\"@type\":\"ImageObject\",\"inLanguage\":\"pt-BR\",\"@id\":\"https:\\\/\\\/zenkit.com\\\/pt-br\\\/kit-de-imprensa\\\/zenkit-releases-desktop-apps-for-macos-windows-and-linux\\\/#primaryimage\",\"url\":\"https:\\\/\\\/zenkit.com\\\/wp-content\\\/uploads\\\/2025\\\/05\\\/base-1024x538-1.webp\",\"contentUrl\":\"https:\\\/\\\/zenkit.com\\\/wp-content\\\/uploads\\\/2025\\\/05\\\/base-1024x538-1.webp\"},{\"@type\":\"BreadcrumbList\",\"@id\":\"https:\\\/\\\/zenkit.com\\\/pt-br\\\/kit-de-imprensa\\\/zenkit-releases-desktop-apps-for-macos-windows-and-linux\\\/#breadcrumb\",\"itemListElement\":[{\"@type\":\"ListItem\",\"position\":1,\"name\":\"Home\",\"item\":\"https:\\\/\\\/zenkit.com\\\/pt-br\\\/\"},{\"@type\":\"ListItem\",\"position\":2,\"name\":\"Kit de Imprensa\",\"item\":\"https:\\\/\\\/zenkit.com\\\/pt-br\\\/kit-de-imprensa\\\/\"},{\"@type\":\"ListItem\",\"position\":3,\"name\":\"Zenkit releases Desktop Apps for macOS, Windows and Linux\"}]},{\"@type\":\"WebSite\",\"@id\":\"https:\\\/\\\/zenkit.com\\\/pt-br\\\/#website\",\"url\":\"https:\\\/\\\/zenkit.com\\\/pt-br\\\/\",\"name\":\"Zenkit\",\"description\":\"Zenkit Tagline\",\"potentialAction\":[{\"@type\":\"SearchAction\",\"target\":{\"@type\":\"EntryPoint\",\"urlTemplate\":\"https:\\\/\\\/zenkit.com\\\/pt-br\\\/?s={search_term_string}\"},\"query-input\":{\"@type\":\"PropertyValueSpecification\",\"valueRequired\":true,\"valueName\":\"search_term_string\"}}],\"inLanguage\":\"pt-BR\"},false]}<\/script>\n<!-- \/ Yoast SEO plugin. -->","yoast_head_json":{"title":"Zenkit releases Desktop Apps for macOS, Windows and Linux | Zenkit","description":"With its most recent release Zenkit has moved closer towards creating a flexible SaaS product that can now additionally be used on all major devices.","robots":{"index":"index","follow":"follow","max-snippet":"max-snippet:-1","max-image-preview":"max-image-preview:large","max-video-preview":"max-video-preview:-1"},"canonical":"https:\/\/zenkit.com\/pt-br\/kit-de-imprensa\/zenkit-releases-desktop-apps-for-macos-windows-and-linux\/","og_locale":"pt_BR","og_type":"article","og_title":"Zenkit releases Desktop Apps for macOS, Windows and Linux | Zenkit","og_description":"With its most recent release Zenkit has moved closer towards creating a flexible SaaS product that can now additionally be used on all major devices.","og_url":"https:\/\/zenkit.com\/pt-br\/kit-de-imprensa\/zenkit-releases-desktop-apps-for-macos-windows-and-linux\/","og_site_name":"Zenkit","article_publisher":"https:\/\/www.facebook.com\/ZenkitHQ","article_modified_time":"2025-11-03T07:13:15+00:00","og_image":[{"url":"https:\/\/zenkit.com\/wp-content\/uploads\/2025\/05\/base-1024x538-1.webp","type":"","width":"","height":""}],"twitter_card":"summary_large_image","twitter_site":"@ZenkitHQ","twitter_misc":{"Est. tempo de leitura":"3 minutos"},"schema":{"@context":"https:\/\/schema.org","@graph":[{"@type":"WebPage","@id":"https:\/\/zenkit.com\/pt-br\/kit-de-imprensa\/zenkit-releases-desktop-apps-for-macos-windows-and-linux\/","url":"https:\/\/zenkit.com\/pt-br\/kit-de-imprensa\/zenkit-releases-desktop-apps-for-macos-windows-and-linux\/","name":"Zenkit releases Desktop Apps for macOS, Windows and Linux | Zenkit","isPartOf":{"@id":"https:\/\/zenkit.com\/pt-br\/#website"},"primaryImageOfPage":{"@id":"https:\/\/zenkit.com\/pt-br\/kit-de-imprensa\/zenkit-releases-desktop-apps-for-macos-windows-and-linux\/#primaryimage"},"image":{"@id":"https:\/\/zenkit.com\/pt-br\/kit-de-imprensa\/zenkit-releases-desktop-apps-for-macos-windows-and-linux\/#primaryimage"},"thumbnailUrl":"https:\/\/zenkit.com\/wp-content\/uploads\/2025\/05\/base-1024x538-1.webp","datePublished":"2018-07-06T23:04:47+00:00","dateModified":"2025-11-03T07:13:15+00:00","description":"With its most recent release Zenkit has moved closer towards creating a flexible SaaS product that can now additionally be used on all major devices.","breadcrumb":{"@id":"https:\/\/zenkit.com\/pt-br\/kit-de-imprensa\/zenkit-releases-desktop-apps-for-macos-windows-and-linux\/#breadcrumb"},"inLanguage":"pt-BR","potentialAction":[{"@type":"ReadAction","target":["https:\/\/zenkit.com\/pt-br\/kit-de-imprensa\/zenkit-releases-desktop-apps-for-macos-windows-and-linux\/"]}]},{"@type":"ImageObject","inLanguage":"pt-BR","@id":"https:\/\/zenkit.com\/pt-br\/kit-de-imprensa\/zenkit-releases-desktop-apps-for-macos-windows-and-linux\/#primaryimage","url":"https:\/\/zenkit.com\/wp-content\/uploads\/2025\/05\/base-1024x538-1.webp","contentUrl":"https:\/\/zenkit.com\/wp-content\/uploads\/2025\/05\/base-1024x538-1.webp"},{"@type":"BreadcrumbList","@id":"https:\/\/zenkit.com\/pt-br\/kit-de-imprensa\/zenkit-releases-desktop-apps-for-macos-windows-and-linux\/#breadcrumb","itemListElement":[{"@type":"ListItem","position":1,"name":"Home","item":"https:\/\/zenkit.com\/pt-br\/"},{"@type":"ListItem","position":2,"name":"Kit de Imprensa","item":"https:\/\/zenkit.com\/pt-br\/kit-de-imprensa\/"},{"@type":"ListItem","position":3,"name":"Zenkit releases Desktop Apps for macOS, Windows and Linux"}]},{"@type":"WebSite","@id":"https:\/\/zenkit.com\/pt-br\/#website","url":"https:\/\/zenkit.com\/pt-br\/","name":"Zenkit","description":"Zenkit Tagline","potentialAction":[{"@type":"SearchAction","target":{"@type":"EntryPoint","urlTemplate":"https:\/\/zenkit.com\/pt-br\/?s={search_term_string}"},"query-input":{"@type":"PropertyValueSpecification","valueRequired":true,"valueName":"search_term_string"}}],"inLanguage":"pt-BR"},false]}},"yasr_visitor_votes":{"stars_attributes":{"read_only":false,"span_bottom":false},"number_of_votes":0,"sum_votes":0},"_links":{"self":[{"href":"https:\/\/zenkit.com\/pt-br\/wp-json\/wp\/v2\/pages\/73038","targetHints":{"allow":["GET"]}}],"collection":[{"href":"https:\/\/zenkit.com\/pt-br\/wp-json\/wp\/v2\/pages"}],"about":[{"href":"https:\/\/zenkit.com\/pt-br\/wp-json\/wp\/v2\/types\/page"}],"author":[{"embeddable":true,"href":"https:\/\/zenkit.com\/pt-br\/wp-json\/wp\/v2\/users\/30"}],"replies":[{"embeddable":true,"href":"https:\/\/zenkit.com\/pt-br\/wp-json\/wp\/v2\/comments?post=73038"}],"version-history":[{"count":1,"href":"https:\/\/zenkit.com\/pt-br\/wp-json\/wp\/v2\/pages\/73038\/revisions"}],"predecessor-version":[{"id":149833,"href":"https:\/\/zenkit.com\/pt-br\/wp-json\/wp\/v2\/pages\/73038\/revisions\/149833"}],"up":[{"embeddable":true,"href":"https:\/\/zenkit.com\/pt-br\/wp-json\/wp\/v2\/pages\/61691"}],"wp:attachment":[{"href":"https:\/\/zenkit.com\/pt-br\/wp-json\/wp\/v2\/media?parent=73038"}],"curies":[{"name":"wp","href":"https:\/\/api.w.org\/{rel}","templated":true}]}}