{"id":73042,"date":"2018-07-07T02:43:46","date_gmt":"2018-07-07T00:43:46","guid":{"rendered":"https:\/\/zenkit.com\/kit-de-imprensa\/zenkit-launches-major-list-and-collaboration-updates-to-take-on-industry-leaders\/"},"modified":"2025-09-13T17:02:28","modified_gmt":"2025-09-13T15:02:28","slug":"zenkit-launches-major-list-and-collaboration-updates-to-take-on-industry-leaders","status":"publish","type":"page","link":"https:\/\/zenkit.com\/pt-br\/kit-de-imprensa\/zenkit-launches-major-list-and-collaboration-updates-to-take-on-industry-leaders\/","title":{"rendered":"Zenkit launches major list and collaboration updates to take on industry leaders"},"content":{"rendered":"\n<div class=\"wp-block-group has-global-padding is-layout-constrained wp-block-group-is-layout-constrained\">\n<div class=\"wp-block-group width--950 has-global-padding is-layout-constrained wp-block-group-is-layout-constrained\">\n<div style=\"height:45px;--tablet-height:45px;--mobile-height:16px\" class=\"wp-block-lookeen-blocks-responsive-spacer\"><\/div>\n\n\n\n<div class=\"wp-block-group has-global-padding is-layout-constrained wp-block-group-is-layout-constrained\">\n<h1 class=\"wp-block-heading has-text-align-center\" style=\"margin-bottom:8px\">Zenkit lan\u00e7a uma lista importante e atualiza\u00e7\u00f5es de colabora\u00e7\u00e3o para conquistar os l\u00edderes da ind\u00fastria<\/h1>\n<\/div>\n\n\n\n<div class=\"wp-block-group has-global-padding is-layout-constrained wp-block-group-is-layout-constrained\">\n<p class=\"has-text-align-center subheading\">Recursos tipo Wunderlist dispon\u00edveis para todos os usu\u00e1rios hoje<\/p>\n<\/div>\n\n\n\n<div style=\"height:48px;--tablet-height:36px;--mobile-height:24px\" class=\"wp-block-lookeen-blocks-responsive-spacer\"><\/div>\n\n\n\n<div class=\"wp-block-group has-global-padding is-layout-constrained wp-block-group-is-layout-constrained\">\n<p class=\"has-text-align-center press__headline has-text-color has-link-color wp-elements-289aacd4aa5345fb2c0c73b6edbd60aa\" style=\"color:#939393;font-size:24px;font-style:normal;font-weight:700;line-height:1.5\">Quinta-feira, 12 de outubro de 2017 \u2013 Karlsruhe, Alemanha<\/p>\n<\/div>\n<\/div>\n\n\n\n<div style=\"height:88px;--tablet-height:72px;--mobile-height:40px\" class=\"wp-block-lookeen-blocks-responsive-spacer\"><\/div>\n<\/div>\n\n\n\n<div class=\"wp-block-group has-global-padding is-layout-constrained wp-block-group-is-layout-constrained\">\n<div class=\"wp-block-columns is-layout-flex wp-container-core-columns-is-layout-b8d659ec wp-block-columns-is-layout-flex\">\n<div class=\"wp-block-column is-layout-flow wp-block-column-is-layout-flow\">\n<p class=\"has-da-grey-2-color has-text-color has-link-color wp-elements-5fc363172d4a4997f84429c6c57ce027\">A empresa fabricante de software alem\u00e3, Axonic, est\u00e1 mudando a forma como solu\u00e7\u00f5es de gerenciamento de projeto online s\u00e3o criadas. Com sua nova ferramenta Zenkit, a empresa deu com sucesso um grande passo na dire\u00e7\u00e3o do seu objetivo final, se tornar a primeira plataforma de gerenciamento de projetos realmente flex\u00edvel.<\/p>\n\n\n\n<p class=\"has-da-grey-2-color has-text-color has-link-color wp-elements-063ec56ee4f4e8b7d72972451c507311\">Novidades da fam\u00edlia Zenkit s\u00e3o os recursos adaptados de vers\u00f5es das mais famosas solu\u00e7\u00f5es de gerenciamento de projetos que existem: Trello e Wunderlist. Trello popularizou a estrutura Kanban, com fluxos de trabalho para gerenciamento de projeto online. Zenkit j\u00e1 integrou o Kanban em seu aplicativo. Recursos tais como favoritos e marcar como feito foram popularizados pelo Wunderlist, um aplicativo de listas tamb\u00e9m constru\u00eddo na Alemanha. Wunderlist foi adquirido pela Microsoft em 2021. De acordo com a techcrunch.com, Microsoft anunciou que Wunderlist ser\u00e1 em breve descontinuado para ser substitu\u00eddo pela alternativa denominada como \u201cToDo\u201d. Com esse novo lan\u00e7amento, Zenkit cobrir\u00e1 ambos os conjuntos Kanban e lista em uma \u00fanica ferramenta. Isso ajudar\u00e1 Zenkit \u00e0 expandir sua base de usu\u00e1rios ainda mais e, ao mesmo tempo, prover quadro Kanban e Lista de Afazeres \u00e0 entusiastas como uma solu\u00e7\u00e3o totalmente personaliz\u00e1vel com a possibilidade de uso de recursos adicionais.<\/p>\n\n\n\n<p class=\"has-da-grey-2-color has-text-color has-link-color wp-elements-b2ba5a3ddf15e1ec00f9a2167b457be6\">Inclu\u00eddo na atualiza\u00e7\u00e3o est\u00e1 \u201cMeus Favoritos\u201d, que oferece ao usu\u00e1rio a possibilidade de marcar itens ao longo do seu perfil para serem vistos em um \u00fanico lugar. \u201cMeus Times\u201d oferece ao usu\u00e1rio um novo local de visualiza\u00e7\u00e3o de todos os itens atribu\u00eddos ao perfil do usu\u00e1rio, bem como uma maneira de visualizar e atribuir items aos membros do time. A extens\u00e3o auto-explicativa \u201cGerenciamento de Tarefas\u201d permite aos usu\u00e1rios facilmente criar, editar e compartilhar listas de afazeres. Al\u00e9m disso, usu\u00e1rios podem agora importar suas listas diretamente de suas contas Wunderlist.<\/p>\n<\/div>\n\n\n\n<div class=\"wp-block-column is-layout-flow wp-block-column-is-layout-flow\">\n<p class=\"has-da-grey-1-color has-text-color has-link-color wp-elements-db6083afe86cf038c0b5a660b787a583\">O fundador da Axonic e CEO Martin Welker, est\u00e1 confiante sobre os benef\u00edcios aos usu\u00e1rios tanto dos aplicativos de listas quanto dos aplicativos tradicionais Kanban. \u201cAs empresas t\u00eam uma grande variedade de ferramentas para escolher no mercado. Todas as ferramentas dispon\u00edveis t\u00eam caracter\u00edsticas muito diferentes e espec\u00edficas. Acreditamos que, especialmente no setor de gerenciamento de projetos, as pessoas deveriam ter o poder de decidir qual recurso melhor se adequa \u00e0 sua situa\u00e7\u00e3o atual e fluxo de trabalho. Usu\u00e1rios devem poder alternar entre estes recursos quando necess\u00e1rio, sem a necessidade de constantemente alternar entre ferramentas de software. Com Zenkit, temos o objetivo de prover ao usu\u00e1rio essa flexibilidade e encorajar a criatividade e personaliza\u00e7\u00e3o\u201d.<\/p>\n\n\n\n<p class=\"has-da-grey-2-color has-text-color has-link-color wp-elements-886a6041a5a014dfa5b8a40d31b3885f\">\u201cQuando a Microsoft anunciou que iria aposentar o Wunderlist, decidimos que dever\u00edamos acrescentar esses recursos ao Zenkit tamb\u00e9m. Estou muito animado do resultado. Pela primeira vez, os usu\u00e1rios podem alternar entre listas e quadro Kanban sem perder informa\u00e7\u00f5es. Agora podemos todos finalmente avan\u00e7ar\u201d.<\/p>\n\n\n\n<p class=\"has-da-grey-1-color has-text-color has-link-color wp-elements-b687aa6b783b9a2acbf1fdaf10fb6b75\">Zenkit foi recentemente lan\u00e7ou seu aplicativo iOS e planeja lan\u00e7ar um aplicativo Android no final deste ano. A longo prazo, Axonic planeja expandir sua variedade de recursos empresariais dispon\u00edveis em Zenkit para permitir que empresas construam ferramentas personalizadas para gerenciar seus neg\u00f3cios.<\/p>\n<\/div>\n<\/div>\n<\/div>\n\n\n\n<div style=\"height:45px;--tablet-height:45px;--mobile-height:16px\" class=\"wp-block-lookeen-blocks-responsive-spacer\"><\/div>\n\n\n\n<figure class=\"wp-block-image aligncenter size-large is-resized border-radius--20 overflow__hidden  box__shadow\"><img loading=\"lazy\" decoding=\"async\" width=\"1024\" height=\"538\" src=\"https:\/\/zenkit.com\/wp-content\/uploads\/2021\/01\/base-1024x538.jpg\" alt=\"\" class=\"wp-image-55221\" style=\"width:491px;height:auto\" srcset=\"https:\/\/zenkit.com\/wp-content\/uploads\/2021\/01\/base-1024x538.jpg 1024w, https:\/\/zenkit.com\/wp-content\/uploads\/2021\/01\/base-300x158.jpg 300w, https:\/\/zenkit.com\/wp-content\/uploads\/2021\/01\/base-768x403.jpg 768w, https:\/\/zenkit.com\/wp-content\/uploads\/2021\/01\/base.jpg 1200w\" sizes=\"auto, (max-width: 1024px) 100vw, 1024px\" \/><\/figure>\n\n\n\n<div style=\"height:88px;--tablet-height:72px;--mobile-height:40px\" class=\"wp-block-lookeen-blocks-responsive-spacer\"><\/div>\n\n\n\n<div class=\"wp-block-group has-global-padding is-layout-constrained wp-block-group-is-layout-constrained\">\n<div class=\"wp-block-group has-global-padding is-layout-constrained wp-container-core-group-is-layout-7cc94c3e wp-block-group-is-layout-constrained\">\n<h3 class=\"wp-block-heading has-text-align-center\" style=\"margin-bottom:8px;font-style:normal;font-weight:700\">Informaci\u00f3n Adicional<\/h3>\n\n\n\n<p><a href=\"https:\/\/techcrunch.com\/2017\/04\/19\/microsoft-to-shut-down-wunderlist-in-favor-of-its-new-app-to-do\/\" target=\"_blank\" rel=\"noreferrer noopener\">https:\/\/techcrunch.com\/2017\/04\/19\/microsoft-to-shut-down-wunderlist-in-favor-of-its-new-app-to-do\/<\/a><\/p>\n\n\n\n<p>l<a href=\"https:\/\/thenextweb.com\/apps\/2017\/10\/03\/zenkits-first-mobile-app-could-spell-trouble-for-trello\" target=\"_blank\" rel=\"noreferrer noopener\">https:\/\/thenextweb.com\/apps\/2017\/10\/03\/zenkits-first-mobile-app-could-spell-trouble-for-trello<\/a><\/p>\n\n\n\n<div style=\"height:88px;--tablet-height:72px;--mobile-height:40px\" class=\"wp-block-lookeen-blocks-responsive-spacer\"><\/div>\n\n\n\n<h3 class=\"wp-block-heading has-text-align-center\" style=\"margin-bottom:8px;font-style:normal;font-weight:700\"><strong>Sobre Zenkit:<\/strong><\/h3>\n\n\n\n<p class=\"has-text-align-center has-da-grey-2-color has-text-color has-link-color wp-elements-2f4d0cf249acdfab64afdad6444f5cce\">Zenkit \u00e9 uma plataforma de gerenciamento de projetos e constru\u00e7\u00e3o de banco de dados criada por Axonic GmbH na Alemanha. Foi lan\u00e7ada em outubro de 2016.<\/p>\n\n\n\n<div style=\"height:88px;--tablet-height:72px;--mobile-height:40px\" class=\"wp-block-lookeen-blocks-responsive-spacer\"><\/div>\n\n\n\n<h3 class=\"wp-block-heading has-text-align-center\" style=\"margin-bottom:8px;font-style:normal;font-weight:700\"><strong>Sobre Axonic:<\/strong><\/h3>\n\n\n\n<p class=\"has-text-align-center has-da-grey-2-color has-text-color has-link-color wp-elements-adf076d5451852507b9cc106b1f7a93e\">Axonic GmbH \u00e9 um fornecedor de software privado com foco em tecnologia relativa \u00e0 informa\u00e7\u00e3o, comunica\u00e7\u00e3o e reconhecimento. A empresa est\u00e1 localizada em Karlsruhe, Alemanha e foi fundada por Martin Welker em 2003. Axonic tem desenvolvido com sucesso softwares nas \u00e1reas de intelig\u00eancia artificial, conhecimento e extra\u00e7\u00e3o de informa\u00e7\u00f5es por mais de uma d\u00e9cada. Desde 2002, sua pesquisa tem sido de forma prim\u00e1ria com base na \u00e1rea de \u201ccomunica\u00e7\u00e3o inteligente\u201d \u2013 a an\u00e1lise e apresenta\u00e7\u00e3o da comunica\u00e7\u00e3o. Axonic lan\u00e7ou 6 grandes produtos que atendem mais de 5.000.000 pessoas ao redor do mundo.<\/p>\n<\/div>\n<\/div>\n\n\n\n<div style=\"height:110px;--tablet-height:60px;--mobile-height:48px\" class=\"wp-block-lookeen-blocks-responsive-spacer\"><\/div>\n","protected":false},"excerpt":{"rendered":"<p>Zenkit lan\u00e7a uma lista importante e atualiza\u00e7\u00f5es de colabora\u00e7\u00e3o para conquistar os l\u00edderes da ind\u00fastria Recursos tipo Wunderlist dispon\u00edveis para todos os usu\u00e1rios hoje Quinta-feira, 12 de outubro de 2017 \u2013 Karlsruhe, Alemanha A empresa fabricante de software alem\u00e3, Axonic, est\u00e1 mudando a forma como solu\u00e7\u00f5es de gerenciamento de projeto online s\u00e3o criadas. Com sua [&hellip;]<\/p>\n","protected":false},"author":30,"featured_media":0,"parent":61691,"menu_order":0,"comment_status":"closed","ping_status":"closed","template":"","meta":{"yasr_overall_rating":0,"yasr_post_is_review":"","yasr_auto_insert_disabled":"","yasr_review_type":"","footnotes":""},"class_list":["post-73042","page","type-page","status-publish","hentry"],"yoast_head":"<!-- This site is optimized with the Yoast SEO plugin v27.3 - https:\/\/yoast.com\/product\/yoast-seo-wordpress\/ -->\n<title>Zenkit Takes on Industry Leaders with List &amp; Collaboration Updates | Zenkit<\/title>\n<meta name=\"description\" content=\"With Zenkit, Axonic has successfully made a big step towards its overall aim of creating the first truly flexible project management platform.\" \/>\n<meta name=\"robots\" content=\"index, follow, max-snippet:-1, max-image-preview:large, max-video-preview:-1\" \/>\n<link rel=\"canonical\" href=\"https:\/\/zenkit.com\/pt-br\/kit-de-imprensa\/zenkit-launches-major-list-and-collaboration-updates-to-take-on-industry-leaders\/\" \/>\n<meta property=\"og:locale\" content=\"pt_BR\" \/>\n<meta property=\"og:type\" content=\"article\" \/>\n<meta property=\"og:title\" content=\"Zenkit Takes on Industry Leaders with List &amp; Collaboration Updates | Zenkit\" \/>\n<meta property=\"og:description\" content=\"With Zenkit, Axonic has successfully made a big step towards its overall aim of creating the first truly flexible project management platform.\" \/>\n<meta property=\"og:url\" content=\"https:\/\/zenkit.com\/pt-br\/kit-de-imprensa\/zenkit-launches-major-list-and-collaboration-updates-to-take-on-industry-leaders\/\" \/>\n<meta property=\"og:site_name\" content=\"Zenkit\" \/>\n<meta property=\"article:publisher\" content=\"https:\/\/www.facebook.com\/ZenkitHQ\" \/>\n<meta property=\"article:modified_time\" content=\"2025-09-13T15:02:28+00:00\" \/>\n<meta property=\"og:image\" content=\"https:\/\/zenkit.com\/wp-content\/uploads\/2021\/01\/base-1024x538.jpg\" \/>\n<meta name=\"twitter:card\" content=\"summary_large_image\" \/>\n<meta name=\"twitter:site\" content=\"@ZenkitHQ\" \/>\n<script type=\"application\/ld+json\" class=\"yoast-schema-graph\">{\"@context\":\"https:\\\/\\\/schema.org\",\"@graph\":[{\"@type\":\"WebPage\",\"@id\":\"https:\\\/\\\/zenkit.com\\\/pt-br\\\/kit-de-imprensa\\\/zenkit-launches-major-list-and-collaboration-updates-to-take-on-industry-leaders\\\/\",\"url\":\"https:\\\/\\\/zenkit.com\\\/pt-br\\\/kit-de-imprensa\\\/zenkit-launches-major-list-and-collaboration-updates-to-take-on-industry-leaders\\\/\",\"name\":\"Zenkit Takes on Industry Leaders with List & Collaboration Updates | Zenkit\",\"isPartOf\":{\"@id\":\"https:\\\/\\\/zenkit.com\\\/pt-br\\\/#website\"},\"primaryImageOfPage\":{\"@id\":\"https:\\\/\\\/zenkit.com\\\/pt-br\\\/kit-de-imprensa\\\/zenkit-launches-major-list-and-collaboration-updates-to-take-on-industry-leaders\\\/#primaryimage\"},\"image\":{\"@id\":\"https:\\\/\\\/zenkit.com\\\/pt-br\\\/kit-de-imprensa\\\/zenkit-launches-major-list-and-collaboration-updates-to-take-on-industry-leaders\\\/#primaryimage\"},\"thumbnailUrl\":\"https:\\\/\\\/zenkit.com\\\/wp-content\\\/uploads\\\/2021\\\/01\\\/base-1024x538.jpg\",\"datePublished\":\"2018-07-07T00:43:46+00:00\",\"dateModified\":\"2025-09-13T15:02:28+00:00\",\"description\":\"With Zenkit, Axonic has successfully made a big step towards its overall aim of creating the first truly flexible project management platform.\",\"breadcrumb\":{\"@id\":\"https:\\\/\\\/zenkit.com\\\/pt-br\\\/kit-de-imprensa\\\/zenkit-launches-major-list-and-collaboration-updates-to-take-on-industry-leaders\\\/#breadcrumb\"},\"inLanguage\":\"pt-BR\",\"potentialAction\":[{\"@type\":\"ReadAction\",\"target\":[\"https:\\\/\\\/zenkit.com\\\/pt-br\\\/kit-de-imprensa\\\/zenkit-launches-major-list-and-collaboration-updates-to-take-on-industry-leaders\\\/\"]}]},{\"@type\":\"ImageObject\",\"inLanguage\":\"pt-BR\",\"@id\":\"https:\\\/\\\/zenkit.com\\\/pt-br\\\/kit-de-imprensa\\\/zenkit-launches-major-list-and-collaboration-updates-to-take-on-industry-leaders\\\/#primaryimage\",\"url\":\"https:\\\/\\\/zenkit.com\\\/wp-content\\\/uploads\\\/2021\\\/01\\\/base-1024x538.jpg\",\"contentUrl\":\"https:\\\/\\\/zenkit.com\\\/wp-content\\\/uploads\\\/2021\\\/01\\\/base-1024x538.jpg\"},{\"@type\":\"BreadcrumbList\",\"@id\":\"https:\\\/\\\/zenkit.com\\\/pt-br\\\/kit-de-imprensa\\\/zenkit-launches-major-list-and-collaboration-updates-to-take-on-industry-leaders\\\/#breadcrumb\",\"itemListElement\":[{\"@type\":\"ListItem\",\"position\":1,\"name\":\"Home\",\"item\":\"https:\\\/\\\/zenkit.com\\\/pt-br\\\/\"},{\"@type\":\"ListItem\",\"position\":2,\"name\":\"Kit de Imprensa\",\"item\":\"https:\\\/\\\/zenkit.com\\\/pt-br\\\/kit-de-imprensa\\\/\"},{\"@type\":\"ListItem\",\"position\":3,\"name\":\"Zenkit launches major list and collaboration updates to take on industry leaders\"}]},{\"@type\":\"WebSite\",\"@id\":\"https:\\\/\\\/zenkit.com\\\/pt-br\\\/#website\",\"url\":\"https:\\\/\\\/zenkit.com\\\/pt-br\\\/\",\"name\":\"Zenkit\",\"description\":\"Zenkit Tagline\",\"potentialAction\":[{\"@type\":\"SearchAction\",\"target\":{\"@type\":\"EntryPoint\",\"urlTemplate\":\"https:\\\/\\\/zenkit.com\\\/pt-br\\\/?s={search_term_string}\"},\"query-input\":{\"@type\":\"PropertyValueSpecification\",\"valueRequired\":true,\"valueName\":\"search_term_string\"}}],\"inLanguage\":\"pt-BR\"},false]}<\/script>\n<!-- \/ Yoast SEO plugin. -->","yoast_head_json":{"title":"Zenkit Takes on Industry Leaders with List & Collaboration Updates | Zenkit","description":"With Zenkit, Axonic has successfully made a big step towards its overall aim of creating the first truly flexible project management platform.","robots":{"index":"index","follow":"follow","max-snippet":"max-snippet:-1","max-image-preview":"max-image-preview:large","max-video-preview":"max-video-preview:-1"},"canonical":"https:\/\/zenkit.com\/pt-br\/kit-de-imprensa\/zenkit-launches-major-list-and-collaboration-updates-to-take-on-industry-leaders\/","og_locale":"pt_BR","og_type":"article","og_title":"Zenkit Takes on Industry Leaders with List & Collaboration Updates | Zenkit","og_description":"With Zenkit, Axonic has successfully made a big step towards its overall aim of creating the first truly flexible project management platform.","og_url":"https:\/\/zenkit.com\/pt-br\/kit-de-imprensa\/zenkit-launches-major-list-and-collaboration-updates-to-take-on-industry-leaders\/","og_site_name":"Zenkit","article_publisher":"https:\/\/www.facebook.com\/ZenkitHQ","article_modified_time":"2025-09-13T15:02:28+00:00","og_image":[{"url":"https:\/\/zenkit.com\/wp-content\/uploads\/2021\/01\/base-1024x538.jpg","type":"","width":"","height":""}],"twitter_card":"summary_large_image","twitter_site":"@ZenkitHQ","schema":{"@context":"https:\/\/schema.org","@graph":[{"@type":"WebPage","@id":"https:\/\/zenkit.com\/pt-br\/kit-de-imprensa\/zenkit-launches-major-list-and-collaboration-updates-to-take-on-industry-leaders\/","url":"https:\/\/zenkit.com\/pt-br\/kit-de-imprensa\/zenkit-launches-major-list-and-collaboration-updates-to-take-on-industry-leaders\/","name":"Zenkit Takes on Industry Leaders with List & Collaboration Updates | Zenkit","isPartOf":{"@id":"https:\/\/zenkit.com\/pt-br\/#website"},"primaryImageOfPage":{"@id":"https:\/\/zenkit.com\/pt-br\/kit-de-imprensa\/zenkit-launches-major-list-and-collaboration-updates-to-take-on-industry-leaders\/#primaryimage"},"image":{"@id":"https:\/\/zenkit.com\/pt-br\/kit-de-imprensa\/zenkit-launches-major-list-and-collaboration-updates-to-take-on-industry-leaders\/#primaryimage"},"thumbnailUrl":"https:\/\/zenkit.com\/wp-content\/uploads\/2021\/01\/base-1024x538.jpg","datePublished":"2018-07-07T00:43:46+00:00","dateModified":"2025-09-13T15:02:28+00:00","description":"With Zenkit, Axonic has successfully made a big step towards its overall aim of creating the first truly flexible project management platform.","breadcrumb":{"@id":"https:\/\/zenkit.com\/pt-br\/kit-de-imprensa\/zenkit-launches-major-list-and-collaboration-updates-to-take-on-industry-leaders\/#breadcrumb"},"inLanguage":"pt-BR","potentialAction":[{"@type":"ReadAction","target":["https:\/\/zenkit.com\/pt-br\/kit-de-imprensa\/zenkit-launches-major-list-and-collaboration-updates-to-take-on-industry-leaders\/"]}]},{"@type":"ImageObject","inLanguage":"pt-BR","@id":"https:\/\/zenkit.com\/pt-br\/kit-de-imprensa\/zenkit-launches-major-list-and-collaboration-updates-to-take-on-industry-leaders\/#primaryimage","url":"https:\/\/zenkit.com\/wp-content\/uploads\/2021\/01\/base-1024x538.jpg","contentUrl":"https:\/\/zenkit.com\/wp-content\/uploads\/2021\/01\/base-1024x538.jpg"},{"@type":"BreadcrumbList","@id":"https:\/\/zenkit.com\/pt-br\/kit-de-imprensa\/zenkit-launches-major-list-and-collaboration-updates-to-take-on-industry-leaders\/#breadcrumb","itemListElement":[{"@type":"ListItem","position":1,"name":"Home","item":"https:\/\/zenkit.com\/pt-br\/"},{"@type":"ListItem","position":2,"name":"Kit de Imprensa","item":"https:\/\/zenkit.com\/pt-br\/kit-de-imprensa\/"},{"@type":"ListItem","position":3,"name":"Zenkit launches major list and collaboration updates to take on industry leaders"}]},{"@type":"WebSite","@id":"https:\/\/zenkit.com\/pt-br\/#website","url":"https:\/\/zenkit.com\/pt-br\/","name":"Zenkit","description":"Zenkit Tagline","potentialAction":[{"@type":"SearchAction","target":{"@type":"EntryPoint","urlTemplate":"https:\/\/zenkit.com\/pt-br\/?s={search_term_string}"},"query-input":{"@type":"PropertyValueSpecification","valueRequired":true,"valueName":"search_term_string"}}],"inLanguage":"pt-BR"},false]}},"yasr_visitor_votes":{"stars_attributes":{"read_only":false,"span_bottom":false},"number_of_votes":0,"sum_votes":0},"_links":{"self":[{"href":"https:\/\/zenkit.com\/pt-br\/wp-json\/wp\/v2\/pages\/73042","targetHints":{"allow":["GET"]}}],"collection":[{"href":"https:\/\/zenkit.com\/pt-br\/wp-json\/wp\/v2\/pages"}],"about":[{"href":"https:\/\/zenkit.com\/pt-br\/wp-json\/wp\/v2\/types\/page"}],"author":[{"embeddable":true,"href":"https:\/\/zenkit.com\/pt-br\/wp-json\/wp\/v2\/users\/30"}],"replies":[{"embeddable":true,"href":"https:\/\/zenkit.com\/pt-br\/wp-json\/wp\/v2\/comments?post=73042"}],"version-history":[{"count":1,"href":"https:\/\/zenkit.com\/pt-br\/wp-json\/wp\/v2\/pages\/73042\/revisions"}],"predecessor-version":[{"id":149824,"href":"https:\/\/zenkit.com\/pt-br\/wp-json\/wp\/v2\/pages\/73042\/revisions\/149824"}],"up":[{"embeddable":true,"href":"https:\/\/zenkit.com\/pt-br\/wp-json\/wp\/v2\/pages\/61691"}],"wp:attachment":[{"href":"https:\/\/zenkit.com\/pt-br\/wp-json\/wp\/v2\/media?parent=73042"}],"curies":[{"name":"wp","href":"https:\/\/api.w.org\/{rel}","templated":true}]}}