{"id":73724,"date":"2018-07-07T02:50:21","date_gmt":"2018-07-07T00:50:21","guid":{"rendered":"https:\/\/zenkit.com\/kit-de-imprensa\/zenkit-launches-its-service-in-8-new-languages\/"},"modified":"2025-09-13T16:59:35","modified_gmt":"2025-09-13T14:59:35","slug":"zenkit-launches-its-service-in-8-new-languages","status":"publish","type":"page","link":"https:\/\/zenkit.com\/pt-br\/kit-de-imprensa\/zenkit-launches-its-service-in-8-new-languages\/","title":{"rendered":"Zenkit launches its service in 8 new languages"},"content":{"rendered":"\n<div class=\"wp-block-group has-global-padding is-layout-constrained wp-block-group-is-layout-constrained\">\n<div class=\"wp-block-group width--950 has-global-padding is-layout-constrained wp-block-group-is-layout-constrained\">\n<div style=\"height:45px;--tablet-height:45px;--mobile-height:16px\" class=\"wp-block-lookeen-blocks-responsive-spacer\"><\/div>\n\n\n\n<div class=\"wp-block-group has-global-padding is-layout-constrained wp-block-group-is-layout-constrained\">\n<h1 class=\"wp-block-heading has-text-align-center\" style=\"margin-bottom:8px\">Zenkit lan\u00e7a seus servi\u00e7os em 8 novos idiomas<\/h1>\n<\/div>\n\n\n\n<div class=\"wp-block-group has-global-padding is-layout-constrained wp-block-group-is-layout-constrained\">\n<p class=\"has-text-align-center subheading\">A startup de gerenciamento de projetos acomoda sua comunidade global com expans\u00e3o de idiomas<\/p>\n<\/div>\n\n\n\n<div style=\"height:48px;--tablet-height:36px;--mobile-height:24px\" class=\"wp-block-lookeen-blocks-responsive-spacer\"><\/div>\n\n\n\n<div class=\"wp-block-group has-global-padding is-layout-constrained wp-block-group-is-layout-constrained\">\n<p class=\"has-text-align-center press__headline has-text-color has-link-color wp-elements-ce55457829eaf1d5220fe553c27befb0\" style=\"color:#939393;font-size:24px;font-style:normal;font-weight:700;line-height:1.5\">Quinta-feira, 28 de junho de 2018 \u2013 Alemanha, Karlsruhe<\/p>\n<\/div>\n<\/div>\n\n\n\n<div style=\"height:88px;--tablet-height:72px;--mobile-height:40px\" class=\"wp-block-lookeen-blocks-responsive-spacer\"><\/div>\n<\/div>\n\n\n\n<div class=\"wp-block-group has-global-padding is-layout-constrained wp-block-group-is-layout-constrained\">\n<div class=\"wp-block-columns is-layout-flex wp-container-core-columns-is-layout-b8d659ec wp-block-columns-is-layout-flex\">\n<div class=\"wp-block-column is-layout-flow wp-block-column-is-layout-flow\">\n<p class=\"has-da-grey-2-color has-text-color has-link-color wp-elements-23b1b005494308117122106fb905cd3e\">A empresa alem\u00e3, Zenkit, est\u00e1 aproximando a plataforma de seus usu\u00e1rios ao introduzir seus servi\u00e7os em oito novos idiomas, com planos para lan\u00e7ar mais cinco nos pr\u00f3ximos meses.<\/p>\n\n\n\n<p class=\"has-da-grey-2-color has-text-color has-link-color wp-elements-4ea4b4c2a1c8a8c8bdfedec6cb8e8f86\">Com forte demanda por idiomas locais, o time de Zenkit passou uma boa parte do ano nesse lan\u00e7amento. Um time de quase 30 tradutores e redatores tem trabalhado para garantir que os usu\u00e1rios de todos os cantos do mundo possam se sentir em casa trabalhando com Zenkit.<\/p>\n<\/div>\n\n\n\n<div class=\"wp-block-column is-layout-flow wp-block-column-is-layout-flow\">\n<p class=\"has-da-grey-1-color has-text-color has-link-color wp-elements-1d052dbff950b906cc08fe6a4ef4b64d\">Zenkit lan\u00e7ou recentemente seu snap para Linux, e planeja lan\u00e7ar outros recursos, tal como e-mail para Collection, tarefas recorrentes e gr\u00e1ficos Gantt ao final deste ano. A longo prazo, Zenkit planeja expandir a variedade de recursos empresariais dispon\u00edveis para permitir que neg\u00f3cios construam ferramentas personalizadas para suas empresas.<\/p>\n\n\n\n<p class=\"has-da-grey-1-color has-text-color has-link-color wp-elements-ecd3e303d89269d1657f0e4b207488e9\">Idiomas dispon\u00edveis neste lan\u00e7amento: Alem\u00e3o, Espanhol, Italiano, Portugu\u00eas, Russo, Franc\u00eas, Coreano e Chin\u00eas Tradicional.<br>Em breve: Hindi, Holand\u00eas, Japon\u00eas, Tailand\u00eas e Chin\u00eas Simplificado.<\/p>\n<\/div>\n<\/div>\n<\/div>\n\n\n\n<div style=\"height:45px;--tablet-height:45px;--mobile-height:16px\" class=\"wp-block-lookeen-blocks-responsive-spacer\"><\/div>\n\n\n\n<figure class=\"wp-block-image aligncenter size-large is-resized border-radius--20 overflow__hidden  box__shadow\"><img loading=\"lazy\" decoding=\"async\" width=\"1024\" height=\"538\" src=\"https:\/\/zenkit.com\/wp-content\/uploads\/2021\/01\/base-1024x538.jpg\" alt=\"\" class=\"wp-image-55221\" style=\"width:491px;height:auto\" srcset=\"https:\/\/zenkit.com\/wp-content\/uploads\/2021\/01\/base-1024x538.jpg 1024w, https:\/\/zenkit.com\/wp-content\/uploads\/2021\/01\/base-300x158.jpg 300w, https:\/\/zenkit.com\/wp-content\/uploads\/2021\/01\/base-768x403.jpg 768w, https:\/\/zenkit.com\/wp-content\/uploads\/2021\/01\/base.jpg 1200w\" sizes=\"auto, (max-width: 1024px) 100vw, 1024px\" \/><\/figure>\n\n\n\n<div style=\"height:88px;--tablet-height:72px;--mobile-height:40px\" class=\"wp-block-lookeen-blocks-responsive-spacer\"><\/div>\n\n\n\n<div class=\"wp-block-group has-global-padding is-layout-constrained wp-block-group-is-layout-constrained\">\n<div class=\"wp-block-group has-global-padding is-layout-constrained wp-container-core-group-is-layout-7cc94c3e wp-block-group-is-layout-constrained\">\n<div class=\"wp-block-group has-background has-global-padding is-layout-constrained wp-container-core-group-is-layout-8412c99a wp-block-group-is-layout-constrained\" style=\"border-radius:20px;background-color:#efefef;margin-bottom:24px;padding-top:20px;padding-right:20px;padding-bottom:20px;padding-left:20px\">\n<p class=\"has-da-grey-1-color has-text-color has-link-color wp-elements-7d31104535ae3bb509bfb26679c9d203\" style=\"font-size:14px\"><strong>O fundador e CEO da Zenkit, Martin Welker<\/strong>, sente-se positivo quanto ao benef\u00edcio para os usu\u00e1rios. \u201cNosso objetivo desde o in\u00edcio tem sido que Zenkit seja o lar de seus dados. Nossa pr\u00f3pria equipe \u00e9 muito diversificada e temos uma base de usu\u00e1rios crescendo internacionalmente, logo, \u00e9 uma etapa natural oferecermos Zenkit no idioma nativo de nossos usu\u00e1rios.<\/p>\n\n\n\n<p class=\"has-da-grey-1-color has-text-color has-link-color wp-elements-45f9fd20435195e8aa7063b63200ba40\" style=\"font-size:14px\">\u201cInicialmente lan\u00e7amos Zenkit em ingl\u00eas, pois \u00e9 um idioma que muitas pessoas ao redor do mundo podem entender e utilizar no trabalho. Entretanto, \u00e9 muito mais f\u00e1cil trabalhar de forma produtiva em seu pr\u00f3prio idioma, e \u00e9 por isso que optamos por localizar Zenkit em um est\u00e1gio t\u00e3o inicial. Isto tamb\u00e9m tem sido um ponto de inc\u00f4modo para muitos de nossos usu\u00e1rios alem\u00e3es, os quais (com raz\u00e3o) apontaram que uma empresa sediada na Alemanha deveria incluir o idioma alem\u00e3o! Estamos felizes por finalmente conseguirmos acomod\u00e1-los\u201d.<\/p>\n<\/div>\n\n\n\n<div style=\"height:88px;--tablet-height:72px;--mobile-height:40px\" class=\"wp-block-lookeen-blocks-responsive-spacer\"><\/div>\n\n\n\n<h3 class=\"wp-block-heading has-text-align-center\" style=\"margin-bottom:8px;font-style:normal;font-weight:700\">Sobre Zenkit:<\/h3>\n\n\n\n<p class=\"has-text-align-center has-da-grey-2-color has-text-color has-link-color wp-elements-e2de5dc43a111058fd97c7c1141df2f9\">Zenkit \u00e9 uma startup formada sob Axonic GmbH. A plataforma de gest\u00e3o de projetos SaaS e constru\u00e7\u00e3o de bancos de dados foi lan\u00e7ada em outubro de 2016.<\/p>\n<\/div>\n<\/div>\n\n\n\n<div style=\"height:110px;--tablet-height:60px;--mobile-height:48px\" class=\"wp-block-lookeen-blocks-responsive-spacer\"><\/div>\n","protected":false},"excerpt":{"rendered":"<p>Zenkit lan\u00e7a seus servi\u00e7os em 8 novos idiomas A startup de gerenciamento de projetos acomoda sua comunidade global com expans\u00e3o de idiomas Quinta-feira, 28 de junho de 2018 \u2013 Alemanha, Karlsruhe A empresa alem\u00e3, Zenkit, est\u00e1 aproximando a plataforma de seus usu\u00e1rios ao introduzir seus servi\u00e7os em oito novos idiomas, com planos para lan\u00e7ar mais [&hellip;]<\/p>\n","protected":false},"author":30,"featured_media":0,"parent":61691,"menu_order":1,"comment_status":"closed","ping_status":"closed","template":"","meta":{"yasr_overall_rating":0,"yasr_post_is_review":"","yasr_auto_insert_disabled":"","yasr_review_type":"","footnotes":""},"class_list":["post-73724","page","type-page","status-publish","hentry"],"yoast_head":"<!-- This site is optimized with the Yoast SEO plugin v27.3 - https:\/\/yoast.com\/product\/yoast-seo-wordpress\/ -->\n<title>Zenkit launches its service in 8 new languages | Zenkit<\/title>\n<meta name=\"description\" content=\"As of June 28th, 2018, Zenkit is available in 8 new languages: German, Spanish, Italian, Portuguese, Russian, French, Korean, and Traditional Chinese.\" \/>\n<meta name=\"robots\" content=\"index, follow, max-snippet:-1, max-image-preview:large, max-video-preview:-1\" \/>\n<link rel=\"canonical\" href=\"https:\/\/zenkit.com\/pt-br\/kit-de-imprensa\/zenkit-launches-its-service-in-8-new-languages\/\" \/>\n<meta property=\"og:locale\" content=\"pt_BR\" \/>\n<meta property=\"og:type\" content=\"article\" \/>\n<meta property=\"og:title\" content=\"Zenkit launches its service in 8 new languages | Zenkit\" \/>\n<meta property=\"og:description\" content=\"As of June 28th, 2018, Zenkit is available in 8 new languages: German, Spanish, Italian, Portuguese, Russian, French, Korean, and Traditional Chinese.\" \/>\n<meta property=\"og:url\" content=\"https:\/\/zenkit.com\/pt-br\/kit-de-imprensa\/zenkit-launches-its-service-in-8-new-languages\/\" \/>\n<meta property=\"og:site_name\" content=\"Zenkit\" \/>\n<meta property=\"article:publisher\" content=\"https:\/\/www.facebook.com\/ZenkitHQ\" \/>\n<meta property=\"article:modified_time\" content=\"2025-09-13T14:59:35+00:00\" \/>\n<meta property=\"og:image\" content=\"https:\/\/zenkit.com\/wp-content\/uploads\/2021\/01\/base-1024x538.jpg\" \/>\n<meta name=\"twitter:card\" content=\"summary_large_image\" \/>\n<meta name=\"twitter:site\" content=\"@ZenkitHQ\" \/>\n<meta name=\"twitter:label1\" content=\"Est. tempo de leitura\" \/>\n\t<meta name=\"twitter:data1\" content=\"2 minutos\" \/>\n<script type=\"application\/ld+json\" class=\"yoast-schema-graph\">{\"@context\":\"https:\\\/\\\/schema.org\",\"@graph\":[{\"@type\":\"WebPage\",\"@id\":\"https:\\\/\\\/zenkit.com\\\/pt-br\\\/kit-de-imprensa\\\/zenkit-launches-its-service-in-8-new-languages\\\/\",\"url\":\"https:\\\/\\\/zenkit.com\\\/pt-br\\\/kit-de-imprensa\\\/zenkit-launches-its-service-in-8-new-languages\\\/\",\"name\":\"Zenkit launches its service in 8 new languages | Zenkit\",\"isPartOf\":{\"@id\":\"https:\\\/\\\/zenkit.com\\\/pt-br\\\/#website\"},\"primaryImageOfPage\":{\"@id\":\"https:\\\/\\\/zenkit.com\\\/pt-br\\\/kit-de-imprensa\\\/zenkit-launches-its-service-in-8-new-languages\\\/#primaryimage\"},\"image\":{\"@id\":\"https:\\\/\\\/zenkit.com\\\/pt-br\\\/kit-de-imprensa\\\/zenkit-launches-its-service-in-8-new-languages\\\/#primaryimage\"},\"thumbnailUrl\":\"https:\\\/\\\/zenkit.com\\\/wp-content\\\/uploads\\\/2021\\\/01\\\/base-1024x538.jpg\",\"datePublished\":\"2018-07-07T00:50:21+00:00\",\"dateModified\":\"2025-09-13T14:59:35+00:00\",\"description\":\"As of June 28th, 2018, Zenkit is available in 8 new languages: German, Spanish, Italian, Portuguese, Russian, French, Korean, and Traditional Chinese.\",\"breadcrumb\":{\"@id\":\"https:\\\/\\\/zenkit.com\\\/pt-br\\\/kit-de-imprensa\\\/zenkit-launches-its-service-in-8-new-languages\\\/#breadcrumb\"},\"inLanguage\":\"pt-BR\",\"potentialAction\":[{\"@type\":\"ReadAction\",\"target\":[\"https:\\\/\\\/zenkit.com\\\/pt-br\\\/kit-de-imprensa\\\/zenkit-launches-its-service-in-8-new-languages\\\/\"]}]},{\"@type\":\"ImageObject\",\"inLanguage\":\"pt-BR\",\"@id\":\"https:\\\/\\\/zenkit.com\\\/pt-br\\\/kit-de-imprensa\\\/zenkit-launches-its-service-in-8-new-languages\\\/#primaryimage\",\"url\":\"https:\\\/\\\/zenkit.com\\\/wp-content\\\/uploads\\\/2021\\\/01\\\/base-1024x538.jpg\",\"contentUrl\":\"https:\\\/\\\/zenkit.com\\\/wp-content\\\/uploads\\\/2021\\\/01\\\/base-1024x538.jpg\"},{\"@type\":\"BreadcrumbList\",\"@id\":\"https:\\\/\\\/zenkit.com\\\/pt-br\\\/kit-de-imprensa\\\/zenkit-launches-its-service-in-8-new-languages\\\/#breadcrumb\",\"itemListElement\":[{\"@type\":\"ListItem\",\"position\":1,\"name\":\"Home\",\"item\":\"https:\\\/\\\/zenkit.com\\\/pt-br\\\/\"},{\"@type\":\"ListItem\",\"position\":2,\"name\":\"Kit de Imprensa\",\"item\":\"https:\\\/\\\/zenkit.com\\\/pt-br\\\/kit-de-imprensa\\\/\"},{\"@type\":\"ListItem\",\"position\":3,\"name\":\"Zenkit launches its service in 8 new languages\"}]},{\"@type\":\"WebSite\",\"@id\":\"https:\\\/\\\/zenkit.com\\\/pt-br\\\/#website\",\"url\":\"https:\\\/\\\/zenkit.com\\\/pt-br\\\/\",\"name\":\"Zenkit\",\"description\":\"Zenkit Tagline\",\"potentialAction\":[{\"@type\":\"SearchAction\",\"target\":{\"@type\":\"EntryPoint\",\"urlTemplate\":\"https:\\\/\\\/zenkit.com\\\/pt-br\\\/?s={search_term_string}\"},\"query-input\":{\"@type\":\"PropertyValueSpecification\",\"valueRequired\":true,\"valueName\":\"search_term_string\"}}],\"inLanguage\":\"pt-BR\"},false]}<\/script>\n<!-- \/ Yoast SEO plugin. -->","yoast_head_json":{"title":"Zenkit launches its service in 8 new languages | Zenkit","description":"As of June 28th, 2018, Zenkit is available in 8 new languages: German, Spanish, Italian, Portuguese, Russian, French, Korean, and Traditional Chinese.","robots":{"index":"index","follow":"follow","max-snippet":"max-snippet:-1","max-image-preview":"max-image-preview:large","max-video-preview":"max-video-preview:-1"},"canonical":"https:\/\/zenkit.com\/pt-br\/kit-de-imprensa\/zenkit-launches-its-service-in-8-new-languages\/","og_locale":"pt_BR","og_type":"article","og_title":"Zenkit launches its service in 8 new languages | Zenkit","og_description":"As of June 28th, 2018, Zenkit is available in 8 new languages: German, Spanish, Italian, Portuguese, Russian, French, Korean, and Traditional Chinese.","og_url":"https:\/\/zenkit.com\/pt-br\/kit-de-imprensa\/zenkit-launches-its-service-in-8-new-languages\/","og_site_name":"Zenkit","article_publisher":"https:\/\/www.facebook.com\/ZenkitHQ","article_modified_time":"2025-09-13T14:59:35+00:00","og_image":[{"url":"https:\/\/zenkit.com\/wp-content\/uploads\/2021\/01\/base-1024x538.jpg","type":"","width":"","height":""}],"twitter_card":"summary_large_image","twitter_site":"@ZenkitHQ","twitter_misc":{"Est. tempo de leitura":"2 minutos"},"schema":{"@context":"https:\/\/schema.org","@graph":[{"@type":"WebPage","@id":"https:\/\/zenkit.com\/pt-br\/kit-de-imprensa\/zenkit-launches-its-service-in-8-new-languages\/","url":"https:\/\/zenkit.com\/pt-br\/kit-de-imprensa\/zenkit-launches-its-service-in-8-new-languages\/","name":"Zenkit launches its service in 8 new languages | Zenkit","isPartOf":{"@id":"https:\/\/zenkit.com\/pt-br\/#website"},"primaryImageOfPage":{"@id":"https:\/\/zenkit.com\/pt-br\/kit-de-imprensa\/zenkit-launches-its-service-in-8-new-languages\/#primaryimage"},"image":{"@id":"https:\/\/zenkit.com\/pt-br\/kit-de-imprensa\/zenkit-launches-its-service-in-8-new-languages\/#primaryimage"},"thumbnailUrl":"https:\/\/zenkit.com\/wp-content\/uploads\/2021\/01\/base-1024x538.jpg","datePublished":"2018-07-07T00:50:21+00:00","dateModified":"2025-09-13T14:59:35+00:00","description":"As of June 28th, 2018, Zenkit is available in 8 new languages: German, Spanish, Italian, Portuguese, Russian, French, Korean, and Traditional Chinese.","breadcrumb":{"@id":"https:\/\/zenkit.com\/pt-br\/kit-de-imprensa\/zenkit-launches-its-service-in-8-new-languages\/#breadcrumb"},"inLanguage":"pt-BR","potentialAction":[{"@type":"ReadAction","target":["https:\/\/zenkit.com\/pt-br\/kit-de-imprensa\/zenkit-launches-its-service-in-8-new-languages\/"]}]},{"@type":"ImageObject","inLanguage":"pt-BR","@id":"https:\/\/zenkit.com\/pt-br\/kit-de-imprensa\/zenkit-launches-its-service-in-8-new-languages\/#primaryimage","url":"https:\/\/zenkit.com\/wp-content\/uploads\/2021\/01\/base-1024x538.jpg","contentUrl":"https:\/\/zenkit.com\/wp-content\/uploads\/2021\/01\/base-1024x538.jpg"},{"@type":"BreadcrumbList","@id":"https:\/\/zenkit.com\/pt-br\/kit-de-imprensa\/zenkit-launches-its-service-in-8-new-languages\/#breadcrumb","itemListElement":[{"@type":"ListItem","position":1,"name":"Home","item":"https:\/\/zenkit.com\/pt-br\/"},{"@type":"ListItem","position":2,"name":"Kit de Imprensa","item":"https:\/\/zenkit.com\/pt-br\/kit-de-imprensa\/"},{"@type":"ListItem","position":3,"name":"Zenkit launches its service in 8 new languages"}]},{"@type":"WebSite","@id":"https:\/\/zenkit.com\/pt-br\/#website","url":"https:\/\/zenkit.com\/pt-br\/","name":"Zenkit","description":"Zenkit Tagline","potentialAction":[{"@type":"SearchAction","target":{"@type":"EntryPoint","urlTemplate":"https:\/\/zenkit.com\/pt-br\/?s={search_term_string}"},"query-input":{"@type":"PropertyValueSpecification","valueRequired":true,"valueName":"search_term_string"}}],"inLanguage":"pt-BR"},false]}},"yasr_visitor_votes":{"stars_attributes":{"read_only":false,"span_bottom":false},"number_of_votes":0,"sum_votes":0},"_links":{"self":[{"href":"https:\/\/zenkit.com\/pt-br\/wp-json\/wp\/v2\/pages\/73724","targetHints":{"allow":["GET"]}}],"collection":[{"href":"https:\/\/zenkit.com\/pt-br\/wp-json\/wp\/v2\/pages"}],"about":[{"href":"https:\/\/zenkit.com\/pt-br\/wp-json\/wp\/v2\/types\/page"}],"author":[{"embeddable":true,"href":"https:\/\/zenkit.com\/pt-br\/wp-json\/wp\/v2\/users\/30"}],"replies":[{"embeddable":true,"href":"https:\/\/zenkit.com\/pt-br\/wp-json\/wp\/v2\/comments?post=73724"}],"version-history":[{"count":1,"href":"https:\/\/zenkit.com\/pt-br\/wp-json\/wp\/v2\/pages\/73724\/revisions"}],"predecessor-version":[{"id":149822,"href":"https:\/\/zenkit.com\/pt-br\/wp-json\/wp\/v2\/pages\/73724\/revisions\/149822"}],"up":[{"embeddable":true,"href":"https:\/\/zenkit.com\/pt-br\/wp-json\/wp\/v2\/pages\/61691"}],"wp:attachment":[{"href":"https:\/\/zenkit.com\/pt-br\/wp-json\/wp\/v2\/media?parent=73724"}],"curies":[{"name":"wp","href":"https:\/\/api.w.org\/{rel}","templated":true}]}}