{"id":73739,"date":"2022-04-08T14:01:52","date_gmt":"2022-04-08T12:01:52","guid":{"rendered":"https:\/\/zenkit.com\/kit-de-imprensa\/zenkit-projects-press-release\/"},"modified":"2025-09-08T23:47:54","modified_gmt":"2025-09-08T21:47:54","slug":"zenkit-projects-press-release","status":"publish","type":"page","link":"https:\/\/zenkit.com\/pt-br\/kit-de-imprensa\/zenkit-projects-press-release\/","title":{"rendered":"Zenkit Press Release"},"content":{"rendered":"\n<div class=\"wp-block-group has-global-padding is-layout-constrained wp-block-group-is-layout-constrained\">\n<div class=\"wp-block-group width--950 has-global-padding is-layout-constrained wp-block-group-is-layout-constrained\">\n<div style=\"height:45px;--tablet-height:45px;--mobile-height:16px\" class=\"wp-block-lookeen-blocks-responsive-spacer\"><\/div>\n\n\n\n<div class=\"wp-block-group has-global-padding is-layout-constrained wp-block-group-is-layout-constrained\">\n<h1 class=\"wp-block-heading has-text-align-center\" style=\"margin-bottom:8px\">Zenkit estreia \u201cProjects\u201d &#8211; Uma Nova Ferramenta Compreensiva de Gerenciamento de Tarefas para Empresas<\/h1>\n<\/div>\n\n\n\n<div class=\"wp-block-group has-global-padding is-layout-constrained wp-block-group-is-layout-constrained\">\n<p class=\"has-text-align-center subheading\">Aplicativo de gerenciamento de tarefas inovador e altamente personaliz\u00e1vel adicionado \u00e0 Zenkit Suite<\/p>\n<\/div>\n\n\n\n<div style=\"height:48px;--tablet-height:36px;--mobile-height:24px\" class=\"wp-block-lookeen-blocks-responsive-spacer\"><\/div>\n\n\n\n<div class=\"wp-block-group has-global-padding is-layout-constrained wp-block-group-is-layout-constrained\">\n<p class=\"has-text-align-center press__headline has-text-color has-link-color wp-elements-5318c5f9f4d5be10688ade9c52e80587\" style=\"color:#939393;font-size:24px;font-style:normal;font-weight:700;line-height:1.5\">08 de agosto de 2021 \u2013 Karlsruhe, Alemanha<\/p>\n<\/div>\n<\/div>\n\n\n\n<div style=\"height:88px;--tablet-height:72px;--mobile-height:40px\" class=\"wp-block-lookeen-blocks-responsive-spacer\"><\/div>\n<\/div>\n\n\n\n<div class=\"wp-block-group has-global-padding is-layout-constrained wp-block-group-is-layout-constrained\">\n<div class=\"wp-block-columns is-layout-flex wp-container-core-columns-is-layout-b8d659ec wp-block-columns-is-layout-flex\">\n<div class=\"wp-block-column is-layout-flow wp-block-column-is-layout-flow\">\n<p class=\"has-da-grey-2-color has-text-color has-link-color wp-elements-82fd8c3c5d574efbd9c902100221b804\">Axonic, a empresa fabricante por tr\u00e1s do conjunto de aplicativos de tarefas e conversa de Zenkit anuncia hoje o lan\u00e7amento de \u201cProjects\u201d, o quinto produto a se juntar \u00e0 crescente lista de outras ferramentas populares de produtividade e colabora\u00e7\u00e3o utilizadas por consumidores e empresas. \u201cProjects\u201d prov\u00ea times conectados e ambientes de trabalho com um conjunto abrangente de recursos que ajudam a gerenciar e economizar tempo, cumprir prazos, delegar e rastrear tarefas para se manter dentro do cronograma e evitar a perda de informa\u00e7\u00f5es e trabalho feito.<\/p>\n\n\n\n<p class=\"has-da-grey-2-color has-text-color has-link-color wp-elements-a17d3edc5c70ec8ccc46e1cfb3e4fabf\">Constru\u00eddo a partir de Zenkit Base, o primeiro dos aplicativos da Axonic que fornece uma plataforma de transforma\u00e7\u00e3o digital, \u201cProjects\u201d est\u00e1 ajudando os ambientes de trabalho a evitar empecilhos e comunica\u00e7\u00e3o ineficiente entre departamentos, que impedem a colabora\u00e7\u00e3o necess\u00e1ria para a prosperidade das empresas. \u201cProjects\u201d \u00e9 um software projetado puramente para melhorar o gerenciamento de projetos. Os usu\u00e1rios podem personalizar seus pain\u00e9is de controle e gerenciar projetos usando uma variedade de metodologias, sejam elas Agile, Kanban ou Waterfall \u2013 bem como alternar rapidamente entre essas ferramentas a qualquer momento. Ele \u00e9 projetado para facilitar o uso, com poderosos recursos de ponta que permitem aos usu\u00e1rios rapidamente analisar e melhorar projetos e processos, al\u00e9m de focar na finaliza\u00e7\u00e3o de tarefas importantes.<\/p>\n<\/div>\n\n\n\n<div class=\"wp-block-column is-layout-flow wp-block-column-is-layout-flow\">\n<p class=\"has-da-grey-1-color has-text-color has-link-color wp-elements-d05f214cda4e5af871378bc6b73ee148\">\u201cNesses 5 anos desde que lan\u00e7amos Zenkit, tivemos o privil\u00e9gio de aprender muito sobre gerenciamento de projetos. Estamos orgulhosos de dizer que Projects \u00e9 o compromisso perfeito entre simplicidade e funcionalidade\u201d, diz Martin Welker, CEO da Axonic. \u201cProjects\u201d foi constru\u00eddo para oferecer funcionalidades profissionais de alto n\u00edvel, mas tamb\u00e9m uma experi\u00eancia leve para ajudar a tornar a entrega de projetos mais simples. Equipes ter\u00e3o uma melhor vis\u00e3o geral do desempenho de v\u00e1rios projetos no caso de executarem v\u00e1rias iniciativas ao mesmo tempo \u2013 para planejamento, execu\u00e7\u00e3o e cumprimento de metas e marcos de neg\u00f3cios\u201d.<\/p>\n<\/div>\n<\/div>\n\n\n\n<div style=\"height:88px;--tablet-height:72px;--mobile-height:40px\" class=\"wp-block-lookeen-blocks-responsive-spacer\"><\/div>\n<\/div>\n\n\n\n<div class=\"wp-block-group has-global-padding is-layout-constrained wp-block-group-is-layout-constrained\">\n<div style=\"height:45px;--tablet-height:45px;--mobile-height:16px\" class=\"wp-block-lookeen-blocks-responsive-spacer\"><\/div>\n\n\n\n<h2 class=\"wp-block-heading has-text-align-center\" style=\"margin-bottom:0px\">Projects vem com recursos \u00fanicos e melhoras incluindo:<\/h2>\n\n\n\n<div style=\"height:48px;--tablet-height:36px;--mobile-height:24px\" class=\"wp-block-lookeen-blocks-responsive-spacer\"><\/div>\n\n\n\n<div class=\"wp-block-group has-global-padding is-layout-constrained wp-block-group-is-layout-constrained\">\n<div class=\"wp-block-columns is-layout-flex wp-container-core-columns-is-layout-28f84493 wp-block-columns-is-layout-flex\">\n<div class=\"wp-block-column is-layout-flow wp-block-column-is-layout-flow\">\n<ul class=\"wp-block-list list__with-checkmark-blue-and-underline\">\n<li>Um painel din\u00e2mico exibindo tarefas tanto pessoais como de equipe e o progresso em todos os projetos.<\/li>\n\n\n\n<li>Vis\u00f5es globais inteligentes: Quadro Kanban, lista de tarefas, visualiza\u00e7\u00e3o modo calend\u00e1rio e agendas di\u00e1rias e semanais<\/li>\n\n\n\n<li>Um planejador global de recursos para gerenciar cargas de trabalho entre projetos.<\/li>\n\n\n\n<li>Planejamento e gest\u00e3o de recursos em gr\u00e1ficos de Gantt.<\/li>\n<\/ul>\n<\/div>\n\n\n\n<div class=\"wp-block-column is-layout-flow wp-block-column-is-layout-flow\">\n<ul class=\"wp-block-list list__with-checkmark-blue-and-underline\">\n<li>Agrupamento, classifica\u00e7\u00e3o e filtragem em vis\u00f5es e relat\u00f3rios globais.<\/li>\n\n\n\n<li>Relat\u00f3rios personalizados com mais de 720 op\u00e7\u00f5es de configura\u00e7\u00e3o diferentes.<\/li>\n\n\n\n<li>M\u00faltiplas formas de trabalhar com projetos, incluindo Gantt, Kanban, calend\u00e1rio e vis\u00f5es hier\u00e1rquicas.<\/li>\n<\/ul>\n<\/div>\n<\/div>\n<\/div>\n\n\n\n<div style=\"height:88px;--tablet-height:72px;--mobile-height:40px\" class=\"wp-block-lookeen-blocks-responsive-spacer\"><\/div>\n\n\n\n<div class=\"wp-block-group has-global-padding is-layout-constrained wp-container-core-group-is-layout-7cc94c3e wp-block-group-is-layout-constrained\">\n<div class=\"wp-block-group has-global-padding is-layout-constrained wp-block-group-is-layout-constrained\">\n<p class=\"has-text-align-center has-da-grey-2-color has-text-color has-link-color wp-elements-d0f806da49ded354c631264627650159\">Como em todos os produtos de Zenkit Suite, \u201cProjects\u201d, est\u00e1 pronto para empresas e de acordo com a LGPD. Para aprender mais sobre Projects, por favor visite\u00a0<a href=\"https:\/\/zenkit.com\/pt-br\/projects\/\" target=\"_blank\" rel=\"noreferrer noopener\">https:\/\/zenkit.com\/projects<\/a>. Para utilizar os aplicativos projects, visite:\u00a0<a href=\"https:\/\/projects.zenkit.com\/\" target=\"_blank\" rel=\"noreferrer noopener\">web<\/a>, ou baixe para\u00a0<a href=\"https:\/\/apps.apple.com\/app\/id1575193611\" target=\"_blank\" rel=\"noreferrer noopener\">iOS<\/a>,\u00a0<a href=\"https:\/\/play.google.com\/store\/apps\/details?id=com.zenkit.projects\" target=\"_blank\" rel=\"noreferrer noopener\">Android<\/a>,\u00a0<a href=\"https:\/\/zenkit.com\/projects\/platforms\/\" target=\"_blank\" rel=\"noreferrer noopener\">Mac, Windows, ou Linux<\/a>\u00a0ap\u00f3s o lan\u00e7amento.<\/p>\n<\/div>\n<\/div>\n<\/div>\n\n\n\n<div style=\"height:110px;--tablet-height:60px;--mobile-height:48px\" class=\"wp-block-lookeen-blocks-responsive-spacer\"><\/div>\n","protected":false},"excerpt":{"rendered":"<p>Zenkit estreia \u201cProjects\u201d &#8211; Uma Nova Ferramenta Compreensiva de Gerenciamento de Tarefas para Empresas Aplicativo de gerenciamento de tarefas inovador e altamente personaliz\u00e1vel adicionado \u00e0 Zenkit Suite 08 de agosto de 2021 \u2013 Karlsruhe, Alemanha Axonic, a empresa fabricante por tr\u00e1s do conjunto de aplicativos de tarefas e conversa de Zenkit anuncia hoje o lan\u00e7amento [&hellip;]<\/p>\n","protected":false},"author":30,"featured_media":0,"parent":61691,"menu_order":2,"comment_status":"closed","ping_status":"closed","template":"","meta":{"yasr_overall_rating":0,"yasr_post_is_review":"","yasr_auto_insert_disabled":"","yasr_review_type":"","footnotes":""},"class_list":["post-73739","page","type-page","status-publish","hentry"],"yoast_head":"<!-- This site is optimized with the Yoast SEO plugin v27.3 - https:\/\/yoast.com\/product\/yoast-seo-wordpress\/ -->\n<title>Zenkit Press Release | Zenkit<\/title>\n<meta name=\"robots\" content=\"index, follow, max-snippet:-1, max-image-preview:large, max-video-preview:-1\" \/>\n<link rel=\"canonical\" href=\"https:\/\/zenkit.com\/pt-br\/kit-de-imprensa\/zenkit-projects-press-release\/\" \/>\n<meta property=\"og:locale\" content=\"pt_BR\" \/>\n<meta property=\"og:type\" content=\"article\" \/>\n<meta property=\"og:title\" content=\"Zenkit Press Release | Zenkit\" \/>\n<meta property=\"og:description\" content=\"Zenkit estreia \u201cProjects\u201d &#8211; Uma Nova Ferramenta Compreensiva de Gerenciamento de Tarefas para Empresas Aplicativo de gerenciamento de tarefas inovador e altamente personaliz\u00e1vel adicionado \u00e0 Zenkit Suite 08 de agosto de 2021 \u2013 Karlsruhe, Alemanha Axonic, a empresa fabricante por tr\u00e1s do conjunto de aplicativos de tarefas e conversa de Zenkit anuncia hoje o lan\u00e7amento [&hellip;]\" \/>\n<meta property=\"og:url\" content=\"https:\/\/zenkit.com\/pt-br\/kit-de-imprensa\/zenkit-projects-press-release\/\" \/>\n<meta property=\"og:site_name\" content=\"Zenkit\" \/>\n<meta property=\"article:publisher\" content=\"https:\/\/www.facebook.com\/ZenkitHQ\" \/>\n<meta property=\"article:modified_time\" content=\"2025-09-08T21:47:54+00:00\" \/>\n<meta name=\"twitter:card\" content=\"summary_large_image\" \/>\n<meta name=\"twitter:site\" content=\"@ZenkitHQ\" \/>\n<meta name=\"twitter:label1\" content=\"Est. tempo de leitura\" \/>\n\t<meta name=\"twitter:data1\" content=\"3 minutos\" \/>\n<script type=\"application\/ld+json\" class=\"yoast-schema-graph\">{\"@context\":\"https:\\\/\\\/schema.org\",\"@graph\":[{\"@type\":\"WebPage\",\"@id\":\"https:\\\/\\\/zenkit.com\\\/pt-br\\\/kit-de-imprensa\\\/zenkit-projects-press-release\\\/\",\"url\":\"https:\\\/\\\/zenkit.com\\\/pt-br\\\/kit-de-imprensa\\\/zenkit-projects-press-release\\\/\",\"name\":\"Zenkit Press Release | Zenkit\",\"isPartOf\":{\"@id\":\"https:\\\/\\\/zenkit.com\\\/pt-br\\\/#website\"},\"datePublished\":\"2022-04-08T12:01:52+00:00\",\"dateModified\":\"2025-09-08T21:47:54+00:00\",\"breadcrumb\":{\"@id\":\"https:\\\/\\\/zenkit.com\\\/pt-br\\\/kit-de-imprensa\\\/zenkit-projects-press-release\\\/#breadcrumb\"},\"inLanguage\":\"pt-BR\",\"potentialAction\":[{\"@type\":\"ReadAction\",\"target\":[\"https:\\\/\\\/zenkit.com\\\/pt-br\\\/kit-de-imprensa\\\/zenkit-projects-press-release\\\/\"]}]},{\"@type\":\"BreadcrumbList\",\"@id\":\"https:\\\/\\\/zenkit.com\\\/pt-br\\\/kit-de-imprensa\\\/zenkit-projects-press-release\\\/#breadcrumb\",\"itemListElement\":[{\"@type\":\"ListItem\",\"position\":1,\"name\":\"Home\",\"item\":\"https:\\\/\\\/zenkit.com\\\/pt-br\\\/\"},{\"@type\":\"ListItem\",\"position\":2,\"name\":\"Kit de Imprensa\",\"item\":\"https:\\\/\\\/zenkit.com\\\/pt-br\\\/kit-de-imprensa\\\/\"},{\"@type\":\"ListItem\",\"position\":3,\"name\":\"Zenkit Projects Press Release\"}]},{\"@type\":\"WebSite\",\"@id\":\"https:\\\/\\\/zenkit.com\\\/pt-br\\\/#website\",\"url\":\"https:\\\/\\\/zenkit.com\\\/pt-br\\\/\",\"name\":\"Zenkit\",\"description\":\"Zenkit Tagline\",\"potentialAction\":[{\"@type\":\"SearchAction\",\"target\":{\"@type\":\"EntryPoint\",\"urlTemplate\":\"https:\\\/\\\/zenkit.com\\\/pt-br\\\/?s={search_term_string}\"},\"query-input\":{\"@type\":\"PropertyValueSpecification\",\"valueRequired\":true,\"valueName\":\"search_term_string\"}}],\"inLanguage\":\"pt-BR\"},false]}<\/script>\n<!-- \/ Yoast SEO plugin. -->","yoast_head_json":{"title":"Zenkit Press Release | Zenkit","robots":{"index":"index","follow":"follow","max-snippet":"max-snippet:-1","max-image-preview":"max-image-preview:large","max-video-preview":"max-video-preview:-1"},"canonical":"https:\/\/zenkit.com\/pt-br\/kit-de-imprensa\/zenkit-projects-press-release\/","og_locale":"pt_BR","og_type":"article","og_title":"Zenkit Press Release | Zenkit","og_description":"Zenkit estreia \u201cProjects\u201d &#8211; Uma Nova Ferramenta Compreensiva de Gerenciamento de Tarefas para Empresas Aplicativo de gerenciamento de tarefas inovador e altamente personaliz\u00e1vel adicionado \u00e0 Zenkit Suite 08 de agosto de 2021 \u2013 Karlsruhe, Alemanha Axonic, a empresa fabricante por tr\u00e1s do conjunto de aplicativos de tarefas e conversa de Zenkit anuncia hoje o lan\u00e7amento [&hellip;]","og_url":"https:\/\/zenkit.com\/pt-br\/kit-de-imprensa\/zenkit-projects-press-release\/","og_site_name":"Zenkit","article_publisher":"https:\/\/www.facebook.com\/ZenkitHQ","article_modified_time":"2025-09-08T21:47:54+00:00","twitter_card":"summary_large_image","twitter_site":"@ZenkitHQ","twitter_misc":{"Est. tempo de leitura":"3 minutos"},"schema":{"@context":"https:\/\/schema.org","@graph":[{"@type":"WebPage","@id":"https:\/\/zenkit.com\/pt-br\/kit-de-imprensa\/zenkit-projects-press-release\/","url":"https:\/\/zenkit.com\/pt-br\/kit-de-imprensa\/zenkit-projects-press-release\/","name":"Zenkit Press Release | Zenkit","isPartOf":{"@id":"https:\/\/zenkit.com\/pt-br\/#website"},"datePublished":"2022-04-08T12:01:52+00:00","dateModified":"2025-09-08T21:47:54+00:00","breadcrumb":{"@id":"https:\/\/zenkit.com\/pt-br\/kit-de-imprensa\/zenkit-projects-press-release\/#breadcrumb"},"inLanguage":"pt-BR","potentialAction":[{"@type":"ReadAction","target":["https:\/\/zenkit.com\/pt-br\/kit-de-imprensa\/zenkit-projects-press-release\/"]}]},{"@type":"BreadcrumbList","@id":"https:\/\/zenkit.com\/pt-br\/kit-de-imprensa\/zenkit-projects-press-release\/#breadcrumb","itemListElement":[{"@type":"ListItem","position":1,"name":"Home","item":"https:\/\/zenkit.com\/pt-br\/"},{"@type":"ListItem","position":2,"name":"Kit de Imprensa","item":"https:\/\/zenkit.com\/pt-br\/kit-de-imprensa\/"},{"@type":"ListItem","position":3,"name":"Zenkit Projects Press Release"}]},{"@type":"WebSite","@id":"https:\/\/zenkit.com\/pt-br\/#website","url":"https:\/\/zenkit.com\/pt-br\/","name":"Zenkit","description":"Zenkit Tagline","potentialAction":[{"@type":"SearchAction","target":{"@type":"EntryPoint","urlTemplate":"https:\/\/zenkit.com\/pt-br\/?s={search_term_string}"},"query-input":{"@type":"PropertyValueSpecification","valueRequired":true,"valueName":"search_term_string"}}],"inLanguage":"pt-BR"},false]}},"yasr_visitor_votes":{"stars_attributes":{"read_only":false,"span_bottom":false},"number_of_votes":0,"sum_votes":0},"_links":{"self":[{"href":"https:\/\/zenkit.com\/pt-br\/wp-json\/wp\/v2\/pages\/73739","targetHints":{"allow":["GET"]}}],"collection":[{"href":"https:\/\/zenkit.com\/pt-br\/wp-json\/wp\/v2\/pages"}],"about":[{"href":"https:\/\/zenkit.com\/pt-br\/wp-json\/wp\/v2\/types\/page"}],"author":[{"embeddable":true,"href":"https:\/\/zenkit.com\/pt-br\/wp-json\/wp\/v2\/users\/30"}],"replies":[{"embeddable":true,"href":"https:\/\/zenkit.com\/pt-br\/wp-json\/wp\/v2\/comments?post=73739"}],"version-history":[{"count":3,"href":"https:\/\/zenkit.com\/pt-br\/wp-json\/wp\/v2\/pages\/73739\/revisions"}],"predecessor-version":[{"id":138879,"href":"https:\/\/zenkit.com\/pt-br\/wp-json\/wp\/v2\/pages\/73739\/revisions\/138879"}],"up":[{"embeddable":true,"href":"https:\/\/zenkit.com\/pt-br\/wp-json\/wp\/v2\/pages\/61691"}],"wp:attachment":[{"href":"https:\/\/zenkit.com\/pt-br\/wp-json\/wp\/v2\/media?parent=73739"}],"curies":[{"name":"wp","href":"https:\/\/api.w.org\/{rel}","templated":true}]}}