{"id":74234,"date":"2022-04-08T15:16:06","date_gmt":"2022-04-08T13:16:06","guid":{"rendered":"https:\/\/zenkit.com\/kit-de-imprensa\/zenforms-press-release\/"},"modified":"2025-09-08T17:51:37","modified_gmt":"2025-09-08T15:51:37","slug":"zenforms-press-release","status":"publish","type":"page","link":"https:\/\/zenkit.com\/pt-br\/kit-de-imprensa\/zenforms-press-release\/","title":{"rendered":"Zenforms Press Release"},"content":{"rendered":"\n<div class=\"wp-block-group has-global-padding is-layout-constrained wp-block-group-is-layout-constrained\">\n<div class=\"wp-block-group width--950 has-global-padding is-layout-constrained wp-block-group-is-layout-constrained\">\n<div style=\"height:45px;--tablet-height:45px;--mobile-height:16px\" class=\"wp-block-lookeen-blocks-responsive-spacer\"><\/div>\n\n\n\n<div class=\"wp-block-group has-global-padding is-layout-constrained wp-block-group-is-layout-constrained\">\n<h1 class=\"wp-block-heading has-text-align-center\" style=\"margin-bottom:8px\">Aplicativo de gerenciamento de projetos inovador e adapt\u00e1vel \u00e9 adicionado \u00e0 Zenkit Suite<\/h1>\n<\/div>\n\n\n\n<div class=\"wp-block-group has-global-padding is-layout-constrained wp-block-group-is-layout-constrained\">\n<p class=\"has-text-align-center subheading\">O time Zenkit desenvolve um aplicativo de formul\u00e1rios web criativo e engajador para melhorar a cole\u00e7\u00e3o de dados sem a necessidade de c\u00f3digos<\/p>\n<\/div>\n\n\n\n<div style=\"height:48px;--tablet-height:36px;--mobile-height:24px\" class=\"wp-block-lookeen-blocks-responsive-spacer\"><\/div>\n\n\n\n<div class=\"wp-block-group has-global-padding is-layout-constrained wp-block-group-is-layout-constrained\">\n<p class=\"has-text-align-center press__headline has-text-color has-link-color wp-elements-c3a5464a46f630d89634ac0a107cbe51\" style=\"color:#939393;font-size:24px;font-style:normal;font-weight:700;line-height:1.5\">3 de mar\u00e7o de 2022 \u2013 Karlsruhe, Alemanha<\/p>\n<\/div>\n<\/div>\n\n\n\n<div style=\"height:88px;--tablet-height:72px;--mobile-height:40px\" class=\"wp-block-lookeen-blocks-responsive-spacer\"><\/div>\n<\/div>\n\n\n\n<div class=\"wp-block-group has-global-padding is-layout-constrained wp-block-group-is-layout-constrained\">\n<div class=\"wp-block-columns is-layout-flex wp-container-core-columns-is-layout-b8d659ec wp-block-columns-is-layout-flex\">\n<div class=\"wp-block-column is-layout-flow wp-block-column-is-layout-flow\">\n<p class=\"has-da-grey-2-color has-text-color has-link-color wp-elements-a4346da3f7ac41c1469908d3cfd103b4\">A equipe Zenkit tem o orgulho de anunciar o lan\u00e7amento de \u201cZenforms\u201d, o sexto aplicativo de produtividade integrante da Zenkit Suite. \u201cZenforms\u201d oferece aos usu\u00e1rios uma forma din\u00e2mica de se conectar \u00e0 outros com a ajuda da cria\u00e7\u00e3o de formul\u00e1rios, pesquisas e question\u00e1rios. Com uma lista de recursos \u00fateis, incluindo verifica\u00e7\u00e3o de dados duplicados e recursos de agendamento, Zenforms \u00e9 o pr\u00f3ximo passo na conex\u00e3o entre equipes e as pessoas que mais importam para elas.<\/p>\n\n\n\n<p class=\"has-da-grey-2-color has-text-color has-link-color wp-elements-0ab6864b14ea3c037180f663e0cd0544\">Zenforms vai al\u00e9m da simples coleta de feedback para permitir que empresas se conectem com seus funcion\u00e1rios em um n\u00edvel mais pessoal. Comunica\u00e7\u00e3o empresarial tem sido uma das \u00e1reas mais dif\u00edceis de gerenciar para empresas durante a pandemia, desde que o trabalho remoto assumiu rapidamente controle. A pandemia, de acordo com&nbsp;<a href=\"https:\/\/www.researchgate.net\/publication\/349546057_Business_Communication_and_COVID-19\" target=\"_blank\" rel=\"noreferrer noopener\">Geert Jacobs<\/a>, destacou a necessidade de \u201ccomunica\u00e7\u00e3o transparente, concisa e clara\u201d. Empresas podem usar Zenforms para aprender sobre os verdadeiros sentimentos de seus funcion\u00e1rios, e os funcion\u00e1rios s\u00e3o mais propensos a compartilhar seus pensamentos quando sabem que podem responder anonimamente. Como resultado, Zenforms se torna a ferramenta ideal de combate a problemas de&nbsp;<a href=\"https:\/\/zenkit.com\/blog\/how-to-support-anxious-employees\/\" target=\"_blank\" rel=\"noreferrer noopener\">sa\u00fade mental&nbsp;<\/a>causados pelo isolamento, ao compartilhar conhecimentos inspiradores para entrega de solu\u00e7\u00f5es mais r\u00e1pidas e ao promover colabora\u00e7\u00f5es em equipe. Al\u00e9m disso, como estimado o Mercado de Colabora\u00e7\u00e3o Empresarial estima-se atingir&nbsp;<a href=\"https:\/\/www.marketsandmarkets.com\/PressReleases\/enterprise-collaboration.asp\" target=\"_blank\" rel=\"noreferrer noopener\">$85.8 bilh\u00f5es at\u00e9 2026,<\/a>&nbsp;em que a import\u00e2ncia de se conectar com aqueles que importam n\u00e3o pode ser subestimada.<\/p>\n<\/div>\n\n\n\n<div class=\"wp-block-column is-layout-flow wp-block-column-is-layout-flow\">\n<p class=\"has-da-grey-1-color has-text-color has-link-color wp-elements-2f35411ba8a4fb62a0f5802698d4f083\">De acordo com o CEO de Zenkit, Martin Welker, comunica\u00e7\u00e3o \u201ctransparente\u201d tamb\u00e9m se refere \u00e0 \u201ccomunica\u00e7\u00e3o segura\u201d e ele enfatiza a import\u00e2ncia de Zenforms ser compat\u00edvel com a LGPD da era digital: \u201cComo Zenforms pode ser enviado e usado por qualquer pessoa, \u00e9 fundamental que todos os envolvidos entendam como seus dados est\u00e3o sendo tratados\u201d.<\/p>\n\n\n\n<p class=\"has-da-grey-1-color has-text-color has-link-color wp-elements-0e191ee4ecbb82aa69c0caad7ca905a0\">Zenforms tamb\u00e9m melhora a rela\u00e7\u00e3o entre as empresas e seus clientes, proporcionando-lhes voz e agindo como um meio de conversa\u00e7\u00e3o. Formul\u00e1rios podem ser facilmente criados e compartilhados online (ou integrados em um website) a fim de obter vis\u00f5es valiosas sobre os desejos, necessidades e expectativas dos clientes. Empresas podem oferecer avan\u00e7os intencionais sem necessidade de programa\u00e7\u00e3o gra\u00e7as a alertas instant\u00e2neos, gerenciamento e an\u00e1lise pr\u00e1tica de dados, bem como a integra\u00e7\u00e3o profunda com outros produtos da Zenkit Suite.<\/p>\n<\/div>\n<\/div>\n\n\n\n<div style=\"height:88px;--tablet-height:72px;--mobile-height:40px\" class=\"wp-block-lookeen-blocks-responsive-spacer\"><\/div>\n<\/div>\n\n\n\n<div class=\"wp-block-group has-global-padding is-layout-constrained wp-block-group-is-layout-constrained\">\n<div style=\"height:45px;--tablet-height:45px;--mobile-height:16px\" class=\"wp-block-lookeen-blocks-responsive-spacer\"><\/div>\n\n\n\n<h2 class=\"wp-block-heading has-text-align-center\" style=\"margin-bottom:0px\">Martin Welker prossegue ao dizer que Zenforms tamb\u00e9m \u00e9 mais do que apenas um aplicativo de comunica\u00e7\u00e3o e colabora\u00e7\u00e3o e que funciona em conjunto com o resto da Zenkit Suite. Zenforms, assim como Suite, promove a produtividade e tem uma lista interessante de recursos para ajudar os usu\u00e1rios a conseguir esse objetivo por meio de:<\/h2>\n\n\n\n<div style=\"height:48px;--tablet-height:36px;--mobile-height:24px\" class=\"wp-block-lookeen-blocks-responsive-spacer\"><\/div>\n\n\n\n<div class=\"wp-block-group has-global-padding is-layout-constrained wp-block-group-is-layout-constrained\">\n<div class=\"wp-block-columns is-layout-flex wp-container-core-columns-is-layout-28f84493 wp-block-columns-is-layout-flex\">\n<div class=\"wp-block-column is-layout-flow wp-block-column-is-layout-flow\">\n<ul class=\"wp-block-list list__with-checkmark-blue-and-underline\">\n<li>Seguran\u00e7a de dados robusta de acordo com a LGPD<\/li>\n\n\n\n<li>Integra\u00e7\u00e3o com a Zenkit Suite, que compartilha de uma \u00fanica plataforma para prover intera\u00e7\u00e3o mais rica de dados e acesso a mais ferramentas e aplicativos de produtividade.<\/li>\n\n\n\n<li>9 controles de entrada diferentes, permitindo escolha de adi\u00e7\u00e3o de datas, desenhos, listas de verifica\u00e7\u00e3o, refer\u00eancias e mais!<\/li>\n\n\n\n<li>Pronto para uso m\u00f3vel, significando que se pode trabalhar em qualquer lugar.<\/li>\n\n\n\n<li>Cria\u00e7\u00e3o de formul\u00e1rios a partir de dados existentes na Zenkit Suite tais como suas Collections em Zenkit Base.<\/li>\n<\/ul>\n<\/div>\n\n\n\n<div class=\"wp-block-column is-layout-flow wp-block-column-is-layout-flow\">\n<ul class=\"wp-block-list list__with-checkmark-blue-and-underline\">\n<li>Listas filtradas para melhorar o rastreamento de dados.<\/li>\n\n\n\n<li>Suporte por e-mail para envio de formul\u00e1rios e pesquisas, bem como para recebimento de relat\u00f3rios instant\u00e2neos.<\/li>\n\n\n\n<li>Verifica\u00e7\u00e3o de dados duplicados para garantir que todos os dados sejam relevantes e coerentes, sem arriscar a confiabilidade dos dados coletados.<\/li>\n\n\n\n<li>Recursos de agendamento integrados.<\/li>\n\n\n\n<li>Subformul\u00e1rios com camadas extras de coleta e compartilhamento de dados.<\/li>\n<\/ul>\n<\/div>\n<\/div>\n<\/div>\n\n\n\n<div style=\"height:88px;--tablet-height:72px;--mobile-height:40px\" class=\"wp-block-lookeen-blocks-responsive-spacer\"><\/div>\n\n\n\n<div class=\"wp-block-group has-global-padding is-layout-constrained wp-container-core-group-is-layout-7cc94c3e wp-block-group-is-layout-constrained\">\n<div class=\"wp-block-group has-global-padding is-layout-constrained wp-block-group-is-layout-constrained\">\n<p class=\"has-text-align-center has-da-grey-2-color has-text-color has-link-color wp-elements-957a348af20e203573623af7879d895d\">Como todos os produtos da Zenkit Suite, \u201cZenforms\u201d est\u00e1 preparado para empresas e de acordo com a LGPD. Para saber mais sobre Zenforms, por favor visite\u00a0<a href=\"https:\/\/zenkit.com\/pt-br\/forms\/\" target=\"_blank\" rel=\"noreferrer noopener\">https:\/\/zenkit.com\/forms<\/a>. Para utilizar o aplicativo Zenforms visite a plataforma web ou baixe para iOS, Android, Mac, Windows ou Linux ap\u00f3s o lan\u00e7amento.<\/p>\n<\/div>\n\n\n\n<div style=\"height:88px;--tablet-height:72px;--mobile-height:40px\" class=\"wp-block-lookeen-blocks-responsive-spacer\"><\/div>\n\n\n\n<h3 class=\"wp-block-heading has-text-align-center\" style=\"margin-bottom:8px;font-style:normal;font-weight:700\"><strong><strong>Sobre Zenkit:<\/strong><\/strong><\/h3>\n\n\n\n<p class=\"has-text-align-center has-da-grey-2-color has-text-color has-link-color wp-elements-aa2bbaf07f3141d1a5af716523449814\">Zenkit \u00e9 uma startup formada sob Axonic GmbH, uma empresa alem\u00e3 fundada em 2003. A plataforma de gest\u00e3o de projetos e colabora\u00e7\u00e3o SaaS foi lan\u00e7ada em outubro de 2016. Zenforms, o sexto produto da Zenkit Suite, foi desenvolvido e lan\u00e7ado por Zenkit em Mar\u00e7o de 2022.<\/p>\n<\/div>\n<\/div>\n\n\n\n<div style=\"height:110px;--tablet-height:60px;--mobile-height:48px\" class=\"wp-block-lookeen-blocks-responsive-spacer\"><\/div>\n","protected":false},"excerpt":{"rendered":"<p>Aplicativo de gerenciamento de projetos inovador e adapt\u00e1vel \u00e9 adicionado \u00e0 Zenkit Suite O time Zenkit desenvolve um aplicativo de formul\u00e1rios web criativo e engajador para melhorar a cole\u00e7\u00e3o de dados sem a necessidade de c\u00f3digos 3 de mar\u00e7o de 2022 \u2013 Karlsruhe, Alemanha A equipe Zenkit tem o orgulho de anunciar o lan\u00e7amento de [&hellip;]<\/p>\n","protected":false},"author":30,"featured_media":0,"parent":61691,"menu_order":3,"comment_status":"closed","ping_status":"closed","template":"","meta":{"yasr_overall_rating":0,"yasr_post_is_review":"","yasr_auto_insert_disabled":"","yasr_review_type":"","footnotes":""},"class_list":["post-74234","page","type-page","status-publish","hentry"],"yoast_head":"<!-- This site is optimized with the Yoast SEO plugin v27.3 - https:\/\/yoast.com\/product\/yoast-seo-wordpress\/ -->\n<title>Zenforms Press Release | Zenkit<\/title>\n<meta name=\"robots\" content=\"index, follow, max-snippet:-1, max-image-preview:large, max-video-preview:-1\" \/>\n<link rel=\"canonical\" href=\"https:\/\/zenkit.com\/pt-br\/kit-de-imprensa\/zenforms-press-release\/\" \/>\n<meta property=\"og:locale\" content=\"pt_BR\" \/>\n<meta property=\"og:type\" content=\"article\" \/>\n<meta property=\"og:title\" content=\"Zenforms Press Release | Zenkit\" \/>\n<meta property=\"og:description\" content=\"Aplicativo de gerenciamento de projetos inovador e adapt\u00e1vel \u00e9 adicionado \u00e0 Zenkit Suite O time Zenkit desenvolve um aplicativo de formul\u00e1rios web criativo e engajador para melhorar a cole\u00e7\u00e3o de dados sem a necessidade de c\u00f3digos 3 de mar\u00e7o de 2022 \u2013 Karlsruhe, Alemanha A equipe Zenkit tem o orgulho de anunciar o lan\u00e7amento de [&hellip;]\" \/>\n<meta property=\"og:url\" content=\"https:\/\/zenkit.com\/pt-br\/kit-de-imprensa\/zenforms-press-release\/\" \/>\n<meta property=\"og:site_name\" content=\"Zenkit\" \/>\n<meta property=\"article:publisher\" content=\"https:\/\/www.facebook.com\/ZenkitHQ\" \/>\n<meta property=\"article:modified_time\" content=\"2025-09-08T15:51:37+00:00\" \/>\n<meta name=\"twitter:card\" content=\"summary_large_image\" \/>\n<meta name=\"twitter:site\" content=\"@ZenkitHQ\" \/>\n<meta name=\"twitter:label1\" content=\"Est. tempo de leitura\" \/>\n\t<meta name=\"twitter:data1\" content=\"4 minutos\" \/>\n<script type=\"application\/ld+json\" class=\"yoast-schema-graph\">{\"@context\":\"https:\\\/\\\/schema.org\",\"@graph\":[{\"@type\":\"WebPage\",\"@id\":\"https:\\\/\\\/zenkit.com\\\/pt-br\\\/kit-de-imprensa\\\/zenforms-press-release\\\/\",\"url\":\"https:\\\/\\\/zenkit.com\\\/pt-br\\\/kit-de-imprensa\\\/zenforms-press-release\\\/\",\"name\":\"Zenforms Press Release | Zenkit\",\"isPartOf\":{\"@id\":\"https:\\\/\\\/zenkit.com\\\/pt-br\\\/#website\"},\"datePublished\":\"2022-04-08T13:16:06+00:00\",\"dateModified\":\"2025-09-08T15:51:37+00:00\",\"breadcrumb\":{\"@id\":\"https:\\\/\\\/zenkit.com\\\/pt-br\\\/kit-de-imprensa\\\/zenforms-press-release\\\/#breadcrumb\"},\"inLanguage\":\"pt-BR\",\"potentialAction\":[{\"@type\":\"ReadAction\",\"target\":[\"https:\\\/\\\/zenkit.com\\\/pt-br\\\/kit-de-imprensa\\\/zenforms-press-release\\\/\"]}]},{\"@type\":\"BreadcrumbList\",\"@id\":\"https:\\\/\\\/zenkit.com\\\/pt-br\\\/kit-de-imprensa\\\/zenforms-press-release\\\/#breadcrumb\",\"itemListElement\":[{\"@type\":\"ListItem\",\"position\":1,\"name\":\"Home\",\"item\":\"https:\\\/\\\/zenkit.com\\\/pt-br\\\/\"},{\"@type\":\"ListItem\",\"position\":2,\"name\":\"Kit de Imprensa\",\"item\":\"https:\\\/\\\/zenkit.com\\\/pt-br\\\/kit-de-imprensa\\\/\"},{\"@type\":\"ListItem\",\"position\":3,\"name\":\"Zenforms Press Release\"}]},{\"@type\":\"WebSite\",\"@id\":\"https:\\\/\\\/zenkit.com\\\/pt-br\\\/#website\",\"url\":\"https:\\\/\\\/zenkit.com\\\/pt-br\\\/\",\"name\":\"Zenkit\",\"description\":\"Zenkit Tagline\",\"potentialAction\":[{\"@type\":\"SearchAction\",\"target\":{\"@type\":\"EntryPoint\",\"urlTemplate\":\"https:\\\/\\\/zenkit.com\\\/pt-br\\\/?s={search_term_string}\"},\"query-input\":{\"@type\":\"PropertyValueSpecification\",\"valueRequired\":true,\"valueName\":\"search_term_string\"}}],\"inLanguage\":\"pt-BR\"},false]}<\/script>\n<!-- \/ Yoast SEO plugin. -->","yoast_head_json":{"title":"Zenforms Press Release | Zenkit","robots":{"index":"index","follow":"follow","max-snippet":"max-snippet:-1","max-image-preview":"max-image-preview:large","max-video-preview":"max-video-preview:-1"},"canonical":"https:\/\/zenkit.com\/pt-br\/kit-de-imprensa\/zenforms-press-release\/","og_locale":"pt_BR","og_type":"article","og_title":"Zenforms Press Release | Zenkit","og_description":"Aplicativo de gerenciamento de projetos inovador e adapt\u00e1vel \u00e9 adicionado \u00e0 Zenkit Suite O time Zenkit desenvolve um aplicativo de formul\u00e1rios web criativo e engajador para melhorar a cole\u00e7\u00e3o de dados sem a necessidade de c\u00f3digos 3 de mar\u00e7o de 2022 \u2013 Karlsruhe, Alemanha A equipe Zenkit tem o orgulho de anunciar o lan\u00e7amento de [&hellip;]","og_url":"https:\/\/zenkit.com\/pt-br\/kit-de-imprensa\/zenforms-press-release\/","og_site_name":"Zenkit","article_publisher":"https:\/\/www.facebook.com\/ZenkitHQ","article_modified_time":"2025-09-08T15:51:37+00:00","twitter_card":"summary_large_image","twitter_site":"@ZenkitHQ","twitter_misc":{"Est. tempo de leitura":"4 minutos"},"schema":{"@context":"https:\/\/schema.org","@graph":[{"@type":"WebPage","@id":"https:\/\/zenkit.com\/pt-br\/kit-de-imprensa\/zenforms-press-release\/","url":"https:\/\/zenkit.com\/pt-br\/kit-de-imprensa\/zenforms-press-release\/","name":"Zenforms Press Release | Zenkit","isPartOf":{"@id":"https:\/\/zenkit.com\/pt-br\/#website"},"datePublished":"2022-04-08T13:16:06+00:00","dateModified":"2025-09-08T15:51:37+00:00","breadcrumb":{"@id":"https:\/\/zenkit.com\/pt-br\/kit-de-imprensa\/zenforms-press-release\/#breadcrumb"},"inLanguage":"pt-BR","potentialAction":[{"@type":"ReadAction","target":["https:\/\/zenkit.com\/pt-br\/kit-de-imprensa\/zenforms-press-release\/"]}]},{"@type":"BreadcrumbList","@id":"https:\/\/zenkit.com\/pt-br\/kit-de-imprensa\/zenforms-press-release\/#breadcrumb","itemListElement":[{"@type":"ListItem","position":1,"name":"Home","item":"https:\/\/zenkit.com\/pt-br\/"},{"@type":"ListItem","position":2,"name":"Kit de Imprensa","item":"https:\/\/zenkit.com\/pt-br\/kit-de-imprensa\/"},{"@type":"ListItem","position":3,"name":"Zenforms Press Release"}]},{"@type":"WebSite","@id":"https:\/\/zenkit.com\/pt-br\/#website","url":"https:\/\/zenkit.com\/pt-br\/","name":"Zenkit","description":"Zenkit Tagline","potentialAction":[{"@type":"SearchAction","target":{"@type":"EntryPoint","urlTemplate":"https:\/\/zenkit.com\/pt-br\/?s={search_term_string}"},"query-input":{"@type":"PropertyValueSpecification","valueRequired":true,"valueName":"search_term_string"}}],"inLanguage":"pt-BR"},false]}},"yasr_visitor_votes":{"stars_attributes":{"read_only":false,"span_bottom":false},"number_of_votes":0,"sum_votes":0},"_links":{"self":[{"href":"https:\/\/zenkit.com\/pt-br\/wp-json\/wp\/v2\/pages\/74234","targetHints":{"allow":["GET"]}}],"collection":[{"href":"https:\/\/zenkit.com\/pt-br\/wp-json\/wp\/v2\/pages"}],"about":[{"href":"https:\/\/zenkit.com\/pt-br\/wp-json\/wp\/v2\/types\/page"}],"author":[{"embeddable":true,"href":"https:\/\/zenkit.com\/pt-br\/wp-json\/wp\/v2\/users\/30"}],"replies":[{"embeddable":true,"href":"https:\/\/zenkit.com\/pt-br\/wp-json\/wp\/v2\/comments?post=74234"}],"version-history":[{"count":1,"href":"https:\/\/zenkit.com\/pt-br\/wp-json\/wp\/v2\/pages\/74234\/revisions"}],"predecessor-version":[{"id":138832,"href":"https:\/\/zenkit.com\/pt-br\/wp-json\/wp\/v2\/pages\/74234\/revisions\/138832"}],"up":[{"embeddable":true,"href":"https:\/\/zenkit.com\/pt-br\/wp-json\/wp\/v2\/pages\/61691"}],"wp:attachment":[{"href":"https:\/\/zenkit.com\/pt-br\/wp-json\/wp\/v2\/media?parent=74234"}],"curies":[{"name":"wp","href":"https:\/\/api.w.org\/{rel}","templated":true}]}}