{"id":144973,"date":"2021-12-22T16:48:13","date_gmt":"2021-12-22T15:48:13","guid":{"rendered":"https:\/\/zenkit.com\/integrationen\/box\/"},"modified":"2025-12-16T20:40:57","modified_gmt":"2025-12-16T19:40:57","slug":"box-zenkit","status":"publish","type":"page","link":"https:\/\/zenkit.com\/ru\/%d0%b8%d0%bd%d1%82%d0%b5%d0%b3%d1%80%d0%b0%d1%86%d0%b8%d1%8f_%d0%b4%d0%b0%d0%bd%d0%bd%d1%8b%d1%85\/box-zenkit\/","title":{"rendered":"Box"},"content":{"rendered":"\n<div style=\"height:45px;--tablet-height:45px;--mobile-height:16px\" class=\"wp-block-lookeen-blocks-responsive-spacer\"><\/div>\n\n\n\n<div class=\"wp-block-group has-global-padding is-layout-constrained wp-block-group-is-layout-constrained\">\n<div class=\"wp-block-columns is-layout-flex wp-container-core-columns-is-layout-467d341d wp-block-columns-is-layout-flex\" id=\"main__integrations\" style=\"margin-top:0px;margin-bottom:0px\">\n<div class=\"wp-block-column side__bar__integrations is-layout-flow wp-block-column-is-layout-flow\" style=\"flex-basis:23%\">\n<h2 class=\"wp-block-heading has-da-blue-color-new has-text-color has-link-color wp-elements-26b17b10206779d29672b2b690928649\" style=\"margin-top:0px;margin-bottom:0px;font-size:16px;line-height:1.5\">File Sharing Integrations<\/h2>\n\n\n<nav class=\"is-vertical integrations__menu wp-block-navigation is-layout-flex wp-container-core-navigation-is-layout-5f9f5280 wp-block-navigation-is-layout-flex\" aria-label=\"ru-integrations-file-sharing\"><ul class=\"wp-block-navigation__container  is-vertical integrations__menu wp-block-navigation\"><li class=\" wp-block-navigation-item wp-block-navigation-link\"><a class=\"wp-block-navigation-item__content\"  href=\"https:\/\/zenkit.com\/ru\/%D0%B8%D0%BD%D1%82%D0%B5%D0%B3%D1%80%D0%B0%D1%86%D0%B8%D1%8F_%D0%B4%D0%B0%D0%BD%D0%BD%D1%8B%D1%85\/box-zenkit\/\"><span class=\"wp-block-navigation-item__label\">Box<\/span><\/a><\/li><li class=\" wp-block-navigation-item wp-block-navigation-link\"><a class=\"wp-block-navigation-item__content\"  href=\"https:\/\/zenkit.com\/ru\/%D0%B8%D0%BD%D1%82%D0%B5%D0%B3%D1%80%D0%B0%D1%86%D0%B8%D1%8F_%D0%B4%D0%B0%D0%BD%D0%BD%D1%8B%D1%85\/dropbox-zenkit\/\"><span class=\"wp-block-navigation-item__label\">Dropbox<\/span><\/a><\/li><li class=\" wp-block-navigation-item wp-block-navigation-link\"><a class=\"wp-block-navigation-item__content\"  href=\"https:\/\/zenkit.com\/ru\/%D0%B8%D0%BD%D1%82%D0%B5%D0%B3%D1%80%D0%B0%D1%86%D0%B8%D1%8F_%D0%B4%D0%B0%D0%BD%D0%BD%D1%8B%D1%85\/googledrive-zenkit\/\"><span class=\"wp-block-navigation-item__label\">Google Drive<\/span><\/a><\/li><\/ul><\/nav><\/div>\n\n\n\n<div class=\"wp-block-column content__integrations is-layout-flow wp-block-column-is-layout-flow\" style=\"flex-basis:77%\">\n<div class=\"wp-block-group title is-layout-flex wp-container-core-group-is-layout-ed4b00df wp-block-group-is-layout-flex\">\n<figure class=\"wp-block-image size-full is-resized\"><img loading=\"lazy\" decoding=\"async\" width=\"625\" height=\"625\" src=\"https:\/\/zenkit.com\/wp-content\/uploads\/2025\/07\/box-logo.webp\" alt=\"\" class=\"wp-image-118321\" style=\"width:auto;height:46px\" srcset=\"https:\/\/zenkit.com\/wp-content\/uploads\/2025\/07\/box-logo.webp 625w, https:\/\/zenkit.com\/wp-content\/uploads\/2025\/07\/box-logo-300x300.webp 300w, https:\/\/zenkit.com\/wp-content\/uploads\/2025\/07\/box-logo-150x150.webp 150w\" sizes=\"auto, (max-width: 625px) 100vw, 625px\" \/><\/figure>\n\n\n\n<h1 class=\"wp-block-heading\">Box &amp; Zenkit<\/h1>\n<\/div>\n\n\n\n<div class=\"wp-block-group has-global-padding is-layout-constrained wp-block-group-is-layout-constrained\">\n<p>\u0414\u043b\u044f \u0431\u044b\u0441\u0442\u0440\u043e\u0433\u043e \u0438\u0441\u043f\u043e\u043b\u044c\u0437\u043e\u0432\u0430\u043d\u0438\u044f \u0444\u0430\u0439\u043b\u043e\u0432, \u0441\u043e\u0445\u0440\u0430\u043d\u0435\u043d\u043d\u044b\u0445 \u0432 \u0432\u0430\u0448\u0435\u043c Box \u0430\u043a\u043a\u0430\u0443\u043d\u0442\u0435, \u043d\u0430\u0441\u0442\u0440\u043e\u0439\u0442\u0435 \u0434\u043e\u0441\u0442\u0443\u043f \u043a \u043d\u0438\u043c \u043f\u0440\u044f\u043c\u043e \u0438\u0437 Zenkit.<\/p>\n<\/div>\n\n\n\n<div style=\"height:48px;--tablet-height:36px;--mobile-height:24px\" class=\"wp-block-lookeen-blocks-responsive-spacer\"><\/div>\n\n\n\n<div class=\"wp-block-group has-global-padding is-layout-constrained wp-container-core-group-is-layout-1026f38c wp-block-group-is-layout-constrained\">\n<figure class=\"wp-block-image size-full\" style=\"margin-top:0px;margin-bottom:0px\"><img loading=\"lazy\" decoding=\"async\" width=\"225\" height=\"360\" src=\"https:\/\/zenkit.com\/wp-content\/uploads\/2025\/07\/zenkit_press_screenshots.webp\" alt=\"\" class=\"wp-image-118333\" srcset=\"https:\/\/zenkit.com\/wp-content\/uploads\/2025\/07\/zenkit_press_screenshots.webp 225w, https:\/\/zenkit.com\/wp-content\/uploads\/2025\/07\/zenkit_press_screenshots-188x300.webp 188w\" sizes=\"auto, (max-width: 225px) 100vw, 225px\" \/><\/figure>\n\n\n\n<figure class=\"wp-block-image size-full\"><img loading=\"lazy\" decoding=\"async\" width=\"700\" height=\"505\" src=\"https:\/\/zenkit.com\/wp-content\/uploads\/2025\/07\/box_integration.webp\" alt=\"\" class=\"wp-image-118343\" srcset=\"https:\/\/zenkit.com\/wp-content\/uploads\/2025\/07\/box_integration.webp 700w, https:\/\/zenkit.com\/wp-content\/uploads\/2025\/07\/box_integration-300x216.webp 300w\" sizes=\"auto, (max-width: 700px) 100vw, 700px\" \/><\/figure>\n<\/div>\n\n\n\n<div style=\"height:48px;--tablet-height:36px;--mobile-height:24px\" class=\"wp-block-lookeen-blocks-responsive-spacer\"><\/div>\n\n\n\n<div class=\"wp-block-group has-global-padding is-layout-constrained wp-block-group-is-layout-constrained\">\n<h3 class=\"wp-block-heading display-h2\">\u0421\u0438\u043d\u0445\u0440\u043e\u043d\u0438\u0437\u0430\u0446\u0438\u044f Box \u0438 Zenkit<\/h3>\n\n\n\n<ol class=\"wp-block-list  list__style__position-inside\">\n<li>\u0421\u043e\u0437\u0434\u0430\u0439\u0442\u0435 \u0441\u0432\u043e\u0439<a href=\"https:\/\/www.box.com\/\">&nbsp;Box \u0430\u043a\u043a\u0430\u0443\u043d\u0442<\/a>.<\/li>\n\n\n\n<li>\u0412 collection Zenkit \u0441\u043e\u0437\u0434\u0430\u0439\u0442\u0435<a href=\"https:\/\/zenkit.com\/documentation#\/lists\/HJQBQ1Hw\/sections\/S1Kl95zA\/entries\/ryTBjcG0?_k=jn43tj\">&nbsp;\u043f\u0430\u043f\u043a\u0443<\/a>, \u0432 \u043a\u043e\u0442\u043e\u0440\u0443\u044e \u0412\u044b \u0445\u043e\u0442\u0438\u0442\u0435 \u043f\u0435\u0440\u0435\u043c\u0435\u0441\u0442\u0438\u0442\u044c \u0444\u0430\u0439\u043b\u044b.<\/li>\n\n\n\n<li>\u041d\u0430 \u043f\u0430\u043d\u0435\u043b\u0438 item, \u043a\u0443\u0434\u0430 \u0412\u044b \u0445\u043e\u0442\u0438\u0442\u0435 \u0434\u043e\u0431\u0430\u0432\u0438\u0442\u044c \u0444\u0430\u0439\u043b, \u0432\u044b\u0431\u0435\u0440\u0438\u0442\u0435 \u043a\u043e\u043c\u0430\u043d\u0434\u0443 \u00ab\u0414\u043e\u0431\u0430\u0432\u0438\u0442\u044c \u0444\u0430\u0439\u043b\u2026\u00bb.<\/li>\n\n\n\n<li>\u0418\u0437 \u0441\u043f\u0438\u0441\u043a\u0430 \u043f\u0430\u0440\u0430\u043c\u0435\u0442\u0440\u043e\u0432 \u0432 \u043f\u043e\u044f\u0432\u0438\u0432\u0448\u0435\u043c\u0441\u044f \u0434\u0438\u0430\u043b\u043e\u0433\u043e\u0432\u043e\u043c \u043e\u043a\u043d\u0435 \u0432\u044b\u0431\u0435\u0440\u0438\u0442\u0435 Box.<\/li>\n\n\n\n<li>\u0412\u044b\u0431\u0435\u0440\u0438\u0442\u0435 \u043d\u0443\u0436\u043d\u044b\u0439 \u0444\u0430\u0439\u043b \u0438\u0437 Box \u0438 \u043d\u0430\u0436\u043c\u0438\u0442\u0435 \u201c\u0412\u044b\u0431\u0440\u0430\u0442\u044c\u201d.<\/li>\n\n\n\n<li>\u0412\u044b\u0431\u0440\u0430\u043d\u043d\u044b\u0439 \u0444\u0430\u0439\u043b Box \u043f\u043e\u044f\u0432\u0438\u0442\u0441\u044f \u0432 \u0441\u043f\u0438\u0441\u043a\u0435 \u043f\u0440\u0438\u043a\u0440\u0435\u043f\u043b\u0435\u043d\u043d\u044b\u0445 \u0444\u0430\u0439\u043b\u043e\u0432 \u044d\u043b\u0435\u043c\u0435\u043d\u0442\u0430.<\/li>\n<\/ol>\n<\/div>\n\n\n\n<div style=\"height:48px;--tablet-height:36px;--mobile-height:24px\" class=\"wp-block-lookeen-blocks-responsive-spacer\"><\/div>\n\n\n\n<div class=\"wp-block-group has-global-padding is-layout-constrained wp-block-group-is-layout-constrained\">\n<h3 class=\"wp-block-heading display-h2\">\u0421\u043b\u0443\u0436\u0431\u0430 \u043f\u043e\u0434\u0434\u0435\u0440\u0436\u043a\u0438<\/h3>\n\n\n\n<p>\u042d\u0442\u0430 \u0438\u043d\u0442\u0435\u0433\u0440\u0430\u0446\u0438\u044f \u043f\u043e\u0434\u0434\u0435\u0440\u0436\u0438\u0432\u0430\u0435\u0442\u0441\u044f Zenkit. \u0415\u0441\u043b\u0438 \u0443 \u0412\u0430\u0441 \u0432\u043e\u0437\u043d\u0438\u043a\u043b\u0438 \u043f\u0440\u043e\u0431\u043b\u0435\u043c\u044b, \u043f\u043e\u0436\u0430\u043b\u0443\u0439\u0441\u0442\u0430, <a href=\"https:\/\/zenkit.com\/ru\/contact\/\">\u0441\u0432\u044f\u0436\u0438\u0442\u0435\u0441\u044c \u0441 \u043d\u0430\u043c\u0438<\/a>.<\/p>\n<\/div>\n<\/div>\n<\/div>\n<\/div>\n\n\n\n<div style=\"height:110px;--tablet-height:60px;--mobile-height:48px\" class=\"wp-block-lookeen-blocks-responsive-spacer\"><\/div>\n","protected":false},"excerpt":{"rendered":"<p>File Sharing Integrations Box &amp; Zenkit \u0414\u043b\u044f \u0431\u044b\u0441\u0442\u0440\u043e\u0433\u043e \u0438\u0441\u043f\u043e\u043b\u044c\u0437\u043e\u0432\u0430\u043d\u0438\u044f \u0444\u0430\u0439\u043b\u043e\u0432, \u0441\u043e\u0445\u0440\u0430\u043d\u0435\u043d\u043d\u044b\u0445 \u0432 \u0432\u0430\u0448\u0435\u043c Box \u0430\u043a\u043a\u0430\u0443\u043d\u0442\u0435, \u043d\u0430\u0441\u0442\u0440\u043e\u0439\u0442\u0435 \u0434\u043e\u0441\u0442\u0443\u043f \u043a \u043d\u0438\u043c \u043f\u0440\u044f\u043c\u043e \u0438\u0437 Zenkit. \u0421\u0438\u043d\u0445\u0440\u043e\u043d\u0438\u0437\u0430\u0446\u0438\u044f Box \u0438 Zenkit \u0421\u043b\u0443\u0436\u0431\u0430 \u043f\u043e\u0434\u0434\u0435\u0440\u0436\u043a\u0438 \u042d\u0442\u0430 \u0438\u043d\u0442\u0435\u0433\u0440\u0430\u0446\u0438\u044f \u043f\u043e\u0434\u0434\u0435\u0440\u0436\u0438\u0432\u0430\u0435\u0442\u0441\u044f Zenkit. \u0415\u0441\u043b\u0438 \u0443 \u0412\u0430\u0441 \u0432\u043e\u0437\u043d\u0438\u043a\u043b\u0438 \u043f\u0440\u043e\u0431\u043b\u0435\u043c\u044b, \u043f\u043e\u0436\u0430\u043b\u0443\u0439\u0441\u0442\u0430, \u0441\u0432\u044f\u0436\u0438\u0442\u0435\u0441\u044c \u0441 \u043d\u0430\u043c\u0438.<\/p>\n","protected":false},"author":15,"featured_media":0,"parent":144957,"menu_order":11,"comment_status":"closed","ping_status":"closed","template":"","meta":{"yasr_overall_rating":0,"yasr_post_is_review":"","yasr_auto_insert_disabled":"","yasr_review_type":"","footnotes":""},"class_list":["post-144973","page","type-page","status-publish","hentry"],"yoast_head":"<!-- This site is optimized with the Yoast SEO plugin v27.3 - https:\/\/yoast.com\/product\/yoast-seo-wordpress\/ -->\n<title>Box + Zenkit Projects: Dateien zu Aufgaben hinzuf\u00fcgen<\/title>\n<meta name=\"description\" content=\"Sie m\u00f6chten Ihre Daten von Box automatisch f\u00fcr weitere Aufgaben verwenden? Erfahren Sie jetzt mehr \u00fcber die Integration von Box und Zenkit Projects.\" \/>\n<meta name=\"robots\" content=\"index, follow, max-snippet:-1, max-image-preview:large, max-video-preview:-1\" \/>\n<link rel=\"canonical\" href=\"https:\/\/zenkit.com\/ru\/%d0%b8%d0%bd%d1%82%d0%b5%d0%b3%d1%80%d0%b0%d1%86%d0%b8%d1%8f_%d0%b4%d0%b0%d0%bd%d0%bd%d1%8b%d1%85\/box-zenkit\/\" \/>\n<meta property=\"og:locale\" content=\"ru_RU\" \/>\n<meta property=\"og:type\" content=\"article\" \/>\n<meta property=\"og:title\" content=\"Box + Zenkit Projects: Dateien zu Aufgaben hinzuf\u00fcgen\" \/>\n<meta property=\"og:description\" content=\"Sie m\u00f6chten Ihre Daten von Box automatisch f\u00fcr weitere Aufgaben verwenden? Erfahren Sie jetzt mehr \u00fcber die Integration von Box und Zenkit Projects.\" \/>\n<meta property=\"og:url\" content=\"https:\/\/zenkit.com\/ru\/%d0%b8%d0%bd%d1%82%d0%b5%d0%b3%d1%80%d0%b0%d1%86%d0%b8%d1%8f_%d0%b4%d0%b0%d0%bd%d0%bd%d1%8b%d1%85\/box-zenkit\/\" \/>\n<meta property=\"og:site_name\" content=\"Zenkit\" \/>\n<meta property=\"article:publisher\" content=\"https:\/\/www.facebook.com\/ZenkitHQ\" \/>\n<meta property=\"article:modified_time\" content=\"2025-12-16T19:40:57+00:00\" \/>\n<meta property=\"og:image\" content=\"https:\/\/zenkit.com\/wp-content\/uploads\/2025\/07\/box-logo.webp\" \/>\n\t<meta property=\"og:image:width\" content=\"625\" \/>\n\t<meta property=\"og:image:height\" content=\"625\" \/>\n\t<meta property=\"og:image:type\" content=\"image\/webp\" \/>\n<meta name=\"twitter:card\" content=\"summary_large_image\" \/>\n<meta name=\"twitter:site\" content=\"@ZenkitHQ\" \/>\n<meta name=\"twitter:label1\" content=\"\u041f\u0440\u0438\u043c\u0435\u0440\u043d\u043e\u0435 \u0432\u0440\u0435\u043c\u044f \u0434\u043b\u044f \u0447\u0442\u0435\u043d\u0438\u044f\" \/>\n\t<meta name=\"twitter:data1\" content=\"5 \u043c\u0438\u043d\u0443\u0442\" \/>\n<script type=\"application\/ld+json\" class=\"yoast-schema-graph\">{\"@context\":\"https:\\\/\\\/schema.org\",\"@graph\":[{\"@type\":\"WebPage\",\"@id\":\"https:\\\/\\\/zenkit.com\\\/ru\\\/%d0%b8%d0%bd%d1%82%d0%b5%d0%b3%d1%80%d0%b0%d1%86%d0%b8%d1%8f_%d0%b4%d0%b0%d0%bd%d0%bd%d1%8b%d1%85\\\/box-zenkit\\\/\",\"url\":\"https:\\\/\\\/zenkit.com\\\/ru\\\/%d0%b8%d0%bd%d1%82%d0%b5%d0%b3%d1%80%d0%b0%d1%86%d0%b8%d1%8f_%d0%b4%d0%b0%d0%bd%d0%bd%d1%8b%d1%85\\\/box-zenkit\\\/\",\"name\":\"Box + Zenkit Projects: Dateien zu Aufgaben hinzuf\u00fcgen\",\"isPartOf\":{\"@id\":\"https:\\\/\\\/zenkit.com\\\/ru\\\/#website\"},\"primaryImageOfPage\":{\"@id\":\"https:\\\/\\\/zenkit.com\\\/ru\\\/%d0%b8%d0%bd%d1%82%d0%b5%d0%b3%d1%80%d0%b0%d1%86%d0%b8%d1%8f_%d0%b4%d0%b0%d0%bd%d0%bd%d1%8b%d1%85\\\/box-zenkit\\\/#primaryimage\"},\"image\":{\"@id\":\"https:\\\/\\\/zenkit.com\\\/ru\\\/%d0%b8%d0%bd%d1%82%d0%b5%d0%b3%d1%80%d0%b0%d1%86%d0%b8%d1%8f_%d0%b4%d0%b0%d0%bd%d0%bd%d1%8b%d1%85\\\/box-zenkit\\\/#primaryimage\"},\"thumbnailUrl\":\"https:\\\/\\\/zenkit.com\\\/wp-content\\\/uploads\\\/2025\\\/07\\\/box-logo.webp\",\"datePublished\":\"2021-12-22T15:48:13+00:00\",\"dateModified\":\"2025-12-16T19:40:57+00:00\",\"description\":\"Sie m\u00f6chten Ihre Daten von Box automatisch f\u00fcr weitere Aufgaben verwenden? Erfahren Sie jetzt mehr \u00fcber die Integration von Box und Zenkit Projects.\",\"breadcrumb\":{\"@id\":\"https:\\\/\\\/zenkit.com\\\/ru\\\/%d0%b8%d0%bd%d1%82%d0%b5%d0%b3%d1%80%d0%b0%d1%86%d0%b8%d1%8f_%d0%b4%d0%b0%d0%bd%d0%bd%d1%8b%d1%85\\\/box-zenkit\\\/#breadcrumb\"},\"inLanguage\":\"ru-RU\",\"potentialAction\":[{\"@type\":\"ReadAction\",\"target\":[\"https:\\\/\\\/zenkit.com\\\/ru\\\/%d0%b8%d0%bd%d1%82%d0%b5%d0%b3%d1%80%d0%b0%d1%86%d0%b8%d1%8f_%d0%b4%d0%b0%d0%bd%d0%bd%d1%8b%d1%85\\\/box-zenkit\\\/\"]}]},{\"@type\":\"ImageObject\",\"inLanguage\":\"ru-RU\",\"@id\":\"https:\\\/\\\/zenkit.com\\\/ru\\\/%d0%b8%d0%bd%d1%82%d0%b5%d0%b3%d1%80%d0%b0%d1%86%d0%b8%d1%8f_%d0%b4%d0%b0%d0%bd%d0%bd%d1%8b%d1%85\\\/box-zenkit\\\/#primaryimage\",\"url\":\"https:\\\/\\\/zenkit.com\\\/wp-content\\\/uploads\\\/2025\\\/07\\\/box-logo.webp\",\"contentUrl\":\"https:\\\/\\\/zenkit.com\\\/wp-content\\\/uploads\\\/2025\\\/07\\\/box-logo.webp\"},{\"@type\":\"BreadcrumbList\",\"@id\":\"https:\\\/\\\/zenkit.com\\\/ru\\\/%d0%b8%d0%bd%d1%82%d0%b5%d0%b3%d1%80%d0%b0%d1%86%d0%b8%d1%8f_%d0%b4%d0%b0%d0%bd%d0%bd%d1%8b%d1%85\\\/box-zenkit\\\/#breadcrumb\",\"itemListElement\":[{\"@type\":\"ListItem\",\"position\":1,\"name\":\"Home\",\"item\":\"https:\\\/\\\/zenkit.com\\\/ru\\\/\"},{\"@type\":\"ListItem\",\"position\":2,\"name\":\"Integrationen\",\"item\":\"https:\\\/\\\/zenkit.com\\\/ru\\\/%d0%b8%d0%bd%d1%82%d0%b5%d0%b3%d1%80%d0%b0%d1%86%d0%b8%d1%8f_%d0%b4%d0%b0%d0%bd%d0%bd%d1%8b%d1%85\\\/\"},{\"@type\":\"ListItem\",\"position\":3,\"name\":\"Box\"}]},{\"@type\":\"WebSite\",\"@id\":\"https:\\\/\\\/zenkit.com\\\/ru\\\/#website\",\"url\":\"https:\\\/\\\/zenkit.com\\\/ru\\\/\",\"name\":\"Zenkit\",\"description\":\"Zenkit Tagline\",\"potentialAction\":[{\"@type\":\"SearchAction\",\"target\":{\"@type\":\"EntryPoint\",\"urlTemplate\":\"https:\\\/\\\/zenkit.com\\\/ru\\\/?s={search_term_string}\"},\"query-input\":{\"@type\":\"PropertyValueSpecification\",\"valueRequired\":true,\"valueName\":\"search_term_string\"}}],\"inLanguage\":\"ru-RU\"},false]}<\/script>\n<!-- \/ Yoast SEO plugin. -->","yoast_head_json":{"title":"Box + Zenkit Projects: Dateien zu Aufgaben hinzuf\u00fcgen","description":"Sie m\u00f6chten Ihre Daten von Box automatisch f\u00fcr weitere Aufgaben verwenden? Erfahren Sie jetzt mehr \u00fcber die Integration von Box und Zenkit Projects.","robots":{"index":"index","follow":"follow","max-snippet":"max-snippet:-1","max-image-preview":"max-image-preview:large","max-video-preview":"max-video-preview:-1"},"canonical":"https:\/\/zenkit.com\/ru\/%d0%b8%d0%bd%d1%82%d0%b5%d0%b3%d1%80%d0%b0%d1%86%d0%b8%d1%8f_%d0%b4%d0%b0%d0%bd%d0%bd%d1%8b%d1%85\/box-zenkit\/","og_locale":"ru_RU","og_type":"article","og_title":"Box + Zenkit Projects: Dateien zu Aufgaben hinzuf\u00fcgen","og_description":"Sie m\u00f6chten Ihre Daten von Box automatisch f\u00fcr weitere Aufgaben verwenden? Erfahren Sie jetzt mehr \u00fcber die Integration von Box und Zenkit Projects.","og_url":"https:\/\/zenkit.com\/ru\/%d0%b8%d0%bd%d1%82%d0%b5%d0%b3%d1%80%d0%b0%d1%86%d0%b8%d1%8f_%d0%b4%d0%b0%d0%bd%d0%bd%d1%8b%d1%85\/box-zenkit\/","og_site_name":"Zenkit","article_publisher":"https:\/\/www.facebook.com\/ZenkitHQ","article_modified_time":"2025-12-16T19:40:57+00:00","og_image":[{"width":625,"height":625,"url":"https:\/\/zenkit.com\/wp-content\/uploads\/2025\/07\/box-logo.webp","type":"image\/webp"}],"twitter_card":"summary_large_image","twitter_site":"@ZenkitHQ","twitter_misc":{"\u041f\u0440\u0438\u043c\u0435\u0440\u043d\u043e\u0435 \u0432\u0440\u0435\u043c\u044f \u0434\u043b\u044f \u0447\u0442\u0435\u043d\u0438\u044f":"5 \u043c\u0438\u043d\u0443\u0442"},"schema":{"@context":"https:\/\/schema.org","@graph":[{"@type":"WebPage","@id":"https:\/\/zenkit.com\/ru\/%d0%b8%d0%bd%d1%82%d0%b5%d0%b3%d1%80%d0%b0%d1%86%d0%b8%d1%8f_%d0%b4%d0%b0%d0%bd%d0%bd%d1%8b%d1%85\/box-zenkit\/","url":"https:\/\/zenkit.com\/ru\/%d0%b8%d0%bd%d1%82%d0%b5%d0%b3%d1%80%d0%b0%d1%86%d0%b8%d1%8f_%d0%b4%d0%b0%d0%bd%d0%bd%d1%8b%d1%85\/box-zenkit\/","name":"Box + Zenkit Projects: Dateien zu Aufgaben hinzuf\u00fcgen","isPartOf":{"@id":"https:\/\/zenkit.com\/ru\/#website"},"primaryImageOfPage":{"@id":"https:\/\/zenkit.com\/ru\/%d0%b8%d0%bd%d1%82%d0%b5%d0%b3%d1%80%d0%b0%d1%86%d0%b8%d1%8f_%d0%b4%d0%b0%d0%bd%d0%bd%d1%8b%d1%85\/box-zenkit\/#primaryimage"},"image":{"@id":"https:\/\/zenkit.com\/ru\/%d0%b8%d0%bd%d1%82%d0%b5%d0%b3%d1%80%d0%b0%d1%86%d0%b8%d1%8f_%d0%b4%d0%b0%d0%bd%d0%bd%d1%8b%d1%85\/box-zenkit\/#primaryimage"},"thumbnailUrl":"https:\/\/zenkit.com\/wp-content\/uploads\/2025\/07\/box-logo.webp","datePublished":"2021-12-22T15:48:13+00:00","dateModified":"2025-12-16T19:40:57+00:00","description":"Sie m\u00f6chten Ihre Daten von Box automatisch f\u00fcr weitere Aufgaben verwenden? Erfahren Sie jetzt mehr \u00fcber die Integration von Box und Zenkit Projects.","breadcrumb":{"@id":"https:\/\/zenkit.com\/ru\/%d0%b8%d0%bd%d1%82%d0%b5%d0%b3%d1%80%d0%b0%d1%86%d0%b8%d1%8f_%d0%b4%d0%b0%d0%bd%d0%bd%d1%8b%d1%85\/box-zenkit\/#breadcrumb"},"inLanguage":"ru-RU","potentialAction":[{"@type":"ReadAction","target":["https:\/\/zenkit.com\/ru\/%d0%b8%d0%bd%d1%82%d0%b5%d0%b3%d1%80%d0%b0%d1%86%d0%b8%d1%8f_%d0%b4%d0%b0%d0%bd%d0%bd%d1%8b%d1%85\/box-zenkit\/"]}]},{"@type":"ImageObject","inLanguage":"ru-RU","@id":"https:\/\/zenkit.com\/ru\/%d0%b8%d0%bd%d1%82%d0%b5%d0%b3%d1%80%d0%b0%d1%86%d0%b8%d1%8f_%d0%b4%d0%b0%d0%bd%d0%bd%d1%8b%d1%85\/box-zenkit\/#primaryimage","url":"https:\/\/zenkit.com\/wp-content\/uploads\/2025\/07\/box-logo.webp","contentUrl":"https:\/\/zenkit.com\/wp-content\/uploads\/2025\/07\/box-logo.webp"},{"@type":"BreadcrumbList","@id":"https:\/\/zenkit.com\/ru\/%d0%b8%d0%bd%d1%82%d0%b5%d0%b3%d1%80%d0%b0%d1%86%d0%b8%d1%8f_%d0%b4%d0%b0%d0%bd%d0%bd%d1%8b%d1%85\/box-zenkit\/#breadcrumb","itemListElement":[{"@type":"ListItem","position":1,"name":"Home","item":"https:\/\/zenkit.com\/ru\/"},{"@type":"ListItem","position":2,"name":"Integrationen","item":"https:\/\/zenkit.com\/ru\/%d0%b8%d0%bd%d1%82%d0%b5%d0%b3%d1%80%d0%b0%d1%86%d0%b8%d1%8f_%d0%b4%d0%b0%d0%bd%d0%bd%d1%8b%d1%85\/"},{"@type":"ListItem","position":3,"name":"Box"}]},{"@type":"WebSite","@id":"https:\/\/zenkit.com\/ru\/#website","url":"https:\/\/zenkit.com\/ru\/","name":"Zenkit","description":"Zenkit Tagline","potentialAction":[{"@type":"SearchAction","target":{"@type":"EntryPoint","urlTemplate":"https:\/\/zenkit.com\/ru\/?s={search_term_string}"},"query-input":{"@type":"PropertyValueSpecification","valueRequired":true,"valueName":"search_term_string"}}],"inLanguage":"ru-RU"},false]}},"yasr_visitor_votes":{"stars_attributes":{"read_only":false,"span_bottom":false},"number_of_votes":0,"sum_votes":0},"_links":{"self":[{"href":"https:\/\/zenkit.com\/ru\/wp-json\/wp\/v2\/pages\/144973","targetHints":{"allow":["GET"]}}],"collection":[{"href":"https:\/\/zenkit.com\/ru\/wp-json\/wp\/v2\/pages"}],"about":[{"href":"https:\/\/zenkit.com\/ru\/wp-json\/wp\/v2\/types\/page"}],"author":[{"embeddable":true,"href":"https:\/\/zenkit.com\/ru\/wp-json\/wp\/v2\/users\/15"}],"replies":[{"embeddable":true,"href":"https:\/\/zenkit.com\/ru\/wp-json\/wp\/v2\/comments?post=144973"}],"version-history":[{"count":5,"href":"https:\/\/zenkit.com\/ru\/wp-json\/wp\/v2\/pages\/144973\/revisions"}],"predecessor-version":[{"id":175215,"href":"https:\/\/zenkit.com\/ru\/wp-json\/wp\/v2\/pages\/144973\/revisions\/175215"}],"up":[{"embeddable":true,"href":"https:\/\/zenkit.com\/ru\/wp-json\/wp\/v2\/pages\/144957"}],"wp:attachment":[{"href":"https:\/\/zenkit.com\/ru\/wp-json\/wp\/v2\/media?parent=144973"}],"curies":[{"name":"wp","href":"https:\/\/api.w.org\/{rel}","templated":true}]}}