{"id":134026,"date":"2021-12-22T16:48:13","date_gmt":"2021-12-22T15:48:13","guid":{"rendered":"https:\/\/zenkit.com\/%e6%95%b4%e5%90%88\/box\/"},"modified":"2025-12-24T16:06:20","modified_gmt":"2025-12-24T15:06:20","slug":"box","status":"publish","type":"page","link":"https:\/\/zenkit.com\/zh-hant\/%e6%95%b4%e5%90%88\/box\/","title":{"rendered":"Box"},"content":{"rendered":"\n<div style=\"height:45px;--tablet-height:45px;--mobile-height:16px\" class=\"wp-block-lookeen-blocks-responsive-spacer\"><\/div>\n\n\n\n<div class=\"wp-block-group has-global-padding is-layout-constrained wp-block-group-is-layout-constrained\">\n<div class=\"wp-block-columns is-layout-flex wp-container-core-columns-is-layout-467d341d wp-block-columns-is-layout-flex\" id=\"main__integrations\" style=\"margin-top:0px;margin-bottom:0px\">\n<div class=\"wp-block-column side__bar__integrations is-layout-flow wp-block-column-is-layout-flow\" style=\"flex-basis:23%\">\n<h2 class=\"wp-block-heading has-da-blue-color-new has-text-color has-link-color wp-elements-d51a1f6c92e99c407cf30c89835691f0\" style=\"margin-top:0px;margin-bottom:0px;font-size:16px;line-height:1.5\">\u6587\u4ef6\u5171\u4eab\u6574\u5408<\/h2>\n\n\n<nav class=\"is-vertical integrations__menu wp-block-navigation is-layout-flex wp-container-core-navigation-is-layout-5f9f5280 wp-block-navigation-is-layout-flex\" aria-label=\"cn-integrations-file-sharing\"><ul class=\"wp-block-navigation__container  is-vertical integrations__menu wp-block-navigation\"><li class=\" wp-block-navigation-item wp-block-navigation-link\"><a class=\"wp-block-navigation-item__content\"  href=\"https:\/\/zenkit.com\/zh-hant\/%E6%95%B4%E5%90%88\/box\/\"><span class=\"wp-block-navigation-item__label\">Box<\/span><\/a><\/li><li class=\" wp-block-navigation-item wp-block-navigation-link\"><a class=\"wp-block-navigation-item__content\"  href=\"https:\/\/zenkit.com\/zh-hant\/%E6%95%B4%E5%90%88\/dropbox-zenkit\/\"><span class=\"wp-block-navigation-item__label\">Dropbox<\/span><\/a><\/li><li class=\" wp-block-navigation-item wp-block-navigation-link\"><a class=\"wp-block-navigation-item__content\"  href=\"https:\/\/zenkit.com\/zh-hant\/%E6%95%B4%E5%90%88\/googledrive-zenkit\/\"><span class=\"wp-block-navigation-item__label\">Google Drive<\/span><\/a><\/li><\/ul><\/nav><\/div>\n\n\n\n<div class=\"wp-block-column content__integrations is-layout-flow wp-block-column-is-layout-flow\" style=\"flex-basis:77%\">\n<div class=\"wp-block-group title is-layout-flex wp-container-core-group-is-layout-ed4b00df wp-block-group-is-layout-flex\">\n<figure class=\"wp-block-image size-full is-resized\"><img loading=\"lazy\" decoding=\"async\" width=\"625\" height=\"625\" src=\"https:\/\/zenkit.com\/wp-content\/uploads\/2025\/07\/box-logo.webp\" alt=\"\" class=\"wp-image-118321\" style=\"width:auto;height:46px\" srcset=\"https:\/\/zenkit.com\/wp-content\/uploads\/2025\/07\/box-logo.webp 625w, https:\/\/zenkit.com\/wp-content\/uploads\/2025\/07\/box-logo-300x300.webp 300w, https:\/\/zenkit.com\/wp-content\/uploads\/2025\/07\/box-logo-150x150.webp 150w\" sizes=\"auto, (max-width: 625px) 100vw, 625px\" \/><\/figure>\n\n\n\n<h1 class=\"wp-block-heading\">Box\u8207Zenkit<\/h1>\n<\/div>\n\n\n\n<div class=\"wp-block-group has-global-padding is-layout-constrained wp-block-group-is-layout-constrained\">\n<p>\u76f4\u63a5\u65bcZenkit\u5167\u958b\u555f\u60a8Box\u4e2d\u7684\u6587\u4ef6\uff0c\u4ee5\u4fbf\u5feb\u901f\u5c07\u5176\u9644\u52a0\u5230\u6a94\u6848\u4e2d\u3002<\/p>\n<\/div>\n\n\n\n<div style=\"height:48px;--tablet-height:36px;--mobile-height:24px\" class=\"wp-block-lookeen-blocks-responsive-spacer\"><\/div>\n\n\n\n<div class=\"wp-block-group has-global-padding is-layout-constrained wp-container-core-group-is-layout-1026f38c wp-block-group-is-layout-constrained\">\n<figure class=\"wp-block-image size-full\" style=\"margin-top:0px;margin-bottom:0px\"><img loading=\"lazy\" decoding=\"async\" width=\"225\" height=\"360\" src=\"https:\/\/zenkit.com\/wp-content\/uploads\/2025\/07\/zenkit_press_screenshots.webp\" alt=\"\" class=\"wp-image-118333\" srcset=\"https:\/\/zenkit.com\/wp-content\/uploads\/2025\/07\/zenkit_press_screenshots.webp 225w, https:\/\/zenkit.com\/wp-content\/uploads\/2025\/07\/zenkit_press_screenshots-188x300.webp 188w\" sizes=\"auto, (max-width: 225px) 100vw, 225px\" \/><\/figure>\n\n\n\n<figure class=\"wp-block-image size-full\"><img loading=\"lazy\" decoding=\"async\" width=\"700\" height=\"505\" src=\"https:\/\/zenkit.com\/wp-content\/uploads\/2025\/07\/box_integration.webp\" alt=\"\" class=\"wp-image-118343\" srcset=\"https:\/\/zenkit.com\/wp-content\/uploads\/2025\/07\/box_integration.webp 700w, https:\/\/zenkit.com\/wp-content\/uploads\/2025\/07\/box_integration-300x216.webp 300w\" sizes=\"auto, (max-width: 700px) 100vw, 700px\" \/><\/figure>\n<\/div>\n\n\n\n<div style=\"height:48px;--tablet-height:36px;--mobile-height:24px\" class=\"wp-block-lookeen-blocks-responsive-spacer\"><\/div>\n\n\n\n<div class=\"wp-block-group has-global-padding is-layout-constrained wp-block-group-is-layout-constrained\">\n<h3 class=\"wp-block-heading display-h2\">\u9023\u7d50Box\u8207Zenkit\u7684\u6b65\u9a5f<\/h3>\n\n\n\n<ol class=\"wp-block-list  list__style__position-inside\">\n<li><a href=\"https:\/\/www.box.com\/en-gb\/home\">\u6309\u6b64\u8a3b\u518a<\/a>Box\u5e33\u6236\u3002<\/li>\n\n\n\n<li>\u65bcZenkit collection\u5167<a href=\"https:\/\/zenkit.com\/documentation#\/lists\/HJQBQ1Hw\/sections\/S1Kl95zA\/entries\/ryTBjcG0?_k=7icux3\">\u5275\u5efa\u4e00\u500b\u6a94\u6848\u5340<\/a>\uff0c\u4ee5\u5b58\u53d6\u65b0\u589e\u4e4b\u6a94\u6848\u3002<\/li>\n\n\n\n<li>\u5728\u60a8\u8981\u9644\u52a0\u7684item\u7d30\u7bc0\u9762\u677f\u5167\u9ede\u9078\u300c\u4e0a\u50b3\u6a94\u6848\u300d\u3002<\/li>\n\n\n\n<li>\u5728\u4e0a\u50b3\u9078\u9805\u6e05\u55ae\u4e2d\u9078\u53d6Box\u3002<\/li>\n\n\n\n<li>\u5f9e\u60a8\u7684Box\u4e2d\u9078\u64c7\u4e00\u500b\u6a94\u6848\uff0c\u7136\u5f8c\u9ede\u64ca\u300c\u9078\u64c7\u300d\u3002<\/li>\n\n\n\n<li>\u60a8\u7684Box\u6a94\u6848\u5c07\u9644\u52a0\u5728\u8a72item\u7684\u6a94\u6848\u6e05\u55ae\u4e2d\u3002<\/li>\n<\/ol>\n<\/div>\n\n\n\n<div style=\"height:48px;--tablet-height:36px;--mobile-height:24px\" class=\"wp-block-lookeen-blocks-responsive-spacer\"><\/div>\n\n\n\n<div class=\"wp-block-group has-global-padding is-layout-constrained wp-block-group-is-layout-constrained\">\n<h3 class=\"wp-block-heading display-h2\">\u652f\u6301<\/h3>\n\n\n\n<p>\u6b64\u6574\u5408\u70baZenkit\u63d0\u4f9b\u6280\u8853\u652f\u6301\u3002\u82e5\u60a8\u767c\u73fe\u4efb\u4f55\u554f\u984c\uff0c\u8acb\u00a0<a href=\"https:\/\/zenkit.com\/zh-hant\/contact\/\">\u806f\u7e6b\u6211\u5011<\/a>\u00a0\u3002<\/p>\n<\/div>\n<\/div>\n<\/div>\n<\/div>\n\n\n\n<div style=\"height:110px;--tablet-height:60px;--mobile-height:48px\" class=\"wp-block-lookeen-blocks-responsive-spacer\"><\/div>\n","protected":false},"excerpt":{"rendered":"<p>\u6587\u4ef6\u5171\u4eab\u6574\u5408 Box\u8207Zenkit \u76f4\u63a5\u65bcZenkit\u5167\u958b\u555f\u60a8Box\u4e2d\u7684\u6587\u4ef6\uff0c\u4ee5\u4fbf\u5feb\u901f\u5c07\u5176\u9644\u52a0\u5230\u6a94\u6848\u4e2d\u3002 \u9023\u7d50 [&hellip;]<\/p>\n","protected":false},"author":15,"featured_media":0,"parent":131929,"menu_order":11,"comment_status":"closed","ping_status":"closed","template":"","meta":{"yasr_overall_rating":0,"yasr_post_is_review":"","yasr_auto_insert_disabled":"","yasr_review_type":"","footnotes":""},"class_list":["post-134026","page","type-page","status-publish","hentry"],"yoast_head":"<!-- This site is optimized with the Yoast SEO plugin v27.3 - https:\/\/yoast.com\/product\/yoast-seo-wordpress\/ -->\n<title>Box + Zenkit Projects: Dateien zu Aufgaben hinzuf\u00fcgen<\/title>\n<meta name=\"description\" content=\"Sie m\u00f6chten Ihre Daten von Box automatisch f\u00fcr weitere Aufgaben verwenden? Erfahren Sie jetzt mehr \u00fcber die Integration von Box und Zenkit Projects.\" \/>\n<meta name=\"robots\" content=\"index, follow, max-snippet:-1, max-image-preview:large, max-video-preview:-1\" \/>\n<link rel=\"canonical\" href=\"https:\/\/zenkit.com\/zh-hant\/%e6%95%b4%e5%90%88\/box\/\" \/>\n<meta property=\"og:locale\" content=\"zh_TW\" \/>\n<meta property=\"og:type\" content=\"article\" \/>\n<meta property=\"og:title\" content=\"Box + Zenkit Projects: Dateien zu Aufgaben hinzuf\u00fcgen\" \/>\n<meta property=\"og:description\" content=\"Sie m\u00f6chten Ihre Daten von Box automatisch f\u00fcr weitere Aufgaben verwenden? Erfahren Sie jetzt mehr \u00fcber die Integration von Box und Zenkit Projects.\" \/>\n<meta property=\"og:url\" content=\"https:\/\/zenkit.com\/zh-hant\/%e6%95%b4%e5%90%88\/box\/\" \/>\n<meta property=\"og:site_name\" content=\"Zenkit\" \/>\n<meta property=\"article:publisher\" content=\"https:\/\/www.facebook.com\/ZenkitHQ\" \/>\n<meta property=\"article:modified_time\" content=\"2025-12-24T15:06:20+00:00\" \/>\n<meta property=\"og:image\" content=\"https:\/\/zenkit.com\/wp-content\/uploads\/2025\/07\/box-logo.webp\" \/>\n\t<meta property=\"og:image:width\" content=\"625\" \/>\n\t<meta property=\"og:image:height\" content=\"625\" \/>\n\t<meta property=\"og:image:type\" content=\"image\/webp\" \/>\n<meta name=\"twitter:card\" content=\"summary_large_image\" \/>\n<meta name=\"twitter:site\" content=\"@ZenkitHQ\" \/>\n<meta name=\"twitter:label1\" content=\"\u9810\u4f30\u95b1\u8b80\u6642\u9593\" \/>\n\t<meta name=\"twitter:data1\" content=\"3 \u5206\u9418\" \/>\n<script type=\"application\/ld+json\" class=\"yoast-schema-graph\">{\"@context\":\"https:\\\/\\\/schema.org\",\"@graph\":[{\"@type\":\"WebPage\",\"@id\":\"https:\\\/\\\/zenkit.com\\\/zh-hant\\\/%e6%95%b4%e5%90%88\\\/box\\\/\",\"url\":\"https:\\\/\\\/zenkit.com\\\/zh-hant\\\/%e6%95%b4%e5%90%88\\\/box\\\/\",\"name\":\"Box + Zenkit Projects: Dateien zu Aufgaben hinzuf\u00fcgen\",\"isPartOf\":{\"@id\":\"https:\\\/\\\/zenkit.com\\\/zh-hant\\\/#website\"},\"primaryImageOfPage\":{\"@id\":\"https:\\\/\\\/zenkit.com\\\/zh-hant\\\/%e6%95%b4%e5%90%88\\\/box\\\/#primaryimage\"},\"image\":{\"@id\":\"https:\\\/\\\/zenkit.com\\\/zh-hant\\\/%e6%95%b4%e5%90%88\\\/box\\\/#primaryimage\"},\"thumbnailUrl\":\"https:\\\/\\\/zenkit.com\\\/wp-content\\\/uploads\\\/2025\\\/07\\\/box-logo.webp\",\"datePublished\":\"2021-12-22T15:48:13+00:00\",\"dateModified\":\"2025-12-24T15:06:20+00:00\",\"description\":\"Sie m\u00f6chten Ihre Daten von Box automatisch f\u00fcr weitere Aufgaben verwenden? Erfahren Sie jetzt mehr \u00fcber die Integration von Box und Zenkit Projects.\",\"breadcrumb\":{\"@id\":\"https:\\\/\\\/zenkit.com\\\/zh-hant\\\/%e6%95%b4%e5%90%88\\\/box\\\/#breadcrumb\"},\"inLanguage\":\"zh-TW\",\"potentialAction\":[{\"@type\":\"ReadAction\",\"target\":[\"https:\\\/\\\/zenkit.com\\\/zh-hant\\\/%e6%95%b4%e5%90%88\\\/box\\\/\"]}]},{\"@type\":\"ImageObject\",\"inLanguage\":\"zh-TW\",\"@id\":\"https:\\\/\\\/zenkit.com\\\/zh-hant\\\/%e6%95%b4%e5%90%88\\\/box\\\/#primaryimage\",\"url\":\"https:\\\/\\\/zenkit.com\\\/wp-content\\\/uploads\\\/2025\\\/07\\\/box-logo.webp\",\"contentUrl\":\"https:\\\/\\\/zenkit.com\\\/wp-content\\\/uploads\\\/2025\\\/07\\\/box-logo.webp\"},{\"@type\":\"BreadcrumbList\",\"@id\":\"https:\\\/\\\/zenkit.com\\\/zh-hant\\\/%e6%95%b4%e5%90%88\\\/box\\\/#breadcrumb\",\"itemListElement\":[{\"@type\":\"ListItem\",\"position\":1,\"name\":\"Home\",\"item\":\"https:\\\/\\\/zenkit.com\\\/zh-hant\\\/\"},{\"@type\":\"ListItem\",\"position\":2,\"name\":\"Integrations\",\"item\":\"https:\\\/\\\/zenkit.com\\\/zh-hant\\\/%e6%95%b4%e5%90%88\\\/\"},{\"@type\":\"ListItem\",\"position\":3,\"name\":\"Box\"}]},{\"@type\":\"WebSite\",\"@id\":\"https:\\\/\\\/zenkit.com\\\/zh-hant\\\/#website\",\"url\":\"https:\\\/\\\/zenkit.com\\\/zh-hant\\\/\",\"name\":\"Zenkit\",\"description\":\"Zenkit Tagline\",\"potentialAction\":[{\"@type\":\"SearchAction\",\"target\":{\"@type\":\"EntryPoint\",\"urlTemplate\":\"https:\\\/\\\/zenkit.com\\\/zh-hant\\\/?s={search_term_string}\"},\"query-input\":{\"@type\":\"PropertyValueSpecification\",\"valueRequired\":true,\"valueName\":\"search_term_string\"}}],\"inLanguage\":\"zh-TW\"},false]}<\/script>\n<!-- \/ Yoast SEO plugin. -->","yoast_head_json":{"title":"Box + Zenkit Projects: Dateien zu Aufgaben hinzuf\u00fcgen","description":"Sie m\u00f6chten Ihre Daten von Box automatisch f\u00fcr weitere Aufgaben verwenden? Erfahren Sie jetzt mehr \u00fcber die Integration von Box und Zenkit Projects.","robots":{"index":"index","follow":"follow","max-snippet":"max-snippet:-1","max-image-preview":"max-image-preview:large","max-video-preview":"max-video-preview:-1"},"canonical":"https:\/\/zenkit.com\/zh-hant\/%e6%95%b4%e5%90%88\/box\/","og_locale":"zh_TW","og_type":"article","og_title":"Box + Zenkit Projects: Dateien zu Aufgaben hinzuf\u00fcgen","og_description":"Sie m\u00f6chten Ihre Daten von Box automatisch f\u00fcr weitere Aufgaben verwenden? Erfahren Sie jetzt mehr \u00fcber die Integration von Box und Zenkit Projects.","og_url":"https:\/\/zenkit.com\/zh-hant\/%e6%95%b4%e5%90%88\/box\/","og_site_name":"Zenkit","article_publisher":"https:\/\/www.facebook.com\/ZenkitHQ","article_modified_time":"2025-12-24T15:06:20+00:00","og_image":[{"width":625,"height":625,"url":"https:\/\/zenkit.com\/wp-content\/uploads\/2025\/07\/box-logo.webp","type":"image\/webp"}],"twitter_card":"summary_large_image","twitter_site":"@ZenkitHQ","twitter_misc":{"\u9810\u4f30\u95b1\u8b80\u6642\u9593":"3 \u5206\u9418"},"schema":{"@context":"https:\/\/schema.org","@graph":[{"@type":"WebPage","@id":"https:\/\/zenkit.com\/zh-hant\/%e6%95%b4%e5%90%88\/box\/","url":"https:\/\/zenkit.com\/zh-hant\/%e6%95%b4%e5%90%88\/box\/","name":"Box + Zenkit Projects: Dateien zu Aufgaben hinzuf\u00fcgen","isPartOf":{"@id":"https:\/\/zenkit.com\/zh-hant\/#website"},"primaryImageOfPage":{"@id":"https:\/\/zenkit.com\/zh-hant\/%e6%95%b4%e5%90%88\/box\/#primaryimage"},"image":{"@id":"https:\/\/zenkit.com\/zh-hant\/%e6%95%b4%e5%90%88\/box\/#primaryimage"},"thumbnailUrl":"https:\/\/zenkit.com\/wp-content\/uploads\/2025\/07\/box-logo.webp","datePublished":"2021-12-22T15:48:13+00:00","dateModified":"2025-12-24T15:06:20+00:00","description":"Sie m\u00f6chten Ihre Daten von Box automatisch f\u00fcr weitere Aufgaben verwenden? Erfahren Sie jetzt mehr \u00fcber die Integration von Box und Zenkit Projects.","breadcrumb":{"@id":"https:\/\/zenkit.com\/zh-hant\/%e6%95%b4%e5%90%88\/box\/#breadcrumb"},"inLanguage":"zh-TW","potentialAction":[{"@type":"ReadAction","target":["https:\/\/zenkit.com\/zh-hant\/%e6%95%b4%e5%90%88\/box\/"]}]},{"@type":"ImageObject","inLanguage":"zh-TW","@id":"https:\/\/zenkit.com\/zh-hant\/%e6%95%b4%e5%90%88\/box\/#primaryimage","url":"https:\/\/zenkit.com\/wp-content\/uploads\/2025\/07\/box-logo.webp","contentUrl":"https:\/\/zenkit.com\/wp-content\/uploads\/2025\/07\/box-logo.webp"},{"@type":"BreadcrumbList","@id":"https:\/\/zenkit.com\/zh-hant\/%e6%95%b4%e5%90%88\/box\/#breadcrumb","itemListElement":[{"@type":"ListItem","position":1,"name":"Home","item":"https:\/\/zenkit.com\/zh-hant\/"},{"@type":"ListItem","position":2,"name":"Integrations","item":"https:\/\/zenkit.com\/zh-hant\/%e6%95%b4%e5%90%88\/"},{"@type":"ListItem","position":3,"name":"Box"}]},{"@type":"WebSite","@id":"https:\/\/zenkit.com\/zh-hant\/#website","url":"https:\/\/zenkit.com\/zh-hant\/","name":"Zenkit","description":"Zenkit Tagline","potentialAction":[{"@type":"SearchAction","target":{"@type":"EntryPoint","urlTemplate":"https:\/\/zenkit.com\/zh-hant\/?s={search_term_string}"},"query-input":{"@type":"PropertyValueSpecification","valueRequired":true,"valueName":"search_term_string"}}],"inLanguage":"zh-TW"},false]}},"yasr_visitor_votes":{"stars_attributes":{"read_only":false,"span_bottom":false},"number_of_votes":0,"sum_votes":0},"_links":{"self":[{"href":"https:\/\/zenkit.com\/zh-hant\/wp-json\/wp\/v2\/pages\/134026","targetHints":{"allow":["GET"]}}],"collection":[{"href":"https:\/\/zenkit.com\/zh-hant\/wp-json\/wp\/v2\/pages"}],"about":[{"href":"https:\/\/zenkit.com\/zh-hant\/wp-json\/wp\/v2\/types\/page"}],"author":[{"embeddable":true,"href":"https:\/\/zenkit.com\/zh-hant\/wp-json\/wp\/v2\/users\/15"}],"replies":[{"embeddable":true,"href":"https:\/\/zenkit.com\/zh-hant\/wp-json\/wp\/v2\/comments?post=134026"}],"version-history":[{"count":4,"href":"https:\/\/zenkit.com\/zh-hant\/wp-json\/wp\/v2\/pages\/134026\/revisions"}],"predecessor-version":[{"id":175347,"href":"https:\/\/zenkit.com\/zh-hant\/wp-json\/wp\/v2\/pages\/134026\/revisions\/175347"}],"up":[{"embeddable":true,"href":"https:\/\/zenkit.com\/zh-hant\/wp-json\/wp\/v2\/pages\/131929"}],"wp:attachment":[{"href":"https:\/\/zenkit.com\/zh-hant\/wp-json\/wp\/v2\/media?parent=134026"}],"curies":[{"name":"wp","href":"https:\/\/api.w.org\/{rel}","templated":true}]}}